{"id":995,"date":"2022-09-16T12:41:33","date_gmt":"2022-09-16T10:41:33","guid":{"rendered":"https:\/\/colossalstore.es\/?post_type=product&#038;p=995"},"modified":"2026-01-05T20:26:38","modified_gmt":"2026-01-05T19:26:38","slug":"kaguya-sama-love-is-war-18","status":"publish","type":"product","link":"https:\/\/www.colossalstore.es\/en\/tienda\/manga\/kaguya-sama-love-is-war-18\/","title":{"rendered":"KAGUYA-SAMA: LOVE IS WAR 18"},"content":{"rendered":"<p>Kaguya-sama: Love is War 18 (Aka Akasaka)<\/p>\n<p>The renowned Shuchiin Academy has two outstanding students: Miyuki Shirogane and Kaguya Shinomiya. Both are model students: they are among the best students in Japan, they are the pride of teachers and students alike and, while Miyuki is the president of the student council, Kaguya is the vice president. As if that were not enough, Kaguya belongs to a wealthy family and excels in a wide variety of fields, although her origins make her a cold and proud person.<\/p>\n<p>Even though they are not dating, they seem like the perfect couple in everyone&#039;s eyes and since affection breeds affection, they have fallen for each other. But their enormous pride means that they cannot tell each other what they feel and a tremendous battle begins between them to get the other to confess what they feel. The strategies to get the other to confess will continue and will escalate and only one can emerge victorious in this passionate romantic fight. The honor of both is at stake!<\/p>","protected":false},"excerpt":{"rendered":"<p>Kaguya-sama: Love is War 18 (Aka Akasaka) La renombrada Academia Shuchiin tiene a dos destacados estudiantes: Miyuki Shirogane y Kaguya Shinomiya. Los dos son estudiantes mod\u00e9licos: est\u00e1n entre los mejores estudiantes de Jap\u00f3n, son el orgullo de profesores y alumnos por igual y adem\u00e1s, mientras que Miyuki es el presidente del consejo estudiantil, Kaguya es [&hellip;]<\/p>","protected":false},"featured_media":996,"comment_status":"open","ping_status":"closed","template":"","meta":{"_joinchat":[]},"product_brand":[],"product_cat":[32],"product_tag":[],"class_list":{"0":"post-995","1":"product","2":"type-product","3":"status-publish","4":"has-post-thumbnail","6":"product_cat-manga","8":"first","9":"outofstock","10":"sale","11":"taxable","12":"shipping-taxable","13":"purchasable","14":"product-type-simple"},"yoast_head":"<!-- This site is optimized with the Yoast SEO plugin v25.7 - https:\/\/yoast.com\/wordpress\/plugins\/seo\/ -->\n<title>Kaguya-sama: Love is War 18 (Aka Akasaka) | Colossal Store<\/title>\n<meta name=\"description\" content=\"Kaguya-sama: Love is War 18 (Aka Akasaka): La renombrada Academia Shuchiin tiene a dos destacados estudiantes: Miyuki Shirogane y Kaguya Shinomiya. Los dos son estudiantes mod\u00e9licos: est\u00e1n entre los mejores estudiantes de Jap\u00f3n, son el orgullo de profesores y alumnos por igual y adem\u00e1s, mientras que Miyuki es el presidente del consejo estudiantil, Kaguya es la vicepresidenta. Por si fuera poco, Kaguya pertenece a una adinerada familia y sobresale en gran variedad de campos, aunque sus or\u00edgenes la hacen una persona fr\u00eda y orgullosa.Aunque no est\u00e9n saliendo, parecen la pareja perfecta a ojos de todo el mundo y como el roce hace el cari\u00f1o, se han pillado el uno del otro. Pero su enorme orgullo, hace que no puedan decirse lo que sienten y empieza una tremenda batalla entre ellos para conseguir que el otro confiese lo que siente. Las estrategias para conseguir la confesi\u00f3n del contrario se suceden e ir\u00e1n escalando y s\u00f3lo uno puede emerger victorioso en esta pasional lucha rom\u00e1ntica. \u00a1El honor de los dos est\u00e1 en juego!\" \/>\n<meta name=\"robots\" content=\"index, follow, max-snippet:-1, max-image-preview:large, max-video-preview:-1\" \/>\n<link rel=\"canonical\" href=\"https:\/\/www.colossalstore.es\/en\/tienda\/manga\/kaguya-sama-love-is-war-18\/\" \/>\n<meta property=\"og:locale\" content=\"en_US\" \/>\n<meta property=\"og:type\" content=\"article\" \/>\n<meta property=\"og:title\" content=\"Kaguya-sama: Love is War 18 (Aka Akasaka) | Colossal Store\" \/>\n<meta property=\"og:description\" content=\"Kaguya-sama: Love is War 18 (Aka Akasaka): La renombrada Academia Shuchiin tiene a dos destacados estudiantes: Miyuki Shirogane y Kaguya Shinomiya. Los dos son estudiantes mod\u00e9licos: est\u00e1n entre los mejores estudiantes de Jap\u00f3n, son el orgullo de profesores y alumnos por igual y adem\u00e1s, mientras que Miyuki es el presidente del consejo estudiantil, Kaguya es la vicepresidenta. Por si fuera poco, Kaguya pertenece a una adinerada familia y sobresale en gran variedad de campos, aunque sus or\u00edgenes la hacen una persona fr\u00eda y orgullosa.Aunque no est\u00e9n saliendo, parecen la pareja perfecta a ojos de todo el mundo y como el roce hace el cari\u00f1o, se han pillado el uno del otro. Pero su enorme orgullo, hace que no puedan decirse lo que sienten y empieza una tremenda batalla entre ellos para conseguir que el otro confiese lo que siente. Las estrategias para conseguir la confesi\u00f3n del contrario se suceden e ir\u00e1n escalando y s\u00f3lo uno puede emerger victorioso en esta pasional lucha rom\u00e1ntica. \u00a1El honor de los dos est\u00e1 en juego!\" \/>\n<meta property=\"og:url\" content=\"https:\/\/www.colossalstore.es\/en\/tienda\/manga\/kaguya-sama-love-is-war-18\/\" \/>\n<meta property=\"og:site_name\" content=\"Colossal Store\" \/>\n<meta property=\"article:modified_time\" content=\"2026-01-05T19:26:38+00:00\" \/>\n<meta property=\"og:image\" content=\"https:\/\/www.colossalstore.es\/wp-content\/uploads\/2022\/09\/kaguya-sama18.jpg\" \/>\n\t<meta property=\"og:image:width\" content=\"400\" \/>\n\t<meta property=\"og:image:height\" content=\"562\" \/>\n\t<meta property=\"og:image:type\" content=\"image\/jpeg\" \/>\n<meta name=\"twitter:card\" content=\"summary_large_image\" \/>\n<meta name=\"twitter:site\" content=\"@Colossal_Store\" \/>\n<meta name=\"twitter:label1\" content=\"Est. reading time\" \/>\n\t<meta name=\"twitter:data1\" content=\"1 minute\" \/>\n<script type=\"application\/ld+json\" class=\"yoast-schema-graph\">{\"@context\":\"https:\/\/schema.org\",\"@graph\":[{\"@type\":\"WebPage\",\"@id\":\"https:\/\/www.colossalstore.es\/tienda\/manga\/kaguya-sama-love-is-war-18\/\",\"url\":\"https:\/\/www.colossalstore.es\/tienda\/manga\/kaguya-sama-love-is-war-18\/\",\"name\":\"Kaguya-sama: Love is War 18 (Aka Akasaka) | Colossal Store\",\"isPartOf\":{\"@id\":\"https:\/\/www.colossalstore.es\/#website\"},\"primaryImageOfPage\":{\"@id\":\"https:\/\/www.colossalstore.es\/tienda\/manga\/kaguya-sama-love-is-war-18\/#primaryimage\"},\"image\":{\"@id\":\"https:\/\/www.colossalstore.es\/tienda\/manga\/kaguya-sama-love-is-war-18\/#primaryimage\"},\"thumbnailUrl\":\"https:\/\/www.colossalstore.es\/wp-content\/uploads\/2022\/09\/kaguya-sama18.jpg\",\"datePublished\":\"2022-09-16T10:41:33+00:00\",\"dateModified\":\"2026-01-05T19:26:38+00:00\",\"description\":\"Kaguya-sama: Love is War 18 (Aka Akasaka): La renombrada Academia Shuchiin tiene a dos destacados estudiantes: Miyuki Shirogane y Kaguya Shinomiya. Los dos son estudiantes mod\u00e9licos: est\u00e1n entre los mejores estudiantes de Jap\u00f3n, son el orgullo de profesores y alumnos por igual y adem\u00e1s, mientras que Miyuki es el presidente del consejo estudiantil, Kaguya es la vicepresidenta. Por si fuera poco, Kaguya pertenece a una adinerada familia y sobresale en gran variedad de campos, aunque sus or\u00edgenes la hacen una persona fr\u00eda y orgullosa.Aunque no est\u00e9n saliendo, parecen la pareja perfecta a ojos de todo el mundo y como el roce hace el cari\u00f1o, se han pillado el uno del otro. Pero su enorme orgullo, hace que no puedan decirse lo que sienten y empieza una tremenda batalla entre ellos para conseguir que el otro confiese lo que siente. Las estrategias para conseguir la confesi\u00f3n del contrario se suceden e ir\u00e1n escalando y s\u00f3lo uno puede emerger victorioso en esta pasional lucha rom\u00e1ntica. \u00a1El honor de los dos est\u00e1 en juego!\",\"breadcrumb\":{\"@id\":\"https:\/\/www.colossalstore.es\/tienda\/manga\/kaguya-sama-love-is-war-18\/#breadcrumb\"},\"inLanguage\":\"en-US\",\"potentialAction\":[{\"@type\":\"ReadAction\",\"target\":[\"https:\/\/www.colossalstore.es\/tienda\/manga\/kaguya-sama-love-is-war-18\/\"]}]},{\"@type\":\"ImageObject\",\"inLanguage\":\"en-US\",\"@id\":\"https:\/\/www.colossalstore.es\/tienda\/manga\/kaguya-sama-love-is-war-18\/#primaryimage\",\"url\":\"https:\/\/www.colossalstore.es\/wp-content\/uploads\/2022\/09\/kaguya-sama18.jpg\",\"contentUrl\":\"https:\/\/www.colossalstore.es\/wp-content\/uploads\/2022\/09\/kaguya-sama18.jpg\",\"width\":400,\"height\":562},{\"@type\":\"BreadcrumbList\",\"@id\":\"https:\/\/www.colossalstore.es\/tienda\/manga\/kaguya-sama-love-is-war-18\/#breadcrumb\",\"itemListElement\":[{\"@type\":\"ListItem\",\"position\":1,\"name\":\"Home\",\"item\":\"https:\/\/www.colossalstore.es\/\"},{\"@type\":\"ListItem\",\"position\":2,\"name\":\"Tienda\",\"item\":\"https:\/\/www.colossalstore.es\/tienda\/\"},{\"@type\":\"ListItem\",\"position\":3,\"name\":\"KAGUYA-SAMA: LOVE IS WAR 18\"}]},{\"@type\":\"WebSite\",\"@id\":\"https:\/\/www.colossalstore.es\/#website\",\"url\":\"https:\/\/www.colossalstore.es\/\",\"name\":\"Colossal Store\",\"description\":\"Colossal Store, tienda especializada en TCGs.\",\"publisher\":{\"@id\":\"https:\/\/www.colossalstore.es\/#organization\"},\"alternateName\":\"Colossal Store\",\"potentialAction\":[{\"@type\":\"SearchAction\",\"target\":{\"@type\":\"EntryPoint\",\"urlTemplate\":\"https:\/\/www.colossalstore.es\/?s={search_term_string}\"},\"query-input\":{\"@type\":\"PropertyValueSpecification\",\"valueRequired\":true,\"valueName\":\"search_term_string\"}}],\"inLanguage\":\"en-US\"},{\"@type\":\"Organization\",\"@id\":\"https:\/\/www.colossalstore.es\/#organization\",\"name\":\"Colossal Store\",\"url\":\"https:\/\/www.colossalstore.es\/\",\"logo\":{\"@type\":\"ImageObject\",\"inLanguage\":\"en-US\",\"@id\":\"https:\/\/www.colossalstore.es\/#\/schema\/logo\/image\/\",\"url\":\"https:\/\/www.colossalstore.es\/wp-content\/uploads\/2023\/05\/Colossal_Logo-02.png\",\"contentUrl\":\"https:\/\/www.colossalstore.es\/wp-content\/uploads\/2023\/05\/Colossal_Logo-02.png\",\"width\":1181,\"height\":1181,\"caption\":\"Colossal Store\"},\"image\":{\"@id\":\"https:\/\/www.colossalstore.es\/#\/schema\/logo\/image\/\"},\"sameAs\":[\"https:\/\/x.com\/Colossal_Store\",\"https:\/\/www.instagram.com\/colossal_store_tcg\/\",\"https:\/\/www.tiktok.com\/@colossalstore\"]}]}<\/script>\n<!-- \/ Yoast SEO plugin. -->","yoast_head_json":{"title":"Kaguya-sama: Love is War 18 (Aka Akasaka) | Colossal Store","description":"Kaguya-sama: Love is War 18 (Aka Akasaka): La renombrada Academia Shuchiin tiene a dos destacados estudiantes: Miyuki Shirogane y Kaguya Shinomiya. Los dos son estudiantes mod\u00e9licos: est\u00e1n entre los mejores estudiantes de Jap\u00f3n, son el orgullo de profesores y alumnos por igual y adem\u00e1s, mientras que Miyuki es el presidente del consejo estudiantil, Kaguya es la vicepresidenta. Por si fuera poco, Kaguya pertenece a una adinerada familia y sobresale en gran variedad de campos, aunque sus or\u00edgenes la hacen una persona fr\u00eda y orgullosa.Aunque no est\u00e9n saliendo, parecen la pareja perfecta a ojos de todo el mundo y como el roce hace el cari\u00f1o, se han pillado el uno del otro. Pero su enorme orgullo, hace que no puedan decirse lo que sienten y empieza una tremenda batalla entre ellos para conseguir que el otro confiese lo que siente. Las estrategias para conseguir la confesi\u00f3n del contrario se suceden e ir\u00e1n escalando y s\u00f3lo uno puede emerger victorioso en esta pasional lucha rom\u00e1ntica. \u00a1El honor de los dos est\u00e1 en juego!","robots":{"index":"index","follow":"follow","max-snippet":"max-snippet:-1","max-image-preview":"max-image-preview:large","max-video-preview":"max-video-preview:-1"},"canonical":"https:\/\/www.colossalstore.es\/en\/tienda\/manga\/kaguya-sama-love-is-war-18\/","og_locale":"en_US","og_type":"article","og_title":"Kaguya-sama: Love is War 18 (Aka Akasaka) | Colossal Store","og_description":"Kaguya-sama: Love is War 18 (Aka Akasaka): La renombrada Academia Shuchiin tiene a dos destacados estudiantes: Miyuki Shirogane y Kaguya Shinomiya. Los dos son estudiantes mod\u00e9licos: est\u00e1n entre los mejores estudiantes de Jap\u00f3n, son el orgullo de profesores y alumnos por igual y adem\u00e1s, mientras que Miyuki es el presidente del consejo estudiantil, Kaguya es la vicepresidenta. Por si fuera poco, Kaguya pertenece a una adinerada familia y sobresale en gran variedad de campos, aunque sus or\u00edgenes la hacen una persona fr\u00eda y orgullosa.Aunque no est\u00e9n saliendo, parecen la pareja perfecta a ojos de todo el mundo y como el roce hace el cari\u00f1o, se han pillado el uno del otro. Pero su enorme orgullo, hace que no puedan decirse lo que sienten y empieza una tremenda batalla entre ellos para conseguir que el otro confiese lo que siente. Las estrategias para conseguir la confesi\u00f3n del contrario se suceden e ir\u00e1n escalando y s\u00f3lo uno puede emerger victorioso en esta pasional lucha rom\u00e1ntica. \u00a1El honor de los dos est\u00e1 en juego!","og_url":"https:\/\/www.colossalstore.es\/en\/tienda\/manga\/kaguya-sama-love-is-war-18\/","og_site_name":"Colossal Store","article_modified_time":"2026-01-05T19:26:38+00:00","og_image":[{"width":400,"height":562,"url":"https:\/\/www.colossalstore.es\/wp-content\/uploads\/2022\/09\/kaguya-sama18.jpg","type":"image\/jpeg"}],"twitter_card":"summary_large_image","twitter_site":"@Colossal_Store","twitter_misc":{"Est. reading time":"1 minute"},"schema":{"@context":"https:\/\/schema.org","@graph":[{"@type":"WebPage","@id":"https:\/\/www.colossalstore.es\/tienda\/manga\/kaguya-sama-love-is-war-18\/","url":"https:\/\/www.colossalstore.es\/tienda\/manga\/kaguya-sama-love-is-war-18\/","name":"Kaguya-sama: Love is War 18 (Aka Akasaka) | Colossal Store","isPartOf":{"@id":"https:\/\/www.colossalstore.es\/#website"},"primaryImageOfPage":{"@id":"https:\/\/www.colossalstore.es\/tienda\/manga\/kaguya-sama-love-is-war-18\/#primaryimage"},"image":{"@id":"https:\/\/www.colossalstore.es\/tienda\/manga\/kaguya-sama-love-is-war-18\/#primaryimage"},"thumbnailUrl":"https:\/\/www.colossalstore.es\/wp-content\/uploads\/2022\/09\/kaguya-sama18.jpg","datePublished":"2022-09-16T10:41:33+00:00","dateModified":"2026-01-05T19:26:38+00:00","description":"Kaguya-sama: Love is War 18 (Aka Akasaka): La renombrada Academia Shuchiin tiene a dos destacados estudiantes: Miyuki Shirogane y Kaguya Shinomiya. Los dos son estudiantes mod\u00e9licos: est\u00e1n entre los mejores estudiantes de Jap\u00f3n, son el orgullo de profesores y alumnos por igual y adem\u00e1s, mientras que Miyuki es el presidente del consejo estudiantil, Kaguya es la vicepresidenta. Por si fuera poco, Kaguya pertenece a una adinerada familia y sobresale en gran variedad de campos, aunque sus or\u00edgenes la hacen una persona fr\u00eda y orgullosa.Aunque no est\u00e9n saliendo, parecen la pareja perfecta a ojos de todo el mundo y como el roce hace el cari\u00f1o, se han pillado el uno del otro. Pero su enorme orgullo, hace que no puedan decirse lo que sienten y empieza una tremenda batalla entre ellos para conseguir que el otro confiese lo que siente. Las estrategias para conseguir la confesi\u00f3n del contrario se suceden e ir\u00e1n escalando y s\u00f3lo uno puede emerger victorioso en esta pasional lucha rom\u00e1ntica. \u00a1El honor de los dos est\u00e1 en juego!","breadcrumb":{"@id":"https:\/\/www.colossalstore.es\/tienda\/manga\/kaguya-sama-love-is-war-18\/#breadcrumb"},"inLanguage":"en-US","potentialAction":[{"@type":"ReadAction","target":["https:\/\/www.colossalstore.es\/tienda\/manga\/kaguya-sama-love-is-war-18\/"]}]},{"@type":"ImageObject","inLanguage":"en-US","@id":"https:\/\/www.colossalstore.es\/tienda\/manga\/kaguya-sama-love-is-war-18\/#primaryimage","url":"https:\/\/www.colossalstore.es\/wp-content\/uploads\/2022\/09\/kaguya-sama18.jpg","contentUrl":"https:\/\/www.colossalstore.es\/wp-content\/uploads\/2022\/09\/kaguya-sama18.jpg","width":400,"height":562},{"@type":"BreadcrumbList","@id":"https:\/\/www.colossalstore.es\/tienda\/manga\/kaguya-sama-love-is-war-18\/#breadcrumb","itemListElement":[{"@type":"ListItem","position":1,"name":"Home","item":"https:\/\/www.colossalstore.es\/"},{"@type":"ListItem","position":2,"name":"Tienda","item":"https:\/\/www.colossalstore.es\/tienda\/"},{"@type":"ListItem","position":3,"name":"KAGUYA-SAMA: LOVE IS WAR 18"}]},{"@type":"WebSite","@id":"https:\/\/www.colossalstore.es\/#website","url":"https:\/\/www.colossalstore.es\/","name":"Colossal Store","description":"Colossal Store, store specialized in TCGs.","publisher":{"@id":"https:\/\/www.colossalstore.es\/#organization"},"alternateName":"Colossal Store","potentialAction":[{"@type":"SearchAction","target":{"@type":"EntryPoint","urlTemplate":"https:\/\/www.colossalstore.es\/?s={search_term_string}"},"query-input":{"@type":"PropertyValueSpecification","valueRequired":true,"valueName":"search_term_string"}}],"inLanguage":"en-US"},{"@type":"Organization","@id":"https:\/\/www.colossalstore.es\/#organization","name":"Colossal Store","url":"https:\/\/www.colossalstore.es\/","logo":{"@type":"ImageObject","inLanguage":"en-US","@id":"https:\/\/www.colossalstore.es\/#\/schema\/logo\/image\/","url":"https:\/\/www.colossalstore.es\/wp-content\/uploads\/2023\/05\/Colossal_Logo-02.png","contentUrl":"https:\/\/www.colossalstore.es\/wp-content\/uploads\/2023\/05\/Colossal_Logo-02.png","width":1181,"height":1181,"caption":"Colossal Store"},"image":{"@id":"https:\/\/www.colossalstore.es\/#\/schema\/logo\/image\/"},"sameAs":["https:\/\/x.com\/Colossal_Store","https:\/\/www.instagram.com\/colossal_store_tcg\/","https:\/\/www.tiktok.com\/@colossalstore"]}]}},"_links":{"self":[{"href":"https:\/\/www.colossalstore.es\/en\/wp-json\/wp\/v2\/product\/995","targetHints":{"allow":["GET"]}}],"collection":[{"href":"https:\/\/www.colossalstore.es\/en\/wp-json\/wp\/v2\/product"}],"about":[{"href":"https:\/\/www.colossalstore.es\/en\/wp-json\/wp\/v2\/types\/product"}],"replies":[{"embeddable":true,"href":"https:\/\/www.colossalstore.es\/en\/wp-json\/wp\/v2\/comments?post=995"}],"wp:featuredmedia":[{"embeddable":true,"href":"https:\/\/www.colossalstore.es\/en\/wp-json\/wp\/v2\/media\/996"}],"wp:attachment":[{"href":"https:\/\/www.colossalstore.es\/en\/wp-json\/wp\/v2\/media?parent=995"}],"wp:term":[{"taxonomy":"product_brand","embeddable":true,"href":"https:\/\/www.colossalstore.es\/en\/wp-json\/wp\/v2\/product_brand?post=995"},{"taxonomy":"product_cat","embeddable":true,"href":"https:\/\/www.colossalstore.es\/en\/wp-json\/wp\/v2\/product_cat?post=995"},{"taxonomy":"product_tag","embeddable":true,"href":"https:\/\/www.colossalstore.es\/en\/wp-json\/wp\/v2\/product_tag?post=995"}],"curies":[{"name":"wp","href":"https:\/\/api.w.org\/{rel}","templated":true}]}}