{"id":969,"date":"2022-09-16T12:21:53","date_gmt":"2022-09-16T10:21:53","guid":{"rendered":"https:\/\/colossalstore.es\/?post_type=product&#038;p=969"},"modified":"2025-06-20T11:21:39","modified_gmt":"2025-06-20T09:21:39","slug":"dr-stone","status":"publish","type":"product","link":"https:\/\/www.colossalstore.es\/en\/tienda\/manga\/dr-stone\/","title":{"rendered":"Dr Stone 2"},"content":{"rendered":"<p>Dr Stone 2 (Boichi and Riichiro Inagaki)<\/p>\n<p>The day that Taiju Oki, a strong but somewhat hillbilly teenager, decides not to declare his love for Yuzuriha, something radical and unexpected happens: just a second before the declaration, unknown causes lead all of humanity to instantly turn into stone. . After 3,689 years and 158 days, during which he has struggled not to lose consciousness and disappear, Taiju finally emerges from the stone and returns to normal. Although only to discover that the rest of humanity never woke up from their stony sleep. Then he learns that his friend Senku, an absolute genius with a scientific vocation and a much more pragmatic mentality, has also survived, and together they find a formula to bring back to life many of the statues that have not been broken into pieces. with the passing of the centuries. At this point, the goal is to rebuild civilization from its foundations and try to achieve the same technological development that existed before the catastrophe of unknown origin. But they have to do it as quickly as possible since they don&#039;t want to die in the stone age.<\/p>","protected":false},"excerpt":{"rendered":"<p>Dr Stone 2 (Boichi y Riichiro Inagaki) El d\u00eda que Taiju Oki, un adolescente fuerte pero algo palurdo, se decide por no declararle su amor a Yuzuriha, sucede algo radical e inesperado: justo un segundo antes de la declaraci\u00f3n, causas desconocidas llevan al total de la humanidad a convertirse instant\u00e1neamente en piedra. Despu\u00e9s de 3.689 [&hellip;]<\/p>","protected":false},"featured_media":970,"comment_status":"open","ping_status":"closed","template":"","meta":{"_joinchat":[]},"product_brand":[],"product_cat":[32],"product_tag":[],"class_list":{"0":"post-969","1":"product","2":"type-product","3":"status-publish","4":"has-post-thumbnail","6":"product_cat-manga","8":"first","9":"outofstock","10":"sale","11":"taxable","12":"shipping-taxable","13":"purchasable","14":"product-type-simple"},"yoast_head":"<!-- This site is optimized with the Yoast SEO plugin v25.7 - https:\/\/yoast.com\/wordpress\/plugins\/seo\/ -->\n<title>Dr Stone 2 (Boichi y Riichiro Inagaki) | Colossal Store<\/title>\n<meta name=\"description\" content=\"Dr Stone 2 (Boichi y Riichiro Inagaki) El d\u00eda que Taiju Oki, un adolescente fuerte pero algo palurdo, se decide por no declararle su amor a Yuzuriha, sucede algo radical e inesperado: justo un segundo antes de la declaraci\u00f3n, causas desconocidas llevan al total de la humanidad a convertirse instant\u00e1neamente en piedra. Despu\u00e9s de 3.689 a\u00f1os y 158 d\u00edas, durante los que ha luchado por no perder la consciencia y desaparecer, Taiju nalmente emerge de la piedra y vuelve a la normalidad.\" \/>\n<meta name=\"robots\" content=\"index, follow, max-snippet:-1, max-image-preview:large, max-video-preview:-1\" \/>\n<link rel=\"canonical\" href=\"https:\/\/www.colossalstore.es\/en\/tienda\/manga\/dr-stone\/\" \/>\n<meta property=\"og:locale\" content=\"en_US\" \/>\n<meta property=\"og:type\" content=\"article\" \/>\n<meta property=\"og:title\" content=\"Dr Stone 2 (Boichi y Riichiro Inagaki) | Colossal Store\" \/>\n<meta property=\"og:description\" content=\"Dr Stone 2 (Boichi y Riichiro Inagaki) El d\u00eda que Taiju Oki, un adolescente fuerte pero algo palurdo, se decide por no declararle su amor a Yuzuriha, sucede algo radical e inesperado: justo un segundo antes de la declaraci\u00f3n, causas desconocidas llevan al total de la humanidad a convertirse instant\u00e1neamente en piedra. Despu\u00e9s de 3.689 a\u00f1os y 158 d\u00edas, durante los que ha luchado por no perder la consciencia y desaparecer, Taiju nalmente emerge de la piedra y vuelve a la normalidad.\" \/>\n<meta property=\"og:url\" content=\"https:\/\/www.colossalstore.es\/en\/tienda\/manga\/dr-stone\/\" \/>\n<meta property=\"og:site_name\" content=\"Colossal Store\" \/>\n<meta property=\"article:modified_time\" content=\"2025-06-20T09:21:39+00:00\" \/>\n<meta property=\"og:image\" content=\"https:\/\/www.colossalstore.es\/wp-content\/uploads\/2022\/09\/drstone_02.jpg\" \/>\n\t<meta property=\"og:image:width\" content=\"380\" \/>\n\t<meta property=\"og:image:height\" content=\"562\" \/>\n\t<meta property=\"og:image:type\" content=\"image\/jpeg\" \/>\n<meta name=\"twitter:card\" content=\"summary_large_image\" \/>\n<meta name=\"twitter:site\" content=\"@Colossal_Store\" \/>\n<meta name=\"twitter:label1\" content=\"Est. reading time\" \/>\n\t<meta name=\"twitter:data1\" content=\"1 minute\" \/>\n<script type=\"application\/ld+json\" class=\"yoast-schema-graph\">{\"@context\":\"https:\/\/schema.org\",\"@graph\":[{\"@type\":\"WebPage\",\"@id\":\"https:\/\/www.colossalstore.es\/tienda\/manga\/dr-stone\/\",\"url\":\"https:\/\/www.colossalstore.es\/tienda\/manga\/dr-stone\/\",\"name\":\"Dr Stone 2 (Boichi y Riichiro Inagaki) | Colossal Store\",\"isPartOf\":{\"@id\":\"https:\/\/www.colossalstore.es\/#website\"},\"primaryImageOfPage\":{\"@id\":\"https:\/\/www.colossalstore.es\/tienda\/manga\/dr-stone\/#primaryimage\"},\"image\":{\"@id\":\"https:\/\/www.colossalstore.es\/tienda\/manga\/dr-stone\/#primaryimage\"},\"thumbnailUrl\":\"https:\/\/www.colossalstore.es\/wp-content\/uploads\/2022\/09\/drstone_02.jpg\",\"datePublished\":\"2022-09-16T10:21:53+00:00\",\"dateModified\":\"2025-06-20T09:21:39+00:00\",\"description\":\"Dr Stone 2 (Boichi y Riichiro Inagaki) El d\u00eda que Taiju Oki, un adolescente fuerte pero algo palurdo, se decide por no declararle su amor a Yuzuriha, sucede algo radical e inesperado: justo un segundo antes de la declaraci\u00f3n, causas desconocidas llevan al total de la humanidad a convertirse instant\u00e1neamente en piedra. Despu\u00e9s de 3.689 a\u00f1os y 158 d\u00edas, durante los que ha luchado por no perder la consciencia y desaparecer, Taiju nalmente emerge de la piedra y vuelve a la normalidad.\",\"breadcrumb\":{\"@id\":\"https:\/\/www.colossalstore.es\/tienda\/manga\/dr-stone\/#breadcrumb\"},\"inLanguage\":\"en-US\",\"potentialAction\":[{\"@type\":\"ReadAction\",\"target\":[\"https:\/\/www.colossalstore.es\/tienda\/manga\/dr-stone\/\"]}]},{\"@type\":\"ImageObject\",\"inLanguage\":\"en-US\",\"@id\":\"https:\/\/www.colossalstore.es\/tienda\/manga\/dr-stone\/#primaryimage\",\"url\":\"https:\/\/www.colossalstore.es\/wp-content\/uploads\/2022\/09\/drstone_02.jpg\",\"contentUrl\":\"https:\/\/www.colossalstore.es\/wp-content\/uploads\/2022\/09\/drstone_02.jpg\",\"width\":380,\"height\":562},{\"@type\":\"BreadcrumbList\",\"@id\":\"https:\/\/www.colossalstore.es\/tienda\/manga\/dr-stone\/#breadcrumb\",\"itemListElement\":[{\"@type\":\"ListItem\",\"position\":1,\"name\":\"Home\",\"item\":\"https:\/\/www.colossalstore.es\/\"},{\"@type\":\"ListItem\",\"position\":2,\"name\":\"Tienda\",\"item\":\"https:\/\/www.colossalstore.es\/tienda\/\"},{\"@type\":\"ListItem\",\"position\":3,\"name\":\"Dr. Stone 2\"}]},{\"@type\":\"WebSite\",\"@id\":\"https:\/\/www.colossalstore.es\/#website\",\"url\":\"https:\/\/www.colossalstore.es\/\",\"name\":\"Colossal Store\",\"description\":\"Colossal Store, tienda especializada en TCGs.\",\"publisher\":{\"@id\":\"https:\/\/www.colossalstore.es\/#organization\"},\"alternateName\":\"Colossal Store\",\"potentialAction\":[{\"@type\":\"SearchAction\",\"target\":{\"@type\":\"EntryPoint\",\"urlTemplate\":\"https:\/\/www.colossalstore.es\/?s={search_term_string}\"},\"query-input\":{\"@type\":\"PropertyValueSpecification\",\"valueRequired\":true,\"valueName\":\"search_term_string\"}}],\"inLanguage\":\"en-US\"},{\"@type\":\"Organization\",\"@id\":\"https:\/\/www.colossalstore.es\/#organization\",\"name\":\"Colossal Store\",\"url\":\"https:\/\/www.colossalstore.es\/\",\"logo\":{\"@type\":\"ImageObject\",\"inLanguage\":\"en-US\",\"@id\":\"https:\/\/www.colossalstore.es\/#\/schema\/logo\/image\/\",\"url\":\"https:\/\/www.colossalstore.es\/wp-content\/uploads\/2023\/05\/Colossal_Logo-02.png\",\"contentUrl\":\"https:\/\/www.colossalstore.es\/wp-content\/uploads\/2023\/05\/Colossal_Logo-02.png\",\"width\":1181,\"height\":1181,\"caption\":\"Colossal Store\"},\"image\":{\"@id\":\"https:\/\/www.colossalstore.es\/#\/schema\/logo\/image\/\"},\"sameAs\":[\"https:\/\/x.com\/Colossal_Store\",\"https:\/\/www.instagram.com\/colossal_store_tcg\/\",\"https:\/\/www.tiktok.com\/@colossalstore\"]}]}<\/script>\n<!-- \/ Yoast SEO plugin. -->","yoast_head_json":{"title":"Dr Stone 2 (Boichi y Riichiro Inagaki) | Colossal Store","description":"Dr Stone 2 (Boichi y Riichiro Inagaki) El d\u00eda que Taiju Oki, un adolescente fuerte pero algo palurdo, se decide por no declararle su amor a Yuzuriha, sucede algo radical e inesperado: justo un segundo antes de la declaraci\u00f3n, causas desconocidas llevan al total de la humanidad a convertirse instant\u00e1neamente en piedra. Despu\u00e9s de 3.689 a\u00f1os y 158 d\u00edas, durante los que ha luchado por no perder la consciencia y desaparecer, Taiju nalmente emerge de la piedra y vuelve a la normalidad.","robots":{"index":"index","follow":"follow","max-snippet":"max-snippet:-1","max-image-preview":"max-image-preview:large","max-video-preview":"max-video-preview:-1"},"canonical":"https:\/\/www.colossalstore.es\/en\/tienda\/manga\/dr-stone\/","og_locale":"en_US","og_type":"article","og_title":"Dr Stone 2 (Boichi y Riichiro Inagaki) | Colossal Store","og_description":"Dr Stone 2 (Boichi y Riichiro Inagaki) El d\u00eda que Taiju Oki, un adolescente fuerte pero algo palurdo, se decide por no declararle su amor a Yuzuriha, sucede algo radical e inesperado: justo un segundo antes de la declaraci\u00f3n, causas desconocidas llevan al total de la humanidad a convertirse instant\u00e1neamente en piedra. Despu\u00e9s de 3.689 a\u00f1os y 158 d\u00edas, durante los que ha luchado por no perder la consciencia y desaparecer, Taiju nalmente emerge de la piedra y vuelve a la normalidad.","og_url":"https:\/\/www.colossalstore.es\/en\/tienda\/manga\/dr-stone\/","og_site_name":"Colossal Store","article_modified_time":"2025-06-20T09:21:39+00:00","og_image":[{"width":380,"height":562,"url":"https:\/\/www.colossalstore.es\/wp-content\/uploads\/2022\/09\/drstone_02.jpg","type":"image\/jpeg"}],"twitter_card":"summary_large_image","twitter_site":"@Colossal_Store","twitter_misc":{"Est. reading time":"1 minute"},"schema":{"@context":"https:\/\/schema.org","@graph":[{"@type":"WebPage","@id":"https:\/\/www.colossalstore.es\/tienda\/manga\/dr-stone\/","url":"https:\/\/www.colossalstore.es\/tienda\/manga\/dr-stone\/","name":"Dr Stone 2 (Boichi y Riichiro Inagaki) | Colossal Store","isPartOf":{"@id":"https:\/\/www.colossalstore.es\/#website"},"primaryImageOfPage":{"@id":"https:\/\/www.colossalstore.es\/tienda\/manga\/dr-stone\/#primaryimage"},"image":{"@id":"https:\/\/www.colossalstore.es\/tienda\/manga\/dr-stone\/#primaryimage"},"thumbnailUrl":"https:\/\/www.colossalstore.es\/wp-content\/uploads\/2022\/09\/drstone_02.jpg","datePublished":"2022-09-16T10:21:53+00:00","dateModified":"2025-06-20T09:21:39+00:00","description":"Dr Stone 2 (Boichi y Riichiro Inagaki) El d\u00eda que Taiju Oki, un adolescente fuerte pero algo palurdo, se decide por no declararle su amor a Yuzuriha, sucede algo radical e inesperado: justo un segundo antes de la declaraci\u00f3n, causas desconocidas llevan al total de la humanidad a convertirse instant\u00e1neamente en piedra. Despu\u00e9s de 3.689 a\u00f1os y 158 d\u00edas, durante los que ha luchado por no perder la consciencia y desaparecer, Taiju nalmente emerge de la piedra y vuelve a la normalidad.","breadcrumb":{"@id":"https:\/\/www.colossalstore.es\/tienda\/manga\/dr-stone\/#breadcrumb"},"inLanguage":"en-US","potentialAction":[{"@type":"ReadAction","target":["https:\/\/www.colossalstore.es\/tienda\/manga\/dr-stone\/"]}]},{"@type":"ImageObject","inLanguage":"en-US","@id":"https:\/\/www.colossalstore.es\/tienda\/manga\/dr-stone\/#primaryimage","url":"https:\/\/www.colossalstore.es\/wp-content\/uploads\/2022\/09\/drstone_02.jpg","contentUrl":"https:\/\/www.colossalstore.es\/wp-content\/uploads\/2022\/09\/drstone_02.jpg","width":380,"height":562},{"@type":"BreadcrumbList","@id":"https:\/\/www.colossalstore.es\/tienda\/manga\/dr-stone\/#breadcrumb","itemListElement":[{"@type":"ListItem","position":1,"name":"Home","item":"https:\/\/www.colossalstore.es\/"},{"@type":"ListItem","position":2,"name":"Tienda","item":"https:\/\/www.colossalstore.es\/tienda\/"},{"@type":"ListItem","position":3,"name":"Dr. Stone 2"}]},{"@type":"WebSite","@id":"https:\/\/www.colossalstore.es\/#website","url":"https:\/\/www.colossalstore.es\/","name":"Colossal Store","description":"Colossal Store, store specialized in TCGs.","publisher":{"@id":"https:\/\/www.colossalstore.es\/#organization"},"alternateName":"Colossal Store","potentialAction":[{"@type":"SearchAction","target":{"@type":"EntryPoint","urlTemplate":"https:\/\/www.colossalstore.es\/?s={search_term_string}"},"query-input":{"@type":"PropertyValueSpecification","valueRequired":true,"valueName":"search_term_string"}}],"inLanguage":"en-US"},{"@type":"Organization","@id":"https:\/\/www.colossalstore.es\/#organization","name":"Colossal Store","url":"https:\/\/www.colossalstore.es\/","logo":{"@type":"ImageObject","inLanguage":"en-US","@id":"https:\/\/www.colossalstore.es\/#\/schema\/logo\/image\/","url":"https:\/\/www.colossalstore.es\/wp-content\/uploads\/2023\/05\/Colossal_Logo-02.png","contentUrl":"https:\/\/www.colossalstore.es\/wp-content\/uploads\/2023\/05\/Colossal_Logo-02.png","width":1181,"height":1181,"caption":"Colossal Store"},"image":{"@id":"https:\/\/www.colossalstore.es\/#\/schema\/logo\/image\/"},"sameAs":["https:\/\/x.com\/Colossal_Store","https:\/\/www.instagram.com\/colossal_store_tcg\/","https:\/\/www.tiktok.com\/@colossalstore"]}]}},"_links":{"self":[{"href":"https:\/\/www.colossalstore.es\/en\/wp-json\/wp\/v2\/product\/969","targetHints":{"allow":["GET"]}}],"collection":[{"href":"https:\/\/www.colossalstore.es\/en\/wp-json\/wp\/v2\/product"}],"about":[{"href":"https:\/\/www.colossalstore.es\/en\/wp-json\/wp\/v2\/types\/product"}],"replies":[{"embeddable":true,"href":"https:\/\/www.colossalstore.es\/en\/wp-json\/wp\/v2\/comments?post=969"}],"wp:featuredmedia":[{"embeddable":true,"href":"https:\/\/www.colossalstore.es\/en\/wp-json\/wp\/v2\/media\/970"}],"wp:attachment":[{"href":"https:\/\/www.colossalstore.es\/en\/wp-json\/wp\/v2\/media?parent=969"}],"wp:term":[{"taxonomy":"product_brand","embeddable":true,"href":"https:\/\/www.colossalstore.es\/en\/wp-json\/wp\/v2\/product_brand?post=969"},{"taxonomy":"product_cat","embeddable":true,"href":"https:\/\/www.colossalstore.es\/en\/wp-json\/wp\/v2\/product_cat?post=969"},{"taxonomy":"product_tag","embeddable":true,"href":"https:\/\/www.colossalstore.es\/en\/wp-json\/wp\/v2\/product_tag?post=969"}],"curies":[{"name":"wp","href":"https:\/\/api.w.org\/{rel}","templated":true}]}}