{"id":963,"date":"2022-09-16T11:02:13","date_gmt":"2022-09-16T09:02:13","guid":{"rendered":"https:\/\/colossalstore.es\/?post_type=product&#038;p=963"},"modified":"2025-06-20T11:21:39","modified_gmt":"2025-06-20T09:21:39","slug":"call-of-the-night-1","status":"publish","type":"product","link":"https:\/\/www.colossalstore.es\/en\/tienda\/manga\/call-of-the-night-1\/","title":{"rendered":"Call of the Night 1"},"content":{"rendered":"<p>Yofukashi no Uta 1 (Kotoyama)<\/p>\n<p>Have you ever felt that feeling of tranquility and freedom when going out at night when everyone is resting? That is what Kou Yamamori experiences every night when insomnia prevents him from sleeping. Being a good student, but unable to understand and manage feelings and tired of keeping up appearances, he decides to leave school. But not spending a single drop of energy all day is what keeps him from sleeping at night, so his nights out are his escape route. On one of his night walks, he meets Nazuna, a strange and cheerful girl who accompanies him for a walk and tells him that he needs to free himself and find what satisfies him. Then she invites him to her house and lets him stay the night, but when he is dying, the girl bites him on the neck and sucks his blood! Although he would prefer to transform into a vampire, the girl explains to him that he only bites to feed and that to be a vampire he would have to fall in love with her. From then on, Kou&#039;s walks will change completely. You will be able to meet many people who inhabit the night, vampires, mysteries and talk to Nazuna about the most varied topics. Growing up will have a new meaning for Kou!<\/p>","protected":false},"excerpt":{"rendered":"<p>Yofukashi no Uta 1 (Kotoyama) \u00bfHab\u00e9is sentido nunca esa sensaci\u00f3n de tranquilidad y libertad al salir por la noche cuando todo el mundo est\u00e1 descansando? Eso es lo que vive Kou Yamamori cada noche cuando el insomnio no le deja pegar ojo. Siendo un buen estudiante, pero incapaz de entender y manejar los sentimientos y [&hellip;]<\/p>","protected":false},"featured_media":964,"comment_status":"open","ping_status":"closed","template":"","meta":{"_joinchat":[]},"product_brand":[],"product_cat":[32],"product_tag":[],"class_list":{"0":"post-963","1":"product","2":"type-product","3":"status-publish","4":"has-post-thumbnail","6":"product_cat-manga","8":"first","9":"outofstock","10":"sale","11":"taxable","12":"shipping-taxable","13":"purchasable","14":"product-type-simple"},"yoast_head":"<!-- This site is optimized with the Yoast SEO plugin v25.7 - https:\/\/yoast.com\/wordpress\/plugins\/seo\/ -->\n<title>Yofukashi no Uta 1 (Kotoyama) | Colossal Store<\/title>\n<meta name=\"description\" content=\"Yofukashi no Uta 1 (Kotoyama) \u00bfHab\u00e9is sentido nunca esa sensaci\u00f3n de tranquilidad y libertad al salir por la noche cuando todo el mundo est\u00e1 descansando? Eso es lo que vive Kou Yamamori cada noche cuando el insomnio no le deja pegar ojo. Siendo un buen estudiante, pero incapaz de entender y manejar los sentimientos y harto de guardar las apariencias, decide dejar el instituto.\" \/>\n<meta name=\"robots\" content=\"index, follow, max-snippet:-1, max-image-preview:large, max-video-preview:-1\" \/>\n<link rel=\"canonical\" href=\"https:\/\/www.colossalstore.es\/en\/tienda\/manga\/call-of-the-night-1\/\" \/>\n<meta property=\"og:locale\" content=\"en_US\" \/>\n<meta property=\"og:type\" content=\"article\" \/>\n<meta property=\"og:title\" content=\"Yofukashi no Uta 1 (Kotoyama) | Colossal Store\" \/>\n<meta property=\"og:description\" content=\"Yofukashi no Uta 1 (Kotoyama) \u00bfHab\u00e9is sentido nunca esa sensaci\u00f3n de tranquilidad y libertad al salir por la noche cuando todo el mundo est\u00e1 descansando? Eso es lo que vive Kou Yamamori cada noche cuando el insomnio no le deja pegar ojo. Siendo un buen estudiante, pero incapaz de entender y manejar los sentimientos y harto de guardar las apariencias, decide dejar el instituto.\" \/>\n<meta property=\"og:url\" content=\"https:\/\/www.colossalstore.es\/en\/tienda\/manga\/call-of-the-night-1\/\" \/>\n<meta property=\"og:site_name\" content=\"Colossal Store\" \/>\n<meta property=\"article:modified_time\" content=\"2025-06-20T09:21:39+00:00\" \/>\n<meta property=\"og:image\" content=\"https:\/\/www.colossalstore.es\/wp-content\/uploads\/2022\/09\/callofthenight1.jpg\" \/>\n\t<meta property=\"og:image:width\" content=\"400\" \/>\n\t<meta property=\"og:image:height\" content=\"588\" \/>\n\t<meta property=\"og:image:type\" content=\"image\/jpeg\" \/>\n<meta name=\"twitter:card\" content=\"summary_large_image\" \/>\n<meta name=\"twitter:site\" content=\"@Colossal_Store\" \/>\n<meta name=\"twitter:label1\" content=\"Est. reading time\" \/>\n\t<meta name=\"twitter:data1\" content=\"2 minutes\" \/>\n<script type=\"application\/ld+json\" class=\"yoast-schema-graph\">{\"@context\":\"https:\/\/schema.org\",\"@graph\":[{\"@type\":\"WebPage\",\"@id\":\"https:\/\/www.colossalstore.es\/tienda\/manga\/call-of-the-night-1\/\",\"url\":\"https:\/\/www.colossalstore.es\/tienda\/manga\/call-of-the-night-1\/\",\"name\":\"Yofukashi no Uta 1 (Kotoyama) | Colossal Store\",\"isPartOf\":{\"@id\":\"https:\/\/www.colossalstore.es\/#website\"},\"primaryImageOfPage\":{\"@id\":\"https:\/\/www.colossalstore.es\/tienda\/manga\/call-of-the-night-1\/#primaryimage\"},\"image\":{\"@id\":\"https:\/\/www.colossalstore.es\/tienda\/manga\/call-of-the-night-1\/#primaryimage\"},\"thumbnailUrl\":\"https:\/\/www.colossalstore.es\/wp-content\/uploads\/2022\/09\/callofthenight1.jpg\",\"datePublished\":\"2022-09-16T09:02:13+00:00\",\"dateModified\":\"2025-06-20T09:21:39+00:00\",\"description\":\"Yofukashi no Uta 1 (Kotoyama) \u00bfHab\u00e9is sentido nunca esa sensaci\u00f3n de tranquilidad y libertad al salir por la noche cuando todo el mundo est\u00e1 descansando? Eso es lo que vive Kou Yamamori cada noche cuando el insomnio no le deja pegar ojo. Siendo un buen estudiante, pero incapaz de entender y manejar los sentimientos y harto de guardar las apariencias, decide dejar el instituto.\",\"breadcrumb\":{\"@id\":\"https:\/\/www.colossalstore.es\/tienda\/manga\/call-of-the-night-1\/#breadcrumb\"},\"inLanguage\":\"en-US\",\"potentialAction\":[{\"@type\":\"ReadAction\",\"target\":[\"https:\/\/www.colossalstore.es\/tienda\/manga\/call-of-the-night-1\/\"]}]},{\"@type\":\"ImageObject\",\"inLanguage\":\"en-US\",\"@id\":\"https:\/\/www.colossalstore.es\/tienda\/manga\/call-of-the-night-1\/#primaryimage\",\"url\":\"https:\/\/www.colossalstore.es\/wp-content\/uploads\/2022\/09\/callofthenight1.jpg\",\"contentUrl\":\"https:\/\/www.colossalstore.es\/wp-content\/uploads\/2022\/09\/callofthenight1.jpg\",\"width\":400,\"height\":588},{\"@type\":\"BreadcrumbList\",\"@id\":\"https:\/\/www.colossalstore.es\/tienda\/manga\/call-of-the-night-1\/#breadcrumb\",\"itemListElement\":[{\"@type\":\"ListItem\",\"position\":1,\"name\":\"Home\",\"item\":\"https:\/\/www.colossalstore.es\/\"},{\"@type\":\"ListItem\",\"position\":2,\"name\":\"Tienda\",\"item\":\"https:\/\/www.colossalstore.es\/tienda\/\"},{\"@type\":\"ListItem\",\"position\":3,\"name\":\"Call of the Night 1\"}]},{\"@type\":\"WebSite\",\"@id\":\"https:\/\/www.colossalstore.es\/#website\",\"url\":\"https:\/\/www.colossalstore.es\/\",\"name\":\"Colossal Store\",\"description\":\"Colossal Store, tienda especializada en TCGs.\",\"publisher\":{\"@id\":\"https:\/\/www.colossalstore.es\/#organization\"},\"alternateName\":\"Colossal Store\",\"potentialAction\":[{\"@type\":\"SearchAction\",\"target\":{\"@type\":\"EntryPoint\",\"urlTemplate\":\"https:\/\/www.colossalstore.es\/?s={search_term_string}\"},\"query-input\":{\"@type\":\"PropertyValueSpecification\",\"valueRequired\":true,\"valueName\":\"search_term_string\"}}],\"inLanguage\":\"en-US\"},{\"@type\":\"Organization\",\"@id\":\"https:\/\/www.colossalstore.es\/#organization\",\"name\":\"Colossal Store\",\"url\":\"https:\/\/www.colossalstore.es\/\",\"logo\":{\"@type\":\"ImageObject\",\"inLanguage\":\"en-US\",\"@id\":\"https:\/\/www.colossalstore.es\/#\/schema\/logo\/image\/\",\"url\":\"https:\/\/www.colossalstore.es\/wp-content\/uploads\/2023\/05\/Colossal_Logo-02.png\",\"contentUrl\":\"https:\/\/www.colossalstore.es\/wp-content\/uploads\/2023\/05\/Colossal_Logo-02.png\",\"width\":1181,\"height\":1181,\"caption\":\"Colossal Store\"},\"image\":{\"@id\":\"https:\/\/www.colossalstore.es\/#\/schema\/logo\/image\/\"},\"sameAs\":[\"https:\/\/x.com\/Colossal_Store\",\"https:\/\/www.instagram.com\/colossal_store_tcg\/\",\"https:\/\/www.tiktok.com\/@colossalstore\"]}]}<\/script>\n<!-- \/ Yoast SEO plugin. -->","yoast_head_json":{"title":"Yofukashi no Uta 1 (Kotoyama) | Colossal Store","description":"Yofukashi no Uta 1 (Kotoyama) \u00bfHab\u00e9is sentido nunca esa sensaci\u00f3n de tranquilidad y libertad al salir por la noche cuando todo el mundo est\u00e1 descansando? Eso es lo que vive Kou Yamamori cada noche cuando el insomnio no le deja pegar ojo. Siendo un buen estudiante, pero incapaz de entender y manejar los sentimientos y harto de guardar las apariencias, decide dejar el instituto.","robots":{"index":"index","follow":"follow","max-snippet":"max-snippet:-1","max-image-preview":"max-image-preview:large","max-video-preview":"max-video-preview:-1"},"canonical":"https:\/\/www.colossalstore.es\/en\/tienda\/manga\/call-of-the-night-1\/","og_locale":"en_US","og_type":"article","og_title":"Yofukashi no Uta 1 (Kotoyama) | Colossal Store","og_description":"Yofukashi no Uta 1 (Kotoyama) \u00bfHab\u00e9is sentido nunca esa sensaci\u00f3n de tranquilidad y libertad al salir por la noche cuando todo el mundo est\u00e1 descansando? Eso es lo que vive Kou Yamamori cada noche cuando el insomnio no le deja pegar ojo. Siendo un buen estudiante, pero incapaz de entender y manejar los sentimientos y harto de guardar las apariencias, decide dejar el instituto.","og_url":"https:\/\/www.colossalstore.es\/en\/tienda\/manga\/call-of-the-night-1\/","og_site_name":"Colossal Store","article_modified_time":"2025-06-20T09:21:39+00:00","og_image":[{"width":400,"height":588,"url":"https:\/\/www.colossalstore.es\/wp-content\/uploads\/2022\/09\/callofthenight1.jpg","type":"image\/jpeg"}],"twitter_card":"summary_large_image","twitter_site":"@Colossal_Store","twitter_misc":{"Est. reading time":"2 minutes"},"schema":{"@context":"https:\/\/schema.org","@graph":[{"@type":"WebPage","@id":"https:\/\/www.colossalstore.es\/tienda\/manga\/call-of-the-night-1\/","url":"https:\/\/www.colossalstore.es\/tienda\/manga\/call-of-the-night-1\/","name":"Yofukashi no Uta 1 (Kotoyama) | Colossal Store","isPartOf":{"@id":"https:\/\/www.colossalstore.es\/#website"},"primaryImageOfPage":{"@id":"https:\/\/www.colossalstore.es\/tienda\/manga\/call-of-the-night-1\/#primaryimage"},"image":{"@id":"https:\/\/www.colossalstore.es\/tienda\/manga\/call-of-the-night-1\/#primaryimage"},"thumbnailUrl":"https:\/\/www.colossalstore.es\/wp-content\/uploads\/2022\/09\/callofthenight1.jpg","datePublished":"2022-09-16T09:02:13+00:00","dateModified":"2025-06-20T09:21:39+00:00","description":"Yofukashi no Uta 1 (Kotoyama) \u00bfHab\u00e9is sentido nunca esa sensaci\u00f3n de tranquilidad y libertad al salir por la noche cuando todo el mundo est\u00e1 descansando? Eso es lo que vive Kou Yamamori cada noche cuando el insomnio no le deja pegar ojo. Siendo un buen estudiante, pero incapaz de entender y manejar los sentimientos y harto de guardar las apariencias, decide dejar el instituto.","breadcrumb":{"@id":"https:\/\/www.colossalstore.es\/tienda\/manga\/call-of-the-night-1\/#breadcrumb"},"inLanguage":"en-US","potentialAction":[{"@type":"ReadAction","target":["https:\/\/www.colossalstore.es\/tienda\/manga\/call-of-the-night-1\/"]}]},{"@type":"ImageObject","inLanguage":"en-US","@id":"https:\/\/www.colossalstore.es\/tienda\/manga\/call-of-the-night-1\/#primaryimage","url":"https:\/\/www.colossalstore.es\/wp-content\/uploads\/2022\/09\/callofthenight1.jpg","contentUrl":"https:\/\/www.colossalstore.es\/wp-content\/uploads\/2022\/09\/callofthenight1.jpg","width":400,"height":588},{"@type":"BreadcrumbList","@id":"https:\/\/www.colossalstore.es\/tienda\/manga\/call-of-the-night-1\/#breadcrumb","itemListElement":[{"@type":"ListItem","position":1,"name":"Home","item":"https:\/\/www.colossalstore.es\/"},{"@type":"ListItem","position":2,"name":"Tienda","item":"https:\/\/www.colossalstore.es\/tienda\/"},{"@type":"ListItem","position":3,"name":"Call of the Night 1"}]},{"@type":"WebSite","@id":"https:\/\/www.colossalstore.es\/#website","url":"https:\/\/www.colossalstore.es\/","name":"Colossal Store","description":"Colossal Store, store specialized in TCGs.","publisher":{"@id":"https:\/\/www.colossalstore.es\/#organization"},"alternateName":"Colossal Store","potentialAction":[{"@type":"SearchAction","target":{"@type":"EntryPoint","urlTemplate":"https:\/\/www.colossalstore.es\/?s={search_term_string}"},"query-input":{"@type":"PropertyValueSpecification","valueRequired":true,"valueName":"search_term_string"}}],"inLanguage":"en-US"},{"@type":"Organization","@id":"https:\/\/www.colossalstore.es\/#organization","name":"Colossal Store","url":"https:\/\/www.colossalstore.es\/","logo":{"@type":"ImageObject","inLanguage":"en-US","@id":"https:\/\/www.colossalstore.es\/#\/schema\/logo\/image\/","url":"https:\/\/www.colossalstore.es\/wp-content\/uploads\/2023\/05\/Colossal_Logo-02.png","contentUrl":"https:\/\/www.colossalstore.es\/wp-content\/uploads\/2023\/05\/Colossal_Logo-02.png","width":1181,"height":1181,"caption":"Colossal Store"},"image":{"@id":"https:\/\/www.colossalstore.es\/#\/schema\/logo\/image\/"},"sameAs":["https:\/\/x.com\/Colossal_Store","https:\/\/www.instagram.com\/colossal_store_tcg\/","https:\/\/www.tiktok.com\/@colossalstore"]}]}},"_links":{"self":[{"href":"https:\/\/www.colossalstore.es\/en\/wp-json\/wp\/v2\/product\/963","targetHints":{"allow":["GET"]}}],"collection":[{"href":"https:\/\/www.colossalstore.es\/en\/wp-json\/wp\/v2\/product"}],"about":[{"href":"https:\/\/www.colossalstore.es\/en\/wp-json\/wp\/v2\/types\/product"}],"replies":[{"embeddable":true,"href":"https:\/\/www.colossalstore.es\/en\/wp-json\/wp\/v2\/comments?post=963"}],"wp:featuredmedia":[{"embeddable":true,"href":"https:\/\/www.colossalstore.es\/en\/wp-json\/wp\/v2\/media\/964"}],"wp:attachment":[{"href":"https:\/\/www.colossalstore.es\/en\/wp-json\/wp\/v2\/media?parent=963"}],"wp:term":[{"taxonomy":"product_brand","embeddable":true,"href":"https:\/\/www.colossalstore.es\/en\/wp-json\/wp\/v2\/product_brand?post=963"},{"taxonomy":"product_cat","embeddable":true,"href":"https:\/\/www.colossalstore.es\/en\/wp-json\/wp\/v2\/product_cat?post=963"},{"taxonomy":"product_tag","embeddable":true,"href":"https:\/\/www.colossalstore.es\/en\/wp-json\/wp\/v2\/product_tag?post=963"}],"curies":[{"name":"wp","href":"https:\/\/api.w.org\/{rel}","templated":true}]}}