{"id":949,"date":"2022-09-16T10:49:32","date_gmt":"2022-09-16T08:49:32","guid":{"rendered":"https:\/\/colossalstore.es\/?post_type=product&#038;p=949"},"modified":"2026-01-05T19:52:33","modified_gmt":"2026-01-05T18:52:33","slug":"aquella-vez-que-me-converti-en-slime-15","status":"publish","type":"product","link":"https:\/\/www.colossalstore.es\/en\/tienda\/manga\/aquella-vez-que-me-converti-en-slime-15\/","title":{"rendered":"AQUELLA VEZ QUE ME CONVERT\u00cd EN SLIME 15"},"content":{"rendered":"<p>Tensura volume 15 (Taiki Kawakami)<\/p>\n<p>THE NEW EVOLUTION OF RIMUR IS SPECTACULAR, BUT NOT ALL ARE ADVANTAGES<\/p>\n<p>The voice of the world resounds and Rimur&#039;s evolution into king of demons has begun. In the depths of his soul, beyond the place where his conscience dwells, the Great Sage acts in silence, as if he wanted to fulfill his own desires... Will he be able to maintain his reason after becoming king of the demons? Will Shion and the others be resurrected\u2026?<\/p>","protected":false},"excerpt":{"rendered":"<p>Tensura tomo 15 (Taiki Kawakami) LA NUEVA EVOLUCI\u00d3N DE RIMUR ES ESPECTACULAR, PERO NO TODO SON VENTAJAS La voz del mundo resuena y la evoluci\u00f3n de Rimur a rey de los demonios ha comenzado. En las profundidades de su alma, m\u00e1s all\u00e1 del lugar donde mora su conciencia, el Gran sabio act\u00faa en silencio, como [&hellip;]<\/p>","protected":false},"featured_media":950,"comment_status":"open","ping_status":"closed","template":"","meta":{"_joinchat":[]},"product_brand":[],"product_cat":[32],"product_tag":[],"class_list":{"0":"post-949","1":"product","2":"type-product","3":"status-publish","4":"has-post-thumbnail","6":"product_cat-manga","8":"first","9":"outofstock","10":"sale","11":"taxable","12":"shipping-taxable","13":"purchasable","14":"product-type-simple"},"yoast_head":"<!-- This site is optimized with the Yoast SEO plugin v25.7 - https:\/\/yoast.com\/wordpress\/plugins\/seo\/ -->\n<title>Tensura tomo 15 (Taiki Kawakami) | Colossal Store<\/title>\n<meta name=\"description\" content=\"Tensura tomo 15 (Taiki Kawakami) LA NUEVA EVOLUCI\u00d3N DE RIMUR ES ESPECTACULAR, PERO NO TODO SON VENTAJAS\" \/>\n<meta name=\"robots\" content=\"index, follow, max-snippet:-1, max-image-preview:large, max-video-preview:-1\" \/>\n<link rel=\"canonical\" href=\"https:\/\/www.colossalstore.es\/en\/tienda\/manga\/aquella-vez-que-me-converti-en-slime-15\/\" \/>\n<meta property=\"og:locale\" content=\"en_US\" \/>\n<meta property=\"og:type\" content=\"article\" \/>\n<meta property=\"og:title\" content=\"Tensura tomo 15 (Taiki Kawakami) | Colossal Store\" \/>\n<meta property=\"og:description\" content=\"Tensura tomo 15 (Taiki Kawakami) LA NUEVA EVOLUCI\u00d3N DE RIMUR ES ESPECTACULAR, PERO NO TODO SON VENTAJAS\" \/>\n<meta property=\"og:url\" content=\"https:\/\/www.colossalstore.es\/en\/tienda\/manga\/aquella-vez-que-me-converti-en-slime-15\/\" \/>\n<meta property=\"og:site_name\" content=\"Colossal Store\" \/>\n<meta property=\"article:modified_time\" content=\"2026-01-05T18:52:33+00:00\" \/>\n<meta property=\"og:image\" content=\"https:\/\/www.colossalstore.es\/wp-content\/uploads\/2022\/09\/thumb_21136_albumes_big.jpeg\" \/>\n\t<meta property=\"og:image:width\" content=\"780\" \/>\n\t<meta property=\"og:image:height\" content=\"1092\" \/>\n\t<meta property=\"og:image:type\" content=\"image\/jpeg\" \/>\n<meta name=\"twitter:card\" content=\"summary_large_image\" \/>\n<meta name=\"twitter:site\" content=\"@Colossal_Store\" \/>\n<meta name=\"twitter:label1\" content=\"Est. reading time\" \/>\n\t<meta name=\"twitter:data1\" content=\"1 minute\" \/>\n<script type=\"application\/ld+json\" class=\"yoast-schema-graph\">{\"@context\":\"https:\/\/schema.org\",\"@graph\":[{\"@type\":\"WebPage\",\"@id\":\"https:\/\/www.colossalstore.es\/tienda\/manga\/aquella-vez-que-me-converti-en-slime-15\/\",\"url\":\"https:\/\/www.colossalstore.es\/tienda\/manga\/aquella-vez-que-me-converti-en-slime-15\/\",\"name\":\"Tensura tomo 15 (Taiki Kawakami) | Colossal Store\",\"isPartOf\":{\"@id\":\"https:\/\/www.colossalstore.es\/#website\"},\"primaryImageOfPage\":{\"@id\":\"https:\/\/www.colossalstore.es\/tienda\/manga\/aquella-vez-que-me-converti-en-slime-15\/#primaryimage\"},\"image\":{\"@id\":\"https:\/\/www.colossalstore.es\/tienda\/manga\/aquella-vez-que-me-converti-en-slime-15\/#primaryimage\"},\"thumbnailUrl\":\"https:\/\/www.colossalstore.es\/wp-content\/uploads\/2022\/09\/thumb_21136_albumes_big.jpeg\",\"datePublished\":\"2022-09-16T08:49:32+00:00\",\"dateModified\":\"2026-01-05T18:52:33+00:00\",\"description\":\"Tensura tomo 15 (Taiki Kawakami) LA NUEVA EVOLUCI\u00d3N DE RIMUR ES ESPECTACULAR, PERO NO TODO SON VENTAJAS\",\"breadcrumb\":{\"@id\":\"https:\/\/www.colossalstore.es\/tienda\/manga\/aquella-vez-que-me-converti-en-slime-15\/#breadcrumb\"},\"inLanguage\":\"en-US\",\"potentialAction\":[{\"@type\":\"ReadAction\",\"target\":[\"https:\/\/www.colossalstore.es\/tienda\/manga\/aquella-vez-que-me-converti-en-slime-15\/\"]}]},{\"@type\":\"ImageObject\",\"inLanguage\":\"en-US\",\"@id\":\"https:\/\/www.colossalstore.es\/tienda\/manga\/aquella-vez-que-me-converti-en-slime-15\/#primaryimage\",\"url\":\"https:\/\/www.colossalstore.es\/wp-content\/uploads\/2022\/09\/thumb_21136_albumes_big.jpeg\",\"contentUrl\":\"https:\/\/www.colossalstore.es\/wp-content\/uploads\/2022\/09\/thumb_21136_albumes_big.jpeg\",\"width\":780,\"height\":1092},{\"@type\":\"BreadcrumbList\",\"@id\":\"https:\/\/www.colossalstore.es\/tienda\/manga\/aquella-vez-que-me-converti-en-slime-15\/#breadcrumb\",\"itemListElement\":[{\"@type\":\"ListItem\",\"position\":1,\"name\":\"Home\",\"item\":\"https:\/\/www.colossalstore.es\/\"},{\"@type\":\"ListItem\",\"position\":2,\"name\":\"Tienda\",\"item\":\"https:\/\/www.colossalstore.es\/tienda\/\"},{\"@type\":\"ListItem\",\"position\":3,\"name\":\"AQUELLA VEZ QUE ME CONVERT\u00cd EN SLIME 15\"}]},{\"@type\":\"WebSite\",\"@id\":\"https:\/\/www.colossalstore.es\/#website\",\"url\":\"https:\/\/www.colossalstore.es\/\",\"name\":\"Colossal Store\",\"description\":\"Colossal Store, tienda especializada en TCGs.\",\"publisher\":{\"@id\":\"https:\/\/www.colossalstore.es\/#organization\"},\"alternateName\":\"Colossal Store\",\"potentialAction\":[{\"@type\":\"SearchAction\",\"target\":{\"@type\":\"EntryPoint\",\"urlTemplate\":\"https:\/\/www.colossalstore.es\/?s={search_term_string}\"},\"query-input\":{\"@type\":\"PropertyValueSpecification\",\"valueRequired\":true,\"valueName\":\"search_term_string\"}}],\"inLanguage\":\"en-US\"},{\"@type\":\"Organization\",\"@id\":\"https:\/\/www.colossalstore.es\/#organization\",\"name\":\"Colossal Store\",\"url\":\"https:\/\/www.colossalstore.es\/\",\"logo\":{\"@type\":\"ImageObject\",\"inLanguage\":\"en-US\",\"@id\":\"https:\/\/www.colossalstore.es\/#\/schema\/logo\/image\/\",\"url\":\"https:\/\/www.colossalstore.es\/wp-content\/uploads\/2023\/05\/Colossal_Logo-02.png\",\"contentUrl\":\"https:\/\/www.colossalstore.es\/wp-content\/uploads\/2023\/05\/Colossal_Logo-02.png\",\"width\":1181,\"height\":1181,\"caption\":\"Colossal Store\"},\"image\":{\"@id\":\"https:\/\/www.colossalstore.es\/#\/schema\/logo\/image\/\"},\"sameAs\":[\"https:\/\/x.com\/Colossal_Store\",\"https:\/\/www.instagram.com\/colossal_store_tcg\/\",\"https:\/\/www.tiktok.com\/@colossalstore\"]}]}<\/script>\n<!-- \/ Yoast SEO plugin. -->","yoast_head_json":{"title":"Tensura tomo 15 (Taiki Kawakami) | Colossal Store","description":"Tensura tomo 15 (Taiki Kawakami) LA NUEVA EVOLUCI\u00d3N DE RIMUR ES ESPECTACULAR, PERO NO TODO SON VENTAJAS","robots":{"index":"index","follow":"follow","max-snippet":"max-snippet:-1","max-image-preview":"max-image-preview:large","max-video-preview":"max-video-preview:-1"},"canonical":"https:\/\/www.colossalstore.es\/en\/tienda\/manga\/aquella-vez-que-me-converti-en-slime-15\/","og_locale":"en_US","og_type":"article","og_title":"Tensura tomo 15 (Taiki Kawakami) | Colossal Store","og_description":"Tensura tomo 15 (Taiki Kawakami) LA NUEVA EVOLUCI\u00d3N DE RIMUR ES ESPECTACULAR, PERO NO TODO SON VENTAJAS","og_url":"https:\/\/www.colossalstore.es\/en\/tienda\/manga\/aquella-vez-que-me-converti-en-slime-15\/","og_site_name":"Colossal Store","article_modified_time":"2026-01-05T18:52:33+00:00","og_image":[{"width":780,"height":1092,"url":"https:\/\/www.colossalstore.es\/wp-content\/uploads\/2022\/09\/thumb_21136_albumes_big.jpeg","type":"image\/jpeg"}],"twitter_card":"summary_large_image","twitter_site":"@Colossal_Store","twitter_misc":{"Est. reading time":"1 minute"},"schema":{"@context":"https:\/\/schema.org","@graph":[{"@type":"WebPage","@id":"https:\/\/www.colossalstore.es\/tienda\/manga\/aquella-vez-que-me-converti-en-slime-15\/","url":"https:\/\/www.colossalstore.es\/tienda\/manga\/aquella-vez-que-me-converti-en-slime-15\/","name":"Tensura tomo 15 (Taiki Kawakami) | Colossal Store","isPartOf":{"@id":"https:\/\/www.colossalstore.es\/#website"},"primaryImageOfPage":{"@id":"https:\/\/www.colossalstore.es\/tienda\/manga\/aquella-vez-que-me-converti-en-slime-15\/#primaryimage"},"image":{"@id":"https:\/\/www.colossalstore.es\/tienda\/manga\/aquella-vez-que-me-converti-en-slime-15\/#primaryimage"},"thumbnailUrl":"https:\/\/www.colossalstore.es\/wp-content\/uploads\/2022\/09\/thumb_21136_albumes_big.jpeg","datePublished":"2022-09-16T08:49:32+00:00","dateModified":"2026-01-05T18:52:33+00:00","description":"Tensura tomo 15 (Taiki Kawakami) LA NUEVA EVOLUCI\u00d3N DE RIMUR ES ESPECTACULAR, PERO NO TODO SON VENTAJAS","breadcrumb":{"@id":"https:\/\/www.colossalstore.es\/tienda\/manga\/aquella-vez-que-me-converti-en-slime-15\/#breadcrumb"},"inLanguage":"en-US","potentialAction":[{"@type":"ReadAction","target":["https:\/\/www.colossalstore.es\/tienda\/manga\/aquella-vez-que-me-converti-en-slime-15\/"]}]},{"@type":"ImageObject","inLanguage":"en-US","@id":"https:\/\/www.colossalstore.es\/tienda\/manga\/aquella-vez-que-me-converti-en-slime-15\/#primaryimage","url":"https:\/\/www.colossalstore.es\/wp-content\/uploads\/2022\/09\/thumb_21136_albumes_big.jpeg","contentUrl":"https:\/\/www.colossalstore.es\/wp-content\/uploads\/2022\/09\/thumb_21136_albumes_big.jpeg","width":780,"height":1092},{"@type":"BreadcrumbList","@id":"https:\/\/www.colossalstore.es\/tienda\/manga\/aquella-vez-que-me-converti-en-slime-15\/#breadcrumb","itemListElement":[{"@type":"ListItem","position":1,"name":"Home","item":"https:\/\/www.colossalstore.es\/"},{"@type":"ListItem","position":2,"name":"Tienda","item":"https:\/\/www.colossalstore.es\/tienda\/"},{"@type":"ListItem","position":3,"name":"AQUELLA VEZ QUE ME CONVERT\u00cd EN SLIME 15"}]},{"@type":"WebSite","@id":"https:\/\/www.colossalstore.es\/#website","url":"https:\/\/www.colossalstore.es\/","name":"Colossal Store","description":"Colossal Store, store specialized in TCGs.","publisher":{"@id":"https:\/\/www.colossalstore.es\/#organization"},"alternateName":"Colossal Store","potentialAction":[{"@type":"SearchAction","target":{"@type":"EntryPoint","urlTemplate":"https:\/\/www.colossalstore.es\/?s={search_term_string}"},"query-input":{"@type":"PropertyValueSpecification","valueRequired":true,"valueName":"search_term_string"}}],"inLanguage":"en-US"},{"@type":"Organization","@id":"https:\/\/www.colossalstore.es\/#organization","name":"Colossal Store","url":"https:\/\/www.colossalstore.es\/","logo":{"@type":"ImageObject","inLanguage":"en-US","@id":"https:\/\/www.colossalstore.es\/#\/schema\/logo\/image\/","url":"https:\/\/www.colossalstore.es\/wp-content\/uploads\/2023\/05\/Colossal_Logo-02.png","contentUrl":"https:\/\/www.colossalstore.es\/wp-content\/uploads\/2023\/05\/Colossal_Logo-02.png","width":1181,"height":1181,"caption":"Colossal Store"},"image":{"@id":"https:\/\/www.colossalstore.es\/#\/schema\/logo\/image\/"},"sameAs":["https:\/\/x.com\/Colossal_Store","https:\/\/www.instagram.com\/colossal_store_tcg\/","https:\/\/www.tiktok.com\/@colossalstore"]}]}},"_links":{"self":[{"href":"https:\/\/www.colossalstore.es\/en\/wp-json\/wp\/v2\/product\/949","targetHints":{"allow":["GET"]}}],"collection":[{"href":"https:\/\/www.colossalstore.es\/en\/wp-json\/wp\/v2\/product"}],"about":[{"href":"https:\/\/www.colossalstore.es\/en\/wp-json\/wp\/v2\/types\/product"}],"replies":[{"embeddable":true,"href":"https:\/\/www.colossalstore.es\/en\/wp-json\/wp\/v2\/comments?post=949"}],"wp:featuredmedia":[{"embeddable":true,"href":"https:\/\/www.colossalstore.es\/en\/wp-json\/wp\/v2\/media\/950"}],"wp:attachment":[{"href":"https:\/\/www.colossalstore.es\/en\/wp-json\/wp\/v2\/media?parent=949"}],"wp:term":[{"taxonomy":"product_brand","embeddable":true,"href":"https:\/\/www.colossalstore.es\/en\/wp-json\/wp\/v2\/product_brand?post=949"},{"taxonomy":"product_cat","embeddable":true,"href":"https:\/\/www.colossalstore.es\/en\/wp-json\/wp\/v2\/product_cat?post=949"},{"taxonomy":"product_tag","embeddable":true,"href":"https:\/\/www.colossalstore.es\/en\/wp-json\/wp\/v2\/product_tag?post=949"}],"curies":[{"name":"wp","href":"https:\/\/api.w.org\/{rel}","templated":true}]}}