{"id":936,"date":"2022-09-16T10:43:33","date_gmt":"2022-09-16T08:43:33","guid":{"rendered":"https:\/\/colossalstore.es\/?post_type=product&#038;p=936"},"modified":"2026-01-05T19:52:13","modified_gmt":"2026-01-05T18:52:13","slug":"ataque-a-los-titanes-2","status":"publish","type":"product","link":"https:\/\/www.colossalstore.es\/en\/tienda\/manga\/ataque-a-los-titanes-2\/","title":{"rendered":"ATAQUE A LOS TITANES 2"},"content":{"rendered":"<p>Shingeki no Kyojin 2 (Hajime Isayama)<\/p>\n<p>THE BREAKING SHONEN IN JAPAN: MORE THAN 9 MILLION COPIES SOLD!<\/p>\n<p>After the attack of the super titan, which managed to breach the first retaining wall of the human city, the survivors are even more desperate. Eren and his friends have already graduated as defenders of the city, but when the titans attack again, all their training seems useless in the face of the terror they cause...<\/p>","protected":false},"excerpt":{"rendered":"<p>Shingeki no Kyojin 2 (Hajime Isayama) EL SHONEN REVELACI\u00d3N EN JAP\u00d3N: \u00a1M\u00c1S DE 9 MILLONES DE COPIAS VENDIDAS! Tras el ataque del supertit\u00e1n, que consigui\u00f3 traspasar el primer muro de contenci\u00f3n de la ciudad humana, los supervivientes est\u00e1n a\u00fan m\u00e1s desesperados. Eren y sus amigos ya se han graduado como defensores de la ciudad, pero [&hellip;]<\/p>","protected":false},"featured_media":937,"comment_status":"open","ping_status":"closed","template":"","meta":{"_joinchat":[]},"product_brand":[],"product_cat":[32],"product_tag":[],"class_list":{"0":"post-936","1":"product","2":"type-product","3":"status-publish","4":"has-post-thumbnail","6":"product_cat-manga","8":"first","9":"outofstock","10":"sale","11":"taxable","12":"shipping-taxable","13":"purchasable","14":"product-type-simple"},"yoast_head":"<!-- This site is optimized with the Yoast SEO plugin v25.7 - https:\/\/yoast.com\/wordpress\/plugins\/seo\/ -->\n<title>Shingeki no Kyojin 2 (Hajime Isayama) | Colossal Store<\/title>\n<meta name=\"description\" content=\"Shingeki no Kyojin 2 (Hajime Isayama) Tras el ataque del supertit\u00e1n, que consigui\u00f3 traspasar el primer muro de contenci\u00f3n de la ciudad humana, los supervivientes est\u00e1n a\u00fan m\u00e1s desesperados. Eren y sus amigos ya se han graduado como defensores de la ciudad, pero cuando los titanes atacan de nuevo, todo su entrenamiento parece in\u00fatil ante el terror que provocan\u2026\" \/>\n<meta name=\"robots\" content=\"index, follow, max-snippet:-1, max-image-preview:large, max-video-preview:-1\" \/>\n<link rel=\"canonical\" href=\"https:\/\/www.colossalstore.es\/en\/tienda\/manga\/ataque-a-los-titanes-2\/\" \/>\n<meta property=\"og:locale\" content=\"en_US\" \/>\n<meta property=\"og:type\" content=\"article\" \/>\n<meta property=\"og:title\" content=\"Shingeki no Kyojin 2 (Hajime Isayama) | Colossal Store\" \/>\n<meta property=\"og:description\" content=\"Shingeki no Kyojin 2 (Hajime Isayama) Tras el ataque del supertit\u00e1n, que consigui\u00f3 traspasar el primer muro de contenci\u00f3n de la ciudad humana, los supervivientes est\u00e1n a\u00fan m\u00e1s desesperados. Eren y sus amigos ya se han graduado como defensores de la ciudad, pero cuando los titanes atacan de nuevo, todo su entrenamiento parece in\u00fatil ante el terror que provocan\u2026\" \/>\n<meta property=\"og:url\" content=\"https:\/\/www.colossalstore.es\/en\/tienda\/manga\/ataque-a-los-titanes-2\/\" \/>\n<meta property=\"og:site_name\" content=\"Colossal Store\" \/>\n<meta property=\"article:modified_time\" content=\"2026-01-05T18:52:13+00:00\" \/>\n<meta property=\"og:image\" content=\"https:\/\/www.colossalstore.es\/wp-content\/uploads\/2022\/09\/thumb_3920_albumes_big.jpeg\" \/>\n\t<meta property=\"og:image:width\" content=\"265\" \/>\n\t<meta property=\"og:image:height\" content=\"400\" \/>\n\t<meta property=\"og:image:type\" content=\"image\/jpeg\" \/>\n<meta name=\"twitter:card\" content=\"summary_large_image\" \/>\n<meta name=\"twitter:site\" content=\"@Colossal_Store\" \/>\n<meta name=\"twitter:label1\" content=\"Est. reading time\" \/>\n\t<meta name=\"twitter:data1\" content=\"1 minute\" \/>\n<script type=\"application\/ld+json\" class=\"yoast-schema-graph\">{\"@context\":\"https:\/\/schema.org\",\"@graph\":[{\"@type\":\"WebPage\",\"@id\":\"https:\/\/www.colossalstore.es\/tienda\/manga\/ataque-a-los-titanes-2\/\",\"url\":\"https:\/\/www.colossalstore.es\/tienda\/manga\/ataque-a-los-titanes-2\/\",\"name\":\"Shingeki no Kyojin 2 (Hajime Isayama) | Colossal Store\",\"isPartOf\":{\"@id\":\"https:\/\/www.colossalstore.es\/#website\"},\"primaryImageOfPage\":{\"@id\":\"https:\/\/www.colossalstore.es\/tienda\/manga\/ataque-a-los-titanes-2\/#primaryimage\"},\"image\":{\"@id\":\"https:\/\/www.colossalstore.es\/tienda\/manga\/ataque-a-los-titanes-2\/#primaryimage\"},\"thumbnailUrl\":\"https:\/\/www.colossalstore.es\/wp-content\/uploads\/2022\/09\/thumb_3920_albumes_big.jpeg\",\"datePublished\":\"2022-09-16T08:43:33+00:00\",\"dateModified\":\"2026-01-05T18:52:13+00:00\",\"description\":\"Shingeki no Kyojin 2 (Hajime Isayama) Tras el ataque del supertit\u00e1n, que consigui\u00f3 traspasar el primer muro de contenci\u00f3n de la ciudad humana, los supervivientes est\u00e1n a\u00fan m\u00e1s desesperados. Eren y sus amigos ya se han graduado como defensores de la ciudad, pero cuando los titanes atacan de nuevo, todo su entrenamiento parece in\u00fatil ante el terror que provocan\u2026\",\"breadcrumb\":{\"@id\":\"https:\/\/www.colossalstore.es\/tienda\/manga\/ataque-a-los-titanes-2\/#breadcrumb\"},\"inLanguage\":\"en-US\",\"potentialAction\":[{\"@type\":\"ReadAction\",\"target\":[\"https:\/\/www.colossalstore.es\/tienda\/manga\/ataque-a-los-titanes-2\/\"]}]},{\"@type\":\"ImageObject\",\"inLanguage\":\"en-US\",\"@id\":\"https:\/\/www.colossalstore.es\/tienda\/manga\/ataque-a-los-titanes-2\/#primaryimage\",\"url\":\"https:\/\/www.colossalstore.es\/wp-content\/uploads\/2022\/09\/thumb_3920_albumes_big.jpeg\",\"contentUrl\":\"https:\/\/www.colossalstore.es\/wp-content\/uploads\/2022\/09\/thumb_3920_albumes_big.jpeg\",\"width\":265,\"height\":400},{\"@type\":\"BreadcrumbList\",\"@id\":\"https:\/\/www.colossalstore.es\/tienda\/manga\/ataque-a-los-titanes-2\/#breadcrumb\",\"itemListElement\":[{\"@type\":\"ListItem\",\"position\":1,\"name\":\"Home\",\"item\":\"https:\/\/www.colossalstore.es\/\"},{\"@type\":\"ListItem\",\"position\":2,\"name\":\"Tienda\",\"item\":\"https:\/\/www.colossalstore.es\/tienda\/\"},{\"@type\":\"ListItem\",\"position\":3,\"name\":\"ATAQUE A LOS TITANES 2\"}]},{\"@type\":\"WebSite\",\"@id\":\"https:\/\/www.colossalstore.es\/#website\",\"url\":\"https:\/\/www.colossalstore.es\/\",\"name\":\"Colossal Store\",\"description\":\"Colossal Store, tienda especializada en TCGs.\",\"publisher\":{\"@id\":\"https:\/\/www.colossalstore.es\/#organization\"},\"alternateName\":\"Colossal Store\",\"potentialAction\":[{\"@type\":\"SearchAction\",\"target\":{\"@type\":\"EntryPoint\",\"urlTemplate\":\"https:\/\/www.colossalstore.es\/?s={search_term_string}\"},\"query-input\":{\"@type\":\"PropertyValueSpecification\",\"valueRequired\":true,\"valueName\":\"search_term_string\"}}],\"inLanguage\":\"en-US\"},{\"@type\":\"Organization\",\"@id\":\"https:\/\/www.colossalstore.es\/#organization\",\"name\":\"Colossal Store\",\"url\":\"https:\/\/www.colossalstore.es\/\",\"logo\":{\"@type\":\"ImageObject\",\"inLanguage\":\"en-US\",\"@id\":\"https:\/\/www.colossalstore.es\/#\/schema\/logo\/image\/\",\"url\":\"https:\/\/www.colossalstore.es\/wp-content\/uploads\/2023\/05\/Colossal_Logo-02.png\",\"contentUrl\":\"https:\/\/www.colossalstore.es\/wp-content\/uploads\/2023\/05\/Colossal_Logo-02.png\",\"width\":1181,\"height\":1181,\"caption\":\"Colossal Store\"},\"image\":{\"@id\":\"https:\/\/www.colossalstore.es\/#\/schema\/logo\/image\/\"},\"sameAs\":[\"https:\/\/x.com\/Colossal_Store\",\"https:\/\/www.instagram.com\/colossal_store_tcg\/\",\"https:\/\/www.tiktok.com\/@colossalstore\"]}]}<\/script>\n<!-- \/ Yoast SEO plugin. -->","yoast_head_json":{"title":"Shingeki no Kyojin 2 (Hajime Isayama) | Colossal Store","description":"Shingeki no Kyojin 2 (Hajime Isayama) Tras el ataque del supertit\u00e1n, que consigui\u00f3 traspasar el primer muro de contenci\u00f3n de la ciudad humana, los supervivientes est\u00e1n a\u00fan m\u00e1s desesperados. Eren y sus amigos ya se han graduado como defensores de la ciudad, pero cuando los titanes atacan de nuevo, todo su entrenamiento parece in\u00fatil ante el terror que provocan\u2026","robots":{"index":"index","follow":"follow","max-snippet":"max-snippet:-1","max-image-preview":"max-image-preview:large","max-video-preview":"max-video-preview:-1"},"canonical":"https:\/\/www.colossalstore.es\/en\/tienda\/manga\/ataque-a-los-titanes-2\/","og_locale":"en_US","og_type":"article","og_title":"Shingeki no Kyojin 2 (Hajime Isayama) | Colossal Store","og_description":"Shingeki no Kyojin 2 (Hajime Isayama) Tras el ataque del supertit\u00e1n, que consigui\u00f3 traspasar el primer muro de contenci\u00f3n de la ciudad humana, los supervivientes est\u00e1n a\u00fan m\u00e1s desesperados. Eren y sus amigos ya se han graduado como defensores de la ciudad, pero cuando los titanes atacan de nuevo, todo su entrenamiento parece in\u00fatil ante el terror que provocan\u2026","og_url":"https:\/\/www.colossalstore.es\/en\/tienda\/manga\/ataque-a-los-titanes-2\/","og_site_name":"Colossal Store","article_modified_time":"2026-01-05T18:52:13+00:00","og_image":[{"width":265,"height":400,"url":"https:\/\/www.colossalstore.es\/wp-content\/uploads\/2022\/09\/thumb_3920_albumes_big.jpeg","type":"image\/jpeg"}],"twitter_card":"summary_large_image","twitter_site":"@Colossal_Store","twitter_misc":{"Est. reading time":"1 minute"},"schema":{"@context":"https:\/\/schema.org","@graph":[{"@type":"WebPage","@id":"https:\/\/www.colossalstore.es\/tienda\/manga\/ataque-a-los-titanes-2\/","url":"https:\/\/www.colossalstore.es\/tienda\/manga\/ataque-a-los-titanes-2\/","name":"Shingeki no Kyojin 2 (Hajime Isayama) | Colossal Store","isPartOf":{"@id":"https:\/\/www.colossalstore.es\/#website"},"primaryImageOfPage":{"@id":"https:\/\/www.colossalstore.es\/tienda\/manga\/ataque-a-los-titanes-2\/#primaryimage"},"image":{"@id":"https:\/\/www.colossalstore.es\/tienda\/manga\/ataque-a-los-titanes-2\/#primaryimage"},"thumbnailUrl":"https:\/\/www.colossalstore.es\/wp-content\/uploads\/2022\/09\/thumb_3920_albumes_big.jpeg","datePublished":"2022-09-16T08:43:33+00:00","dateModified":"2026-01-05T18:52:13+00:00","description":"Shingeki no Kyojin 2 (Hajime Isayama) Tras el ataque del supertit\u00e1n, que consigui\u00f3 traspasar el primer muro de contenci\u00f3n de la ciudad humana, los supervivientes est\u00e1n a\u00fan m\u00e1s desesperados. Eren y sus amigos ya se han graduado como defensores de la ciudad, pero cuando los titanes atacan de nuevo, todo su entrenamiento parece in\u00fatil ante el terror que provocan\u2026","breadcrumb":{"@id":"https:\/\/www.colossalstore.es\/tienda\/manga\/ataque-a-los-titanes-2\/#breadcrumb"},"inLanguage":"en-US","potentialAction":[{"@type":"ReadAction","target":["https:\/\/www.colossalstore.es\/tienda\/manga\/ataque-a-los-titanes-2\/"]}]},{"@type":"ImageObject","inLanguage":"en-US","@id":"https:\/\/www.colossalstore.es\/tienda\/manga\/ataque-a-los-titanes-2\/#primaryimage","url":"https:\/\/www.colossalstore.es\/wp-content\/uploads\/2022\/09\/thumb_3920_albumes_big.jpeg","contentUrl":"https:\/\/www.colossalstore.es\/wp-content\/uploads\/2022\/09\/thumb_3920_albumes_big.jpeg","width":265,"height":400},{"@type":"BreadcrumbList","@id":"https:\/\/www.colossalstore.es\/tienda\/manga\/ataque-a-los-titanes-2\/#breadcrumb","itemListElement":[{"@type":"ListItem","position":1,"name":"Home","item":"https:\/\/www.colossalstore.es\/"},{"@type":"ListItem","position":2,"name":"Tienda","item":"https:\/\/www.colossalstore.es\/tienda\/"},{"@type":"ListItem","position":3,"name":"ATAQUE A LOS TITANES 2"}]},{"@type":"WebSite","@id":"https:\/\/www.colossalstore.es\/#website","url":"https:\/\/www.colossalstore.es\/","name":"Colossal Store","description":"Colossal Store, store specialized in TCGs.","publisher":{"@id":"https:\/\/www.colossalstore.es\/#organization"},"alternateName":"Colossal Store","potentialAction":[{"@type":"SearchAction","target":{"@type":"EntryPoint","urlTemplate":"https:\/\/www.colossalstore.es\/?s={search_term_string}"},"query-input":{"@type":"PropertyValueSpecification","valueRequired":true,"valueName":"search_term_string"}}],"inLanguage":"en-US"},{"@type":"Organization","@id":"https:\/\/www.colossalstore.es\/#organization","name":"Colossal Store","url":"https:\/\/www.colossalstore.es\/","logo":{"@type":"ImageObject","inLanguage":"en-US","@id":"https:\/\/www.colossalstore.es\/#\/schema\/logo\/image\/","url":"https:\/\/www.colossalstore.es\/wp-content\/uploads\/2023\/05\/Colossal_Logo-02.png","contentUrl":"https:\/\/www.colossalstore.es\/wp-content\/uploads\/2023\/05\/Colossal_Logo-02.png","width":1181,"height":1181,"caption":"Colossal Store"},"image":{"@id":"https:\/\/www.colossalstore.es\/#\/schema\/logo\/image\/"},"sameAs":["https:\/\/x.com\/Colossal_Store","https:\/\/www.instagram.com\/colossal_store_tcg\/","https:\/\/www.tiktok.com\/@colossalstore"]}]}},"_links":{"self":[{"href":"https:\/\/www.colossalstore.es\/en\/wp-json\/wp\/v2\/product\/936","targetHints":{"allow":["GET"]}}],"collection":[{"href":"https:\/\/www.colossalstore.es\/en\/wp-json\/wp\/v2\/product"}],"about":[{"href":"https:\/\/www.colossalstore.es\/en\/wp-json\/wp\/v2\/types\/product"}],"replies":[{"embeddable":true,"href":"https:\/\/www.colossalstore.es\/en\/wp-json\/wp\/v2\/comments?post=936"}],"wp:featuredmedia":[{"embeddable":true,"href":"https:\/\/www.colossalstore.es\/en\/wp-json\/wp\/v2\/media\/937"}],"wp:attachment":[{"href":"https:\/\/www.colossalstore.es\/en\/wp-json\/wp\/v2\/media?parent=936"}],"wp:term":[{"taxonomy":"product_brand","embeddable":true,"href":"https:\/\/www.colossalstore.es\/en\/wp-json\/wp\/v2\/product_brand?post=936"},{"taxonomy":"product_cat","embeddable":true,"href":"https:\/\/www.colossalstore.es\/en\/wp-json\/wp\/v2\/product_cat?post=936"},{"taxonomy":"product_tag","embeddable":true,"href":"https:\/\/www.colossalstore.es\/en\/wp-json\/wp\/v2\/product_tag?post=936"}],"curies":[{"name":"wp","href":"https:\/\/api.w.org\/{rel}","templated":true}]}}