{"id":934,"date":"2022-09-16T10:42:43","date_gmt":"2022-09-16T08:42:43","guid":{"rendered":"https:\/\/colossalstore.es\/?post_type=product&#038;p=934"},"modified":"2025-06-20T11:21:39","modified_gmt":"2025-06-20T09:21:39","slug":"ataque-a-los-titanes-1","status":"publish","type":"product","link":"https:\/\/www.colossalstore.es\/en\/tienda\/manga\/ataque-a-los-titanes-1\/","title":{"rendered":"attack on titan 1"},"content":{"rendered":"<p>Shingeki no Kyojin 1 (Hajime Isayama)<\/p>\n<p>THE REVELATION SEINEN IN JAPAN: MORE THAN 9 MILLION COPIES SOLD!<\/p>\n<p>The human race, once master of the world, faces extinction at the hands of the titans, gigantic monsters of limited intelligence that hunt and devour people for fun. The survivors crowd together and try to survive in a small town... but some have had enough: they are going to attack!<\/p>","protected":false},"excerpt":{"rendered":"<p>Shingeki no Kyojin 1 (Hajime Isayama) EL SEINEN REVELACI\u00d3N EN JAP\u00d3N: \u00a1M\u00c1S DE 9 MILLONES DE COPIAS VENDIDAS! La raza humana, anta\u00f1o due\u00f1a del mundo, se enfrenta a la extinci\u00f3n a manos de los titanes, gigantescos monstruos de inteligencia limitada que cazan y devoran personas por diversi\u00f3n. Los supervivientes se hacinan e intentan sobrevivir en [&hellip;]<\/p>","protected":false},"featured_media":935,"comment_status":"open","ping_status":"closed","template":"","meta":{"_joinchat":[]},"product_brand":[],"product_cat":[32],"product_tag":[],"class_list":{"0":"post-934","1":"product","2":"type-product","3":"status-publish","4":"has-post-thumbnail","6":"product_cat-manga","8":"first","9":"outofstock","10":"sale","11":"taxable","12":"shipping-taxable","13":"purchasable","14":"product-type-simple"},"yoast_head":"<!-- This site is optimized with the Yoast SEO plugin v25.7 - https:\/\/yoast.com\/wordpress\/plugins\/seo\/ -->\n<title>Shingeki no Kyojin 1 (Hajime Isayama) | Colossal Store<\/title>\n<meta name=\"description\" content=\"Shingeki no Kyojin 1 (Hajime Isayama) La raza humana, anta\u00f1o due\u00f1a del mundo, se enfrenta a la extinci\u00f3n a manos de los titanes, gigantescos monstruos de inteligencia limitada que cazan y devoran personas por diversi\u00f3n. Los supervivientes se hacinan e intentan sobrevivir en una peque\u00f1a ciudad\u2026 pero algunos ya est\u00e1n hartos: \u00a1van a atacar!\" \/>\n<meta name=\"robots\" content=\"index, follow, max-snippet:-1, max-image-preview:large, max-video-preview:-1\" \/>\n<link rel=\"canonical\" href=\"https:\/\/www.colossalstore.es\/en\/tienda\/manga\/ataque-a-los-titanes-1\/\" \/>\n<meta property=\"og:locale\" content=\"en_US\" \/>\n<meta property=\"og:type\" content=\"article\" \/>\n<meta property=\"og:title\" content=\"Shingeki no Kyojin 1 (Hajime Isayama) | Colossal Store\" \/>\n<meta property=\"og:description\" content=\"Shingeki no Kyojin 1 (Hajime Isayama) La raza humana, anta\u00f1o due\u00f1a del mundo, se enfrenta a la extinci\u00f3n a manos de los titanes, gigantescos monstruos de inteligencia limitada que cazan y devoran personas por diversi\u00f3n. Los supervivientes se hacinan e intentan sobrevivir en una peque\u00f1a ciudad\u2026 pero algunos ya est\u00e1n hartos: \u00a1van a atacar!\" \/>\n<meta property=\"og:url\" content=\"https:\/\/www.colossalstore.es\/en\/tienda\/manga\/ataque-a-los-titanes-1\/\" \/>\n<meta property=\"og:site_name\" content=\"Colossal Store\" \/>\n<meta property=\"article:modified_time\" content=\"2025-06-20T09:21:39+00:00\" \/>\n<meta property=\"og:image\" content=\"https:\/\/www.colossalstore.es\/wp-content\/uploads\/2022\/09\/thumb_3877_albumes_big.jpeg\" \/>\n\t<meta property=\"og:image:width\" content=\"265\" \/>\n\t<meta property=\"og:image:height\" content=\"400\" \/>\n\t<meta property=\"og:image:type\" content=\"image\/jpeg\" \/>\n<meta name=\"twitter:card\" content=\"summary_large_image\" \/>\n<meta name=\"twitter:site\" content=\"@Colossal_Store\" \/>\n<meta name=\"twitter:label1\" content=\"Est. reading time\" \/>\n\t<meta name=\"twitter:data1\" content=\"1 minute\" \/>\n<script type=\"application\/ld+json\" class=\"yoast-schema-graph\">{\"@context\":\"https:\/\/schema.org\",\"@graph\":[{\"@type\":\"WebPage\",\"@id\":\"https:\/\/www.colossalstore.es\/tienda\/manga\/ataque-a-los-titanes-1\/\",\"url\":\"https:\/\/www.colossalstore.es\/tienda\/manga\/ataque-a-los-titanes-1\/\",\"name\":\"Shingeki no Kyojin 1 (Hajime Isayama) | Colossal Store\",\"isPartOf\":{\"@id\":\"https:\/\/www.colossalstore.es\/#website\"},\"primaryImageOfPage\":{\"@id\":\"https:\/\/www.colossalstore.es\/tienda\/manga\/ataque-a-los-titanes-1\/#primaryimage\"},\"image\":{\"@id\":\"https:\/\/www.colossalstore.es\/tienda\/manga\/ataque-a-los-titanes-1\/#primaryimage\"},\"thumbnailUrl\":\"https:\/\/www.colossalstore.es\/wp-content\/uploads\/2022\/09\/thumb_3877_albumes_big.jpeg\",\"datePublished\":\"2022-09-16T08:42:43+00:00\",\"dateModified\":\"2025-06-20T09:21:39+00:00\",\"description\":\"Shingeki no Kyojin 1 (Hajime Isayama) La raza humana, anta\u00f1o due\u00f1a del mundo, se enfrenta a la extinci\u00f3n a manos de los titanes, gigantescos monstruos de inteligencia limitada que cazan y devoran personas por diversi\u00f3n. Los supervivientes se hacinan e intentan sobrevivir en una peque\u00f1a ciudad\u2026 pero algunos ya est\u00e1n hartos: \u00a1van a atacar!\",\"breadcrumb\":{\"@id\":\"https:\/\/www.colossalstore.es\/tienda\/manga\/ataque-a-los-titanes-1\/#breadcrumb\"},\"inLanguage\":\"en-US\",\"potentialAction\":[{\"@type\":\"ReadAction\",\"target\":[\"https:\/\/www.colossalstore.es\/tienda\/manga\/ataque-a-los-titanes-1\/\"]}]},{\"@type\":\"ImageObject\",\"inLanguage\":\"en-US\",\"@id\":\"https:\/\/www.colossalstore.es\/tienda\/manga\/ataque-a-los-titanes-1\/#primaryimage\",\"url\":\"https:\/\/www.colossalstore.es\/wp-content\/uploads\/2022\/09\/thumb_3877_albumes_big.jpeg\",\"contentUrl\":\"https:\/\/www.colossalstore.es\/wp-content\/uploads\/2022\/09\/thumb_3877_albumes_big.jpeg\",\"width\":265,\"height\":400},{\"@type\":\"BreadcrumbList\",\"@id\":\"https:\/\/www.colossalstore.es\/tienda\/manga\/ataque-a-los-titanes-1\/#breadcrumb\",\"itemListElement\":[{\"@type\":\"ListItem\",\"position\":1,\"name\":\"Home\",\"item\":\"https:\/\/www.colossalstore.es\/\"},{\"@type\":\"ListItem\",\"position\":2,\"name\":\"Tienda\",\"item\":\"https:\/\/www.colossalstore.es\/tienda\/\"},{\"@type\":\"ListItem\",\"position\":3,\"name\":\"Ataque a los titanes 1\"}]},{\"@type\":\"WebSite\",\"@id\":\"https:\/\/www.colossalstore.es\/#website\",\"url\":\"https:\/\/www.colossalstore.es\/\",\"name\":\"Colossal Store\",\"description\":\"Colossal Store, tienda especializada en TCGs.\",\"publisher\":{\"@id\":\"https:\/\/www.colossalstore.es\/#organization\"},\"alternateName\":\"Colossal Store\",\"potentialAction\":[{\"@type\":\"SearchAction\",\"target\":{\"@type\":\"EntryPoint\",\"urlTemplate\":\"https:\/\/www.colossalstore.es\/?s={search_term_string}\"},\"query-input\":{\"@type\":\"PropertyValueSpecification\",\"valueRequired\":true,\"valueName\":\"search_term_string\"}}],\"inLanguage\":\"en-US\"},{\"@type\":\"Organization\",\"@id\":\"https:\/\/www.colossalstore.es\/#organization\",\"name\":\"Colossal Store\",\"url\":\"https:\/\/www.colossalstore.es\/\",\"logo\":{\"@type\":\"ImageObject\",\"inLanguage\":\"en-US\",\"@id\":\"https:\/\/www.colossalstore.es\/#\/schema\/logo\/image\/\",\"url\":\"https:\/\/www.colossalstore.es\/wp-content\/uploads\/2023\/05\/Colossal_Logo-02.png\",\"contentUrl\":\"https:\/\/www.colossalstore.es\/wp-content\/uploads\/2023\/05\/Colossal_Logo-02.png\",\"width\":1181,\"height\":1181,\"caption\":\"Colossal Store\"},\"image\":{\"@id\":\"https:\/\/www.colossalstore.es\/#\/schema\/logo\/image\/\"},\"sameAs\":[\"https:\/\/x.com\/Colossal_Store\",\"https:\/\/www.instagram.com\/colossal_store_tcg\/\",\"https:\/\/www.tiktok.com\/@colossalstore\"]}]}<\/script>\n<!-- \/ Yoast SEO plugin. -->","yoast_head_json":{"title":"Shingeki no Kyojin 1 (Hajime Isayama) | Colossal Store","description":"Shingeki no Kyojin 1 (Hajime Isayama) La raza humana, anta\u00f1o due\u00f1a del mundo, se enfrenta a la extinci\u00f3n a manos de los titanes, gigantescos monstruos de inteligencia limitada que cazan y devoran personas por diversi\u00f3n. Los supervivientes se hacinan e intentan sobrevivir en una peque\u00f1a ciudad\u2026 pero algunos ya est\u00e1n hartos: \u00a1van a atacar!","robots":{"index":"index","follow":"follow","max-snippet":"max-snippet:-1","max-image-preview":"max-image-preview:large","max-video-preview":"max-video-preview:-1"},"canonical":"https:\/\/www.colossalstore.es\/en\/tienda\/manga\/ataque-a-los-titanes-1\/","og_locale":"en_US","og_type":"article","og_title":"Shingeki no Kyojin 1 (Hajime Isayama) | Colossal Store","og_description":"Shingeki no Kyojin 1 (Hajime Isayama) La raza humana, anta\u00f1o due\u00f1a del mundo, se enfrenta a la extinci\u00f3n a manos de los titanes, gigantescos monstruos de inteligencia limitada que cazan y devoran personas por diversi\u00f3n. Los supervivientes se hacinan e intentan sobrevivir en una peque\u00f1a ciudad\u2026 pero algunos ya est\u00e1n hartos: \u00a1van a atacar!","og_url":"https:\/\/www.colossalstore.es\/en\/tienda\/manga\/ataque-a-los-titanes-1\/","og_site_name":"Colossal Store","article_modified_time":"2025-06-20T09:21:39+00:00","og_image":[{"width":265,"height":400,"url":"https:\/\/www.colossalstore.es\/wp-content\/uploads\/2022\/09\/thumb_3877_albumes_big.jpeg","type":"image\/jpeg"}],"twitter_card":"summary_large_image","twitter_site":"@Colossal_Store","twitter_misc":{"Est. reading time":"1 minute"},"schema":{"@context":"https:\/\/schema.org","@graph":[{"@type":"WebPage","@id":"https:\/\/www.colossalstore.es\/tienda\/manga\/ataque-a-los-titanes-1\/","url":"https:\/\/www.colossalstore.es\/tienda\/manga\/ataque-a-los-titanes-1\/","name":"Shingeki no Kyojin 1 (Hajime Isayama) | Colossal Store","isPartOf":{"@id":"https:\/\/www.colossalstore.es\/#website"},"primaryImageOfPage":{"@id":"https:\/\/www.colossalstore.es\/tienda\/manga\/ataque-a-los-titanes-1\/#primaryimage"},"image":{"@id":"https:\/\/www.colossalstore.es\/tienda\/manga\/ataque-a-los-titanes-1\/#primaryimage"},"thumbnailUrl":"https:\/\/www.colossalstore.es\/wp-content\/uploads\/2022\/09\/thumb_3877_albumes_big.jpeg","datePublished":"2022-09-16T08:42:43+00:00","dateModified":"2025-06-20T09:21:39+00:00","description":"Shingeki no Kyojin 1 (Hajime Isayama) La raza humana, anta\u00f1o due\u00f1a del mundo, se enfrenta a la extinci\u00f3n a manos de los titanes, gigantescos monstruos de inteligencia limitada que cazan y devoran personas por diversi\u00f3n. Los supervivientes se hacinan e intentan sobrevivir en una peque\u00f1a ciudad\u2026 pero algunos ya est\u00e1n hartos: \u00a1van a atacar!","breadcrumb":{"@id":"https:\/\/www.colossalstore.es\/tienda\/manga\/ataque-a-los-titanes-1\/#breadcrumb"},"inLanguage":"en-US","potentialAction":[{"@type":"ReadAction","target":["https:\/\/www.colossalstore.es\/tienda\/manga\/ataque-a-los-titanes-1\/"]}]},{"@type":"ImageObject","inLanguage":"en-US","@id":"https:\/\/www.colossalstore.es\/tienda\/manga\/ataque-a-los-titanes-1\/#primaryimage","url":"https:\/\/www.colossalstore.es\/wp-content\/uploads\/2022\/09\/thumb_3877_albumes_big.jpeg","contentUrl":"https:\/\/www.colossalstore.es\/wp-content\/uploads\/2022\/09\/thumb_3877_albumes_big.jpeg","width":265,"height":400},{"@type":"BreadcrumbList","@id":"https:\/\/www.colossalstore.es\/tienda\/manga\/ataque-a-los-titanes-1\/#breadcrumb","itemListElement":[{"@type":"ListItem","position":1,"name":"Home","item":"https:\/\/www.colossalstore.es\/"},{"@type":"ListItem","position":2,"name":"Tienda","item":"https:\/\/www.colossalstore.es\/tienda\/"},{"@type":"ListItem","position":3,"name":"Ataque a los titanes 1"}]},{"@type":"WebSite","@id":"https:\/\/www.colossalstore.es\/#website","url":"https:\/\/www.colossalstore.es\/","name":"Colossal Store","description":"Colossal Store, store specialized in TCGs.","publisher":{"@id":"https:\/\/www.colossalstore.es\/#organization"},"alternateName":"Colossal Store","potentialAction":[{"@type":"SearchAction","target":{"@type":"EntryPoint","urlTemplate":"https:\/\/www.colossalstore.es\/?s={search_term_string}"},"query-input":{"@type":"PropertyValueSpecification","valueRequired":true,"valueName":"search_term_string"}}],"inLanguage":"en-US"},{"@type":"Organization","@id":"https:\/\/www.colossalstore.es\/#organization","name":"Colossal Store","url":"https:\/\/www.colossalstore.es\/","logo":{"@type":"ImageObject","inLanguage":"en-US","@id":"https:\/\/www.colossalstore.es\/#\/schema\/logo\/image\/","url":"https:\/\/www.colossalstore.es\/wp-content\/uploads\/2023\/05\/Colossal_Logo-02.png","contentUrl":"https:\/\/www.colossalstore.es\/wp-content\/uploads\/2023\/05\/Colossal_Logo-02.png","width":1181,"height":1181,"caption":"Colossal Store"},"image":{"@id":"https:\/\/www.colossalstore.es\/#\/schema\/logo\/image\/"},"sameAs":["https:\/\/x.com\/Colossal_Store","https:\/\/www.instagram.com\/colossal_store_tcg\/","https:\/\/www.tiktok.com\/@colossalstore"]}]}},"_links":{"self":[{"href":"https:\/\/www.colossalstore.es\/en\/wp-json\/wp\/v2\/product\/934","targetHints":{"allow":["GET"]}}],"collection":[{"href":"https:\/\/www.colossalstore.es\/en\/wp-json\/wp\/v2\/product"}],"about":[{"href":"https:\/\/www.colossalstore.es\/en\/wp-json\/wp\/v2\/types\/product"}],"replies":[{"embeddable":true,"href":"https:\/\/www.colossalstore.es\/en\/wp-json\/wp\/v2\/comments?post=934"}],"wp:featuredmedia":[{"embeddable":true,"href":"https:\/\/www.colossalstore.es\/en\/wp-json\/wp\/v2\/media\/935"}],"wp:attachment":[{"href":"https:\/\/www.colossalstore.es\/en\/wp-json\/wp\/v2\/media?parent=934"}],"wp:term":[{"taxonomy":"product_brand","embeddable":true,"href":"https:\/\/www.colossalstore.es\/en\/wp-json\/wp\/v2\/product_brand?post=934"},{"taxonomy":"product_cat","embeddable":true,"href":"https:\/\/www.colossalstore.es\/en\/wp-json\/wp\/v2\/product_cat?post=934"},{"taxonomy":"product_tag","embeddable":true,"href":"https:\/\/www.colossalstore.es\/en\/wp-json\/wp\/v2\/product_tag?post=934"}],"curies":[{"name":"wp","href":"https:\/\/api.w.org\/{rel}","templated":true}]}}