{"id":930,"date":"2022-09-16T09:48:27","date_gmt":"2022-09-16T07:48:27","guid":{"rendered":"https:\/\/colossalstore.es\/?post_type=product&#038;p=930"},"modified":"2025-06-20T11:21:40","modified_gmt":"2025-06-20T09:21:40","slug":"fullmetal-alchemist-1","status":"publish","type":"product","link":"https:\/\/www.colossalstore.es\/en\/tienda\/manga\/fullmetal-alchemist-1\/","title":{"rendered":"Fullmetal Alchemist 1"},"content":{"rendered":"<p>Fullmetal Alchemist 1 (Hiromu Arakawa)<\/p>\n<p>Brothers Edward and Alphonse Elric live in a world where magic and alchemy exist and can be practiced. After the death of their mother, together they will try to resurrect her through alchemy. But something goes wrong and Edward loses an arm and a leg, and Alphonse&#039;s spirit ends up relegated to an old suit of armor.<\/p>\n<p>In order to recover their bodies, they decide to join the Amestris army, in the alchemist division, in order to continue researching \u201cthe philosopher&#039;s stone\u201d that can return them to normal. What they did not expect to discover is that behind the philosopher&#039;s stone there is an entire hidden conspiracy to destroy the entire world as we know it...<\/p>","protected":false},"excerpt":{"rendered":"<p>Fullmetal Alchemist 1 (Hiromu Arakawa) Los hermanos Edward y Alphonse Elric viven en un mundo donde la magia y la alquimia existen y se pueden practicar. Despu\u00e9s de la muerte de su madre, juntos tratar\u00e1n de resucitarla a trav\u00e9s de la alquimia. Pero algo sale mal y Edward pierde un brazo y una pierna, y [&hellip;]<\/p>","protected":false},"featured_media":931,"comment_status":"open","ping_status":"closed","template":"","meta":{"_joinchat":[]},"product_brand":[],"product_cat":[32],"product_tag":[],"class_list":{"0":"post-930","1":"product","2":"type-product","3":"status-publish","4":"has-post-thumbnail","6":"product_cat-manga","8":"first","9":"outofstock","10":"taxable","11":"shipping-taxable","12":"purchasable","13":"product-type-simple"},"yoast_head":"<!-- This site is optimized with the Yoast SEO plugin v25.7 - https:\/\/yoast.com\/wordpress\/plugins\/seo\/ -->\n<title>Fullmetal Alchemist 1 (Hiromu Arakawa) | Colossal Store<\/title>\n<meta name=\"description\" content=\"Fullmetal Alchemist 1 (Hiromu Arakawa) Los hermanos Edward y Alphonse Elric viven en un mundo donde la magia y la alquimia existen y se pueden practicar. Despu\u00e9s de la muerte de su madre, juntos tratar\u00e1n de resucitarla a trav\u00e9s de la alquimia. Pero algo sale mal y Edward pierde un brazo y una pierna, y el esp\u00edritu de Alphonse acaba relegado en una vieja armadura.\" \/>\n<meta name=\"robots\" content=\"index, follow, max-snippet:-1, max-image-preview:large, max-video-preview:-1\" \/>\n<link rel=\"canonical\" href=\"https:\/\/www.colossalstore.es\/en\/tienda\/manga\/fullmetal-alchemist-1\/\" \/>\n<meta property=\"og:locale\" content=\"en_US\" \/>\n<meta property=\"og:type\" content=\"article\" \/>\n<meta property=\"og:title\" content=\"Fullmetal Alchemist 1 (Hiromu Arakawa) | Colossal Store\" \/>\n<meta property=\"og:description\" content=\"Fullmetal Alchemist 1 (Hiromu Arakawa) Los hermanos Edward y Alphonse Elric viven en un mundo donde la magia y la alquimia existen y se pueden practicar. Despu\u00e9s de la muerte de su madre, juntos tratar\u00e1n de resucitarla a trav\u00e9s de la alquimia. Pero algo sale mal y Edward pierde un brazo y una pierna, y el esp\u00edritu de Alphonse acaba relegado en una vieja armadura.\" \/>\n<meta property=\"og:url\" content=\"https:\/\/www.colossalstore.es\/en\/tienda\/manga\/fullmetal-alchemist-1\/\" \/>\n<meta property=\"og:site_name\" content=\"Colossal Store\" \/>\n<meta property=\"article:modified_time\" content=\"2025-06-20T09:21:40+00:00\" \/>\n<meta property=\"og:image\" content=\"https:\/\/www.colossalstore.es\/wp-content\/uploads\/2022\/09\/thumb_1796_albumes_big.jpeg\" \/>\n\t<meta property=\"og:image:width\" content=\"261\" \/>\n\t<meta property=\"og:image:height\" content=\"400\" \/>\n\t<meta property=\"og:image:type\" content=\"image\/jpeg\" \/>\n<meta name=\"twitter:card\" content=\"summary_large_image\" \/>\n<meta name=\"twitter:site\" content=\"@Colossal_Store\" \/>\n<meta name=\"twitter:label1\" content=\"Est. reading time\" \/>\n\t<meta name=\"twitter:data1\" content=\"1 minute\" \/>\n<script type=\"application\/ld+json\" class=\"yoast-schema-graph\">{\"@context\":\"https:\/\/schema.org\",\"@graph\":[{\"@type\":\"WebPage\",\"@id\":\"https:\/\/www.colossalstore.es\/tienda\/manga\/fullmetal-alchemist-1\/\",\"url\":\"https:\/\/www.colossalstore.es\/tienda\/manga\/fullmetal-alchemist-1\/\",\"name\":\"Fullmetal Alchemist 1 (Hiromu Arakawa) | Colossal Store\",\"isPartOf\":{\"@id\":\"https:\/\/www.colossalstore.es\/#website\"},\"primaryImageOfPage\":{\"@id\":\"https:\/\/www.colossalstore.es\/tienda\/manga\/fullmetal-alchemist-1\/#primaryimage\"},\"image\":{\"@id\":\"https:\/\/www.colossalstore.es\/tienda\/manga\/fullmetal-alchemist-1\/#primaryimage\"},\"thumbnailUrl\":\"https:\/\/www.colossalstore.es\/wp-content\/uploads\/2022\/09\/thumb_1796_albumes_big.jpeg\",\"datePublished\":\"2022-09-16T07:48:27+00:00\",\"dateModified\":\"2025-06-20T09:21:40+00:00\",\"description\":\"Fullmetal Alchemist 1 (Hiromu Arakawa) Los hermanos Edward y Alphonse Elric viven en un mundo donde la magia y la alquimia existen y se pueden practicar. Despu\u00e9s de la muerte de su madre, juntos tratar\u00e1n de resucitarla a trav\u00e9s de la alquimia. Pero algo sale mal y Edward pierde un brazo y una pierna, y el esp\u00edritu de Alphonse acaba relegado en una vieja armadura.\",\"breadcrumb\":{\"@id\":\"https:\/\/www.colossalstore.es\/tienda\/manga\/fullmetal-alchemist-1\/#breadcrumb\"},\"inLanguage\":\"en-US\",\"potentialAction\":[{\"@type\":\"ReadAction\",\"target\":[\"https:\/\/www.colossalstore.es\/tienda\/manga\/fullmetal-alchemist-1\/\"]}]},{\"@type\":\"ImageObject\",\"inLanguage\":\"en-US\",\"@id\":\"https:\/\/www.colossalstore.es\/tienda\/manga\/fullmetal-alchemist-1\/#primaryimage\",\"url\":\"https:\/\/www.colossalstore.es\/wp-content\/uploads\/2022\/09\/thumb_1796_albumes_big.jpeg\",\"contentUrl\":\"https:\/\/www.colossalstore.es\/wp-content\/uploads\/2022\/09\/thumb_1796_albumes_big.jpeg\",\"width\":261,\"height\":400},{\"@type\":\"BreadcrumbList\",\"@id\":\"https:\/\/www.colossalstore.es\/tienda\/manga\/fullmetal-alchemist-1\/#breadcrumb\",\"itemListElement\":[{\"@type\":\"ListItem\",\"position\":1,\"name\":\"Home\",\"item\":\"https:\/\/www.colossalstore.es\/\"},{\"@type\":\"ListItem\",\"position\":2,\"name\":\"Tienda\",\"item\":\"https:\/\/www.colossalstore.es\/tienda\/\"},{\"@type\":\"ListItem\",\"position\":3,\"name\":\"Fullmetal Alchemist 1\"}]},{\"@type\":\"WebSite\",\"@id\":\"https:\/\/www.colossalstore.es\/#website\",\"url\":\"https:\/\/www.colossalstore.es\/\",\"name\":\"Colossal Store\",\"description\":\"Colossal Store, tienda especializada en TCGs.\",\"publisher\":{\"@id\":\"https:\/\/www.colossalstore.es\/#organization\"},\"alternateName\":\"Colossal Store\",\"potentialAction\":[{\"@type\":\"SearchAction\",\"target\":{\"@type\":\"EntryPoint\",\"urlTemplate\":\"https:\/\/www.colossalstore.es\/?s={search_term_string}\"},\"query-input\":{\"@type\":\"PropertyValueSpecification\",\"valueRequired\":true,\"valueName\":\"search_term_string\"}}],\"inLanguage\":\"en-US\"},{\"@type\":\"Organization\",\"@id\":\"https:\/\/www.colossalstore.es\/#organization\",\"name\":\"Colossal Store\",\"url\":\"https:\/\/www.colossalstore.es\/\",\"logo\":{\"@type\":\"ImageObject\",\"inLanguage\":\"en-US\",\"@id\":\"https:\/\/www.colossalstore.es\/#\/schema\/logo\/image\/\",\"url\":\"https:\/\/www.colossalstore.es\/wp-content\/uploads\/2023\/05\/Colossal_Logo-02.png\",\"contentUrl\":\"https:\/\/www.colossalstore.es\/wp-content\/uploads\/2023\/05\/Colossal_Logo-02.png\",\"width\":1181,\"height\":1181,\"caption\":\"Colossal Store\"},\"image\":{\"@id\":\"https:\/\/www.colossalstore.es\/#\/schema\/logo\/image\/\"},\"sameAs\":[\"https:\/\/x.com\/Colossal_Store\",\"https:\/\/www.instagram.com\/colossal_store_tcg\/\",\"https:\/\/www.tiktok.com\/@colossalstore\"]}]}<\/script>\n<!-- \/ Yoast SEO plugin. -->","yoast_head_json":{"title":"Fullmetal Alchemist 1 (Hiromu Arakawa) | Colossal Store","description":"Fullmetal Alchemist 1 (Hiromu Arakawa) Los hermanos Edward y Alphonse Elric viven en un mundo donde la magia y la alquimia existen y se pueden practicar. Despu\u00e9s de la muerte de su madre, juntos tratar\u00e1n de resucitarla a trav\u00e9s de la alquimia. Pero algo sale mal y Edward pierde un brazo y una pierna, y el esp\u00edritu de Alphonse acaba relegado en una vieja armadura.","robots":{"index":"index","follow":"follow","max-snippet":"max-snippet:-1","max-image-preview":"max-image-preview:large","max-video-preview":"max-video-preview:-1"},"canonical":"https:\/\/www.colossalstore.es\/en\/tienda\/manga\/fullmetal-alchemist-1\/","og_locale":"en_US","og_type":"article","og_title":"Fullmetal Alchemist 1 (Hiromu Arakawa) | Colossal Store","og_description":"Fullmetal Alchemist 1 (Hiromu Arakawa) Los hermanos Edward y Alphonse Elric viven en un mundo donde la magia y la alquimia existen y se pueden practicar. Despu\u00e9s de la muerte de su madre, juntos tratar\u00e1n de resucitarla a trav\u00e9s de la alquimia. Pero algo sale mal y Edward pierde un brazo y una pierna, y el esp\u00edritu de Alphonse acaba relegado en una vieja armadura.","og_url":"https:\/\/www.colossalstore.es\/en\/tienda\/manga\/fullmetal-alchemist-1\/","og_site_name":"Colossal Store","article_modified_time":"2025-06-20T09:21:40+00:00","og_image":[{"width":261,"height":400,"url":"https:\/\/www.colossalstore.es\/wp-content\/uploads\/2022\/09\/thumb_1796_albumes_big.jpeg","type":"image\/jpeg"}],"twitter_card":"summary_large_image","twitter_site":"@Colossal_Store","twitter_misc":{"Est. reading time":"1 minute"},"schema":{"@context":"https:\/\/schema.org","@graph":[{"@type":"WebPage","@id":"https:\/\/www.colossalstore.es\/tienda\/manga\/fullmetal-alchemist-1\/","url":"https:\/\/www.colossalstore.es\/tienda\/manga\/fullmetal-alchemist-1\/","name":"Fullmetal Alchemist 1 (Hiromu Arakawa) | Colossal Store","isPartOf":{"@id":"https:\/\/www.colossalstore.es\/#website"},"primaryImageOfPage":{"@id":"https:\/\/www.colossalstore.es\/tienda\/manga\/fullmetal-alchemist-1\/#primaryimage"},"image":{"@id":"https:\/\/www.colossalstore.es\/tienda\/manga\/fullmetal-alchemist-1\/#primaryimage"},"thumbnailUrl":"https:\/\/www.colossalstore.es\/wp-content\/uploads\/2022\/09\/thumb_1796_albumes_big.jpeg","datePublished":"2022-09-16T07:48:27+00:00","dateModified":"2025-06-20T09:21:40+00:00","description":"Fullmetal Alchemist 1 (Hiromu Arakawa) Los hermanos Edward y Alphonse Elric viven en un mundo donde la magia y la alquimia existen y se pueden practicar. Despu\u00e9s de la muerte de su madre, juntos tratar\u00e1n de resucitarla a trav\u00e9s de la alquimia. Pero algo sale mal y Edward pierde un brazo y una pierna, y el esp\u00edritu de Alphonse acaba relegado en una vieja armadura.","breadcrumb":{"@id":"https:\/\/www.colossalstore.es\/tienda\/manga\/fullmetal-alchemist-1\/#breadcrumb"},"inLanguage":"en-US","potentialAction":[{"@type":"ReadAction","target":["https:\/\/www.colossalstore.es\/tienda\/manga\/fullmetal-alchemist-1\/"]}]},{"@type":"ImageObject","inLanguage":"en-US","@id":"https:\/\/www.colossalstore.es\/tienda\/manga\/fullmetal-alchemist-1\/#primaryimage","url":"https:\/\/www.colossalstore.es\/wp-content\/uploads\/2022\/09\/thumb_1796_albumes_big.jpeg","contentUrl":"https:\/\/www.colossalstore.es\/wp-content\/uploads\/2022\/09\/thumb_1796_albumes_big.jpeg","width":261,"height":400},{"@type":"BreadcrumbList","@id":"https:\/\/www.colossalstore.es\/tienda\/manga\/fullmetal-alchemist-1\/#breadcrumb","itemListElement":[{"@type":"ListItem","position":1,"name":"Home","item":"https:\/\/www.colossalstore.es\/"},{"@type":"ListItem","position":2,"name":"Tienda","item":"https:\/\/www.colossalstore.es\/tienda\/"},{"@type":"ListItem","position":3,"name":"Fullmetal Alchemist 1"}]},{"@type":"WebSite","@id":"https:\/\/www.colossalstore.es\/#website","url":"https:\/\/www.colossalstore.es\/","name":"Colossal Store","description":"Colossal Store, store specialized in TCGs.","publisher":{"@id":"https:\/\/www.colossalstore.es\/#organization"},"alternateName":"Colossal Store","potentialAction":[{"@type":"SearchAction","target":{"@type":"EntryPoint","urlTemplate":"https:\/\/www.colossalstore.es\/?s={search_term_string}"},"query-input":{"@type":"PropertyValueSpecification","valueRequired":true,"valueName":"search_term_string"}}],"inLanguage":"en-US"},{"@type":"Organization","@id":"https:\/\/www.colossalstore.es\/#organization","name":"Colossal Store","url":"https:\/\/www.colossalstore.es\/","logo":{"@type":"ImageObject","inLanguage":"en-US","@id":"https:\/\/www.colossalstore.es\/#\/schema\/logo\/image\/","url":"https:\/\/www.colossalstore.es\/wp-content\/uploads\/2023\/05\/Colossal_Logo-02.png","contentUrl":"https:\/\/www.colossalstore.es\/wp-content\/uploads\/2023\/05\/Colossal_Logo-02.png","width":1181,"height":1181,"caption":"Colossal Store"},"image":{"@id":"https:\/\/www.colossalstore.es\/#\/schema\/logo\/image\/"},"sameAs":["https:\/\/x.com\/Colossal_Store","https:\/\/www.instagram.com\/colossal_store_tcg\/","https:\/\/www.tiktok.com\/@colossalstore"]}]}},"_links":{"self":[{"href":"https:\/\/www.colossalstore.es\/en\/wp-json\/wp\/v2\/product\/930","targetHints":{"allow":["GET"]}}],"collection":[{"href":"https:\/\/www.colossalstore.es\/en\/wp-json\/wp\/v2\/product"}],"about":[{"href":"https:\/\/www.colossalstore.es\/en\/wp-json\/wp\/v2\/types\/product"}],"replies":[{"embeddable":true,"href":"https:\/\/www.colossalstore.es\/en\/wp-json\/wp\/v2\/comments?post=930"}],"wp:featuredmedia":[{"embeddable":true,"href":"https:\/\/www.colossalstore.es\/en\/wp-json\/wp\/v2\/media\/931"}],"wp:attachment":[{"href":"https:\/\/www.colossalstore.es\/en\/wp-json\/wp\/v2\/media?parent=930"}],"wp:term":[{"taxonomy":"product_brand","embeddable":true,"href":"https:\/\/www.colossalstore.es\/en\/wp-json\/wp\/v2\/product_brand?post=930"},{"taxonomy":"product_cat","embeddable":true,"href":"https:\/\/www.colossalstore.es\/en\/wp-json\/wp\/v2\/product_cat?post=930"},{"taxonomy":"product_tag","embeddable":true,"href":"https:\/\/www.colossalstore.es\/en\/wp-json\/wp\/v2\/product_tag?post=930"}],"curies":[{"name":"wp","href":"https:\/\/api.w.org\/{rel}","templated":true}]}}