{"id":927,"date":"2022-09-16T09:47:17","date_gmt":"2022-09-16T07:47:17","guid":{"rendered":"https:\/\/colossalstore.es\/?post_type=product&#038;p=927"},"modified":"2026-01-05T19:52:07","modified_gmt":"2026-01-05T18:52:07","slug":"guardianes-de-la-noche-1","status":"publish","type":"product","link":"https:\/\/www.colossalstore.es\/en\/tienda\/manga\/guardianes-de-la-noche-1\/","title":{"rendered":"GUARDIANES DE LA NOCHE 01"},"content":{"rendered":"<p>Kimetsu no Yaiba 1 (Koyoharu Gotouge)<\/p>\n<p>Tanjirou Kamado is a cheerful and hardworking boy who lives happily with his family, until one fateful day a demon named Muzan bursts into his life, killing his parents and cursing his little sister by turning her into a demon. After this incident, and with the purpose of avenging his parents and returning his sister Nezuko to normal, he decides to become a demon slayer. To do this, he comes to the aid of Sakonji Urokodaki, one of the strongest demon slayers in the world...<\/p>","protected":false},"excerpt":{"rendered":"<p>Kimetsu no Yaiba 1 (Koyoharu Gotouge) Tanjirou Kamado es un chico alegre y trabajador que vive felizmente junto a su familia, hasta que un fat\u00eddico d\u00eda un demonio llamado Muzan irrumpe en su vida matando a sus padres y maldice a su hermana peque\u00f1a convirti\u00e9ndola en demonio. Tras este incidente, y con el prop\u00f3sito de [&hellip;]<\/p>","protected":false},"featured_media":928,"comment_status":"open","ping_status":"closed","template":"","meta":{"_joinchat":[]},"product_brand":[],"product_cat":[32],"product_tag":[],"class_list":{"0":"post-927","1":"product","2":"type-product","3":"status-publish","4":"has-post-thumbnail","6":"product_cat-manga","8":"first","9":"outofstock","10":"sale","11":"taxable","12":"shipping-taxable","13":"purchasable","14":"product-type-simple"},"yoast_head":"<!-- This site is optimized with the Yoast SEO plugin v25.7 - https:\/\/yoast.com\/wordpress\/plugins\/seo\/ -->\n<title>Kimetsu no Yaiba 1 (Koyoharu Gotouge) | Colossal Store<\/title>\n<meta name=\"description\" content=\"Kimetsu no Yaiba 1 (Koyoharu Gotouge): Tanjirou Kamado es un chico alegre y trabajador que vive felizmente junto a su familia, hasta que un fat\u00eddico d\u00eda un demonio llamado Muzan irrumpe en su vida matando a sus padres y maldice a su hermana peque\u00f1a convirti\u00e9ndola en demonio. Tras este incidente, y con el prop\u00f3sito de vengar a sus padres y devolver a su hermana Nezuko a la normalidad, decide convertirse en un asesino de demonios. Para ello, acude en ayuda de Sakonji Urokodaki, uno de los asesinos de demonios m\u00e1s fuertes del mundo...\" \/>\n<meta name=\"robots\" content=\"index, follow, max-snippet:-1, max-image-preview:large, max-video-preview:-1\" \/>\n<link rel=\"canonical\" href=\"https:\/\/www.colossalstore.es\/en\/tienda\/manga\/guardianes-de-la-noche-1\/\" \/>\n<meta property=\"og:locale\" content=\"en_US\" \/>\n<meta property=\"og:type\" content=\"article\" \/>\n<meta property=\"og:title\" content=\"Kimetsu no Yaiba 1 (Koyoharu Gotouge) | Colossal Store\" \/>\n<meta property=\"og:description\" content=\"Kimetsu no Yaiba 1 (Koyoharu Gotouge): Tanjirou Kamado es un chico alegre y trabajador que vive felizmente junto a su familia, hasta que un fat\u00eddico d\u00eda un demonio llamado Muzan irrumpe en su vida matando a sus padres y maldice a su hermana peque\u00f1a convirti\u00e9ndola en demonio. Tras este incidente, y con el prop\u00f3sito de vengar a sus padres y devolver a su hermana Nezuko a la normalidad, decide convertirse en un asesino de demonios. Para ello, acude en ayuda de Sakonji Urokodaki, uno de los asesinos de demonios m\u00e1s fuertes del mundo...\" \/>\n<meta property=\"og:url\" content=\"https:\/\/www.colossalstore.es\/en\/tienda\/manga\/guardianes-de-la-noche-1\/\" \/>\n<meta property=\"og:site_name\" content=\"Colossal Store\" \/>\n<meta property=\"article:modified_time\" content=\"2026-01-05T18:52:07+00:00\" \/>\n<meta property=\"og:image\" content=\"https:\/\/www.colossalstore.es\/wp-content\/uploads\/2022\/09\/thumb_6105_albumes_big.jpeg\" \/>\n\t<meta property=\"og:image:width\" content=\"395\" \/>\n\t<meta property=\"og:image:height\" content=\"600\" \/>\n\t<meta property=\"og:image:type\" content=\"image\/jpeg\" \/>\n<meta name=\"twitter:card\" content=\"summary_large_image\" \/>\n<meta name=\"twitter:site\" content=\"@Colossal_Store\" \/>\n<meta name=\"twitter:label1\" content=\"Est. reading time\" \/>\n\t<meta name=\"twitter:data1\" content=\"1 minute\" \/>\n<script type=\"application\/ld+json\" class=\"yoast-schema-graph\">{\"@context\":\"https:\/\/schema.org\",\"@graph\":[{\"@type\":\"WebPage\",\"@id\":\"https:\/\/www.colossalstore.es\/tienda\/manga\/guardianes-de-la-noche-1\/\",\"url\":\"https:\/\/www.colossalstore.es\/tienda\/manga\/guardianes-de-la-noche-1\/\",\"name\":\"Kimetsu no Yaiba 1 (Koyoharu Gotouge) | Colossal Store\",\"isPartOf\":{\"@id\":\"https:\/\/www.colossalstore.es\/#website\"},\"primaryImageOfPage\":{\"@id\":\"https:\/\/www.colossalstore.es\/tienda\/manga\/guardianes-de-la-noche-1\/#primaryimage\"},\"image\":{\"@id\":\"https:\/\/www.colossalstore.es\/tienda\/manga\/guardianes-de-la-noche-1\/#primaryimage\"},\"thumbnailUrl\":\"https:\/\/www.colossalstore.es\/wp-content\/uploads\/2022\/09\/thumb_6105_albumes_big.jpeg\",\"datePublished\":\"2022-09-16T07:47:17+00:00\",\"dateModified\":\"2026-01-05T18:52:07+00:00\",\"description\":\"Kimetsu no Yaiba 1 (Koyoharu Gotouge): Tanjirou Kamado es un chico alegre y trabajador que vive felizmente junto a su familia, hasta que un fat\u00eddico d\u00eda un demonio llamado Muzan irrumpe en su vida matando a sus padres y maldice a su hermana peque\u00f1a convirti\u00e9ndola en demonio. Tras este incidente, y con el prop\u00f3sito de vengar a sus padres y devolver a su hermana Nezuko a la normalidad, decide convertirse en un asesino de demonios. Para ello, acude en ayuda de Sakonji Urokodaki, uno de los asesinos de demonios m\u00e1s fuertes del mundo...\",\"breadcrumb\":{\"@id\":\"https:\/\/www.colossalstore.es\/tienda\/manga\/guardianes-de-la-noche-1\/#breadcrumb\"},\"inLanguage\":\"en-US\",\"potentialAction\":[{\"@type\":\"ReadAction\",\"target\":[\"https:\/\/www.colossalstore.es\/tienda\/manga\/guardianes-de-la-noche-1\/\"]}]},{\"@type\":\"ImageObject\",\"inLanguage\":\"en-US\",\"@id\":\"https:\/\/www.colossalstore.es\/tienda\/manga\/guardianes-de-la-noche-1\/#primaryimage\",\"url\":\"https:\/\/www.colossalstore.es\/wp-content\/uploads\/2022\/09\/thumb_6105_albumes_big.jpeg\",\"contentUrl\":\"https:\/\/www.colossalstore.es\/wp-content\/uploads\/2022\/09\/thumb_6105_albumes_big.jpeg\",\"width\":395,\"height\":600},{\"@type\":\"BreadcrumbList\",\"@id\":\"https:\/\/www.colossalstore.es\/tienda\/manga\/guardianes-de-la-noche-1\/#breadcrumb\",\"itemListElement\":[{\"@type\":\"ListItem\",\"position\":1,\"name\":\"Home\",\"item\":\"https:\/\/www.colossalstore.es\/\"},{\"@type\":\"ListItem\",\"position\":2,\"name\":\"Tienda\",\"item\":\"https:\/\/www.colossalstore.es\/tienda\/\"},{\"@type\":\"ListItem\",\"position\":3,\"name\":\"GUARDIANES DE LA NOCHE 01\"}]},{\"@type\":\"WebSite\",\"@id\":\"https:\/\/www.colossalstore.es\/#website\",\"url\":\"https:\/\/www.colossalstore.es\/\",\"name\":\"Colossal Store\",\"description\":\"Colossal Store, tienda especializada en TCGs.\",\"publisher\":{\"@id\":\"https:\/\/www.colossalstore.es\/#organization\"},\"alternateName\":\"Colossal Store\",\"potentialAction\":[{\"@type\":\"SearchAction\",\"target\":{\"@type\":\"EntryPoint\",\"urlTemplate\":\"https:\/\/www.colossalstore.es\/?s={search_term_string}\"},\"query-input\":{\"@type\":\"PropertyValueSpecification\",\"valueRequired\":true,\"valueName\":\"search_term_string\"}}],\"inLanguage\":\"en-US\"},{\"@type\":\"Organization\",\"@id\":\"https:\/\/www.colossalstore.es\/#organization\",\"name\":\"Colossal Store\",\"url\":\"https:\/\/www.colossalstore.es\/\",\"logo\":{\"@type\":\"ImageObject\",\"inLanguage\":\"en-US\",\"@id\":\"https:\/\/www.colossalstore.es\/#\/schema\/logo\/image\/\",\"url\":\"https:\/\/www.colossalstore.es\/wp-content\/uploads\/2023\/05\/Colossal_Logo-02.png\",\"contentUrl\":\"https:\/\/www.colossalstore.es\/wp-content\/uploads\/2023\/05\/Colossal_Logo-02.png\",\"width\":1181,\"height\":1181,\"caption\":\"Colossal Store\"},\"image\":{\"@id\":\"https:\/\/www.colossalstore.es\/#\/schema\/logo\/image\/\"},\"sameAs\":[\"https:\/\/x.com\/Colossal_Store\",\"https:\/\/www.instagram.com\/colossal_store_tcg\/\",\"https:\/\/www.tiktok.com\/@colossalstore\"]}]}<\/script>\n<!-- \/ Yoast SEO plugin. -->","yoast_head_json":{"title":"Kimetsu no Yaiba 1 (Koyoharu Gotouge) | Colossal Store","description":"Kimetsu no Yaiba 1 (Koyoharu Gotouge): Tanjirou Kamado es un chico alegre y trabajador que vive felizmente junto a su familia, hasta que un fat\u00eddico d\u00eda un demonio llamado Muzan irrumpe en su vida matando a sus padres y maldice a su hermana peque\u00f1a convirti\u00e9ndola en demonio. Tras este incidente, y con el prop\u00f3sito de vengar a sus padres y devolver a su hermana Nezuko a la normalidad, decide convertirse en un asesino de demonios. Para ello, acude en ayuda de Sakonji Urokodaki, uno de los asesinos de demonios m\u00e1s fuertes del mundo...","robots":{"index":"index","follow":"follow","max-snippet":"max-snippet:-1","max-image-preview":"max-image-preview:large","max-video-preview":"max-video-preview:-1"},"canonical":"https:\/\/www.colossalstore.es\/en\/tienda\/manga\/guardianes-de-la-noche-1\/","og_locale":"en_US","og_type":"article","og_title":"Kimetsu no Yaiba 1 (Koyoharu Gotouge) | Colossal Store","og_description":"Kimetsu no Yaiba 1 (Koyoharu Gotouge): Tanjirou Kamado es un chico alegre y trabajador que vive felizmente junto a su familia, hasta que un fat\u00eddico d\u00eda un demonio llamado Muzan irrumpe en su vida matando a sus padres y maldice a su hermana peque\u00f1a convirti\u00e9ndola en demonio. Tras este incidente, y con el prop\u00f3sito de vengar a sus padres y devolver a su hermana Nezuko a la normalidad, decide convertirse en un asesino de demonios. Para ello, acude en ayuda de Sakonji Urokodaki, uno de los asesinos de demonios m\u00e1s fuertes del mundo...","og_url":"https:\/\/www.colossalstore.es\/en\/tienda\/manga\/guardianes-de-la-noche-1\/","og_site_name":"Colossal Store","article_modified_time":"2026-01-05T18:52:07+00:00","og_image":[{"width":395,"height":600,"url":"https:\/\/www.colossalstore.es\/wp-content\/uploads\/2022\/09\/thumb_6105_albumes_big.jpeg","type":"image\/jpeg"}],"twitter_card":"summary_large_image","twitter_site":"@Colossal_Store","twitter_misc":{"Est. reading time":"1 minute"},"schema":{"@context":"https:\/\/schema.org","@graph":[{"@type":"WebPage","@id":"https:\/\/www.colossalstore.es\/tienda\/manga\/guardianes-de-la-noche-1\/","url":"https:\/\/www.colossalstore.es\/tienda\/manga\/guardianes-de-la-noche-1\/","name":"Kimetsu no Yaiba 1 (Koyoharu Gotouge) | Colossal Store","isPartOf":{"@id":"https:\/\/www.colossalstore.es\/#website"},"primaryImageOfPage":{"@id":"https:\/\/www.colossalstore.es\/tienda\/manga\/guardianes-de-la-noche-1\/#primaryimage"},"image":{"@id":"https:\/\/www.colossalstore.es\/tienda\/manga\/guardianes-de-la-noche-1\/#primaryimage"},"thumbnailUrl":"https:\/\/www.colossalstore.es\/wp-content\/uploads\/2022\/09\/thumb_6105_albumes_big.jpeg","datePublished":"2022-09-16T07:47:17+00:00","dateModified":"2026-01-05T18:52:07+00:00","description":"Kimetsu no Yaiba 1 (Koyoharu Gotouge): Tanjirou Kamado es un chico alegre y trabajador que vive felizmente junto a su familia, hasta que un fat\u00eddico d\u00eda un demonio llamado Muzan irrumpe en su vida matando a sus padres y maldice a su hermana peque\u00f1a convirti\u00e9ndola en demonio. Tras este incidente, y con el prop\u00f3sito de vengar a sus padres y devolver a su hermana Nezuko a la normalidad, decide convertirse en un asesino de demonios. Para ello, acude en ayuda de Sakonji Urokodaki, uno de los asesinos de demonios m\u00e1s fuertes del mundo...","breadcrumb":{"@id":"https:\/\/www.colossalstore.es\/tienda\/manga\/guardianes-de-la-noche-1\/#breadcrumb"},"inLanguage":"en-US","potentialAction":[{"@type":"ReadAction","target":["https:\/\/www.colossalstore.es\/tienda\/manga\/guardianes-de-la-noche-1\/"]}]},{"@type":"ImageObject","inLanguage":"en-US","@id":"https:\/\/www.colossalstore.es\/tienda\/manga\/guardianes-de-la-noche-1\/#primaryimage","url":"https:\/\/www.colossalstore.es\/wp-content\/uploads\/2022\/09\/thumb_6105_albumes_big.jpeg","contentUrl":"https:\/\/www.colossalstore.es\/wp-content\/uploads\/2022\/09\/thumb_6105_albumes_big.jpeg","width":395,"height":600},{"@type":"BreadcrumbList","@id":"https:\/\/www.colossalstore.es\/tienda\/manga\/guardianes-de-la-noche-1\/#breadcrumb","itemListElement":[{"@type":"ListItem","position":1,"name":"Home","item":"https:\/\/www.colossalstore.es\/"},{"@type":"ListItem","position":2,"name":"Tienda","item":"https:\/\/www.colossalstore.es\/tienda\/"},{"@type":"ListItem","position":3,"name":"GUARDIANES DE LA NOCHE 01"}]},{"@type":"WebSite","@id":"https:\/\/www.colossalstore.es\/#website","url":"https:\/\/www.colossalstore.es\/","name":"Colossal Store","description":"Colossal Store, store specialized in TCGs.","publisher":{"@id":"https:\/\/www.colossalstore.es\/#organization"},"alternateName":"Colossal Store","potentialAction":[{"@type":"SearchAction","target":{"@type":"EntryPoint","urlTemplate":"https:\/\/www.colossalstore.es\/?s={search_term_string}"},"query-input":{"@type":"PropertyValueSpecification","valueRequired":true,"valueName":"search_term_string"}}],"inLanguage":"en-US"},{"@type":"Organization","@id":"https:\/\/www.colossalstore.es\/#organization","name":"Colossal Store","url":"https:\/\/www.colossalstore.es\/","logo":{"@type":"ImageObject","inLanguage":"en-US","@id":"https:\/\/www.colossalstore.es\/#\/schema\/logo\/image\/","url":"https:\/\/www.colossalstore.es\/wp-content\/uploads\/2023\/05\/Colossal_Logo-02.png","contentUrl":"https:\/\/www.colossalstore.es\/wp-content\/uploads\/2023\/05\/Colossal_Logo-02.png","width":1181,"height":1181,"caption":"Colossal Store"},"image":{"@id":"https:\/\/www.colossalstore.es\/#\/schema\/logo\/image\/"},"sameAs":["https:\/\/x.com\/Colossal_Store","https:\/\/www.instagram.com\/colossal_store_tcg\/","https:\/\/www.tiktok.com\/@colossalstore"]}]}},"_links":{"self":[{"href":"https:\/\/www.colossalstore.es\/en\/wp-json\/wp\/v2\/product\/927","targetHints":{"allow":["GET"]}}],"collection":[{"href":"https:\/\/www.colossalstore.es\/en\/wp-json\/wp\/v2\/product"}],"about":[{"href":"https:\/\/www.colossalstore.es\/en\/wp-json\/wp\/v2\/types\/product"}],"replies":[{"embeddable":true,"href":"https:\/\/www.colossalstore.es\/en\/wp-json\/wp\/v2\/comments?post=927"}],"wp:featuredmedia":[{"embeddable":true,"href":"https:\/\/www.colossalstore.es\/en\/wp-json\/wp\/v2\/media\/928"}],"wp:attachment":[{"href":"https:\/\/www.colossalstore.es\/en\/wp-json\/wp\/v2\/media?parent=927"}],"wp:term":[{"taxonomy":"product_brand","embeddable":true,"href":"https:\/\/www.colossalstore.es\/en\/wp-json\/wp\/v2\/product_brand?post=927"},{"taxonomy":"product_cat","embeddable":true,"href":"https:\/\/www.colossalstore.es\/en\/wp-json\/wp\/v2\/product_cat?post=927"},{"taxonomy":"product_tag","embeddable":true,"href":"https:\/\/www.colossalstore.es\/en\/wp-json\/wp\/v2\/product_tag?post=927"}],"curies":[{"name":"wp","href":"https:\/\/api.w.org\/{rel}","templated":true}]}}