{"id":925,"date":"2022-09-16T09:46:27","date_gmt":"2022-09-16T07:46:27","guid":{"rendered":"https:\/\/colossalstore.es\/?post_type=product&#038;p=925"},"modified":"2025-06-20T11:21:40","modified_gmt":"2025-06-20T09:21:40","slug":"chainsaw-man-2","status":"publish","type":"product","link":"https:\/\/www.colossalstore.es\/en\/tienda\/manga\/chainsaw-man-2\/","title":{"rendered":"Chainsaw Man 2"},"content":{"rendered":"<p>Chainsaw Man 2 (Tatsuki Fujimoto)<\/p>\n<p>Motivated by the obsession of eating good pears, Denji fights to the death against the Bat Demon. Will he achieve his objective after the conclusion of the battle? Additionally, a new enemy known as the Gun Demon comes into action. According to Makima, he is said to be humanity&#039;s greatest enemy and all the Devil Hunters are after him...<\/p>","protected":false},"excerpt":{"rendered":"<p>Chainsaw Man 2 (Tatsuki Fujimoto) Motivado por la obsesi\u00f3n de sobar unas buenas peras, Denji lucha a muerte contra el Demonio Murci\u00e9lago. \u00bfConseguir\u00e1 su objetivo tras la conclusi\u00f3n de la batalla? Adem\u00e1s entra en acci\u00f3n un nuevo enemigo conocido como el Demonio Pistola. Seg\u00fan Makima, se dice que es el mayor enemigo de la humanidad [&hellip;]<\/p>","protected":false},"featured_media":926,"comment_status":"open","ping_status":"closed","template":"","meta":{"_joinchat":[]},"product_brand":[],"product_cat":[32],"product_tag":[],"class_list":{"0":"post-925","1":"product","2":"type-product","3":"status-publish","4":"has-post-thumbnail","6":"product_cat-manga","8":"first","9":"outofstock","10":"sale","11":"taxable","12":"shipping-taxable","13":"purchasable","14":"product-type-simple"},"yoast_head":"<!-- This site is optimized with the Yoast SEO plugin v25.7 - https:\/\/yoast.com\/wordpress\/plugins\/seo\/ -->\n<title>Chainsaw Man 2 (Tatsuki Fujimoto) | Colossal Store<\/title>\n<meta name=\"description\" content=\"Chainsaw Man 2 (Tatsuki Fujimoto) Motivado por la obsesi\u00f3n de sobar unas buenas peras, Denji lucha a muerte contra el Demonio Murci\u00e9lago. \u00bfConseguir\u00e1 su objetivo tras la conclusi\u00f3n de la batalla? Adem\u00e1s entra en acci\u00f3n un nuevo enemigo conocido como el Demonio Pistola. Seg\u00fan Makima, se dice que es el mayor enemigo de la humanidad y todos los Devil Hunters andan tras \u00e9l...\" \/>\n<meta name=\"robots\" content=\"index, follow, max-snippet:-1, max-image-preview:large, max-video-preview:-1\" \/>\n<link rel=\"canonical\" href=\"https:\/\/www.colossalstore.es\/en\/tienda\/manga\/chainsaw-man-2\/\" \/>\n<meta property=\"og:locale\" content=\"en_US\" \/>\n<meta property=\"og:type\" content=\"article\" \/>\n<meta property=\"og:title\" content=\"Chainsaw Man 2 (Tatsuki Fujimoto) | Colossal Store\" \/>\n<meta property=\"og:description\" content=\"Chainsaw Man 2 (Tatsuki Fujimoto) Motivado por la obsesi\u00f3n de sobar unas buenas peras, Denji lucha a muerte contra el Demonio Murci\u00e9lago. \u00bfConseguir\u00e1 su objetivo tras la conclusi\u00f3n de la batalla? Adem\u00e1s entra en acci\u00f3n un nuevo enemigo conocido como el Demonio Pistola. Seg\u00fan Makima, se dice que es el mayor enemigo de la humanidad y todos los Devil Hunters andan tras \u00e9l...\" \/>\n<meta property=\"og:url\" content=\"https:\/\/www.colossalstore.es\/en\/tienda\/manga\/chainsaw-man-2\/\" \/>\n<meta property=\"og:site_name\" content=\"Colossal Store\" \/>\n<meta property=\"article:modified_time\" content=\"2025-06-20T09:21:40+00:00\" \/>\n<meta property=\"og:image\" content=\"https:\/\/www.colossalstore.es\/wp-content\/uploads\/2022\/09\/thumb_15359_albumes_big.jpeg\" \/>\n\t<meta property=\"og:image:width\" content=\"780\" \/>\n\t<meta property=\"og:image:height\" content=\"1221\" \/>\n\t<meta property=\"og:image:type\" content=\"image\/jpeg\" \/>\n<meta name=\"twitter:card\" content=\"summary_large_image\" \/>\n<meta name=\"twitter:site\" content=\"@Colossal_Store\" \/>\n<meta name=\"twitter:label1\" content=\"Est. reading time\" \/>\n\t<meta name=\"twitter:data1\" content=\"1 minute\" \/>\n<script type=\"application\/ld+json\" class=\"yoast-schema-graph\">{\"@context\":\"https:\/\/schema.org\",\"@graph\":[{\"@type\":\"WebPage\",\"@id\":\"https:\/\/www.colossalstore.es\/tienda\/manga\/chainsaw-man-2\/\",\"url\":\"https:\/\/www.colossalstore.es\/tienda\/manga\/chainsaw-man-2\/\",\"name\":\"Chainsaw Man 2 (Tatsuki Fujimoto) | Colossal Store\",\"isPartOf\":{\"@id\":\"https:\/\/www.colossalstore.es\/#website\"},\"primaryImageOfPage\":{\"@id\":\"https:\/\/www.colossalstore.es\/tienda\/manga\/chainsaw-man-2\/#primaryimage\"},\"image\":{\"@id\":\"https:\/\/www.colossalstore.es\/tienda\/manga\/chainsaw-man-2\/#primaryimage\"},\"thumbnailUrl\":\"https:\/\/www.colossalstore.es\/wp-content\/uploads\/2022\/09\/thumb_15359_albumes_big.jpeg\",\"datePublished\":\"2022-09-16T07:46:27+00:00\",\"dateModified\":\"2025-06-20T09:21:40+00:00\",\"description\":\"Chainsaw Man 2 (Tatsuki Fujimoto) Motivado por la obsesi\u00f3n de sobar unas buenas peras, Denji lucha a muerte contra el Demonio Murci\u00e9lago. \u00bfConseguir\u00e1 su objetivo tras la conclusi\u00f3n de la batalla? Adem\u00e1s entra en acci\u00f3n un nuevo enemigo conocido como el Demonio Pistola. Seg\u00fan Makima, se dice que es el mayor enemigo de la humanidad y todos los Devil Hunters andan tras \u00e9l...\",\"breadcrumb\":{\"@id\":\"https:\/\/www.colossalstore.es\/tienda\/manga\/chainsaw-man-2\/#breadcrumb\"},\"inLanguage\":\"en-US\",\"potentialAction\":[{\"@type\":\"ReadAction\",\"target\":[\"https:\/\/www.colossalstore.es\/tienda\/manga\/chainsaw-man-2\/\"]}]},{\"@type\":\"ImageObject\",\"inLanguage\":\"en-US\",\"@id\":\"https:\/\/www.colossalstore.es\/tienda\/manga\/chainsaw-man-2\/#primaryimage\",\"url\":\"https:\/\/www.colossalstore.es\/wp-content\/uploads\/2022\/09\/thumb_15359_albumes_big.jpeg\",\"contentUrl\":\"https:\/\/www.colossalstore.es\/wp-content\/uploads\/2022\/09\/thumb_15359_albumes_big.jpeg\",\"width\":780,\"height\":1221},{\"@type\":\"BreadcrumbList\",\"@id\":\"https:\/\/www.colossalstore.es\/tienda\/manga\/chainsaw-man-2\/#breadcrumb\",\"itemListElement\":[{\"@type\":\"ListItem\",\"position\":1,\"name\":\"Home\",\"item\":\"https:\/\/www.colossalstore.es\/\"},{\"@type\":\"ListItem\",\"position\":2,\"name\":\"Tienda\",\"item\":\"https:\/\/www.colossalstore.es\/tienda\/\"},{\"@type\":\"ListItem\",\"position\":3,\"name\":\"Chainsaw Man 2\"}]},{\"@type\":\"WebSite\",\"@id\":\"https:\/\/www.colossalstore.es\/#website\",\"url\":\"https:\/\/www.colossalstore.es\/\",\"name\":\"Colossal Store\",\"description\":\"Colossal Store, tienda especializada en TCGs.\",\"publisher\":{\"@id\":\"https:\/\/www.colossalstore.es\/#organization\"},\"alternateName\":\"Colossal Store\",\"potentialAction\":[{\"@type\":\"SearchAction\",\"target\":{\"@type\":\"EntryPoint\",\"urlTemplate\":\"https:\/\/www.colossalstore.es\/?s={search_term_string}\"},\"query-input\":{\"@type\":\"PropertyValueSpecification\",\"valueRequired\":true,\"valueName\":\"search_term_string\"}}],\"inLanguage\":\"en-US\"},{\"@type\":\"Organization\",\"@id\":\"https:\/\/www.colossalstore.es\/#organization\",\"name\":\"Colossal Store\",\"url\":\"https:\/\/www.colossalstore.es\/\",\"logo\":{\"@type\":\"ImageObject\",\"inLanguage\":\"en-US\",\"@id\":\"https:\/\/www.colossalstore.es\/#\/schema\/logo\/image\/\",\"url\":\"https:\/\/www.colossalstore.es\/wp-content\/uploads\/2023\/05\/Colossal_Logo-02.png\",\"contentUrl\":\"https:\/\/www.colossalstore.es\/wp-content\/uploads\/2023\/05\/Colossal_Logo-02.png\",\"width\":1181,\"height\":1181,\"caption\":\"Colossal Store\"},\"image\":{\"@id\":\"https:\/\/www.colossalstore.es\/#\/schema\/logo\/image\/\"},\"sameAs\":[\"https:\/\/x.com\/Colossal_Store\",\"https:\/\/www.instagram.com\/colossal_store_tcg\/\",\"https:\/\/www.tiktok.com\/@colossalstore\"]}]}<\/script>\n<!-- \/ Yoast SEO plugin. -->","yoast_head_json":{"title":"Chainsaw Man 2 (Tatsuki Fujimoto) | Colossal Store","description":"Chainsaw Man 2 (Tatsuki Fujimoto) Motivado por la obsesi\u00f3n de sobar unas buenas peras, Denji lucha a muerte contra el Demonio Murci\u00e9lago. \u00bfConseguir\u00e1 su objetivo tras la conclusi\u00f3n de la batalla? Adem\u00e1s entra en acci\u00f3n un nuevo enemigo conocido como el Demonio Pistola. Seg\u00fan Makima, se dice que es el mayor enemigo de la humanidad y todos los Devil Hunters andan tras \u00e9l...","robots":{"index":"index","follow":"follow","max-snippet":"max-snippet:-1","max-image-preview":"max-image-preview:large","max-video-preview":"max-video-preview:-1"},"canonical":"https:\/\/www.colossalstore.es\/en\/tienda\/manga\/chainsaw-man-2\/","og_locale":"en_US","og_type":"article","og_title":"Chainsaw Man 2 (Tatsuki Fujimoto) | Colossal Store","og_description":"Chainsaw Man 2 (Tatsuki Fujimoto) Motivado por la obsesi\u00f3n de sobar unas buenas peras, Denji lucha a muerte contra el Demonio Murci\u00e9lago. \u00bfConseguir\u00e1 su objetivo tras la conclusi\u00f3n de la batalla? Adem\u00e1s entra en acci\u00f3n un nuevo enemigo conocido como el Demonio Pistola. Seg\u00fan Makima, se dice que es el mayor enemigo de la humanidad y todos los Devil Hunters andan tras \u00e9l...","og_url":"https:\/\/www.colossalstore.es\/en\/tienda\/manga\/chainsaw-man-2\/","og_site_name":"Colossal Store","article_modified_time":"2025-06-20T09:21:40+00:00","og_image":[{"width":780,"height":1221,"url":"https:\/\/www.colossalstore.es\/wp-content\/uploads\/2022\/09\/thumb_15359_albumes_big.jpeg","type":"image\/jpeg"}],"twitter_card":"summary_large_image","twitter_site":"@Colossal_Store","twitter_misc":{"Est. reading time":"1 minute"},"schema":{"@context":"https:\/\/schema.org","@graph":[{"@type":"WebPage","@id":"https:\/\/www.colossalstore.es\/tienda\/manga\/chainsaw-man-2\/","url":"https:\/\/www.colossalstore.es\/tienda\/manga\/chainsaw-man-2\/","name":"Chainsaw Man 2 (Tatsuki Fujimoto) | Colossal Store","isPartOf":{"@id":"https:\/\/www.colossalstore.es\/#website"},"primaryImageOfPage":{"@id":"https:\/\/www.colossalstore.es\/tienda\/manga\/chainsaw-man-2\/#primaryimage"},"image":{"@id":"https:\/\/www.colossalstore.es\/tienda\/manga\/chainsaw-man-2\/#primaryimage"},"thumbnailUrl":"https:\/\/www.colossalstore.es\/wp-content\/uploads\/2022\/09\/thumb_15359_albumes_big.jpeg","datePublished":"2022-09-16T07:46:27+00:00","dateModified":"2025-06-20T09:21:40+00:00","description":"Chainsaw Man 2 (Tatsuki Fujimoto) Motivado por la obsesi\u00f3n de sobar unas buenas peras, Denji lucha a muerte contra el Demonio Murci\u00e9lago. \u00bfConseguir\u00e1 su objetivo tras la conclusi\u00f3n de la batalla? Adem\u00e1s entra en acci\u00f3n un nuevo enemigo conocido como el Demonio Pistola. Seg\u00fan Makima, se dice que es el mayor enemigo de la humanidad y todos los Devil Hunters andan tras \u00e9l...","breadcrumb":{"@id":"https:\/\/www.colossalstore.es\/tienda\/manga\/chainsaw-man-2\/#breadcrumb"},"inLanguage":"en-US","potentialAction":[{"@type":"ReadAction","target":["https:\/\/www.colossalstore.es\/tienda\/manga\/chainsaw-man-2\/"]}]},{"@type":"ImageObject","inLanguage":"en-US","@id":"https:\/\/www.colossalstore.es\/tienda\/manga\/chainsaw-man-2\/#primaryimage","url":"https:\/\/www.colossalstore.es\/wp-content\/uploads\/2022\/09\/thumb_15359_albumes_big.jpeg","contentUrl":"https:\/\/www.colossalstore.es\/wp-content\/uploads\/2022\/09\/thumb_15359_albumes_big.jpeg","width":780,"height":1221},{"@type":"BreadcrumbList","@id":"https:\/\/www.colossalstore.es\/tienda\/manga\/chainsaw-man-2\/#breadcrumb","itemListElement":[{"@type":"ListItem","position":1,"name":"Home","item":"https:\/\/www.colossalstore.es\/"},{"@type":"ListItem","position":2,"name":"Tienda","item":"https:\/\/www.colossalstore.es\/tienda\/"},{"@type":"ListItem","position":3,"name":"Chainsaw Man 2"}]},{"@type":"WebSite","@id":"https:\/\/www.colossalstore.es\/#website","url":"https:\/\/www.colossalstore.es\/","name":"Colossal Store","description":"Colossal Store, store specialized in TCGs.","publisher":{"@id":"https:\/\/www.colossalstore.es\/#organization"},"alternateName":"Colossal Store","potentialAction":[{"@type":"SearchAction","target":{"@type":"EntryPoint","urlTemplate":"https:\/\/www.colossalstore.es\/?s={search_term_string}"},"query-input":{"@type":"PropertyValueSpecification","valueRequired":true,"valueName":"search_term_string"}}],"inLanguage":"en-US"},{"@type":"Organization","@id":"https:\/\/www.colossalstore.es\/#organization","name":"Colossal Store","url":"https:\/\/www.colossalstore.es\/","logo":{"@type":"ImageObject","inLanguage":"en-US","@id":"https:\/\/www.colossalstore.es\/#\/schema\/logo\/image\/","url":"https:\/\/www.colossalstore.es\/wp-content\/uploads\/2023\/05\/Colossal_Logo-02.png","contentUrl":"https:\/\/www.colossalstore.es\/wp-content\/uploads\/2023\/05\/Colossal_Logo-02.png","width":1181,"height":1181,"caption":"Colossal Store"},"image":{"@id":"https:\/\/www.colossalstore.es\/#\/schema\/logo\/image\/"},"sameAs":["https:\/\/x.com\/Colossal_Store","https:\/\/www.instagram.com\/colossal_store_tcg\/","https:\/\/www.tiktok.com\/@colossalstore"]}]}},"_links":{"self":[{"href":"https:\/\/www.colossalstore.es\/en\/wp-json\/wp\/v2\/product\/925","targetHints":{"allow":["GET"]}}],"collection":[{"href":"https:\/\/www.colossalstore.es\/en\/wp-json\/wp\/v2\/product"}],"about":[{"href":"https:\/\/www.colossalstore.es\/en\/wp-json\/wp\/v2\/types\/product"}],"replies":[{"embeddable":true,"href":"https:\/\/www.colossalstore.es\/en\/wp-json\/wp\/v2\/comments?post=925"}],"wp:featuredmedia":[{"embeddable":true,"href":"https:\/\/www.colossalstore.es\/en\/wp-json\/wp\/v2\/media\/926"}],"wp:attachment":[{"href":"https:\/\/www.colossalstore.es\/en\/wp-json\/wp\/v2\/media?parent=925"}],"wp:term":[{"taxonomy":"product_brand","embeddable":true,"href":"https:\/\/www.colossalstore.es\/en\/wp-json\/wp\/v2\/product_brand?post=925"},{"taxonomy":"product_cat","embeddable":true,"href":"https:\/\/www.colossalstore.es\/en\/wp-json\/wp\/v2\/product_cat?post=925"},{"taxonomy":"product_tag","embeddable":true,"href":"https:\/\/www.colossalstore.es\/en\/wp-json\/wp\/v2\/product_tag?post=925"}],"curies":[{"name":"wp","href":"https:\/\/api.w.org\/{rel}","templated":true}]}}