{"id":923,"date":"2022-09-16T09:45:33","date_gmt":"2022-09-16T07:45:33","guid":{"rendered":"https:\/\/colossalstore.es\/?post_type=product&#038;p=923"},"modified":"2026-01-05T19:52:00","modified_gmt":"2026-01-05T18:52:00","slug":"tokyo-revengers-10","status":"publish","type":"product","link":"https:\/\/www.colossalstore.es\/en\/tienda\/manga\/tokyo-revengers-10\/","title":{"rendered":"TOKYO REVENGERS 10"},"content":{"rendered":"<p>Tokyo Revengers 10 (Ken Wakui)<\/p>\n<p>A new issue of this acclaimed story arrives that will be for many the manga of our youth. The Tenjiku has left the Toman on the brink of destruction with the Kanto incident. This time it seems that there will be no escape... Takemichi&#039;s determination to move forward is now an act more reckless than brave and only fate will tell if all this effort is being in vain or not. Will the will be enough to end The Four Heavenly Kings?<\/p>","protected":false},"excerpt":{"rendered":"<p>Tokyo Revengers 10 (Ken Wakui) Llega un nuevo n\u00famero de esta aclamada historia que ser\u00e1 para muchos el manga de nuestra juventud. La Tenjiku ha dejado a la Toman al borde de la destrucci\u00f3n con el incidente de Kanto. Esta vez parece que no va a haber escapatoria\u2026 El empe\u00f1o de Takemichi por seguir adelante [&hellip;]<\/p>","protected":false},"featured_media":924,"comment_status":"open","ping_status":"closed","template":"","meta":{"_joinchat":[]},"product_brand":[],"product_cat":[32],"product_tag":[],"class_list":{"0":"post-923","1":"product","2":"type-product","3":"status-publish","4":"has-post-thumbnail","6":"product_cat-manga","8":"first","9":"outofstock","10":"sale","11":"taxable","12":"shipping-taxable","13":"purchasable","14":"product-type-simple"},"yoast_head":"<!-- This site is optimized with the Yoast SEO plugin v25.7 - https:\/\/yoast.com\/wordpress\/plugins\/seo\/ -->\n<title>Tokyo Revengers 10 (Ken Wakui) | Colossal Store<\/title>\n<meta name=\"description\" content=\"Tokyo Revengers 10 (Ken Wakui): Llega un nuevo n\u00famero de esta aclamada historia que ser\u00e1 para muchos el manga de nuestra juventud. La Tenjiku ha dejado a la Toman al borde de la destrucci\u00f3n con el incidente de Kanto. Esta vez parece que no va a haber escapatoria\u2026 El empe\u00f1o de Takemichi por seguir adelante es ahora un acto m\u00e1s temerario que valiente y solo el destino dir\u00e1 si todo este esfuerzo est\u00e1 siendo en vano o no. \u00bfSer\u00e1 suficiente la voluntad para acabar con Los cuatro Reyes Celestiales?\" \/>\n<meta name=\"robots\" content=\"index, follow, max-snippet:-1, max-image-preview:large, max-video-preview:-1\" \/>\n<link rel=\"canonical\" href=\"https:\/\/www.colossalstore.es\/en\/tienda\/manga\/tokyo-revengers-10\/\" \/>\n<meta property=\"og:locale\" content=\"en_US\" \/>\n<meta property=\"og:type\" content=\"article\" \/>\n<meta property=\"og:title\" content=\"Tokyo Revengers 10 (Ken Wakui) | Colossal Store\" \/>\n<meta property=\"og:description\" content=\"Tokyo Revengers 10 (Ken Wakui): Llega un nuevo n\u00famero de esta aclamada historia que ser\u00e1 para muchos el manga de nuestra juventud. La Tenjiku ha dejado a la Toman al borde de la destrucci\u00f3n con el incidente de Kanto. Esta vez parece que no va a haber escapatoria\u2026 El empe\u00f1o de Takemichi por seguir adelante es ahora un acto m\u00e1s temerario que valiente y solo el destino dir\u00e1 si todo este esfuerzo est\u00e1 siendo en vano o no. \u00bfSer\u00e1 suficiente la voluntad para acabar con Los cuatro Reyes Celestiales?\" \/>\n<meta property=\"og:url\" content=\"https:\/\/www.colossalstore.es\/en\/tienda\/manga\/tokyo-revengers-10\/\" \/>\n<meta property=\"og:site_name\" content=\"Colossal Store\" \/>\n<meta property=\"article:modified_time\" content=\"2026-01-05T18:52:00+00:00\" \/>\n<meta property=\"og:image\" content=\"https:\/\/www.colossalstore.es\/wp-content\/uploads\/2022\/09\/thumb_22328_albumes_big.jpeg\" \/>\n\t<meta property=\"og:image:width\" content=\"780\" \/>\n\t<meta property=\"og:image:height\" content=\"1107\" \/>\n\t<meta property=\"og:image:type\" content=\"image\/jpeg\" \/>\n<meta name=\"twitter:card\" content=\"summary_large_image\" \/>\n<meta name=\"twitter:site\" content=\"@Colossal_Store\" \/>\n<meta name=\"twitter:label1\" content=\"Est. reading time\" \/>\n\t<meta name=\"twitter:data1\" content=\"1 minute\" \/>\n<script type=\"application\/ld+json\" class=\"yoast-schema-graph\">{\"@context\":\"https:\/\/schema.org\",\"@graph\":[{\"@type\":\"WebPage\",\"@id\":\"https:\/\/www.colossalstore.es\/tienda\/manga\/tokyo-revengers-10\/\",\"url\":\"https:\/\/www.colossalstore.es\/tienda\/manga\/tokyo-revengers-10\/\",\"name\":\"Tokyo Revengers 10 (Ken Wakui) | Colossal Store\",\"isPartOf\":{\"@id\":\"https:\/\/www.colossalstore.es\/#website\"},\"primaryImageOfPage\":{\"@id\":\"https:\/\/www.colossalstore.es\/tienda\/manga\/tokyo-revengers-10\/#primaryimage\"},\"image\":{\"@id\":\"https:\/\/www.colossalstore.es\/tienda\/manga\/tokyo-revengers-10\/#primaryimage\"},\"thumbnailUrl\":\"https:\/\/www.colossalstore.es\/wp-content\/uploads\/2022\/09\/thumb_22328_albumes_big.jpeg\",\"datePublished\":\"2022-09-16T07:45:33+00:00\",\"dateModified\":\"2026-01-05T18:52:00+00:00\",\"description\":\"Tokyo Revengers 10 (Ken Wakui): Llega un nuevo n\u00famero de esta aclamada historia que ser\u00e1 para muchos el manga de nuestra juventud. La Tenjiku ha dejado a la Toman al borde de la destrucci\u00f3n con el incidente de Kanto. Esta vez parece que no va a haber escapatoria\u2026 El empe\u00f1o de Takemichi por seguir adelante es ahora un acto m\u00e1s temerario que valiente y solo el destino dir\u00e1 si todo este esfuerzo est\u00e1 siendo en vano o no. \u00bfSer\u00e1 suficiente la voluntad para acabar con Los cuatro Reyes Celestiales?\",\"breadcrumb\":{\"@id\":\"https:\/\/www.colossalstore.es\/tienda\/manga\/tokyo-revengers-10\/#breadcrumb\"},\"inLanguage\":\"en-US\",\"potentialAction\":[{\"@type\":\"ReadAction\",\"target\":[\"https:\/\/www.colossalstore.es\/tienda\/manga\/tokyo-revengers-10\/\"]}]},{\"@type\":\"ImageObject\",\"inLanguage\":\"en-US\",\"@id\":\"https:\/\/www.colossalstore.es\/tienda\/manga\/tokyo-revengers-10\/#primaryimage\",\"url\":\"https:\/\/www.colossalstore.es\/wp-content\/uploads\/2022\/09\/thumb_22328_albumes_big.jpeg\",\"contentUrl\":\"https:\/\/www.colossalstore.es\/wp-content\/uploads\/2022\/09\/thumb_22328_albumes_big.jpeg\",\"width\":780,\"height\":1107},{\"@type\":\"BreadcrumbList\",\"@id\":\"https:\/\/www.colossalstore.es\/tienda\/manga\/tokyo-revengers-10\/#breadcrumb\",\"itemListElement\":[{\"@type\":\"ListItem\",\"position\":1,\"name\":\"Home\",\"item\":\"https:\/\/www.colossalstore.es\/\"},{\"@type\":\"ListItem\",\"position\":2,\"name\":\"Tienda\",\"item\":\"https:\/\/www.colossalstore.es\/tienda\/\"},{\"@type\":\"ListItem\",\"position\":3,\"name\":\"TOKYO REVENGERS 10\"}]},{\"@type\":\"WebSite\",\"@id\":\"https:\/\/www.colossalstore.es\/#website\",\"url\":\"https:\/\/www.colossalstore.es\/\",\"name\":\"Colossal Store\",\"description\":\"Colossal Store, tienda especializada en TCGs.\",\"publisher\":{\"@id\":\"https:\/\/www.colossalstore.es\/#organization\"},\"alternateName\":\"Colossal Store\",\"potentialAction\":[{\"@type\":\"SearchAction\",\"target\":{\"@type\":\"EntryPoint\",\"urlTemplate\":\"https:\/\/www.colossalstore.es\/?s={search_term_string}\"},\"query-input\":{\"@type\":\"PropertyValueSpecification\",\"valueRequired\":true,\"valueName\":\"search_term_string\"}}],\"inLanguage\":\"en-US\"},{\"@type\":\"Organization\",\"@id\":\"https:\/\/www.colossalstore.es\/#organization\",\"name\":\"Colossal Store\",\"url\":\"https:\/\/www.colossalstore.es\/\",\"logo\":{\"@type\":\"ImageObject\",\"inLanguage\":\"en-US\",\"@id\":\"https:\/\/www.colossalstore.es\/#\/schema\/logo\/image\/\",\"url\":\"https:\/\/www.colossalstore.es\/wp-content\/uploads\/2023\/05\/Colossal_Logo-02.png\",\"contentUrl\":\"https:\/\/www.colossalstore.es\/wp-content\/uploads\/2023\/05\/Colossal_Logo-02.png\",\"width\":1181,\"height\":1181,\"caption\":\"Colossal Store\"},\"image\":{\"@id\":\"https:\/\/www.colossalstore.es\/#\/schema\/logo\/image\/\"},\"sameAs\":[\"https:\/\/x.com\/Colossal_Store\",\"https:\/\/www.instagram.com\/colossal_store_tcg\/\",\"https:\/\/www.tiktok.com\/@colossalstore\"]}]}<\/script>\n<!-- \/ Yoast SEO plugin. -->","yoast_head_json":{"title":"Tokyo Revengers 10 (Ken Wakui) | Colossal Store","description":"Tokyo Revengers 10 (Ken Wakui): Llega un nuevo n\u00famero de esta aclamada historia que ser\u00e1 para muchos el manga de nuestra juventud. La Tenjiku ha dejado a la Toman al borde de la destrucci\u00f3n con el incidente de Kanto. Esta vez parece que no va a haber escapatoria\u2026 El empe\u00f1o de Takemichi por seguir adelante es ahora un acto m\u00e1s temerario que valiente y solo el destino dir\u00e1 si todo este esfuerzo est\u00e1 siendo en vano o no. \u00bfSer\u00e1 suficiente la voluntad para acabar con Los cuatro Reyes Celestiales?","robots":{"index":"index","follow":"follow","max-snippet":"max-snippet:-1","max-image-preview":"max-image-preview:large","max-video-preview":"max-video-preview:-1"},"canonical":"https:\/\/www.colossalstore.es\/en\/tienda\/manga\/tokyo-revengers-10\/","og_locale":"en_US","og_type":"article","og_title":"Tokyo Revengers 10 (Ken Wakui) | Colossal Store","og_description":"Tokyo Revengers 10 (Ken Wakui): Llega un nuevo n\u00famero de esta aclamada historia que ser\u00e1 para muchos el manga de nuestra juventud. La Tenjiku ha dejado a la Toman al borde de la destrucci\u00f3n con el incidente de Kanto. Esta vez parece que no va a haber escapatoria\u2026 El empe\u00f1o de Takemichi por seguir adelante es ahora un acto m\u00e1s temerario que valiente y solo el destino dir\u00e1 si todo este esfuerzo est\u00e1 siendo en vano o no. \u00bfSer\u00e1 suficiente la voluntad para acabar con Los cuatro Reyes Celestiales?","og_url":"https:\/\/www.colossalstore.es\/en\/tienda\/manga\/tokyo-revengers-10\/","og_site_name":"Colossal Store","article_modified_time":"2026-01-05T18:52:00+00:00","og_image":[{"width":780,"height":1107,"url":"https:\/\/www.colossalstore.es\/wp-content\/uploads\/2022\/09\/thumb_22328_albumes_big.jpeg","type":"image\/jpeg"}],"twitter_card":"summary_large_image","twitter_site":"@Colossal_Store","twitter_misc":{"Est. reading time":"1 minute"},"schema":{"@context":"https:\/\/schema.org","@graph":[{"@type":"WebPage","@id":"https:\/\/www.colossalstore.es\/tienda\/manga\/tokyo-revengers-10\/","url":"https:\/\/www.colossalstore.es\/tienda\/manga\/tokyo-revengers-10\/","name":"Tokyo Revengers 10 (Ken Wakui) | Colossal Store","isPartOf":{"@id":"https:\/\/www.colossalstore.es\/#website"},"primaryImageOfPage":{"@id":"https:\/\/www.colossalstore.es\/tienda\/manga\/tokyo-revengers-10\/#primaryimage"},"image":{"@id":"https:\/\/www.colossalstore.es\/tienda\/manga\/tokyo-revengers-10\/#primaryimage"},"thumbnailUrl":"https:\/\/www.colossalstore.es\/wp-content\/uploads\/2022\/09\/thumb_22328_albumes_big.jpeg","datePublished":"2022-09-16T07:45:33+00:00","dateModified":"2026-01-05T18:52:00+00:00","description":"Tokyo Revengers 10 (Ken Wakui): Llega un nuevo n\u00famero de esta aclamada historia que ser\u00e1 para muchos el manga de nuestra juventud. La Tenjiku ha dejado a la Toman al borde de la destrucci\u00f3n con el incidente de Kanto. Esta vez parece que no va a haber escapatoria\u2026 El empe\u00f1o de Takemichi por seguir adelante es ahora un acto m\u00e1s temerario que valiente y solo el destino dir\u00e1 si todo este esfuerzo est\u00e1 siendo en vano o no. \u00bfSer\u00e1 suficiente la voluntad para acabar con Los cuatro Reyes Celestiales?","breadcrumb":{"@id":"https:\/\/www.colossalstore.es\/tienda\/manga\/tokyo-revengers-10\/#breadcrumb"},"inLanguage":"en-US","potentialAction":[{"@type":"ReadAction","target":["https:\/\/www.colossalstore.es\/tienda\/manga\/tokyo-revengers-10\/"]}]},{"@type":"ImageObject","inLanguage":"en-US","@id":"https:\/\/www.colossalstore.es\/tienda\/manga\/tokyo-revengers-10\/#primaryimage","url":"https:\/\/www.colossalstore.es\/wp-content\/uploads\/2022\/09\/thumb_22328_albumes_big.jpeg","contentUrl":"https:\/\/www.colossalstore.es\/wp-content\/uploads\/2022\/09\/thumb_22328_albumes_big.jpeg","width":780,"height":1107},{"@type":"BreadcrumbList","@id":"https:\/\/www.colossalstore.es\/tienda\/manga\/tokyo-revengers-10\/#breadcrumb","itemListElement":[{"@type":"ListItem","position":1,"name":"Home","item":"https:\/\/www.colossalstore.es\/"},{"@type":"ListItem","position":2,"name":"Tienda","item":"https:\/\/www.colossalstore.es\/tienda\/"},{"@type":"ListItem","position":3,"name":"TOKYO REVENGERS 10"}]},{"@type":"WebSite","@id":"https:\/\/www.colossalstore.es\/#website","url":"https:\/\/www.colossalstore.es\/","name":"Colossal Store","description":"Colossal Store, store specialized in TCGs.","publisher":{"@id":"https:\/\/www.colossalstore.es\/#organization"},"alternateName":"Colossal Store","potentialAction":[{"@type":"SearchAction","target":{"@type":"EntryPoint","urlTemplate":"https:\/\/www.colossalstore.es\/?s={search_term_string}"},"query-input":{"@type":"PropertyValueSpecification","valueRequired":true,"valueName":"search_term_string"}}],"inLanguage":"en-US"},{"@type":"Organization","@id":"https:\/\/www.colossalstore.es\/#organization","name":"Colossal Store","url":"https:\/\/www.colossalstore.es\/","logo":{"@type":"ImageObject","inLanguage":"en-US","@id":"https:\/\/www.colossalstore.es\/#\/schema\/logo\/image\/","url":"https:\/\/www.colossalstore.es\/wp-content\/uploads\/2023\/05\/Colossal_Logo-02.png","contentUrl":"https:\/\/www.colossalstore.es\/wp-content\/uploads\/2023\/05\/Colossal_Logo-02.png","width":1181,"height":1181,"caption":"Colossal Store"},"image":{"@id":"https:\/\/www.colossalstore.es\/#\/schema\/logo\/image\/"},"sameAs":["https:\/\/x.com\/Colossal_Store","https:\/\/www.instagram.com\/colossal_store_tcg\/","https:\/\/www.tiktok.com\/@colossalstore"]}]}},"_links":{"self":[{"href":"https:\/\/www.colossalstore.es\/en\/wp-json\/wp\/v2\/product\/923","targetHints":{"allow":["GET"]}}],"collection":[{"href":"https:\/\/www.colossalstore.es\/en\/wp-json\/wp\/v2\/product"}],"about":[{"href":"https:\/\/www.colossalstore.es\/en\/wp-json\/wp\/v2\/types\/product"}],"replies":[{"embeddable":true,"href":"https:\/\/www.colossalstore.es\/en\/wp-json\/wp\/v2\/comments?post=923"}],"wp:featuredmedia":[{"embeddable":true,"href":"https:\/\/www.colossalstore.es\/en\/wp-json\/wp\/v2\/media\/924"}],"wp:attachment":[{"href":"https:\/\/www.colossalstore.es\/en\/wp-json\/wp\/v2\/media?parent=923"}],"wp:term":[{"taxonomy":"product_brand","embeddable":true,"href":"https:\/\/www.colossalstore.es\/en\/wp-json\/wp\/v2\/product_brand?post=923"},{"taxonomy":"product_cat","embeddable":true,"href":"https:\/\/www.colossalstore.es\/en\/wp-json\/wp\/v2\/product_cat?post=923"},{"taxonomy":"product_tag","embeddable":true,"href":"https:\/\/www.colossalstore.es\/en\/wp-json\/wp\/v2\/product_tag?post=923"}],"curies":[{"name":"wp","href":"https:\/\/api.w.org\/{rel}","templated":true}]}}