{"id":919,"date":"2022-09-16T09:43:54","date_gmt":"2022-09-16T07:43:54","guid":{"rendered":"https:\/\/colossalstore.es\/?post_type=product&#038;p=919"},"modified":"2026-01-05T19:51:46","modified_gmt":"2026-01-05T18:51:46","slug":"aquella-vez-que-me-converti-en-slime-16","status":"publish","type":"product","link":"https:\/\/www.colossalstore.es\/en\/tienda\/manga\/aquella-vez-que-me-converti-en-slime-16\/","title":{"rendered":"AQUELLA VEZ QUE ME CONVERT\u00cd EN SLIME 16"},"content":{"rendered":"<p>Tensura volume 16 (Taiki Kawakami)<\/p>\n<p>EVERYTHING SEEMED TOO EASY<\/p>\n<p>Rimuru&#039;s friends and allies remain baffled by his rise, but something worries them even more: the return of Veldora, the feared Storm Dragon. At the same time, the slowness and caution of Rimuru&#039;s subjects foreshadow greater struggles to come and alter the state of power that has been created.<\/p>","protected":false},"excerpt":{"rendered":"<p>Tensura tomo 16 (Taiki Kawakami) TODO PAREC\u00cdA DEMASIADO F\u00c1CIL Los amigos y aliados de Rimuru siguen desconcertados por su ascenso, pero algo los preocupa a\u00fan m\u00e1s: el regreso de Veldora, el temido Drag\u00f3n Tormenta. Al mismo tiempo, la lentitud y la cautela de los s\u00fabditos de Rimuru hacen presagiar futuras luchas mayores que est\u00e1n por [&hellip;]<\/p>","protected":false},"featured_media":920,"comment_status":"open","ping_status":"closed","template":"","meta":{"_joinchat":[]},"product_brand":[],"product_cat":[32],"product_tag":[],"class_list":{"0":"post-919","1":"product","2":"type-product","3":"status-publish","4":"has-post-thumbnail","6":"product_cat-manga","8":"first","9":"outofstock","10":"sale","11":"taxable","12":"shipping-taxable","13":"purchasable","14":"product-type-simple"},"yoast_head":"<!-- This site is optimized with the Yoast SEO plugin v25.7 - https:\/\/yoast.com\/wordpress\/plugins\/seo\/ -->\n<title>Tensura tomo 16 (Taiki Kawakami) | Colossal Store<\/title>\n<meta name=\"description\" content=\"Tensura tomo 16 (Taiki Kawakami) Los amigos y aliados de Rimuru siguen desconcertados por su ascenso, pero algo los preocupa a\u00fan m\u00e1s: el regreso de Veldora, el temido Drag\u00f3n Tormenta.\" \/>\n<meta name=\"robots\" content=\"index, follow, max-snippet:-1, max-image-preview:large, max-video-preview:-1\" \/>\n<link rel=\"canonical\" href=\"https:\/\/www.colossalstore.es\/en\/tienda\/manga\/aquella-vez-que-me-converti-en-slime-16\/\" \/>\n<meta property=\"og:locale\" content=\"en_US\" \/>\n<meta property=\"og:type\" content=\"article\" \/>\n<meta property=\"og:title\" content=\"Tensura tomo 16 (Taiki Kawakami) | Colossal Store\" \/>\n<meta property=\"og:description\" content=\"Tensura tomo 16 (Taiki Kawakami) Los amigos y aliados de Rimuru siguen desconcertados por su ascenso, pero algo los preocupa a\u00fan m\u00e1s: el regreso de Veldora, el temido Drag\u00f3n Tormenta.\" \/>\n<meta property=\"og:url\" content=\"https:\/\/www.colossalstore.es\/en\/tienda\/manga\/aquella-vez-que-me-converti-en-slime-16\/\" \/>\n<meta property=\"og:site_name\" content=\"Colossal Store\" \/>\n<meta property=\"article:modified_time\" content=\"2026-01-05T18:51:46+00:00\" \/>\n<meta property=\"og:image\" content=\"https:\/\/www.colossalstore.es\/wp-content\/uploads\/2022\/09\/thumb_21921_albumes_big.jpeg\" \/>\n\t<meta property=\"og:image:width\" content=\"780\" \/>\n\t<meta property=\"og:image:height\" content=\"1091\" \/>\n\t<meta property=\"og:image:type\" content=\"image\/jpeg\" \/>\n<meta name=\"twitter:card\" content=\"summary_large_image\" \/>\n<meta name=\"twitter:site\" content=\"@Colossal_Store\" \/>\n<meta name=\"twitter:label1\" content=\"Est. reading time\" \/>\n\t<meta name=\"twitter:data1\" content=\"1 minute\" \/>\n<script type=\"application\/ld+json\" class=\"yoast-schema-graph\">{\"@context\":\"https:\/\/schema.org\",\"@graph\":[{\"@type\":\"WebPage\",\"@id\":\"https:\/\/www.colossalstore.es\/tienda\/manga\/aquella-vez-que-me-converti-en-slime-16\/\",\"url\":\"https:\/\/www.colossalstore.es\/tienda\/manga\/aquella-vez-que-me-converti-en-slime-16\/\",\"name\":\"Tensura tomo 16 (Taiki Kawakami) | Colossal Store\",\"isPartOf\":{\"@id\":\"https:\/\/www.colossalstore.es\/#website\"},\"primaryImageOfPage\":{\"@id\":\"https:\/\/www.colossalstore.es\/tienda\/manga\/aquella-vez-que-me-converti-en-slime-16\/#primaryimage\"},\"image\":{\"@id\":\"https:\/\/www.colossalstore.es\/tienda\/manga\/aquella-vez-que-me-converti-en-slime-16\/#primaryimage\"},\"thumbnailUrl\":\"https:\/\/www.colossalstore.es\/wp-content\/uploads\/2022\/09\/thumb_21921_albumes_big.jpeg\",\"datePublished\":\"2022-09-16T07:43:54+00:00\",\"dateModified\":\"2026-01-05T18:51:46+00:00\",\"description\":\"Tensura tomo 16 (Taiki Kawakami) Los amigos y aliados de Rimuru siguen desconcertados por su ascenso, pero algo los preocupa a\u00fan m\u00e1s: el regreso de Veldora, el temido Drag\u00f3n Tormenta.\",\"breadcrumb\":{\"@id\":\"https:\/\/www.colossalstore.es\/tienda\/manga\/aquella-vez-que-me-converti-en-slime-16\/#breadcrumb\"},\"inLanguage\":\"en-US\",\"potentialAction\":[{\"@type\":\"ReadAction\",\"target\":[\"https:\/\/www.colossalstore.es\/tienda\/manga\/aquella-vez-que-me-converti-en-slime-16\/\"]}]},{\"@type\":\"ImageObject\",\"inLanguage\":\"en-US\",\"@id\":\"https:\/\/www.colossalstore.es\/tienda\/manga\/aquella-vez-que-me-converti-en-slime-16\/#primaryimage\",\"url\":\"https:\/\/www.colossalstore.es\/wp-content\/uploads\/2022\/09\/thumb_21921_albumes_big.jpeg\",\"contentUrl\":\"https:\/\/www.colossalstore.es\/wp-content\/uploads\/2022\/09\/thumb_21921_albumes_big.jpeg\",\"width\":780,\"height\":1091},{\"@type\":\"BreadcrumbList\",\"@id\":\"https:\/\/www.colossalstore.es\/tienda\/manga\/aquella-vez-que-me-converti-en-slime-16\/#breadcrumb\",\"itemListElement\":[{\"@type\":\"ListItem\",\"position\":1,\"name\":\"Home\",\"item\":\"https:\/\/www.colossalstore.es\/\"},{\"@type\":\"ListItem\",\"position\":2,\"name\":\"Tienda\",\"item\":\"https:\/\/www.colossalstore.es\/tienda\/\"},{\"@type\":\"ListItem\",\"position\":3,\"name\":\"AQUELLA VEZ QUE ME CONVERT\u00cd EN SLIME 16\"}]},{\"@type\":\"WebSite\",\"@id\":\"https:\/\/www.colossalstore.es\/#website\",\"url\":\"https:\/\/www.colossalstore.es\/\",\"name\":\"Colossal Store\",\"description\":\"Colossal Store, tienda especializada en TCGs.\",\"publisher\":{\"@id\":\"https:\/\/www.colossalstore.es\/#organization\"},\"alternateName\":\"Colossal Store\",\"potentialAction\":[{\"@type\":\"SearchAction\",\"target\":{\"@type\":\"EntryPoint\",\"urlTemplate\":\"https:\/\/www.colossalstore.es\/?s={search_term_string}\"},\"query-input\":{\"@type\":\"PropertyValueSpecification\",\"valueRequired\":true,\"valueName\":\"search_term_string\"}}],\"inLanguage\":\"en-US\"},{\"@type\":\"Organization\",\"@id\":\"https:\/\/www.colossalstore.es\/#organization\",\"name\":\"Colossal Store\",\"url\":\"https:\/\/www.colossalstore.es\/\",\"logo\":{\"@type\":\"ImageObject\",\"inLanguage\":\"en-US\",\"@id\":\"https:\/\/www.colossalstore.es\/#\/schema\/logo\/image\/\",\"url\":\"https:\/\/www.colossalstore.es\/wp-content\/uploads\/2023\/05\/Colossal_Logo-02.png\",\"contentUrl\":\"https:\/\/www.colossalstore.es\/wp-content\/uploads\/2023\/05\/Colossal_Logo-02.png\",\"width\":1181,\"height\":1181,\"caption\":\"Colossal Store\"},\"image\":{\"@id\":\"https:\/\/www.colossalstore.es\/#\/schema\/logo\/image\/\"},\"sameAs\":[\"https:\/\/x.com\/Colossal_Store\",\"https:\/\/www.instagram.com\/colossal_store_tcg\/\",\"https:\/\/www.tiktok.com\/@colossalstore\"]}]}<\/script>\n<!-- \/ Yoast SEO plugin. -->","yoast_head_json":{"title":"Tensura tomo 16 (Taiki Kawakami) | Colossal Store","description":"Tensura tomo 16 (Taiki Kawakami) Los amigos y aliados de Rimuru siguen desconcertados por su ascenso, pero algo los preocupa a\u00fan m\u00e1s: el regreso de Veldora, el temido Drag\u00f3n Tormenta.","robots":{"index":"index","follow":"follow","max-snippet":"max-snippet:-1","max-image-preview":"max-image-preview:large","max-video-preview":"max-video-preview:-1"},"canonical":"https:\/\/www.colossalstore.es\/en\/tienda\/manga\/aquella-vez-que-me-converti-en-slime-16\/","og_locale":"en_US","og_type":"article","og_title":"Tensura tomo 16 (Taiki Kawakami) | Colossal Store","og_description":"Tensura tomo 16 (Taiki Kawakami) Los amigos y aliados de Rimuru siguen desconcertados por su ascenso, pero algo los preocupa a\u00fan m\u00e1s: el regreso de Veldora, el temido Drag\u00f3n Tormenta.","og_url":"https:\/\/www.colossalstore.es\/en\/tienda\/manga\/aquella-vez-que-me-converti-en-slime-16\/","og_site_name":"Colossal Store","article_modified_time":"2026-01-05T18:51:46+00:00","og_image":[{"width":780,"height":1091,"url":"https:\/\/www.colossalstore.es\/wp-content\/uploads\/2022\/09\/thumb_21921_albumes_big.jpeg","type":"image\/jpeg"}],"twitter_card":"summary_large_image","twitter_site":"@Colossal_Store","twitter_misc":{"Est. reading time":"1 minute"},"schema":{"@context":"https:\/\/schema.org","@graph":[{"@type":"WebPage","@id":"https:\/\/www.colossalstore.es\/tienda\/manga\/aquella-vez-que-me-converti-en-slime-16\/","url":"https:\/\/www.colossalstore.es\/tienda\/manga\/aquella-vez-que-me-converti-en-slime-16\/","name":"Tensura tomo 16 (Taiki Kawakami) | Colossal Store","isPartOf":{"@id":"https:\/\/www.colossalstore.es\/#website"},"primaryImageOfPage":{"@id":"https:\/\/www.colossalstore.es\/tienda\/manga\/aquella-vez-que-me-converti-en-slime-16\/#primaryimage"},"image":{"@id":"https:\/\/www.colossalstore.es\/tienda\/manga\/aquella-vez-que-me-converti-en-slime-16\/#primaryimage"},"thumbnailUrl":"https:\/\/www.colossalstore.es\/wp-content\/uploads\/2022\/09\/thumb_21921_albumes_big.jpeg","datePublished":"2022-09-16T07:43:54+00:00","dateModified":"2026-01-05T18:51:46+00:00","description":"Tensura tomo 16 (Taiki Kawakami) Los amigos y aliados de Rimuru siguen desconcertados por su ascenso, pero algo los preocupa a\u00fan m\u00e1s: el regreso de Veldora, el temido Drag\u00f3n Tormenta.","breadcrumb":{"@id":"https:\/\/www.colossalstore.es\/tienda\/manga\/aquella-vez-que-me-converti-en-slime-16\/#breadcrumb"},"inLanguage":"en-US","potentialAction":[{"@type":"ReadAction","target":["https:\/\/www.colossalstore.es\/tienda\/manga\/aquella-vez-que-me-converti-en-slime-16\/"]}]},{"@type":"ImageObject","inLanguage":"en-US","@id":"https:\/\/www.colossalstore.es\/tienda\/manga\/aquella-vez-que-me-converti-en-slime-16\/#primaryimage","url":"https:\/\/www.colossalstore.es\/wp-content\/uploads\/2022\/09\/thumb_21921_albumes_big.jpeg","contentUrl":"https:\/\/www.colossalstore.es\/wp-content\/uploads\/2022\/09\/thumb_21921_albumes_big.jpeg","width":780,"height":1091},{"@type":"BreadcrumbList","@id":"https:\/\/www.colossalstore.es\/tienda\/manga\/aquella-vez-que-me-converti-en-slime-16\/#breadcrumb","itemListElement":[{"@type":"ListItem","position":1,"name":"Home","item":"https:\/\/www.colossalstore.es\/"},{"@type":"ListItem","position":2,"name":"Tienda","item":"https:\/\/www.colossalstore.es\/tienda\/"},{"@type":"ListItem","position":3,"name":"AQUELLA VEZ QUE ME CONVERT\u00cd EN SLIME 16"}]},{"@type":"WebSite","@id":"https:\/\/www.colossalstore.es\/#website","url":"https:\/\/www.colossalstore.es\/","name":"Colossal Store","description":"Colossal Store, store specialized in TCGs.","publisher":{"@id":"https:\/\/www.colossalstore.es\/#organization"},"alternateName":"Colossal Store","potentialAction":[{"@type":"SearchAction","target":{"@type":"EntryPoint","urlTemplate":"https:\/\/www.colossalstore.es\/?s={search_term_string}"},"query-input":{"@type":"PropertyValueSpecification","valueRequired":true,"valueName":"search_term_string"}}],"inLanguage":"en-US"},{"@type":"Organization","@id":"https:\/\/www.colossalstore.es\/#organization","name":"Colossal Store","url":"https:\/\/www.colossalstore.es\/","logo":{"@type":"ImageObject","inLanguage":"en-US","@id":"https:\/\/www.colossalstore.es\/#\/schema\/logo\/image\/","url":"https:\/\/www.colossalstore.es\/wp-content\/uploads\/2023\/05\/Colossal_Logo-02.png","contentUrl":"https:\/\/www.colossalstore.es\/wp-content\/uploads\/2023\/05\/Colossal_Logo-02.png","width":1181,"height":1181,"caption":"Colossal Store"},"image":{"@id":"https:\/\/www.colossalstore.es\/#\/schema\/logo\/image\/"},"sameAs":["https:\/\/x.com\/Colossal_Store","https:\/\/www.instagram.com\/colossal_store_tcg\/","https:\/\/www.tiktok.com\/@colossalstore"]}]}},"_links":{"self":[{"href":"https:\/\/www.colossalstore.es\/en\/wp-json\/wp\/v2\/product\/919","targetHints":{"allow":["GET"]}}],"collection":[{"href":"https:\/\/www.colossalstore.es\/en\/wp-json\/wp\/v2\/product"}],"about":[{"href":"https:\/\/www.colossalstore.es\/en\/wp-json\/wp\/v2\/types\/product"}],"replies":[{"embeddable":true,"href":"https:\/\/www.colossalstore.es\/en\/wp-json\/wp\/v2\/comments?post=919"}],"wp:featuredmedia":[{"embeddable":true,"href":"https:\/\/www.colossalstore.es\/en\/wp-json\/wp\/v2\/media\/920"}],"wp:attachment":[{"href":"https:\/\/www.colossalstore.es\/en\/wp-json\/wp\/v2\/media?parent=919"}],"wp:term":[{"taxonomy":"product_brand","embeddable":true,"href":"https:\/\/www.colossalstore.es\/en\/wp-json\/wp\/v2\/product_brand?post=919"},{"taxonomy":"product_cat","embeddable":true,"href":"https:\/\/www.colossalstore.es\/en\/wp-json\/wp\/v2\/product_cat?post=919"},{"taxonomy":"product_tag","embeddable":true,"href":"https:\/\/www.colossalstore.es\/en\/wp-json\/wp\/v2\/product_tag?post=919"}],"curies":[{"name":"wp","href":"https:\/\/api.w.org\/{rel}","templated":true}]}}