{"id":8774,"date":"2024-09-14T12:13:24","date_gmt":"2024-09-14T10:13:24","guid":{"rendered":"https:\/\/www.colossalstore.es\/?post_type=product&#038;p=8774"},"modified":"2025-06-23T14:06:32","modified_gmt":"2025-06-23T12:06:32","slug":"los-hombres-lobo-de-castronegro","status":"publish","type":"product","link":"https:\/\/www.colossalstore.es\/en\/tienda\/juegos-de-mesa\/los-hombres-lobo-de-castronegro\/","title":{"rendered":"LOS HOMBRES LOBO DE CASTRONEGRO"},"content":{"rendered":"<p>The Werewolves of Castronegro<\/p>\n<p>Deep in the forest, the small village of Castronegro has been the prey of Werewolves for some time. Every night, some of the villagers, turned into Werewolves by a strange phenomenon, kill their neighbours. The survivors must overcome their fear in order to eradicate this plague from the mists of time, before the village loses its last inhabitants.<\/p>\n<p>An easy-to-learn game, ideal for having a good time. Be careful! You risk playing for hour after hour.<\/p>","protected":false},"excerpt":{"rendered":"<p>Los Hombres Lobo de Castronegro En lo m\u00e1s profundo del bosque, la peque\u00f1a aldea de Castronegro es, desde hace alg\u00fan tiempo, presa de los Hombres Lobo. Todas la noches, algunos habitantes de la aldea, convertidos en Hombres Lobo por un extra\u00f1o f\u00e9nomeno, asesinan a sus vecinos. Los supervivientes deben superar su miedo para poder erradicar [&hellip;]<\/p>","protected":false},"featured_media":8775,"comment_status":"open","ping_status":"closed","template":"","meta":{"_joinchat":[]},"product_brand":[],"product_cat":[26],"product_tag":[],"class_list":{"0":"post-8774","1":"product","2":"type-product","3":"status-publish","4":"has-post-thumbnail","6":"product_cat-juegos-de-mesa","8":"first","9":"instock","10":"taxable","11":"shipping-taxable","12":"purchasable","13":"product-type-simple"},"yoast_head":"<!-- This site is optimized with the Yoast SEO plugin v25.7 - https:\/\/yoast.com\/wordpress\/plugins\/seo\/ -->\n<title>Los Hombres Lobo de Castronegro | Colossal Store<\/title>\n<meta name=\"description\" content=\"Los Hombres Lobo de Castronegro: Todas la noches, algunos habitantes de la aldea, convertidos en Hombres Lobo, asesinan a sus vecinos.\" \/>\n<meta name=\"robots\" content=\"index, follow, max-snippet:-1, max-image-preview:large, max-video-preview:-1\" \/>\n<link rel=\"canonical\" href=\"https:\/\/www.colossalstore.es\/en\/tienda\/juegos-de-mesa\/los-hombres-lobo-de-castronegro\/\" \/>\n<meta property=\"og:locale\" content=\"en_US\" \/>\n<meta property=\"og:type\" content=\"article\" \/>\n<meta property=\"og:title\" content=\"Los Hombres Lobo de Castronegro | Colossal Store\" \/>\n<meta property=\"og:description\" content=\"Los Hombres Lobo de Castronegro: Todas la noches, algunos habitantes de la aldea, convertidos en Hombres Lobo, asesinan a sus vecinos.\" \/>\n<meta property=\"og:url\" content=\"https:\/\/www.colossalstore.es\/en\/tienda\/juegos-de-mesa\/los-hombres-lobo-de-castronegro\/\" \/>\n<meta property=\"og:site_name\" content=\"Colossal Store\" \/>\n<meta property=\"article:modified_time\" content=\"2025-06-23T12:06:32+00:00\" \/>\n<meta property=\"og:image\" content=\"https:\/\/www.colossalstore.es\/wp-content\/uploads\/2022\/09\/cropped-Colossal_BannerWeb-01.png\" \/>\n\t<meta property=\"og:image:width\" content=\"2917\" \/>\n\t<meta property=\"og:image:height\" content=\"834\" \/>\n\t<meta property=\"og:image:type\" content=\"image\/png\" \/>\n<meta name=\"twitter:card\" content=\"summary_large_image\" \/>\n<meta name=\"twitter:site\" content=\"@Colossal_Store\" \/>\n<meta name=\"twitter:label1\" content=\"Est. reading time\" \/>\n\t<meta name=\"twitter:data1\" content=\"1 minute\" \/>\n<script type=\"application\/ld+json\" class=\"yoast-schema-graph\">{\"@context\":\"https:\/\/schema.org\",\"@graph\":[{\"@type\":\"WebPage\",\"@id\":\"https:\/\/www.colossalstore.es\/tienda\/juegos-de-mesa\/los-hombres-lobo-de-castronegro\/\",\"url\":\"https:\/\/www.colossalstore.es\/tienda\/juegos-de-mesa\/los-hombres-lobo-de-castronegro\/\",\"name\":\"Los Hombres Lobo de Castronegro | Colossal Store\",\"isPartOf\":{\"@id\":\"https:\/\/www.colossalstore.es\/#website\"},\"primaryImageOfPage\":{\"@id\":\"https:\/\/www.colossalstore.es\/tienda\/juegos-de-mesa\/los-hombres-lobo-de-castronegro\/#primaryimage\"},\"image\":{\"@id\":\"https:\/\/www.colossalstore.es\/tienda\/juegos-de-mesa\/los-hombres-lobo-de-castronegro\/#primaryimage\"},\"thumbnailUrl\":\"https:\/\/www.colossalstore.es\/wp-content\/uploads\/2024\/09\/Los-Hombres-Lobo-de-Castronegro.avif\",\"datePublished\":\"2024-09-14T10:13:24+00:00\",\"dateModified\":\"2025-06-23T12:06:32+00:00\",\"description\":\"Los Hombres Lobo de Castronegro: Todas la noches, algunos habitantes de la aldea, convertidos en Hombres Lobo, asesinan a sus vecinos.\",\"breadcrumb\":{\"@id\":\"https:\/\/www.colossalstore.es\/tienda\/juegos-de-mesa\/los-hombres-lobo-de-castronegro\/#breadcrumb\"},\"inLanguage\":\"en-US\",\"potentialAction\":[{\"@type\":\"ReadAction\",\"target\":[\"https:\/\/www.colossalstore.es\/tienda\/juegos-de-mesa\/los-hombres-lobo-de-castronegro\/\"]}]},{\"@type\":\"ImageObject\",\"inLanguage\":\"en-US\",\"@id\":\"https:\/\/www.colossalstore.es\/tienda\/juegos-de-mesa\/los-hombres-lobo-de-castronegro\/#primaryimage\",\"url\":\"https:\/\/www.colossalstore.es\/wp-content\/uploads\/2024\/09\/Los-Hombres-Lobo-de-Castronegro.avif\",\"contentUrl\":\"https:\/\/www.colossalstore.es\/wp-content\/uploads\/2024\/09\/Los-Hombres-Lobo-de-Castronegro.avif\",\"width\":1200,\"height\":1200},{\"@type\":\"BreadcrumbList\",\"@id\":\"https:\/\/www.colossalstore.es\/tienda\/juegos-de-mesa\/los-hombres-lobo-de-castronegro\/#breadcrumb\",\"itemListElement\":[{\"@type\":\"ListItem\",\"position\":1,\"name\":\"Home\",\"item\":\"https:\/\/www.colossalstore.es\/\"},{\"@type\":\"ListItem\",\"position\":2,\"name\":\"Tienda\",\"item\":\"https:\/\/www.colossalstore.es\/tienda\/\"},{\"@type\":\"ListItem\",\"position\":3,\"name\":\"LOS HOMBRES LOBO DE CASTRONEGRO\"}]},{\"@type\":\"WebSite\",\"@id\":\"https:\/\/www.colossalstore.es\/#website\",\"url\":\"https:\/\/www.colossalstore.es\/\",\"name\":\"Colossal Store\",\"description\":\"Colossal Store, tienda especializada en TCGs.\",\"publisher\":{\"@id\":\"https:\/\/www.colossalstore.es\/#organization\"},\"alternateName\":\"Colossal Store\",\"potentialAction\":[{\"@type\":\"SearchAction\",\"target\":{\"@type\":\"EntryPoint\",\"urlTemplate\":\"https:\/\/www.colossalstore.es\/?s={search_term_string}\"},\"query-input\":{\"@type\":\"PropertyValueSpecification\",\"valueRequired\":true,\"valueName\":\"search_term_string\"}}],\"inLanguage\":\"en-US\"},{\"@type\":\"Organization\",\"@id\":\"https:\/\/www.colossalstore.es\/#organization\",\"name\":\"Colossal Store\",\"url\":\"https:\/\/www.colossalstore.es\/\",\"logo\":{\"@type\":\"ImageObject\",\"inLanguage\":\"en-US\",\"@id\":\"https:\/\/www.colossalstore.es\/#\/schema\/logo\/image\/\",\"url\":\"https:\/\/www.colossalstore.es\/wp-content\/uploads\/2023\/05\/Colossal_Logo-02.png\",\"contentUrl\":\"https:\/\/www.colossalstore.es\/wp-content\/uploads\/2023\/05\/Colossal_Logo-02.png\",\"width\":1181,\"height\":1181,\"caption\":\"Colossal Store\"},\"image\":{\"@id\":\"https:\/\/www.colossalstore.es\/#\/schema\/logo\/image\/\"},\"sameAs\":[\"https:\/\/x.com\/Colossal_Store\",\"https:\/\/www.instagram.com\/colossal_store_tcg\/\",\"https:\/\/www.tiktok.com\/@colossalstore\"]}]}<\/script>\n<!-- \/ Yoast SEO plugin. -->","yoast_head_json":{"title":"Los Hombres Lobo de Castronegro | Colossal Store","description":"Los Hombres Lobo de Castronegro: Todas la noches, algunos habitantes de la aldea, convertidos en Hombres Lobo, asesinan a sus vecinos.","robots":{"index":"index","follow":"follow","max-snippet":"max-snippet:-1","max-image-preview":"max-image-preview:large","max-video-preview":"max-video-preview:-1"},"canonical":"https:\/\/www.colossalstore.es\/en\/tienda\/juegos-de-mesa\/los-hombres-lobo-de-castronegro\/","og_locale":"en_US","og_type":"article","og_title":"Los Hombres Lobo de Castronegro | Colossal Store","og_description":"Los Hombres Lobo de Castronegro: Todas la noches, algunos habitantes de la aldea, convertidos en Hombres Lobo, asesinan a sus vecinos.","og_url":"https:\/\/www.colossalstore.es\/en\/tienda\/juegos-de-mesa\/los-hombres-lobo-de-castronegro\/","og_site_name":"Colossal Store","article_modified_time":"2025-06-23T12:06:32+00:00","og_image":[{"width":2917,"height":834,"url":"https:\/\/www.colossalstore.es\/wp-content\/uploads\/2022\/09\/cropped-Colossal_BannerWeb-01.png","type":"image\/png"}],"twitter_card":"summary_large_image","twitter_site":"@Colossal_Store","twitter_misc":{"Est. reading time":"1 minute"},"schema":{"@context":"https:\/\/schema.org","@graph":[{"@type":"WebPage","@id":"https:\/\/www.colossalstore.es\/tienda\/juegos-de-mesa\/los-hombres-lobo-de-castronegro\/","url":"https:\/\/www.colossalstore.es\/tienda\/juegos-de-mesa\/los-hombres-lobo-de-castronegro\/","name":"Los Hombres Lobo de Castronegro | Colossal Store","isPartOf":{"@id":"https:\/\/www.colossalstore.es\/#website"},"primaryImageOfPage":{"@id":"https:\/\/www.colossalstore.es\/tienda\/juegos-de-mesa\/los-hombres-lobo-de-castronegro\/#primaryimage"},"image":{"@id":"https:\/\/www.colossalstore.es\/tienda\/juegos-de-mesa\/los-hombres-lobo-de-castronegro\/#primaryimage"},"thumbnailUrl":"https:\/\/www.colossalstore.es\/wp-content\/uploads\/2024\/09\/Los-Hombres-Lobo-de-Castronegro.avif","datePublished":"2024-09-14T10:13:24+00:00","dateModified":"2025-06-23T12:06:32+00:00","description":"Los Hombres Lobo de Castronegro: Todas la noches, algunos habitantes de la aldea, convertidos en Hombres Lobo, asesinan a sus vecinos.","breadcrumb":{"@id":"https:\/\/www.colossalstore.es\/tienda\/juegos-de-mesa\/los-hombres-lobo-de-castronegro\/#breadcrumb"},"inLanguage":"en-US","potentialAction":[{"@type":"ReadAction","target":["https:\/\/www.colossalstore.es\/tienda\/juegos-de-mesa\/los-hombres-lobo-de-castronegro\/"]}]},{"@type":"ImageObject","inLanguage":"en-US","@id":"https:\/\/www.colossalstore.es\/tienda\/juegos-de-mesa\/los-hombres-lobo-de-castronegro\/#primaryimage","url":"https:\/\/www.colossalstore.es\/wp-content\/uploads\/2024\/09\/Los-Hombres-Lobo-de-Castronegro.avif","contentUrl":"https:\/\/www.colossalstore.es\/wp-content\/uploads\/2024\/09\/Los-Hombres-Lobo-de-Castronegro.avif","width":1200,"height":1200},{"@type":"BreadcrumbList","@id":"https:\/\/www.colossalstore.es\/tienda\/juegos-de-mesa\/los-hombres-lobo-de-castronegro\/#breadcrumb","itemListElement":[{"@type":"ListItem","position":1,"name":"Home","item":"https:\/\/www.colossalstore.es\/"},{"@type":"ListItem","position":2,"name":"Tienda","item":"https:\/\/www.colossalstore.es\/tienda\/"},{"@type":"ListItem","position":3,"name":"LOS HOMBRES LOBO DE CASTRONEGRO"}]},{"@type":"WebSite","@id":"https:\/\/www.colossalstore.es\/#website","url":"https:\/\/www.colossalstore.es\/","name":"Colossal Store","description":"Colossal Store, store specialized in TCGs.","publisher":{"@id":"https:\/\/www.colossalstore.es\/#organization"},"alternateName":"Colossal Store","potentialAction":[{"@type":"SearchAction","target":{"@type":"EntryPoint","urlTemplate":"https:\/\/www.colossalstore.es\/?s={search_term_string}"},"query-input":{"@type":"PropertyValueSpecification","valueRequired":true,"valueName":"search_term_string"}}],"inLanguage":"en-US"},{"@type":"Organization","@id":"https:\/\/www.colossalstore.es\/#organization","name":"Colossal Store","url":"https:\/\/www.colossalstore.es\/","logo":{"@type":"ImageObject","inLanguage":"en-US","@id":"https:\/\/www.colossalstore.es\/#\/schema\/logo\/image\/","url":"https:\/\/www.colossalstore.es\/wp-content\/uploads\/2023\/05\/Colossal_Logo-02.png","contentUrl":"https:\/\/www.colossalstore.es\/wp-content\/uploads\/2023\/05\/Colossal_Logo-02.png","width":1181,"height":1181,"caption":"Colossal Store"},"image":{"@id":"https:\/\/www.colossalstore.es\/#\/schema\/logo\/image\/"},"sameAs":["https:\/\/x.com\/Colossal_Store","https:\/\/www.instagram.com\/colossal_store_tcg\/","https:\/\/www.tiktok.com\/@colossalstore"]}]}},"_links":{"self":[{"href":"https:\/\/www.colossalstore.es\/en\/wp-json\/wp\/v2\/product\/8774","targetHints":{"allow":["GET"]}}],"collection":[{"href":"https:\/\/www.colossalstore.es\/en\/wp-json\/wp\/v2\/product"}],"about":[{"href":"https:\/\/www.colossalstore.es\/en\/wp-json\/wp\/v2\/types\/product"}],"replies":[{"embeddable":true,"href":"https:\/\/www.colossalstore.es\/en\/wp-json\/wp\/v2\/comments?post=8774"}],"wp:featuredmedia":[{"embeddable":true,"href":"https:\/\/www.colossalstore.es\/en\/wp-json\/wp\/v2\/media\/8775"}],"wp:attachment":[{"href":"https:\/\/www.colossalstore.es\/en\/wp-json\/wp\/v2\/media?parent=8774"}],"wp:term":[{"taxonomy":"product_brand","embeddable":true,"href":"https:\/\/www.colossalstore.es\/en\/wp-json\/wp\/v2\/product_brand?post=8774"},{"taxonomy":"product_cat","embeddable":true,"href":"https:\/\/www.colossalstore.es\/en\/wp-json\/wp\/v2\/product_cat?post=8774"},{"taxonomy":"product_tag","embeddable":true,"href":"https:\/\/www.colossalstore.es\/en\/wp-json\/wp\/v2\/product_tag?post=8774"}],"curies":[{"name":"wp","href":"https:\/\/api.w.org\/{rel}","templated":true}]}}