{"id":8492,"date":"2024-08-02T16:42:38","date_gmt":"2024-08-02T14:42:38","guid":{"rendered":"https:\/\/www.colossalstore.es\/?post_type=product&#038;p=8492"},"modified":"2026-01-05T19:30:27","modified_gmt":"2026-01-05T18:30:27","slug":"nana-20-ai-yazawa","status":"publish","type":"product","link":"https:\/\/www.colossalstore.es\/en\/tienda\/manga\/nana-20-ai-yazawa\/","title":{"rendered":"NANA 20"},"content":{"rendered":"<p>Lullaby 20 \u2013 Ai Yazawa<\/p>\n<p><strong>A josei manga by Ai Yawaza<\/strong><\/p>\n<p>Nana has a busy schedule after deciding to debut solo, but her activities don&#039;t fill the void she feels from not talking to Ren, who is also suffering from the ravages of drugs. However, Nana&#039;s birthday is approaching and perhaps that will make her change her mind... What will happen!?<\/p>","protected":false},"excerpt":{"rendered":"<p>Nana 20 &#8211; Ai Yazawa Un manga josei de Ai Yawaza Nana tiene la agenda apretada despu\u00e9s de decidirse a debutar en solitario, pero las actividades no llenan el vac\u00edo que siente por no hablar con Ren, quien por su lado sufre los estragos de las drogas. Sin embargo, el cumplea\u00f1os de Nana se acerca [&hellip;]<\/p>","protected":false},"featured_media":8493,"comment_status":"open","ping_status":"closed","template":"","meta":{"_joinchat":[]},"product_brand":[],"product_cat":[32],"product_tag":[],"class_list":{"0":"post-8492","1":"product","2":"type-product","3":"status-publish","4":"has-post-thumbnail","6":"product_cat-manga","8":"first","9":"outofstock","10":"taxable","11":"shipping-taxable","12":"purchasable","13":"product-type-simple"},"yoast_head":"<!-- This site is optimized with the Yoast SEO plugin v25.7 - https:\/\/yoast.com\/wordpress\/plugins\/seo\/ -->\n<title>Nana 20 - Ai Yazawa | Colossal Store<\/title>\n<meta name=\"description\" content=\"Nana 20 - Ai Yazawa: Nana tiene la agenda apretada despu\u00e9s de decidirse a debutar en solitario, pero las actividades no llenan el vac\u00edo que siente...\" \/>\n<meta name=\"robots\" content=\"index, follow, max-snippet:-1, max-image-preview:large, max-video-preview:-1\" \/>\n<link rel=\"canonical\" href=\"https:\/\/www.colossalstore.es\/en\/tienda\/manga\/nana-20-ai-yazawa\/\" \/>\n<meta property=\"og:locale\" content=\"en_US\" \/>\n<meta property=\"og:type\" content=\"article\" \/>\n<meta property=\"og:title\" content=\"Nana 20 - Ai Yazawa | Colossal Store\" \/>\n<meta property=\"og:description\" content=\"Nana 20 - Ai Yazawa: Nana tiene la agenda apretada despu\u00e9s de decidirse a debutar en solitario, pero las actividades no llenan el vac\u00edo que siente...\" \/>\n<meta property=\"og:url\" content=\"https:\/\/www.colossalstore.es\/en\/tienda\/manga\/nana-20-ai-yazawa\/\" \/>\n<meta property=\"og:site_name\" content=\"Colossal Store\" \/>\n<meta property=\"article:modified_time\" content=\"2026-01-05T18:30:27+00:00\" \/>\n<meta property=\"og:image\" content=\"https:\/\/www.colossalstore.es\/wp-content\/uploads\/2024\/08\/Nana-20-Ai-Yazawa.jpg\" \/>\n\t<meta property=\"og:image:width\" content=\"625\" \/>\n\t<meta property=\"og:image:height\" content=\"1000\" \/>\n\t<meta property=\"og:image:type\" content=\"image\/jpeg\" \/>\n<meta name=\"twitter:card\" content=\"summary_large_image\" \/>\n<meta name=\"twitter:site\" content=\"@Colossal_Store\" \/>\n<meta name=\"twitter:label1\" content=\"Est. reading time\" \/>\n\t<meta name=\"twitter:data1\" content=\"1 minute\" \/>\n<script type=\"application\/ld+json\" class=\"yoast-schema-graph\">{\"@context\":\"https:\/\/schema.org\",\"@graph\":[{\"@type\":\"WebPage\",\"@id\":\"https:\/\/www.colossalstore.es\/tienda\/manga\/nana-20-ai-yazawa\/\",\"url\":\"https:\/\/www.colossalstore.es\/tienda\/manga\/nana-20-ai-yazawa\/\",\"name\":\"Nana 20 - Ai Yazawa | Colossal Store\",\"isPartOf\":{\"@id\":\"https:\/\/www.colossalstore.es\/#website\"},\"primaryImageOfPage\":{\"@id\":\"https:\/\/www.colossalstore.es\/tienda\/manga\/nana-20-ai-yazawa\/#primaryimage\"},\"image\":{\"@id\":\"https:\/\/www.colossalstore.es\/tienda\/manga\/nana-20-ai-yazawa\/#primaryimage\"},\"thumbnailUrl\":\"https:\/\/www.colossalstore.es\/wp-content\/uploads\/2024\/08\/Nana-20-Ai-Yazawa.jpg\",\"datePublished\":\"2024-08-02T14:42:38+00:00\",\"dateModified\":\"2026-01-05T18:30:27+00:00\",\"description\":\"Nana 20 - Ai Yazawa: Nana tiene la agenda apretada despu\u00e9s de decidirse a debutar en solitario, pero las actividades no llenan el vac\u00edo que siente...\",\"breadcrumb\":{\"@id\":\"https:\/\/www.colossalstore.es\/tienda\/manga\/nana-20-ai-yazawa\/#breadcrumb\"},\"inLanguage\":\"en-US\",\"potentialAction\":[{\"@type\":\"ReadAction\",\"target\":[\"https:\/\/www.colossalstore.es\/tienda\/manga\/nana-20-ai-yazawa\/\"]}]},{\"@type\":\"ImageObject\",\"inLanguage\":\"en-US\",\"@id\":\"https:\/\/www.colossalstore.es\/tienda\/manga\/nana-20-ai-yazawa\/#primaryimage\",\"url\":\"https:\/\/www.colossalstore.es\/wp-content\/uploads\/2024\/08\/Nana-20-Ai-Yazawa.jpg\",\"contentUrl\":\"https:\/\/www.colossalstore.es\/wp-content\/uploads\/2024\/08\/Nana-20-Ai-Yazawa.jpg\",\"width\":625,\"height\":1000},{\"@type\":\"BreadcrumbList\",\"@id\":\"https:\/\/www.colossalstore.es\/tienda\/manga\/nana-20-ai-yazawa\/#breadcrumb\",\"itemListElement\":[{\"@type\":\"ListItem\",\"position\":1,\"name\":\"Home\",\"item\":\"https:\/\/www.colossalstore.es\/\"},{\"@type\":\"ListItem\",\"position\":2,\"name\":\"Tienda\",\"item\":\"https:\/\/www.colossalstore.es\/tienda\/\"},{\"@type\":\"ListItem\",\"position\":3,\"name\":\"NANA 20\"}]},{\"@type\":\"WebSite\",\"@id\":\"https:\/\/www.colossalstore.es\/#website\",\"url\":\"https:\/\/www.colossalstore.es\/\",\"name\":\"Colossal Store\",\"description\":\"Colossal Store, tienda especializada en TCGs.\",\"publisher\":{\"@id\":\"https:\/\/www.colossalstore.es\/#organization\"},\"alternateName\":\"Colossal Store\",\"potentialAction\":[{\"@type\":\"SearchAction\",\"target\":{\"@type\":\"EntryPoint\",\"urlTemplate\":\"https:\/\/www.colossalstore.es\/?s={search_term_string}\"},\"query-input\":{\"@type\":\"PropertyValueSpecification\",\"valueRequired\":true,\"valueName\":\"search_term_string\"}}],\"inLanguage\":\"en-US\"},{\"@type\":\"Organization\",\"@id\":\"https:\/\/www.colossalstore.es\/#organization\",\"name\":\"Colossal Store\",\"url\":\"https:\/\/www.colossalstore.es\/\",\"logo\":{\"@type\":\"ImageObject\",\"inLanguage\":\"en-US\",\"@id\":\"https:\/\/www.colossalstore.es\/#\/schema\/logo\/image\/\",\"url\":\"https:\/\/www.colossalstore.es\/wp-content\/uploads\/2023\/05\/Colossal_Logo-02.png\",\"contentUrl\":\"https:\/\/www.colossalstore.es\/wp-content\/uploads\/2023\/05\/Colossal_Logo-02.png\",\"width\":1181,\"height\":1181,\"caption\":\"Colossal Store\"},\"image\":{\"@id\":\"https:\/\/www.colossalstore.es\/#\/schema\/logo\/image\/\"},\"sameAs\":[\"https:\/\/x.com\/Colossal_Store\",\"https:\/\/www.instagram.com\/colossal_store_tcg\/\",\"https:\/\/www.tiktok.com\/@colossalstore\"]}]}<\/script>\n<!-- \/ Yoast SEO plugin. -->","yoast_head_json":{"title":"Nana 20 - Ai Yazawa | Colossal Store","description":"Nana 20 - Ai Yazawa: Nana tiene la agenda apretada despu\u00e9s de decidirse a debutar en solitario, pero las actividades no llenan el vac\u00edo que siente...","robots":{"index":"index","follow":"follow","max-snippet":"max-snippet:-1","max-image-preview":"max-image-preview:large","max-video-preview":"max-video-preview:-1"},"canonical":"https:\/\/www.colossalstore.es\/en\/tienda\/manga\/nana-20-ai-yazawa\/","og_locale":"en_US","og_type":"article","og_title":"Nana 20 - Ai Yazawa | Colossal Store","og_description":"Nana 20 - Ai Yazawa: Nana tiene la agenda apretada despu\u00e9s de decidirse a debutar en solitario, pero las actividades no llenan el vac\u00edo que siente...","og_url":"https:\/\/www.colossalstore.es\/en\/tienda\/manga\/nana-20-ai-yazawa\/","og_site_name":"Colossal Store","article_modified_time":"2026-01-05T18:30:27+00:00","og_image":[{"width":625,"height":1000,"url":"https:\/\/www.colossalstore.es\/wp-content\/uploads\/2024\/08\/Nana-20-Ai-Yazawa.jpg","type":"image\/jpeg"}],"twitter_card":"summary_large_image","twitter_site":"@Colossal_Store","twitter_misc":{"Est. reading time":"1 minute"},"schema":{"@context":"https:\/\/schema.org","@graph":[{"@type":"WebPage","@id":"https:\/\/www.colossalstore.es\/tienda\/manga\/nana-20-ai-yazawa\/","url":"https:\/\/www.colossalstore.es\/tienda\/manga\/nana-20-ai-yazawa\/","name":"Nana 20 - Ai Yazawa | Colossal Store","isPartOf":{"@id":"https:\/\/www.colossalstore.es\/#website"},"primaryImageOfPage":{"@id":"https:\/\/www.colossalstore.es\/tienda\/manga\/nana-20-ai-yazawa\/#primaryimage"},"image":{"@id":"https:\/\/www.colossalstore.es\/tienda\/manga\/nana-20-ai-yazawa\/#primaryimage"},"thumbnailUrl":"https:\/\/www.colossalstore.es\/wp-content\/uploads\/2024\/08\/Nana-20-Ai-Yazawa.jpg","datePublished":"2024-08-02T14:42:38+00:00","dateModified":"2026-01-05T18:30:27+00:00","description":"Nana 20 - Ai Yazawa: Nana tiene la agenda apretada despu\u00e9s de decidirse a debutar en solitario, pero las actividades no llenan el vac\u00edo que siente...","breadcrumb":{"@id":"https:\/\/www.colossalstore.es\/tienda\/manga\/nana-20-ai-yazawa\/#breadcrumb"},"inLanguage":"en-US","potentialAction":[{"@type":"ReadAction","target":["https:\/\/www.colossalstore.es\/tienda\/manga\/nana-20-ai-yazawa\/"]}]},{"@type":"ImageObject","inLanguage":"en-US","@id":"https:\/\/www.colossalstore.es\/tienda\/manga\/nana-20-ai-yazawa\/#primaryimage","url":"https:\/\/www.colossalstore.es\/wp-content\/uploads\/2024\/08\/Nana-20-Ai-Yazawa.jpg","contentUrl":"https:\/\/www.colossalstore.es\/wp-content\/uploads\/2024\/08\/Nana-20-Ai-Yazawa.jpg","width":625,"height":1000},{"@type":"BreadcrumbList","@id":"https:\/\/www.colossalstore.es\/tienda\/manga\/nana-20-ai-yazawa\/#breadcrumb","itemListElement":[{"@type":"ListItem","position":1,"name":"Home","item":"https:\/\/www.colossalstore.es\/"},{"@type":"ListItem","position":2,"name":"Tienda","item":"https:\/\/www.colossalstore.es\/tienda\/"},{"@type":"ListItem","position":3,"name":"NANA 20"}]},{"@type":"WebSite","@id":"https:\/\/www.colossalstore.es\/#website","url":"https:\/\/www.colossalstore.es\/","name":"Colossal Store","description":"Colossal Store, store specialized in TCGs.","publisher":{"@id":"https:\/\/www.colossalstore.es\/#organization"},"alternateName":"Colossal Store","potentialAction":[{"@type":"SearchAction","target":{"@type":"EntryPoint","urlTemplate":"https:\/\/www.colossalstore.es\/?s={search_term_string}"},"query-input":{"@type":"PropertyValueSpecification","valueRequired":true,"valueName":"search_term_string"}}],"inLanguage":"en-US"},{"@type":"Organization","@id":"https:\/\/www.colossalstore.es\/#organization","name":"Colossal Store","url":"https:\/\/www.colossalstore.es\/","logo":{"@type":"ImageObject","inLanguage":"en-US","@id":"https:\/\/www.colossalstore.es\/#\/schema\/logo\/image\/","url":"https:\/\/www.colossalstore.es\/wp-content\/uploads\/2023\/05\/Colossal_Logo-02.png","contentUrl":"https:\/\/www.colossalstore.es\/wp-content\/uploads\/2023\/05\/Colossal_Logo-02.png","width":1181,"height":1181,"caption":"Colossal Store"},"image":{"@id":"https:\/\/www.colossalstore.es\/#\/schema\/logo\/image\/"},"sameAs":["https:\/\/x.com\/Colossal_Store","https:\/\/www.instagram.com\/colossal_store_tcg\/","https:\/\/www.tiktok.com\/@colossalstore"]}]}},"_links":{"self":[{"href":"https:\/\/www.colossalstore.es\/en\/wp-json\/wp\/v2\/product\/8492","targetHints":{"allow":["GET"]}}],"collection":[{"href":"https:\/\/www.colossalstore.es\/en\/wp-json\/wp\/v2\/product"}],"about":[{"href":"https:\/\/www.colossalstore.es\/en\/wp-json\/wp\/v2\/types\/product"}],"replies":[{"embeddable":true,"href":"https:\/\/www.colossalstore.es\/en\/wp-json\/wp\/v2\/comments?post=8492"}],"wp:featuredmedia":[{"embeddable":true,"href":"https:\/\/www.colossalstore.es\/en\/wp-json\/wp\/v2\/media\/8493"}],"wp:attachment":[{"href":"https:\/\/www.colossalstore.es\/en\/wp-json\/wp\/v2\/media?parent=8492"}],"wp:term":[{"taxonomy":"product_brand","embeddable":true,"href":"https:\/\/www.colossalstore.es\/en\/wp-json\/wp\/v2\/product_brand?post=8492"},{"taxonomy":"product_cat","embeddable":true,"href":"https:\/\/www.colossalstore.es\/en\/wp-json\/wp\/v2\/product_cat?post=8492"},{"taxonomy":"product_tag","embeddable":true,"href":"https:\/\/www.colossalstore.es\/en\/wp-json\/wp\/v2\/product_tag?post=8492"}],"curies":[{"name":"wp","href":"https:\/\/api.w.org\/{rel}","templated":true}]}}