{"id":8482,"date":"2024-08-02T16:32:35","date_gmt":"2024-08-02T14:32:35","guid":{"rendered":"https:\/\/www.colossalstore.es\/?post_type=product&#038;p=8482"},"modified":"2025-06-23T18:12:50","modified_gmt":"2025-06-23T16:12:50","slug":"nana-15-ai-yazawa","status":"publish","type":"product","link":"https:\/\/www.colossalstore.es\/en\/tienda\/manga\/nana-15-ai-yazawa\/","title":{"rendered":"Lullaby 15 \u2013 Ai Yazawa"},"content":{"rendered":"<p>Lullaby 15 \u2013 Ai Yazawa<\/p>\n<p><strong>Two love stories<\/strong><\/p>\n<p>Nana Komatsu begins to understand what happiness means to her. Nana Oosaki, who is on tour, decides to apply for the paperwork to marry Ren. Just then she receives some shocking photos of Ren and Leila. . .<\/p>\n<p>&nbsp;<\/p>","protected":false},"excerpt":{"rendered":"<p>Nana 15 &#8211; Ai Yazawa Dos historias de amor Nana Komatsu empieza a comprender qu\u00e9 es para ella la felicidad. Nana Oosaki, que est\u00e1 de gira, decide tramitar la documentaci\u00f3n para casarse con Ren. Justo entonces recibe unas fotos impactantes de Ren y Leila. . . &nbsp;<\/p>","protected":false},"featured_media":8483,"comment_status":"open","ping_status":"closed","template":"","meta":{"_joinchat":[]},"product_brand":[],"product_cat":[32],"product_tag":[],"class_list":{"0":"post-8482","1":"product","2":"type-product","3":"status-publish","4":"has-post-thumbnail","6":"product_cat-manga","8":"first","9":"outofstock","10":"sale","11":"taxable","12":"shipping-taxable","13":"purchasable","14":"product-type-simple"},"yoast_head":"<!-- This site is optimized with the Yoast SEO plugin v25.7 - https:\/\/yoast.com\/wordpress\/plugins\/seo\/ -->\n<title>Nana 15 - Ai Yazawa | Colossal Store<\/title>\n<meta name=\"description\" content=\"Nana 15 - Ai Yazawa: Nana Komatsu empieza a comprender qu\u00e9 es para ella la felicidad. Nana Oosaki, que est\u00e1 de gira, decide tramitar la documentaci\u00f3n...\" \/>\n<meta name=\"robots\" content=\"index, follow, max-snippet:-1, max-image-preview:large, max-video-preview:-1\" \/>\n<link rel=\"canonical\" href=\"https:\/\/www.colossalstore.es\/en\/tienda\/manga\/nana-15-ai-yazawa\/\" \/>\n<meta property=\"og:locale\" content=\"en_US\" \/>\n<meta property=\"og:type\" content=\"article\" \/>\n<meta property=\"og:title\" content=\"Nana 15 - Ai Yazawa | Colossal Store\" \/>\n<meta property=\"og:description\" content=\"Nana 15 - Ai Yazawa: Nana Komatsu empieza a comprender qu\u00e9 es para ella la felicidad. Nana Oosaki, que est\u00e1 de gira, decide tramitar la documentaci\u00f3n...\" \/>\n<meta property=\"og:url\" content=\"https:\/\/www.colossalstore.es\/en\/tienda\/manga\/nana-15-ai-yazawa\/\" \/>\n<meta property=\"og:site_name\" content=\"Colossal Store\" \/>\n<meta property=\"article:modified_time\" content=\"2025-06-23T16:12:50+00:00\" \/>\n<meta property=\"og:image\" content=\"https:\/\/www.colossalstore.es\/wp-content\/uploads\/2024\/08\/Nana-15-Ai-Yazawa.webp\" \/>\n\t<meta property=\"og:image:width\" content=\"360\" \/>\n\t<meta property=\"og:image:height\" content=\"596\" \/>\n\t<meta property=\"og:image:type\" content=\"image\/webp\" \/>\n<meta name=\"twitter:card\" content=\"summary_large_image\" \/>\n<meta name=\"twitter:site\" content=\"@Colossal_Store\" \/>\n<meta name=\"twitter:label1\" content=\"Est. reading time\" \/>\n\t<meta name=\"twitter:data1\" content=\"1 minute\" \/>\n<script type=\"application\/ld+json\" class=\"yoast-schema-graph\">{\"@context\":\"https:\/\/schema.org\",\"@graph\":[{\"@type\":\"WebPage\",\"@id\":\"https:\/\/www.colossalstore.es\/tienda\/manga\/nana-15-ai-yazawa\/\",\"url\":\"https:\/\/www.colossalstore.es\/tienda\/manga\/nana-15-ai-yazawa\/\",\"name\":\"Nana 15 - Ai Yazawa | Colossal Store\",\"isPartOf\":{\"@id\":\"https:\/\/www.colossalstore.es\/#website\"},\"primaryImageOfPage\":{\"@id\":\"https:\/\/www.colossalstore.es\/tienda\/manga\/nana-15-ai-yazawa\/#primaryimage\"},\"image\":{\"@id\":\"https:\/\/www.colossalstore.es\/tienda\/manga\/nana-15-ai-yazawa\/#primaryimage\"},\"thumbnailUrl\":\"https:\/\/www.colossalstore.es\/wp-content\/uploads\/2024\/08\/Nana-15-Ai-Yazawa.webp\",\"datePublished\":\"2024-08-02T14:32:35+00:00\",\"dateModified\":\"2025-06-23T16:12:50+00:00\",\"description\":\"Nana 15 - Ai Yazawa: Nana Komatsu empieza a comprender qu\u00e9 es para ella la felicidad. Nana Oosaki, que est\u00e1 de gira, decide tramitar la documentaci\u00f3n...\",\"breadcrumb\":{\"@id\":\"https:\/\/www.colossalstore.es\/tienda\/manga\/nana-15-ai-yazawa\/#breadcrumb\"},\"inLanguage\":\"en-US\",\"potentialAction\":[{\"@type\":\"ReadAction\",\"target\":[\"https:\/\/www.colossalstore.es\/tienda\/manga\/nana-15-ai-yazawa\/\"]}]},{\"@type\":\"ImageObject\",\"inLanguage\":\"en-US\",\"@id\":\"https:\/\/www.colossalstore.es\/tienda\/manga\/nana-15-ai-yazawa\/#primaryimage\",\"url\":\"https:\/\/www.colossalstore.es\/wp-content\/uploads\/2024\/08\/Nana-15-Ai-Yazawa.webp\",\"contentUrl\":\"https:\/\/www.colossalstore.es\/wp-content\/uploads\/2024\/08\/Nana-15-Ai-Yazawa.webp\",\"width\":360,\"height\":596},{\"@type\":\"BreadcrumbList\",\"@id\":\"https:\/\/www.colossalstore.es\/tienda\/manga\/nana-15-ai-yazawa\/#breadcrumb\",\"itemListElement\":[{\"@type\":\"ListItem\",\"position\":1,\"name\":\"Home\",\"item\":\"https:\/\/www.colossalstore.es\/\"},{\"@type\":\"ListItem\",\"position\":2,\"name\":\"Tienda\",\"item\":\"https:\/\/www.colossalstore.es\/tienda\/\"},{\"@type\":\"ListItem\",\"position\":3,\"name\":\"Nana 15 &#8211; Ai Yazawa\"}]},{\"@type\":\"WebSite\",\"@id\":\"https:\/\/www.colossalstore.es\/#website\",\"url\":\"https:\/\/www.colossalstore.es\/\",\"name\":\"Colossal Store\",\"description\":\"Colossal Store, tienda especializada en TCGs.\",\"publisher\":{\"@id\":\"https:\/\/www.colossalstore.es\/#organization\"},\"alternateName\":\"Colossal Store\",\"potentialAction\":[{\"@type\":\"SearchAction\",\"target\":{\"@type\":\"EntryPoint\",\"urlTemplate\":\"https:\/\/www.colossalstore.es\/?s={search_term_string}\"},\"query-input\":{\"@type\":\"PropertyValueSpecification\",\"valueRequired\":true,\"valueName\":\"search_term_string\"}}],\"inLanguage\":\"en-US\"},{\"@type\":\"Organization\",\"@id\":\"https:\/\/www.colossalstore.es\/#organization\",\"name\":\"Colossal Store\",\"url\":\"https:\/\/www.colossalstore.es\/\",\"logo\":{\"@type\":\"ImageObject\",\"inLanguage\":\"en-US\",\"@id\":\"https:\/\/www.colossalstore.es\/#\/schema\/logo\/image\/\",\"url\":\"https:\/\/www.colossalstore.es\/wp-content\/uploads\/2023\/05\/Colossal_Logo-02.png\",\"contentUrl\":\"https:\/\/www.colossalstore.es\/wp-content\/uploads\/2023\/05\/Colossal_Logo-02.png\",\"width\":1181,\"height\":1181,\"caption\":\"Colossal Store\"},\"image\":{\"@id\":\"https:\/\/www.colossalstore.es\/#\/schema\/logo\/image\/\"},\"sameAs\":[\"https:\/\/x.com\/Colossal_Store\",\"https:\/\/www.instagram.com\/colossal_store_tcg\/\",\"https:\/\/www.tiktok.com\/@colossalstore\"]}]}<\/script>\n<!-- \/ Yoast SEO plugin. -->","yoast_head_json":{"title":"Nana 15 - Ai Yazawa | Colossal Store","description":"Nana 15 - Ai Yazawa: Nana Komatsu empieza a comprender qu\u00e9 es para ella la felicidad. Nana Oosaki, que est\u00e1 de gira, decide tramitar la documentaci\u00f3n...","robots":{"index":"index","follow":"follow","max-snippet":"max-snippet:-1","max-image-preview":"max-image-preview:large","max-video-preview":"max-video-preview:-1"},"canonical":"https:\/\/www.colossalstore.es\/en\/tienda\/manga\/nana-15-ai-yazawa\/","og_locale":"en_US","og_type":"article","og_title":"Nana 15 - Ai Yazawa | Colossal Store","og_description":"Nana 15 - Ai Yazawa: Nana Komatsu empieza a comprender qu\u00e9 es para ella la felicidad. Nana Oosaki, que est\u00e1 de gira, decide tramitar la documentaci\u00f3n...","og_url":"https:\/\/www.colossalstore.es\/en\/tienda\/manga\/nana-15-ai-yazawa\/","og_site_name":"Colossal Store","article_modified_time":"2025-06-23T16:12:50+00:00","og_image":[{"width":360,"height":596,"url":"https:\/\/www.colossalstore.es\/wp-content\/uploads\/2024\/08\/Nana-15-Ai-Yazawa.webp","type":"image\/webp"}],"twitter_card":"summary_large_image","twitter_site":"@Colossal_Store","twitter_misc":{"Est. reading time":"1 minute"},"schema":{"@context":"https:\/\/schema.org","@graph":[{"@type":"WebPage","@id":"https:\/\/www.colossalstore.es\/tienda\/manga\/nana-15-ai-yazawa\/","url":"https:\/\/www.colossalstore.es\/tienda\/manga\/nana-15-ai-yazawa\/","name":"Nana 15 - Ai Yazawa | Colossal Store","isPartOf":{"@id":"https:\/\/www.colossalstore.es\/#website"},"primaryImageOfPage":{"@id":"https:\/\/www.colossalstore.es\/tienda\/manga\/nana-15-ai-yazawa\/#primaryimage"},"image":{"@id":"https:\/\/www.colossalstore.es\/tienda\/manga\/nana-15-ai-yazawa\/#primaryimage"},"thumbnailUrl":"https:\/\/www.colossalstore.es\/wp-content\/uploads\/2024\/08\/Nana-15-Ai-Yazawa.webp","datePublished":"2024-08-02T14:32:35+00:00","dateModified":"2025-06-23T16:12:50+00:00","description":"Nana 15 - Ai Yazawa: Nana Komatsu empieza a comprender qu\u00e9 es para ella la felicidad. Nana Oosaki, que est\u00e1 de gira, decide tramitar la documentaci\u00f3n...","breadcrumb":{"@id":"https:\/\/www.colossalstore.es\/tienda\/manga\/nana-15-ai-yazawa\/#breadcrumb"},"inLanguage":"en-US","potentialAction":[{"@type":"ReadAction","target":["https:\/\/www.colossalstore.es\/tienda\/manga\/nana-15-ai-yazawa\/"]}]},{"@type":"ImageObject","inLanguage":"en-US","@id":"https:\/\/www.colossalstore.es\/tienda\/manga\/nana-15-ai-yazawa\/#primaryimage","url":"https:\/\/www.colossalstore.es\/wp-content\/uploads\/2024\/08\/Nana-15-Ai-Yazawa.webp","contentUrl":"https:\/\/www.colossalstore.es\/wp-content\/uploads\/2024\/08\/Nana-15-Ai-Yazawa.webp","width":360,"height":596},{"@type":"BreadcrumbList","@id":"https:\/\/www.colossalstore.es\/tienda\/manga\/nana-15-ai-yazawa\/#breadcrumb","itemListElement":[{"@type":"ListItem","position":1,"name":"Home","item":"https:\/\/www.colossalstore.es\/"},{"@type":"ListItem","position":2,"name":"Tienda","item":"https:\/\/www.colossalstore.es\/tienda\/"},{"@type":"ListItem","position":3,"name":"Nana 15 &#8211; Ai Yazawa"}]},{"@type":"WebSite","@id":"https:\/\/www.colossalstore.es\/#website","url":"https:\/\/www.colossalstore.es\/","name":"Colossal Store","description":"Colossal Store, store specialized in TCGs.","publisher":{"@id":"https:\/\/www.colossalstore.es\/#organization"},"alternateName":"Colossal Store","potentialAction":[{"@type":"SearchAction","target":{"@type":"EntryPoint","urlTemplate":"https:\/\/www.colossalstore.es\/?s={search_term_string}"},"query-input":{"@type":"PropertyValueSpecification","valueRequired":true,"valueName":"search_term_string"}}],"inLanguage":"en-US"},{"@type":"Organization","@id":"https:\/\/www.colossalstore.es\/#organization","name":"Colossal Store","url":"https:\/\/www.colossalstore.es\/","logo":{"@type":"ImageObject","inLanguage":"en-US","@id":"https:\/\/www.colossalstore.es\/#\/schema\/logo\/image\/","url":"https:\/\/www.colossalstore.es\/wp-content\/uploads\/2023\/05\/Colossal_Logo-02.png","contentUrl":"https:\/\/www.colossalstore.es\/wp-content\/uploads\/2023\/05\/Colossal_Logo-02.png","width":1181,"height":1181,"caption":"Colossal Store"},"image":{"@id":"https:\/\/www.colossalstore.es\/#\/schema\/logo\/image\/"},"sameAs":["https:\/\/x.com\/Colossal_Store","https:\/\/www.instagram.com\/colossal_store_tcg\/","https:\/\/www.tiktok.com\/@colossalstore"]}]}},"_links":{"self":[{"href":"https:\/\/www.colossalstore.es\/en\/wp-json\/wp\/v2\/product\/8482","targetHints":{"allow":["GET"]}}],"collection":[{"href":"https:\/\/www.colossalstore.es\/en\/wp-json\/wp\/v2\/product"}],"about":[{"href":"https:\/\/www.colossalstore.es\/en\/wp-json\/wp\/v2\/types\/product"}],"replies":[{"embeddable":true,"href":"https:\/\/www.colossalstore.es\/en\/wp-json\/wp\/v2\/comments?post=8482"}],"wp:featuredmedia":[{"embeddable":true,"href":"https:\/\/www.colossalstore.es\/en\/wp-json\/wp\/v2\/media\/8483"}],"wp:attachment":[{"href":"https:\/\/www.colossalstore.es\/en\/wp-json\/wp\/v2\/media?parent=8482"}],"wp:term":[{"taxonomy":"product_brand","embeddable":true,"href":"https:\/\/www.colossalstore.es\/en\/wp-json\/wp\/v2\/product_brand?post=8482"},{"taxonomy":"product_cat","embeddable":true,"href":"https:\/\/www.colossalstore.es\/en\/wp-json\/wp\/v2\/product_cat?post=8482"},{"taxonomy":"product_tag","embeddable":true,"href":"https:\/\/www.colossalstore.es\/en\/wp-json\/wp\/v2\/product_tag?post=8482"}],"curies":[{"name":"wp","href":"https:\/\/api.w.org\/{rel}","templated":true}]}}