{"id":8454,"date":"2024-07-27T12:53:26","date_gmt":"2024-07-27T10:53:26","guid":{"rendered":"https:\/\/www.colossalstore.es\/?post_type=product&#038;p=8454"},"modified":"2025-06-20T11:14:11","modified_gmt":"2025-06-20T09:14:11","slug":"ultrapro-play-mat-and-artwork-tube-square-end-cap","status":"publish","type":"product","link":"https:\/\/www.colossalstore.es\/en\/tienda\/tcg\/accesorios\/ultrapro-play-mat-and-artwork-tube-square-end-cap\/","title":{"rendered":"UltraPro Play Mat and Artwork Tube Square End Cap"},"content":{"rendered":"<p>UltraPro Play Mat and Artwork Tube Square End Cap<\/p>\n<p>The Ultra PRO Playmat Tube is perfect for storing your standard size mats, transporting artwork or documents, or storing maps and other small collectibles. The tube measures 15 inches long and 2 inches in diameter. The black rubber caps fit snugly so they don&#039;t fall out, and the square design will prevent the tube from rolling.<\/p>","protected":false},"excerpt":{"rendered":"<p>UltraPro Play Mat and Artwork Tube Square End Cap El tubo para playmats Ultra PRO es perfecto para guardar sus alfombrillas de tama\u00f1o est\u00e1ndar, transportar obras de arte o documentos, o para guardar mapas y otros objetos de colecci\u00f3n peque\u00f1os. El tubo mide 15 pulgadas de largo y 2 pulgadas de di\u00e1metro. Las tapas de [&hellip;]<\/p>","protected":false},"featured_media":8455,"comment_status":"open","ping_status":"closed","template":"","meta":{"_joinchat":[]},"product_brand":[],"product_cat":[35,34],"product_tag":[],"class_list":{"0":"post-8454","1":"product","2":"type-product","3":"status-publish","4":"has-post-thumbnail","6":"product_cat-accesorios","7":"product_cat-tcg","9":"first","10":"outofstock","11":"taxable","12":"shipping-taxable","13":"purchasable","14":"product-type-simple"},"yoast_head":"<!-- This site is optimized with the Yoast SEO plugin v25.7 - https:\/\/yoast.com\/wordpress\/plugins\/seo\/ -->\n<title>UltraPro Play Mat and Artwork Tube Square End Cap | Colossal Store<\/title>\n<meta name=\"description\" content=\"UltraPro Play Mat and Artwork Tube Square End Cap: El tubo para playmats Ultra PRO es perfecto para guardar sus alfombrillas de tama\u00f1o est\u00e1ndar.\" \/>\n<meta name=\"robots\" content=\"index, follow, max-snippet:-1, max-image-preview:large, max-video-preview:-1\" \/>\n<link rel=\"canonical\" href=\"https:\/\/www.colossalstore.es\/en\/tienda\/tcg\/accesorios\/ultrapro-play-mat-and-artwork-tube-square-end-cap\/\" \/>\n<meta property=\"og:locale\" content=\"en_US\" \/>\n<meta property=\"og:type\" content=\"article\" \/>\n<meta property=\"og:title\" content=\"UltraPro Play Mat and Artwork Tube Square End Cap | Colossal Store\" \/>\n<meta property=\"og:description\" content=\"UltraPro Play Mat and Artwork Tube Square End Cap: El tubo para playmats Ultra PRO es perfecto para guardar sus alfombrillas de tama\u00f1o est\u00e1ndar.\" \/>\n<meta property=\"og:url\" content=\"https:\/\/www.colossalstore.es\/en\/tienda\/tcg\/accesorios\/ultrapro-play-mat-and-artwork-tube-square-end-cap\/\" \/>\n<meta property=\"og:site_name\" content=\"Colossal Store\" \/>\n<meta property=\"article:modified_time\" content=\"2025-06-20T09:14:11+00:00\" \/>\n<meta property=\"og:image\" content=\"https:\/\/www.colossalstore.es\/wp-content\/uploads\/2024\/07\/UltraPro-Play-Mat-and-Artwork-Tube-Square-End-Cap.webp\" \/>\n\t<meta property=\"og:image:width\" content=\"535\" \/>\n\t<meta property=\"og:image:height\" content=\"535\" \/>\n\t<meta property=\"og:image:type\" content=\"image\/webp\" \/>\n<meta name=\"twitter:card\" content=\"summary_large_image\" \/>\n<meta name=\"twitter:site\" content=\"@Colossal_Store\" \/>\n<meta name=\"twitter:label1\" content=\"Est. reading time\" \/>\n\t<meta name=\"twitter:data1\" content=\"1 minute\" \/>\n<script type=\"application\/ld+json\" class=\"yoast-schema-graph\">{\"@context\":\"https:\/\/schema.org\",\"@graph\":[{\"@type\":\"WebPage\",\"@id\":\"https:\/\/www.colossalstore.es\/tienda\/tcg\/accesorios\/ultrapro-play-mat-and-artwork-tube-square-end-cap\/\",\"url\":\"https:\/\/www.colossalstore.es\/tienda\/tcg\/accesorios\/ultrapro-play-mat-and-artwork-tube-square-end-cap\/\",\"name\":\"UltraPro Play Mat and Artwork Tube Square End Cap | Colossal Store\",\"isPartOf\":{\"@id\":\"https:\/\/www.colossalstore.es\/#website\"},\"primaryImageOfPage\":{\"@id\":\"https:\/\/www.colossalstore.es\/tienda\/tcg\/accesorios\/ultrapro-play-mat-and-artwork-tube-square-end-cap\/#primaryimage\"},\"image\":{\"@id\":\"https:\/\/www.colossalstore.es\/tienda\/tcg\/accesorios\/ultrapro-play-mat-and-artwork-tube-square-end-cap\/#primaryimage\"},\"thumbnailUrl\":\"https:\/\/www.colossalstore.es\/wp-content\/uploads\/2024\/07\/UltraPro-Play-Mat-and-Artwork-Tube-Square-End-Cap.webp\",\"datePublished\":\"2024-07-27T10:53:26+00:00\",\"dateModified\":\"2025-06-20T09:14:11+00:00\",\"description\":\"UltraPro Play Mat and Artwork Tube Square End Cap: El tubo para playmats Ultra PRO es perfecto para guardar sus alfombrillas de tama\u00f1o est\u00e1ndar.\",\"breadcrumb\":{\"@id\":\"https:\/\/www.colossalstore.es\/tienda\/tcg\/accesorios\/ultrapro-play-mat-and-artwork-tube-square-end-cap\/#breadcrumb\"},\"inLanguage\":\"en-US\",\"potentialAction\":[{\"@type\":\"ReadAction\",\"target\":[\"https:\/\/www.colossalstore.es\/tienda\/tcg\/accesorios\/ultrapro-play-mat-and-artwork-tube-square-end-cap\/\"]}]},{\"@type\":\"ImageObject\",\"inLanguage\":\"en-US\",\"@id\":\"https:\/\/www.colossalstore.es\/tienda\/tcg\/accesorios\/ultrapro-play-mat-and-artwork-tube-square-end-cap\/#primaryimage\",\"url\":\"https:\/\/www.colossalstore.es\/wp-content\/uploads\/2024\/07\/UltraPro-Play-Mat-and-Artwork-Tube-Square-End-Cap.webp\",\"contentUrl\":\"https:\/\/www.colossalstore.es\/wp-content\/uploads\/2024\/07\/UltraPro-Play-Mat-and-Artwork-Tube-Square-End-Cap.webp\",\"width\":535,\"height\":535},{\"@type\":\"BreadcrumbList\",\"@id\":\"https:\/\/www.colossalstore.es\/tienda\/tcg\/accesorios\/ultrapro-play-mat-and-artwork-tube-square-end-cap\/#breadcrumb\",\"itemListElement\":[{\"@type\":\"ListItem\",\"position\":1,\"name\":\"Home\",\"item\":\"https:\/\/www.colossalstore.es\/\"},{\"@type\":\"ListItem\",\"position\":2,\"name\":\"Tienda\",\"item\":\"https:\/\/www.colossalstore.es\/tienda\/\"},{\"@type\":\"ListItem\",\"position\":3,\"name\":\"UltraPro Play Mat and Artwork Tube Square End Cap\"}]},{\"@type\":\"WebSite\",\"@id\":\"https:\/\/www.colossalstore.es\/#website\",\"url\":\"https:\/\/www.colossalstore.es\/\",\"name\":\"Colossal Store\",\"description\":\"Colossal Store, tienda especializada en TCGs.\",\"publisher\":{\"@id\":\"https:\/\/www.colossalstore.es\/#organization\"},\"alternateName\":\"Colossal Store\",\"potentialAction\":[{\"@type\":\"SearchAction\",\"target\":{\"@type\":\"EntryPoint\",\"urlTemplate\":\"https:\/\/www.colossalstore.es\/?s={search_term_string}\"},\"query-input\":{\"@type\":\"PropertyValueSpecification\",\"valueRequired\":true,\"valueName\":\"search_term_string\"}}],\"inLanguage\":\"en-US\"},{\"@type\":\"Organization\",\"@id\":\"https:\/\/www.colossalstore.es\/#organization\",\"name\":\"Colossal Store\",\"url\":\"https:\/\/www.colossalstore.es\/\",\"logo\":{\"@type\":\"ImageObject\",\"inLanguage\":\"en-US\",\"@id\":\"https:\/\/www.colossalstore.es\/#\/schema\/logo\/image\/\",\"url\":\"https:\/\/www.colossalstore.es\/wp-content\/uploads\/2023\/05\/Colossal_Logo-02.png\",\"contentUrl\":\"https:\/\/www.colossalstore.es\/wp-content\/uploads\/2023\/05\/Colossal_Logo-02.png\",\"width\":1181,\"height\":1181,\"caption\":\"Colossal Store\"},\"image\":{\"@id\":\"https:\/\/www.colossalstore.es\/#\/schema\/logo\/image\/\"},\"sameAs\":[\"https:\/\/x.com\/Colossal_Store\",\"https:\/\/www.instagram.com\/colossal_store_tcg\/\",\"https:\/\/www.tiktok.com\/@colossalstore\"]}]}<\/script>\n<!-- \/ Yoast SEO plugin. -->","yoast_head_json":{"title":"UltraPro Play Mat and Artwork Tube Square End Cap | Colossal Store","description":"UltraPro Play Mat and Artwork Tube Square End Cap: El tubo para playmats Ultra PRO es perfecto para guardar sus alfombrillas de tama\u00f1o est\u00e1ndar.","robots":{"index":"index","follow":"follow","max-snippet":"max-snippet:-1","max-image-preview":"max-image-preview:large","max-video-preview":"max-video-preview:-1"},"canonical":"https:\/\/www.colossalstore.es\/en\/tienda\/tcg\/accesorios\/ultrapro-play-mat-and-artwork-tube-square-end-cap\/","og_locale":"en_US","og_type":"article","og_title":"UltraPro Play Mat and Artwork Tube Square End Cap | Colossal Store","og_description":"UltraPro Play Mat and Artwork Tube Square End Cap: El tubo para playmats Ultra PRO es perfecto para guardar sus alfombrillas de tama\u00f1o est\u00e1ndar.","og_url":"https:\/\/www.colossalstore.es\/en\/tienda\/tcg\/accesorios\/ultrapro-play-mat-and-artwork-tube-square-end-cap\/","og_site_name":"Colossal Store","article_modified_time":"2025-06-20T09:14:11+00:00","og_image":[{"width":535,"height":535,"url":"https:\/\/www.colossalstore.es\/wp-content\/uploads\/2024\/07\/UltraPro-Play-Mat-and-Artwork-Tube-Square-End-Cap.webp","type":"image\/webp"}],"twitter_card":"summary_large_image","twitter_site":"@Colossal_Store","twitter_misc":{"Est. reading time":"1 minute"},"schema":{"@context":"https:\/\/schema.org","@graph":[{"@type":"WebPage","@id":"https:\/\/www.colossalstore.es\/tienda\/tcg\/accesorios\/ultrapro-play-mat-and-artwork-tube-square-end-cap\/","url":"https:\/\/www.colossalstore.es\/tienda\/tcg\/accesorios\/ultrapro-play-mat-and-artwork-tube-square-end-cap\/","name":"UltraPro Play Mat and Artwork Tube Square End Cap | Colossal Store","isPartOf":{"@id":"https:\/\/www.colossalstore.es\/#website"},"primaryImageOfPage":{"@id":"https:\/\/www.colossalstore.es\/tienda\/tcg\/accesorios\/ultrapro-play-mat-and-artwork-tube-square-end-cap\/#primaryimage"},"image":{"@id":"https:\/\/www.colossalstore.es\/tienda\/tcg\/accesorios\/ultrapro-play-mat-and-artwork-tube-square-end-cap\/#primaryimage"},"thumbnailUrl":"https:\/\/www.colossalstore.es\/wp-content\/uploads\/2024\/07\/UltraPro-Play-Mat-and-Artwork-Tube-Square-End-Cap.webp","datePublished":"2024-07-27T10:53:26+00:00","dateModified":"2025-06-20T09:14:11+00:00","description":"UltraPro Play Mat and Artwork Tube Square End Cap: El tubo para playmats Ultra PRO es perfecto para guardar sus alfombrillas de tama\u00f1o est\u00e1ndar.","breadcrumb":{"@id":"https:\/\/www.colossalstore.es\/tienda\/tcg\/accesorios\/ultrapro-play-mat-and-artwork-tube-square-end-cap\/#breadcrumb"},"inLanguage":"en-US","potentialAction":[{"@type":"ReadAction","target":["https:\/\/www.colossalstore.es\/tienda\/tcg\/accesorios\/ultrapro-play-mat-and-artwork-tube-square-end-cap\/"]}]},{"@type":"ImageObject","inLanguage":"en-US","@id":"https:\/\/www.colossalstore.es\/tienda\/tcg\/accesorios\/ultrapro-play-mat-and-artwork-tube-square-end-cap\/#primaryimage","url":"https:\/\/www.colossalstore.es\/wp-content\/uploads\/2024\/07\/UltraPro-Play-Mat-and-Artwork-Tube-Square-End-Cap.webp","contentUrl":"https:\/\/www.colossalstore.es\/wp-content\/uploads\/2024\/07\/UltraPro-Play-Mat-and-Artwork-Tube-Square-End-Cap.webp","width":535,"height":535},{"@type":"BreadcrumbList","@id":"https:\/\/www.colossalstore.es\/tienda\/tcg\/accesorios\/ultrapro-play-mat-and-artwork-tube-square-end-cap\/#breadcrumb","itemListElement":[{"@type":"ListItem","position":1,"name":"Home","item":"https:\/\/www.colossalstore.es\/"},{"@type":"ListItem","position":2,"name":"Tienda","item":"https:\/\/www.colossalstore.es\/tienda\/"},{"@type":"ListItem","position":3,"name":"UltraPro Play Mat and Artwork Tube Square End Cap"}]},{"@type":"WebSite","@id":"https:\/\/www.colossalstore.es\/#website","url":"https:\/\/www.colossalstore.es\/","name":"Colossal Store","description":"Colossal Store, store specialized in TCGs.","publisher":{"@id":"https:\/\/www.colossalstore.es\/#organization"},"alternateName":"Colossal Store","potentialAction":[{"@type":"SearchAction","target":{"@type":"EntryPoint","urlTemplate":"https:\/\/www.colossalstore.es\/?s={search_term_string}"},"query-input":{"@type":"PropertyValueSpecification","valueRequired":true,"valueName":"search_term_string"}}],"inLanguage":"en-US"},{"@type":"Organization","@id":"https:\/\/www.colossalstore.es\/#organization","name":"Colossal Store","url":"https:\/\/www.colossalstore.es\/","logo":{"@type":"ImageObject","inLanguage":"en-US","@id":"https:\/\/www.colossalstore.es\/#\/schema\/logo\/image\/","url":"https:\/\/www.colossalstore.es\/wp-content\/uploads\/2023\/05\/Colossal_Logo-02.png","contentUrl":"https:\/\/www.colossalstore.es\/wp-content\/uploads\/2023\/05\/Colossal_Logo-02.png","width":1181,"height":1181,"caption":"Colossal Store"},"image":{"@id":"https:\/\/www.colossalstore.es\/#\/schema\/logo\/image\/"},"sameAs":["https:\/\/x.com\/Colossal_Store","https:\/\/www.instagram.com\/colossal_store_tcg\/","https:\/\/www.tiktok.com\/@colossalstore"]}]}},"_links":{"self":[{"href":"https:\/\/www.colossalstore.es\/en\/wp-json\/wp\/v2\/product\/8454","targetHints":{"allow":["GET"]}}],"collection":[{"href":"https:\/\/www.colossalstore.es\/en\/wp-json\/wp\/v2\/product"}],"about":[{"href":"https:\/\/www.colossalstore.es\/en\/wp-json\/wp\/v2\/types\/product"}],"replies":[{"embeddable":true,"href":"https:\/\/www.colossalstore.es\/en\/wp-json\/wp\/v2\/comments?post=8454"}],"wp:featuredmedia":[{"embeddable":true,"href":"https:\/\/www.colossalstore.es\/en\/wp-json\/wp\/v2\/media\/8455"}],"wp:attachment":[{"href":"https:\/\/www.colossalstore.es\/en\/wp-json\/wp\/v2\/media?parent=8454"}],"wp:term":[{"taxonomy":"product_brand","embeddable":true,"href":"https:\/\/www.colossalstore.es\/en\/wp-json\/wp\/v2\/product_brand?post=8454"},{"taxonomy":"product_cat","embeddable":true,"href":"https:\/\/www.colossalstore.es\/en\/wp-json\/wp\/v2\/product_cat?post=8454"},{"taxonomy":"product_tag","embeddable":true,"href":"https:\/\/www.colossalstore.es\/en\/wp-json\/wp\/v2\/product_tag?post=8454"}],"curies":[{"name":"wp","href":"https:\/\/api.w.org\/{rel}","templated":true}]}}