{"id":8450,"date":"2024-07-27T12:36:27","date_gmt":"2024-07-27T10:36:27","guid":{"rendered":"https:\/\/www.colossalstore.es\/?post_type=product&#038;p=8450"},"modified":"2025-09-24T12:36:35","modified_gmt":"2025-09-24T10:36:35","slug":"gamegenic-cube-pocket-15-red-8-pieces","status":"publish","type":"product","link":"https:\/\/www.colossalstore.es\/en\/tienda\/tcg\/accesorios\/gamegenic-cube-pocket-15-red-8-pieces\/","title":{"rendered":"GAMEGENIC &#8211; CUBE POCKET 15+ RED (8 PIECES)"},"content":{"rendered":"<p>Gamegenic Cube Pocket 15+ Red (8 Pieces)<\/p>\n<p>This is the best way to protect and transport your Cube Draft collections! The Cube Pocket 15+ model is a small card case with a secure and innovative closing mechanism. Its intelligent design without sharp edges guarantees maximum protection of the cards, so you can insert and remove them without problems. Holds more than 15 cards in a double sleeve, more than 20 cards in a single sleeve or more than 35 cards without sleeves*. Perfect for Cube Draft collections (booster packs), alternate card decks, tokens, or for organizing cards in board game boxes. A practical blank strip allows you to label it individually. The Cube Draft model fits perfectly into other Gamegenic models such as\u00a0<a href=\"https:\/\/www.gamegenic.com\/es\/producto\/cards-lair-400-convertible\/\"><strong>Card&#039;s Lair 400+<\/strong><\/a>,\u00a0<a href=\"https:\/\/www.gamegenic.com\/es\/producto\/games-lair-600-convertible\"><strong>Game&#039;s Lair 600+<\/strong><\/a>,\u00a0<a href=\"https:\/\/www.gamegenic.com\/es\/producto\/cards-rail-500\/\"><strong>Card&#039;s Rail 500+<\/strong><\/a>\u00a0and in all the\u00a0<a href=\"https:\/\/www.gamegenic.com\/es\/categoria-producto\/cajas\/linea-xl\/\"><strong>XL product line<\/strong><\/a>.<\/p>","protected":false},"excerpt":{"rendered":"<p>Gamegenic Cube Pocket 15+ Red (8 Pieces) \u00a1Esta es la mejor forma de proteger y transportar tus colecciones Cube Draft! El modelo Cube Pocket 15+ es un estuche para cartas peque\u00f1o con un mecanismo de cierre seguro e innovador. Su dise\u00f1o inteligente sin bordes afilados garantiza la m\u00e1xima protecci\u00f3n de las cartas, de manera que [&hellip;]<\/p>","protected":false},"featured_media":8452,"comment_status":"open","ping_status":"closed","template":"","meta":{"_joinchat":[]},"product_brand":[],"product_cat":[35,34],"product_tag":[],"class_list":{"0":"post-8450","1":"product","2":"type-product","3":"status-publish","4":"has-post-thumbnail","6":"product_cat-accesorios","7":"product_cat-tcg","9":"first","10":"outofstock","11":"taxable","12":"shipping-taxable","13":"purchasable","14":"product-type-simple"},"yoast_head":"<!-- This site is optimized with the Yoast SEO plugin v25.7 - https:\/\/yoast.com\/wordpress\/plugins\/seo\/ -->\n<title>Gamegenic Cube Pocket 15+ Red (8 Pieces) | Colossal Store<\/title>\n<meta name=\"description\" content=\"Gamegenic Cube Pocket 15+ Red (8 Pieces): El modelo Cube Pocket 15+ es un estuche para cartas peque\u00f1o con un mecanismo de cierre seguro e innovador.\" \/>\n<meta name=\"robots\" content=\"index, follow, max-snippet:-1, max-image-preview:large, max-video-preview:-1\" \/>\n<link rel=\"canonical\" href=\"https:\/\/www.colossalstore.es\/en\/tienda\/tcg\/accesorios\/gamegenic-cube-pocket-15-red-8-pieces\/\" \/>\n<meta property=\"og:locale\" content=\"en_US\" \/>\n<meta property=\"og:type\" content=\"article\" \/>\n<meta property=\"og:title\" content=\"Gamegenic Cube Pocket 15+ Red (8 Pieces) | Colossal Store\" \/>\n<meta property=\"og:description\" content=\"Gamegenic Cube Pocket 15+ Red (8 Pieces): El modelo Cube Pocket 15+ es un estuche para cartas peque\u00f1o con un mecanismo de cierre seguro e innovador.\" \/>\n<meta property=\"og:url\" content=\"https:\/\/www.colossalstore.es\/en\/tienda\/tcg\/accesorios\/gamegenic-cube-pocket-15-red-8-pieces\/\" \/>\n<meta property=\"og:site_name\" content=\"Colossal Store\" \/>\n<meta property=\"article:modified_time\" content=\"2025-09-24T10:36:35+00:00\" \/>\n<meta property=\"og:image\" content=\"https:\/\/www.colossalstore.es\/wp-content\/uploads\/2024\/07\/Gamegenic-Cube-Pocket-15-Red-8-Pieces.jpg\" \/>\n\t<meta property=\"og:image:width\" content=\"2560\" \/>\n\t<meta property=\"og:image:height\" content=\"2560\" \/>\n\t<meta property=\"og:image:type\" content=\"image\/jpeg\" \/>\n<meta name=\"twitter:card\" content=\"summary_large_image\" \/>\n<meta name=\"twitter:site\" content=\"@Colossal_Store\" \/>\n<meta name=\"twitter:label1\" content=\"Est. reading time\" \/>\n\t<meta name=\"twitter:data1\" content=\"1 minute\" \/>\n<script type=\"application\/ld+json\" class=\"yoast-schema-graph\">{\"@context\":\"https:\/\/schema.org\",\"@graph\":[{\"@type\":\"WebPage\",\"@id\":\"https:\/\/www.colossalstore.es\/tienda\/tcg\/accesorios\/gamegenic-cube-pocket-15-red-8-pieces\/\",\"url\":\"https:\/\/www.colossalstore.es\/tienda\/tcg\/accesorios\/gamegenic-cube-pocket-15-red-8-pieces\/\",\"name\":\"Gamegenic Cube Pocket 15+ Red (8 Pieces) | Colossal Store\",\"isPartOf\":{\"@id\":\"https:\/\/www.colossalstore.es\/#website\"},\"primaryImageOfPage\":{\"@id\":\"https:\/\/www.colossalstore.es\/tienda\/tcg\/accesorios\/gamegenic-cube-pocket-15-red-8-pieces\/#primaryimage\"},\"image\":{\"@id\":\"https:\/\/www.colossalstore.es\/tienda\/tcg\/accesorios\/gamegenic-cube-pocket-15-red-8-pieces\/#primaryimage\"},\"thumbnailUrl\":\"https:\/\/www.colossalstore.es\/wp-content\/uploads\/2024\/07\/Gamegenic-Cube-Pocket-15-Red-8-Pieces.jpg\",\"datePublished\":\"2024-07-27T10:36:27+00:00\",\"dateModified\":\"2025-09-24T10:36:35+00:00\",\"description\":\"Gamegenic Cube Pocket 15+ Red (8 Pieces): El modelo Cube Pocket 15+ es un estuche para cartas peque\u00f1o con un mecanismo de cierre seguro e innovador.\",\"breadcrumb\":{\"@id\":\"https:\/\/www.colossalstore.es\/tienda\/tcg\/accesorios\/gamegenic-cube-pocket-15-red-8-pieces\/#breadcrumb\"},\"inLanguage\":\"en-US\",\"potentialAction\":[{\"@type\":\"ReadAction\",\"target\":[\"https:\/\/www.colossalstore.es\/tienda\/tcg\/accesorios\/gamegenic-cube-pocket-15-red-8-pieces\/\"]}]},{\"@type\":\"ImageObject\",\"inLanguage\":\"en-US\",\"@id\":\"https:\/\/www.colossalstore.es\/tienda\/tcg\/accesorios\/gamegenic-cube-pocket-15-red-8-pieces\/#primaryimage\",\"url\":\"https:\/\/www.colossalstore.es\/wp-content\/uploads\/2024\/07\/Gamegenic-Cube-Pocket-15-Red-8-Pieces.jpg\",\"contentUrl\":\"https:\/\/www.colossalstore.es\/wp-content\/uploads\/2024\/07\/Gamegenic-Cube-Pocket-15-Red-8-Pieces.jpg\",\"width\":2560,\"height\":2560},{\"@type\":\"BreadcrumbList\",\"@id\":\"https:\/\/www.colossalstore.es\/tienda\/tcg\/accesorios\/gamegenic-cube-pocket-15-red-8-pieces\/#breadcrumb\",\"itemListElement\":[{\"@type\":\"ListItem\",\"position\":1,\"name\":\"Home\",\"item\":\"https:\/\/www.colossalstore.es\/\"},{\"@type\":\"ListItem\",\"position\":2,\"name\":\"Tienda\",\"item\":\"https:\/\/www.colossalstore.es\/tienda\/\"},{\"@type\":\"ListItem\",\"position\":3,\"name\":\"GAMEGENIC &#8211; CUBE POCKET 15+ RED (8 PIECES)\"}]},{\"@type\":\"WebSite\",\"@id\":\"https:\/\/www.colossalstore.es\/#website\",\"url\":\"https:\/\/www.colossalstore.es\/\",\"name\":\"Colossal Store\",\"description\":\"Colossal Store, tienda especializada en TCGs.\",\"publisher\":{\"@id\":\"https:\/\/www.colossalstore.es\/#organization\"},\"alternateName\":\"Colossal Store\",\"potentialAction\":[{\"@type\":\"SearchAction\",\"target\":{\"@type\":\"EntryPoint\",\"urlTemplate\":\"https:\/\/www.colossalstore.es\/?s={search_term_string}\"},\"query-input\":{\"@type\":\"PropertyValueSpecification\",\"valueRequired\":true,\"valueName\":\"search_term_string\"}}],\"inLanguage\":\"en-US\"},{\"@type\":\"Organization\",\"@id\":\"https:\/\/www.colossalstore.es\/#organization\",\"name\":\"Colossal Store\",\"url\":\"https:\/\/www.colossalstore.es\/\",\"logo\":{\"@type\":\"ImageObject\",\"inLanguage\":\"en-US\",\"@id\":\"https:\/\/www.colossalstore.es\/#\/schema\/logo\/image\/\",\"url\":\"https:\/\/www.colossalstore.es\/wp-content\/uploads\/2023\/05\/Colossal_Logo-02.png\",\"contentUrl\":\"https:\/\/www.colossalstore.es\/wp-content\/uploads\/2023\/05\/Colossal_Logo-02.png\",\"width\":1181,\"height\":1181,\"caption\":\"Colossal Store\"},\"image\":{\"@id\":\"https:\/\/www.colossalstore.es\/#\/schema\/logo\/image\/\"},\"sameAs\":[\"https:\/\/x.com\/Colossal_Store\",\"https:\/\/www.instagram.com\/colossal_store_tcg\/\",\"https:\/\/www.tiktok.com\/@colossalstore\"]}]}<\/script>\n<!-- \/ Yoast SEO plugin. -->","yoast_head_json":{"title":"Gamegenic Cube Pocket 15+ Red (8 Pieces) | Colossal Store","description":"Gamegenic Cube Pocket 15+ Red (8 Pieces): El modelo Cube Pocket 15+ es un estuche para cartas peque\u00f1o con un mecanismo de cierre seguro e innovador.","robots":{"index":"index","follow":"follow","max-snippet":"max-snippet:-1","max-image-preview":"max-image-preview:large","max-video-preview":"max-video-preview:-1"},"canonical":"https:\/\/www.colossalstore.es\/en\/tienda\/tcg\/accesorios\/gamegenic-cube-pocket-15-red-8-pieces\/","og_locale":"en_US","og_type":"article","og_title":"Gamegenic Cube Pocket 15+ Red (8 Pieces) | Colossal Store","og_description":"Gamegenic Cube Pocket 15+ Red (8 Pieces): El modelo Cube Pocket 15+ es un estuche para cartas peque\u00f1o con un mecanismo de cierre seguro e innovador.","og_url":"https:\/\/www.colossalstore.es\/en\/tienda\/tcg\/accesorios\/gamegenic-cube-pocket-15-red-8-pieces\/","og_site_name":"Colossal Store","article_modified_time":"2025-09-24T10:36:35+00:00","og_image":[{"width":2560,"height":2560,"url":"https:\/\/www.colossalstore.es\/wp-content\/uploads\/2024\/07\/Gamegenic-Cube-Pocket-15-Red-8-Pieces.jpg","type":"image\/jpeg"}],"twitter_card":"summary_large_image","twitter_site":"@Colossal_Store","twitter_misc":{"Est. reading time":"1 minute"},"schema":{"@context":"https:\/\/schema.org","@graph":[{"@type":"WebPage","@id":"https:\/\/www.colossalstore.es\/tienda\/tcg\/accesorios\/gamegenic-cube-pocket-15-red-8-pieces\/","url":"https:\/\/www.colossalstore.es\/tienda\/tcg\/accesorios\/gamegenic-cube-pocket-15-red-8-pieces\/","name":"Gamegenic Cube Pocket 15+ Red (8 Pieces) | Colossal Store","isPartOf":{"@id":"https:\/\/www.colossalstore.es\/#website"},"primaryImageOfPage":{"@id":"https:\/\/www.colossalstore.es\/tienda\/tcg\/accesorios\/gamegenic-cube-pocket-15-red-8-pieces\/#primaryimage"},"image":{"@id":"https:\/\/www.colossalstore.es\/tienda\/tcg\/accesorios\/gamegenic-cube-pocket-15-red-8-pieces\/#primaryimage"},"thumbnailUrl":"https:\/\/www.colossalstore.es\/wp-content\/uploads\/2024\/07\/Gamegenic-Cube-Pocket-15-Red-8-Pieces.jpg","datePublished":"2024-07-27T10:36:27+00:00","dateModified":"2025-09-24T10:36:35+00:00","description":"Gamegenic Cube Pocket 15+ Red (8 Pieces): El modelo Cube Pocket 15+ es un estuche para cartas peque\u00f1o con un mecanismo de cierre seguro e innovador.","breadcrumb":{"@id":"https:\/\/www.colossalstore.es\/tienda\/tcg\/accesorios\/gamegenic-cube-pocket-15-red-8-pieces\/#breadcrumb"},"inLanguage":"en-US","potentialAction":[{"@type":"ReadAction","target":["https:\/\/www.colossalstore.es\/tienda\/tcg\/accesorios\/gamegenic-cube-pocket-15-red-8-pieces\/"]}]},{"@type":"ImageObject","inLanguage":"en-US","@id":"https:\/\/www.colossalstore.es\/tienda\/tcg\/accesorios\/gamegenic-cube-pocket-15-red-8-pieces\/#primaryimage","url":"https:\/\/www.colossalstore.es\/wp-content\/uploads\/2024\/07\/Gamegenic-Cube-Pocket-15-Red-8-Pieces.jpg","contentUrl":"https:\/\/www.colossalstore.es\/wp-content\/uploads\/2024\/07\/Gamegenic-Cube-Pocket-15-Red-8-Pieces.jpg","width":2560,"height":2560},{"@type":"BreadcrumbList","@id":"https:\/\/www.colossalstore.es\/tienda\/tcg\/accesorios\/gamegenic-cube-pocket-15-red-8-pieces\/#breadcrumb","itemListElement":[{"@type":"ListItem","position":1,"name":"Home","item":"https:\/\/www.colossalstore.es\/"},{"@type":"ListItem","position":2,"name":"Tienda","item":"https:\/\/www.colossalstore.es\/tienda\/"},{"@type":"ListItem","position":3,"name":"GAMEGENIC &#8211; CUBE POCKET 15+ RED (8 PIECES)"}]},{"@type":"WebSite","@id":"https:\/\/www.colossalstore.es\/#website","url":"https:\/\/www.colossalstore.es\/","name":"Colossal Store","description":"Colossal Store, store specialized in TCGs.","publisher":{"@id":"https:\/\/www.colossalstore.es\/#organization"},"alternateName":"Colossal Store","potentialAction":[{"@type":"SearchAction","target":{"@type":"EntryPoint","urlTemplate":"https:\/\/www.colossalstore.es\/?s={search_term_string}"},"query-input":{"@type":"PropertyValueSpecification","valueRequired":true,"valueName":"search_term_string"}}],"inLanguage":"en-US"},{"@type":"Organization","@id":"https:\/\/www.colossalstore.es\/#organization","name":"Colossal Store","url":"https:\/\/www.colossalstore.es\/","logo":{"@type":"ImageObject","inLanguage":"en-US","@id":"https:\/\/www.colossalstore.es\/#\/schema\/logo\/image\/","url":"https:\/\/www.colossalstore.es\/wp-content\/uploads\/2023\/05\/Colossal_Logo-02.png","contentUrl":"https:\/\/www.colossalstore.es\/wp-content\/uploads\/2023\/05\/Colossal_Logo-02.png","width":1181,"height":1181,"caption":"Colossal Store"},"image":{"@id":"https:\/\/www.colossalstore.es\/#\/schema\/logo\/image\/"},"sameAs":["https:\/\/x.com\/Colossal_Store","https:\/\/www.instagram.com\/colossal_store_tcg\/","https:\/\/www.tiktok.com\/@colossalstore"]}]}},"_links":{"self":[{"href":"https:\/\/www.colossalstore.es\/en\/wp-json\/wp\/v2\/product\/8450","targetHints":{"allow":["GET"]}}],"collection":[{"href":"https:\/\/www.colossalstore.es\/en\/wp-json\/wp\/v2\/product"}],"about":[{"href":"https:\/\/www.colossalstore.es\/en\/wp-json\/wp\/v2\/types\/product"}],"replies":[{"embeddable":true,"href":"https:\/\/www.colossalstore.es\/en\/wp-json\/wp\/v2\/comments?post=8450"}],"wp:featuredmedia":[{"embeddable":true,"href":"https:\/\/www.colossalstore.es\/en\/wp-json\/wp\/v2\/media\/8452"}],"wp:attachment":[{"href":"https:\/\/www.colossalstore.es\/en\/wp-json\/wp\/v2\/media?parent=8450"}],"wp:term":[{"taxonomy":"product_brand","embeddable":true,"href":"https:\/\/www.colossalstore.es\/en\/wp-json\/wp\/v2\/product_brand?post=8450"},{"taxonomy":"product_cat","embeddable":true,"href":"https:\/\/www.colossalstore.es\/en\/wp-json\/wp\/v2\/product_cat?post=8450"},{"taxonomy":"product_tag","embeddable":true,"href":"https:\/\/www.colossalstore.es\/en\/wp-json\/wp\/v2\/product_tag?post=8450"}],"curies":[{"name":"wp","href":"https:\/\/api.w.org\/{rel}","templated":true}]}}