{"id":8445,"date":"2024-07-27T12:25:29","date_gmt":"2024-07-27T10:25:29","guid":{"rendered":"https:\/\/www.colossalstore.es\/?post_type=product&#038;p=8445"},"modified":"2025-06-20T11:14:11","modified_gmt":"2025-06-20T09:14:11","slug":"gamegenic-prime-album-24-green","status":"publish","type":"product","link":"https:\/\/www.colossalstore.es\/en\/tienda\/tcg\/accesorios\/gamegenic-prime-album-24-green\/","title":{"rendered":"Gamegenic Prime Album 24 Green"},"content":{"rendered":"<p>Gamegenic Prime Album 24 Green<\/p>\n<div class=\"post-content woocommerce-product-details__short-description\">\n<p>The Prime 24-Pocket Album is an affordable and classic way to organize your standard and Japanese sized playing card collections. The exterior of the album is made of Nexofyber, an innovative material that creates a pleasant-to-touch surface without sacrificing elegance. The interior protects the cards with a soft microfiber lining. The rigid covers, which prevent the cards from warping, make this album the perfect way to protect your collections. It holds 20 side-loading 24-pocket pages, so the total capacity of the album is 480 double-sleeved cards. The 4 pockets per page are perfect for collecting sets of 4 copies of each card (PLAYSETS). Thanks to the wide elastic band matching the covers, the album stays completely closed.<\/p>\n<\/div>","protected":false},"excerpt":{"rendered":"<p>Gamegenic Prime Album 24 Green El \u00e1lbum Prime 24-Pocket Album es una manera econ\u00f3mica y cl\u00e1sica de organizar tus colecciones de cartas de tama\u00f1o est\u00e1ndar y japon\u00e9s. El exterior del \u00e1lbum est\u00e1 hecho de Nexofyber, un material innovador que consigue crear una superficie agradable al tacto sin renunciar a la elegancia. El interior protege las [&hellip;]<\/p>","protected":false},"featured_media":8446,"comment_status":"open","ping_status":"closed","template":"","meta":{"_joinchat":[]},"product_brand":[],"product_cat":[35,34],"product_tag":[],"class_list":{"0":"post-8445","1":"product","2":"type-product","3":"status-publish","4":"has-post-thumbnail","6":"product_cat-accesorios","7":"product_cat-tcg","9":"first","10":"outofstock","11":"taxable","12":"shipping-taxable","13":"purchasable","14":"product-type-simple"},"yoast_head":"<!-- This site is optimized with the Yoast SEO plugin v25.7 - https:\/\/yoast.com\/wordpress\/plugins\/seo\/ -->\n<title>Gamegenic Prime Album 24 Green | Colossal Store<\/title>\n<meta name=\"description\" content=\"Gamegenic Prime Album 24 Green: El \u00e1lbum Prime 24-Pocket Album es una manera econ\u00f3mica y cl\u00e1sica de organizar tus colecciones de cartas.\" \/>\n<meta name=\"robots\" content=\"index, follow, max-snippet:-1, max-image-preview:large, max-video-preview:-1\" \/>\n<link rel=\"canonical\" href=\"https:\/\/www.colossalstore.es\/en\/tienda\/tcg\/accesorios\/gamegenic-prime-album-24-green\/\" \/>\n<meta property=\"og:locale\" content=\"en_US\" \/>\n<meta property=\"og:type\" content=\"article\" \/>\n<meta property=\"og:title\" content=\"Gamegenic Prime Album 24 Green | Colossal Store\" \/>\n<meta property=\"og:description\" content=\"Gamegenic Prime Album 24 Green: El \u00e1lbum Prime 24-Pocket Album es una manera econ\u00f3mica y cl\u00e1sica de organizar tus colecciones de cartas.\" \/>\n<meta property=\"og:url\" content=\"https:\/\/www.colossalstore.es\/en\/tienda\/tcg\/accesorios\/gamegenic-prime-album-24-green\/\" \/>\n<meta property=\"og:site_name\" content=\"Colossal Store\" \/>\n<meta property=\"article:modified_time\" content=\"2025-06-20T09:14:11+00:00\" \/>\n<meta property=\"og:image\" content=\"https:\/\/www.colossalstore.es\/wp-content\/uploads\/2024\/07\/Gamegenic-Prime-Album-24-Green.webp\" \/>\n\t<meta property=\"og:image:width\" content=\"1200\" \/>\n\t<meta property=\"og:image:height\" content=\"1200\" \/>\n\t<meta property=\"og:image:type\" content=\"image\/webp\" \/>\n<meta name=\"twitter:card\" content=\"summary_large_image\" \/>\n<meta name=\"twitter:site\" content=\"@Colossal_Store\" \/>\n<meta name=\"twitter:label1\" content=\"Est. reading time\" \/>\n\t<meta name=\"twitter:data1\" content=\"1 minute\" \/>\n<script type=\"application\/ld+json\" class=\"yoast-schema-graph\">{\"@context\":\"https:\/\/schema.org\",\"@graph\":[{\"@type\":\"WebPage\",\"@id\":\"https:\/\/www.colossalstore.es\/tienda\/tcg\/accesorios\/gamegenic-prime-album-24-green\/\",\"url\":\"https:\/\/www.colossalstore.es\/tienda\/tcg\/accesorios\/gamegenic-prime-album-24-green\/\",\"name\":\"Gamegenic Prime Album 24 Green | Colossal Store\",\"isPartOf\":{\"@id\":\"https:\/\/www.colossalstore.es\/#website\"},\"primaryImageOfPage\":{\"@id\":\"https:\/\/www.colossalstore.es\/tienda\/tcg\/accesorios\/gamegenic-prime-album-24-green\/#primaryimage\"},\"image\":{\"@id\":\"https:\/\/www.colossalstore.es\/tienda\/tcg\/accesorios\/gamegenic-prime-album-24-green\/#primaryimage\"},\"thumbnailUrl\":\"https:\/\/www.colossalstore.es\/wp-content\/uploads\/2024\/07\/Gamegenic-Prime-Album-24-Green.webp\",\"datePublished\":\"2024-07-27T10:25:29+00:00\",\"dateModified\":\"2025-06-20T09:14:11+00:00\",\"description\":\"Gamegenic Prime Album 24 Green: El \u00e1lbum Prime 24-Pocket Album es una manera econ\u00f3mica y cl\u00e1sica de organizar tus colecciones de cartas.\",\"breadcrumb\":{\"@id\":\"https:\/\/www.colossalstore.es\/tienda\/tcg\/accesorios\/gamegenic-prime-album-24-green\/#breadcrumb\"},\"inLanguage\":\"en-US\",\"potentialAction\":[{\"@type\":\"ReadAction\",\"target\":[\"https:\/\/www.colossalstore.es\/tienda\/tcg\/accesorios\/gamegenic-prime-album-24-green\/\"]}]},{\"@type\":\"ImageObject\",\"inLanguage\":\"en-US\",\"@id\":\"https:\/\/www.colossalstore.es\/tienda\/tcg\/accesorios\/gamegenic-prime-album-24-green\/#primaryimage\",\"url\":\"https:\/\/www.colossalstore.es\/wp-content\/uploads\/2024\/07\/Gamegenic-Prime-Album-24-Green.webp\",\"contentUrl\":\"https:\/\/www.colossalstore.es\/wp-content\/uploads\/2024\/07\/Gamegenic-Prime-Album-24-Green.webp\",\"width\":1200,\"height\":1200},{\"@type\":\"BreadcrumbList\",\"@id\":\"https:\/\/www.colossalstore.es\/tienda\/tcg\/accesorios\/gamegenic-prime-album-24-green\/#breadcrumb\",\"itemListElement\":[{\"@type\":\"ListItem\",\"position\":1,\"name\":\"Home\",\"item\":\"https:\/\/www.colossalstore.es\/\"},{\"@type\":\"ListItem\",\"position\":2,\"name\":\"Tienda\",\"item\":\"https:\/\/www.colossalstore.es\/tienda\/\"},{\"@type\":\"ListItem\",\"position\":3,\"name\":\"Gamegenic Prime Album 24 Green\"}]},{\"@type\":\"WebSite\",\"@id\":\"https:\/\/www.colossalstore.es\/#website\",\"url\":\"https:\/\/www.colossalstore.es\/\",\"name\":\"Colossal Store\",\"description\":\"Colossal Store, tienda especializada en TCGs.\",\"publisher\":{\"@id\":\"https:\/\/www.colossalstore.es\/#organization\"},\"alternateName\":\"Colossal Store\",\"potentialAction\":[{\"@type\":\"SearchAction\",\"target\":{\"@type\":\"EntryPoint\",\"urlTemplate\":\"https:\/\/www.colossalstore.es\/?s={search_term_string}\"},\"query-input\":{\"@type\":\"PropertyValueSpecification\",\"valueRequired\":true,\"valueName\":\"search_term_string\"}}],\"inLanguage\":\"en-US\"},{\"@type\":\"Organization\",\"@id\":\"https:\/\/www.colossalstore.es\/#organization\",\"name\":\"Colossal Store\",\"url\":\"https:\/\/www.colossalstore.es\/\",\"logo\":{\"@type\":\"ImageObject\",\"inLanguage\":\"en-US\",\"@id\":\"https:\/\/www.colossalstore.es\/#\/schema\/logo\/image\/\",\"url\":\"https:\/\/www.colossalstore.es\/wp-content\/uploads\/2023\/05\/Colossal_Logo-02.png\",\"contentUrl\":\"https:\/\/www.colossalstore.es\/wp-content\/uploads\/2023\/05\/Colossal_Logo-02.png\",\"width\":1181,\"height\":1181,\"caption\":\"Colossal Store\"},\"image\":{\"@id\":\"https:\/\/www.colossalstore.es\/#\/schema\/logo\/image\/\"},\"sameAs\":[\"https:\/\/x.com\/Colossal_Store\",\"https:\/\/www.instagram.com\/colossal_store_tcg\/\",\"https:\/\/www.tiktok.com\/@colossalstore\"]}]}<\/script>\n<!-- \/ Yoast SEO plugin. -->","yoast_head_json":{"title":"Gamegenic Prime Album 24 Green | Colossal Store","description":"Gamegenic Prime Album 24 Green: El \u00e1lbum Prime 24-Pocket Album es una manera econ\u00f3mica y cl\u00e1sica de organizar tus colecciones de cartas.","robots":{"index":"index","follow":"follow","max-snippet":"max-snippet:-1","max-image-preview":"max-image-preview:large","max-video-preview":"max-video-preview:-1"},"canonical":"https:\/\/www.colossalstore.es\/en\/tienda\/tcg\/accesorios\/gamegenic-prime-album-24-green\/","og_locale":"en_US","og_type":"article","og_title":"Gamegenic Prime Album 24 Green | Colossal Store","og_description":"Gamegenic Prime Album 24 Green: El \u00e1lbum Prime 24-Pocket Album es una manera econ\u00f3mica y cl\u00e1sica de organizar tus colecciones de cartas.","og_url":"https:\/\/www.colossalstore.es\/en\/tienda\/tcg\/accesorios\/gamegenic-prime-album-24-green\/","og_site_name":"Colossal Store","article_modified_time":"2025-06-20T09:14:11+00:00","og_image":[{"width":1200,"height":1200,"url":"https:\/\/www.colossalstore.es\/wp-content\/uploads\/2024\/07\/Gamegenic-Prime-Album-24-Green.webp","type":"image\/webp"}],"twitter_card":"summary_large_image","twitter_site":"@Colossal_Store","twitter_misc":{"Est. reading time":"1 minute"},"schema":{"@context":"https:\/\/schema.org","@graph":[{"@type":"WebPage","@id":"https:\/\/www.colossalstore.es\/tienda\/tcg\/accesorios\/gamegenic-prime-album-24-green\/","url":"https:\/\/www.colossalstore.es\/tienda\/tcg\/accesorios\/gamegenic-prime-album-24-green\/","name":"Gamegenic Prime Album 24 Green | Colossal Store","isPartOf":{"@id":"https:\/\/www.colossalstore.es\/#website"},"primaryImageOfPage":{"@id":"https:\/\/www.colossalstore.es\/tienda\/tcg\/accesorios\/gamegenic-prime-album-24-green\/#primaryimage"},"image":{"@id":"https:\/\/www.colossalstore.es\/tienda\/tcg\/accesorios\/gamegenic-prime-album-24-green\/#primaryimage"},"thumbnailUrl":"https:\/\/www.colossalstore.es\/wp-content\/uploads\/2024\/07\/Gamegenic-Prime-Album-24-Green.webp","datePublished":"2024-07-27T10:25:29+00:00","dateModified":"2025-06-20T09:14:11+00:00","description":"Gamegenic Prime Album 24 Green: El \u00e1lbum Prime 24-Pocket Album es una manera econ\u00f3mica y cl\u00e1sica de organizar tus colecciones de cartas.","breadcrumb":{"@id":"https:\/\/www.colossalstore.es\/tienda\/tcg\/accesorios\/gamegenic-prime-album-24-green\/#breadcrumb"},"inLanguage":"en-US","potentialAction":[{"@type":"ReadAction","target":["https:\/\/www.colossalstore.es\/tienda\/tcg\/accesorios\/gamegenic-prime-album-24-green\/"]}]},{"@type":"ImageObject","inLanguage":"en-US","@id":"https:\/\/www.colossalstore.es\/tienda\/tcg\/accesorios\/gamegenic-prime-album-24-green\/#primaryimage","url":"https:\/\/www.colossalstore.es\/wp-content\/uploads\/2024\/07\/Gamegenic-Prime-Album-24-Green.webp","contentUrl":"https:\/\/www.colossalstore.es\/wp-content\/uploads\/2024\/07\/Gamegenic-Prime-Album-24-Green.webp","width":1200,"height":1200},{"@type":"BreadcrumbList","@id":"https:\/\/www.colossalstore.es\/tienda\/tcg\/accesorios\/gamegenic-prime-album-24-green\/#breadcrumb","itemListElement":[{"@type":"ListItem","position":1,"name":"Home","item":"https:\/\/www.colossalstore.es\/"},{"@type":"ListItem","position":2,"name":"Tienda","item":"https:\/\/www.colossalstore.es\/tienda\/"},{"@type":"ListItem","position":3,"name":"Gamegenic Prime Album 24 Green"}]},{"@type":"WebSite","@id":"https:\/\/www.colossalstore.es\/#website","url":"https:\/\/www.colossalstore.es\/","name":"Colossal Store","description":"Colossal Store, store specialized in TCGs.","publisher":{"@id":"https:\/\/www.colossalstore.es\/#organization"},"alternateName":"Colossal Store","potentialAction":[{"@type":"SearchAction","target":{"@type":"EntryPoint","urlTemplate":"https:\/\/www.colossalstore.es\/?s={search_term_string}"},"query-input":{"@type":"PropertyValueSpecification","valueRequired":true,"valueName":"search_term_string"}}],"inLanguage":"en-US"},{"@type":"Organization","@id":"https:\/\/www.colossalstore.es\/#organization","name":"Colossal Store","url":"https:\/\/www.colossalstore.es\/","logo":{"@type":"ImageObject","inLanguage":"en-US","@id":"https:\/\/www.colossalstore.es\/#\/schema\/logo\/image\/","url":"https:\/\/www.colossalstore.es\/wp-content\/uploads\/2023\/05\/Colossal_Logo-02.png","contentUrl":"https:\/\/www.colossalstore.es\/wp-content\/uploads\/2023\/05\/Colossal_Logo-02.png","width":1181,"height":1181,"caption":"Colossal Store"},"image":{"@id":"https:\/\/www.colossalstore.es\/#\/schema\/logo\/image\/"},"sameAs":["https:\/\/x.com\/Colossal_Store","https:\/\/www.instagram.com\/colossal_store_tcg\/","https:\/\/www.tiktok.com\/@colossalstore"]}]}},"_links":{"self":[{"href":"https:\/\/www.colossalstore.es\/en\/wp-json\/wp\/v2\/product\/8445","targetHints":{"allow":["GET"]}}],"collection":[{"href":"https:\/\/www.colossalstore.es\/en\/wp-json\/wp\/v2\/product"}],"about":[{"href":"https:\/\/www.colossalstore.es\/en\/wp-json\/wp\/v2\/types\/product"}],"replies":[{"embeddable":true,"href":"https:\/\/www.colossalstore.es\/en\/wp-json\/wp\/v2\/comments?post=8445"}],"wp:featuredmedia":[{"embeddable":true,"href":"https:\/\/www.colossalstore.es\/en\/wp-json\/wp\/v2\/media\/8446"}],"wp:attachment":[{"href":"https:\/\/www.colossalstore.es\/en\/wp-json\/wp\/v2\/media?parent=8445"}],"wp:term":[{"taxonomy":"product_brand","embeddable":true,"href":"https:\/\/www.colossalstore.es\/en\/wp-json\/wp\/v2\/product_brand?post=8445"},{"taxonomy":"product_cat","embeddable":true,"href":"https:\/\/www.colossalstore.es\/en\/wp-json\/wp\/v2\/product_cat?post=8445"},{"taxonomy":"product_tag","embeddable":true,"href":"https:\/\/www.colossalstore.es\/en\/wp-json\/wp\/v2\/product_tag?post=8445"}],"curies":[{"name":"wp","href":"https:\/\/api.w.org\/{rel}","templated":true}]}}