{"id":8393,"date":"2024-07-17T12:18:28","date_gmt":"2024-07-17T10:18:28","guid":{"rendered":"https:\/\/www.colossalstore.es\/?post_type=product&#038;p=8393"},"modified":"2025-06-23T14:08:21","modified_gmt":"2025-06-23T12:08:21","slug":"digimon-card-game-bt17-secret-crisis-booster-display-24-packs-en","status":"publish","type":"product","link":"https:\/\/www.colossalstore.es\/en\/tienda\/tcg\/digimon\/digimon-card-game-bt17-secret-crisis-booster-display-24-packs-en\/","title":{"rendered":"Digimon Card Game BT17 \u2013 Secret Crisis Booster Display (24 Packs) \u2013 EN"},"content":{"rendered":"<p>Digimon Card Game BT17 \u2013 Secret Crisis Booster Display (24 Packs) \u2013 EN<\/p>\n<p>BOOKING! OFFICIAL DEPARTURE: AUGUST 9<\/p>\n<p>Collection:<\/p>\n<ul>\n<li>Common: 40<\/li>\n<li>Uncommon: 26<\/li>\n<li>Rare: 22<\/li>\n<li>Super rare: 12<\/li>\n<li>Secret rare: 2<\/li>\n<li>Special card:4<\/li>\n<\/ul>","protected":false},"excerpt":{"rendered":"<p>Digimon Card Game BT17 &#8211; Secret Crisis Booster Display (24 Packs) &#8211; EN \u00a1RESERVA! SALIDA OFICIAL: 9 DE AGOSTO Colecci\u00f3n: Com\u00fan: 40 Poco com\u00fan: 26 Raras: 22 S\u00faper raras: 12 Rara secreta: 2 Carta especial:4<\/p>","protected":false},"featured_media":8394,"comment_status":"open","ping_status":"closed","template":"","meta":{"_joinchat":[]},"product_brand":[],"product_cat":[45,34],"product_tag":[],"class_list":{"0":"post-8393","1":"product","2":"type-product","3":"status-publish","4":"has-post-thumbnail","6":"product_cat-digimon","7":"product_cat-tcg","9":"first","10":"outofstock","11":"taxable","12":"shipping-taxable","13":"purchasable","14":"product-type-simple"},"yoast_head":"<!-- This site is optimized with the Yoast SEO plugin v25.7 - https:\/\/yoast.com\/wordpress\/plugins\/seo\/ -->\n<title>Digimon Card Game BT17 - Secret Crisis Booster Display |<\/title>\n<meta name=\"description\" content=\"Digimon Card Game BT17 - Secret Crisis Booster Display (24 Packs) - EN: Com\u00fan: 40, Poco com\u00fan: 26, Raras: 22, S\u00faper raras: 12, Rara secreta: 2.\" \/>\n<meta name=\"robots\" content=\"index, follow, max-snippet:-1, max-image-preview:large, max-video-preview:-1\" \/>\n<link rel=\"canonical\" href=\"https:\/\/www.colossalstore.es\/en\/tienda\/tcg\/digimon\/digimon-card-game-bt17-secret-crisis-booster-display-24-packs-en\/\" \/>\n<meta property=\"og:locale\" content=\"en_US\" \/>\n<meta property=\"og:type\" content=\"article\" \/>\n<meta property=\"og:title\" content=\"Digimon Card Game BT17 - Secret Crisis Booster Display |\" \/>\n<meta property=\"og:description\" content=\"Digimon Card Game BT17 - Secret Crisis Booster Display (24 Packs) - EN: Com\u00fan: 40, Poco com\u00fan: 26, Raras: 22, S\u00faper raras: 12, Rara secreta: 2.\" \/>\n<meta property=\"og:url\" content=\"https:\/\/www.colossalstore.es\/en\/tienda\/tcg\/digimon\/digimon-card-game-bt17-secret-crisis-booster-display-24-packs-en\/\" \/>\n<meta property=\"og:site_name\" content=\"Colossal Store\" \/>\n<meta property=\"article:modified_time\" content=\"2025-06-23T12:08:21+00:00\" \/>\n<meta property=\"og:image\" content=\"https:\/\/www.colossalstore.es\/wp-content\/uploads\/2024\/07\/Digimon-Card-Game-BT17-Secret-Crisis-Booster-Display-24-Packs-EN.webp\" \/>\n\t<meta property=\"og:image:width\" content=\"800\" \/>\n\t<meta property=\"og:image:height\" content=\"800\" \/>\n\t<meta property=\"og:image:type\" content=\"image\/webp\" \/>\n<meta name=\"twitter:card\" content=\"summary_large_image\" \/>\n<meta name=\"twitter:site\" content=\"@Colossal_Store\" \/>\n<meta name=\"twitter:label1\" content=\"Est. reading time\" \/>\n\t<meta name=\"twitter:data1\" content=\"1 minute\" \/>\n<script type=\"application\/ld+json\" class=\"yoast-schema-graph\">{\"@context\":\"https:\/\/schema.org\",\"@graph\":[{\"@type\":\"WebPage\",\"@id\":\"https:\/\/www.colossalstore.es\/tienda\/tcg\/digimon\/digimon-card-game-bt17-secret-crisis-booster-display-24-packs-en\/\",\"url\":\"https:\/\/www.colossalstore.es\/tienda\/tcg\/digimon\/digimon-card-game-bt17-secret-crisis-booster-display-24-packs-en\/\",\"name\":\"Digimon Card Game BT17 - Secret Crisis Booster Display |\",\"isPartOf\":{\"@id\":\"https:\/\/www.colossalstore.es\/#website\"},\"primaryImageOfPage\":{\"@id\":\"https:\/\/www.colossalstore.es\/tienda\/tcg\/digimon\/digimon-card-game-bt17-secret-crisis-booster-display-24-packs-en\/#primaryimage\"},\"image\":{\"@id\":\"https:\/\/www.colossalstore.es\/tienda\/tcg\/digimon\/digimon-card-game-bt17-secret-crisis-booster-display-24-packs-en\/#primaryimage\"},\"thumbnailUrl\":\"https:\/\/www.colossalstore.es\/wp-content\/uploads\/2024\/07\/Digimon-Card-Game-BT17-Secret-Crisis-Booster-Display-24-Packs-EN.webp\",\"datePublished\":\"2024-07-17T10:18:28+00:00\",\"dateModified\":\"2025-06-23T12:08:21+00:00\",\"description\":\"Digimon Card Game BT17 - Secret Crisis Booster Display (24 Packs) - EN: Com\u00fan: 40, Poco com\u00fan: 26, Raras: 22, S\u00faper raras: 12, Rara secreta: 2.\",\"breadcrumb\":{\"@id\":\"https:\/\/www.colossalstore.es\/tienda\/tcg\/digimon\/digimon-card-game-bt17-secret-crisis-booster-display-24-packs-en\/#breadcrumb\"},\"inLanguage\":\"en-US\",\"potentialAction\":[{\"@type\":\"ReadAction\",\"target\":[\"https:\/\/www.colossalstore.es\/tienda\/tcg\/digimon\/digimon-card-game-bt17-secret-crisis-booster-display-24-packs-en\/\"]}]},{\"@type\":\"ImageObject\",\"inLanguage\":\"en-US\",\"@id\":\"https:\/\/www.colossalstore.es\/tienda\/tcg\/digimon\/digimon-card-game-bt17-secret-crisis-booster-display-24-packs-en\/#primaryimage\",\"url\":\"https:\/\/www.colossalstore.es\/wp-content\/uploads\/2024\/07\/Digimon-Card-Game-BT17-Secret-Crisis-Booster-Display-24-Packs-EN.webp\",\"contentUrl\":\"https:\/\/www.colossalstore.es\/wp-content\/uploads\/2024\/07\/Digimon-Card-Game-BT17-Secret-Crisis-Booster-Display-24-Packs-EN.webp\",\"width\":800,\"height\":800},{\"@type\":\"BreadcrumbList\",\"@id\":\"https:\/\/www.colossalstore.es\/tienda\/tcg\/digimon\/digimon-card-game-bt17-secret-crisis-booster-display-24-packs-en\/#breadcrumb\",\"itemListElement\":[{\"@type\":\"ListItem\",\"position\":1,\"name\":\"Home\",\"item\":\"https:\/\/www.colossalstore.es\/\"},{\"@type\":\"ListItem\",\"position\":2,\"name\":\"Tienda\",\"item\":\"https:\/\/www.colossalstore.es\/tienda\/\"},{\"@type\":\"ListItem\",\"position\":3,\"name\":\"Digimon Card Game BT17 &#8211; Secret Crisis Booster Display (24 Packs) &#8211; EN\"}]},{\"@type\":\"WebSite\",\"@id\":\"https:\/\/www.colossalstore.es\/#website\",\"url\":\"https:\/\/www.colossalstore.es\/\",\"name\":\"Colossal Store\",\"description\":\"Colossal Store, tienda especializada en TCGs.\",\"publisher\":{\"@id\":\"https:\/\/www.colossalstore.es\/#organization\"},\"alternateName\":\"Colossal Store\",\"potentialAction\":[{\"@type\":\"SearchAction\",\"target\":{\"@type\":\"EntryPoint\",\"urlTemplate\":\"https:\/\/www.colossalstore.es\/?s={search_term_string}\"},\"query-input\":{\"@type\":\"PropertyValueSpecification\",\"valueRequired\":true,\"valueName\":\"search_term_string\"}}],\"inLanguage\":\"en-US\"},{\"@type\":\"Organization\",\"@id\":\"https:\/\/www.colossalstore.es\/#organization\",\"name\":\"Colossal Store\",\"url\":\"https:\/\/www.colossalstore.es\/\",\"logo\":{\"@type\":\"ImageObject\",\"inLanguage\":\"en-US\",\"@id\":\"https:\/\/www.colossalstore.es\/#\/schema\/logo\/image\/\",\"url\":\"https:\/\/www.colossalstore.es\/wp-content\/uploads\/2023\/05\/Colossal_Logo-02.png\",\"contentUrl\":\"https:\/\/www.colossalstore.es\/wp-content\/uploads\/2023\/05\/Colossal_Logo-02.png\",\"width\":1181,\"height\":1181,\"caption\":\"Colossal Store\"},\"image\":{\"@id\":\"https:\/\/www.colossalstore.es\/#\/schema\/logo\/image\/\"},\"sameAs\":[\"https:\/\/x.com\/Colossal_Store\",\"https:\/\/www.instagram.com\/colossal_store_tcg\/\",\"https:\/\/www.tiktok.com\/@colossalstore\"]}]}<\/script>\n<!-- \/ Yoast SEO plugin. -->","yoast_head_json":{"title":"Digimon Card Game BT17 - Secret Crisis Booster Display |","description":"Digimon Card Game BT17 - Secret Crisis Booster Display (24 Packs) - EN: Com\u00fan: 40, Poco com\u00fan: 26, Raras: 22, S\u00faper raras: 12, Rara secreta: 2.","robots":{"index":"index","follow":"follow","max-snippet":"max-snippet:-1","max-image-preview":"max-image-preview:large","max-video-preview":"max-video-preview:-1"},"canonical":"https:\/\/www.colossalstore.es\/en\/tienda\/tcg\/digimon\/digimon-card-game-bt17-secret-crisis-booster-display-24-packs-en\/","og_locale":"en_US","og_type":"article","og_title":"Digimon Card Game BT17 - Secret Crisis Booster Display |","og_description":"Digimon Card Game BT17 - Secret Crisis Booster Display (24 Packs) - EN: Com\u00fan: 40, Poco com\u00fan: 26, Raras: 22, S\u00faper raras: 12, Rara secreta: 2.","og_url":"https:\/\/www.colossalstore.es\/en\/tienda\/tcg\/digimon\/digimon-card-game-bt17-secret-crisis-booster-display-24-packs-en\/","og_site_name":"Colossal Store","article_modified_time":"2025-06-23T12:08:21+00:00","og_image":[{"width":800,"height":800,"url":"https:\/\/www.colossalstore.es\/wp-content\/uploads\/2024\/07\/Digimon-Card-Game-BT17-Secret-Crisis-Booster-Display-24-Packs-EN.webp","type":"image\/webp"}],"twitter_card":"summary_large_image","twitter_site":"@Colossal_Store","twitter_misc":{"Est. reading time":"1 minute"},"schema":{"@context":"https:\/\/schema.org","@graph":[{"@type":"WebPage","@id":"https:\/\/www.colossalstore.es\/tienda\/tcg\/digimon\/digimon-card-game-bt17-secret-crisis-booster-display-24-packs-en\/","url":"https:\/\/www.colossalstore.es\/tienda\/tcg\/digimon\/digimon-card-game-bt17-secret-crisis-booster-display-24-packs-en\/","name":"Digimon Card Game BT17 - Secret Crisis Booster Display |","isPartOf":{"@id":"https:\/\/www.colossalstore.es\/#website"},"primaryImageOfPage":{"@id":"https:\/\/www.colossalstore.es\/tienda\/tcg\/digimon\/digimon-card-game-bt17-secret-crisis-booster-display-24-packs-en\/#primaryimage"},"image":{"@id":"https:\/\/www.colossalstore.es\/tienda\/tcg\/digimon\/digimon-card-game-bt17-secret-crisis-booster-display-24-packs-en\/#primaryimage"},"thumbnailUrl":"https:\/\/www.colossalstore.es\/wp-content\/uploads\/2024\/07\/Digimon-Card-Game-BT17-Secret-Crisis-Booster-Display-24-Packs-EN.webp","datePublished":"2024-07-17T10:18:28+00:00","dateModified":"2025-06-23T12:08:21+00:00","description":"Digimon Card Game BT17 - Secret Crisis Booster Display (24 Packs) - EN: Com\u00fan: 40, Poco com\u00fan: 26, Raras: 22, S\u00faper raras: 12, Rara secreta: 2.","breadcrumb":{"@id":"https:\/\/www.colossalstore.es\/tienda\/tcg\/digimon\/digimon-card-game-bt17-secret-crisis-booster-display-24-packs-en\/#breadcrumb"},"inLanguage":"en-US","potentialAction":[{"@type":"ReadAction","target":["https:\/\/www.colossalstore.es\/tienda\/tcg\/digimon\/digimon-card-game-bt17-secret-crisis-booster-display-24-packs-en\/"]}]},{"@type":"ImageObject","inLanguage":"en-US","@id":"https:\/\/www.colossalstore.es\/tienda\/tcg\/digimon\/digimon-card-game-bt17-secret-crisis-booster-display-24-packs-en\/#primaryimage","url":"https:\/\/www.colossalstore.es\/wp-content\/uploads\/2024\/07\/Digimon-Card-Game-BT17-Secret-Crisis-Booster-Display-24-Packs-EN.webp","contentUrl":"https:\/\/www.colossalstore.es\/wp-content\/uploads\/2024\/07\/Digimon-Card-Game-BT17-Secret-Crisis-Booster-Display-24-Packs-EN.webp","width":800,"height":800},{"@type":"BreadcrumbList","@id":"https:\/\/www.colossalstore.es\/tienda\/tcg\/digimon\/digimon-card-game-bt17-secret-crisis-booster-display-24-packs-en\/#breadcrumb","itemListElement":[{"@type":"ListItem","position":1,"name":"Home","item":"https:\/\/www.colossalstore.es\/"},{"@type":"ListItem","position":2,"name":"Tienda","item":"https:\/\/www.colossalstore.es\/tienda\/"},{"@type":"ListItem","position":3,"name":"Digimon Card Game BT17 &#8211; Secret Crisis Booster Display (24 Packs) &#8211; EN"}]},{"@type":"WebSite","@id":"https:\/\/www.colossalstore.es\/#website","url":"https:\/\/www.colossalstore.es\/","name":"Colossal Store","description":"Colossal Store, store specialized in TCGs.","publisher":{"@id":"https:\/\/www.colossalstore.es\/#organization"},"alternateName":"Colossal Store","potentialAction":[{"@type":"SearchAction","target":{"@type":"EntryPoint","urlTemplate":"https:\/\/www.colossalstore.es\/?s={search_term_string}"},"query-input":{"@type":"PropertyValueSpecification","valueRequired":true,"valueName":"search_term_string"}}],"inLanguage":"en-US"},{"@type":"Organization","@id":"https:\/\/www.colossalstore.es\/#organization","name":"Colossal Store","url":"https:\/\/www.colossalstore.es\/","logo":{"@type":"ImageObject","inLanguage":"en-US","@id":"https:\/\/www.colossalstore.es\/#\/schema\/logo\/image\/","url":"https:\/\/www.colossalstore.es\/wp-content\/uploads\/2023\/05\/Colossal_Logo-02.png","contentUrl":"https:\/\/www.colossalstore.es\/wp-content\/uploads\/2023\/05\/Colossal_Logo-02.png","width":1181,"height":1181,"caption":"Colossal Store"},"image":{"@id":"https:\/\/www.colossalstore.es\/#\/schema\/logo\/image\/"},"sameAs":["https:\/\/x.com\/Colossal_Store","https:\/\/www.instagram.com\/colossal_store_tcg\/","https:\/\/www.tiktok.com\/@colossalstore"]}]}},"_links":{"self":[{"href":"https:\/\/www.colossalstore.es\/en\/wp-json\/wp\/v2\/product\/8393","targetHints":{"allow":["GET"]}}],"collection":[{"href":"https:\/\/www.colossalstore.es\/en\/wp-json\/wp\/v2\/product"}],"about":[{"href":"https:\/\/www.colossalstore.es\/en\/wp-json\/wp\/v2\/types\/product"}],"replies":[{"embeddable":true,"href":"https:\/\/www.colossalstore.es\/en\/wp-json\/wp\/v2\/comments?post=8393"}],"wp:featuredmedia":[{"embeddable":true,"href":"https:\/\/www.colossalstore.es\/en\/wp-json\/wp\/v2\/media\/8394"}],"wp:attachment":[{"href":"https:\/\/www.colossalstore.es\/en\/wp-json\/wp\/v2\/media?parent=8393"}],"wp:term":[{"taxonomy":"product_brand","embeddable":true,"href":"https:\/\/www.colossalstore.es\/en\/wp-json\/wp\/v2\/product_brand?post=8393"},{"taxonomy":"product_cat","embeddable":true,"href":"https:\/\/www.colossalstore.es\/en\/wp-json\/wp\/v2\/product_cat?post=8393"},{"taxonomy":"product_tag","embeddable":true,"href":"https:\/\/www.colossalstore.es\/en\/wp-json\/wp\/v2\/product_tag?post=8393"}],"curies":[{"name":"wp","href":"https:\/\/api.w.org\/{rel}","templated":true}]}}