{"id":8342,"date":"2024-07-10T19:32:09","date_gmt":"2024-07-10T17:32:09","guid":{"rendered":"https:\/\/www.colossalstore.es\/?post_type=product&#038;p=8342"},"modified":"2026-01-05T19:31:06","modified_gmt":"2026-01-05T18:31:06","slug":"frieren-8-kanehito-yamada-y-tsukasa-abe","status":"publish","type":"product","link":"https:\/\/www.colossalstore.es\/en\/tienda\/manga\/frieren-8-kanehito-yamada-y-tsukasa-abe\/","title":{"rendered":"FRIEREN 08"},"content":{"rendered":"<p>Frieren 8 \u2013 Kanehito Yamada and Tsukasa Abe<\/p>\n<div id=\"content\">\n<p>OLD ENEMIES FROM THE PAST HAVE MADE THINGS A LITTLE DIFFICULT FOR HIM...<\/p>\n<p>Frieren, the mage who follows in the footsteps of the journey she made long ago with the now deceased heroes, now enters the inhospitable northern plateau, where only those who are accompanied by a first-level mage can access.<\/p>\n<p>On his way, he will encounter the familiar faces of other experts in the craft of magic, as well as the presence of some very hostile demons.<\/p>\n<\/div>","protected":false},"excerpt":{"rendered":"<p>Frieren 8 &#8211; Kanehito Yamada y Tsukasa Abe LOS VIEJOS ENEMIGOS DEL PASADO LE HAN PUESTO LAS COSAS UN TANTO DIF\u00cdCILES\u2026 Frieren, la maga que sigue los pasos del viaje que hizo anta\u00f1o junto a los ya difuntos h\u00e9roes, se adentra ahora en la inh\u00f3spita meseta del norte, donde solo pueden acceder aquellos que van [&hellip;]<\/p>","protected":false},"featured_media":8343,"comment_status":"open","ping_status":"closed","template":"","meta":{"_joinchat":[]},"product_brand":[],"product_cat":[32],"product_tag":[],"class_list":{"0":"post-8342","1":"product","2":"type-product","3":"status-publish","4":"has-post-thumbnail","6":"product_cat-manga","8":"first","9":"outofstock","10":"taxable","11":"shipping-taxable","12":"purchasable","13":"product-type-simple"},"yoast_head":"<!-- This site is optimized with the Yoast SEO plugin v25.7 - https:\/\/yoast.com\/wordpress\/plugins\/seo\/ -->\n<title>Frieren 8 - Kanehito Yamada y Tsukasa Abe | Colossal Store 8<\/title>\n<meta name=\"description\" content=\"Frieren 8 - Kanehito Yamada y Tsukasa Abe: Frieren, la maga que sigue los pasos del viaje que hizo anta\u00f1o junto a los ya difuntos h\u00e9roes...\" \/>\n<meta name=\"robots\" content=\"index, follow, max-snippet:-1, max-image-preview:large, max-video-preview:-1\" \/>\n<link rel=\"canonical\" href=\"https:\/\/www.colossalstore.es\/en\/tienda\/manga\/frieren-8-kanehito-yamada-y-tsukasa-abe\/\" \/>\n<meta property=\"og:locale\" content=\"en_US\" \/>\n<meta property=\"og:type\" content=\"article\" \/>\n<meta property=\"og:title\" content=\"Frieren 8 - Kanehito Yamada y Tsukasa Abe | Colossal Store 8\" \/>\n<meta property=\"og:description\" content=\"Frieren 8 - Kanehito Yamada y Tsukasa Abe: Frieren, la maga que sigue los pasos del viaje que hizo anta\u00f1o junto a los ya difuntos h\u00e9roes...\" \/>\n<meta property=\"og:url\" content=\"https:\/\/www.colossalstore.es\/en\/tienda\/manga\/frieren-8-kanehito-yamada-y-tsukasa-abe\/\" \/>\n<meta property=\"og:site_name\" content=\"Colossal Store\" \/>\n<meta property=\"article:modified_time\" content=\"2026-01-05T18:31:06+00:00\" \/>\n<meta property=\"og:image\" content=\"https:\/\/www.colossalstore.es\/wp-content\/uploads\/2024\/07\/Frieren-8.jpeg\" \/>\n\t<meta property=\"og:image:width\" content=\"650\" \/>\n\t<meta property=\"og:image:height\" content=\"988\" \/>\n\t<meta property=\"og:image:type\" content=\"image\/jpeg\" \/>\n<meta name=\"twitter:card\" content=\"summary_large_image\" \/>\n<meta name=\"twitter:site\" content=\"@Colossal_Store\" \/>\n<meta name=\"twitter:label1\" content=\"Est. reading time\" \/>\n\t<meta name=\"twitter:data1\" content=\"1 minute\" \/>\n<script type=\"application\/ld+json\" class=\"yoast-schema-graph\">{\"@context\":\"https:\/\/schema.org\",\"@graph\":[{\"@type\":\"WebPage\",\"@id\":\"https:\/\/www.colossalstore.es\/tienda\/manga\/frieren-8-kanehito-yamada-y-tsukasa-abe\/\",\"url\":\"https:\/\/www.colossalstore.es\/tienda\/manga\/frieren-8-kanehito-yamada-y-tsukasa-abe\/\",\"name\":\"Frieren 8 - Kanehito Yamada y Tsukasa Abe | Colossal Store 8\",\"isPartOf\":{\"@id\":\"https:\/\/www.colossalstore.es\/#website\"},\"primaryImageOfPage\":{\"@id\":\"https:\/\/www.colossalstore.es\/tienda\/manga\/frieren-8-kanehito-yamada-y-tsukasa-abe\/#primaryimage\"},\"image\":{\"@id\":\"https:\/\/www.colossalstore.es\/tienda\/manga\/frieren-8-kanehito-yamada-y-tsukasa-abe\/#primaryimage\"},\"thumbnailUrl\":\"https:\/\/www.colossalstore.es\/wp-content\/uploads\/2024\/07\/Frieren-8.jpeg\",\"datePublished\":\"2024-07-10T17:32:09+00:00\",\"dateModified\":\"2026-01-05T18:31:06+00:00\",\"description\":\"Frieren 8 - Kanehito Yamada y Tsukasa Abe: Frieren, la maga que sigue los pasos del viaje que hizo anta\u00f1o junto a los ya difuntos h\u00e9roes...\",\"breadcrumb\":{\"@id\":\"https:\/\/www.colossalstore.es\/tienda\/manga\/frieren-8-kanehito-yamada-y-tsukasa-abe\/#breadcrumb\"},\"inLanguage\":\"en-US\",\"potentialAction\":[{\"@type\":\"ReadAction\",\"target\":[\"https:\/\/www.colossalstore.es\/tienda\/manga\/frieren-8-kanehito-yamada-y-tsukasa-abe\/\"]}]},{\"@type\":\"ImageObject\",\"inLanguage\":\"en-US\",\"@id\":\"https:\/\/www.colossalstore.es\/tienda\/manga\/frieren-8-kanehito-yamada-y-tsukasa-abe\/#primaryimage\",\"url\":\"https:\/\/www.colossalstore.es\/wp-content\/uploads\/2024\/07\/Frieren-8.jpeg\",\"contentUrl\":\"https:\/\/www.colossalstore.es\/wp-content\/uploads\/2024\/07\/Frieren-8.jpeg\",\"width\":650,\"height\":988},{\"@type\":\"BreadcrumbList\",\"@id\":\"https:\/\/www.colossalstore.es\/tienda\/manga\/frieren-8-kanehito-yamada-y-tsukasa-abe\/#breadcrumb\",\"itemListElement\":[{\"@type\":\"ListItem\",\"position\":1,\"name\":\"Home\",\"item\":\"https:\/\/www.colossalstore.es\/\"},{\"@type\":\"ListItem\",\"position\":2,\"name\":\"Tienda\",\"item\":\"https:\/\/www.colossalstore.es\/tienda\/\"},{\"@type\":\"ListItem\",\"position\":3,\"name\":\"FRIEREN 08\"}]},{\"@type\":\"WebSite\",\"@id\":\"https:\/\/www.colossalstore.es\/#website\",\"url\":\"https:\/\/www.colossalstore.es\/\",\"name\":\"Colossal Store\",\"description\":\"Colossal Store, tienda especializada en TCGs.\",\"publisher\":{\"@id\":\"https:\/\/www.colossalstore.es\/#organization\"},\"alternateName\":\"Colossal Store\",\"potentialAction\":[{\"@type\":\"SearchAction\",\"target\":{\"@type\":\"EntryPoint\",\"urlTemplate\":\"https:\/\/www.colossalstore.es\/?s={search_term_string}\"},\"query-input\":{\"@type\":\"PropertyValueSpecification\",\"valueRequired\":true,\"valueName\":\"search_term_string\"}}],\"inLanguage\":\"en-US\"},{\"@type\":\"Organization\",\"@id\":\"https:\/\/www.colossalstore.es\/#organization\",\"name\":\"Colossal Store\",\"url\":\"https:\/\/www.colossalstore.es\/\",\"logo\":{\"@type\":\"ImageObject\",\"inLanguage\":\"en-US\",\"@id\":\"https:\/\/www.colossalstore.es\/#\/schema\/logo\/image\/\",\"url\":\"https:\/\/www.colossalstore.es\/wp-content\/uploads\/2023\/05\/Colossal_Logo-02.png\",\"contentUrl\":\"https:\/\/www.colossalstore.es\/wp-content\/uploads\/2023\/05\/Colossal_Logo-02.png\",\"width\":1181,\"height\":1181,\"caption\":\"Colossal Store\"},\"image\":{\"@id\":\"https:\/\/www.colossalstore.es\/#\/schema\/logo\/image\/\"},\"sameAs\":[\"https:\/\/x.com\/Colossal_Store\",\"https:\/\/www.instagram.com\/colossal_store_tcg\/\",\"https:\/\/www.tiktok.com\/@colossalstore\"]}]}<\/script>\n<!-- \/ Yoast SEO plugin. -->","yoast_head_json":{"title":"Frieren 8 - Kanehito Yamada y Tsukasa Abe | Colossal Store 8","description":"Frieren 8 - Kanehito Yamada y Tsukasa Abe: Frieren, la maga que sigue los pasos del viaje que hizo anta\u00f1o junto a los ya difuntos h\u00e9roes...","robots":{"index":"index","follow":"follow","max-snippet":"max-snippet:-1","max-image-preview":"max-image-preview:large","max-video-preview":"max-video-preview:-1"},"canonical":"https:\/\/www.colossalstore.es\/en\/tienda\/manga\/frieren-8-kanehito-yamada-y-tsukasa-abe\/","og_locale":"en_US","og_type":"article","og_title":"Frieren 8 - Kanehito Yamada y Tsukasa Abe | Colossal Store 8","og_description":"Frieren 8 - Kanehito Yamada y Tsukasa Abe: Frieren, la maga que sigue los pasos del viaje que hizo anta\u00f1o junto a los ya difuntos h\u00e9roes...","og_url":"https:\/\/www.colossalstore.es\/en\/tienda\/manga\/frieren-8-kanehito-yamada-y-tsukasa-abe\/","og_site_name":"Colossal Store","article_modified_time":"2026-01-05T18:31:06+00:00","og_image":[{"width":650,"height":988,"url":"https:\/\/www.colossalstore.es\/wp-content\/uploads\/2024\/07\/Frieren-8.jpeg","type":"image\/jpeg"}],"twitter_card":"summary_large_image","twitter_site":"@Colossal_Store","twitter_misc":{"Est. reading time":"1 minute"},"schema":{"@context":"https:\/\/schema.org","@graph":[{"@type":"WebPage","@id":"https:\/\/www.colossalstore.es\/tienda\/manga\/frieren-8-kanehito-yamada-y-tsukasa-abe\/","url":"https:\/\/www.colossalstore.es\/tienda\/manga\/frieren-8-kanehito-yamada-y-tsukasa-abe\/","name":"Frieren 8 - Kanehito Yamada y Tsukasa Abe | Colossal Store 8","isPartOf":{"@id":"https:\/\/www.colossalstore.es\/#website"},"primaryImageOfPage":{"@id":"https:\/\/www.colossalstore.es\/tienda\/manga\/frieren-8-kanehito-yamada-y-tsukasa-abe\/#primaryimage"},"image":{"@id":"https:\/\/www.colossalstore.es\/tienda\/manga\/frieren-8-kanehito-yamada-y-tsukasa-abe\/#primaryimage"},"thumbnailUrl":"https:\/\/www.colossalstore.es\/wp-content\/uploads\/2024\/07\/Frieren-8.jpeg","datePublished":"2024-07-10T17:32:09+00:00","dateModified":"2026-01-05T18:31:06+00:00","description":"Frieren 8 - Kanehito Yamada y Tsukasa Abe: Frieren, la maga que sigue los pasos del viaje que hizo anta\u00f1o junto a los ya difuntos h\u00e9roes...","breadcrumb":{"@id":"https:\/\/www.colossalstore.es\/tienda\/manga\/frieren-8-kanehito-yamada-y-tsukasa-abe\/#breadcrumb"},"inLanguage":"en-US","potentialAction":[{"@type":"ReadAction","target":["https:\/\/www.colossalstore.es\/tienda\/manga\/frieren-8-kanehito-yamada-y-tsukasa-abe\/"]}]},{"@type":"ImageObject","inLanguage":"en-US","@id":"https:\/\/www.colossalstore.es\/tienda\/manga\/frieren-8-kanehito-yamada-y-tsukasa-abe\/#primaryimage","url":"https:\/\/www.colossalstore.es\/wp-content\/uploads\/2024\/07\/Frieren-8.jpeg","contentUrl":"https:\/\/www.colossalstore.es\/wp-content\/uploads\/2024\/07\/Frieren-8.jpeg","width":650,"height":988},{"@type":"BreadcrumbList","@id":"https:\/\/www.colossalstore.es\/tienda\/manga\/frieren-8-kanehito-yamada-y-tsukasa-abe\/#breadcrumb","itemListElement":[{"@type":"ListItem","position":1,"name":"Home","item":"https:\/\/www.colossalstore.es\/"},{"@type":"ListItem","position":2,"name":"Tienda","item":"https:\/\/www.colossalstore.es\/tienda\/"},{"@type":"ListItem","position":3,"name":"FRIEREN 08"}]},{"@type":"WebSite","@id":"https:\/\/www.colossalstore.es\/#website","url":"https:\/\/www.colossalstore.es\/","name":"Colossal Store","description":"Colossal Store, store specialized in TCGs.","publisher":{"@id":"https:\/\/www.colossalstore.es\/#organization"},"alternateName":"Colossal Store","potentialAction":[{"@type":"SearchAction","target":{"@type":"EntryPoint","urlTemplate":"https:\/\/www.colossalstore.es\/?s={search_term_string}"},"query-input":{"@type":"PropertyValueSpecification","valueRequired":true,"valueName":"search_term_string"}}],"inLanguage":"en-US"},{"@type":"Organization","@id":"https:\/\/www.colossalstore.es\/#organization","name":"Colossal Store","url":"https:\/\/www.colossalstore.es\/","logo":{"@type":"ImageObject","inLanguage":"en-US","@id":"https:\/\/www.colossalstore.es\/#\/schema\/logo\/image\/","url":"https:\/\/www.colossalstore.es\/wp-content\/uploads\/2023\/05\/Colossal_Logo-02.png","contentUrl":"https:\/\/www.colossalstore.es\/wp-content\/uploads\/2023\/05\/Colossal_Logo-02.png","width":1181,"height":1181,"caption":"Colossal Store"},"image":{"@id":"https:\/\/www.colossalstore.es\/#\/schema\/logo\/image\/"},"sameAs":["https:\/\/x.com\/Colossal_Store","https:\/\/www.instagram.com\/colossal_store_tcg\/","https:\/\/www.tiktok.com\/@colossalstore"]}]}},"_links":{"self":[{"href":"https:\/\/www.colossalstore.es\/en\/wp-json\/wp\/v2\/product\/8342","targetHints":{"allow":["GET"]}}],"collection":[{"href":"https:\/\/www.colossalstore.es\/en\/wp-json\/wp\/v2\/product"}],"about":[{"href":"https:\/\/www.colossalstore.es\/en\/wp-json\/wp\/v2\/types\/product"}],"replies":[{"embeddable":true,"href":"https:\/\/www.colossalstore.es\/en\/wp-json\/wp\/v2\/comments?post=8342"}],"wp:featuredmedia":[{"embeddable":true,"href":"https:\/\/www.colossalstore.es\/en\/wp-json\/wp\/v2\/media\/8343"}],"wp:attachment":[{"href":"https:\/\/www.colossalstore.es\/en\/wp-json\/wp\/v2\/media?parent=8342"}],"wp:term":[{"taxonomy":"product_brand","embeddable":true,"href":"https:\/\/www.colossalstore.es\/en\/wp-json\/wp\/v2\/product_brand?post=8342"},{"taxonomy":"product_cat","embeddable":true,"href":"https:\/\/www.colossalstore.es\/en\/wp-json\/wp\/v2\/product_cat?post=8342"},{"taxonomy":"product_tag","embeddable":true,"href":"https:\/\/www.colossalstore.es\/en\/wp-json\/wp\/v2\/product_tag?post=8342"}],"curies":[{"name":"wp","href":"https:\/\/api.w.org\/{rel}","templated":true}]}}