{"id":8120,"date":"2024-06-15T19:27:20","date_gmt":"2024-06-15T17:27:20","guid":{"rendered":"https:\/\/www.colossalstore.es\/?post_type=product&#038;p=8120"},"modified":"2025-09-24T12:42:32","modified_gmt":"2025-09-24T10:42:32","slug":"one-piece-no-105","status":"publish","type":"product","link":"https:\/\/www.colossalstore.es\/en\/tienda\/manga\/one-piece-no-105\/","title":{"rendered":"ONE PIECE 105"},"content":{"rendered":"<p>One Piece 105 \u2013 Eiichiro Oda<\/p>\n<p>All the protagonists are on the roof. Luffy and the others confront Kaido and Mom. Do they stand a chance against this all-powerful alliance!? What will the future hold for this extreme confrontation!? Onigashima vibrates with the confrontations!! Here you have a story about pirates looking for the great treasure, the One Piece!!<\/p>","protected":false},"excerpt":{"rendered":"<p>One Piece 105 &#8211; Eiichiro Oda Todos los protagonistas est\u00e1n en la azotea. Luffy y los dem\u00e1s se enfrentan a Kaido y a Mom. \u00bf\u00a1Tienen alguna posibilidad ante esta alianza todopoderosa!? \u00bf\u00a1Qu\u00e9 ser\u00e1 lo que el futuro depare a esta confrontaci\u00f3n tan extrema!? \u00a1\u00a1Onigashima vibra con los enfrentamientos!! \u00a1\u00a1Aqu\u00ed ten\u00e9is una historia de piratas que [&hellip;]<\/p>","protected":false},"featured_media":8123,"comment_status":"open","ping_status":"closed","template":"","meta":{"_joinchat":[]},"product_brand":[],"product_cat":[32],"product_tag":[],"class_list":{"0":"post-8120","1":"product","2":"type-product","3":"status-publish","4":"has-post-thumbnail","6":"product_cat-manga","8":"first","9":"outofstock","10":"taxable","11":"shipping-taxable","12":"purchasable","13":"product-type-simple"},"yoast_head":"<!-- This site is optimized with the Yoast SEO plugin v25.7 - https:\/\/yoast.com\/wordpress\/plugins\/seo\/ -->\n<title>One Piece 105 (Eiichiro Oda) | Colossal Store<\/title>\n<meta name=\"description\" content=\"One Piece 105 (Eiichiro Oda): Todos los protagonistas est\u00e1n en la azotea. Luffy y los dem\u00e1s se enfrentan a Kaido y a Mom. \u00bf\u00a1Tienen alguna posibilidad ante esta alianza todopoderosa!? \u00bf\u00a1Qu\u00e9 ser\u00e1 lo que el futuro depare a esta confrontaci\u00f3n tan extrema!? \u00a1\u00a1Onigashima vibra con los enfrentamientos!! \u00a1\u00a1Aqu\u00ed ten\u00e9is una historia de piratas que buscan el gran tesoro, el One Piece!!\" \/>\n<meta name=\"robots\" content=\"index, follow, max-snippet:-1, max-image-preview:large, max-video-preview:-1\" \/>\n<link rel=\"canonical\" href=\"https:\/\/www.colossalstore.es\/en\/tienda\/manga\/one-piece-no-105\/\" \/>\n<meta property=\"og:locale\" content=\"en_US\" \/>\n<meta property=\"og:type\" content=\"article\" \/>\n<meta property=\"og:title\" content=\"One Piece 105 (Eiichiro Oda) | Colossal Store\" \/>\n<meta property=\"og:description\" content=\"One Piece 105 (Eiichiro Oda): Todos los protagonistas est\u00e1n en la azotea. Luffy y los dem\u00e1s se enfrentan a Kaido y a Mom. \u00bf\u00a1Tienen alguna posibilidad ante esta alianza todopoderosa!? \u00bf\u00a1Qu\u00e9 ser\u00e1 lo que el futuro depare a esta confrontaci\u00f3n tan extrema!? \u00a1\u00a1Onigashima vibra con los enfrentamientos!! \u00a1\u00a1Aqu\u00ed ten\u00e9is una historia de piratas que buscan el gran tesoro, el One Piece!!\" \/>\n<meta property=\"og:url\" content=\"https:\/\/www.colossalstore.es\/en\/tienda\/manga\/one-piece-no-105\/\" \/>\n<meta property=\"og:site_name\" content=\"Colossal Store\" \/>\n<meta property=\"article:modified_time\" content=\"2025-09-24T10:42:32+00:00\" \/>\n<meta property=\"og:image\" content=\"https:\/\/www.colossalstore.es\/wp-content\/uploads\/2024\/06\/One-Piece-105-Eiichiro-Oda.jpg\" \/>\n\t<meta property=\"og:image:width\" content=\"400\" \/>\n\t<meta property=\"og:image:height\" content=\"637\" \/>\n\t<meta property=\"og:image:type\" content=\"image\/jpeg\" \/>\n<meta name=\"twitter:card\" content=\"summary_large_image\" \/>\n<meta name=\"twitter:site\" content=\"@Colossal_Store\" \/>\n<meta name=\"twitter:label1\" content=\"Est. reading time\" \/>\n\t<meta name=\"twitter:data1\" content=\"1 minute\" \/>\n<script type=\"application\/ld+json\" class=\"yoast-schema-graph\">{\"@context\":\"https:\/\/schema.org\",\"@graph\":[{\"@type\":\"WebPage\",\"@id\":\"https:\/\/www.colossalstore.es\/tienda\/manga\/one-piece-no-105\/\",\"url\":\"https:\/\/www.colossalstore.es\/tienda\/manga\/one-piece-no-105\/\",\"name\":\"One Piece 105 (Eiichiro Oda) | Colossal Store\",\"isPartOf\":{\"@id\":\"https:\/\/www.colossalstore.es\/#website\"},\"primaryImageOfPage\":{\"@id\":\"https:\/\/www.colossalstore.es\/tienda\/manga\/one-piece-no-105\/#primaryimage\"},\"image\":{\"@id\":\"https:\/\/www.colossalstore.es\/tienda\/manga\/one-piece-no-105\/#primaryimage\"},\"thumbnailUrl\":\"https:\/\/www.colossalstore.es\/wp-content\/uploads\/2024\/06\/One-Piece-105-Eiichiro-Oda.jpg\",\"datePublished\":\"2024-06-15T17:27:20+00:00\",\"dateModified\":\"2025-09-24T10:42:32+00:00\",\"description\":\"One Piece 105 (Eiichiro Oda): Todos los protagonistas est\u00e1n en la azotea. Luffy y los dem\u00e1s se enfrentan a Kaido y a Mom. \u00bf\u00a1Tienen alguna posibilidad ante esta alianza todopoderosa!? \u00bf\u00a1Qu\u00e9 ser\u00e1 lo que el futuro depare a esta confrontaci\u00f3n tan extrema!? \u00a1\u00a1Onigashima vibra con los enfrentamientos!! \u00a1\u00a1Aqu\u00ed ten\u00e9is una historia de piratas que buscan el gran tesoro, el One Piece!!\",\"breadcrumb\":{\"@id\":\"https:\/\/www.colossalstore.es\/tienda\/manga\/one-piece-no-105\/#breadcrumb\"},\"inLanguage\":\"en-US\",\"potentialAction\":[{\"@type\":\"ReadAction\",\"target\":[\"https:\/\/www.colossalstore.es\/tienda\/manga\/one-piece-no-105\/\"]}]},{\"@type\":\"ImageObject\",\"inLanguage\":\"en-US\",\"@id\":\"https:\/\/www.colossalstore.es\/tienda\/manga\/one-piece-no-105\/#primaryimage\",\"url\":\"https:\/\/www.colossalstore.es\/wp-content\/uploads\/2024\/06\/One-Piece-105-Eiichiro-Oda.jpg\",\"contentUrl\":\"https:\/\/www.colossalstore.es\/wp-content\/uploads\/2024\/06\/One-Piece-105-Eiichiro-Oda.jpg\",\"width\":400,\"height\":637},{\"@type\":\"BreadcrumbList\",\"@id\":\"https:\/\/www.colossalstore.es\/tienda\/manga\/one-piece-no-105\/#breadcrumb\",\"itemListElement\":[{\"@type\":\"ListItem\",\"position\":1,\"name\":\"Home\",\"item\":\"https:\/\/www.colossalstore.es\/\"},{\"@type\":\"ListItem\",\"position\":2,\"name\":\"Tienda\",\"item\":\"https:\/\/www.colossalstore.es\/tienda\/\"},{\"@type\":\"ListItem\",\"position\":3,\"name\":\"ONE PIECE 105\"}]},{\"@type\":\"WebSite\",\"@id\":\"https:\/\/www.colossalstore.es\/#website\",\"url\":\"https:\/\/www.colossalstore.es\/\",\"name\":\"Colossal Store\",\"description\":\"Colossal Store, tienda especializada en TCGs.\",\"publisher\":{\"@id\":\"https:\/\/www.colossalstore.es\/#organization\"},\"alternateName\":\"Colossal Store\",\"potentialAction\":[{\"@type\":\"SearchAction\",\"target\":{\"@type\":\"EntryPoint\",\"urlTemplate\":\"https:\/\/www.colossalstore.es\/?s={search_term_string}\"},\"query-input\":{\"@type\":\"PropertyValueSpecification\",\"valueRequired\":true,\"valueName\":\"search_term_string\"}}],\"inLanguage\":\"en-US\"},{\"@type\":\"Organization\",\"@id\":\"https:\/\/www.colossalstore.es\/#organization\",\"name\":\"Colossal Store\",\"url\":\"https:\/\/www.colossalstore.es\/\",\"logo\":{\"@type\":\"ImageObject\",\"inLanguage\":\"en-US\",\"@id\":\"https:\/\/www.colossalstore.es\/#\/schema\/logo\/image\/\",\"url\":\"https:\/\/www.colossalstore.es\/wp-content\/uploads\/2023\/05\/Colossal_Logo-02.png\",\"contentUrl\":\"https:\/\/www.colossalstore.es\/wp-content\/uploads\/2023\/05\/Colossal_Logo-02.png\",\"width\":1181,\"height\":1181,\"caption\":\"Colossal Store\"},\"image\":{\"@id\":\"https:\/\/www.colossalstore.es\/#\/schema\/logo\/image\/\"},\"sameAs\":[\"https:\/\/x.com\/Colossal_Store\",\"https:\/\/www.instagram.com\/colossal_store_tcg\/\",\"https:\/\/www.tiktok.com\/@colossalstore\"]}]}<\/script>\n<!-- \/ Yoast SEO plugin. -->","yoast_head_json":{"title":"One Piece 105 (Eiichiro Oda) | Colossal Store","description":"One Piece 105 (Eiichiro Oda): Todos los protagonistas est\u00e1n en la azotea. Luffy y los dem\u00e1s se enfrentan a Kaido y a Mom. \u00bf\u00a1Tienen alguna posibilidad ante esta alianza todopoderosa!? \u00bf\u00a1Qu\u00e9 ser\u00e1 lo que el futuro depare a esta confrontaci\u00f3n tan extrema!? \u00a1\u00a1Onigashima vibra con los enfrentamientos!! \u00a1\u00a1Aqu\u00ed ten\u00e9is una historia de piratas que buscan el gran tesoro, el One Piece!!","robots":{"index":"index","follow":"follow","max-snippet":"max-snippet:-1","max-image-preview":"max-image-preview:large","max-video-preview":"max-video-preview:-1"},"canonical":"https:\/\/www.colossalstore.es\/en\/tienda\/manga\/one-piece-no-105\/","og_locale":"en_US","og_type":"article","og_title":"One Piece 105 (Eiichiro Oda) | Colossal Store","og_description":"One Piece 105 (Eiichiro Oda): Todos los protagonistas est\u00e1n en la azotea. Luffy y los dem\u00e1s se enfrentan a Kaido y a Mom. \u00bf\u00a1Tienen alguna posibilidad ante esta alianza todopoderosa!? \u00bf\u00a1Qu\u00e9 ser\u00e1 lo que el futuro depare a esta confrontaci\u00f3n tan extrema!? \u00a1\u00a1Onigashima vibra con los enfrentamientos!! \u00a1\u00a1Aqu\u00ed ten\u00e9is una historia de piratas que buscan el gran tesoro, el One Piece!!","og_url":"https:\/\/www.colossalstore.es\/en\/tienda\/manga\/one-piece-no-105\/","og_site_name":"Colossal Store","article_modified_time":"2025-09-24T10:42:32+00:00","og_image":[{"width":400,"height":637,"url":"https:\/\/www.colossalstore.es\/wp-content\/uploads\/2024\/06\/One-Piece-105-Eiichiro-Oda.jpg","type":"image\/jpeg"}],"twitter_card":"summary_large_image","twitter_site":"@Colossal_Store","twitter_misc":{"Est. reading time":"1 minute"},"schema":{"@context":"https:\/\/schema.org","@graph":[{"@type":"WebPage","@id":"https:\/\/www.colossalstore.es\/tienda\/manga\/one-piece-no-105\/","url":"https:\/\/www.colossalstore.es\/tienda\/manga\/one-piece-no-105\/","name":"One Piece 105 (Eiichiro Oda) | Colossal Store","isPartOf":{"@id":"https:\/\/www.colossalstore.es\/#website"},"primaryImageOfPage":{"@id":"https:\/\/www.colossalstore.es\/tienda\/manga\/one-piece-no-105\/#primaryimage"},"image":{"@id":"https:\/\/www.colossalstore.es\/tienda\/manga\/one-piece-no-105\/#primaryimage"},"thumbnailUrl":"https:\/\/www.colossalstore.es\/wp-content\/uploads\/2024\/06\/One-Piece-105-Eiichiro-Oda.jpg","datePublished":"2024-06-15T17:27:20+00:00","dateModified":"2025-09-24T10:42:32+00:00","description":"One Piece 105 (Eiichiro Oda): Todos los protagonistas est\u00e1n en la azotea. Luffy y los dem\u00e1s se enfrentan a Kaido y a Mom. \u00bf\u00a1Tienen alguna posibilidad ante esta alianza todopoderosa!? \u00bf\u00a1Qu\u00e9 ser\u00e1 lo que el futuro depare a esta confrontaci\u00f3n tan extrema!? \u00a1\u00a1Onigashima vibra con los enfrentamientos!! \u00a1\u00a1Aqu\u00ed ten\u00e9is una historia de piratas que buscan el gran tesoro, el One Piece!!","breadcrumb":{"@id":"https:\/\/www.colossalstore.es\/tienda\/manga\/one-piece-no-105\/#breadcrumb"},"inLanguage":"en-US","potentialAction":[{"@type":"ReadAction","target":["https:\/\/www.colossalstore.es\/tienda\/manga\/one-piece-no-105\/"]}]},{"@type":"ImageObject","inLanguage":"en-US","@id":"https:\/\/www.colossalstore.es\/tienda\/manga\/one-piece-no-105\/#primaryimage","url":"https:\/\/www.colossalstore.es\/wp-content\/uploads\/2024\/06\/One-Piece-105-Eiichiro-Oda.jpg","contentUrl":"https:\/\/www.colossalstore.es\/wp-content\/uploads\/2024\/06\/One-Piece-105-Eiichiro-Oda.jpg","width":400,"height":637},{"@type":"BreadcrumbList","@id":"https:\/\/www.colossalstore.es\/tienda\/manga\/one-piece-no-105\/#breadcrumb","itemListElement":[{"@type":"ListItem","position":1,"name":"Home","item":"https:\/\/www.colossalstore.es\/"},{"@type":"ListItem","position":2,"name":"Tienda","item":"https:\/\/www.colossalstore.es\/tienda\/"},{"@type":"ListItem","position":3,"name":"ONE PIECE 105"}]},{"@type":"WebSite","@id":"https:\/\/www.colossalstore.es\/#website","url":"https:\/\/www.colossalstore.es\/","name":"Colossal Store","description":"Colossal Store, store specialized in TCGs.","publisher":{"@id":"https:\/\/www.colossalstore.es\/#organization"},"alternateName":"Colossal Store","potentialAction":[{"@type":"SearchAction","target":{"@type":"EntryPoint","urlTemplate":"https:\/\/www.colossalstore.es\/?s={search_term_string}"},"query-input":{"@type":"PropertyValueSpecification","valueRequired":true,"valueName":"search_term_string"}}],"inLanguage":"en-US"},{"@type":"Organization","@id":"https:\/\/www.colossalstore.es\/#organization","name":"Colossal Store","url":"https:\/\/www.colossalstore.es\/","logo":{"@type":"ImageObject","inLanguage":"en-US","@id":"https:\/\/www.colossalstore.es\/#\/schema\/logo\/image\/","url":"https:\/\/www.colossalstore.es\/wp-content\/uploads\/2023\/05\/Colossal_Logo-02.png","contentUrl":"https:\/\/www.colossalstore.es\/wp-content\/uploads\/2023\/05\/Colossal_Logo-02.png","width":1181,"height":1181,"caption":"Colossal Store"},"image":{"@id":"https:\/\/www.colossalstore.es\/#\/schema\/logo\/image\/"},"sameAs":["https:\/\/x.com\/Colossal_Store","https:\/\/www.instagram.com\/colossal_store_tcg\/","https:\/\/www.tiktok.com\/@colossalstore"]}]}},"_links":{"self":[{"href":"https:\/\/www.colossalstore.es\/en\/wp-json\/wp\/v2\/product\/8120","targetHints":{"allow":["GET"]}}],"collection":[{"href":"https:\/\/www.colossalstore.es\/en\/wp-json\/wp\/v2\/product"}],"about":[{"href":"https:\/\/www.colossalstore.es\/en\/wp-json\/wp\/v2\/types\/product"}],"replies":[{"embeddable":true,"href":"https:\/\/www.colossalstore.es\/en\/wp-json\/wp\/v2\/comments?post=8120"}],"wp:featuredmedia":[{"embeddable":true,"href":"https:\/\/www.colossalstore.es\/en\/wp-json\/wp\/v2\/media\/8123"}],"wp:attachment":[{"href":"https:\/\/www.colossalstore.es\/en\/wp-json\/wp\/v2\/media?parent=8120"}],"wp:term":[{"taxonomy":"product_brand","embeddable":true,"href":"https:\/\/www.colossalstore.es\/en\/wp-json\/wp\/v2\/product_brand?post=8120"},{"taxonomy":"product_cat","embeddable":true,"href":"https:\/\/www.colossalstore.es\/en\/wp-json\/wp\/v2\/product_cat?post=8120"},{"taxonomy":"product_tag","embeddable":true,"href":"https:\/\/www.colossalstore.es\/en\/wp-json\/wp\/v2\/product_tag?post=8120"}],"curies":[{"name":"wp","href":"https:\/\/api.w.org\/{rel}","templated":true}]}}