{"id":8107,"date":"2024-06-15T18:40:37","date_gmt":"2024-06-15T16:40:37","guid":{"rendered":"https:\/\/www.colossalstore.es\/?post_type=product&#038;p=8107"},"modified":"2026-01-05T19:31:42","modified_gmt":"2026-01-05T18:31:42","slug":"kaiju-8-volumen-6-naoya-matsumoto","status":"publish","type":"product","link":"https:\/\/www.colossalstore.es\/en\/tienda\/manga\/kaiju-8-volumen-6-naoya-matsumoto\/","title":{"rendered":"KAIJU 8 06"},"content":{"rendered":"<p>Kaiju 8 volume 6 (Naoya Matsumoto)<\/p>\n<div class=\"FichaLibro_fichaLibro__descripcion__pVURW\">\n<div class=\"FichaLibro_sinopsis__3Kvms\">\n<div class=\"FichaLibro_sinopsis__text__uYC4b\">\n<div class=\"LeerMas_leerMas__e8CY1 FichaLibro_sinopsis__text__inner__wKDnj\">\n<div class=\"LeerMas_leerMas__innerWrapper__CBK_q\">\n<div class=\"mantine-Text-root mantine-drve92\">\n<p><strong>A monstrous manga.<\/strong><\/p>\n<p>Kafka Hibino faces the ninth Kaiju, but is in serious trouble because he cannot transform. Shinomiya Kikoru joins him in battle. Soon, he realizes that the reason he can&#039;t transform is his own fear. Meanwhile, another ninth Kaiju also appears in front of Captain Narumi, evolves during the battle and... what will happen? Believe in your colleagues! The sixth volume of the series is here!<\/p>\n<\/div>\n<\/div>\n<\/div>\n<\/div>\n<\/div>\n<div class=\"FichaLibro_fichaLibro__contenidoExtra__lvzus\"><\/div>\n<\/div>\n<div class=\"FichaLibro_fichaLibro__rightColumn__cFtGl FichaLibro_showDesktop__ozLUG\">\n<div class=\"FichaLibro_fichaLibro__opcionesCompra__tFr_y\"><\/div>\n<\/div>","protected":false},"excerpt":{"rendered":"<p>Kaiju 8 volumen 6 (Naoya Matsumoto) Un manga monstruoso. Kafka Hibino se enfrenta al noveno Kaiju, pero est\u00e1 en serios problemas porque no puede transformarse. Shinomiya Kikoru se une a \u00e9l en la batalla. Pronto, es consciente de que la raz\u00f3n por la que no puede transformarse es su propio miedo. Mientras tanto, otro noveno [&hellip;]<\/p>","protected":false},"featured_media":8109,"comment_status":"open","ping_status":"closed","template":"","meta":{"_joinchat":[]},"product_brand":[],"product_cat":[32],"product_tag":[],"class_list":{"0":"post-8107","1":"product","2":"type-product","3":"status-publish","4":"has-post-thumbnail","6":"product_cat-manga","8":"first","9":"outofstock","10":"taxable","11":"shipping-taxable","12":"purchasable","13":"product-type-simple"},"yoast_head":"<!-- This site is optimized with the Yoast SEO plugin v25.7 - https:\/\/yoast.com\/wordpress\/plugins\/seo\/ -->\n<title>Kaiju 8 volumen 6 (Naoya Matsumoto) | Colossal Store<\/title>\n<meta name=\"description\" content=\"Kaiju 8 volumen 6 (Naoya Matsumoto): Kafka Hibino se enfrenta al noveno Kaiju, pero est\u00e1 en serios problemas porque no puede transformarse.\" \/>\n<meta name=\"robots\" content=\"index, follow, max-snippet:-1, max-image-preview:large, max-video-preview:-1\" \/>\n<link rel=\"canonical\" href=\"https:\/\/www.colossalstore.es\/en\/tienda\/manga\/kaiju-8-volumen-6-naoya-matsumoto\/\" \/>\n<meta property=\"og:locale\" content=\"en_US\" \/>\n<meta property=\"og:type\" content=\"article\" \/>\n<meta property=\"og:title\" content=\"Kaiju 8 volumen 6 (Naoya Matsumoto) | Colossal Store\" \/>\n<meta property=\"og:description\" content=\"Kaiju 8 volumen 6 (Naoya Matsumoto): Kafka Hibino se enfrenta al noveno Kaiju, pero est\u00e1 en serios problemas porque no puede transformarse.\" \/>\n<meta property=\"og:url\" content=\"https:\/\/www.colossalstore.es\/en\/tienda\/manga\/kaiju-8-volumen-6-naoya-matsumoto\/\" \/>\n<meta property=\"og:site_name\" content=\"Colossal Store\" \/>\n<meta property=\"article:modified_time\" content=\"2026-01-05T18:31:42+00:00\" \/>\n<meta property=\"og:image\" content=\"https:\/\/www.colossalstore.es\/wp-content\/uploads\/2024\/06\/Kaiju-8-volumen-6-Naoya-Matsumoto.webp\" \/>\n\t<meta property=\"og:image:width\" content=\"753\" \/>\n\t<meta property=\"og:image:height\" content=\"1200\" \/>\n\t<meta property=\"og:image:type\" content=\"image\/webp\" \/>\n<meta name=\"twitter:card\" content=\"summary_large_image\" \/>\n<meta name=\"twitter:site\" content=\"@Colossal_Store\" \/>\n<meta name=\"twitter:label1\" content=\"Est. reading time\" \/>\n\t<meta name=\"twitter:data1\" content=\"1 minute\" \/>\n<script type=\"application\/ld+json\" class=\"yoast-schema-graph\">{\"@context\":\"https:\/\/schema.org\",\"@graph\":[{\"@type\":\"WebPage\",\"@id\":\"https:\/\/www.colossalstore.es\/tienda\/manga\/kaiju-8-volumen-6-naoya-matsumoto\/\",\"url\":\"https:\/\/www.colossalstore.es\/tienda\/manga\/kaiju-8-volumen-6-naoya-matsumoto\/\",\"name\":\"Kaiju 8 volumen 6 (Naoya Matsumoto) | Colossal Store\",\"isPartOf\":{\"@id\":\"https:\/\/www.colossalstore.es\/#website\"},\"primaryImageOfPage\":{\"@id\":\"https:\/\/www.colossalstore.es\/tienda\/manga\/kaiju-8-volumen-6-naoya-matsumoto\/#primaryimage\"},\"image\":{\"@id\":\"https:\/\/www.colossalstore.es\/tienda\/manga\/kaiju-8-volumen-6-naoya-matsumoto\/#primaryimage\"},\"thumbnailUrl\":\"https:\/\/www.colossalstore.es\/wp-content\/uploads\/2024\/06\/Kaiju-8-volumen-6-Naoya-Matsumoto.webp\",\"datePublished\":\"2024-06-15T16:40:37+00:00\",\"dateModified\":\"2026-01-05T18:31:42+00:00\",\"description\":\"Kaiju 8 volumen 6 (Naoya Matsumoto): Kafka Hibino se enfrenta al noveno Kaiju, pero est\u00e1 en serios problemas porque no puede transformarse.\",\"breadcrumb\":{\"@id\":\"https:\/\/www.colossalstore.es\/tienda\/manga\/kaiju-8-volumen-6-naoya-matsumoto\/#breadcrumb\"},\"inLanguage\":\"en-US\",\"potentialAction\":[{\"@type\":\"ReadAction\",\"target\":[\"https:\/\/www.colossalstore.es\/tienda\/manga\/kaiju-8-volumen-6-naoya-matsumoto\/\"]}]},{\"@type\":\"ImageObject\",\"inLanguage\":\"en-US\",\"@id\":\"https:\/\/www.colossalstore.es\/tienda\/manga\/kaiju-8-volumen-6-naoya-matsumoto\/#primaryimage\",\"url\":\"https:\/\/www.colossalstore.es\/wp-content\/uploads\/2024\/06\/Kaiju-8-volumen-6-Naoya-Matsumoto.webp\",\"contentUrl\":\"https:\/\/www.colossalstore.es\/wp-content\/uploads\/2024\/06\/Kaiju-8-volumen-6-Naoya-Matsumoto.webp\",\"width\":753,\"height\":1200},{\"@type\":\"BreadcrumbList\",\"@id\":\"https:\/\/www.colossalstore.es\/tienda\/manga\/kaiju-8-volumen-6-naoya-matsumoto\/#breadcrumb\",\"itemListElement\":[{\"@type\":\"ListItem\",\"position\":1,\"name\":\"Home\",\"item\":\"https:\/\/www.colossalstore.es\/\"},{\"@type\":\"ListItem\",\"position\":2,\"name\":\"Tienda\",\"item\":\"https:\/\/www.colossalstore.es\/tienda\/\"},{\"@type\":\"ListItem\",\"position\":3,\"name\":\"KAIJU 8 06\"}]},{\"@type\":\"WebSite\",\"@id\":\"https:\/\/www.colossalstore.es\/#website\",\"url\":\"https:\/\/www.colossalstore.es\/\",\"name\":\"Colossal Store\",\"description\":\"Colossal Store, tienda especializada en TCGs.\",\"publisher\":{\"@id\":\"https:\/\/www.colossalstore.es\/#organization\"},\"alternateName\":\"Colossal Store\",\"potentialAction\":[{\"@type\":\"SearchAction\",\"target\":{\"@type\":\"EntryPoint\",\"urlTemplate\":\"https:\/\/www.colossalstore.es\/?s={search_term_string}\"},\"query-input\":{\"@type\":\"PropertyValueSpecification\",\"valueRequired\":true,\"valueName\":\"search_term_string\"}}],\"inLanguage\":\"en-US\"},{\"@type\":\"Organization\",\"@id\":\"https:\/\/www.colossalstore.es\/#organization\",\"name\":\"Colossal Store\",\"url\":\"https:\/\/www.colossalstore.es\/\",\"logo\":{\"@type\":\"ImageObject\",\"inLanguage\":\"en-US\",\"@id\":\"https:\/\/www.colossalstore.es\/#\/schema\/logo\/image\/\",\"url\":\"https:\/\/www.colossalstore.es\/wp-content\/uploads\/2023\/05\/Colossal_Logo-02.png\",\"contentUrl\":\"https:\/\/www.colossalstore.es\/wp-content\/uploads\/2023\/05\/Colossal_Logo-02.png\",\"width\":1181,\"height\":1181,\"caption\":\"Colossal Store\"},\"image\":{\"@id\":\"https:\/\/www.colossalstore.es\/#\/schema\/logo\/image\/\"},\"sameAs\":[\"https:\/\/x.com\/Colossal_Store\",\"https:\/\/www.instagram.com\/colossal_store_tcg\/\",\"https:\/\/www.tiktok.com\/@colossalstore\"]}]}<\/script>\n<!-- \/ Yoast SEO plugin. -->","yoast_head_json":{"title":"Kaiju 8 volumen 6 (Naoya Matsumoto) | Colossal Store","description":"Kaiju 8 volumen 6 (Naoya Matsumoto): Kafka Hibino se enfrenta al noveno Kaiju, pero est\u00e1 en serios problemas porque no puede transformarse.","robots":{"index":"index","follow":"follow","max-snippet":"max-snippet:-1","max-image-preview":"max-image-preview:large","max-video-preview":"max-video-preview:-1"},"canonical":"https:\/\/www.colossalstore.es\/en\/tienda\/manga\/kaiju-8-volumen-6-naoya-matsumoto\/","og_locale":"en_US","og_type":"article","og_title":"Kaiju 8 volumen 6 (Naoya Matsumoto) | Colossal Store","og_description":"Kaiju 8 volumen 6 (Naoya Matsumoto): Kafka Hibino se enfrenta al noveno Kaiju, pero est\u00e1 en serios problemas porque no puede transformarse.","og_url":"https:\/\/www.colossalstore.es\/en\/tienda\/manga\/kaiju-8-volumen-6-naoya-matsumoto\/","og_site_name":"Colossal Store","article_modified_time":"2026-01-05T18:31:42+00:00","og_image":[{"width":753,"height":1200,"url":"https:\/\/www.colossalstore.es\/wp-content\/uploads\/2024\/06\/Kaiju-8-volumen-6-Naoya-Matsumoto.webp","type":"image\/webp"}],"twitter_card":"summary_large_image","twitter_site":"@Colossal_Store","twitter_misc":{"Est. reading time":"1 minute"},"schema":{"@context":"https:\/\/schema.org","@graph":[{"@type":"WebPage","@id":"https:\/\/www.colossalstore.es\/tienda\/manga\/kaiju-8-volumen-6-naoya-matsumoto\/","url":"https:\/\/www.colossalstore.es\/tienda\/manga\/kaiju-8-volumen-6-naoya-matsumoto\/","name":"Kaiju 8 volumen 6 (Naoya Matsumoto) | Colossal Store","isPartOf":{"@id":"https:\/\/www.colossalstore.es\/#website"},"primaryImageOfPage":{"@id":"https:\/\/www.colossalstore.es\/tienda\/manga\/kaiju-8-volumen-6-naoya-matsumoto\/#primaryimage"},"image":{"@id":"https:\/\/www.colossalstore.es\/tienda\/manga\/kaiju-8-volumen-6-naoya-matsumoto\/#primaryimage"},"thumbnailUrl":"https:\/\/www.colossalstore.es\/wp-content\/uploads\/2024\/06\/Kaiju-8-volumen-6-Naoya-Matsumoto.webp","datePublished":"2024-06-15T16:40:37+00:00","dateModified":"2026-01-05T18:31:42+00:00","description":"Kaiju 8 volumen 6 (Naoya Matsumoto): Kafka Hibino se enfrenta al noveno Kaiju, pero est\u00e1 en serios problemas porque no puede transformarse.","breadcrumb":{"@id":"https:\/\/www.colossalstore.es\/tienda\/manga\/kaiju-8-volumen-6-naoya-matsumoto\/#breadcrumb"},"inLanguage":"en-US","potentialAction":[{"@type":"ReadAction","target":["https:\/\/www.colossalstore.es\/tienda\/manga\/kaiju-8-volumen-6-naoya-matsumoto\/"]}]},{"@type":"ImageObject","inLanguage":"en-US","@id":"https:\/\/www.colossalstore.es\/tienda\/manga\/kaiju-8-volumen-6-naoya-matsumoto\/#primaryimage","url":"https:\/\/www.colossalstore.es\/wp-content\/uploads\/2024\/06\/Kaiju-8-volumen-6-Naoya-Matsumoto.webp","contentUrl":"https:\/\/www.colossalstore.es\/wp-content\/uploads\/2024\/06\/Kaiju-8-volumen-6-Naoya-Matsumoto.webp","width":753,"height":1200},{"@type":"BreadcrumbList","@id":"https:\/\/www.colossalstore.es\/tienda\/manga\/kaiju-8-volumen-6-naoya-matsumoto\/#breadcrumb","itemListElement":[{"@type":"ListItem","position":1,"name":"Home","item":"https:\/\/www.colossalstore.es\/"},{"@type":"ListItem","position":2,"name":"Tienda","item":"https:\/\/www.colossalstore.es\/tienda\/"},{"@type":"ListItem","position":3,"name":"KAIJU 8 06"}]},{"@type":"WebSite","@id":"https:\/\/www.colossalstore.es\/#website","url":"https:\/\/www.colossalstore.es\/","name":"Colossal Store","description":"Colossal Store, store specialized in TCGs.","publisher":{"@id":"https:\/\/www.colossalstore.es\/#organization"},"alternateName":"Colossal Store","potentialAction":[{"@type":"SearchAction","target":{"@type":"EntryPoint","urlTemplate":"https:\/\/www.colossalstore.es\/?s={search_term_string}"},"query-input":{"@type":"PropertyValueSpecification","valueRequired":true,"valueName":"search_term_string"}}],"inLanguage":"en-US"},{"@type":"Organization","@id":"https:\/\/www.colossalstore.es\/#organization","name":"Colossal Store","url":"https:\/\/www.colossalstore.es\/","logo":{"@type":"ImageObject","inLanguage":"en-US","@id":"https:\/\/www.colossalstore.es\/#\/schema\/logo\/image\/","url":"https:\/\/www.colossalstore.es\/wp-content\/uploads\/2023\/05\/Colossal_Logo-02.png","contentUrl":"https:\/\/www.colossalstore.es\/wp-content\/uploads\/2023\/05\/Colossal_Logo-02.png","width":1181,"height":1181,"caption":"Colossal Store"},"image":{"@id":"https:\/\/www.colossalstore.es\/#\/schema\/logo\/image\/"},"sameAs":["https:\/\/x.com\/Colossal_Store","https:\/\/www.instagram.com\/colossal_store_tcg\/","https:\/\/www.tiktok.com\/@colossalstore"]}]}},"_links":{"self":[{"href":"https:\/\/www.colossalstore.es\/en\/wp-json\/wp\/v2\/product\/8107","targetHints":{"allow":["GET"]}}],"collection":[{"href":"https:\/\/www.colossalstore.es\/en\/wp-json\/wp\/v2\/product"}],"about":[{"href":"https:\/\/www.colossalstore.es\/en\/wp-json\/wp\/v2\/types\/product"}],"replies":[{"embeddable":true,"href":"https:\/\/www.colossalstore.es\/en\/wp-json\/wp\/v2\/comments?post=8107"}],"wp:featuredmedia":[{"embeddable":true,"href":"https:\/\/www.colossalstore.es\/en\/wp-json\/wp\/v2\/media\/8109"}],"wp:attachment":[{"href":"https:\/\/www.colossalstore.es\/en\/wp-json\/wp\/v2\/media?parent=8107"}],"wp:term":[{"taxonomy":"product_brand","embeddable":true,"href":"https:\/\/www.colossalstore.es\/en\/wp-json\/wp\/v2\/product_brand?post=8107"},{"taxonomy":"product_cat","embeddable":true,"href":"https:\/\/www.colossalstore.es\/en\/wp-json\/wp\/v2\/product_cat?post=8107"},{"taxonomy":"product_tag","embeddable":true,"href":"https:\/\/www.colossalstore.es\/en\/wp-json\/wp\/v2\/product_tag?post=8107"}],"curies":[{"name":"wp","href":"https:\/\/api.w.org\/{rel}","templated":true}]}}