{"id":7786,"date":"2024-05-09T18:43:07","date_gmt":"2024-05-09T16:43:07","guid":{"rendered":"https:\/\/www.colossalstore.es\/?post_type=product&#038;p=7786"},"modified":"2025-06-20T11:14:16","modified_gmt":"2025-06-20T09:14:16","slug":"jungle-speed-eco","status":"publish","type":"product","link":"https:\/\/www.colossalstore.es\/en\/tienda\/juegos-de-mesa\/jungle-speed-eco\/","title":{"rendered":"Jungle Speed Eco"},"content":{"rendered":"<p>Jungle Speed Eco<\/p>\n<p>A top seller now with a new ecological and plastic-free 100% packaging!<\/p>\n<p><em>Jungle Speed was invented around 3000 years ago in subtropical Spidopotamia by the men of the Abulu tribe. This ethnic group competed in this fun way for the skins of their prey, playing with eucalyptus leaves. This ritual was transmitted in secret for centuries, until Tom and Yako, the last Abul\u00fa descendants, decided to reveal it to the world.<\/em><\/p>\n<p>The objective of the game is to get rid of all your cards as quickly as possible. The first player to achieve it will be named chief Abul\u00fa. The 70 cards are distributed as equally as possible, face down, among all the players and the Totem is placed in the center of the players, to which the players will have to bow as a sign of respect. The players reveal a card from their deck and place it in front of them, in turns (in the direction of the sun&#039;s path or, if it is night, clockwise), a card that they will cover in the following turn with another card. .<\/p>\n<p>When 2 players have two cards with identical symbols (the color does not matter), a duel will take place, with the winner being the one who manages to catch the Totem. The loser takes his opponent&#039;s discard pile, his discards and the pot (if any) and adds them to his deck.<\/p>\n<p>Now imagine all this at high speed and with special cards that modify the rules of the game!<\/p>\n<p>CONTENT<br \/>\nA Totem, 70 cards, a carrying bag and instructions in Spanish and Portuguese.<\/p>","protected":false},"excerpt":{"rendered":"<p>Jungle Speed Eco \u00a1Un top ventas ahora con un nuevo empaquetado 100% ecol\u00f3gico y sin pl\u00e1sticos! Jungle Speed fue inventado hace alrededor de 3000 a\u00f1os en la Spidopotamia subtropical por los hombres de la tribu Abul\u00fa. Esta \u00e9tnia se disputaba de esta manera tan divertida las pieles de sus presas, jugando con hojas de eucalipto. [&hellip;]<\/p>","protected":false},"featured_media":7787,"comment_status":"open","ping_status":"closed","template":"","meta":{"_joinchat":[]},"product_brand":[],"product_cat":[26],"product_tag":[],"class_list":{"0":"post-7786","1":"product","2":"type-product","3":"status-publish","4":"has-post-thumbnail","6":"product_cat-juegos-de-mesa","8":"first","9":"outofstock","10":"taxable","11":"shipping-taxable","12":"purchasable","13":"product-type-simple"},"yoast_head":"<!-- This site is optimized with the Yoast SEO plugin v25.7 - https:\/\/yoast.com\/wordpress\/plugins\/seo\/ -->\n<title>Jungle Speed Eco | Colossal Store<\/title>\n<meta name=\"description\" content=\"Jungle Speed Eco: \u00a1Un top ventas ahora con un nuevo empaquetado 100% ecol\u00f3gico y sin pl\u00e1sticos! Un T\u00f3tem, 70 cartas, una bolsa de transporte e instrucciones.\" \/>\n<meta name=\"robots\" content=\"index, follow, max-snippet:-1, max-image-preview:large, max-video-preview:-1\" \/>\n<link rel=\"canonical\" href=\"https:\/\/www.colossalstore.es\/en\/tienda\/juegos-de-mesa\/jungle-speed-eco\/\" \/>\n<meta property=\"og:locale\" content=\"en_US\" \/>\n<meta property=\"og:type\" content=\"article\" \/>\n<meta property=\"og:title\" content=\"Jungle Speed Eco | Colossal Store\" \/>\n<meta property=\"og:description\" content=\"Jungle Speed Eco: \u00a1Un top ventas ahora con un nuevo empaquetado 100% ecol\u00f3gico y sin pl\u00e1sticos! Un T\u00f3tem, 70 cartas, una bolsa de transporte e instrucciones.\" \/>\n<meta property=\"og:url\" content=\"https:\/\/www.colossalstore.es\/en\/tienda\/juegos-de-mesa\/jungle-speed-eco\/\" \/>\n<meta property=\"og:site_name\" content=\"Colossal Store\" \/>\n<meta property=\"article:modified_time\" content=\"2025-06-20T09:14:16+00:00\" \/>\n<meta property=\"og:image\" content=\"https:\/\/www.colossalstore.es\/wp-content\/uploads\/2024\/05\/Jungle-Speed-Eco.jpg\" \/>\n\t<meta property=\"og:image:width\" content=\"1075\" \/>\n\t<meta property=\"og:image:height\" content=\"1772\" \/>\n\t<meta property=\"og:image:type\" content=\"image\/jpeg\" \/>\n<meta name=\"twitter:card\" content=\"summary_large_image\" \/>\n<meta name=\"twitter:site\" content=\"@Colossal_Store\" \/>\n<meta name=\"twitter:label1\" content=\"Est. reading time\" \/>\n\t<meta name=\"twitter:data1\" content=\"2 minutes\" \/>\n<script type=\"application\/ld+json\" class=\"yoast-schema-graph\">{\"@context\":\"https:\/\/schema.org\",\"@graph\":[{\"@type\":\"WebPage\",\"@id\":\"https:\/\/www.colossalstore.es\/tienda\/juegos-de-mesa\/jungle-speed-eco\/\",\"url\":\"https:\/\/www.colossalstore.es\/tienda\/juegos-de-mesa\/jungle-speed-eco\/\",\"name\":\"Jungle Speed Eco | Colossal Store\",\"isPartOf\":{\"@id\":\"https:\/\/www.colossalstore.es\/#website\"},\"primaryImageOfPage\":{\"@id\":\"https:\/\/www.colossalstore.es\/tienda\/juegos-de-mesa\/jungle-speed-eco\/#primaryimage\"},\"image\":{\"@id\":\"https:\/\/www.colossalstore.es\/tienda\/juegos-de-mesa\/jungle-speed-eco\/#primaryimage\"},\"thumbnailUrl\":\"https:\/\/www.colossalstore.es\/wp-content\/uploads\/2024\/05\/Jungle-Speed-Eco.jpg\",\"datePublished\":\"2024-05-09T16:43:07+00:00\",\"dateModified\":\"2025-06-20T09:14:16+00:00\",\"description\":\"Jungle Speed Eco: \u00a1Un top ventas ahora con un nuevo empaquetado 100% ecol\u00f3gico y sin pl\u00e1sticos! Un T\u00f3tem, 70 cartas, una bolsa de transporte e instrucciones.\",\"breadcrumb\":{\"@id\":\"https:\/\/www.colossalstore.es\/tienda\/juegos-de-mesa\/jungle-speed-eco\/#breadcrumb\"},\"inLanguage\":\"en-US\",\"potentialAction\":[{\"@type\":\"ReadAction\",\"target\":[\"https:\/\/www.colossalstore.es\/tienda\/juegos-de-mesa\/jungle-speed-eco\/\"]}]},{\"@type\":\"ImageObject\",\"inLanguage\":\"en-US\",\"@id\":\"https:\/\/www.colossalstore.es\/tienda\/juegos-de-mesa\/jungle-speed-eco\/#primaryimage\",\"url\":\"https:\/\/www.colossalstore.es\/wp-content\/uploads\/2024\/05\/Jungle-Speed-Eco.jpg\",\"contentUrl\":\"https:\/\/www.colossalstore.es\/wp-content\/uploads\/2024\/05\/Jungle-Speed-Eco.jpg\",\"width\":1075,\"height\":1772,\"caption\":\"Version 1.0.0\"},{\"@type\":\"BreadcrumbList\",\"@id\":\"https:\/\/www.colossalstore.es\/tienda\/juegos-de-mesa\/jungle-speed-eco\/#breadcrumb\",\"itemListElement\":[{\"@type\":\"ListItem\",\"position\":1,\"name\":\"Home\",\"item\":\"https:\/\/www.colossalstore.es\/\"},{\"@type\":\"ListItem\",\"position\":2,\"name\":\"Tienda\",\"item\":\"https:\/\/www.colossalstore.es\/tienda\/\"},{\"@type\":\"ListItem\",\"position\":3,\"name\":\"Jungle Speed Eco\"}]},{\"@type\":\"WebSite\",\"@id\":\"https:\/\/www.colossalstore.es\/#website\",\"url\":\"https:\/\/www.colossalstore.es\/\",\"name\":\"Colossal Store\",\"description\":\"Colossal Store, tienda especializada en TCGs.\",\"publisher\":{\"@id\":\"https:\/\/www.colossalstore.es\/#organization\"},\"alternateName\":\"Colossal Store\",\"potentialAction\":[{\"@type\":\"SearchAction\",\"target\":{\"@type\":\"EntryPoint\",\"urlTemplate\":\"https:\/\/www.colossalstore.es\/?s={search_term_string}\"},\"query-input\":{\"@type\":\"PropertyValueSpecification\",\"valueRequired\":true,\"valueName\":\"search_term_string\"}}],\"inLanguage\":\"en-US\"},{\"@type\":\"Organization\",\"@id\":\"https:\/\/www.colossalstore.es\/#organization\",\"name\":\"Colossal Store\",\"url\":\"https:\/\/www.colossalstore.es\/\",\"logo\":{\"@type\":\"ImageObject\",\"inLanguage\":\"en-US\",\"@id\":\"https:\/\/www.colossalstore.es\/#\/schema\/logo\/image\/\",\"url\":\"https:\/\/www.colossalstore.es\/wp-content\/uploads\/2023\/05\/Colossal_Logo-02.png\",\"contentUrl\":\"https:\/\/www.colossalstore.es\/wp-content\/uploads\/2023\/05\/Colossal_Logo-02.png\",\"width\":1181,\"height\":1181,\"caption\":\"Colossal Store\"},\"image\":{\"@id\":\"https:\/\/www.colossalstore.es\/#\/schema\/logo\/image\/\"},\"sameAs\":[\"https:\/\/x.com\/Colossal_Store\",\"https:\/\/www.instagram.com\/colossal_store_tcg\/\",\"https:\/\/www.tiktok.com\/@colossalstore\"]}]}<\/script>\n<!-- \/ Yoast SEO plugin. -->","yoast_head_json":{"title":"Jungle Speed Eco | Colossal Store","description":"Jungle Speed Eco: \u00a1Un top ventas ahora con un nuevo empaquetado 100% ecol\u00f3gico y sin pl\u00e1sticos! Un T\u00f3tem, 70 cartas, una bolsa de transporte e instrucciones.","robots":{"index":"index","follow":"follow","max-snippet":"max-snippet:-1","max-image-preview":"max-image-preview:large","max-video-preview":"max-video-preview:-1"},"canonical":"https:\/\/www.colossalstore.es\/en\/tienda\/juegos-de-mesa\/jungle-speed-eco\/","og_locale":"en_US","og_type":"article","og_title":"Jungle Speed Eco | Colossal Store","og_description":"Jungle Speed Eco: \u00a1Un top ventas ahora con un nuevo empaquetado 100% ecol\u00f3gico y sin pl\u00e1sticos! Un T\u00f3tem, 70 cartas, una bolsa de transporte e instrucciones.","og_url":"https:\/\/www.colossalstore.es\/en\/tienda\/juegos-de-mesa\/jungle-speed-eco\/","og_site_name":"Colossal Store","article_modified_time":"2025-06-20T09:14:16+00:00","og_image":[{"width":1075,"height":1772,"url":"https:\/\/www.colossalstore.es\/wp-content\/uploads\/2024\/05\/Jungle-Speed-Eco.jpg","type":"image\/jpeg"}],"twitter_card":"summary_large_image","twitter_site":"@Colossal_Store","twitter_misc":{"Est. reading time":"2 minutes"},"schema":{"@context":"https:\/\/schema.org","@graph":[{"@type":"WebPage","@id":"https:\/\/www.colossalstore.es\/tienda\/juegos-de-mesa\/jungle-speed-eco\/","url":"https:\/\/www.colossalstore.es\/tienda\/juegos-de-mesa\/jungle-speed-eco\/","name":"Jungle Speed Eco | Colossal Store","isPartOf":{"@id":"https:\/\/www.colossalstore.es\/#website"},"primaryImageOfPage":{"@id":"https:\/\/www.colossalstore.es\/tienda\/juegos-de-mesa\/jungle-speed-eco\/#primaryimage"},"image":{"@id":"https:\/\/www.colossalstore.es\/tienda\/juegos-de-mesa\/jungle-speed-eco\/#primaryimage"},"thumbnailUrl":"https:\/\/www.colossalstore.es\/wp-content\/uploads\/2024\/05\/Jungle-Speed-Eco.jpg","datePublished":"2024-05-09T16:43:07+00:00","dateModified":"2025-06-20T09:14:16+00:00","description":"Jungle Speed Eco: \u00a1Un top ventas ahora con un nuevo empaquetado 100% ecol\u00f3gico y sin pl\u00e1sticos! Un T\u00f3tem, 70 cartas, una bolsa de transporte e instrucciones.","breadcrumb":{"@id":"https:\/\/www.colossalstore.es\/tienda\/juegos-de-mesa\/jungle-speed-eco\/#breadcrumb"},"inLanguage":"en-US","potentialAction":[{"@type":"ReadAction","target":["https:\/\/www.colossalstore.es\/tienda\/juegos-de-mesa\/jungle-speed-eco\/"]}]},{"@type":"ImageObject","inLanguage":"en-US","@id":"https:\/\/www.colossalstore.es\/tienda\/juegos-de-mesa\/jungle-speed-eco\/#primaryimage","url":"https:\/\/www.colossalstore.es\/wp-content\/uploads\/2024\/05\/Jungle-Speed-Eco.jpg","contentUrl":"https:\/\/www.colossalstore.es\/wp-content\/uploads\/2024\/05\/Jungle-Speed-Eco.jpg","width":1075,"height":1772,"caption":"Version 1.0.0"},{"@type":"BreadcrumbList","@id":"https:\/\/www.colossalstore.es\/tienda\/juegos-de-mesa\/jungle-speed-eco\/#breadcrumb","itemListElement":[{"@type":"ListItem","position":1,"name":"Home","item":"https:\/\/www.colossalstore.es\/"},{"@type":"ListItem","position":2,"name":"Tienda","item":"https:\/\/www.colossalstore.es\/tienda\/"},{"@type":"ListItem","position":3,"name":"Jungle Speed Eco"}]},{"@type":"WebSite","@id":"https:\/\/www.colossalstore.es\/#website","url":"https:\/\/www.colossalstore.es\/","name":"Colossal Store","description":"Colossal Store, store specialized in TCGs.","publisher":{"@id":"https:\/\/www.colossalstore.es\/#organization"},"alternateName":"Colossal Store","potentialAction":[{"@type":"SearchAction","target":{"@type":"EntryPoint","urlTemplate":"https:\/\/www.colossalstore.es\/?s={search_term_string}"},"query-input":{"@type":"PropertyValueSpecification","valueRequired":true,"valueName":"search_term_string"}}],"inLanguage":"en-US"},{"@type":"Organization","@id":"https:\/\/www.colossalstore.es\/#organization","name":"Colossal Store","url":"https:\/\/www.colossalstore.es\/","logo":{"@type":"ImageObject","inLanguage":"en-US","@id":"https:\/\/www.colossalstore.es\/#\/schema\/logo\/image\/","url":"https:\/\/www.colossalstore.es\/wp-content\/uploads\/2023\/05\/Colossal_Logo-02.png","contentUrl":"https:\/\/www.colossalstore.es\/wp-content\/uploads\/2023\/05\/Colossal_Logo-02.png","width":1181,"height":1181,"caption":"Colossal Store"},"image":{"@id":"https:\/\/www.colossalstore.es\/#\/schema\/logo\/image\/"},"sameAs":["https:\/\/x.com\/Colossal_Store","https:\/\/www.instagram.com\/colossal_store_tcg\/","https:\/\/www.tiktok.com\/@colossalstore"]}]}},"_links":{"self":[{"href":"https:\/\/www.colossalstore.es\/en\/wp-json\/wp\/v2\/product\/7786","targetHints":{"allow":["GET"]}}],"collection":[{"href":"https:\/\/www.colossalstore.es\/en\/wp-json\/wp\/v2\/product"}],"about":[{"href":"https:\/\/www.colossalstore.es\/en\/wp-json\/wp\/v2\/types\/product"}],"replies":[{"embeddable":true,"href":"https:\/\/www.colossalstore.es\/en\/wp-json\/wp\/v2\/comments?post=7786"}],"wp:featuredmedia":[{"embeddable":true,"href":"https:\/\/www.colossalstore.es\/en\/wp-json\/wp\/v2\/media\/7787"}],"wp:attachment":[{"href":"https:\/\/www.colossalstore.es\/en\/wp-json\/wp\/v2\/media?parent=7786"}],"wp:term":[{"taxonomy":"product_brand","embeddable":true,"href":"https:\/\/www.colossalstore.es\/en\/wp-json\/wp\/v2\/product_brand?post=7786"},{"taxonomy":"product_cat","embeddable":true,"href":"https:\/\/www.colossalstore.es\/en\/wp-json\/wp\/v2\/product_cat?post=7786"},{"taxonomy":"product_tag","embeddable":true,"href":"https:\/\/www.colossalstore.es\/en\/wp-json\/wp\/v2\/product_tag?post=7786"}],"curies":[{"name":"wp","href":"https:\/\/api.w.org\/{rel}","templated":true}]}}