{"id":7777,"date":"2024-05-08T19:13:40","date_gmt":"2024-05-08T17:13:40","guid":{"rendered":"https:\/\/www.colossalstore.es\/?post_type=product&#038;p=7777"},"modified":"2026-01-05T19:32:02","modified_gmt":"2026-01-05T18:32:02","slug":"jujutsu-kaisen-23-gege-akutami","status":"publish","type":"product","link":"https:\/\/www.colossalstore.es\/en\/tienda\/manga\/jujutsu-kaisen-23-gege-akutami\/","title":{"rendered":"JUJUTSU KAISEN 23"},"content":{"rendered":"<p>Jujutsu Kaisen 23 \u2013 Gege Akutami<\/p>\n<p>NEW REVELATIONS FROM SUKUNA!<\/p>\n<p>Sukuna has revealed that he himself is the Fallen One, Angel&#039;s target. Itadori and Fushiguro are still unable to understand the intentions behind this revelation when Kenjaku causes even more chaos to take over the Journey of Annihilation\u2026 by conspiring with several countries! Furthermore, Kenjaku finally arrives at the Temple of the Dying Stars, where Tengen is being held!<\/p>","protected":false},"excerpt":{"rendered":"<p>Jujutsu Kaisen 23 &#8211; Gege Akutami \u00a1NUEVAS REVELACIONES POR PARTE DE SUKUNA! Sukuna ha revelado que \u00e9l mismo es el ca\u00eddo, el objetivo de \u00c1ngel. Itadori y Fushiguro a\u00fan no han sido capaces de entender las intenciones de esta revelaci\u00f3n cuando Kenjaku hace que el caos se apodere todav\u00eda m\u00e1s del Viaje de Aniquilaci\u00f3n\u2026 \u00a1al [&hellip;]<\/p>","protected":false},"featured_media":7780,"comment_status":"open","ping_status":"closed","template":"","meta":{"_joinchat":[]},"product_brand":[],"product_cat":[32],"product_tag":[],"class_list":{"0":"post-7777","1":"product","2":"type-product","3":"status-publish","4":"has-post-thumbnail","6":"product_cat-manga","8":"first","9":"outofstock","10":"taxable","11":"shipping-taxable","12":"purchasable","13":"product-type-simple"},"yoast_head":"<!-- This site is optimized with the Yoast SEO plugin v25.7 - https:\/\/yoast.com\/wordpress\/plugins\/seo\/ -->\n<title>Jujutsu Kaisen 23 - Gege Akutami | Colossal Store<\/title>\n<meta name=\"description\" content=\"Jujutsu Kaisen 23 - Gege Akutami: \u00a1Kenjaku por fin llega al templo en el que mueren las estrellas, lugar donde Tengen se encuentra recluido!\" \/>\n<meta name=\"robots\" content=\"index, follow, max-snippet:-1, max-image-preview:large, max-video-preview:-1\" \/>\n<link rel=\"canonical\" href=\"https:\/\/www.colossalstore.es\/en\/tienda\/manga\/jujutsu-kaisen-23-gege-akutami\/\" \/>\n<meta property=\"og:locale\" content=\"en_US\" \/>\n<meta property=\"og:type\" content=\"article\" \/>\n<meta property=\"og:title\" content=\"Jujutsu Kaisen 23 - Gege Akutami | Colossal Store\" \/>\n<meta property=\"og:description\" content=\"Jujutsu Kaisen 23 - Gege Akutami: \u00a1Kenjaku por fin llega al templo en el que mueren las estrellas, lugar donde Tengen se encuentra recluido!\" \/>\n<meta property=\"og:url\" content=\"https:\/\/www.colossalstore.es\/en\/tienda\/manga\/jujutsu-kaisen-23-gege-akutami\/\" \/>\n<meta property=\"og:site_name\" content=\"Colossal Store\" \/>\n<meta property=\"article:modified_time\" content=\"2026-01-05T18:32:02+00:00\" \/>\n<meta property=\"og:image\" content=\"https:\/\/www.colossalstore.es\/wp-content\/uploads\/2024\/05\/Jujutsu-Kaisen-23-Gege-Akutami.jpeg\" \/>\n\t<meta property=\"og:image:width\" content=\"649\" \/>\n\t<meta property=\"og:image:height\" content=\"994\" \/>\n\t<meta property=\"og:image:type\" content=\"image\/jpeg\" \/>\n<meta name=\"twitter:card\" content=\"summary_large_image\" \/>\n<meta name=\"twitter:site\" content=\"@Colossal_Store\" \/>\n<meta name=\"twitter:label1\" content=\"Est. reading time\" \/>\n\t<meta name=\"twitter:data1\" content=\"1 minute\" \/>\n<script type=\"application\/ld+json\" class=\"yoast-schema-graph\">{\"@context\":\"https:\/\/schema.org\",\"@graph\":[{\"@type\":\"WebPage\",\"@id\":\"https:\/\/www.colossalstore.es\/tienda\/manga\/jujutsu-kaisen-23-gege-akutami\/\",\"url\":\"https:\/\/www.colossalstore.es\/tienda\/manga\/jujutsu-kaisen-23-gege-akutami\/\",\"name\":\"Jujutsu Kaisen 23 - Gege Akutami | Colossal Store\",\"isPartOf\":{\"@id\":\"https:\/\/www.colossalstore.es\/#website\"},\"primaryImageOfPage\":{\"@id\":\"https:\/\/www.colossalstore.es\/tienda\/manga\/jujutsu-kaisen-23-gege-akutami\/#primaryimage\"},\"image\":{\"@id\":\"https:\/\/www.colossalstore.es\/tienda\/manga\/jujutsu-kaisen-23-gege-akutami\/#primaryimage\"},\"thumbnailUrl\":\"https:\/\/www.colossalstore.es\/wp-content\/uploads\/2024\/05\/Jujutsu-Kaisen-23-Gege-Akutami.jpeg\",\"datePublished\":\"2024-05-08T17:13:40+00:00\",\"dateModified\":\"2026-01-05T18:32:02+00:00\",\"description\":\"Jujutsu Kaisen 23 - Gege Akutami: \u00a1Kenjaku por fin llega al templo en el que mueren las estrellas, lugar donde Tengen se encuentra recluido!\",\"breadcrumb\":{\"@id\":\"https:\/\/www.colossalstore.es\/tienda\/manga\/jujutsu-kaisen-23-gege-akutami\/#breadcrumb\"},\"inLanguage\":\"en-US\",\"potentialAction\":[{\"@type\":\"ReadAction\",\"target\":[\"https:\/\/www.colossalstore.es\/tienda\/manga\/jujutsu-kaisen-23-gege-akutami\/\"]}]},{\"@type\":\"ImageObject\",\"inLanguage\":\"en-US\",\"@id\":\"https:\/\/www.colossalstore.es\/tienda\/manga\/jujutsu-kaisen-23-gege-akutami\/#primaryimage\",\"url\":\"https:\/\/www.colossalstore.es\/wp-content\/uploads\/2024\/05\/Jujutsu-Kaisen-23-Gege-Akutami.jpeg\",\"contentUrl\":\"https:\/\/www.colossalstore.es\/wp-content\/uploads\/2024\/05\/Jujutsu-Kaisen-23-Gege-Akutami.jpeg\",\"width\":649,\"height\":994},{\"@type\":\"BreadcrumbList\",\"@id\":\"https:\/\/www.colossalstore.es\/tienda\/manga\/jujutsu-kaisen-23-gege-akutami\/#breadcrumb\",\"itemListElement\":[{\"@type\":\"ListItem\",\"position\":1,\"name\":\"Home\",\"item\":\"https:\/\/www.colossalstore.es\/\"},{\"@type\":\"ListItem\",\"position\":2,\"name\":\"Tienda\",\"item\":\"https:\/\/www.colossalstore.es\/tienda\/\"},{\"@type\":\"ListItem\",\"position\":3,\"name\":\"JUJUTSU KAISEN 23\"}]},{\"@type\":\"WebSite\",\"@id\":\"https:\/\/www.colossalstore.es\/#website\",\"url\":\"https:\/\/www.colossalstore.es\/\",\"name\":\"Colossal Store\",\"description\":\"Colossal Store, tienda especializada en TCGs.\",\"publisher\":{\"@id\":\"https:\/\/www.colossalstore.es\/#organization\"},\"alternateName\":\"Colossal Store\",\"potentialAction\":[{\"@type\":\"SearchAction\",\"target\":{\"@type\":\"EntryPoint\",\"urlTemplate\":\"https:\/\/www.colossalstore.es\/?s={search_term_string}\"},\"query-input\":{\"@type\":\"PropertyValueSpecification\",\"valueRequired\":true,\"valueName\":\"search_term_string\"}}],\"inLanguage\":\"en-US\"},{\"@type\":\"Organization\",\"@id\":\"https:\/\/www.colossalstore.es\/#organization\",\"name\":\"Colossal Store\",\"url\":\"https:\/\/www.colossalstore.es\/\",\"logo\":{\"@type\":\"ImageObject\",\"inLanguage\":\"en-US\",\"@id\":\"https:\/\/www.colossalstore.es\/#\/schema\/logo\/image\/\",\"url\":\"https:\/\/www.colossalstore.es\/wp-content\/uploads\/2023\/05\/Colossal_Logo-02.png\",\"contentUrl\":\"https:\/\/www.colossalstore.es\/wp-content\/uploads\/2023\/05\/Colossal_Logo-02.png\",\"width\":1181,\"height\":1181,\"caption\":\"Colossal Store\"},\"image\":{\"@id\":\"https:\/\/www.colossalstore.es\/#\/schema\/logo\/image\/\"},\"sameAs\":[\"https:\/\/x.com\/Colossal_Store\",\"https:\/\/www.instagram.com\/colossal_store_tcg\/\",\"https:\/\/www.tiktok.com\/@colossalstore\"]}]}<\/script>\n<!-- \/ Yoast SEO plugin. -->","yoast_head_json":{"title":"Jujutsu Kaisen 23 - Gege Akutami | Colossal Store","description":"Jujutsu Kaisen 23 - Gege Akutami: \u00a1Kenjaku por fin llega al templo en el que mueren las estrellas, lugar donde Tengen se encuentra recluido!","robots":{"index":"index","follow":"follow","max-snippet":"max-snippet:-1","max-image-preview":"max-image-preview:large","max-video-preview":"max-video-preview:-1"},"canonical":"https:\/\/www.colossalstore.es\/en\/tienda\/manga\/jujutsu-kaisen-23-gege-akutami\/","og_locale":"en_US","og_type":"article","og_title":"Jujutsu Kaisen 23 - Gege Akutami | Colossal Store","og_description":"Jujutsu Kaisen 23 - Gege Akutami: \u00a1Kenjaku por fin llega al templo en el que mueren las estrellas, lugar donde Tengen se encuentra recluido!","og_url":"https:\/\/www.colossalstore.es\/en\/tienda\/manga\/jujutsu-kaisen-23-gege-akutami\/","og_site_name":"Colossal Store","article_modified_time":"2026-01-05T18:32:02+00:00","og_image":[{"width":649,"height":994,"url":"https:\/\/www.colossalstore.es\/wp-content\/uploads\/2024\/05\/Jujutsu-Kaisen-23-Gege-Akutami.jpeg","type":"image\/jpeg"}],"twitter_card":"summary_large_image","twitter_site":"@Colossal_Store","twitter_misc":{"Est. reading time":"1 minute"},"schema":{"@context":"https:\/\/schema.org","@graph":[{"@type":"WebPage","@id":"https:\/\/www.colossalstore.es\/tienda\/manga\/jujutsu-kaisen-23-gege-akutami\/","url":"https:\/\/www.colossalstore.es\/tienda\/manga\/jujutsu-kaisen-23-gege-akutami\/","name":"Jujutsu Kaisen 23 - Gege Akutami | Colossal Store","isPartOf":{"@id":"https:\/\/www.colossalstore.es\/#website"},"primaryImageOfPage":{"@id":"https:\/\/www.colossalstore.es\/tienda\/manga\/jujutsu-kaisen-23-gege-akutami\/#primaryimage"},"image":{"@id":"https:\/\/www.colossalstore.es\/tienda\/manga\/jujutsu-kaisen-23-gege-akutami\/#primaryimage"},"thumbnailUrl":"https:\/\/www.colossalstore.es\/wp-content\/uploads\/2024\/05\/Jujutsu-Kaisen-23-Gege-Akutami.jpeg","datePublished":"2024-05-08T17:13:40+00:00","dateModified":"2026-01-05T18:32:02+00:00","description":"Jujutsu Kaisen 23 - Gege Akutami: \u00a1Kenjaku por fin llega al templo en el que mueren las estrellas, lugar donde Tengen se encuentra recluido!","breadcrumb":{"@id":"https:\/\/www.colossalstore.es\/tienda\/manga\/jujutsu-kaisen-23-gege-akutami\/#breadcrumb"},"inLanguage":"en-US","potentialAction":[{"@type":"ReadAction","target":["https:\/\/www.colossalstore.es\/tienda\/manga\/jujutsu-kaisen-23-gege-akutami\/"]}]},{"@type":"ImageObject","inLanguage":"en-US","@id":"https:\/\/www.colossalstore.es\/tienda\/manga\/jujutsu-kaisen-23-gege-akutami\/#primaryimage","url":"https:\/\/www.colossalstore.es\/wp-content\/uploads\/2024\/05\/Jujutsu-Kaisen-23-Gege-Akutami.jpeg","contentUrl":"https:\/\/www.colossalstore.es\/wp-content\/uploads\/2024\/05\/Jujutsu-Kaisen-23-Gege-Akutami.jpeg","width":649,"height":994},{"@type":"BreadcrumbList","@id":"https:\/\/www.colossalstore.es\/tienda\/manga\/jujutsu-kaisen-23-gege-akutami\/#breadcrumb","itemListElement":[{"@type":"ListItem","position":1,"name":"Home","item":"https:\/\/www.colossalstore.es\/"},{"@type":"ListItem","position":2,"name":"Tienda","item":"https:\/\/www.colossalstore.es\/tienda\/"},{"@type":"ListItem","position":3,"name":"JUJUTSU KAISEN 23"}]},{"@type":"WebSite","@id":"https:\/\/www.colossalstore.es\/#website","url":"https:\/\/www.colossalstore.es\/","name":"Colossal Store","description":"Colossal Store, store specialized in TCGs.","publisher":{"@id":"https:\/\/www.colossalstore.es\/#organization"},"alternateName":"Colossal Store","potentialAction":[{"@type":"SearchAction","target":{"@type":"EntryPoint","urlTemplate":"https:\/\/www.colossalstore.es\/?s={search_term_string}"},"query-input":{"@type":"PropertyValueSpecification","valueRequired":true,"valueName":"search_term_string"}}],"inLanguage":"en-US"},{"@type":"Organization","@id":"https:\/\/www.colossalstore.es\/#organization","name":"Colossal Store","url":"https:\/\/www.colossalstore.es\/","logo":{"@type":"ImageObject","inLanguage":"en-US","@id":"https:\/\/www.colossalstore.es\/#\/schema\/logo\/image\/","url":"https:\/\/www.colossalstore.es\/wp-content\/uploads\/2023\/05\/Colossal_Logo-02.png","contentUrl":"https:\/\/www.colossalstore.es\/wp-content\/uploads\/2023\/05\/Colossal_Logo-02.png","width":1181,"height":1181,"caption":"Colossal Store"},"image":{"@id":"https:\/\/www.colossalstore.es\/#\/schema\/logo\/image\/"},"sameAs":["https:\/\/x.com\/Colossal_Store","https:\/\/www.instagram.com\/colossal_store_tcg\/","https:\/\/www.tiktok.com\/@colossalstore"]}]}},"_links":{"self":[{"href":"https:\/\/www.colossalstore.es\/en\/wp-json\/wp\/v2\/product\/7777","targetHints":{"allow":["GET"]}}],"collection":[{"href":"https:\/\/www.colossalstore.es\/en\/wp-json\/wp\/v2\/product"}],"about":[{"href":"https:\/\/www.colossalstore.es\/en\/wp-json\/wp\/v2\/types\/product"}],"replies":[{"embeddable":true,"href":"https:\/\/www.colossalstore.es\/en\/wp-json\/wp\/v2\/comments?post=7777"}],"wp:featuredmedia":[{"embeddable":true,"href":"https:\/\/www.colossalstore.es\/en\/wp-json\/wp\/v2\/media\/7780"}],"wp:attachment":[{"href":"https:\/\/www.colossalstore.es\/en\/wp-json\/wp\/v2\/media?parent=7777"}],"wp:term":[{"taxonomy":"product_brand","embeddable":true,"href":"https:\/\/www.colossalstore.es\/en\/wp-json\/wp\/v2\/product_brand?post=7777"},{"taxonomy":"product_cat","embeddable":true,"href":"https:\/\/www.colossalstore.es\/en\/wp-json\/wp\/v2\/product_cat?post=7777"},{"taxonomy":"product_tag","embeddable":true,"href":"https:\/\/www.colossalstore.es\/en\/wp-json\/wp\/v2\/product_tag?post=7777"}],"curies":[{"name":"wp","href":"https:\/\/api.w.org\/{rel}","templated":true}]}}