{"id":7628,"date":"2024-04-17T18:45:41","date_gmt":"2024-04-17T16:45:41","guid":{"rendered":"https:\/\/www.colossalstore.es\/?post_type=product&#038;p=7628"},"modified":"2025-06-20T11:15:33","modified_gmt":"2025-06-20T09:15:33","slug":"mtg-booster-pack-outlaws-of-thunder-junction","status":"publish","type":"product","link":"https:\/\/www.colossalstore.es\/en\/tienda\/tcg\/magic-the-gathering\/mtg-booster-pack-outlaws-of-thunder-junction\/","title":{"rendered":"MTG Booster Pack Outlaws of Thunder Junction"},"content":{"rendered":"<p>MTG Commander Deck Outlaws of Thunder Junction<\/p>\n<p>Join the fun of the new Magic expansion!<\/p>\n<p>Con Outlaws of Thunder Junction, Wizards of the Coast se aleja de los antiguos mazos de Commander. Cada una de las leyendas \u00abcara\u00bb de estos mazos de Commander es una carta tradicional sin borde. Estas versiones tradicionales de las cartas \u00abcaras\u00bb s\u00f3lo se pueden encontrar en los mazos de Commander de Outlaws of Thunder Junction y en los sobres de muestra de coleccionista. Las versiones no foil tambi\u00e9n se pueden encontrar en los sobres de coleccionista.<\/p>","protected":false},"excerpt":{"rendered":"<p>MTG Commander Deck Outlaws of Thunder Junction \u00a1\u00danete a la diversi\u00f3n de la nueva expansi\u00f3n de Magic! Con Outlaws of Thunder Junction, Wizards of the Coast se aleja de los antiguos mazos de Commander. Cada una de las leyendas \u00abcara\u00bb de estos mazos de Commander es una carta tradicional sin borde. Estas versiones tradicionales de [&hellip;]<\/p>","protected":false},"featured_media":7629,"comment_status":"open","ping_status":"closed","template":"","meta":{"_joinchat":[]},"product_brand":[],"product_cat":[64,34],"product_tag":[],"class_list":{"0":"post-7628","1":"product","2":"type-product","3":"status-publish","4":"has-post-thumbnail","6":"product_cat-magic-the-gathering","7":"product_cat-tcg","9":"first","10":"outofstock","11":"taxable","12":"shipping-taxable","13":"purchasable","14":"product-type-simple"},"yoast_head":"<!-- This site is optimized with the Yoast SEO plugin v25.7 - https:\/\/yoast.com\/wordpress\/plugins\/seo\/ -->\n<title>MTG Commander Deck Outlaws of Thunder Junction | Colossal Store<\/title>\n<meta name=\"description\" content=\"MTG Commander Deck Outlaws of Thunder Junction: \u00a1\u00danete a la diversi\u00f3n de la nueva expansi\u00f3n de Magic, Outlaws of Thunder Junction!\" \/>\n<meta name=\"robots\" content=\"index, follow, max-snippet:-1, max-image-preview:large, max-video-preview:-1\" \/>\n<link rel=\"canonical\" href=\"https:\/\/www.colossalstore.es\/en\/tienda\/tcg\/magic-the-gathering\/mtg-booster-pack-outlaws-of-thunder-junction\/\" \/>\n<meta property=\"og:locale\" content=\"en_US\" \/>\n<meta property=\"og:type\" content=\"article\" \/>\n<meta property=\"og:title\" content=\"MTG Commander Deck Outlaws of Thunder Junction | Colossal Store\" \/>\n<meta property=\"og:description\" content=\"MTG Commander Deck Outlaws of Thunder Junction: \u00a1\u00danete a la diversi\u00f3n de la nueva expansi\u00f3n de Magic, Outlaws of Thunder Junction!\" \/>\n<meta property=\"og:url\" content=\"https:\/\/www.colossalstore.es\/en\/tienda\/tcg\/magic-the-gathering\/mtg-booster-pack-outlaws-of-thunder-junction\/\" \/>\n<meta property=\"og:site_name\" content=\"Colossal Store\" \/>\n<meta property=\"article:modified_time\" content=\"2025-06-20T09:15:33+00:00\" \/>\n<meta property=\"og:image\" content=\"https:\/\/www.colossalstore.es\/wp-content\/uploads\/2024\/04\/MTG-Booster-Pack-Outlaws-of-Thunder-Junction.jpg\" \/>\n\t<meta property=\"og:image:width\" content=\"1200\" \/>\n\t<meta property=\"og:image:height\" content=\"1200\" \/>\n\t<meta property=\"og:image:type\" content=\"image\/jpeg\" \/>\n<meta name=\"twitter:card\" content=\"summary_large_image\" \/>\n<meta name=\"twitter:site\" content=\"@Colossal_Store\" \/>\n<meta name=\"twitter:label1\" content=\"Est. reading time\" \/>\n\t<meta name=\"twitter:data1\" content=\"1 minute\" \/>\n<script type=\"application\/ld+json\" class=\"yoast-schema-graph\">{\"@context\":\"https:\/\/schema.org\",\"@graph\":[{\"@type\":\"WebPage\",\"@id\":\"https:\/\/www.colossalstore.es\/tienda\/tcg\/magic-the-gathering\/mtg-booster-pack-outlaws-of-thunder-junction\/\",\"url\":\"https:\/\/www.colossalstore.es\/tienda\/tcg\/magic-the-gathering\/mtg-booster-pack-outlaws-of-thunder-junction\/\",\"name\":\"MTG Commander Deck Outlaws of Thunder Junction | Colossal Store\",\"isPartOf\":{\"@id\":\"https:\/\/www.colossalstore.es\/#website\"},\"primaryImageOfPage\":{\"@id\":\"https:\/\/www.colossalstore.es\/tienda\/tcg\/magic-the-gathering\/mtg-booster-pack-outlaws-of-thunder-junction\/#primaryimage\"},\"image\":{\"@id\":\"https:\/\/www.colossalstore.es\/tienda\/tcg\/magic-the-gathering\/mtg-booster-pack-outlaws-of-thunder-junction\/#primaryimage\"},\"thumbnailUrl\":\"https:\/\/www.colossalstore.es\/wp-content\/uploads\/2024\/04\/MTG-Booster-Pack-Outlaws-of-Thunder-Junction.jpg\",\"datePublished\":\"2024-04-17T16:45:41+00:00\",\"dateModified\":\"2025-06-20T09:15:33+00:00\",\"description\":\"MTG Commander Deck Outlaws of Thunder Junction: \u00a1\u00danete a la diversi\u00f3n de la nueva expansi\u00f3n de Magic, Outlaws of Thunder Junction!\",\"breadcrumb\":{\"@id\":\"https:\/\/www.colossalstore.es\/tienda\/tcg\/magic-the-gathering\/mtg-booster-pack-outlaws-of-thunder-junction\/#breadcrumb\"},\"inLanguage\":\"en-US\",\"potentialAction\":[{\"@type\":\"ReadAction\",\"target\":[\"https:\/\/www.colossalstore.es\/tienda\/tcg\/magic-the-gathering\/mtg-booster-pack-outlaws-of-thunder-junction\/\"]}]},{\"@type\":\"ImageObject\",\"inLanguage\":\"en-US\",\"@id\":\"https:\/\/www.colossalstore.es\/tienda\/tcg\/magic-the-gathering\/mtg-booster-pack-outlaws-of-thunder-junction\/#primaryimage\",\"url\":\"https:\/\/www.colossalstore.es\/wp-content\/uploads\/2024\/04\/MTG-Booster-Pack-Outlaws-of-Thunder-Junction.jpg\",\"contentUrl\":\"https:\/\/www.colossalstore.es\/wp-content\/uploads\/2024\/04\/MTG-Booster-Pack-Outlaws-of-Thunder-Junction.jpg\",\"width\":1200,\"height\":1200},{\"@type\":\"BreadcrumbList\",\"@id\":\"https:\/\/www.colossalstore.es\/tienda\/tcg\/magic-the-gathering\/mtg-booster-pack-outlaws-of-thunder-junction\/#breadcrumb\",\"itemListElement\":[{\"@type\":\"ListItem\",\"position\":1,\"name\":\"Home\",\"item\":\"https:\/\/www.colossalstore.es\/\"},{\"@type\":\"ListItem\",\"position\":2,\"name\":\"Tienda\",\"item\":\"https:\/\/www.colossalstore.es\/tienda\/\"},{\"@type\":\"ListItem\",\"position\":3,\"name\":\"MTG Booster Pack Outlaws of Thunder Junction\"}]},{\"@type\":\"WebSite\",\"@id\":\"https:\/\/www.colossalstore.es\/#website\",\"url\":\"https:\/\/www.colossalstore.es\/\",\"name\":\"Colossal Store\",\"description\":\"Colossal Store, tienda especializada en TCGs.\",\"publisher\":{\"@id\":\"https:\/\/www.colossalstore.es\/#organization\"},\"alternateName\":\"Colossal Store\",\"potentialAction\":[{\"@type\":\"SearchAction\",\"target\":{\"@type\":\"EntryPoint\",\"urlTemplate\":\"https:\/\/www.colossalstore.es\/?s={search_term_string}\"},\"query-input\":{\"@type\":\"PropertyValueSpecification\",\"valueRequired\":true,\"valueName\":\"search_term_string\"}}],\"inLanguage\":\"en-US\"},{\"@type\":\"Organization\",\"@id\":\"https:\/\/www.colossalstore.es\/#organization\",\"name\":\"Colossal Store\",\"url\":\"https:\/\/www.colossalstore.es\/\",\"logo\":{\"@type\":\"ImageObject\",\"inLanguage\":\"en-US\",\"@id\":\"https:\/\/www.colossalstore.es\/#\/schema\/logo\/image\/\",\"url\":\"https:\/\/www.colossalstore.es\/wp-content\/uploads\/2023\/05\/Colossal_Logo-02.png\",\"contentUrl\":\"https:\/\/www.colossalstore.es\/wp-content\/uploads\/2023\/05\/Colossal_Logo-02.png\",\"width\":1181,\"height\":1181,\"caption\":\"Colossal Store\"},\"image\":{\"@id\":\"https:\/\/www.colossalstore.es\/#\/schema\/logo\/image\/\"},\"sameAs\":[\"https:\/\/x.com\/Colossal_Store\",\"https:\/\/www.instagram.com\/colossal_store_tcg\/\",\"https:\/\/www.tiktok.com\/@colossalstore\"]}]}<\/script>\n<!-- \/ Yoast SEO plugin. -->","yoast_head_json":{"title":"MTG Commander Deck Outlaws of Thunder Junction | Colossal Store","description":"MTG Commander Deck Outlaws of Thunder Junction: \u00a1\u00danete a la diversi\u00f3n de la nueva expansi\u00f3n de Magic, Outlaws of Thunder Junction!","robots":{"index":"index","follow":"follow","max-snippet":"max-snippet:-1","max-image-preview":"max-image-preview:large","max-video-preview":"max-video-preview:-1"},"canonical":"https:\/\/www.colossalstore.es\/en\/tienda\/tcg\/magic-the-gathering\/mtg-booster-pack-outlaws-of-thunder-junction\/","og_locale":"en_US","og_type":"article","og_title":"MTG Commander Deck Outlaws of Thunder Junction | Colossal Store","og_description":"MTG Commander Deck Outlaws of Thunder Junction: \u00a1\u00danete a la diversi\u00f3n de la nueva expansi\u00f3n de Magic, Outlaws of Thunder Junction!","og_url":"https:\/\/www.colossalstore.es\/en\/tienda\/tcg\/magic-the-gathering\/mtg-booster-pack-outlaws-of-thunder-junction\/","og_site_name":"Colossal Store","article_modified_time":"2025-06-20T09:15:33+00:00","og_image":[{"width":1200,"height":1200,"url":"https:\/\/www.colossalstore.es\/wp-content\/uploads\/2024\/04\/MTG-Booster-Pack-Outlaws-of-Thunder-Junction.jpg","type":"image\/jpeg"}],"twitter_card":"summary_large_image","twitter_site":"@Colossal_Store","twitter_misc":{"Est. reading time":"1 minute"},"schema":{"@context":"https:\/\/schema.org","@graph":[{"@type":"WebPage","@id":"https:\/\/www.colossalstore.es\/tienda\/tcg\/magic-the-gathering\/mtg-booster-pack-outlaws-of-thunder-junction\/","url":"https:\/\/www.colossalstore.es\/tienda\/tcg\/magic-the-gathering\/mtg-booster-pack-outlaws-of-thunder-junction\/","name":"MTG Commander Deck Outlaws of Thunder Junction | Colossal Store","isPartOf":{"@id":"https:\/\/www.colossalstore.es\/#website"},"primaryImageOfPage":{"@id":"https:\/\/www.colossalstore.es\/tienda\/tcg\/magic-the-gathering\/mtg-booster-pack-outlaws-of-thunder-junction\/#primaryimage"},"image":{"@id":"https:\/\/www.colossalstore.es\/tienda\/tcg\/magic-the-gathering\/mtg-booster-pack-outlaws-of-thunder-junction\/#primaryimage"},"thumbnailUrl":"https:\/\/www.colossalstore.es\/wp-content\/uploads\/2024\/04\/MTG-Booster-Pack-Outlaws-of-Thunder-Junction.jpg","datePublished":"2024-04-17T16:45:41+00:00","dateModified":"2025-06-20T09:15:33+00:00","description":"MTG Commander Deck Outlaws of Thunder Junction: \u00a1\u00danete a la diversi\u00f3n de la nueva expansi\u00f3n de Magic, Outlaws of Thunder Junction!","breadcrumb":{"@id":"https:\/\/www.colossalstore.es\/tienda\/tcg\/magic-the-gathering\/mtg-booster-pack-outlaws-of-thunder-junction\/#breadcrumb"},"inLanguage":"en-US","potentialAction":[{"@type":"ReadAction","target":["https:\/\/www.colossalstore.es\/tienda\/tcg\/magic-the-gathering\/mtg-booster-pack-outlaws-of-thunder-junction\/"]}]},{"@type":"ImageObject","inLanguage":"en-US","@id":"https:\/\/www.colossalstore.es\/tienda\/tcg\/magic-the-gathering\/mtg-booster-pack-outlaws-of-thunder-junction\/#primaryimage","url":"https:\/\/www.colossalstore.es\/wp-content\/uploads\/2024\/04\/MTG-Booster-Pack-Outlaws-of-Thunder-Junction.jpg","contentUrl":"https:\/\/www.colossalstore.es\/wp-content\/uploads\/2024\/04\/MTG-Booster-Pack-Outlaws-of-Thunder-Junction.jpg","width":1200,"height":1200},{"@type":"BreadcrumbList","@id":"https:\/\/www.colossalstore.es\/tienda\/tcg\/magic-the-gathering\/mtg-booster-pack-outlaws-of-thunder-junction\/#breadcrumb","itemListElement":[{"@type":"ListItem","position":1,"name":"Home","item":"https:\/\/www.colossalstore.es\/"},{"@type":"ListItem","position":2,"name":"Tienda","item":"https:\/\/www.colossalstore.es\/tienda\/"},{"@type":"ListItem","position":3,"name":"MTG Booster Pack Outlaws of Thunder Junction"}]},{"@type":"WebSite","@id":"https:\/\/www.colossalstore.es\/#website","url":"https:\/\/www.colossalstore.es\/","name":"Colossal Store","description":"Colossal Store, store specialized in TCGs.","publisher":{"@id":"https:\/\/www.colossalstore.es\/#organization"},"alternateName":"Colossal Store","potentialAction":[{"@type":"SearchAction","target":{"@type":"EntryPoint","urlTemplate":"https:\/\/www.colossalstore.es\/?s={search_term_string}"},"query-input":{"@type":"PropertyValueSpecification","valueRequired":true,"valueName":"search_term_string"}}],"inLanguage":"en-US"},{"@type":"Organization","@id":"https:\/\/www.colossalstore.es\/#organization","name":"Colossal Store","url":"https:\/\/www.colossalstore.es\/","logo":{"@type":"ImageObject","inLanguage":"en-US","@id":"https:\/\/www.colossalstore.es\/#\/schema\/logo\/image\/","url":"https:\/\/www.colossalstore.es\/wp-content\/uploads\/2023\/05\/Colossal_Logo-02.png","contentUrl":"https:\/\/www.colossalstore.es\/wp-content\/uploads\/2023\/05\/Colossal_Logo-02.png","width":1181,"height":1181,"caption":"Colossal Store"},"image":{"@id":"https:\/\/www.colossalstore.es\/#\/schema\/logo\/image\/"},"sameAs":["https:\/\/x.com\/Colossal_Store","https:\/\/www.instagram.com\/colossal_store_tcg\/","https:\/\/www.tiktok.com\/@colossalstore"]}]}},"_links":{"self":[{"href":"https:\/\/www.colossalstore.es\/en\/wp-json\/wp\/v2\/product\/7628","targetHints":{"allow":["GET"]}}],"collection":[{"href":"https:\/\/www.colossalstore.es\/en\/wp-json\/wp\/v2\/product"}],"about":[{"href":"https:\/\/www.colossalstore.es\/en\/wp-json\/wp\/v2\/types\/product"}],"replies":[{"embeddable":true,"href":"https:\/\/www.colossalstore.es\/en\/wp-json\/wp\/v2\/comments?post=7628"}],"wp:featuredmedia":[{"embeddable":true,"href":"https:\/\/www.colossalstore.es\/en\/wp-json\/wp\/v2\/media\/7629"}],"wp:attachment":[{"href":"https:\/\/www.colossalstore.es\/en\/wp-json\/wp\/v2\/media?parent=7628"}],"wp:term":[{"taxonomy":"product_brand","embeddable":true,"href":"https:\/\/www.colossalstore.es\/en\/wp-json\/wp\/v2\/product_brand?post=7628"},{"taxonomy":"product_cat","embeddable":true,"href":"https:\/\/www.colossalstore.es\/en\/wp-json\/wp\/v2\/product_cat?post=7628"},{"taxonomy":"product_tag","embeddable":true,"href":"https:\/\/www.colossalstore.es\/en\/wp-json\/wp\/v2\/product_tag?post=7628"}],"curies":[{"name":"wp","href":"https:\/\/api.w.org\/{rel}","templated":true}]}}