{"id":7609,"date":"2024-04-10T13:00:42","date_gmt":"2024-04-10T11:00:42","guid":{"rendered":"https:\/\/www.colossalstore.es\/?post_type=product&#038;p=7609"},"modified":"2025-06-20T11:15:33","modified_gmt":"2025-06-20T09:15:33","slug":"gamegenic-sidekick-100-xl-black","status":"publish","type":"product","link":"https:\/\/www.colossalstore.es\/en\/tienda\/tcg\/accesorios\/gamegenic-sidekick-100-xl-black\/","title":{"rendered":"Gamegenic Sidekick 100+ XL Black"},"content":{"rendered":"<p>Gamegenic Sidekick 100+ XL Black<\/p>\n<ul>\n<li>Designed to hold up to\u00a0<strong>100<\/strong> Double sleeved cards with thick inner sleeves.<\/li>\n<li>Inside fits 100 standard double-sleeved cards, plus tokens or a Commander deck** with thicker inner sleeves.<\/li>\n<li>Side loading: cards are stored horizontally<\/li>\n<li>The lid, which is completely removable, attaches to the bottom and saves considerable space on the gaming table.<\/li>\n<li>Flexibility: you can place it in many different ways once opened<\/li>\n<li>Rigid and durable box<\/li>\n<li>Powerful magnets for secure and precise closure<\/li>\n<li>Made with Nexofyber and microfiber interior lining<\/li>\n<li>Fully compatible with convertible storage solutions such as Dungeon<\/li>\n<\/ul>","protected":false},"excerpt":{"rendered":"<p>Gamegenic Sidekick 100+ XL Black Dise\u00f1ada con capacidad para hasta\u00a0100 cartas en doble funda con fundas interiores gruesas. Dentro caben 100 cartas est\u00e1ndar en doble funda y, adem\u00e1s, fichas o un mazo Commander** con fundas interiores m\u00e1s gruesas Carga lateral: las cartas se almacenan horizontalmente La tapa, que es completamente extra\u00edble, se acopla a la [&hellip;]<\/p>","protected":false},"featured_media":7610,"comment_status":"open","ping_status":"closed","template":"","meta":{"_joinchat":[]},"product_brand":[],"product_cat":[35],"product_tag":[],"class_list":{"0":"post-7609","1":"product","2":"type-product","3":"status-publish","4":"has-post-thumbnail","6":"product_cat-accesorios","8":"first","9":"outofstock","10":"taxable","11":"shipping-taxable","12":"purchasable","13":"product-type-simple"},"yoast_head":"<!-- This site is optimized with the Yoast SEO plugin v25.7 - https:\/\/yoast.com\/wordpress\/plugins\/seo\/ -->\n<title>Gamegenic Sidekick 100+ XL Black | Colossal Store<\/title>\n<meta name=\"description\" content=\"Gamegenic Sidekick 100+ XL Black: Dise\u00f1ada con capacidad para hasta\u00a0100 cartas en doble funda con fundas interiores gruesas.\" \/>\n<meta name=\"robots\" content=\"index, follow, max-snippet:-1, max-image-preview:large, max-video-preview:-1\" \/>\n<link rel=\"canonical\" href=\"https:\/\/www.colossalstore.es\/en\/tienda\/tcg\/accesorios\/gamegenic-sidekick-100-xl-black\/\" \/>\n<meta property=\"og:locale\" content=\"en_US\" \/>\n<meta property=\"og:type\" content=\"article\" \/>\n<meta property=\"og:title\" content=\"Gamegenic Sidekick 100+ XL Black | Colossal Store\" \/>\n<meta property=\"og:description\" content=\"Gamegenic Sidekick 100+ XL Black: Dise\u00f1ada con capacidad para hasta\u00a0100 cartas en doble funda con fundas interiores gruesas.\" \/>\n<meta property=\"og:url\" content=\"https:\/\/www.colossalstore.es\/en\/tienda\/tcg\/accesorios\/gamegenic-sidekick-100-xl-black\/\" \/>\n<meta property=\"og:site_name\" content=\"Colossal Store\" \/>\n<meta property=\"article:modified_time\" content=\"2025-06-20T09:15:33+00:00\" \/>\n<meta property=\"og:image\" content=\"https:\/\/www.colossalstore.es\/wp-content\/uploads\/2024\/04\/gamegenic-ggs20136ml-gg-sidekick-100-xl-black.jpg\" \/>\n\t<meta property=\"og:image:width\" content=\"800\" \/>\n\t<meta property=\"og:image:height\" content=\"800\" \/>\n\t<meta property=\"og:image:type\" content=\"image\/jpeg\" \/>\n<meta name=\"twitter:card\" content=\"summary_large_image\" \/>\n<meta name=\"twitter:site\" content=\"@Colossal_Store\" \/>\n<meta name=\"twitter:label1\" content=\"Est. reading time\" \/>\n\t<meta name=\"twitter:data1\" content=\"1 minute\" \/>\n<script type=\"application\/ld+json\" class=\"yoast-schema-graph\">{\"@context\":\"https:\/\/schema.org\",\"@graph\":[{\"@type\":\"WebPage\",\"@id\":\"https:\/\/www.colossalstore.es\/tienda\/tcg\/accesorios\/gamegenic-sidekick-100-xl-black\/\",\"url\":\"https:\/\/www.colossalstore.es\/tienda\/tcg\/accesorios\/gamegenic-sidekick-100-xl-black\/\",\"name\":\"Gamegenic Sidekick 100+ XL Black | Colossal Store\",\"isPartOf\":{\"@id\":\"https:\/\/www.colossalstore.es\/#website\"},\"primaryImageOfPage\":{\"@id\":\"https:\/\/www.colossalstore.es\/tienda\/tcg\/accesorios\/gamegenic-sidekick-100-xl-black\/#primaryimage\"},\"image\":{\"@id\":\"https:\/\/www.colossalstore.es\/tienda\/tcg\/accesorios\/gamegenic-sidekick-100-xl-black\/#primaryimage\"},\"thumbnailUrl\":\"https:\/\/www.colossalstore.es\/wp-content\/uploads\/2024\/04\/gamegenic-ggs20136ml-gg-sidekick-100-xl-black.jpg\",\"datePublished\":\"2024-04-10T11:00:42+00:00\",\"dateModified\":\"2025-06-20T09:15:33+00:00\",\"description\":\"Gamegenic Sidekick 100+ XL Black: Dise\u00f1ada con capacidad para hasta\u00a0100 cartas en doble funda con fundas interiores gruesas.\",\"breadcrumb\":{\"@id\":\"https:\/\/www.colossalstore.es\/tienda\/tcg\/accesorios\/gamegenic-sidekick-100-xl-black\/#breadcrumb\"},\"inLanguage\":\"en-US\",\"potentialAction\":[{\"@type\":\"ReadAction\",\"target\":[\"https:\/\/www.colossalstore.es\/tienda\/tcg\/accesorios\/gamegenic-sidekick-100-xl-black\/\"]}]},{\"@type\":\"ImageObject\",\"inLanguage\":\"en-US\",\"@id\":\"https:\/\/www.colossalstore.es\/tienda\/tcg\/accesorios\/gamegenic-sidekick-100-xl-black\/#primaryimage\",\"url\":\"https:\/\/www.colossalstore.es\/wp-content\/uploads\/2024\/04\/gamegenic-ggs20136ml-gg-sidekick-100-xl-black.jpg\",\"contentUrl\":\"https:\/\/www.colossalstore.es\/wp-content\/uploads\/2024\/04\/gamegenic-ggs20136ml-gg-sidekick-100-xl-black.jpg\",\"width\":800,\"height\":800},{\"@type\":\"BreadcrumbList\",\"@id\":\"https:\/\/www.colossalstore.es\/tienda\/tcg\/accesorios\/gamegenic-sidekick-100-xl-black\/#breadcrumb\",\"itemListElement\":[{\"@type\":\"ListItem\",\"position\":1,\"name\":\"Home\",\"item\":\"https:\/\/www.colossalstore.es\/\"},{\"@type\":\"ListItem\",\"position\":2,\"name\":\"Tienda\",\"item\":\"https:\/\/www.colossalstore.es\/tienda\/\"},{\"@type\":\"ListItem\",\"position\":3,\"name\":\"Gamegenic Sidekick 100+ XL Black\"}]},{\"@type\":\"WebSite\",\"@id\":\"https:\/\/www.colossalstore.es\/#website\",\"url\":\"https:\/\/www.colossalstore.es\/\",\"name\":\"Colossal Store\",\"description\":\"Colossal Store, tienda especializada en TCGs.\",\"publisher\":{\"@id\":\"https:\/\/www.colossalstore.es\/#organization\"},\"alternateName\":\"Colossal Store\",\"potentialAction\":[{\"@type\":\"SearchAction\",\"target\":{\"@type\":\"EntryPoint\",\"urlTemplate\":\"https:\/\/www.colossalstore.es\/?s={search_term_string}\"},\"query-input\":{\"@type\":\"PropertyValueSpecification\",\"valueRequired\":true,\"valueName\":\"search_term_string\"}}],\"inLanguage\":\"en-US\"},{\"@type\":\"Organization\",\"@id\":\"https:\/\/www.colossalstore.es\/#organization\",\"name\":\"Colossal Store\",\"url\":\"https:\/\/www.colossalstore.es\/\",\"logo\":{\"@type\":\"ImageObject\",\"inLanguage\":\"en-US\",\"@id\":\"https:\/\/www.colossalstore.es\/#\/schema\/logo\/image\/\",\"url\":\"https:\/\/www.colossalstore.es\/wp-content\/uploads\/2023\/05\/Colossal_Logo-02.png\",\"contentUrl\":\"https:\/\/www.colossalstore.es\/wp-content\/uploads\/2023\/05\/Colossal_Logo-02.png\",\"width\":1181,\"height\":1181,\"caption\":\"Colossal Store\"},\"image\":{\"@id\":\"https:\/\/www.colossalstore.es\/#\/schema\/logo\/image\/\"},\"sameAs\":[\"https:\/\/x.com\/Colossal_Store\",\"https:\/\/www.instagram.com\/colossal_store_tcg\/\",\"https:\/\/www.tiktok.com\/@colossalstore\"]}]}<\/script>\n<!-- \/ Yoast SEO plugin. -->","yoast_head_json":{"title":"Gamegenic Sidekick 100+ XL Black | Colossal Store","description":"Gamegenic Sidekick 100+ XL Black: Dise\u00f1ada con capacidad para hasta\u00a0100 cartas en doble funda con fundas interiores gruesas.","robots":{"index":"index","follow":"follow","max-snippet":"max-snippet:-1","max-image-preview":"max-image-preview:large","max-video-preview":"max-video-preview:-1"},"canonical":"https:\/\/www.colossalstore.es\/en\/tienda\/tcg\/accesorios\/gamegenic-sidekick-100-xl-black\/","og_locale":"en_US","og_type":"article","og_title":"Gamegenic Sidekick 100+ XL Black | Colossal Store","og_description":"Gamegenic Sidekick 100+ XL Black: Dise\u00f1ada con capacidad para hasta\u00a0100 cartas en doble funda con fundas interiores gruesas.","og_url":"https:\/\/www.colossalstore.es\/en\/tienda\/tcg\/accesorios\/gamegenic-sidekick-100-xl-black\/","og_site_name":"Colossal Store","article_modified_time":"2025-06-20T09:15:33+00:00","og_image":[{"width":800,"height":800,"url":"https:\/\/www.colossalstore.es\/wp-content\/uploads\/2024\/04\/gamegenic-ggs20136ml-gg-sidekick-100-xl-black.jpg","type":"image\/jpeg"}],"twitter_card":"summary_large_image","twitter_site":"@Colossal_Store","twitter_misc":{"Est. reading time":"1 minute"},"schema":{"@context":"https:\/\/schema.org","@graph":[{"@type":"WebPage","@id":"https:\/\/www.colossalstore.es\/tienda\/tcg\/accesorios\/gamegenic-sidekick-100-xl-black\/","url":"https:\/\/www.colossalstore.es\/tienda\/tcg\/accesorios\/gamegenic-sidekick-100-xl-black\/","name":"Gamegenic Sidekick 100+ XL Black | Colossal Store","isPartOf":{"@id":"https:\/\/www.colossalstore.es\/#website"},"primaryImageOfPage":{"@id":"https:\/\/www.colossalstore.es\/tienda\/tcg\/accesorios\/gamegenic-sidekick-100-xl-black\/#primaryimage"},"image":{"@id":"https:\/\/www.colossalstore.es\/tienda\/tcg\/accesorios\/gamegenic-sidekick-100-xl-black\/#primaryimage"},"thumbnailUrl":"https:\/\/www.colossalstore.es\/wp-content\/uploads\/2024\/04\/gamegenic-ggs20136ml-gg-sidekick-100-xl-black.jpg","datePublished":"2024-04-10T11:00:42+00:00","dateModified":"2025-06-20T09:15:33+00:00","description":"Gamegenic Sidekick 100+ XL Black: Dise\u00f1ada con capacidad para hasta\u00a0100 cartas en doble funda con fundas interiores gruesas.","breadcrumb":{"@id":"https:\/\/www.colossalstore.es\/tienda\/tcg\/accesorios\/gamegenic-sidekick-100-xl-black\/#breadcrumb"},"inLanguage":"en-US","potentialAction":[{"@type":"ReadAction","target":["https:\/\/www.colossalstore.es\/tienda\/tcg\/accesorios\/gamegenic-sidekick-100-xl-black\/"]}]},{"@type":"ImageObject","inLanguage":"en-US","@id":"https:\/\/www.colossalstore.es\/tienda\/tcg\/accesorios\/gamegenic-sidekick-100-xl-black\/#primaryimage","url":"https:\/\/www.colossalstore.es\/wp-content\/uploads\/2024\/04\/gamegenic-ggs20136ml-gg-sidekick-100-xl-black.jpg","contentUrl":"https:\/\/www.colossalstore.es\/wp-content\/uploads\/2024\/04\/gamegenic-ggs20136ml-gg-sidekick-100-xl-black.jpg","width":800,"height":800},{"@type":"BreadcrumbList","@id":"https:\/\/www.colossalstore.es\/tienda\/tcg\/accesorios\/gamegenic-sidekick-100-xl-black\/#breadcrumb","itemListElement":[{"@type":"ListItem","position":1,"name":"Home","item":"https:\/\/www.colossalstore.es\/"},{"@type":"ListItem","position":2,"name":"Tienda","item":"https:\/\/www.colossalstore.es\/tienda\/"},{"@type":"ListItem","position":3,"name":"Gamegenic Sidekick 100+ XL Black"}]},{"@type":"WebSite","@id":"https:\/\/www.colossalstore.es\/#website","url":"https:\/\/www.colossalstore.es\/","name":"Colossal Store","description":"Colossal Store, store specialized in TCGs.","publisher":{"@id":"https:\/\/www.colossalstore.es\/#organization"},"alternateName":"Colossal Store","potentialAction":[{"@type":"SearchAction","target":{"@type":"EntryPoint","urlTemplate":"https:\/\/www.colossalstore.es\/?s={search_term_string}"},"query-input":{"@type":"PropertyValueSpecification","valueRequired":true,"valueName":"search_term_string"}}],"inLanguage":"en-US"},{"@type":"Organization","@id":"https:\/\/www.colossalstore.es\/#organization","name":"Colossal Store","url":"https:\/\/www.colossalstore.es\/","logo":{"@type":"ImageObject","inLanguage":"en-US","@id":"https:\/\/www.colossalstore.es\/#\/schema\/logo\/image\/","url":"https:\/\/www.colossalstore.es\/wp-content\/uploads\/2023\/05\/Colossal_Logo-02.png","contentUrl":"https:\/\/www.colossalstore.es\/wp-content\/uploads\/2023\/05\/Colossal_Logo-02.png","width":1181,"height":1181,"caption":"Colossal Store"},"image":{"@id":"https:\/\/www.colossalstore.es\/#\/schema\/logo\/image\/"},"sameAs":["https:\/\/x.com\/Colossal_Store","https:\/\/www.instagram.com\/colossal_store_tcg\/","https:\/\/www.tiktok.com\/@colossalstore"]}]}},"_links":{"self":[{"href":"https:\/\/www.colossalstore.es\/en\/wp-json\/wp\/v2\/product\/7609","targetHints":{"allow":["GET"]}}],"collection":[{"href":"https:\/\/www.colossalstore.es\/en\/wp-json\/wp\/v2\/product"}],"about":[{"href":"https:\/\/www.colossalstore.es\/en\/wp-json\/wp\/v2\/types\/product"}],"replies":[{"embeddable":true,"href":"https:\/\/www.colossalstore.es\/en\/wp-json\/wp\/v2\/comments?post=7609"}],"wp:featuredmedia":[{"embeddable":true,"href":"https:\/\/www.colossalstore.es\/en\/wp-json\/wp\/v2\/media\/7610"}],"wp:attachment":[{"href":"https:\/\/www.colossalstore.es\/en\/wp-json\/wp\/v2\/media?parent=7609"}],"wp:term":[{"taxonomy":"product_brand","embeddable":true,"href":"https:\/\/www.colossalstore.es\/en\/wp-json\/wp\/v2\/product_brand?post=7609"},{"taxonomy":"product_cat","embeddable":true,"href":"https:\/\/www.colossalstore.es\/en\/wp-json\/wp\/v2\/product_cat?post=7609"},{"taxonomy":"product_tag","embeddable":true,"href":"https:\/\/www.colossalstore.es\/en\/wp-json\/wp\/v2\/product_tag?post=7609"}],"curies":[{"name":"wp","href":"https:\/\/api.w.org\/{rel}","templated":true}]}}