{"id":7515,"date":"2024-03-09T12:31:27","date_gmt":"2024-03-09T11:31:27","guid":{"rendered":"https:\/\/www.colossalstore.es\/?post_type=product&#038;p=7515"},"modified":"2025-06-20T11:15:33","modified_gmt":"2025-06-20T09:15:33","slug":"mtg-mutant-menace-deck-commander","status":"publish","type":"product","link":"https:\/\/www.colossalstore.es\/en\/tienda\/tcg\/magic-the-gathering\/mtg-mutant-menace-deck-commander\/","title":{"rendered":"MTG Mutant Menace \u2013 Deck Commander"},"content":{"rendered":"<p>MTG Mutant Menace \u2013 Deck Commander<\/p>\n<ul class=\"a-unordered-list a-vertical a-spacing-mini\">\n<li class=\"a-spacing-mini\"><span class=\"a-list-item\">The Vaults Are Open: Travel through the wastes with a 100-card deck featuring 41 never-before-seen magic cards featuring fan-favorite characters, themed gameplay, and art exploring the post-nuclear world of the Fallout series.<\/span><\/li>\n<li class=\"a-spacing-mini\"><span class=\"a-list-item\">Battle with your desert lovers: Battle your friends in epic 3-5 player MTG games packed with strategic gameplay and social intrigue; Ready to play right out of the box, these pre-built decks let you jump right into the action<\/span><\/li>\n<li class=\"a-spacing-mini\"><span class=\"a-list-item\">MUTANT MENACE: Choose the Mutant Menace deck to place your belief in The Wise Mothman and prove that humanity&#039;s time at the top of the food chain is over.<\/span><\/li>\n<li class=\"a-spacing-mini\"><span class=\"a-list-item\">COLLECT SPECIAL FAKE CARD TREATMENTS: Each deck comes with a collector&#039;s sampler pack containing 2 special alternate frame cards, including 1 rare or mythic rare card<\/span><\/li>\n<li class=\"a-spacing-mini\"><span class=\"a-list-item\">Everything you need to play and more: Each deck also comes with 10 double-sided tokens, 1 life tracker, 1 strategy guide, and 1 deck box (can hold 100 sleeved cards)<\/span><\/li>\n<li class=\"a-spacing-mini\"><span class=\"a-list-item\">A game that fuses art, stories and strategy: Magic: The Gathering is a collectible card game that weaves deep strategy with art and mechanics that explore the themes of a particular world and story, whether you want to play a casual game with friends, collect cool cards or be competitive, Magic welcomes you to The Gathering<\/span><\/li>\n<\/ul>","protected":false},"excerpt":{"rendered":"<p>MTG Mutant Menace &#8211; Deck Commander Las b\u00f3vedas est\u00e1n abiertas: viaja a trav\u00e9s de los desechos con una baraja de 100 cartas que presenta 41 cartas m\u00e1gicas nunca antes vistas con personajes favoritos de los fan\u00e1ticos, mec\u00e1nica de juego tem\u00e1tica y arte que explora el mundo posnuclear de la serie Fallout Combate con tus amantes [&hellip;]<\/p>","protected":false},"featured_media":7516,"comment_status":"open","ping_status":"closed","template":"","meta":{"_joinchat":[]},"product_brand":[],"product_cat":[64,34],"product_tag":[],"class_list":{"0":"post-7515","1":"product","2":"type-product","3":"status-publish","4":"has-post-thumbnail","6":"product_cat-magic-the-gathering","7":"product_cat-tcg","9":"first","10":"outofstock","11":"taxable","12":"shipping-taxable","13":"purchasable","14":"product-type-simple"},"yoast_head":"<!-- This site is optimized with the Yoast SEO plugin v25.7 - https:\/\/yoast.com\/wordpress\/plugins\/seo\/ -->\n<title>MTG Mutant Menace - Deck Commander | Colossal Store<\/title>\n<meta name=\"description\" content=\"MTG Mutant Menace - Deck Commander: cada mazo tambi\u00e9n viene con 10 fichas de doble cara, 1 rastreador de vida, 1 gu\u00eda de estrategia y 1 caja de mazos\" \/>\n<meta name=\"robots\" content=\"index, follow, max-snippet:-1, max-image-preview:large, max-video-preview:-1\" \/>\n<link rel=\"canonical\" href=\"https:\/\/www.colossalstore.es\/en\/tienda\/tcg\/magic-the-gathering\/mtg-mutant-menace-deck-commander\/\" \/>\n<meta property=\"og:locale\" content=\"en_US\" \/>\n<meta property=\"og:type\" content=\"article\" \/>\n<meta property=\"og:title\" content=\"MTG Mutant Menace - Deck Commander | Colossal Store\" \/>\n<meta property=\"og:description\" content=\"MTG Mutant Menace - Deck Commander: cada mazo tambi\u00e9n viene con 10 fichas de doble cara, 1 rastreador de vida, 1 gu\u00eda de estrategia y 1 caja de mazos\" \/>\n<meta property=\"og:url\" content=\"https:\/\/www.colossalstore.es\/en\/tienda\/tcg\/magic-the-gathering\/mtg-mutant-menace-deck-commander\/\" \/>\n<meta property=\"og:site_name\" content=\"Colossal Store\" \/>\n<meta property=\"article:modified_time\" content=\"2025-06-20T09:15:33+00:00\" \/>\n<meta property=\"og:image\" content=\"https:\/\/www.colossalstore.es\/wp-content\/uploads\/2024\/03\/FALLOUT-COMM-MUTANT.jpg\" \/>\n\t<meta property=\"og:image:width\" content=\"800\" \/>\n\t<meta property=\"og:image:height\" content=\"1033\" \/>\n\t<meta property=\"og:image:type\" content=\"image\/jpeg\" \/>\n<meta name=\"twitter:card\" content=\"summary_large_image\" \/>\n<meta name=\"twitter:site\" content=\"@Colossal_Store\" \/>\n<meta name=\"twitter:label1\" content=\"Est. reading time\" \/>\n\t<meta name=\"twitter:data1\" content=\"2 minutes\" \/>\n<script type=\"application\/ld+json\" class=\"yoast-schema-graph\">{\"@context\":\"https:\/\/schema.org\",\"@graph\":[{\"@type\":\"WebPage\",\"@id\":\"https:\/\/www.colossalstore.es\/tienda\/tcg\/magic-the-gathering\/mtg-mutant-menace-deck-commander\/\",\"url\":\"https:\/\/www.colossalstore.es\/tienda\/tcg\/magic-the-gathering\/mtg-mutant-menace-deck-commander\/\",\"name\":\"MTG Mutant Menace - Deck Commander | Colossal Store\",\"isPartOf\":{\"@id\":\"https:\/\/www.colossalstore.es\/#website\"},\"primaryImageOfPage\":{\"@id\":\"https:\/\/www.colossalstore.es\/tienda\/tcg\/magic-the-gathering\/mtg-mutant-menace-deck-commander\/#primaryimage\"},\"image\":{\"@id\":\"https:\/\/www.colossalstore.es\/tienda\/tcg\/magic-the-gathering\/mtg-mutant-menace-deck-commander\/#primaryimage\"},\"thumbnailUrl\":\"https:\/\/www.colossalstore.es\/wp-content\/uploads\/2024\/03\/FALLOUT-COMM-MUTANT.jpg\",\"datePublished\":\"2024-03-09T11:31:27+00:00\",\"dateModified\":\"2025-06-20T09:15:33+00:00\",\"description\":\"MTG Mutant Menace - Deck Commander: cada mazo tambi\u00e9n viene con 10 fichas de doble cara, 1 rastreador de vida, 1 gu\u00eda de estrategia y 1 caja de mazos\",\"breadcrumb\":{\"@id\":\"https:\/\/www.colossalstore.es\/tienda\/tcg\/magic-the-gathering\/mtg-mutant-menace-deck-commander\/#breadcrumb\"},\"inLanguage\":\"en-US\",\"potentialAction\":[{\"@type\":\"ReadAction\",\"target\":[\"https:\/\/www.colossalstore.es\/tienda\/tcg\/magic-the-gathering\/mtg-mutant-menace-deck-commander\/\"]}]},{\"@type\":\"ImageObject\",\"inLanguage\":\"en-US\",\"@id\":\"https:\/\/www.colossalstore.es\/tienda\/tcg\/magic-the-gathering\/mtg-mutant-menace-deck-commander\/#primaryimage\",\"url\":\"https:\/\/www.colossalstore.es\/wp-content\/uploads\/2024\/03\/FALLOUT-COMM-MUTANT.jpg\",\"contentUrl\":\"https:\/\/www.colossalstore.es\/wp-content\/uploads\/2024\/03\/FALLOUT-COMM-MUTANT.jpg\",\"width\":800,\"height\":1033},{\"@type\":\"BreadcrumbList\",\"@id\":\"https:\/\/www.colossalstore.es\/tienda\/tcg\/magic-the-gathering\/mtg-mutant-menace-deck-commander\/#breadcrumb\",\"itemListElement\":[{\"@type\":\"ListItem\",\"position\":1,\"name\":\"Home\",\"item\":\"https:\/\/www.colossalstore.es\/\"},{\"@type\":\"ListItem\",\"position\":2,\"name\":\"Tienda\",\"item\":\"https:\/\/www.colossalstore.es\/tienda\/\"},{\"@type\":\"ListItem\",\"position\":3,\"name\":\"MTG Mutant Menace &#8211; Deck Commander\"}]},{\"@type\":\"WebSite\",\"@id\":\"https:\/\/www.colossalstore.es\/#website\",\"url\":\"https:\/\/www.colossalstore.es\/\",\"name\":\"Colossal Store\",\"description\":\"Colossal Store, tienda especializada en TCGs.\",\"publisher\":{\"@id\":\"https:\/\/www.colossalstore.es\/#organization\"},\"alternateName\":\"Colossal Store\",\"potentialAction\":[{\"@type\":\"SearchAction\",\"target\":{\"@type\":\"EntryPoint\",\"urlTemplate\":\"https:\/\/www.colossalstore.es\/?s={search_term_string}\"},\"query-input\":{\"@type\":\"PropertyValueSpecification\",\"valueRequired\":true,\"valueName\":\"search_term_string\"}}],\"inLanguage\":\"en-US\"},{\"@type\":\"Organization\",\"@id\":\"https:\/\/www.colossalstore.es\/#organization\",\"name\":\"Colossal Store\",\"url\":\"https:\/\/www.colossalstore.es\/\",\"logo\":{\"@type\":\"ImageObject\",\"inLanguage\":\"en-US\",\"@id\":\"https:\/\/www.colossalstore.es\/#\/schema\/logo\/image\/\",\"url\":\"https:\/\/www.colossalstore.es\/wp-content\/uploads\/2023\/05\/Colossal_Logo-02.png\",\"contentUrl\":\"https:\/\/www.colossalstore.es\/wp-content\/uploads\/2023\/05\/Colossal_Logo-02.png\",\"width\":1181,\"height\":1181,\"caption\":\"Colossal Store\"},\"image\":{\"@id\":\"https:\/\/www.colossalstore.es\/#\/schema\/logo\/image\/\"},\"sameAs\":[\"https:\/\/x.com\/Colossal_Store\",\"https:\/\/www.instagram.com\/colossal_store_tcg\/\",\"https:\/\/www.tiktok.com\/@colossalstore\"]}]}<\/script>\n<!-- \/ Yoast SEO plugin. -->","yoast_head_json":{"title":"MTG Mutant Menace - Deck Commander | Colossal Store","description":"MTG Mutant Menace - Deck Commander: cada mazo tambi\u00e9n viene con 10 fichas de doble cara, 1 rastreador de vida, 1 gu\u00eda de estrategia y 1 caja de mazos","robots":{"index":"index","follow":"follow","max-snippet":"max-snippet:-1","max-image-preview":"max-image-preview:large","max-video-preview":"max-video-preview:-1"},"canonical":"https:\/\/www.colossalstore.es\/en\/tienda\/tcg\/magic-the-gathering\/mtg-mutant-menace-deck-commander\/","og_locale":"en_US","og_type":"article","og_title":"MTG Mutant Menace - Deck Commander | Colossal Store","og_description":"MTG Mutant Menace - Deck Commander: cada mazo tambi\u00e9n viene con 10 fichas de doble cara, 1 rastreador de vida, 1 gu\u00eda de estrategia y 1 caja de mazos","og_url":"https:\/\/www.colossalstore.es\/en\/tienda\/tcg\/magic-the-gathering\/mtg-mutant-menace-deck-commander\/","og_site_name":"Colossal Store","article_modified_time":"2025-06-20T09:15:33+00:00","og_image":[{"width":800,"height":1033,"url":"https:\/\/www.colossalstore.es\/wp-content\/uploads\/2024\/03\/FALLOUT-COMM-MUTANT.jpg","type":"image\/jpeg"}],"twitter_card":"summary_large_image","twitter_site":"@Colossal_Store","twitter_misc":{"Est. reading time":"2 minutes"},"schema":{"@context":"https:\/\/schema.org","@graph":[{"@type":"WebPage","@id":"https:\/\/www.colossalstore.es\/tienda\/tcg\/magic-the-gathering\/mtg-mutant-menace-deck-commander\/","url":"https:\/\/www.colossalstore.es\/tienda\/tcg\/magic-the-gathering\/mtg-mutant-menace-deck-commander\/","name":"MTG Mutant Menace - Deck Commander | Colossal Store","isPartOf":{"@id":"https:\/\/www.colossalstore.es\/#website"},"primaryImageOfPage":{"@id":"https:\/\/www.colossalstore.es\/tienda\/tcg\/magic-the-gathering\/mtg-mutant-menace-deck-commander\/#primaryimage"},"image":{"@id":"https:\/\/www.colossalstore.es\/tienda\/tcg\/magic-the-gathering\/mtg-mutant-menace-deck-commander\/#primaryimage"},"thumbnailUrl":"https:\/\/www.colossalstore.es\/wp-content\/uploads\/2024\/03\/FALLOUT-COMM-MUTANT.jpg","datePublished":"2024-03-09T11:31:27+00:00","dateModified":"2025-06-20T09:15:33+00:00","description":"MTG Mutant Menace - Deck Commander: cada mazo tambi\u00e9n viene con 10 fichas de doble cara, 1 rastreador de vida, 1 gu\u00eda de estrategia y 1 caja de mazos","breadcrumb":{"@id":"https:\/\/www.colossalstore.es\/tienda\/tcg\/magic-the-gathering\/mtg-mutant-menace-deck-commander\/#breadcrumb"},"inLanguage":"en-US","potentialAction":[{"@type":"ReadAction","target":["https:\/\/www.colossalstore.es\/tienda\/tcg\/magic-the-gathering\/mtg-mutant-menace-deck-commander\/"]}]},{"@type":"ImageObject","inLanguage":"en-US","@id":"https:\/\/www.colossalstore.es\/tienda\/tcg\/magic-the-gathering\/mtg-mutant-menace-deck-commander\/#primaryimage","url":"https:\/\/www.colossalstore.es\/wp-content\/uploads\/2024\/03\/FALLOUT-COMM-MUTANT.jpg","contentUrl":"https:\/\/www.colossalstore.es\/wp-content\/uploads\/2024\/03\/FALLOUT-COMM-MUTANT.jpg","width":800,"height":1033},{"@type":"BreadcrumbList","@id":"https:\/\/www.colossalstore.es\/tienda\/tcg\/magic-the-gathering\/mtg-mutant-menace-deck-commander\/#breadcrumb","itemListElement":[{"@type":"ListItem","position":1,"name":"Home","item":"https:\/\/www.colossalstore.es\/"},{"@type":"ListItem","position":2,"name":"Tienda","item":"https:\/\/www.colossalstore.es\/tienda\/"},{"@type":"ListItem","position":3,"name":"MTG Mutant Menace &#8211; Deck Commander"}]},{"@type":"WebSite","@id":"https:\/\/www.colossalstore.es\/#website","url":"https:\/\/www.colossalstore.es\/","name":"Colossal Store","description":"Colossal Store, store specialized in TCGs.","publisher":{"@id":"https:\/\/www.colossalstore.es\/#organization"},"alternateName":"Colossal Store","potentialAction":[{"@type":"SearchAction","target":{"@type":"EntryPoint","urlTemplate":"https:\/\/www.colossalstore.es\/?s={search_term_string}"},"query-input":{"@type":"PropertyValueSpecification","valueRequired":true,"valueName":"search_term_string"}}],"inLanguage":"en-US"},{"@type":"Organization","@id":"https:\/\/www.colossalstore.es\/#organization","name":"Colossal Store","url":"https:\/\/www.colossalstore.es\/","logo":{"@type":"ImageObject","inLanguage":"en-US","@id":"https:\/\/www.colossalstore.es\/#\/schema\/logo\/image\/","url":"https:\/\/www.colossalstore.es\/wp-content\/uploads\/2023\/05\/Colossal_Logo-02.png","contentUrl":"https:\/\/www.colossalstore.es\/wp-content\/uploads\/2023\/05\/Colossal_Logo-02.png","width":1181,"height":1181,"caption":"Colossal Store"},"image":{"@id":"https:\/\/www.colossalstore.es\/#\/schema\/logo\/image\/"},"sameAs":["https:\/\/x.com\/Colossal_Store","https:\/\/www.instagram.com\/colossal_store_tcg\/","https:\/\/www.tiktok.com\/@colossalstore"]}]}},"_links":{"self":[{"href":"https:\/\/www.colossalstore.es\/en\/wp-json\/wp\/v2\/product\/7515","targetHints":{"allow":["GET"]}}],"collection":[{"href":"https:\/\/www.colossalstore.es\/en\/wp-json\/wp\/v2\/product"}],"about":[{"href":"https:\/\/www.colossalstore.es\/en\/wp-json\/wp\/v2\/types\/product"}],"replies":[{"embeddable":true,"href":"https:\/\/www.colossalstore.es\/en\/wp-json\/wp\/v2\/comments?post=7515"}],"wp:featuredmedia":[{"embeddable":true,"href":"https:\/\/www.colossalstore.es\/en\/wp-json\/wp\/v2\/media\/7516"}],"wp:attachment":[{"href":"https:\/\/www.colossalstore.es\/en\/wp-json\/wp\/v2\/media?parent=7515"}],"wp:term":[{"taxonomy":"product_brand","embeddable":true,"href":"https:\/\/www.colossalstore.es\/en\/wp-json\/wp\/v2\/product_brand?post=7515"},{"taxonomy":"product_cat","embeddable":true,"href":"https:\/\/www.colossalstore.es\/en\/wp-json\/wp\/v2\/product_cat?post=7515"},{"taxonomy":"product_tag","embeddable":true,"href":"https:\/\/www.colossalstore.es\/en\/wp-json\/wp\/v2\/product_tag?post=7515"}],"curies":[{"name":"wp","href":"https:\/\/api.w.org\/{rel}","templated":true}]}}