{"id":746,"date":"2022-09-16T07:29:28","date_gmt":"2022-09-16T05:29:28","guid":{"rendered":"https:\/\/colossalstore.es\/?post_type=product&#038;p=746"},"modified":"2025-06-20T11:21:43","modified_gmt":"2025-06-20T09:21:43","slug":"figura-pop-movie-dc-comics-the-batman-batman","status":"publish","type":"product","link":"https:\/\/www.colossalstore.es\/en\/tienda\/funkos\/figura-pop-movie-dc-comics-the-batman-batman\/","title":{"rendered":"Figure POP Movie DC Comics The Batman Batman"},"content":{"rendered":"<p>Funko Batman (The Batman) (#1189)<\/p>\n<p>DATA SHEET:<\/p>\n<p>License: DC<\/p>\n<p>Funko line: The Batman<\/p>\n<p>Number: 1189<\/p>","protected":false},"excerpt":{"rendered":"<p>Funko Batman (The Batman) (#1189) FICHA T\u00c9CNICA: Licencia: DC L\u00ednea de funkos: The Batman N\u00famero: 1189<\/p>","protected":false},"featured_media":747,"comment_status":"open","ping_status":"closed","template":"","meta":{"_joinchat":[]},"product_brand":[],"product_cat":[20],"product_tag":[],"class_list":{"0":"post-746","1":"product","2":"type-product","3":"status-publish","4":"has-post-thumbnail","6":"product_cat-funkos","8":"first","9":"outofstock","10":"taxable","11":"shipping-taxable","12":"purchasable","13":"product-type-simple"},"yoast_head":"<!-- This site is optimized with the Yoast SEO plugin v25.7 - https:\/\/yoast.com\/wordpress\/plugins\/seo\/ -->\n<title>Funko Batman (The Batman) (#1189) | Colossal Store<\/title>\n<meta name=\"description\" content=\"Funko Batman (The Batman) (#1189): Licencia: DC. L\u00ednea de funkos: The Batman. N\u00famero: 1189\" \/>\n<meta name=\"robots\" content=\"index, follow, max-snippet:-1, max-image-preview:large, max-video-preview:-1\" \/>\n<link rel=\"canonical\" href=\"https:\/\/www.colossalstore.es\/en\/tienda\/funkos\/figura-pop-movie-dc-comics-the-batman-batman\/\" \/>\n<meta property=\"og:locale\" content=\"en_US\" \/>\n<meta property=\"og:type\" content=\"article\" \/>\n<meta property=\"og:title\" content=\"Funko Batman (The Batman) (#1189) | Colossal Store\" \/>\n<meta property=\"og:description\" content=\"Funko Batman (The Batman) (#1189): Licencia: DC. L\u00ednea de funkos: The Batman. N\u00famero: 1189\" \/>\n<meta property=\"og:url\" content=\"https:\/\/www.colossalstore.es\/en\/tienda\/funkos\/figura-pop-movie-dc-comics-the-batman-batman\/\" \/>\n<meta property=\"og:site_name\" content=\"Colossal Store\" \/>\n<meta property=\"article:modified_time\" content=\"2025-06-20T09:21:43+00:00\" \/>\n<meta property=\"og:image\" content=\"https:\/\/www.colossalstore.es\/wp-content\/uploads\/2022\/09\/img_245672_5ded67afb2596ce07a803b6fbbf7f0dd_1.jpg\" \/>\n\t<meta property=\"og:image:width\" content=\"1000\" \/>\n\t<meta property=\"og:image:height\" content=\"1000\" \/>\n\t<meta property=\"og:image:type\" content=\"image\/jpeg\" \/>\n<meta name=\"twitter:card\" content=\"summary_large_image\" \/>\n<meta name=\"twitter:site\" content=\"@Colossal_Store\" \/>\n<meta name=\"twitter:label1\" content=\"Est. reading time\" \/>\n\t<meta name=\"twitter:data1\" content=\"1 minute\" \/>\n<script type=\"application\/ld+json\" class=\"yoast-schema-graph\">{\"@context\":\"https:\/\/schema.org\",\"@graph\":[{\"@type\":\"WebPage\",\"@id\":\"https:\/\/www.colossalstore.es\/tienda\/funkos\/figura-pop-movie-dc-comics-the-batman-batman\/\",\"url\":\"https:\/\/www.colossalstore.es\/tienda\/funkos\/figura-pop-movie-dc-comics-the-batman-batman\/\",\"name\":\"Funko Batman (The Batman) (#1189) | Colossal Store\",\"isPartOf\":{\"@id\":\"https:\/\/www.colossalstore.es\/#website\"},\"primaryImageOfPage\":{\"@id\":\"https:\/\/www.colossalstore.es\/tienda\/funkos\/figura-pop-movie-dc-comics-the-batman-batman\/#primaryimage\"},\"image\":{\"@id\":\"https:\/\/www.colossalstore.es\/tienda\/funkos\/figura-pop-movie-dc-comics-the-batman-batman\/#primaryimage\"},\"thumbnailUrl\":\"https:\/\/www.colossalstore.es\/wp-content\/uploads\/2022\/09\/img_245672_5ded67afb2596ce07a803b6fbbf7f0dd_1.jpg\",\"datePublished\":\"2022-09-16T05:29:28+00:00\",\"dateModified\":\"2025-06-20T09:21:43+00:00\",\"description\":\"Funko Batman (The Batman) (#1189): Licencia: DC. L\u00ednea de funkos: The Batman. N\u00famero: 1189\",\"breadcrumb\":{\"@id\":\"https:\/\/www.colossalstore.es\/tienda\/funkos\/figura-pop-movie-dc-comics-the-batman-batman\/#breadcrumb\"},\"inLanguage\":\"en-US\",\"potentialAction\":[{\"@type\":\"ReadAction\",\"target\":[\"https:\/\/www.colossalstore.es\/tienda\/funkos\/figura-pop-movie-dc-comics-the-batman-batman\/\"]}]},{\"@type\":\"ImageObject\",\"inLanguage\":\"en-US\",\"@id\":\"https:\/\/www.colossalstore.es\/tienda\/funkos\/figura-pop-movie-dc-comics-the-batman-batman\/#primaryimage\",\"url\":\"https:\/\/www.colossalstore.es\/wp-content\/uploads\/2022\/09\/img_245672_5ded67afb2596ce07a803b6fbbf7f0dd_1.jpg\",\"contentUrl\":\"https:\/\/www.colossalstore.es\/wp-content\/uploads\/2022\/09\/img_245672_5ded67afb2596ce07a803b6fbbf7f0dd_1.jpg\",\"width\":1000,\"height\":1000},{\"@type\":\"BreadcrumbList\",\"@id\":\"https:\/\/www.colossalstore.es\/tienda\/funkos\/figura-pop-movie-dc-comics-the-batman-batman\/#breadcrumb\",\"itemListElement\":[{\"@type\":\"ListItem\",\"position\":1,\"name\":\"Home\",\"item\":\"https:\/\/www.colossalstore.es\/\"},{\"@type\":\"ListItem\",\"position\":2,\"name\":\"Tienda\",\"item\":\"https:\/\/www.colossalstore.es\/tienda\/\"},{\"@type\":\"ListItem\",\"position\":3,\"name\":\"Figura POP Movie DC Comics The Batman Batman\"}]},{\"@type\":\"WebSite\",\"@id\":\"https:\/\/www.colossalstore.es\/#website\",\"url\":\"https:\/\/www.colossalstore.es\/\",\"name\":\"Colossal Store\",\"description\":\"Colossal Store, tienda especializada en TCGs.\",\"publisher\":{\"@id\":\"https:\/\/www.colossalstore.es\/#organization\"},\"alternateName\":\"Colossal Store\",\"potentialAction\":[{\"@type\":\"SearchAction\",\"target\":{\"@type\":\"EntryPoint\",\"urlTemplate\":\"https:\/\/www.colossalstore.es\/?s={search_term_string}\"},\"query-input\":{\"@type\":\"PropertyValueSpecification\",\"valueRequired\":true,\"valueName\":\"search_term_string\"}}],\"inLanguage\":\"en-US\"},{\"@type\":\"Organization\",\"@id\":\"https:\/\/www.colossalstore.es\/#organization\",\"name\":\"Colossal Store\",\"url\":\"https:\/\/www.colossalstore.es\/\",\"logo\":{\"@type\":\"ImageObject\",\"inLanguage\":\"en-US\",\"@id\":\"https:\/\/www.colossalstore.es\/#\/schema\/logo\/image\/\",\"url\":\"https:\/\/www.colossalstore.es\/wp-content\/uploads\/2023\/05\/Colossal_Logo-02.png\",\"contentUrl\":\"https:\/\/www.colossalstore.es\/wp-content\/uploads\/2023\/05\/Colossal_Logo-02.png\",\"width\":1181,\"height\":1181,\"caption\":\"Colossal Store\"},\"image\":{\"@id\":\"https:\/\/www.colossalstore.es\/#\/schema\/logo\/image\/\"},\"sameAs\":[\"https:\/\/x.com\/Colossal_Store\",\"https:\/\/www.instagram.com\/colossal_store_tcg\/\",\"https:\/\/www.tiktok.com\/@colossalstore\"]}]}<\/script>\n<!-- \/ Yoast SEO plugin. -->","yoast_head_json":{"title":"Funko Batman (The Batman) (#1189) | Colossal Store","description":"Funko Batman (The Batman) (#1189): Licencia: DC. L\u00ednea de funkos: The Batman. N\u00famero: 1189","robots":{"index":"index","follow":"follow","max-snippet":"max-snippet:-1","max-image-preview":"max-image-preview:large","max-video-preview":"max-video-preview:-1"},"canonical":"https:\/\/www.colossalstore.es\/en\/tienda\/funkos\/figura-pop-movie-dc-comics-the-batman-batman\/","og_locale":"en_US","og_type":"article","og_title":"Funko Batman (The Batman) (#1189) | Colossal Store","og_description":"Funko Batman (The Batman) (#1189): Licencia: DC. L\u00ednea de funkos: The Batman. N\u00famero: 1189","og_url":"https:\/\/www.colossalstore.es\/en\/tienda\/funkos\/figura-pop-movie-dc-comics-the-batman-batman\/","og_site_name":"Colossal Store","article_modified_time":"2025-06-20T09:21:43+00:00","og_image":[{"width":1000,"height":1000,"url":"https:\/\/www.colossalstore.es\/wp-content\/uploads\/2022\/09\/img_245672_5ded67afb2596ce07a803b6fbbf7f0dd_1.jpg","type":"image\/jpeg"}],"twitter_card":"summary_large_image","twitter_site":"@Colossal_Store","twitter_misc":{"Est. reading time":"1 minute"},"schema":{"@context":"https:\/\/schema.org","@graph":[{"@type":"WebPage","@id":"https:\/\/www.colossalstore.es\/tienda\/funkos\/figura-pop-movie-dc-comics-the-batman-batman\/","url":"https:\/\/www.colossalstore.es\/tienda\/funkos\/figura-pop-movie-dc-comics-the-batman-batman\/","name":"Funko Batman (The Batman) (#1189) | Colossal Store","isPartOf":{"@id":"https:\/\/www.colossalstore.es\/#website"},"primaryImageOfPage":{"@id":"https:\/\/www.colossalstore.es\/tienda\/funkos\/figura-pop-movie-dc-comics-the-batman-batman\/#primaryimage"},"image":{"@id":"https:\/\/www.colossalstore.es\/tienda\/funkos\/figura-pop-movie-dc-comics-the-batman-batman\/#primaryimage"},"thumbnailUrl":"https:\/\/www.colossalstore.es\/wp-content\/uploads\/2022\/09\/img_245672_5ded67afb2596ce07a803b6fbbf7f0dd_1.jpg","datePublished":"2022-09-16T05:29:28+00:00","dateModified":"2025-06-20T09:21:43+00:00","description":"Funko Batman (The Batman) (#1189): Licencia: DC. L\u00ednea de funkos: The Batman. N\u00famero: 1189","breadcrumb":{"@id":"https:\/\/www.colossalstore.es\/tienda\/funkos\/figura-pop-movie-dc-comics-the-batman-batman\/#breadcrumb"},"inLanguage":"en-US","potentialAction":[{"@type":"ReadAction","target":["https:\/\/www.colossalstore.es\/tienda\/funkos\/figura-pop-movie-dc-comics-the-batman-batman\/"]}]},{"@type":"ImageObject","inLanguage":"en-US","@id":"https:\/\/www.colossalstore.es\/tienda\/funkos\/figura-pop-movie-dc-comics-the-batman-batman\/#primaryimage","url":"https:\/\/www.colossalstore.es\/wp-content\/uploads\/2022\/09\/img_245672_5ded67afb2596ce07a803b6fbbf7f0dd_1.jpg","contentUrl":"https:\/\/www.colossalstore.es\/wp-content\/uploads\/2022\/09\/img_245672_5ded67afb2596ce07a803b6fbbf7f0dd_1.jpg","width":1000,"height":1000},{"@type":"BreadcrumbList","@id":"https:\/\/www.colossalstore.es\/tienda\/funkos\/figura-pop-movie-dc-comics-the-batman-batman\/#breadcrumb","itemListElement":[{"@type":"ListItem","position":1,"name":"Home","item":"https:\/\/www.colossalstore.es\/"},{"@type":"ListItem","position":2,"name":"Tienda","item":"https:\/\/www.colossalstore.es\/tienda\/"},{"@type":"ListItem","position":3,"name":"Figura POP Movie DC Comics The Batman Batman"}]},{"@type":"WebSite","@id":"https:\/\/www.colossalstore.es\/#website","url":"https:\/\/www.colossalstore.es\/","name":"Colossal Store","description":"Colossal Store, store specialized in TCGs.","publisher":{"@id":"https:\/\/www.colossalstore.es\/#organization"},"alternateName":"Colossal Store","potentialAction":[{"@type":"SearchAction","target":{"@type":"EntryPoint","urlTemplate":"https:\/\/www.colossalstore.es\/?s={search_term_string}"},"query-input":{"@type":"PropertyValueSpecification","valueRequired":true,"valueName":"search_term_string"}}],"inLanguage":"en-US"},{"@type":"Organization","@id":"https:\/\/www.colossalstore.es\/#organization","name":"Colossal Store","url":"https:\/\/www.colossalstore.es\/","logo":{"@type":"ImageObject","inLanguage":"en-US","@id":"https:\/\/www.colossalstore.es\/#\/schema\/logo\/image\/","url":"https:\/\/www.colossalstore.es\/wp-content\/uploads\/2023\/05\/Colossal_Logo-02.png","contentUrl":"https:\/\/www.colossalstore.es\/wp-content\/uploads\/2023\/05\/Colossal_Logo-02.png","width":1181,"height":1181,"caption":"Colossal Store"},"image":{"@id":"https:\/\/www.colossalstore.es\/#\/schema\/logo\/image\/"},"sameAs":["https:\/\/x.com\/Colossal_Store","https:\/\/www.instagram.com\/colossal_store_tcg\/","https:\/\/www.tiktok.com\/@colossalstore"]}]}},"_links":{"self":[{"href":"https:\/\/www.colossalstore.es\/en\/wp-json\/wp\/v2\/product\/746","targetHints":{"allow":["GET"]}}],"collection":[{"href":"https:\/\/www.colossalstore.es\/en\/wp-json\/wp\/v2\/product"}],"about":[{"href":"https:\/\/www.colossalstore.es\/en\/wp-json\/wp\/v2\/types\/product"}],"replies":[{"embeddable":true,"href":"https:\/\/www.colossalstore.es\/en\/wp-json\/wp\/v2\/comments?post=746"}],"wp:featuredmedia":[{"embeddable":true,"href":"https:\/\/www.colossalstore.es\/en\/wp-json\/wp\/v2\/media\/747"}],"wp:attachment":[{"href":"https:\/\/www.colossalstore.es\/en\/wp-json\/wp\/v2\/media?parent=746"}],"wp:term":[{"taxonomy":"product_brand","embeddable":true,"href":"https:\/\/www.colossalstore.es\/en\/wp-json\/wp\/v2\/product_brand?post=746"},{"taxonomy":"product_cat","embeddable":true,"href":"https:\/\/www.colossalstore.es\/en\/wp-json\/wp\/v2\/product_cat?post=746"},{"taxonomy":"product_tag","embeddable":true,"href":"https:\/\/www.colossalstore.es\/en\/wp-json\/wp\/v2\/product_tag?post=746"}],"curies":[{"name":"wp","href":"https:\/\/api.w.org\/{rel}","templated":true}]}}