{"id":727,"date":"2022-09-16T07:23:05","date_gmt":"2022-09-16T05:23:05","guid":{"rendered":"https:\/\/colossalstore.es\/?post_type=product&#038;p=727"},"modified":"2025-06-24T18:11:08","modified_gmt":"2025-06-24T16:11:08","slug":"figura-vegito-solid-edge-works-vol-4-dragon-ball-z-17cm","status":"publish","type":"product","link":"https:\/\/www.colossalstore.es\/en\/tienda\/figuras\/figura-vegito-solid-edge-works-vol-4-dragon-ball-z-17cm\/","title":{"rendered":"FIGURA BANPRESTO &#8211; DRAGON BALL &#8211; VEGITO"},"content":{"rendered":"<p>Figure of Vegito, fusion of Son Goku and Vegeta, two of the main protagonists of the mythical saga <em>Dragon Ball<\/em>. From Banpresto&#039;s Solid Edge Works series (Vol. 4), the figure stands 17cm tall.<\/p>\n<p>DATA SHEET:<\/p>\n<p>License: Dragon Ball<\/p>\n<p>Manufacturer: Banpresto (Bandai Spirits)<\/p>\n<p>Collection: Solid Edge Works<\/p>\n<p>Height: 17cm<\/p>","protected":false},"excerpt":{"rendered":"<p>Figura de Vegito, fusi\u00f3n de Son Goku y Vegeta, dos de los principales protagonistas de la m\u00edtica saga Dragon Ball. De la serie Solid Edge Works de Banpresto (Vol. 4), la figura tiene una altura de 17 cm. FICHA T\u00c9CNICA: Licencia: Dragon Ball Fabricante:\u00a0Banpresto (Bandai Spirits) Colecci\u00f3n: Solid Edge Works Altura: 17 cm<\/p>","protected":false},"featured_media":728,"comment_status":"open","ping_status":"closed","template":"","meta":{"_joinchat":[]},"product_brand":[],"product_cat":[25],"product_tag":[],"class_list":{"0":"post-727","1":"product","2":"type-product","3":"status-publish","4":"has-post-thumbnail","6":"product_cat-figuras","8":"first","9":"instock","10":"taxable","11":"shipping-taxable","12":"purchasable","13":"product-type-simple"},"yoast_head":"<!-- This site is optimized with the Yoast SEO plugin v25.7 - https:\/\/yoast.com\/wordpress\/plugins\/seo\/ -->\n<title>FIGURA BANPRESTO - DRAGON BALL - VEGITO | Colossal Store<\/title>\n<meta name=\"description\" content=\"Figura de Vegito (Dragon Ball), fusi\u00f3n de Son Goku y Vegeta. De la serie Solid Edge Works de Banpresto (Vol. 4), la figura tiene una altura de 17 cm.\" \/>\n<meta name=\"robots\" content=\"index, follow, max-snippet:-1, max-image-preview:large, max-video-preview:-1\" \/>\n<link rel=\"canonical\" href=\"https:\/\/www.colossalstore.es\/en\/tienda\/figuras\/figura-vegito-solid-edge-works-vol-4-dragon-ball-z-17cm\/\" \/>\n<meta property=\"og:locale\" content=\"en_US\" \/>\n<meta property=\"og:type\" content=\"article\" \/>\n<meta property=\"og:title\" content=\"FIGURA BANPRESTO - DRAGON BALL - VEGITO | Colossal Store\" \/>\n<meta property=\"og:description\" content=\"Figura de Vegito (Dragon Ball), fusi\u00f3n de Son Goku y Vegeta. De la serie Solid Edge Works de Banpresto (Vol. 4), la figura tiene una altura de 17 cm.\" \/>\n<meta property=\"og:url\" content=\"https:\/\/www.colossalstore.es\/en\/tienda\/figuras\/figura-vegito-solid-edge-works-vol-4-dragon-ball-z-17cm\/\" \/>\n<meta property=\"og:site_name\" content=\"Colossal Store\" \/>\n<meta property=\"article:modified_time\" content=\"2025-06-24T16:11:08+00:00\" \/>\n<meta property=\"og:image\" content=\"https:\/\/www.colossalstore.es\/wp-content\/uploads\/2022\/09\/img_241949_dabe129782136d42cb479ae0e6c4f6cb_1.jpg\" \/>\n\t<meta property=\"og:image:width\" content=\"800\" \/>\n\t<meta property=\"og:image:height\" content=\"800\" \/>\n\t<meta property=\"og:image:type\" content=\"image\/jpeg\" \/>\n<meta name=\"twitter:card\" content=\"summary_large_image\" \/>\n<meta name=\"twitter:site\" content=\"@Colossal_Store\" \/>\n<meta name=\"twitter:label1\" content=\"Est. reading time\" \/>\n\t<meta name=\"twitter:data1\" content=\"1 minute\" \/>\n<script type=\"application\/ld+json\" class=\"yoast-schema-graph\">{\"@context\":\"https:\/\/schema.org\",\"@graph\":[{\"@type\":\"WebPage\",\"@id\":\"https:\/\/www.colossalstore.es\/tienda\/figuras\/figura-vegito-solid-edge-works-vol-4-dragon-ball-z-17cm\/\",\"url\":\"https:\/\/www.colossalstore.es\/tienda\/figuras\/figura-vegito-solid-edge-works-vol-4-dragon-ball-z-17cm\/\",\"name\":\"FIGURA BANPRESTO - DRAGON BALL - VEGITO | Colossal Store\",\"isPartOf\":{\"@id\":\"https:\/\/www.colossalstore.es\/#website\"},\"primaryImageOfPage\":{\"@id\":\"https:\/\/www.colossalstore.es\/tienda\/figuras\/figura-vegito-solid-edge-works-vol-4-dragon-ball-z-17cm\/#primaryimage\"},\"image\":{\"@id\":\"https:\/\/www.colossalstore.es\/tienda\/figuras\/figura-vegito-solid-edge-works-vol-4-dragon-ball-z-17cm\/#primaryimage\"},\"thumbnailUrl\":\"https:\/\/www.colossalstore.es\/wp-content\/uploads\/2022\/09\/img_241949_dabe129782136d42cb479ae0e6c4f6cb_1.jpg\",\"datePublished\":\"2022-09-16T05:23:05+00:00\",\"dateModified\":\"2025-06-24T16:11:08+00:00\",\"description\":\"Figura de Vegito (Dragon Ball), fusi\u00f3n de Son Goku y Vegeta. De la serie Solid Edge Works de Banpresto (Vol. 4), la figura tiene una altura de 17 cm.\",\"breadcrumb\":{\"@id\":\"https:\/\/www.colossalstore.es\/tienda\/figuras\/figura-vegito-solid-edge-works-vol-4-dragon-ball-z-17cm\/#breadcrumb\"},\"inLanguage\":\"en-US\",\"potentialAction\":[{\"@type\":\"ReadAction\",\"target\":[\"https:\/\/www.colossalstore.es\/tienda\/figuras\/figura-vegito-solid-edge-works-vol-4-dragon-ball-z-17cm\/\"]}]},{\"@type\":\"ImageObject\",\"inLanguage\":\"en-US\",\"@id\":\"https:\/\/www.colossalstore.es\/tienda\/figuras\/figura-vegito-solid-edge-works-vol-4-dragon-ball-z-17cm\/#primaryimage\",\"url\":\"https:\/\/www.colossalstore.es\/wp-content\/uploads\/2022\/09\/img_241949_dabe129782136d42cb479ae0e6c4f6cb_1.jpg\",\"contentUrl\":\"https:\/\/www.colossalstore.es\/wp-content\/uploads\/2022\/09\/img_241949_dabe129782136d42cb479ae0e6c4f6cb_1.jpg\",\"width\":800,\"height\":800},{\"@type\":\"BreadcrumbList\",\"@id\":\"https:\/\/www.colossalstore.es\/tienda\/figuras\/figura-vegito-solid-edge-works-vol-4-dragon-ball-z-17cm\/#breadcrumb\",\"itemListElement\":[{\"@type\":\"ListItem\",\"position\":1,\"name\":\"Home\",\"item\":\"https:\/\/www.colossalstore.es\/\"},{\"@type\":\"ListItem\",\"position\":2,\"name\":\"Tienda\",\"item\":\"https:\/\/www.colossalstore.es\/tienda\/\"},{\"@type\":\"ListItem\",\"position\":3,\"name\":\"FIGURA BANPRESTO &#8211; DRAGON BALL &#8211; VEGITO\"}]},{\"@type\":\"WebSite\",\"@id\":\"https:\/\/www.colossalstore.es\/#website\",\"url\":\"https:\/\/www.colossalstore.es\/\",\"name\":\"Colossal Store\",\"description\":\"Colossal Store, tienda especializada en TCGs.\",\"publisher\":{\"@id\":\"https:\/\/www.colossalstore.es\/#organization\"},\"alternateName\":\"Colossal Store\",\"potentialAction\":[{\"@type\":\"SearchAction\",\"target\":{\"@type\":\"EntryPoint\",\"urlTemplate\":\"https:\/\/www.colossalstore.es\/?s={search_term_string}\"},\"query-input\":{\"@type\":\"PropertyValueSpecification\",\"valueRequired\":true,\"valueName\":\"search_term_string\"}}],\"inLanguage\":\"en-US\"},{\"@type\":\"Organization\",\"@id\":\"https:\/\/www.colossalstore.es\/#organization\",\"name\":\"Colossal Store\",\"url\":\"https:\/\/www.colossalstore.es\/\",\"logo\":{\"@type\":\"ImageObject\",\"inLanguage\":\"en-US\",\"@id\":\"https:\/\/www.colossalstore.es\/#\/schema\/logo\/image\/\",\"url\":\"https:\/\/www.colossalstore.es\/wp-content\/uploads\/2023\/05\/Colossal_Logo-02.png\",\"contentUrl\":\"https:\/\/www.colossalstore.es\/wp-content\/uploads\/2023\/05\/Colossal_Logo-02.png\",\"width\":1181,\"height\":1181,\"caption\":\"Colossal Store\"},\"image\":{\"@id\":\"https:\/\/www.colossalstore.es\/#\/schema\/logo\/image\/\"},\"sameAs\":[\"https:\/\/x.com\/Colossal_Store\",\"https:\/\/www.instagram.com\/colossal_store_tcg\/\",\"https:\/\/www.tiktok.com\/@colossalstore\"]}]}<\/script>\n<!-- \/ Yoast SEO plugin. -->","yoast_head_json":{"title":"FIGURA BANPRESTO - DRAGON BALL - VEGITO | Colossal Store","description":"Figura de Vegito (Dragon Ball), fusi\u00f3n de Son Goku y Vegeta. De la serie Solid Edge Works de Banpresto (Vol. 4), la figura tiene una altura de 17 cm.","robots":{"index":"index","follow":"follow","max-snippet":"max-snippet:-1","max-image-preview":"max-image-preview:large","max-video-preview":"max-video-preview:-1"},"canonical":"https:\/\/www.colossalstore.es\/en\/tienda\/figuras\/figura-vegito-solid-edge-works-vol-4-dragon-ball-z-17cm\/","og_locale":"en_US","og_type":"article","og_title":"FIGURA BANPRESTO - DRAGON BALL - VEGITO | Colossal Store","og_description":"Figura de Vegito (Dragon Ball), fusi\u00f3n de Son Goku y Vegeta. De la serie Solid Edge Works de Banpresto (Vol. 4), la figura tiene una altura de 17 cm.","og_url":"https:\/\/www.colossalstore.es\/en\/tienda\/figuras\/figura-vegito-solid-edge-works-vol-4-dragon-ball-z-17cm\/","og_site_name":"Colossal Store","article_modified_time":"2025-06-24T16:11:08+00:00","og_image":[{"width":800,"height":800,"url":"https:\/\/www.colossalstore.es\/wp-content\/uploads\/2022\/09\/img_241949_dabe129782136d42cb479ae0e6c4f6cb_1.jpg","type":"image\/jpeg"}],"twitter_card":"summary_large_image","twitter_site":"@Colossal_Store","twitter_misc":{"Est. reading time":"1 minute"},"schema":{"@context":"https:\/\/schema.org","@graph":[{"@type":"WebPage","@id":"https:\/\/www.colossalstore.es\/tienda\/figuras\/figura-vegito-solid-edge-works-vol-4-dragon-ball-z-17cm\/","url":"https:\/\/www.colossalstore.es\/tienda\/figuras\/figura-vegito-solid-edge-works-vol-4-dragon-ball-z-17cm\/","name":"FIGURA BANPRESTO - DRAGON BALL - VEGITO | Colossal Store","isPartOf":{"@id":"https:\/\/www.colossalstore.es\/#website"},"primaryImageOfPage":{"@id":"https:\/\/www.colossalstore.es\/tienda\/figuras\/figura-vegito-solid-edge-works-vol-4-dragon-ball-z-17cm\/#primaryimage"},"image":{"@id":"https:\/\/www.colossalstore.es\/tienda\/figuras\/figura-vegito-solid-edge-works-vol-4-dragon-ball-z-17cm\/#primaryimage"},"thumbnailUrl":"https:\/\/www.colossalstore.es\/wp-content\/uploads\/2022\/09\/img_241949_dabe129782136d42cb479ae0e6c4f6cb_1.jpg","datePublished":"2022-09-16T05:23:05+00:00","dateModified":"2025-06-24T16:11:08+00:00","description":"Figura de Vegito (Dragon Ball), fusi\u00f3n de Son Goku y Vegeta. De la serie Solid Edge Works de Banpresto (Vol. 4), la figura tiene una altura de 17 cm.","breadcrumb":{"@id":"https:\/\/www.colossalstore.es\/tienda\/figuras\/figura-vegito-solid-edge-works-vol-4-dragon-ball-z-17cm\/#breadcrumb"},"inLanguage":"en-US","potentialAction":[{"@type":"ReadAction","target":["https:\/\/www.colossalstore.es\/tienda\/figuras\/figura-vegito-solid-edge-works-vol-4-dragon-ball-z-17cm\/"]}]},{"@type":"ImageObject","inLanguage":"en-US","@id":"https:\/\/www.colossalstore.es\/tienda\/figuras\/figura-vegito-solid-edge-works-vol-4-dragon-ball-z-17cm\/#primaryimage","url":"https:\/\/www.colossalstore.es\/wp-content\/uploads\/2022\/09\/img_241949_dabe129782136d42cb479ae0e6c4f6cb_1.jpg","contentUrl":"https:\/\/www.colossalstore.es\/wp-content\/uploads\/2022\/09\/img_241949_dabe129782136d42cb479ae0e6c4f6cb_1.jpg","width":800,"height":800},{"@type":"BreadcrumbList","@id":"https:\/\/www.colossalstore.es\/tienda\/figuras\/figura-vegito-solid-edge-works-vol-4-dragon-ball-z-17cm\/#breadcrumb","itemListElement":[{"@type":"ListItem","position":1,"name":"Home","item":"https:\/\/www.colossalstore.es\/"},{"@type":"ListItem","position":2,"name":"Tienda","item":"https:\/\/www.colossalstore.es\/tienda\/"},{"@type":"ListItem","position":3,"name":"FIGURA BANPRESTO &#8211; DRAGON BALL &#8211; VEGITO"}]},{"@type":"WebSite","@id":"https:\/\/www.colossalstore.es\/#website","url":"https:\/\/www.colossalstore.es\/","name":"Colossal Store","description":"Colossal Store, store specialized in TCGs.","publisher":{"@id":"https:\/\/www.colossalstore.es\/#organization"},"alternateName":"Colossal Store","potentialAction":[{"@type":"SearchAction","target":{"@type":"EntryPoint","urlTemplate":"https:\/\/www.colossalstore.es\/?s={search_term_string}"},"query-input":{"@type":"PropertyValueSpecification","valueRequired":true,"valueName":"search_term_string"}}],"inLanguage":"en-US"},{"@type":"Organization","@id":"https:\/\/www.colossalstore.es\/#organization","name":"Colossal Store","url":"https:\/\/www.colossalstore.es\/","logo":{"@type":"ImageObject","inLanguage":"en-US","@id":"https:\/\/www.colossalstore.es\/#\/schema\/logo\/image\/","url":"https:\/\/www.colossalstore.es\/wp-content\/uploads\/2023\/05\/Colossal_Logo-02.png","contentUrl":"https:\/\/www.colossalstore.es\/wp-content\/uploads\/2023\/05\/Colossal_Logo-02.png","width":1181,"height":1181,"caption":"Colossal Store"},"image":{"@id":"https:\/\/www.colossalstore.es\/#\/schema\/logo\/image\/"},"sameAs":["https:\/\/x.com\/Colossal_Store","https:\/\/www.instagram.com\/colossal_store_tcg\/","https:\/\/www.tiktok.com\/@colossalstore"]}]}},"_links":{"self":[{"href":"https:\/\/www.colossalstore.es\/en\/wp-json\/wp\/v2\/product\/727","targetHints":{"allow":["GET"]}}],"collection":[{"href":"https:\/\/www.colossalstore.es\/en\/wp-json\/wp\/v2\/product"}],"about":[{"href":"https:\/\/www.colossalstore.es\/en\/wp-json\/wp\/v2\/types\/product"}],"replies":[{"embeddable":true,"href":"https:\/\/www.colossalstore.es\/en\/wp-json\/wp\/v2\/comments?post=727"}],"wp:featuredmedia":[{"embeddable":true,"href":"https:\/\/www.colossalstore.es\/en\/wp-json\/wp\/v2\/media\/728"}],"wp:attachment":[{"href":"https:\/\/www.colossalstore.es\/en\/wp-json\/wp\/v2\/media?parent=727"}],"wp:term":[{"taxonomy":"product_brand","embeddable":true,"href":"https:\/\/www.colossalstore.es\/en\/wp-json\/wp\/v2\/product_brand?post=727"},{"taxonomy":"product_cat","embeddable":true,"href":"https:\/\/www.colossalstore.es\/en\/wp-json\/wp\/v2\/product_cat?post=727"},{"taxonomy":"product_tag","embeddable":true,"href":"https:\/\/www.colossalstore.es\/en\/wp-json\/wp\/v2\/product_tag?post=727"}],"curies":[{"name":"wp","href":"https:\/\/api.w.org\/{rel}","templated":true}]}}