{"id":7188,"date":"2024-02-01T19:05:47","date_gmt":"2024-02-01T18:05:47","guid":{"rendered":"https:\/\/www.colossalstore.es\/?post_type=product&#038;p=7188"},"modified":"2026-01-05T19:33:23","modified_gmt":"2026-01-05T18:33:23","slug":"blue-lock-19-yusuke-nomura","status":"publish","type":"product","link":"https:\/\/www.colossalstore.es\/en\/tienda\/manga\/blue-lock-19-yusuke-nomura\/","title":{"rendered":"BLUE LOCK N\u00ba 19"},"content":{"rendered":"<p>Blue Lock 19 \u2013 Yusuke Nomura<\/p>\n<div class=\"text-container\" data-v-809af916=\"\">\n<div class=\"formated-text\" data-v-809af916=\"\" data-v-7fdc4342=\"\">\n<p><strong>The second phase of the BLUE LOCK project, the \u201cNeoegoist League\u201d begins!!<\/strong><\/p>\n<p>The time has finally come to face the Spanish FC Barcha. Bachira, who, unlike Isagi, will play as a starter, will show off his new super evolution!<\/p>\n<p>The reborn Kunigami has undergone a transformation, and Kaiser, the \u201cprodigy,\u201d will finally unleash all his talents. Now that the matches in BLUE LOCK have reached their maximum level, will our heroes be able to fight in this fierce battle!?<\/p>\n<p>And will Isagi manage to actively participate in a field governed by meritocracy and in which \u201cnumerical results\u201d speak for themselves?<\/p>\n<p>Take the starting job from them and show the world what you&#039;re worth!<br \/>\nThe higher the wall to climb, the stronger selfishness burns!!<\/p>\n<\/div>\n<\/div>","protected":false},"excerpt":{"rendered":"<p>Blue Lock 19 &#8211; Yusuke Nomura \u00a1\u00a1Comienza la segunda fase del proyecto BLUE LOCK, la \u201cLiga Neoego\u00edsta\u201d!! Por fin ha llegado la hora de enfrentarse al F.C Barcha espa\u00f1ol. \u00a1Bachira que, al contrario que Isagi, jugar\u00e1 como titular, har\u00e1 alarde de su nueva superevoluci\u00f3n! El renacido Kunigami ha sufrido una transformaci\u00f3n, y Kaiser, el \u201cprodigio\u201d, [&hellip;]<\/p>","protected":false},"featured_media":7189,"comment_status":"open","ping_status":"closed","template":"","meta":{"_joinchat":[]},"product_brand":[],"product_cat":[32],"product_tag":[],"class_list":{"0":"post-7188","1":"product","2":"type-product","3":"status-publish","4":"has-post-thumbnail","6":"product_cat-manga","8":"first","9":"outofstock","10":"sale","11":"taxable","12":"shipping-taxable","13":"purchasable","14":"product-type-simple"},"yoast_head":"<!-- This site is optimized with the Yoast SEO plugin v25.7 - https:\/\/yoast.com\/wordpress\/plugins\/seo\/ -->\n<title>Blue Lock 19 - Yusuke Nomura | Colossal Store<\/title>\n<meta name=\"description\" content=\"Blue Lock 19 - Yusuke Nomura: Ha llegado la hora de enfrentarse al F.C Barcha. \u00a1Bachira que jugar\u00e1 como titular, har\u00e1 alarde de su nueva superevoluci\u00f3n!\" \/>\n<meta name=\"robots\" content=\"index, follow, max-snippet:-1, max-image-preview:large, max-video-preview:-1\" \/>\n<link rel=\"canonical\" href=\"https:\/\/www.colossalstore.es\/en\/tienda\/manga\/blue-lock-19-yusuke-nomura\/\" \/>\n<meta property=\"og:locale\" content=\"en_US\" \/>\n<meta property=\"og:type\" content=\"article\" \/>\n<meta property=\"og:title\" content=\"Blue Lock 19 - Yusuke Nomura | Colossal Store\" \/>\n<meta property=\"og:description\" content=\"Blue Lock 19 - Yusuke Nomura: Ha llegado la hora de enfrentarse al F.C Barcha. \u00a1Bachira que jugar\u00e1 como titular, har\u00e1 alarde de su nueva superevoluci\u00f3n!\" \/>\n<meta property=\"og:url\" content=\"https:\/\/www.colossalstore.es\/en\/tienda\/manga\/blue-lock-19-yusuke-nomura\/\" \/>\n<meta property=\"og:site_name\" content=\"Colossal Store\" \/>\n<meta property=\"article:modified_time\" content=\"2026-01-05T18:33:23+00:00\" \/>\n<meta property=\"og:image\" content=\"https:\/\/www.colossalstore.es\/wp-content\/uploads\/2024\/02\/Blue-Lock-19-Yusuke-Nomura.webp\" \/>\n\t<meta property=\"og:image:width\" content=\"295\" \/>\n\t<meta property=\"og:image:height\" content=\"470\" \/>\n\t<meta property=\"og:image:type\" content=\"image\/webp\" \/>\n<meta name=\"twitter:card\" content=\"summary_large_image\" \/>\n<meta name=\"twitter:site\" content=\"@Colossal_Store\" \/>\n<meta name=\"twitter:label1\" content=\"Est. reading time\" \/>\n\t<meta name=\"twitter:data1\" content=\"1 minute\" \/>\n<script type=\"application\/ld+json\" class=\"yoast-schema-graph\">{\"@context\":\"https:\/\/schema.org\",\"@graph\":[{\"@type\":\"WebPage\",\"@id\":\"https:\/\/www.colossalstore.es\/tienda\/manga\/blue-lock-19-yusuke-nomura\/\",\"url\":\"https:\/\/www.colossalstore.es\/tienda\/manga\/blue-lock-19-yusuke-nomura\/\",\"name\":\"Blue Lock 19 - Yusuke Nomura | Colossal Store\",\"isPartOf\":{\"@id\":\"https:\/\/www.colossalstore.es\/#website\"},\"primaryImageOfPage\":{\"@id\":\"https:\/\/www.colossalstore.es\/tienda\/manga\/blue-lock-19-yusuke-nomura\/#primaryimage\"},\"image\":{\"@id\":\"https:\/\/www.colossalstore.es\/tienda\/manga\/blue-lock-19-yusuke-nomura\/#primaryimage\"},\"thumbnailUrl\":\"https:\/\/www.colossalstore.es\/wp-content\/uploads\/2024\/02\/Blue-Lock-19-Yusuke-Nomura.webp\",\"datePublished\":\"2024-02-01T18:05:47+00:00\",\"dateModified\":\"2026-01-05T18:33:23+00:00\",\"description\":\"Blue Lock 19 - Yusuke Nomura: Ha llegado la hora de enfrentarse al F.C Barcha. \u00a1Bachira que jugar\u00e1 como titular, har\u00e1 alarde de su nueva superevoluci\u00f3n!\",\"breadcrumb\":{\"@id\":\"https:\/\/www.colossalstore.es\/tienda\/manga\/blue-lock-19-yusuke-nomura\/#breadcrumb\"},\"inLanguage\":\"en-US\",\"potentialAction\":[{\"@type\":\"ReadAction\",\"target\":[\"https:\/\/www.colossalstore.es\/tienda\/manga\/blue-lock-19-yusuke-nomura\/\"]}]},{\"@type\":\"ImageObject\",\"inLanguage\":\"en-US\",\"@id\":\"https:\/\/www.colossalstore.es\/tienda\/manga\/blue-lock-19-yusuke-nomura\/#primaryimage\",\"url\":\"https:\/\/www.colossalstore.es\/wp-content\/uploads\/2024\/02\/Blue-Lock-19-Yusuke-Nomura.webp\",\"contentUrl\":\"https:\/\/www.colossalstore.es\/wp-content\/uploads\/2024\/02\/Blue-Lock-19-Yusuke-Nomura.webp\",\"width\":295,\"height\":470},{\"@type\":\"BreadcrumbList\",\"@id\":\"https:\/\/www.colossalstore.es\/tienda\/manga\/blue-lock-19-yusuke-nomura\/#breadcrumb\",\"itemListElement\":[{\"@type\":\"ListItem\",\"position\":1,\"name\":\"Home\",\"item\":\"https:\/\/www.colossalstore.es\/\"},{\"@type\":\"ListItem\",\"position\":2,\"name\":\"Tienda\",\"item\":\"https:\/\/www.colossalstore.es\/tienda\/\"},{\"@type\":\"ListItem\",\"position\":3,\"name\":\"BLUE LOCK N\u00ba 19\"}]},{\"@type\":\"WebSite\",\"@id\":\"https:\/\/www.colossalstore.es\/#website\",\"url\":\"https:\/\/www.colossalstore.es\/\",\"name\":\"Colossal Store\",\"description\":\"Colossal Store, tienda especializada en TCGs.\",\"publisher\":{\"@id\":\"https:\/\/www.colossalstore.es\/#organization\"},\"alternateName\":\"Colossal Store\",\"potentialAction\":[{\"@type\":\"SearchAction\",\"target\":{\"@type\":\"EntryPoint\",\"urlTemplate\":\"https:\/\/www.colossalstore.es\/?s={search_term_string}\"},\"query-input\":{\"@type\":\"PropertyValueSpecification\",\"valueRequired\":true,\"valueName\":\"search_term_string\"}}],\"inLanguage\":\"en-US\"},{\"@type\":\"Organization\",\"@id\":\"https:\/\/www.colossalstore.es\/#organization\",\"name\":\"Colossal Store\",\"url\":\"https:\/\/www.colossalstore.es\/\",\"logo\":{\"@type\":\"ImageObject\",\"inLanguage\":\"en-US\",\"@id\":\"https:\/\/www.colossalstore.es\/#\/schema\/logo\/image\/\",\"url\":\"https:\/\/www.colossalstore.es\/wp-content\/uploads\/2023\/05\/Colossal_Logo-02.png\",\"contentUrl\":\"https:\/\/www.colossalstore.es\/wp-content\/uploads\/2023\/05\/Colossal_Logo-02.png\",\"width\":1181,\"height\":1181,\"caption\":\"Colossal Store\"},\"image\":{\"@id\":\"https:\/\/www.colossalstore.es\/#\/schema\/logo\/image\/\"},\"sameAs\":[\"https:\/\/x.com\/Colossal_Store\",\"https:\/\/www.instagram.com\/colossal_store_tcg\/\",\"https:\/\/www.tiktok.com\/@colossalstore\"]}]}<\/script>\n<!-- \/ Yoast SEO plugin. -->","yoast_head_json":{"title":"Blue Lock 19 - Yusuke Nomura | Colossal Store","description":"Blue Lock 19 - Yusuke Nomura: Ha llegado la hora de enfrentarse al F.C Barcha. \u00a1Bachira que jugar\u00e1 como titular, har\u00e1 alarde de su nueva superevoluci\u00f3n!","robots":{"index":"index","follow":"follow","max-snippet":"max-snippet:-1","max-image-preview":"max-image-preview:large","max-video-preview":"max-video-preview:-1"},"canonical":"https:\/\/www.colossalstore.es\/en\/tienda\/manga\/blue-lock-19-yusuke-nomura\/","og_locale":"en_US","og_type":"article","og_title":"Blue Lock 19 - Yusuke Nomura | Colossal Store","og_description":"Blue Lock 19 - Yusuke Nomura: Ha llegado la hora de enfrentarse al F.C Barcha. \u00a1Bachira que jugar\u00e1 como titular, har\u00e1 alarde de su nueva superevoluci\u00f3n!","og_url":"https:\/\/www.colossalstore.es\/en\/tienda\/manga\/blue-lock-19-yusuke-nomura\/","og_site_name":"Colossal Store","article_modified_time":"2026-01-05T18:33:23+00:00","og_image":[{"width":295,"height":470,"url":"https:\/\/www.colossalstore.es\/wp-content\/uploads\/2024\/02\/Blue-Lock-19-Yusuke-Nomura.webp","type":"image\/webp"}],"twitter_card":"summary_large_image","twitter_site":"@Colossal_Store","twitter_misc":{"Est. reading time":"1 minute"},"schema":{"@context":"https:\/\/schema.org","@graph":[{"@type":"WebPage","@id":"https:\/\/www.colossalstore.es\/tienda\/manga\/blue-lock-19-yusuke-nomura\/","url":"https:\/\/www.colossalstore.es\/tienda\/manga\/blue-lock-19-yusuke-nomura\/","name":"Blue Lock 19 - Yusuke Nomura | Colossal Store","isPartOf":{"@id":"https:\/\/www.colossalstore.es\/#website"},"primaryImageOfPage":{"@id":"https:\/\/www.colossalstore.es\/tienda\/manga\/blue-lock-19-yusuke-nomura\/#primaryimage"},"image":{"@id":"https:\/\/www.colossalstore.es\/tienda\/manga\/blue-lock-19-yusuke-nomura\/#primaryimage"},"thumbnailUrl":"https:\/\/www.colossalstore.es\/wp-content\/uploads\/2024\/02\/Blue-Lock-19-Yusuke-Nomura.webp","datePublished":"2024-02-01T18:05:47+00:00","dateModified":"2026-01-05T18:33:23+00:00","description":"Blue Lock 19 - Yusuke Nomura: Ha llegado la hora de enfrentarse al F.C Barcha. \u00a1Bachira que jugar\u00e1 como titular, har\u00e1 alarde de su nueva superevoluci\u00f3n!","breadcrumb":{"@id":"https:\/\/www.colossalstore.es\/tienda\/manga\/blue-lock-19-yusuke-nomura\/#breadcrumb"},"inLanguage":"en-US","potentialAction":[{"@type":"ReadAction","target":["https:\/\/www.colossalstore.es\/tienda\/manga\/blue-lock-19-yusuke-nomura\/"]}]},{"@type":"ImageObject","inLanguage":"en-US","@id":"https:\/\/www.colossalstore.es\/tienda\/manga\/blue-lock-19-yusuke-nomura\/#primaryimage","url":"https:\/\/www.colossalstore.es\/wp-content\/uploads\/2024\/02\/Blue-Lock-19-Yusuke-Nomura.webp","contentUrl":"https:\/\/www.colossalstore.es\/wp-content\/uploads\/2024\/02\/Blue-Lock-19-Yusuke-Nomura.webp","width":295,"height":470},{"@type":"BreadcrumbList","@id":"https:\/\/www.colossalstore.es\/tienda\/manga\/blue-lock-19-yusuke-nomura\/#breadcrumb","itemListElement":[{"@type":"ListItem","position":1,"name":"Home","item":"https:\/\/www.colossalstore.es\/"},{"@type":"ListItem","position":2,"name":"Tienda","item":"https:\/\/www.colossalstore.es\/tienda\/"},{"@type":"ListItem","position":3,"name":"BLUE LOCK N\u00ba 19"}]},{"@type":"WebSite","@id":"https:\/\/www.colossalstore.es\/#website","url":"https:\/\/www.colossalstore.es\/","name":"Colossal Store","description":"Colossal Store, store specialized in TCGs.","publisher":{"@id":"https:\/\/www.colossalstore.es\/#organization"},"alternateName":"Colossal Store","potentialAction":[{"@type":"SearchAction","target":{"@type":"EntryPoint","urlTemplate":"https:\/\/www.colossalstore.es\/?s={search_term_string}"},"query-input":{"@type":"PropertyValueSpecification","valueRequired":true,"valueName":"search_term_string"}}],"inLanguage":"en-US"},{"@type":"Organization","@id":"https:\/\/www.colossalstore.es\/#organization","name":"Colossal Store","url":"https:\/\/www.colossalstore.es\/","logo":{"@type":"ImageObject","inLanguage":"en-US","@id":"https:\/\/www.colossalstore.es\/#\/schema\/logo\/image\/","url":"https:\/\/www.colossalstore.es\/wp-content\/uploads\/2023\/05\/Colossal_Logo-02.png","contentUrl":"https:\/\/www.colossalstore.es\/wp-content\/uploads\/2023\/05\/Colossal_Logo-02.png","width":1181,"height":1181,"caption":"Colossal Store"},"image":{"@id":"https:\/\/www.colossalstore.es\/#\/schema\/logo\/image\/"},"sameAs":["https:\/\/x.com\/Colossal_Store","https:\/\/www.instagram.com\/colossal_store_tcg\/","https:\/\/www.tiktok.com\/@colossalstore"]}]}},"_links":{"self":[{"href":"https:\/\/www.colossalstore.es\/en\/wp-json\/wp\/v2\/product\/7188","targetHints":{"allow":["GET"]}}],"collection":[{"href":"https:\/\/www.colossalstore.es\/en\/wp-json\/wp\/v2\/product"}],"about":[{"href":"https:\/\/www.colossalstore.es\/en\/wp-json\/wp\/v2\/types\/product"}],"replies":[{"embeddable":true,"href":"https:\/\/www.colossalstore.es\/en\/wp-json\/wp\/v2\/comments?post=7188"}],"wp:featuredmedia":[{"embeddable":true,"href":"https:\/\/www.colossalstore.es\/en\/wp-json\/wp\/v2\/media\/7189"}],"wp:attachment":[{"href":"https:\/\/www.colossalstore.es\/en\/wp-json\/wp\/v2\/media?parent=7188"}],"wp:term":[{"taxonomy":"product_brand","embeddable":true,"href":"https:\/\/www.colossalstore.es\/en\/wp-json\/wp\/v2\/product_brand?post=7188"},{"taxonomy":"product_cat","embeddable":true,"href":"https:\/\/www.colossalstore.es\/en\/wp-json\/wp\/v2\/product_cat?post=7188"},{"taxonomy":"product_tag","embeddable":true,"href":"https:\/\/www.colossalstore.es\/en\/wp-json\/wp\/v2\/product_tag?post=7188"}],"curies":[{"name":"wp","href":"https:\/\/api.w.org\/{rel}","templated":true}]}}