{"id":7132,"date":"2024-01-24T18:36:45","date_gmt":"2024-01-24T17:36:45","guid":{"rendered":"https:\/\/www.colossalstore.es\/?post_type=product&#038;p=7132"},"modified":"2025-06-20T11:15:35","modified_gmt":"2025-06-20T09:15:35","slug":"2-player-sarter-set-ingles-yugioh","status":"publish","type":"product","link":"https:\/\/www.colossalstore.es\/en\/tienda\/tcg\/yu-gi-oh\/2-player-sarter-set-ingles-yugioh\/","title":{"rendered":"2 Player Sarter Set English \u2013 YuGiOh!"},"content":{"rendered":"<p>2 Player Sarter Set English \u2013 YuGiOh!<\/p>\n<p>The new Yu\u2011Gi\u2011Oh! 2-Player Starter Set TCG is perfect for those duelists who want to learn the rules with friends, family or on their own.<\/p>\n<p>The 64-page Starter Set comic features a showdown with 2 different Decks that will guide you through a scheduled (non-random) duel. You will learn the basics of Yu-Gi-Oh! TCG: From the first card draw, through summons and battles, to the Xyz and Synchro Monsters in the Extra Deck.<\/p>\n<p>After completing the educational duel, the Decks can be rearranged to review it again or used as standard dueling Decks and begin your journey into the Yu-Gi-Oh! universe.<\/p>\n<p>Each 2-Player Beginner Set includes:<\/p>\n<ul>\n<li>2 Decks of 44 cards (2 Main Decks of 40 cards and 2 Extra Decks of 4 cards) (a total of 80 Common cards and 8 Ultra Rare cards)<\/li>\n<\/ul>\n<ul>\n<li>1 educational comic of 64 pages<\/li>\n<\/ul>","protected":false},"excerpt":{"rendered":"<p>2 Player Sarter Set Ingl\u00e9s &#8211; YuGiOh! El nuevo Set de Principiante para 2 Jugadores de Yu\u2011Gi\u2011Oh! JCC es perfecto para aquellos duelistas que quieran aprender las reglas con amigos, familia o por su cuenta. El c\u00f3mic de 64 p\u00e1ginas del Set de Principiante presenta un enfrentamiento con 2 Decks diferentes que te guiar\u00e1 a [&hellip;]<\/p>","protected":false},"featured_media":7130,"comment_status":"open","ping_status":"closed","template":"","meta":{"_joinchat":[]},"product_brand":[],"product_cat":[34,47],"product_tag":[],"class_list":{"0":"post-7132","1":"product","2":"type-product","3":"status-publish","4":"has-post-thumbnail","6":"product_cat-tcg","7":"product_cat-yu-gi-oh","9":"first","10":"outofstock","11":"taxable","12":"shipping-taxable","13":"purchasable","14":"product-type-simple"},"yoast_head":"<!-- This site is optimized with the Yoast SEO plugin v25.7 - https:\/\/yoast.com\/wordpress\/plugins\/seo\/ -->\n<title>2 Player Sarter Set Ingl\u00e9s - YuGiOh! | Colossal Store<\/title>\n<meta name=\"description\" content=\"2 Player Sarter Set Ingl\u00e9s - YuGiOh!: Cada Set de Principiante para 2 Jugadores incluye:\u00a02 Decks de 44 cartas y\u00a01 c\u00f3mic did\u00e1ctico de 64 p\u00e1ginas.\" \/>\n<meta name=\"robots\" content=\"index, follow, max-snippet:-1, max-image-preview:large, max-video-preview:-1\" \/>\n<link rel=\"canonical\" href=\"https:\/\/www.colossalstore.es\/en\/tienda\/tcg\/yu-gi-oh\/2-player-sarter-set-ingles-yugioh\/\" \/>\n<meta property=\"og:locale\" content=\"en_US\" \/>\n<meta property=\"og:type\" content=\"article\" \/>\n<meta property=\"og:title\" content=\"2 Player Sarter Set Ingl\u00e9s - YuGiOh! | Colossal Store\" \/>\n<meta property=\"og:description\" content=\"2 Player Sarter Set Ingl\u00e9s - YuGiOh!: Cada Set de Principiante para 2 Jugadores incluye:\u00a02 Decks de 44 cartas y\u00a01 c\u00f3mic did\u00e1ctico de 64 p\u00e1ginas.\" \/>\n<meta property=\"og:url\" content=\"https:\/\/www.colossalstore.es\/en\/tienda\/tcg\/yu-gi-oh\/2-player-sarter-set-ingles-yugioh\/\" \/>\n<meta property=\"og:site_name\" content=\"Colossal Store\" \/>\n<meta property=\"article:modified_time\" content=\"2025-06-20T09:15:35+00:00\" \/>\n<meta property=\"og:image\" content=\"https:\/\/www.colossalstore.es\/wp-content\/uploads\/2024\/01\/2-player-starter-set-ingles-yu-gi-oh.jpg\" \/>\n\t<meta property=\"og:image:width\" content=\"600\" \/>\n\t<meta property=\"og:image:height\" content=\"800\" \/>\n\t<meta property=\"og:image:type\" content=\"image\/jpeg\" \/>\n<meta name=\"twitter:card\" content=\"summary_large_image\" \/>\n<meta name=\"twitter:site\" content=\"@Colossal_Store\" \/>\n<meta name=\"twitter:label1\" content=\"Est. reading time\" \/>\n\t<meta name=\"twitter:data1\" content=\"1 minute\" \/>\n<script type=\"application\/ld+json\" class=\"yoast-schema-graph\">{\"@context\":\"https:\/\/schema.org\",\"@graph\":[{\"@type\":\"WebPage\",\"@id\":\"https:\/\/www.colossalstore.es\/tienda\/tcg\/yu-gi-oh\/2-player-sarter-set-ingles-yugioh\/\",\"url\":\"https:\/\/www.colossalstore.es\/tienda\/tcg\/yu-gi-oh\/2-player-sarter-set-ingles-yugioh\/\",\"name\":\"2 Player Sarter Set Ingl\u00e9s - YuGiOh! | Colossal Store\",\"isPartOf\":{\"@id\":\"https:\/\/www.colossalstore.es\/#website\"},\"primaryImageOfPage\":{\"@id\":\"https:\/\/www.colossalstore.es\/tienda\/tcg\/yu-gi-oh\/2-player-sarter-set-ingles-yugioh\/#primaryimage\"},\"image\":{\"@id\":\"https:\/\/www.colossalstore.es\/tienda\/tcg\/yu-gi-oh\/2-player-sarter-set-ingles-yugioh\/#primaryimage\"},\"thumbnailUrl\":\"https:\/\/www.colossalstore.es\/wp-content\/uploads\/2024\/01\/2-player-starter-set-ingles-yu-gi-oh.jpg\",\"datePublished\":\"2024-01-24T17:36:45+00:00\",\"dateModified\":\"2025-06-20T09:15:35+00:00\",\"description\":\"2 Player Sarter Set Ingl\u00e9s - YuGiOh!: Cada Set de Principiante para 2 Jugadores incluye:\u00a02 Decks de 44 cartas y\u00a01 c\u00f3mic did\u00e1ctico de 64 p\u00e1ginas.\",\"breadcrumb\":{\"@id\":\"https:\/\/www.colossalstore.es\/tienda\/tcg\/yu-gi-oh\/2-player-sarter-set-ingles-yugioh\/#breadcrumb\"},\"inLanguage\":\"en-US\",\"potentialAction\":[{\"@type\":\"ReadAction\",\"target\":[\"https:\/\/www.colossalstore.es\/tienda\/tcg\/yu-gi-oh\/2-player-sarter-set-ingles-yugioh\/\"]}]},{\"@type\":\"ImageObject\",\"inLanguage\":\"en-US\",\"@id\":\"https:\/\/www.colossalstore.es\/tienda\/tcg\/yu-gi-oh\/2-player-sarter-set-ingles-yugioh\/#primaryimage\",\"url\":\"https:\/\/www.colossalstore.es\/wp-content\/uploads\/2024\/01\/2-player-starter-set-ingles-yu-gi-oh.jpg\",\"contentUrl\":\"https:\/\/www.colossalstore.es\/wp-content\/uploads\/2024\/01\/2-player-starter-set-ingles-yu-gi-oh.jpg\",\"width\":600,\"height\":800},{\"@type\":\"BreadcrumbList\",\"@id\":\"https:\/\/www.colossalstore.es\/tienda\/tcg\/yu-gi-oh\/2-player-sarter-set-ingles-yugioh\/#breadcrumb\",\"itemListElement\":[{\"@type\":\"ListItem\",\"position\":1,\"name\":\"Home\",\"item\":\"https:\/\/www.colossalstore.es\/\"},{\"@type\":\"ListItem\",\"position\":2,\"name\":\"Tienda\",\"item\":\"https:\/\/www.colossalstore.es\/tienda\/\"},{\"@type\":\"ListItem\",\"position\":3,\"name\":\"2 Player Sarter Set Ingl\u00e9s &#8211; YuGiOh!\"}]},{\"@type\":\"WebSite\",\"@id\":\"https:\/\/www.colossalstore.es\/#website\",\"url\":\"https:\/\/www.colossalstore.es\/\",\"name\":\"Colossal Store\",\"description\":\"Colossal Store, tienda especializada en TCGs.\",\"publisher\":{\"@id\":\"https:\/\/www.colossalstore.es\/#organization\"},\"alternateName\":\"Colossal Store\",\"potentialAction\":[{\"@type\":\"SearchAction\",\"target\":{\"@type\":\"EntryPoint\",\"urlTemplate\":\"https:\/\/www.colossalstore.es\/?s={search_term_string}\"},\"query-input\":{\"@type\":\"PropertyValueSpecification\",\"valueRequired\":true,\"valueName\":\"search_term_string\"}}],\"inLanguage\":\"en-US\"},{\"@type\":\"Organization\",\"@id\":\"https:\/\/www.colossalstore.es\/#organization\",\"name\":\"Colossal Store\",\"url\":\"https:\/\/www.colossalstore.es\/\",\"logo\":{\"@type\":\"ImageObject\",\"inLanguage\":\"en-US\",\"@id\":\"https:\/\/www.colossalstore.es\/#\/schema\/logo\/image\/\",\"url\":\"https:\/\/www.colossalstore.es\/wp-content\/uploads\/2023\/05\/Colossal_Logo-02.png\",\"contentUrl\":\"https:\/\/www.colossalstore.es\/wp-content\/uploads\/2023\/05\/Colossal_Logo-02.png\",\"width\":1181,\"height\":1181,\"caption\":\"Colossal Store\"},\"image\":{\"@id\":\"https:\/\/www.colossalstore.es\/#\/schema\/logo\/image\/\"},\"sameAs\":[\"https:\/\/x.com\/Colossal_Store\",\"https:\/\/www.instagram.com\/colossal_store_tcg\/\",\"https:\/\/www.tiktok.com\/@colossalstore\"]}]}<\/script>\n<!-- \/ Yoast SEO plugin. -->","yoast_head_json":{"title":"2 Player Sarter Set Ingl\u00e9s - YuGiOh! | Colossal Store","description":"2 Player Sarter Set Ingl\u00e9s - YuGiOh!: Cada Set de Principiante para 2 Jugadores incluye:\u00a02 Decks de 44 cartas y\u00a01 c\u00f3mic did\u00e1ctico de 64 p\u00e1ginas.","robots":{"index":"index","follow":"follow","max-snippet":"max-snippet:-1","max-image-preview":"max-image-preview:large","max-video-preview":"max-video-preview:-1"},"canonical":"https:\/\/www.colossalstore.es\/en\/tienda\/tcg\/yu-gi-oh\/2-player-sarter-set-ingles-yugioh\/","og_locale":"en_US","og_type":"article","og_title":"2 Player Sarter Set Ingl\u00e9s - YuGiOh! | Colossal Store","og_description":"2 Player Sarter Set Ingl\u00e9s - YuGiOh!: Cada Set de Principiante para 2 Jugadores incluye:\u00a02 Decks de 44 cartas y\u00a01 c\u00f3mic did\u00e1ctico de 64 p\u00e1ginas.","og_url":"https:\/\/www.colossalstore.es\/en\/tienda\/tcg\/yu-gi-oh\/2-player-sarter-set-ingles-yugioh\/","og_site_name":"Colossal Store","article_modified_time":"2025-06-20T09:15:35+00:00","og_image":[{"width":600,"height":800,"url":"https:\/\/www.colossalstore.es\/wp-content\/uploads\/2024\/01\/2-player-starter-set-ingles-yu-gi-oh.jpg","type":"image\/jpeg"}],"twitter_card":"summary_large_image","twitter_site":"@Colossal_Store","twitter_misc":{"Est. reading time":"1 minute"},"schema":{"@context":"https:\/\/schema.org","@graph":[{"@type":"WebPage","@id":"https:\/\/www.colossalstore.es\/tienda\/tcg\/yu-gi-oh\/2-player-sarter-set-ingles-yugioh\/","url":"https:\/\/www.colossalstore.es\/tienda\/tcg\/yu-gi-oh\/2-player-sarter-set-ingles-yugioh\/","name":"2 Player Sarter Set Ingl\u00e9s - YuGiOh! | Colossal Store","isPartOf":{"@id":"https:\/\/www.colossalstore.es\/#website"},"primaryImageOfPage":{"@id":"https:\/\/www.colossalstore.es\/tienda\/tcg\/yu-gi-oh\/2-player-sarter-set-ingles-yugioh\/#primaryimage"},"image":{"@id":"https:\/\/www.colossalstore.es\/tienda\/tcg\/yu-gi-oh\/2-player-sarter-set-ingles-yugioh\/#primaryimage"},"thumbnailUrl":"https:\/\/www.colossalstore.es\/wp-content\/uploads\/2024\/01\/2-player-starter-set-ingles-yu-gi-oh.jpg","datePublished":"2024-01-24T17:36:45+00:00","dateModified":"2025-06-20T09:15:35+00:00","description":"2 Player Sarter Set Ingl\u00e9s - YuGiOh!: Cada Set de Principiante para 2 Jugadores incluye:\u00a02 Decks de 44 cartas y\u00a01 c\u00f3mic did\u00e1ctico de 64 p\u00e1ginas.","breadcrumb":{"@id":"https:\/\/www.colossalstore.es\/tienda\/tcg\/yu-gi-oh\/2-player-sarter-set-ingles-yugioh\/#breadcrumb"},"inLanguage":"en-US","potentialAction":[{"@type":"ReadAction","target":["https:\/\/www.colossalstore.es\/tienda\/tcg\/yu-gi-oh\/2-player-sarter-set-ingles-yugioh\/"]}]},{"@type":"ImageObject","inLanguage":"en-US","@id":"https:\/\/www.colossalstore.es\/tienda\/tcg\/yu-gi-oh\/2-player-sarter-set-ingles-yugioh\/#primaryimage","url":"https:\/\/www.colossalstore.es\/wp-content\/uploads\/2024\/01\/2-player-starter-set-ingles-yu-gi-oh.jpg","contentUrl":"https:\/\/www.colossalstore.es\/wp-content\/uploads\/2024\/01\/2-player-starter-set-ingles-yu-gi-oh.jpg","width":600,"height":800},{"@type":"BreadcrumbList","@id":"https:\/\/www.colossalstore.es\/tienda\/tcg\/yu-gi-oh\/2-player-sarter-set-ingles-yugioh\/#breadcrumb","itemListElement":[{"@type":"ListItem","position":1,"name":"Home","item":"https:\/\/www.colossalstore.es\/"},{"@type":"ListItem","position":2,"name":"Tienda","item":"https:\/\/www.colossalstore.es\/tienda\/"},{"@type":"ListItem","position":3,"name":"2 Player Sarter Set Ingl\u00e9s &#8211; YuGiOh!"}]},{"@type":"WebSite","@id":"https:\/\/www.colossalstore.es\/#website","url":"https:\/\/www.colossalstore.es\/","name":"Colossal Store","description":"Colossal Store, store specialized in TCGs.","publisher":{"@id":"https:\/\/www.colossalstore.es\/#organization"},"alternateName":"Colossal Store","potentialAction":[{"@type":"SearchAction","target":{"@type":"EntryPoint","urlTemplate":"https:\/\/www.colossalstore.es\/?s={search_term_string}"},"query-input":{"@type":"PropertyValueSpecification","valueRequired":true,"valueName":"search_term_string"}}],"inLanguage":"en-US"},{"@type":"Organization","@id":"https:\/\/www.colossalstore.es\/#organization","name":"Colossal Store","url":"https:\/\/www.colossalstore.es\/","logo":{"@type":"ImageObject","inLanguage":"en-US","@id":"https:\/\/www.colossalstore.es\/#\/schema\/logo\/image\/","url":"https:\/\/www.colossalstore.es\/wp-content\/uploads\/2023\/05\/Colossal_Logo-02.png","contentUrl":"https:\/\/www.colossalstore.es\/wp-content\/uploads\/2023\/05\/Colossal_Logo-02.png","width":1181,"height":1181,"caption":"Colossal Store"},"image":{"@id":"https:\/\/www.colossalstore.es\/#\/schema\/logo\/image\/"},"sameAs":["https:\/\/x.com\/Colossal_Store","https:\/\/www.instagram.com\/colossal_store_tcg\/","https:\/\/www.tiktok.com\/@colossalstore"]}]}},"_links":{"self":[{"href":"https:\/\/www.colossalstore.es\/en\/wp-json\/wp\/v2\/product\/7132","targetHints":{"allow":["GET"]}}],"collection":[{"href":"https:\/\/www.colossalstore.es\/en\/wp-json\/wp\/v2\/product"}],"about":[{"href":"https:\/\/www.colossalstore.es\/en\/wp-json\/wp\/v2\/types\/product"}],"replies":[{"embeddable":true,"href":"https:\/\/www.colossalstore.es\/en\/wp-json\/wp\/v2\/comments?post=7132"}],"wp:featuredmedia":[{"embeddable":true,"href":"https:\/\/www.colossalstore.es\/en\/wp-json\/wp\/v2\/media\/7130"}],"wp:attachment":[{"href":"https:\/\/www.colossalstore.es\/en\/wp-json\/wp\/v2\/media?parent=7132"}],"wp:term":[{"taxonomy":"product_brand","embeddable":true,"href":"https:\/\/www.colossalstore.es\/en\/wp-json\/wp\/v2\/product_brand?post=7132"},{"taxonomy":"product_cat","embeddable":true,"href":"https:\/\/www.colossalstore.es\/en\/wp-json\/wp\/v2\/product_cat?post=7132"},{"taxonomy":"product_tag","embeddable":true,"href":"https:\/\/www.colossalstore.es\/en\/wp-json\/wp\/v2\/product_tag?post=7132"}],"curies":[{"name":"wp","href":"https:\/\/api.w.org\/{rel}","templated":true}]}}