{"id":7024,"date":"2024-01-18T18:15:26","date_gmt":"2024-01-18T17:15:26","guid":{"rendered":"https:\/\/www.colossalstore.es\/?post_type=product&#038;p=7024"},"modified":"2025-06-23T18:12:53","modified_gmt":"2025-06-23T16:12:53","slug":"frieren-7-kanehito-yamada-y-tsukasa-abe","status":"publish","type":"product","link":"https:\/\/www.colossalstore.es\/en\/tienda\/manga\/frieren-7-kanehito-yamada-y-tsukasa-abe\/","title":{"rendered":"Frieren 7 \u2013 Kanehito Yamada and Tsukasa Abe"},"content":{"rendered":"<p>Frieren 7 \u2013 Kanehito Yamada and Tsukasa Abe<\/p>\n<div id=\"content\">\n<p>Once the exams are over, Frieren resumes his path to Aureole, the land where souls rest. On her trip, it will be the meetings and farewells that help her remember the words and experiences of her old adventure companions.<\/p>\n<\/div>","protected":false},"excerpt":{"rendered":"<p>Frieren 7 &#8211; Kanehito Yamada y Tsukasa Abe Una vez terminados los ex\u00e1menes, Frieren retoma su camino hacia Aureole, la tierra donde descansan las almas. En su viaje, ser\u00e1n los encuentros y las despedidas los que la ayuden a recordar las palabras y vivencias de sus viejos compa\u00f1eros de aventuras.<\/p>","protected":false},"featured_media":7025,"comment_status":"open","ping_status":"closed","template":"","meta":{"_joinchat":[]},"product_brand":[],"product_cat":[32],"product_tag":[],"class_list":{"0":"post-7024","1":"product","2":"type-product","3":"status-publish","4":"has-post-thumbnail","6":"product_cat-manga","8":"first","9":"outofstock","10":"sale","11":"taxable","12":"shipping-taxable","13":"purchasable","14":"product-type-simple"},"yoast_head":"<!-- This site is optimized with the Yoast SEO plugin v25.7 - https:\/\/yoast.com\/wordpress\/plugins\/seo\/ -->\n<title>Frieren 7 - Kanehito Yamada y Tsukasa Abe | Colossal Store<\/title>\n<meta name=\"description\" content=\"Frieren 7 - Kanehito Yamada y Tsukasa Abe: Una vez terminados los ex\u00e1menes, Frieren retoma su camino hacia Aureole, la tierra donde descansan las almas.\" \/>\n<meta name=\"robots\" content=\"index, follow, max-snippet:-1, max-image-preview:large, max-video-preview:-1\" \/>\n<link rel=\"canonical\" href=\"https:\/\/www.colossalstore.es\/en\/tienda\/manga\/frieren-7-kanehito-yamada-y-tsukasa-abe\/\" \/>\n<meta property=\"og:locale\" content=\"en_US\" \/>\n<meta property=\"og:type\" content=\"article\" \/>\n<meta property=\"og:title\" content=\"Frieren 7 - Kanehito Yamada y Tsukasa Abe | Colossal Store\" \/>\n<meta property=\"og:description\" content=\"Frieren 7 - Kanehito Yamada y Tsukasa Abe: Una vez terminados los ex\u00e1menes, Frieren retoma su camino hacia Aureole, la tierra donde descansan las almas.\" \/>\n<meta property=\"og:url\" content=\"https:\/\/www.colossalstore.es\/en\/tienda\/manga\/frieren-7-kanehito-yamada-y-tsukasa-abe\/\" \/>\n<meta property=\"og:site_name\" content=\"Colossal Store\" \/>\n<meta property=\"article:modified_time\" content=\"2025-06-23T16:12:53+00:00\" \/>\n<meta property=\"og:image\" content=\"https:\/\/www.colossalstore.es\/wp-content\/uploads\/2024\/01\/Frieren-7.jpeg\" \/>\n\t<meta property=\"og:image:width\" content=\"650\" \/>\n\t<meta property=\"og:image:height\" content=\"988\" \/>\n\t<meta property=\"og:image:type\" content=\"image\/jpeg\" \/>\n<meta name=\"twitter:card\" content=\"summary_large_image\" \/>\n<meta name=\"twitter:site\" content=\"@Colossal_Store\" \/>\n<meta name=\"twitter:label1\" content=\"Est. reading time\" \/>\n\t<meta name=\"twitter:data1\" content=\"1 minute\" \/>\n<script type=\"application\/ld+json\" class=\"yoast-schema-graph\">{\"@context\":\"https:\/\/schema.org\",\"@graph\":[{\"@type\":\"WebPage\",\"@id\":\"https:\/\/www.colossalstore.es\/tienda\/manga\/frieren-7-kanehito-yamada-y-tsukasa-abe\/\",\"url\":\"https:\/\/www.colossalstore.es\/tienda\/manga\/frieren-7-kanehito-yamada-y-tsukasa-abe\/\",\"name\":\"Frieren 7 - Kanehito Yamada y Tsukasa Abe | Colossal Store\",\"isPartOf\":{\"@id\":\"https:\/\/www.colossalstore.es\/#website\"},\"primaryImageOfPage\":{\"@id\":\"https:\/\/www.colossalstore.es\/tienda\/manga\/frieren-7-kanehito-yamada-y-tsukasa-abe\/#primaryimage\"},\"image\":{\"@id\":\"https:\/\/www.colossalstore.es\/tienda\/manga\/frieren-7-kanehito-yamada-y-tsukasa-abe\/#primaryimage\"},\"thumbnailUrl\":\"https:\/\/www.colossalstore.es\/wp-content\/uploads\/2024\/01\/Frieren-7.jpeg\",\"datePublished\":\"2024-01-18T17:15:26+00:00\",\"dateModified\":\"2025-06-23T16:12:53+00:00\",\"description\":\"Frieren 7 - Kanehito Yamada y Tsukasa Abe: Una vez terminados los ex\u00e1menes, Frieren retoma su camino hacia Aureole, la tierra donde descansan las almas.\",\"breadcrumb\":{\"@id\":\"https:\/\/www.colossalstore.es\/tienda\/manga\/frieren-7-kanehito-yamada-y-tsukasa-abe\/#breadcrumb\"},\"inLanguage\":\"en-US\",\"potentialAction\":[{\"@type\":\"ReadAction\",\"target\":[\"https:\/\/www.colossalstore.es\/tienda\/manga\/frieren-7-kanehito-yamada-y-tsukasa-abe\/\"]}]},{\"@type\":\"ImageObject\",\"inLanguage\":\"en-US\",\"@id\":\"https:\/\/www.colossalstore.es\/tienda\/manga\/frieren-7-kanehito-yamada-y-tsukasa-abe\/#primaryimage\",\"url\":\"https:\/\/www.colossalstore.es\/wp-content\/uploads\/2024\/01\/Frieren-7.jpeg\",\"contentUrl\":\"https:\/\/www.colossalstore.es\/wp-content\/uploads\/2024\/01\/Frieren-7.jpeg\",\"width\":650,\"height\":988},{\"@type\":\"BreadcrumbList\",\"@id\":\"https:\/\/www.colossalstore.es\/tienda\/manga\/frieren-7-kanehito-yamada-y-tsukasa-abe\/#breadcrumb\",\"itemListElement\":[{\"@type\":\"ListItem\",\"position\":1,\"name\":\"Home\",\"item\":\"https:\/\/www.colossalstore.es\/\"},{\"@type\":\"ListItem\",\"position\":2,\"name\":\"Tienda\",\"item\":\"https:\/\/www.colossalstore.es\/tienda\/\"},{\"@type\":\"ListItem\",\"position\":3,\"name\":\"Frieren 7 &#8211; Kanehito Yamada y Tsukasa Abe\"}]},{\"@type\":\"WebSite\",\"@id\":\"https:\/\/www.colossalstore.es\/#website\",\"url\":\"https:\/\/www.colossalstore.es\/\",\"name\":\"Colossal Store\",\"description\":\"Colossal Store, tienda especializada en TCGs.\",\"publisher\":{\"@id\":\"https:\/\/www.colossalstore.es\/#organization\"},\"alternateName\":\"Colossal Store\",\"potentialAction\":[{\"@type\":\"SearchAction\",\"target\":{\"@type\":\"EntryPoint\",\"urlTemplate\":\"https:\/\/www.colossalstore.es\/?s={search_term_string}\"},\"query-input\":{\"@type\":\"PropertyValueSpecification\",\"valueRequired\":true,\"valueName\":\"search_term_string\"}}],\"inLanguage\":\"en-US\"},{\"@type\":\"Organization\",\"@id\":\"https:\/\/www.colossalstore.es\/#organization\",\"name\":\"Colossal Store\",\"url\":\"https:\/\/www.colossalstore.es\/\",\"logo\":{\"@type\":\"ImageObject\",\"inLanguage\":\"en-US\",\"@id\":\"https:\/\/www.colossalstore.es\/#\/schema\/logo\/image\/\",\"url\":\"https:\/\/www.colossalstore.es\/wp-content\/uploads\/2023\/05\/Colossal_Logo-02.png\",\"contentUrl\":\"https:\/\/www.colossalstore.es\/wp-content\/uploads\/2023\/05\/Colossal_Logo-02.png\",\"width\":1181,\"height\":1181,\"caption\":\"Colossal Store\"},\"image\":{\"@id\":\"https:\/\/www.colossalstore.es\/#\/schema\/logo\/image\/\"},\"sameAs\":[\"https:\/\/x.com\/Colossal_Store\",\"https:\/\/www.instagram.com\/colossal_store_tcg\/\",\"https:\/\/www.tiktok.com\/@colossalstore\"]}]}<\/script>\n<!-- \/ Yoast SEO plugin. -->","yoast_head_json":{"title":"Frieren 7 - Kanehito Yamada y Tsukasa Abe | Colossal Store","description":"Frieren 7 - Kanehito Yamada y Tsukasa Abe: Una vez terminados los ex\u00e1menes, Frieren retoma su camino hacia Aureole, la tierra donde descansan las almas.","robots":{"index":"index","follow":"follow","max-snippet":"max-snippet:-1","max-image-preview":"max-image-preview:large","max-video-preview":"max-video-preview:-1"},"canonical":"https:\/\/www.colossalstore.es\/en\/tienda\/manga\/frieren-7-kanehito-yamada-y-tsukasa-abe\/","og_locale":"en_US","og_type":"article","og_title":"Frieren 7 - Kanehito Yamada y Tsukasa Abe | Colossal Store","og_description":"Frieren 7 - Kanehito Yamada y Tsukasa Abe: Una vez terminados los ex\u00e1menes, Frieren retoma su camino hacia Aureole, la tierra donde descansan las almas.","og_url":"https:\/\/www.colossalstore.es\/en\/tienda\/manga\/frieren-7-kanehito-yamada-y-tsukasa-abe\/","og_site_name":"Colossal Store","article_modified_time":"2025-06-23T16:12:53+00:00","og_image":[{"width":650,"height":988,"url":"https:\/\/www.colossalstore.es\/wp-content\/uploads\/2024\/01\/Frieren-7.jpeg","type":"image\/jpeg"}],"twitter_card":"summary_large_image","twitter_site":"@Colossal_Store","twitter_misc":{"Est. reading time":"1 minute"},"schema":{"@context":"https:\/\/schema.org","@graph":[{"@type":"WebPage","@id":"https:\/\/www.colossalstore.es\/tienda\/manga\/frieren-7-kanehito-yamada-y-tsukasa-abe\/","url":"https:\/\/www.colossalstore.es\/tienda\/manga\/frieren-7-kanehito-yamada-y-tsukasa-abe\/","name":"Frieren 7 - Kanehito Yamada y Tsukasa Abe | Colossal Store","isPartOf":{"@id":"https:\/\/www.colossalstore.es\/#website"},"primaryImageOfPage":{"@id":"https:\/\/www.colossalstore.es\/tienda\/manga\/frieren-7-kanehito-yamada-y-tsukasa-abe\/#primaryimage"},"image":{"@id":"https:\/\/www.colossalstore.es\/tienda\/manga\/frieren-7-kanehito-yamada-y-tsukasa-abe\/#primaryimage"},"thumbnailUrl":"https:\/\/www.colossalstore.es\/wp-content\/uploads\/2024\/01\/Frieren-7.jpeg","datePublished":"2024-01-18T17:15:26+00:00","dateModified":"2025-06-23T16:12:53+00:00","description":"Frieren 7 - Kanehito Yamada y Tsukasa Abe: Una vez terminados los ex\u00e1menes, Frieren retoma su camino hacia Aureole, la tierra donde descansan las almas.","breadcrumb":{"@id":"https:\/\/www.colossalstore.es\/tienda\/manga\/frieren-7-kanehito-yamada-y-tsukasa-abe\/#breadcrumb"},"inLanguage":"en-US","potentialAction":[{"@type":"ReadAction","target":["https:\/\/www.colossalstore.es\/tienda\/manga\/frieren-7-kanehito-yamada-y-tsukasa-abe\/"]}]},{"@type":"ImageObject","inLanguage":"en-US","@id":"https:\/\/www.colossalstore.es\/tienda\/manga\/frieren-7-kanehito-yamada-y-tsukasa-abe\/#primaryimage","url":"https:\/\/www.colossalstore.es\/wp-content\/uploads\/2024\/01\/Frieren-7.jpeg","contentUrl":"https:\/\/www.colossalstore.es\/wp-content\/uploads\/2024\/01\/Frieren-7.jpeg","width":650,"height":988},{"@type":"BreadcrumbList","@id":"https:\/\/www.colossalstore.es\/tienda\/manga\/frieren-7-kanehito-yamada-y-tsukasa-abe\/#breadcrumb","itemListElement":[{"@type":"ListItem","position":1,"name":"Home","item":"https:\/\/www.colossalstore.es\/"},{"@type":"ListItem","position":2,"name":"Tienda","item":"https:\/\/www.colossalstore.es\/tienda\/"},{"@type":"ListItem","position":3,"name":"Frieren 7 &#8211; Kanehito Yamada y Tsukasa Abe"}]},{"@type":"WebSite","@id":"https:\/\/www.colossalstore.es\/#website","url":"https:\/\/www.colossalstore.es\/","name":"Colossal Store","description":"Colossal Store, store specialized in TCGs.","publisher":{"@id":"https:\/\/www.colossalstore.es\/#organization"},"alternateName":"Colossal Store","potentialAction":[{"@type":"SearchAction","target":{"@type":"EntryPoint","urlTemplate":"https:\/\/www.colossalstore.es\/?s={search_term_string}"},"query-input":{"@type":"PropertyValueSpecification","valueRequired":true,"valueName":"search_term_string"}}],"inLanguage":"en-US"},{"@type":"Organization","@id":"https:\/\/www.colossalstore.es\/#organization","name":"Colossal Store","url":"https:\/\/www.colossalstore.es\/","logo":{"@type":"ImageObject","inLanguage":"en-US","@id":"https:\/\/www.colossalstore.es\/#\/schema\/logo\/image\/","url":"https:\/\/www.colossalstore.es\/wp-content\/uploads\/2023\/05\/Colossal_Logo-02.png","contentUrl":"https:\/\/www.colossalstore.es\/wp-content\/uploads\/2023\/05\/Colossal_Logo-02.png","width":1181,"height":1181,"caption":"Colossal Store"},"image":{"@id":"https:\/\/www.colossalstore.es\/#\/schema\/logo\/image\/"},"sameAs":["https:\/\/x.com\/Colossal_Store","https:\/\/www.instagram.com\/colossal_store_tcg\/","https:\/\/www.tiktok.com\/@colossalstore"]}]}},"_links":{"self":[{"href":"https:\/\/www.colossalstore.es\/en\/wp-json\/wp\/v2\/product\/7024","targetHints":{"allow":["GET"]}}],"collection":[{"href":"https:\/\/www.colossalstore.es\/en\/wp-json\/wp\/v2\/product"}],"about":[{"href":"https:\/\/www.colossalstore.es\/en\/wp-json\/wp\/v2\/types\/product"}],"replies":[{"embeddable":true,"href":"https:\/\/www.colossalstore.es\/en\/wp-json\/wp\/v2\/comments?post=7024"}],"wp:featuredmedia":[{"embeddable":true,"href":"https:\/\/www.colossalstore.es\/en\/wp-json\/wp\/v2\/media\/7025"}],"wp:attachment":[{"href":"https:\/\/www.colossalstore.es\/en\/wp-json\/wp\/v2\/media?parent=7024"}],"wp:term":[{"taxonomy":"product_brand","embeddable":true,"href":"https:\/\/www.colossalstore.es\/en\/wp-json\/wp\/v2\/product_brand?post=7024"},{"taxonomy":"product_cat","embeddable":true,"href":"https:\/\/www.colossalstore.es\/en\/wp-json\/wp\/v2\/product_cat?post=7024"},{"taxonomy":"product_tag","embeddable":true,"href":"https:\/\/www.colossalstore.es\/en\/wp-json\/wp\/v2\/product_tag?post=7024"}],"curies":[{"name":"wp","href":"https:\/\/api.w.org\/{rel}","templated":true}]}}