{"id":7020,"date":"2024-01-18T18:12:03","date_gmt":"2024-01-18T17:12:03","guid":{"rendered":"https:\/\/www.colossalstore.es\/?post_type=product&#038;p=7020"},"modified":"2025-06-23T18:12:53","modified_gmt":"2025-06-23T16:12:53","slug":"frieren-5-kanehito-yamada-y-tsukasa-abe","status":"publish","type":"product","link":"https:\/\/www.colossalstore.es\/en\/tienda\/manga\/frieren-5-kanehito-yamada-y-tsukasa-abe\/","title":{"rendered":"Frieren 5 \u2013 Kanehito Yamada and Tsukasa Abe"},"content":{"rendered":"<p>Frieren 5 \u2013 Kanehito Yamada and Tsukasa Abe<\/p>\n<div id=\"content\">\n<p>In order to continue advancing on her journey to Aureole, the land where souls rest, Frieren will have to pass the first level mage exam. In the course of his tests he will meet all kinds of new magicians whose methods are beyond the ordinary, and the beliefs and motivations of those who pursue the same goal will be revealed to him.<\/p>\n<p>This is a story that invites us to discover the legacy left behind by those who were once heroes.<\/p>\n<\/div>","protected":false},"excerpt":{"rendered":"<p>Frieren 5 &#8211; Kanehito Yamada y Tsukasa Abe Para poder seguir avanzando en su viaje hacia Aureole, la tierra donde descansan las almas, Frieren tendr\u00e1 que aprobar el examen de maga de primer nivel. En el transcurso de sus pruebas conocer\u00e1 a toda clase de nuevos magos cuyos m\u00e9todos se escapan de lo com\u00fan, y [&hellip;]<\/p>","protected":false},"featured_media":7021,"comment_status":"open","ping_status":"closed","template":"","meta":{"_joinchat":[]},"product_brand":[],"product_cat":[32],"product_tag":[],"class_list":{"0":"post-7020","1":"product","2":"type-product","3":"status-publish","4":"has-post-thumbnail","6":"product_cat-manga","8":"first","9":"outofstock","10":"sale","11":"taxable","12":"shipping-taxable","13":"purchasable","14":"product-type-simple"},"yoast_head":"<!-- This site is optimized with the Yoast SEO plugin v25.7 - https:\/\/yoast.com\/wordpress\/plugins\/seo\/ -->\n<title>Frieren 5 - Kanehito Yamada y Tsukasa Abe | Colossal Store<\/title>\n<meta name=\"description\" content=\"Frieren 5 - Kanehito Yamada y Tsukasa Abe: Para poder seguir avanzando en su viaje hacia Aureole, la tierra donde descansan las almas, Frieren tendr\u00e1 que aprobar el examen de maga de primer nivel.\" \/>\n<meta name=\"robots\" content=\"index, follow, max-snippet:-1, max-image-preview:large, max-video-preview:-1\" \/>\n<link rel=\"canonical\" href=\"https:\/\/www.colossalstore.es\/en\/tienda\/manga\/frieren-5-kanehito-yamada-y-tsukasa-abe\/\" \/>\n<meta property=\"og:locale\" content=\"en_US\" \/>\n<meta property=\"og:type\" content=\"article\" \/>\n<meta property=\"og:title\" content=\"Frieren 5 - Kanehito Yamada y Tsukasa Abe | Colossal Store\" \/>\n<meta property=\"og:description\" content=\"Frieren 5 - Kanehito Yamada y Tsukasa Abe: Para poder seguir avanzando en su viaje hacia Aureole, la tierra donde descansan las almas, Frieren tendr\u00e1 que aprobar el examen de maga de primer nivel.\" \/>\n<meta property=\"og:url\" content=\"https:\/\/www.colossalstore.es\/en\/tienda\/manga\/frieren-5-kanehito-yamada-y-tsukasa-abe\/\" \/>\n<meta property=\"og:site_name\" content=\"Colossal Store\" \/>\n<meta property=\"article:modified_time\" content=\"2025-06-23T16:12:53+00:00\" \/>\n<meta property=\"og:image\" content=\"https:\/\/www.colossalstore.es\/wp-content\/uploads\/2024\/01\/Frieren-5.jpeg\" \/>\n\t<meta property=\"og:image:width\" content=\"649\" \/>\n\t<meta property=\"og:image:height\" content=\"989\" \/>\n\t<meta property=\"og:image:type\" content=\"image\/jpeg\" \/>\n<meta name=\"twitter:card\" content=\"summary_large_image\" \/>\n<meta name=\"twitter:site\" content=\"@Colossal_Store\" \/>\n<meta name=\"twitter:label1\" content=\"Est. reading time\" \/>\n\t<meta name=\"twitter:data1\" content=\"1 minute\" \/>\n<script type=\"application\/ld+json\" class=\"yoast-schema-graph\">{\"@context\":\"https:\/\/schema.org\",\"@graph\":[{\"@type\":\"WebPage\",\"@id\":\"https:\/\/www.colossalstore.es\/tienda\/manga\/frieren-5-kanehito-yamada-y-tsukasa-abe\/\",\"url\":\"https:\/\/www.colossalstore.es\/tienda\/manga\/frieren-5-kanehito-yamada-y-tsukasa-abe\/\",\"name\":\"Frieren 5 - Kanehito Yamada y Tsukasa Abe | Colossal Store\",\"isPartOf\":{\"@id\":\"https:\/\/www.colossalstore.es\/#website\"},\"primaryImageOfPage\":{\"@id\":\"https:\/\/www.colossalstore.es\/tienda\/manga\/frieren-5-kanehito-yamada-y-tsukasa-abe\/#primaryimage\"},\"image\":{\"@id\":\"https:\/\/www.colossalstore.es\/tienda\/manga\/frieren-5-kanehito-yamada-y-tsukasa-abe\/#primaryimage\"},\"thumbnailUrl\":\"https:\/\/www.colossalstore.es\/wp-content\/uploads\/2024\/01\/Frieren-5.jpeg\",\"datePublished\":\"2024-01-18T17:12:03+00:00\",\"dateModified\":\"2025-06-23T16:12:53+00:00\",\"description\":\"Frieren 5 - Kanehito Yamada y Tsukasa Abe: Para poder seguir avanzando en su viaje hacia Aureole, la tierra donde descansan las almas, Frieren tendr\u00e1 que aprobar el examen de maga de primer nivel.\",\"breadcrumb\":{\"@id\":\"https:\/\/www.colossalstore.es\/tienda\/manga\/frieren-5-kanehito-yamada-y-tsukasa-abe\/#breadcrumb\"},\"inLanguage\":\"en-US\",\"potentialAction\":[{\"@type\":\"ReadAction\",\"target\":[\"https:\/\/www.colossalstore.es\/tienda\/manga\/frieren-5-kanehito-yamada-y-tsukasa-abe\/\"]}]},{\"@type\":\"ImageObject\",\"inLanguage\":\"en-US\",\"@id\":\"https:\/\/www.colossalstore.es\/tienda\/manga\/frieren-5-kanehito-yamada-y-tsukasa-abe\/#primaryimage\",\"url\":\"https:\/\/www.colossalstore.es\/wp-content\/uploads\/2024\/01\/Frieren-5.jpeg\",\"contentUrl\":\"https:\/\/www.colossalstore.es\/wp-content\/uploads\/2024\/01\/Frieren-5.jpeg\",\"width\":649,\"height\":989},{\"@type\":\"BreadcrumbList\",\"@id\":\"https:\/\/www.colossalstore.es\/tienda\/manga\/frieren-5-kanehito-yamada-y-tsukasa-abe\/#breadcrumb\",\"itemListElement\":[{\"@type\":\"ListItem\",\"position\":1,\"name\":\"Home\",\"item\":\"https:\/\/www.colossalstore.es\/\"},{\"@type\":\"ListItem\",\"position\":2,\"name\":\"Tienda\",\"item\":\"https:\/\/www.colossalstore.es\/tienda\/\"},{\"@type\":\"ListItem\",\"position\":3,\"name\":\"Frieren 5 &#8211; Kanehito Yamada y Tsukasa Abe\"}]},{\"@type\":\"WebSite\",\"@id\":\"https:\/\/www.colossalstore.es\/#website\",\"url\":\"https:\/\/www.colossalstore.es\/\",\"name\":\"Colossal Store\",\"description\":\"Colossal Store, tienda especializada en TCGs.\",\"publisher\":{\"@id\":\"https:\/\/www.colossalstore.es\/#organization\"},\"alternateName\":\"Colossal Store\",\"potentialAction\":[{\"@type\":\"SearchAction\",\"target\":{\"@type\":\"EntryPoint\",\"urlTemplate\":\"https:\/\/www.colossalstore.es\/?s={search_term_string}\"},\"query-input\":{\"@type\":\"PropertyValueSpecification\",\"valueRequired\":true,\"valueName\":\"search_term_string\"}}],\"inLanguage\":\"en-US\"},{\"@type\":\"Organization\",\"@id\":\"https:\/\/www.colossalstore.es\/#organization\",\"name\":\"Colossal Store\",\"url\":\"https:\/\/www.colossalstore.es\/\",\"logo\":{\"@type\":\"ImageObject\",\"inLanguage\":\"en-US\",\"@id\":\"https:\/\/www.colossalstore.es\/#\/schema\/logo\/image\/\",\"url\":\"https:\/\/www.colossalstore.es\/wp-content\/uploads\/2023\/05\/Colossal_Logo-02.png\",\"contentUrl\":\"https:\/\/www.colossalstore.es\/wp-content\/uploads\/2023\/05\/Colossal_Logo-02.png\",\"width\":1181,\"height\":1181,\"caption\":\"Colossal Store\"},\"image\":{\"@id\":\"https:\/\/www.colossalstore.es\/#\/schema\/logo\/image\/\"},\"sameAs\":[\"https:\/\/x.com\/Colossal_Store\",\"https:\/\/www.instagram.com\/colossal_store_tcg\/\",\"https:\/\/www.tiktok.com\/@colossalstore\"]}]}<\/script>\n<!-- \/ Yoast SEO plugin. -->","yoast_head_json":{"title":"Frieren 5 - Kanehito Yamada y Tsukasa Abe | Colossal Store","description":"Frieren 5 - Kanehito Yamada y Tsukasa Abe: Para poder seguir avanzando en su viaje hacia Aureole, la tierra donde descansan las almas, Frieren tendr\u00e1 que aprobar el examen de maga de primer nivel.","robots":{"index":"index","follow":"follow","max-snippet":"max-snippet:-1","max-image-preview":"max-image-preview:large","max-video-preview":"max-video-preview:-1"},"canonical":"https:\/\/www.colossalstore.es\/en\/tienda\/manga\/frieren-5-kanehito-yamada-y-tsukasa-abe\/","og_locale":"en_US","og_type":"article","og_title":"Frieren 5 - Kanehito Yamada y Tsukasa Abe | Colossal Store","og_description":"Frieren 5 - Kanehito Yamada y Tsukasa Abe: Para poder seguir avanzando en su viaje hacia Aureole, la tierra donde descansan las almas, Frieren tendr\u00e1 que aprobar el examen de maga de primer nivel.","og_url":"https:\/\/www.colossalstore.es\/en\/tienda\/manga\/frieren-5-kanehito-yamada-y-tsukasa-abe\/","og_site_name":"Colossal Store","article_modified_time":"2025-06-23T16:12:53+00:00","og_image":[{"width":649,"height":989,"url":"https:\/\/www.colossalstore.es\/wp-content\/uploads\/2024\/01\/Frieren-5.jpeg","type":"image\/jpeg"}],"twitter_card":"summary_large_image","twitter_site":"@Colossal_Store","twitter_misc":{"Est. reading time":"1 minute"},"schema":{"@context":"https:\/\/schema.org","@graph":[{"@type":"WebPage","@id":"https:\/\/www.colossalstore.es\/tienda\/manga\/frieren-5-kanehito-yamada-y-tsukasa-abe\/","url":"https:\/\/www.colossalstore.es\/tienda\/manga\/frieren-5-kanehito-yamada-y-tsukasa-abe\/","name":"Frieren 5 - Kanehito Yamada y Tsukasa Abe | Colossal Store","isPartOf":{"@id":"https:\/\/www.colossalstore.es\/#website"},"primaryImageOfPage":{"@id":"https:\/\/www.colossalstore.es\/tienda\/manga\/frieren-5-kanehito-yamada-y-tsukasa-abe\/#primaryimage"},"image":{"@id":"https:\/\/www.colossalstore.es\/tienda\/manga\/frieren-5-kanehito-yamada-y-tsukasa-abe\/#primaryimage"},"thumbnailUrl":"https:\/\/www.colossalstore.es\/wp-content\/uploads\/2024\/01\/Frieren-5.jpeg","datePublished":"2024-01-18T17:12:03+00:00","dateModified":"2025-06-23T16:12:53+00:00","description":"Frieren 5 - Kanehito Yamada y Tsukasa Abe: Para poder seguir avanzando en su viaje hacia Aureole, la tierra donde descansan las almas, Frieren tendr\u00e1 que aprobar el examen de maga de primer nivel.","breadcrumb":{"@id":"https:\/\/www.colossalstore.es\/tienda\/manga\/frieren-5-kanehito-yamada-y-tsukasa-abe\/#breadcrumb"},"inLanguage":"en-US","potentialAction":[{"@type":"ReadAction","target":["https:\/\/www.colossalstore.es\/tienda\/manga\/frieren-5-kanehito-yamada-y-tsukasa-abe\/"]}]},{"@type":"ImageObject","inLanguage":"en-US","@id":"https:\/\/www.colossalstore.es\/tienda\/manga\/frieren-5-kanehito-yamada-y-tsukasa-abe\/#primaryimage","url":"https:\/\/www.colossalstore.es\/wp-content\/uploads\/2024\/01\/Frieren-5.jpeg","contentUrl":"https:\/\/www.colossalstore.es\/wp-content\/uploads\/2024\/01\/Frieren-5.jpeg","width":649,"height":989},{"@type":"BreadcrumbList","@id":"https:\/\/www.colossalstore.es\/tienda\/manga\/frieren-5-kanehito-yamada-y-tsukasa-abe\/#breadcrumb","itemListElement":[{"@type":"ListItem","position":1,"name":"Home","item":"https:\/\/www.colossalstore.es\/"},{"@type":"ListItem","position":2,"name":"Tienda","item":"https:\/\/www.colossalstore.es\/tienda\/"},{"@type":"ListItem","position":3,"name":"Frieren 5 &#8211; Kanehito Yamada y Tsukasa Abe"}]},{"@type":"WebSite","@id":"https:\/\/www.colossalstore.es\/#website","url":"https:\/\/www.colossalstore.es\/","name":"Colossal Store","description":"Colossal Store, store specialized in TCGs.","publisher":{"@id":"https:\/\/www.colossalstore.es\/#organization"},"alternateName":"Colossal Store","potentialAction":[{"@type":"SearchAction","target":{"@type":"EntryPoint","urlTemplate":"https:\/\/www.colossalstore.es\/?s={search_term_string}"},"query-input":{"@type":"PropertyValueSpecification","valueRequired":true,"valueName":"search_term_string"}}],"inLanguage":"en-US"},{"@type":"Organization","@id":"https:\/\/www.colossalstore.es\/#organization","name":"Colossal Store","url":"https:\/\/www.colossalstore.es\/","logo":{"@type":"ImageObject","inLanguage":"en-US","@id":"https:\/\/www.colossalstore.es\/#\/schema\/logo\/image\/","url":"https:\/\/www.colossalstore.es\/wp-content\/uploads\/2023\/05\/Colossal_Logo-02.png","contentUrl":"https:\/\/www.colossalstore.es\/wp-content\/uploads\/2023\/05\/Colossal_Logo-02.png","width":1181,"height":1181,"caption":"Colossal Store"},"image":{"@id":"https:\/\/www.colossalstore.es\/#\/schema\/logo\/image\/"},"sameAs":["https:\/\/x.com\/Colossal_Store","https:\/\/www.instagram.com\/colossal_store_tcg\/","https:\/\/www.tiktok.com\/@colossalstore"]}]}},"_links":{"self":[{"href":"https:\/\/www.colossalstore.es\/en\/wp-json\/wp\/v2\/product\/7020","targetHints":{"allow":["GET"]}}],"collection":[{"href":"https:\/\/www.colossalstore.es\/en\/wp-json\/wp\/v2\/product"}],"about":[{"href":"https:\/\/www.colossalstore.es\/en\/wp-json\/wp\/v2\/types\/product"}],"replies":[{"embeddable":true,"href":"https:\/\/www.colossalstore.es\/en\/wp-json\/wp\/v2\/comments?post=7020"}],"wp:featuredmedia":[{"embeddable":true,"href":"https:\/\/www.colossalstore.es\/en\/wp-json\/wp\/v2\/media\/7021"}],"wp:attachment":[{"href":"https:\/\/www.colossalstore.es\/en\/wp-json\/wp\/v2\/media?parent=7020"}],"wp:term":[{"taxonomy":"product_brand","embeddable":true,"href":"https:\/\/www.colossalstore.es\/en\/wp-json\/wp\/v2\/product_brand?post=7020"},{"taxonomy":"product_cat","embeddable":true,"href":"https:\/\/www.colossalstore.es\/en\/wp-json\/wp\/v2\/product_cat?post=7020"},{"taxonomy":"product_tag","embeddable":true,"href":"https:\/\/www.colossalstore.es\/en\/wp-json\/wp\/v2\/product_tag?post=7020"}],"curies":[{"name":"wp","href":"https:\/\/api.w.org\/{rel}","templated":true}]}}