{"id":7007,"date":"2024-01-18T13:36:55","date_gmt":"2024-01-18T12:36:55","guid":{"rendered":"https:\/\/www.colossalstore.es\/?post_type=product&#038;p=7007"},"modified":"2025-06-20T11:15:36","modified_gmt":"2025-06-20T09:15:36","slug":"dragon-shield-sleeves-halloween-2023-standard-size-brushed-art-100-sleeves","status":"publish","type":"product","link":"https:\/\/www.colossalstore.es\/en\/tienda\/tcg\/accesorios\/dragon-shield-sleeves-halloween-2023-standard-size-brushed-art-100-sleeves\/","title":{"rendered":"Dragon Shield Sleeves Halloween 2023 \u2013 Standard size, Brushed Art (100 Sleeves)"},"content":{"rendered":"<p>Dragon Shield Sleeves Halloween 2023 \u2013 Standard size, Brushed Art (100 Sleeves)<\/p>\n<p>A howl tears the cloudy sky, revealing the full moon behind. On the cliffs above the city, a pair of witch dragons appear, illuminated only by a ray of moonlight. The Halloween 2023 art covers feature stunning illustrations by Robson Michel.<\/p>\n<p>Incluye 100 fundas de tama\u00f1o est\u00e1ndar para cartas coleccionables de hasta 63&#215;88 mm (2\u00bd\u00bbx3\u00bd\u00bb). Ideales para juegos de cartas coleccionables como MTG, Pok\u00e9mon, Lorcana y Flesh and Blood.<\/p>\n<p>Theme your TCG decks and express yourself with stunning, highly detailed illustrations.<\/p>\n<p>Brushed sleeves feature a lightly textured back with a silky smooth feel when shuffling. Cards slide effortlessly when shuffling.<\/p>\n<p>Experience the elegant shuffling feel of Dragon Shield Brushed sleeves and play with confidence knowing your cards are protected by Dragon Shields.<\/p>","protected":false},"excerpt":{"rendered":"<p>Dragon Shield Sleeves Halloween 2023 &#8211; Standard size, Brushed Art (100 Sleeves) Un aullido rasga el cielo nublado, dejando al descubierto la luna llena que hay detr\u00e1s. En los acantilados sobre la ciudad, aparecen un par de dragones de brujas, iluminados \u00fanicamente por un rayo de luz de luna. Las fundas art\u00edsticas de Halloween 2023 [&hellip;]<\/p>","protected":false},"featured_media":7008,"comment_status":"open","ping_status":"closed","template":"","meta":{"_joinchat":[]},"product_brand":[],"product_cat":[35,34],"product_tag":[],"class_list":{"0":"post-7007","1":"product","2":"type-product","3":"status-publish","4":"has-post-thumbnail","6":"product_cat-accesorios","7":"product_cat-tcg","9":"first","10":"outofstock","11":"taxable","12":"shipping-taxable","13":"purchasable","14":"product-type-simple"},"yoast_head":"<!-- This site is optimized with the Yoast SEO plugin v25.7 - https:\/\/yoast.com\/wordpress\/plugins\/seo\/ -->\n<title>Dragon Shield Sleeves Halloween 2023 - Standard size, Brushed Art (100 Sleeves) | Colossal Store<\/title>\n<meta name=\"description\" content=\"Dragon Shield Sleeves Halloween 2023 Standard size (100 Sleeves): Un aullido rasga el cielo nublado, dejando al descubierto la luna llena que hay detr\u00e1s...\" \/>\n<meta name=\"robots\" content=\"index, follow, max-snippet:-1, max-image-preview:large, max-video-preview:-1\" \/>\n<link rel=\"canonical\" href=\"https:\/\/www.colossalstore.es\/en\/tienda\/tcg\/accesorios\/dragon-shield-sleeves-halloween-2023-standard-size-brushed-art-100-sleeves\/\" \/>\n<meta property=\"og:locale\" content=\"en_US\" \/>\n<meta property=\"og:type\" content=\"article\" \/>\n<meta property=\"og:title\" content=\"Dragon Shield Sleeves Halloween 2023 - Standard size, Brushed Art (100 Sleeves) | Colossal Store\" \/>\n<meta property=\"og:description\" content=\"Dragon Shield Sleeves Halloween 2023 Standard size (100 Sleeves): Un aullido rasga el cielo nublado, dejando al descubierto la luna llena que hay detr\u00e1s...\" \/>\n<meta property=\"og:url\" content=\"https:\/\/www.colossalstore.es\/en\/tienda\/tcg\/accesorios\/dragon-shield-sleeves-halloween-2023-standard-size-brushed-art-100-sleeves\/\" \/>\n<meta property=\"og:site_name\" content=\"Colossal Store\" \/>\n<meta property=\"article:modified_time\" content=\"2025-06-20T09:15:36+00:00\" \/>\n<meta property=\"og:image\" content=\"https:\/\/www.colossalstore.es\/wp-content\/uploads\/2024\/01\/fundas-standard-brushed-art-100-unidades-halloween-2023-ed-limitada-de-dragon-shield.jpg\" \/>\n\t<meta property=\"og:image:width\" content=\"600\" \/>\n\t<meta property=\"og:image:height\" content=\"800\" \/>\n\t<meta property=\"og:image:type\" content=\"image\/jpeg\" \/>\n<meta name=\"twitter:card\" content=\"summary_large_image\" \/>\n<meta name=\"twitter:site\" content=\"@Colossal_Store\" \/>\n<meta name=\"twitter:label1\" content=\"Est. reading time\" \/>\n\t<meta name=\"twitter:data1\" content=\"1 minute\" \/>\n<script type=\"application\/ld+json\" class=\"yoast-schema-graph\">{\"@context\":\"https:\/\/schema.org\",\"@graph\":[{\"@type\":\"WebPage\",\"@id\":\"https:\/\/www.colossalstore.es\/tienda\/tcg\/accesorios\/dragon-shield-sleeves-halloween-2023-standard-size-brushed-art-100-sleeves\/\",\"url\":\"https:\/\/www.colossalstore.es\/tienda\/tcg\/accesorios\/dragon-shield-sleeves-halloween-2023-standard-size-brushed-art-100-sleeves\/\",\"name\":\"Dragon Shield Sleeves Halloween 2023 - Standard size, Brushed Art (100 Sleeves) | Colossal Store\",\"isPartOf\":{\"@id\":\"https:\/\/www.colossalstore.es\/#website\"},\"primaryImageOfPage\":{\"@id\":\"https:\/\/www.colossalstore.es\/tienda\/tcg\/accesorios\/dragon-shield-sleeves-halloween-2023-standard-size-brushed-art-100-sleeves\/#primaryimage\"},\"image\":{\"@id\":\"https:\/\/www.colossalstore.es\/tienda\/tcg\/accesorios\/dragon-shield-sleeves-halloween-2023-standard-size-brushed-art-100-sleeves\/#primaryimage\"},\"thumbnailUrl\":\"https:\/\/www.colossalstore.es\/wp-content\/uploads\/2024\/01\/fundas-standard-brushed-art-100-unidades-halloween-2023-ed-limitada-de-dragon-shield.jpg\",\"datePublished\":\"2024-01-18T12:36:55+00:00\",\"dateModified\":\"2025-06-20T09:15:36+00:00\",\"description\":\"Dragon Shield Sleeves Halloween 2023 Standard size (100 Sleeves): Un aullido rasga el cielo nublado, dejando al descubierto la luna llena que hay detr\u00e1s...\",\"breadcrumb\":{\"@id\":\"https:\/\/www.colossalstore.es\/tienda\/tcg\/accesorios\/dragon-shield-sleeves-halloween-2023-standard-size-brushed-art-100-sleeves\/#breadcrumb\"},\"inLanguage\":\"en-US\",\"potentialAction\":[{\"@type\":\"ReadAction\",\"target\":[\"https:\/\/www.colossalstore.es\/tienda\/tcg\/accesorios\/dragon-shield-sleeves-halloween-2023-standard-size-brushed-art-100-sleeves\/\"]}]},{\"@type\":\"ImageObject\",\"inLanguage\":\"en-US\",\"@id\":\"https:\/\/www.colossalstore.es\/tienda\/tcg\/accesorios\/dragon-shield-sleeves-halloween-2023-standard-size-brushed-art-100-sleeves\/#primaryimage\",\"url\":\"https:\/\/www.colossalstore.es\/wp-content\/uploads\/2024\/01\/fundas-standard-brushed-art-100-unidades-halloween-2023-ed-limitada-de-dragon-shield.jpg\",\"contentUrl\":\"https:\/\/www.colossalstore.es\/wp-content\/uploads\/2024\/01\/fundas-standard-brushed-art-100-unidades-halloween-2023-ed-limitada-de-dragon-shield.jpg\",\"width\":600,\"height\":800},{\"@type\":\"BreadcrumbList\",\"@id\":\"https:\/\/www.colossalstore.es\/tienda\/tcg\/accesorios\/dragon-shield-sleeves-halloween-2023-standard-size-brushed-art-100-sleeves\/#breadcrumb\",\"itemListElement\":[{\"@type\":\"ListItem\",\"position\":1,\"name\":\"Home\",\"item\":\"https:\/\/www.colossalstore.es\/\"},{\"@type\":\"ListItem\",\"position\":2,\"name\":\"Tienda\",\"item\":\"https:\/\/www.colossalstore.es\/tienda\/\"},{\"@type\":\"ListItem\",\"position\":3,\"name\":\"Dragon Shield Sleeves Halloween 2023 &#8211; Standard size, Brushed Art (100 Sleeves)\"}]},{\"@type\":\"WebSite\",\"@id\":\"https:\/\/www.colossalstore.es\/#website\",\"url\":\"https:\/\/www.colossalstore.es\/\",\"name\":\"Colossal Store\",\"description\":\"Colossal Store, tienda especializada en TCGs.\",\"publisher\":{\"@id\":\"https:\/\/www.colossalstore.es\/#organization\"},\"alternateName\":\"Colossal Store\",\"potentialAction\":[{\"@type\":\"SearchAction\",\"target\":{\"@type\":\"EntryPoint\",\"urlTemplate\":\"https:\/\/www.colossalstore.es\/?s={search_term_string}\"},\"query-input\":{\"@type\":\"PropertyValueSpecification\",\"valueRequired\":true,\"valueName\":\"search_term_string\"}}],\"inLanguage\":\"en-US\"},{\"@type\":\"Organization\",\"@id\":\"https:\/\/www.colossalstore.es\/#organization\",\"name\":\"Colossal Store\",\"url\":\"https:\/\/www.colossalstore.es\/\",\"logo\":{\"@type\":\"ImageObject\",\"inLanguage\":\"en-US\",\"@id\":\"https:\/\/www.colossalstore.es\/#\/schema\/logo\/image\/\",\"url\":\"https:\/\/www.colossalstore.es\/wp-content\/uploads\/2023\/05\/Colossal_Logo-02.png\",\"contentUrl\":\"https:\/\/www.colossalstore.es\/wp-content\/uploads\/2023\/05\/Colossal_Logo-02.png\",\"width\":1181,\"height\":1181,\"caption\":\"Colossal Store\"},\"image\":{\"@id\":\"https:\/\/www.colossalstore.es\/#\/schema\/logo\/image\/\"},\"sameAs\":[\"https:\/\/x.com\/Colossal_Store\",\"https:\/\/www.instagram.com\/colossal_store_tcg\/\",\"https:\/\/www.tiktok.com\/@colossalstore\"]}]}<\/script>\n<!-- \/ Yoast SEO plugin. -->","yoast_head_json":{"title":"Dragon Shield Sleeves Halloween 2023 - Standard size, Brushed Art (100 Sleeves) | Colossal Store","description":"Dragon Shield Sleeves Halloween 2023 Standard size (100 Sleeves): Un aullido rasga el cielo nublado, dejando al descubierto la luna llena que hay detr\u00e1s...","robots":{"index":"index","follow":"follow","max-snippet":"max-snippet:-1","max-image-preview":"max-image-preview:large","max-video-preview":"max-video-preview:-1"},"canonical":"https:\/\/www.colossalstore.es\/en\/tienda\/tcg\/accesorios\/dragon-shield-sleeves-halloween-2023-standard-size-brushed-art-100-sleeves\/","og_locale":"en_US","og_type":"article","og_title":"Dragon Shield Sleeves Halloween 2023 - Standard size, Brushed Art (100 Sleeves) | Colossal Store","og_description":"Dragon Shield Sleeves Halloween 2023 Standard size (100 Sleeves): Un aullido rasga el cielo nublado, dejando al descubierto la luna llena que hay detr\u00e1s...","og_url":"https:\/\/www.colossalstore.es\/en\/tienda\/tcg\/accesorios\/dragon-shield-sleeves-halloween-2023-standard-size-brushed-art-100-sleeves\/","og_site_name":"Colossal Store","article_modified_time":"2025-06-20T09:15:36+00:00","og_image":[{"width":600,"height":800,"url":"https:\/\/www.colossalstore.es\/wp-content\/uploads\/2024\/01\/fundas-standard-brushed-art-100-unidades-halloween-2023-ed-limitada-de-dragon-shield.jpg","type":"image\/jpeg"}],"twitter_card":"summary_large_image","twitter_site":"@Colossal_Store","twitter_misc":{"Est. reading time":"1 minute"},"schema":{"@context":"https:\/\/schema.org","@graph":[{"@type":"WebPage","@id":"https:\/\/www.colossalstore.es\/tienda\/tcg\/accesorios\/dragon-shield-sleeves-halloween-2023-standard-size-brushed-art-100-sleeves\/","url":"https:\/\/www.colossalstore.es\/tienda\/tcg\/accesorios\/dragon-shield-sleeves-halloween-2023-standard-size-brushed-art-100-sleeves\/","name":"Dragon Shield Sleeves Halloween 2023 - Standard size, Brushed Art (100 Sleeves) | Colossal Store","isPartOf":{"@id":"https:\/\/www.colossalstore.es\/#website"},"primaryImageOfPage":{"@id":"https:\/\/www.colossalstore.es\/tienda\/tcg\/accesorios\/dragon-shield-sleeves-halloween-2023-standard-size-brushed-art-100-sleeves\/#primaryimage"},"image":{"@id":"https:\/\/www.colossalstore.es\/tienda\/tcg\/accesorios\/dragon-shield-sleeves-halloween-2023-standard-size-brushed-art-100-sleeves\/#primaryimage"},"thumbnailUrl":"https:\/\/www.colossalstore.es\/wp-content\/uploads\/2024\/01\/fundas-standard-brushed-art-100-unidades-halloween-2023-ed-limitada-de-dragon-shield.jpg","datePublished":"2024-01-18T12:36:55+00:00","dateModified":"2025-06-20T09:15:36+00:00","description":"Dragon Shield Sleeves Halloween 2023 Standard size (100 Sleeves): Un aullido rasga el cielo nublado, dejando al descubierto la luna llena que hay detr\u00e1s...","breadcrumb":{"@id":"https:\/\/www.colossalstore.es\/tienda\/tcg\/accesorios\/dragon-shield-sleeves-halloween-2023-standard-size-brushed-art-100-sleeves\/#breadcrumb"},"inLanguage":"en-US","potentialAction":[{"@type":"ReadAction","target":["https:\/\/www.colossalstore.es\/tienda\/tcg\/accesorios\/dragon-shield-sleeves-halloween-2023-standard-size-brushed-art-100-sleeves\/"]}]},{"@type":"ImageObject","inLanguage":"en-US","@id":"https:\/\/www.colossalstore.es\/tienda\/tcg\/accesorios\/dragon-shield-sleeves-halloween-2023-standard-size-brushed-art-100-sleeves\/#primaryimage","url":"https:\/\/www.colossalstore.es\/wp-content\/uploads\/2024\/01\/fundas-standard-brushed-art-100-unidades-halloween-2023-ed-limitada-de-dragon-shield.jpg","contentUrl":"https:\/\/www.colossalstore.es\/wp-content\/uploads\/2024\/01\/fundas-standard-brushed-art-100-unidades-halloween-2023-ed-limitada-de-dragon-shield.jpg","width":600,"height":800},{"@type":"BreadcrumbList","@id":"https:\/\/www.colossalstore.es\/tienda\/tcg\/accesorios\/dragon-shield-sleeves-halloween-2023-standard-size-brushed-art-100-sleeves\/#breadcrumb","itemListElement":[{"@type":"ListItem","position":1,"name":"Home","item":"https:\/\/www.colossalstore.es\/"},{"@type":"ListItem","position":2,"name":"Tienda","item":"https:\/\/www.colossalstore.es\/tienda\/"},{"@type":"ListItem","position":3,"name":"Dragon Shield Sleeves Halloween 2023 &#8211; Standard size, Brushed Art (100 Sleeves)"}]},{"@type":"WebSite","@id":"https:\/\/www.colossalstore.es\/#website","url":"https:\/\/www.colossalstore.es\/","name":"Colossal Store","description":"Colossal Store, store specialized in TCGs.","publisher":{"@id":"https:\/\/www.colossalstore.es\/#organization"},"alternateName":"Colossal Store","potentialAction":[{"@type":"SearchAction","target":{"@type":"EntryPoint","urlTemplate":"https:\/\/www.colossalstore.es\/?s={search_term_string}"},"query-input":{"@type":"PropertyValueSpecification","valueRequired":true,"valueName":"search_term_string"}}],"inLanguage":"en-US"},{"@type":"Organization","@id":"https:\/\/www.colossalstore.es\/#organization","name":"Colossal Store","url":"https:\/\/www.colossalstore.es\/","logo":{"@type":"ImageObject","inLanguage":"en-US","@id":"https:\/\/www.colossalstore.es\/#\/schema\/logo\/image\/","url":"https:\/\/www.colossalstore.es\/wp-content\/uploads\/2023\/05\/Colossal_Logo-02.png","contentUrl":"https:\/\/www.colossalstore.es\/wp-content\/uploads\/2023\/05\/Colossal_Logo-02.png","width":1181,"height":1181,"caption":"Colossal Store"},"image":{"@id":"https:\/\/www.colossalstore.es\/#\/schema\/logo\/image\/"},"sameAs":["https:\/\/x.com\/Colossal_Store","https:\/\/www.instagram.com\/colossal_store_tcg\/","https:\/\/www.tiktok.com\/@colossalstore"]}]}},"_links":{"self":[{"href":"https:\/\/www.colossalstore.es\/en\/wp-json\/wp\/v2\/product\/7007","targetHints":{"allow":["GET"]}}],"collection":[{"href":"https:\/\/www.colossalstore.es\/en\/wp-json\/wp\/v2\/product"}],"about":[{"href":"https:\/\/www.colossalstore.es\/en\/wp-json\/wp\/v2\/types\/product"}],"replies":[{"embeddable":true,"href":"https:\/\/www.colossalstore.es\/en\/wp-json\/wp\/v2\/comments?post=7007"}],"wp:featuredmedia":[{"embeddable":true,"href":"https:\/\/www.colossalstore.es\/en\/wp-json\/wp\/v2\/media\/7008"}],"wp:attachment":[{"href":"https:\/\/www.colossalstore.es\/en\/wp-json\/wp\/v2\/media?parent=7007"}],"wp:term":[{"taxonomy":"product_brand","embeddable":true,"href":"https:\/\/www.colossalstore.es\/en\/wp-json\/wp\/v2\/product_brand?post=7007"},{"taxonomy":"product_cat","embeddable":true,"href":"https:\/\/www.colossalstore.es\/en\/wp-json\/wp\/v2\/product_cat?post=7007"},{"taxonomy":"product_tag","embeddable":true,"href":"https:\/\/www.colossalstore.es\/en\/wp-json\/wp\/v2\/product_tag?post=7007"}],"curies":[{"name":"wp","href":"https:\/\/api.w.org\/{rel}","templated":true}]}}