{"id":6745,"date":"2023-12-15T19:21:57","date_gmt":"2023-12-15T18:21:57","guid":{"rendered":"https:\/\/www.colossalstore.es\/?post_type=product&#038;p=6745"},"modified":"2025-06-26T11:53:42","modified_gmt":"2025-06-26T09:53:42","slug":"gamegenic-slide-card-case-12-unidades","status":"publish","type":"product","link":"https:\/\/www.colossalstore.es\/en\/tienda\/tcg\/accesorios\/gamegenic-slide-card-case-12-unidades\/","title":{"rendered":"GAMEGENIC &#8211; SLIDE CARD CASE (12 CT)"},"content":{"rendered":"<p>Gamegenic Slide Card Case 12 units<\/p>\n<p>You&#039;ll be able to protect your cards to the maximum with these innovative hard cases with a sliding closure mechanism. You can also use them to display your most precious cards. Each case can hold one standard-sized card, such as Magic: The GatheringTM, Pok\u00e9monTM, Flesh &amp; BloodTM, and other similar cards, even with inner sleeves.<\/p>","protected":false},"excerpt":{"rendered":"<p>Gamegenic Slide Card Case 12 unidades Podr\u00e1s proteger tus cartas al m\u00e1ximo con estos innovadores estuches r\u00edgidos con mecanismo de cierre deslizante. Tambi\u00e9n puedes usarlos para exhibir tus cartas m\u00e1s preciadas. Cada estuche sirve para guardar una carta de tama\u00f1o est\u00e1ndar, como las de Magic: The GatheringTM, Pok\u00e9monTM, Flesh &amp; BloodTM y otras cartas parecidas, [&hellip;]<\/p>","protected":false},"featured_media":6746,"comment_status":"open","ping_status":"closed","template":"","meta":{"_joinchat":[]},"product_brand":[],"product_cat":[35,34],"product_tag":[],"class_list":{"0":"post-6745","1":"product","2":"type-product","3":"status-publish","4":"has-post-thumbnail","6":"product_cat-accesorios","7":"product_cat-tcg","9":"first","10":"outofstock","11":"taxable","12":"shipping-taxable","13":"purchasable","14":"product-type-simple"},"yoast_head":"<!-- This site is optimized with the Yoast SEO plugin v25.7 - https:\/\/yoast.com\/wordpress\/plugins\/seo\/ -->\n<title>Gamegenic Slide Card Case 12 unidades | Colossal Store<\/title>\n<meta name=\"description\" content=\"Gamegenic Slide Card Case 12 unidades: Podr\u00e1s proteger tus cartas al m\u00e1ximo con estos innovadores estuches r\u00edgidos con mecanismo de cierre deslizante. Tambi\u00e9n puedes usarlos para exhibir tus cartas m\u00e1s preciadas.\" \/>\n<meta name=\"robots\" content=\"index, follow, max-snippet:-1, max-image-preview:large, max-video-preview:-1\" \/>\n<link rel=\"canonical\" href=\"https:\/\/www.colossalstore.es\/en\/tienda\/tcg\/accesorios\/gamegenic-slide-card-case-12-unidades\/\" \/>\n<meta property=\"og:locale\" content=\"en_US\" \/>\n<meta property=\"og:type\" content=\"article\" \/>\n<meta property=\"og:title\" content=\"Gamegenic Slide Card Case 12 unidades | Colossal Store\" \/>\n<meta property=\"og:description\" content=\"Gamegenic Slide Card Case 12 unidades: Podr\u00e1s proteger tus cartas al m\u00e1ximo con estos innovadores estuches r\u00edgidos con mecanismo de cierre deslizante. Tambi\u00e9n puedes usarlos para exhibir tus cartas m\u00e1s preciadas.\" \/>\n<meta property=\"og:url\" content=\"https:\/\/www.colossalstore.es\/en\/tienda\/tcg\/accesorios\/gamegenic-slide-card-case-12-unidades\/\" \/>\n<meta property=\"og:site_name\" content=\"Colossal Store\" \/>\n<meta property=\"article:modified_time\" content=\"2025-06-26T09:53:42+00:00\" \/>\n<meta property=\"og:image\" content=\"https:\/\/www.colossalstore.es\/wp-content\/uploads\/2023\/12\/slide-card-cases-preventa-.webp\" \/>\n\t<meta property=\"og:image:width\" content=\"800\" \/>\n\t<meta property=\"og:image:height\" content=\"800\" \/>\n\t<meta property=\"og:image:type\" content=\"image\/webp\" \/>\n<meta name=\"twitter:card\" content=\"summary_large_image\" \/>\n<meta name=\"twitter:site\" content=\"@Colossal_Store\" \/>\n<meta name=\"twitter:label1\" content=\"Est. reading time\" \/>\n\t<meta name=\"twitter:data1\" content=\"1 minute\" \/>\n<script type=\"application\/ld+json\" class=\"yoast-schema-graph\">{\"@context\":\"https:\/\/schema.org\",\"@graph\":[{\"@type\":\"WebPage\",\"@id\":\"https:\/\/www.colossalstore.es\/tienda\/tcg\/accesorios\/gamegenic-slide-card-case-12-unidades\/\",\"url\":\"https:\/\/www.colossalstore.es\/tienda\/tcg\/accesorios\/gamegenic-slide-card-case-12-unidades\/\",\"name\":\"Gamegenic Slide Card Case 12 unidades | Colossal Store\",\"isPartOf\":{\"@id\":\"https:\/\/www.colossalstore.es\/#website\"},\"primaryImageOfPage\":{\"@id\":\"https:\/\/www.colossalstore.es\/tienda\/tcg\/accesorios\/gamegenic-slide-card-case-12-unidades\/#primaryimage\"},\"image\":{\"@id\":\"https:\/\/www.colossalstore.es\/tienda\/tcg\/accesorios\/gamegenic-slide-card-case-12-unidades\/#primaryimage\"},\"thumbnailUrl\":\"https:\/\/www.colossalstore.es\/wp-content\/uploads\/2023\/12\/slide-card-cases-preventa-.webp\",\"datePublished\":\"2023-12-15T18:21:57+00:00\",\"dateModified\":\"2025-06-26T09:53:42+00:00\",\"description\":\"Gamegenic Slide Card Case 12 unidades: Podr\u00e1s proteger tus cartas al m\u00e1ximo con estos innovadores estuches r\u00edgidos con mecanismo de cierre deslizante. Tambi\u00e9n puedes usarlos para exhibir tus cartas m\u00e1s preciadas.\",\"breadcrumb\":{\"@id\":\"https:\/\/www.colossalstore.es\/tienda\/tcg\/accesorios\/gamegenic-slide-card-case-12-unidades\/#breadcrumb\"},\"inLanguage\":\"en-US\",\"potentialAction\":[{\"@type\":\"ReadAction\",\"target\":[\"https:\/\/www.colossalstore.es\/tienda\/tcg\/accesorios\/gamegenic-slide-card-case-12-unidades\/\"]}]},{\"@type\":\"ImageObject\",\"inLanguage\":\"en-US\",\"@id\":\"https:\/\/www.colossalstore.es\/tienda\/tcg\/accesorios\/gamegenic-slide-card-case-12-unidades\/#primaryimage\",\"url\":\"https:\/\/www.colossalstore.es\/wp-content\/uploads\/2023\/12\/slide-card-cases-preventa-.webp\",\"contentUrl\":\"https:\/\/www.colossalstore.es\/wp-content\/uploads\/2023\/12\/slide-card-cases-preventa-.webp\",\"width\":800,\"height\":800},{\"@type\":\"BreadcrumbList\",\"@id\":\"https:\/\/www.colossalstore.es\/tienda\/tcg\/accesorios\/gamegenic-slide-card-case-12-unidades\/#breadcrumb\",\"itemListElement\":[{\"@type\":\"ListItem\",\"position\":1,\"name\":\"Home\",\"item\":\"https:\/\/www.colossalstore.es\/\"},{\"@type\":\"ListItem\",\"position\":2,\"name\":\"Tienda\",\"item\":\"https:\/\/www.colossalstore.es\/tienda\/\"},{\"@type\":\"ListItem\",\"position\":3,\"name\":\"GAMEGENIC &#8211; SLIDE CARD CASE (12 CT)\"}]},{\"@type\":\"WebSite\",\"@id\":\"https:\/\/www.colossalstore.es\/#website\",\"url\":\"https:\/\/www.colossalstore.es\/\",\"name\":\"Colossal Store\",\"description\":\"Colossal Store, tienda especializada en TCGs.\",\"publisher\":{\"@id\":\"https:\/\/www.colossalstore.es\/#organization\"},\"alternateName\":\"Colossal Store\",\"potentialAction\":[{\"@type\":\"SearchAction\",\"target\":{\"@type\":\"EntryPoint\",\"urlTemplate\":\"https:\/\/www.colossalstore.es\/?s={search_term_string}\"},\"query-input\":{\"@type\":\"PropertyValueSpecification\",\"valueRequired\":true,\"valueName\":\"search_term_string\"}}],\"inLanguage\":\"en-US\"},{\"@type\":\"Organization\",\"@id\":\"https:\/\/www.colossalstore.es\/#organization\",\"name\":\"Colossal Store\",\"url\":\"https:\/\/www.colossalstore.es\/\",\"logo\":{\"@type\":\"ImageObject\",\"inLanguage\":\"en-US\",\"@id\":\"https:\/\/www.colossalstore.es\/#\/schema\/logo\/image\/\",\"url\":\"https:\/\/www.colossalstore.es\/wp-content\/uploads\/2023\/05\/Colossal_Logo-02.png\",\"contentUrl\":\"https:\/\/www.colossalstore.es\/wp-content\/uploads\/2023\/05\/Colossal_Logo-02.png\",\"width\":1181,\"height\":1181,\"caption\":\"Colossal Store\"},\"image\":{\"@id\":\"https:\/\/www.colossalstore.es\/#\/schema\/logo\/image\/\"},\"sameAs\":[\"https:\/\/x.com\/Colossal_Store\",\"https:\/\/www.instagram.com\/colossal_store_tcg\/\",\"https:\/\/www.tiktok.com\/@colossalstore\"]}]}<\/script>\n<!-- \/ Yoast SEO plugin. -->","yoast_head_json":{"title":"Gamegenic Slide Card Case 12 unidades | Colossal Store","description":"Gamegenic Slide Card Case 12 unidades: Podr\u00e1s proteger tus cartas al m\u00e1ximo con estos innovadores estuches r\u00edgidos con mecanismo de cierre deslizante. Tambi\u00e9n puedes usarlos para exhibir tus cartas m\u00e1s preciadas.","robots":{"index":"index","follow":"follow","max-snippet":"max-snippet:-1","max-image-preview":"max-image-preview:large","max-video-preview":"max-video-preview:-1"},"canonical":"https:\/\/www.colossalstore.es\/en\/tienda\/tcg\/accesorios\/gamegenic-slide-card-case-12-unidades\/","og_locale":"en_US","og_type":"article","og_title":"Gamegenic Slide Card Case 12 unidades | Colossal Store","og_description":"Gamegenic Slide Card Case 12 unidades: Podr\u00e1s proteger tus cartas al m\u00e1ximo con estos innovadores estuches r\u00edgidos con mecanismo de cierre deslizante. Tambi\u00e9n puedes usarlos para exhibir tus cartas m\u00e1s preciadas.","og_url":"https:\/\/www.colossalstore.es\/en\/tienda\/tcg\/accesorios\/gamegenic-slide-card-case-12-unidades\/","og_site_name":"Colossal Store","article_modified_time":"2025-06-26T09:53:42+00:00","og_image":[{"width":800,"height":800,"url":"https:\/\/www.colossalstore.es\/wp-content\/uploads\/2023\/12\/slide-card-cases-preventa-.webp","type":"image\/webp"}],"twitter_card":"summary_large_image","twitter_site":"@Colossal_Store","twitter_misc":{"Est. reading time":"1 minute"},"schema":{"@context":"https:\/\/schema.org","@graph":[{"@type":"WebPage","@id":"https:\/\/www.colossalstore.es\/tienda\/tcg\/accesorios\/gamegenic-slide-card-case-12-unidades\/","url":"https:\/\/www.colossalstore.es\/tienda\/tcg\/accesorios\/gamegenic-slide-card-case-12-unidades\/","name":"Gamegenic Slide Card Case 12 unidades | Colossal Store","isPartOf":{"@id":"https:\/\/www.colossalstore.es\/#website"},"primaryImageOfPage":{"@id":"https:\/\/www.colossalstore.es\/tienda\/tcg\/accesorios\/gamegenic-slide-card-case-12-unidades\/#primaryimage"},"image":{"@id":"https:\/\/www.colossalstore.es\/tienda\/tcg\/accesorios\/gamegenic-slide-card-case-12-unidades\/#primaryimage"},"thumbnailUrl":"https:\/\/www.colossalstore.es\/wp-content\/uploads\/2023\/12\/slide-card-cases-preventa-.webp","datePublished":"2023-12-15T18:21:57+00:00","dateModified":"2025-06-26T09:53:42+00:00","description":"Gamegenic Slide Card Case 12 unidades: Podr\u00e1s proteger tus cartas al m\u00e1ximo con estos innovadores estuches r\u00edgidos con mecanismo de cierre deslizante. Tambi\u00e9n puedes usarlos para exhibir tus cartas m\u00e1s preciadas.","breadcrumb":{"@id":"https:\/\/www.colossalstore.es\/tienda\/tcg\/accesorios\/gamegenic-slide-card-case-12-unidades\/#breadcrumb"},"inLanguage":"en-US","potentialAction":[{"@type":"ReadAction","target":["https:\/\/www.colossalstore.es\/tienda\/tcg\/accesorios\/gamegenic-slide-card-case-12-unidades\/"]}]},{"@type":"ImageObject","inLanguage":"en-US","@id":"https:\/\/www.colossalstore.es\/tienda\/tcg\/accesorios\/gamegenic-slide-card-case-12-unidades\/#primaryimage","url":"https:\/\/www.colossalstore.es\/wp-content\/uploads\/2023\/12\/slide-card-cases-preventa-.webp","contentUrl":"https:\/\/www.colossalstore.es\/wp-content\/uploads\/2023\/12\/slide-card-cases-preventa-.webp","width":800,"height":800},{"@type":"BreadcrumbList","@id":"https:\/\/www.colossalstore.es\/tienda\/tcg\/accesorios\/gamegenic-slide-card-case-12-unidades\/#breadcrumb","itemListElement":[{"@type":"ListItem","position":1,"name":"Home","item":"https:\/\/www.colossalstore.es\/"},{"@type":"ListItem","position":2,"name":"Tienda","item":"https:\/\/www.colossalstore.es\/tienda\/"},{"@type":"ListItem","position":3,"name":"GAMEGENIC &#8211; SLIDE CARD CASE (12 CT)"}]},{"@type":"WebSite","@id":"https:\/\/www.colossalstore.es\/#website","url":"https:\/\/www.colossalstore.es\/","name":"Colossal Store","description":"Colossal Store, store specialized in TCGs.","publisher":{"@id":"https:\/\/www.colossalstore.es\/#organization"},"alternateName":"Colossal Store","potentialAction":[{"@type":"SearchAction","target":{"@type":"EntryPoint","urlTemplate":"https:\/\/www.colossalstore.es\/?s={search_term_string}"},"query-input":{"@type":"PropertyValueSpecification","valueRequired":true,"valueName":"search_term_string"}}],"inLanguage":"en-US"},{"@type":"Organization","@id":"https:\/\/www.colossalstore.es\/#organization","name":"Colossal Store","url":"https:\/\/www.colossalstore.es\/","logo":{"@type":"ImageObject","inLanguage":"en-US","@id":"https:\/\/www.colossalstore.es\/#\/schema\/logo\/image\/","url":"https:\/\/www.colossalstore.es\/wp-content\/uploads\/2023\/05\/Colossal_Logo-02.png","contentUrl":"https:\/\/www.colossalstore.es\/wp-content\/uploads\/2023\/05\/Colossal_Logo-02.png","width":1181,"height":1181,"caption":"Colossal Store"},"image":{"@id":"https:\/\/www.colossalstore.es\/#\/schema\/logo\/image\/"},"sameAs":["https:\/\/x.com\/Colossal_Store","https:\/\/www.instagram.com\/colossal_store_tcg\/","https:\/\/www.tiktok.com\/@colossalstore"]}]}},"_links":{"self":[{"href":"https:\/\/www.colossalstore.es\/en\/wp-json\/wp\/v2\/product\/6745","targetHints":{"allow":["GET"]}}],"collection":[{"href":"https:\/\/www.colossalstore.es\/en\/wp-json\/wp\/v2\/product"}],"about":[{"href":"https:\/\/www.colossalstore.es\/en\/wp-json\/wp\/v2\/types\/product"}],"replies":[{"embeddable":true,"href":"https:\/\/www.colossalstore.es\/en\/wp-json\/wp\/v2\/comments?post=6745"}],"wp:featuredmedia":[{"embeddable":true,"href":"https:\/\/www.colossalstore.es\/en\/wp-json\/wp\/v2\/media\/6746"}],"wp:attachment":[{"href":"https:\/\/www.colossalstore.es\/en\/wp-json\/wp\/v2\/media?parent=6745"}],"wp:term":[{"taxonomy":"product_brand","embeddable":true,"href":"https:\/\/www.colossalstore.es\/en\/wp-json\/wp\/v2\/product_brand?post=6745"},{"taxonomy":"product_cat","embeddable":true,"href":"https:\/\/www.colossalstore.es\/en\/wp-json\/wp\/v2\/product_cat?post=6745"},{"taxonomy":"product_tag","embeddable":true,"href":"https:\/\/www.colossalstore.es\/en\/wp-json\/wp\/v2\/product_tag?post=6745"}],"curies":[{"name":"wp","href":"https:\/\/api.w.org\/{rel}","templated":true}]}}