{"id":6729,"date":"2023-12-15T19:03:22","date_gmt":"2023-12-15T18:03:22","guid":{"rendered":"https:\/\/www.colossalstore.es\/?post_type=product&#038;p=6729"},"modified":"2025-06-20T11:15:37","modified_gmt":"2025-06-20T09:15:37","slug":"ultrapro-eclipse-pro-100-deck-box-jet-black","status":"publish","type":"product","link":"https:\/\/www.colossalstore.es\/en\/tienda\/tcg\/accesorios\/ultrapro-eclipse-pro-100-deck-box-jet-black\/","title":{"rendered":"UltraPro Eclipse PRO 100+ Deck Box Jet Black"},"content":{"rendered":"<p>UltraPro Eclipse PRO 100+ Deck Box Jet Black<\/p>\n<p>Ultra PRO&#039;s Eclipse PRO 100+ Deck Boxes are compact and convenient ways to store up to 110 standard-sized cards in Deck Protector sleeves. Each durable card storage box is equipped with a self-closing lid design with a built-in thumb notch for easy access to your cards (sleeves, cards not included.)<\/p>","protected":false},"excerpt":{"rendered":"<p>UltraPro Eclipse PRO 100+ Deck Box Jet Black Las cajas de barajas Eclipse PRO 100+ de Ultra PRO son formas compactas y convenientes de guardar hasta 110 cartas de tama\u00f1o est\u00e1ndar en fundas Deck Protector. Cada caja de almacenamiento de tarjetas duraderas est\u00e1 equipada con un dise\u00f1o de tapa de cierre autom\u00e1tico con una muesca [&hellip;]<\/p>","protected":false},"featured_media":6730,"comment_status":"open","ping_status":"closed","template":"","meta":{"_joinchat":[]},"product_brand":[],"product_cat":[35,34],"product_tag":[],"class_list":{"0":"post-6729","1":"product","2":"type-product","3":"status-publish","4":"has-post-thumbnail","6":"product_cat-accesorios","7":"product_cat-tcg","9":"first","10":"outofstock","11":"taxable","12":"shipping-taxable","13":"purchasable","14":"product-type-simple"},"yoast_head":"<!-- This site is optimized with the Yoast SEO plugin v25.7 - https:\/\/yoast.com\/wordpress\/plugins\/seo\/ -->\n<title>UltraPro Eclipse PRO 100+ Deck Box Jet Black | Colossal Store<\/title>\n<meta name=\"description\" content=\"UltraPro Eclipse PRO 100+ Deck Box Jet Black: Las cajas de barajas Eclipse PRO 100+ de Ultra PRO son formas compactas y convenientes de guardar hasta 110 cartas de tama\u00f1o est\u00e1ndar en fundas Deck Protector.\" \/>\n<meta name=\"robots\" content=\"index, follow, max-snippet:-1, max-image-preview:large, max-video-preview:-1\" \/>\n<link rel=\"canonical\" href=\"https:\/\/www.colossalstore.es\/en\/tienda\/tcg\/accesorios\/ultrapro-eclipse-pro-100-deck-box-jet-black\/\" \/>\n<meta property=\"og:locale\" content=\"en_US\" \/>\n<meta property=\"og:type\" content=\"article\" \/>\n<meta property=\"og:title\" content=\"UltraPro Eclipse PRO 100+ Deck Box Jet Black | Colossal Store\" \/>\n<meta property=\"og:description\" content=\"UltraPro Eclipse PRO 100+ Deck Box Jet Black: Las cajas de barajas Eclipse PRO 100+ de Ultra PRO son formas compactas y convenientes de guardar hasta 110 cartas de tama\u00f1o est\u00e1ndar en fundas Deck Protector.\" \/>\n<meta property=\"og:url\" content=\"https:\/\/www.colossalstore.es\/en\/tienda\/tcg\/accesorios\/ultrapro-eclipse-pro-100-deck-box-jet-black\/\" \/>\n<meta property=\"og:site_name\" content=\"Colossal Store\" \/>\n<meta property=\"article:modified_time\" content=\"2025-06-20T09:15:37+00:00\" \/>\n<meta property=\"og:image\" content=\"https:\/\/www.colossalstore.es\/wp-content\/uploads\/2023\/12\/caja-de-mazo-deck-box-eclipse-100-negro-ultra-pro.jpg\" \/>\n\t<meta property=\"og:image:width\" content=\"367\" \/>\n\t<meta property=\"og:image:height\" content=\"420\" \/>\n\t<meta property=\"og:image:type\" content=\"image\/jpeg\" \/>\n<meta name=\"twitter:card\" content=\"summary_large_image\" \/>\n<meta name=\"twitter:site\" content=\"@Colossal_Store\" \/>\n<meta name=\"twitter:label1\" content=\"Est. reading time\" \/>\n\t<meta name=\"twitter:data1\" content=\"1 minute\" \/>\n<script type=\"application\/ld+json\" class=\"yoast-schema-graph\">{\"@context\":\"https:\/\/schema.org\",\"@graph\":[{\"@type\":\"WebPage\",\"@id\":\"https:\/\/www.colossalstore.es\/tienda\/tcg\/accesorios\/ultrapro-eclipse-pro-100-deck-box-jet-black\/\",\"url\":\"https:\/\/www.colossalstore.es\/tienda\/tcg\/accesorios\/ultrapro-eclipse-pro-100-deck-box-jet-black\/\",\"name\":\"UltraPro Eclipse PRO 100+ Deck Box Jet Black | Colossal Store\",\"isPartOf\":{\"@id\":\"https:\/\/www.colossalstore.es\/#website\"},\"primaryImageOfPage\":{\"@id\":\"https:\/\/www.colossalstore.es\/tienda\/tcg\/accesorios\/ultrapro-eclipse-pro-100-deck-box-jet-black\/#primaryimage\"},\"image\":{\"@id\":\"https:\/\/www.colossalstore.es\/tienda\/tcg\/accesorios\/ultrapro-eclipse-pro-100-deck-box-jet-black\/#primaryimage\"},\"thumbnailUrl\":\"https:\/\/www.colossalstore.es\/wp-content\/uploads\/2023\/12\/caja-de-mazo-deck-box-eclipse-100-negro-ultra-pro.jpg\",\"datePublished\":\"2023-12-15T18:03:22+00:00\",\"dateModified\":\"2025-06-20T09:15:37+00:00\",\"description\":\"UltraPro Eclipse PRO 100+ Deck Box Jet Black: Las cajas de barajas Eclipse PRO 100+ de Ultra PRO son formas compactas y convenientes de guardar hasta 110 cartas de tama\u00f1o est\u00e1ndar en fundas Deck Protector.\",\"breadcrumb\":{\"@id\":\"https:\/\/www.colossalstore.es\/tienda\/tcg\/accesorios\/ultrapro-eclipse-pro-100-deck-box-jet-black\/#breadcrumb\"},\"inLanguage\":\"en-US\",\"potentialAction\":[{\"@type\":\"ReadAction\",\"target\":[\"https:\/\/www.colossalstore.es\/tienda\/tcg\/accesorios\/ultrapro-eclipse-pro-100-deck-box-jet-black\/\"]}]},{\"@type\":\"ImageObject\",\"inLanguage\":\"en-US\",\"@id\":\"https:\/\/www.colossalstore.es\/tienda\/tcg\/accesorios\/ultrapro-eclipse-pro-100-deck-box-jet-black\/#primaryimage\",\"url\":\"https:\/\/www.colossalstore.es\/wp-content\/uploads\/2023\/12\/caja-de-mazo-deck-box-eclipse-100-negro-ultra-pro.jpg\",\"contentUrl\":\"https:\/\/www.colossalstore.es\/wp-content\/uploads\/2023\/12\/caja-de-mazo-deck-box-eclipse-100-negro-ultra-pro.jpg\",\"width\":367,\"height\":420},{\"@type\":\"BreadcrumbList\",\"@id\":\"https:\/\/www.colossalstore.es\/tienda\/tcg\/accesorios\/ultrapro-eclipse-pro-100-deck-box-jet-black\/#breadcrumb\",\"itemListElement\":[{\"@type\":\"ListItem\",\"position\":1,\"name\":\"Home\",\"item\":\"https:\/\/www.colossalstore.es\/\"},{\"@type\":\"ListItem\",\"position\":2,\"name\":\"Tienda\",\"item\":\"https:\/\/www.colossalstore.es\/tienda\/\"},{\"@type\":\"ListItem\",\"position\":3,\"name\":\"UltraPro Eclipse PRO 100+ Deck Box Jet Black\"}]},{\"@type\":\"WebSite\",\"@id\":\"https:\/\/www.colossalstore.es\/#website\",\"url\":\"https:\/\/www.colossalstore.es\/\",\"name\":\"Colossal Store\",\"description\":\"Colossal Store, tienda especializada en TCGs.\",\"publisher\":{\"@id\":\"https:\/\/www.colossalstore.es\/#organization\"},\"alternateName\":\"Colossal Store\",\"potentialAction\":[{\"@type\":\"SearchAction\",\"target\":{\"@type\":\"EntryPoint\",\"urlTemplate\":\"https:\/\/www.colossalstore.es\/?s={search_term_string}\"},\"query-input\":{\"@type\":\"PropertyValueSpecification\",\"valueRequired\":true,\"valueName\":\"search_term_string\"}}],\"inLanguage\":\"en-US\"},{\"@type\":\"Organization\",\"@id\":\"https:\/\/www.colossalstore.es\/#organization\",\"name\":\"Colossal Store\",\"url\":\"https:\/\/www.colossalstore.es\/\",\"logo\":{\"@type\":\"ImageObject\",\"inLanguage\":\"en-US\",\"@id\":\"https:\/\/www.colossalstore.es\/#\/schema\/logo\/image\/\",\"url\":\"https:\/\/www.colossalstore.es\/wp-content\/uploads\/2023\/05\/Colossal_Logo-02.png\",\"contentUrl\":\"https:\/\/www.colossalstore.es\/wp-content\/uploads\/2023\/05\/Colossal_Logo-02.png\",\"width\":1181,\"height\":1181,\"caption\":\"Colossal Store\"},\"image\":{\"@id\":\"https:\/\/www.colossalstore.es\/#\/schema\/logo\/image\/\"},\"sameAs\":[\"https:\/\/x.com\/Colossal_Store\",\"https:\/\/www.instagram.com\/colossal_store_tcg\/\",\"https:\/\/www.tiktok.com\/@colossalstore\"]}]}<\/script>\n<!-- \/ Yoast SEO plugin. -->","yoast_head_json":{"title":"UltraPro Eclipse PRO 100+ Deck Box Jet Black | Colossal Store","description":"UltraPro Eclipse PRO 100+ Deck Box Jet Black: Las cajas de barajas Eclipse PRO 100+ de Ultra PRO son formas compactas y convenientes de guardar hasta 110 cartas de tama\u00f1o est\u00e1ndar en fundas Deck Protector.","robots":{"index":"index","follow":"follow","max-snippet":"max-snippet:-1","max-image-preview":"max-image-preview:large","max-video-preview":"max-video-preview:-1"},"canonical":"https:\/\/www.colossalstore.es\/en\/tienda\/tcg\/accesorios\/ultrapro-eclipse-pro-100-deck-box-jet-black\/","og_locale":"en_US","og_type":"article","og_title":"UltraPro Eclipse PRO 100+ Deck Box Jet Black | Colossal Store","og_description":"UltraPro Eclipse PRO 100+ Deck Box Jet Black: Las cajas de barajas Eclipse PRO 100+ de Ultra PRO son formas compactas y convenientes de guardar hasta 110 cartas de tama\u00f1o est\u00e1ndar en fundas Deck Protector.","og_url":"https:\/\/www.colossalstore.es\/en\/tienda\/tcg\/accesorios\/ultrapro-eclipse-pro-100-deck-box-jet-black\/","og_site_name":"Colossal Store","article_modified_time":"2025-06-20T09:15:37+00:00","og_image":[{"width":367,"height":420,"url":"https:\/\/www.colossalstore.es\/wp-content\/uploads\/2023\/12\/caja-de-mazo-deck-box-eclipse-100-negro-ultra-pro.jpg","type":"image\/jpeg"}],"twitter_card":"summary_large_image","twitter_site":"@Colossal_Store","twitter_misc":{"Est. reading time":"1 minute"},"schema":{"@context":"https:\/\/schema.org","@graph":[{"@type":"WebPage","@id":"https:\/\/www.colossalstore.es\/tienda\/tcg\/accesorios\/ultrapro-eclipse-pro-100-deck-box-jet-black\/","url":"https:\/\/www.colossalstore.es\/tienda\/tcg\/accesorios\/ultrapro-eclipse-pro-100-deck-box-jet-black\/","name":"UltraPro Eclipse PRO 100+ Deck Box Jet Black | Colossal Store","isPartOf":{"@id":"https:\/\/www.colossalstore.es\/#website"},"primaryImageOfPage":{"@id":"https:\/\/www.colossalstore.es\/tienda\/tcg\/accesorios\/ultrapro-eclipse-pro-100-deck-box-jet-black\/#primaryimage"},"image":{"@id":"https:\/\/www.colossalstore.es\/tienda\/tcg\/accesorios\/ultrapro-eclipse-pro-100-deck-box-jet-black\/#primaryimage"},"thumbnailUrl":"https:\/\/www.colossalstore.es\/wp-content\/uploads\/2023\/12\/caja-de-mazo-deck-box-eclipse-100-negro-ultra-pro.jpg","datePublished":"2023-12-15T18:03:22+00:00","dateModified":"2025-06-20T09:15:37+00:00","description":"UltraPro Eclipse PRO 100+ Deck Box Jet Black: Las cajas de barajas Eclipse PRO 100+ de Ultra PRO son formas compactas y convenientes de guardar hasta 110 cartas de tama\u00f1o est\u00e1ndar en fundas Deck Protector.","breadcrumb":{"@id":"https:\/\/www.colossalstore.es\/tienda\/tcg\/accesorios\/ultrapro-eclipse-pro-100-deck-box-jet-black\/#breadcrumb"},"inLanguage":"en-US","potentialAction":[{"@type":"ReadAction","target":["https:\/\/www.colossalstore.es\/tienda\/tcg\/accesorios\/ultrapro-eclipse-pro-100-deck-box-jet-black\/"]}]},{"@type":"ImageObject","inLanguage":"en-US","@id":"https:\/\/www.colossalstore.es\/tienda\/tcg\/accesorios\/ultrapro-eclipse-pro-100-deck-box-jet-black\/#primaryimage","url":"https:\/\/www.colossalstore.es\/wp-content\/uploads\/2023\/12\/caja-de-mazo-deck-box-eclipse-100-negro-ultra-pro.jpg","contentUrl":"https:\/\/www.colossalstore.es\/wp-content\/uploads\/2023\/12\/caja-de-mazo-deck-box-eclipse-100-negro-ultra-pro.jpg","width":367,"height":420},{"@type":"BreadcrumbList","@id":"https:\/\/www.colossalstore.es\/tienda\/tcg\/accesorios\/ultrapro-eclipse-pro-100-deck-box-jet-black\/#breadcrumb","itemListElement":[{"@type":"ListItem","position":1,"name":"Home","item":"https:\/\/www.colossalstore.es\/"},{"@type":"ListItem","position":2,"name":"Tienda","item":"https:\/\/www.colossalstore.es\/tienda\/"},{"@type":"ListItem","position":3,"name":"UltraPro Eclipse PRO 100+ Deck Box Jet Black"}]},{"@type":"WebSite","@id":"https:\/\/www.colossalstore.es\/#website","url":"https:\/\/www.colossalstore.es\/","name":"Colossal Store","description":"Colossal Store, store specialized in TCGs.","publisher":{"@id":"https:\/\/www.colossalstore.es\/#organization"},"alternateName":"Colossal Store","potentialAction":[{"@type":"SearchAction","target":{"@type":"EntryPoint","urlTemplate":"https:\/\/www.colossalstore.es\/?s={search_term_string}"},"query-input":{"@type":"PropertyValueSpecification","valueRequired":true,"valueName":"search_term_string"}}],"inLanguage":"en-US"},{"@type":"Organization","@id":"https:\/\/www.colossalstore.es\/#organization","name":"Colossal Store","url":"https:\/\/www.colossalstore.es\/","logo":{"@type":"ImageObject","inLanguage":"en-US","@id":"https:\/\/www.colossalstore.es\/#\/schema\/logo\/image\/","url":"https:\/\/www.colossalstore.es\/wp-content\/uploads\/2023\/05\/Colossal_Logo-02.png","contentUrl":"https:\/\/www.colossalstore.es\/wp-content\/uploads\/2023\/05\/Colossal_Logo-02.png","width":1181,"height":1181,"caption":"Colossal Store"},"image":{"@id":"https:\/\/www.colossalstore.es\/#\/schema\/logo\/image\/"},"sameAs":["https:\/\/x.com\/Colossal_Store","https:\/\/www.instagram.com\/colossal_store_tcg\/","https:\/\/www.tiktok.com\/@colossalstore"]}]}},"_links":{"self":[{"href":"https:\/\/www.colossalstore.es\/en\/wp-json\/wp\/v2\/product\/6729","targetHints":{"allow":["GET"]}}],"collection":[{"href":"https:\/\/www.colossalstore.es\/en\/wp-json\/wp\/v2\/product"}],"about":[{"href":"https:\/\/www.colossalstore.es\/en\/wp-json\/wp\/v2\/types\/product"}],"replies":[{"embeddable":true,"href":"https:\/\/www.colossalstore.es\/en\/wp-json\/wp\/v2\/comments?post=6729"}],"wp:featuredmedia":[{"embeddable":true,"href":"https:\/\/www.colossalstore.es\/en\/wp-json\/wp\/v2\/media\/6730"}],"wp:attachment":[{"href":"https:\/\/www.colossalstore.es\/en\/wp-json\/wp\/v2\/media?parent=6729"}],"wp:term":[{"taxonomy":"product_brand","embeddable":true,"href":"https:\/\/www.colossalstore.es\/en\/wp-json\/wp\/v2\/product_brand?post=6729"},{"taxonomy":"product_cat","embeddable":true,"href":"https:\/\/www.colossalstore.es\/en\/wp-json\/wp\/v2\/product_cat?post=6729"},{"taxonomy":"product_tag","embeddable":true,"href":"https:\/\/www.colossalstore.es\/en\/wp-json\/wp\/v2\/product_tag?post=6729"}],"curies":[{"name":"wp","href":"https:\/\/api.w.org\/{rel}","templated":true}]}}