{"id":6728,"date":"2023-12-15T18:54:20","date_gmt":"2023-12-15T17:54:20","guid":{"rendered":"https:\/\/www.colossalstore.es\/?post_type=product&#038;p=6728"},"modified":"2025-06-20T11:15:37","modified_gmt":"2025-06-20T09:15:37","slug":"gamegenic-bastion-100-xl-clear","status":"publish","type":"product","link":"https:\/\/www.colossalstore.es\/en\/tienda\/tcg\/accesorios\/gamegenic-bastion-100-xl-clear\/","title":{"rendered":"Gamegenic Bastion 100+ XL Clear"},"content":{"rendered":"<p>Gamegenic Bastion 100+ XL Clear<\/p>\n<p>The Bastion 100+ XL is a very compact and sturdy deck box that protects over 100 cards in double sleeves with extra-thick inner sleeves. Plus, you can see the top of your Commander cards without having to open the box thanks to the translucent material and the position of the closing flaps. Its innovative one-click closing mechanism protects your decks while allowing easy access to your cards. The Bastion box is made up of 2 symmetrical parts that become a box for your deck and a box for your discard pile. A perfect box for a wide variety of card games. Thanks to its modular design, it fits perfectly inside other Gamegenic models. A sticker with a labeling field is included for personalization. The Bastion is available in 10 different colors, including an exclusive black and clear combination version.<\/p>","protected":false},"excerpt":{"rendered":"<p>Gamegenic Bastion 100+ XL Clear El modelo Bastion 100+ XL es una caja para mazos muy compacta y resistente que protege m\u00e1s de 100 cartas en doble funda con fundas interiores muy gruesas. Adem\u00e1s, podr\u00e1s ver la parte superior de la carta Commander sin tener que abrir la caja gracias a que est\u00e1 hecha de [&hellip;]<\/p>","protected":false},"featured_media":6726,"comment_status":"open","ping_status":"closed","template":"","meta":{"_joinchat":[]},"product_brand":[],"product_cat":[35,34],"product_tag":[],"class_list":{"0":"post-6728","1":"product","2":"type-product","3":"status-publish","4":"has-post-thumbnail","6":"product_cat-accesorios","7":"product_cat-tcg","9":"first","10":"outofstock","11":"taxable","12":"shipping-taxable","13":"purchasable","14":"product-type-simple"},"yoast_head":"<!-- This site is optimized with the Yoast SEO plugin v25.7 - https:\/\/yoast.com\/wordpress\/plugins\/seo\/ -->\n<title>Gamegenic Bastion 100+ XL Clear | Colossal Store<\/title>\n<meta name=\"description\" content=\"Gamegenic Bastion 100+ XL Clear: El modelo Bastion 100+ XL es una caja para mazos muy compacta y resistente que protege m\u00e1s de 100 cartas en doble funda con fundas interiores muy gruesas.\" \/>\n<meta name=\"robots\" content=\"index, follow, max-snippet:-1, max-image-preview:large, max-video-preview:-1\" \/>\n<link rel=\"canonical\" href=\"https:\/\/www.colossalstore.es\/en\/tienda\/tcg\/accesorios\/gamegenic-bastion-100-xl-clear\/\" \/>\n<meta property=\"og:locale\" content=\"en_US\" \/>\n<meta property=\"og:type\" content=\"article\" \/>\n<meta property=\"og:title\" content=\"Gamegenic Bastion 100+ XL Clear | Colossal Store\" \/>\n<meta property=\"og:description\" content=\"Gamegenic Bastion 100+ XL Clear: El modelo Bastion 100+ XL es una caja para mazos muy compacta y resistente que protege m\u00e1s de 100 cartas en doble funda con fundas interiores muy gruesas.\" \/>\n<meta property=\"og:url\" content=\"https:\/\/www.colossalstore.es\/en\/tienda\/tcg\/accesorios\/gamegenic-bastion-100-xl-clear\/\" \/>\n<meta property=\"og:site_name\" content=\"Colossal Store\" \/>\n<meta property=\"article:modified_time\" content=\"2025-06-20T09:15:37+00:00\" \/>\n<meta property=\"og:image\" content=\"https:\/\/www.colossalstore.es\/wp-content\/uploads\/2023\/12\/comprar-bastion-100-xl-clear-barato.png\" \/>\n\t<meta property=\"og:image:width\" content=\"458\" \/>\n\t<meta property=\"og:image:height\" content=\"458\" \/>\n\t<meta property=\"og:image:type\" content=\"image\/png\" \/>\n<meta name=\"twitter:card\" content=\"summary_large_image\" \/>\n<meta name=\"twitter:site\" content=\"@Colossal_Store\" \/>\n<meta name=\"twitter:label1\" content=\"Est. reading time\" \/>\n\t<meta name=\"twitter:data1\" content=\"1 minute\" \/>\n<script type=\"application\/ld+json\" class=\"yoast-schema-graph\">{\"@context\":\"https:\/\/schema.org\",\"@graph\":[{\"@type\":\"WebPage\",\"@id\":\"https:\/\/www.colossalstore.es\/tienda\/tcg\/accesorios\/gamegenic-bastion-100-xl-clear\/\",\"url\":\"https:\/\/www.colossalstore.es\/tienda\/tcg\/accesorios\/gamegenic-bastion-100-xl-clear\/\",\"name\":\"Gamegenic Bastion 100+ XL Clear | Colossal Store\",\"isPartOf\":{\"@id\":\"https:\/\/www.colossalstore.es\/#website\"},\"primaryImageOfPage\":{\"@id\":\"https:\/\/www.colossalstore.es\/tienda\/tcg\/accesorios\/gamegenic-bastion-100-xl-clear\/#primaryimage\"},\"image\":{\"@id\":\"https:\/\/www.colossalstore.es\/tienda\/tcg\/accesorios\/gamegenic-bastion-100-xl-clear\/#primaryimage\"},\"thumbnailUrl\":\"https:\/\/www.colossalstore.es\/wp-content\/uploads\/2023\/12\/comprar-bastion-100-xl-clear-barato.png\",\"datePublished\":\"2023-12-15T17:54:20+00:00\",\"dateModified\":\"2025-06-20T09:15:37+00:00\",\"description\":\"Gamegenic Bastion 100+ XL Clear: El modelo Bastion 100+ XL es una caja para mazos muy compacta y resistente que protege m\u00e1s de 100 cartas en doble funda con fundas interiores muy gruesas.\",\"breadcrumb\":{\"@id\":\"https:\/\/www.colossalstore.es\/tienda\/tcg\/accesorios\/gamegenic-bastion-100-xl-clear\/#breadcrumb\"},\"inLanguage\":\"en-US\",\"potentialAction\":[{\"@type\":\"ReadAction\",\"target\":[\"https:\/\/www.colossalstore.es\/tienda\/tcg\/accesorios\/gamegenic-bastion-100-xl-clear\/\"]}]},{\"@type\":\"ImageObject\",\"inLanguage\":\"en-US\",\"@id\":\"https:\/\/www.colossalstore.es\/tienda\/tcg\/accesorios\/gamegenic-bastion-100-xl-clear\/#primaryimage\",\"url\":\"https:\/\/www.colossalstore.es\/wp-content\/uploads\/2023\/12\/comprar-bastion-100-xl-clear-barato.png\",\"contentUrl\":\"https:\/\/www.colossalstore.es\/wp-content\/uploads\/2023\/12\/comprar-bastion-100-xl-clear-barato.png\",\"width\":458,\"height\":458},{\"@type\":\"BreadcrumbList\",\"@id\":\"https:\/\/www.colossalstore.es\/tienda\/tcg\/accesorios\/gamegenic-bastion-100-xl-clear\/#breadcrumb\",\"itemListElement\":[{\"@type\":\"ListItem\",\"position\":1,\"name\":\"Home\",\"item\":\"https:\/\/www.colossalstore.es\/\"},{\"@type\":\"ListItem\",\"position\":2,\"name\":\"Tienda\",\"item\":\"https:\/\/www.colossalstore.es\/tienda\/\"},{\"@type\":\"ListItem\",\"position\":3,\"name\":\"Gamegenic Bastion 100+ XL Clear\"}]},{\"@type\":\"WebSite\",\"@id\":\"https:\/\/www.colossalstore.es\/#website\",\"url\":\"https:\/\/www.colossalstore.es\/\",\"name\":\"Colossal Store\",\"description\":\"Colossal Store, tienda especializada en TCGs.\",\"publisher\":{\"@id\":\"https:\/\/www.colossalstore.es\/#organization\"},\"alternateName\":\"Colossal Store\",\"potentialAction\":[{\"@type\":\"SearchAction\",\"target\":{\"@type\":\"EntryPoint\",\"urlTemplate\":\"https:\/\/www.colossalstore.es\/?s={search_term_string}\"},\"query-input\":{\"@type\":\"PropertyValueSpecification\",\"valueRequired\":true,\"valueName\":\"search_term_string\"}}],\"inLanguage\":\"en-US\"},{\"@type\":\"Organization\",\"@id\":\"https:\/\/www.colossalstore.es\/#organization\",\"name\":\"Colossal Store\",\"url\":\"https:\/\/www.colossalstore.es\/\",\"logo\":{\"@type\":\"ImageObject\",\"inLanguage\":\"en-US\",\"@id\":\"https:\/\/www.colossalstore.es\/#\/schema\/logo\/image\/\",\"url\":\"https:\/\/www.colossalstore.es\/wp-content\/uploads\/2023\/05\/Colossal_Logo-02.png\",\"contentUrl\":\"https:\/\/www.colossalstore.es\/wp-content\/uploads\/2023\/05\/Colossal_Logo-02.png\",\"width\":1181,\"height\":1181,\"caption\":\"Colossal Store\"},\"image\":{\"@id\":\"https:\/\/www.colossalstore.es\/#\/schema\/logo\/image\/\"},\"sameAs\":[\"https:\/\/x.com\/Colossal_Store\",\"https:\/\/www.instagram.com\/colossal_store_tcg\/\",\"https:\/\/www.tiktok.com\/@colossalstore\"]}]}<\/script>\n<!-- \/ Yoast SEO plugin. -->","yoast_head_json":{"title":"Gamegenic Bastion 100+ XL Clear | Colossal Store","description":"Gamegenic Bastion 100+ XL Clear: El modelo Bastion 100+ XL es una caja para mazos muy compacta y resistente que protege m\u00e1s de 100 cartas en doble funda con fundas interiores muy gruesas.","robots":{"index":"index","follow":"follow","max-snippet":"max-snippet:-1","max-image-preview":"max-image-preview:large","max-video-preview":"max-video-preview:-1"},"canonical":"https:\/\/www.colossalstore.es\/en\/tienda\/tcg\/accesorios\/gamegenic-bastion-100-xl-clear\/","og_locale":"en_US","og_type":"article","og_title":"Gamegenic Bastion 100+ XL Clear | Colossal Store","og_description":"Gamegenic Bastion 100+ XL Clear: El modelo Bastion 100+ XL es una caja para mazos muy compacta y resistente que protege m\u00e1s de 100 cartas en doble funda con fundas interiores muy gruesas.","og_url":"https:\/\/www.colossalstore.es\/en\/tienda\/tcg\/accesorios\/gamegenic-bastion-100-xl-clear\/","og_site_name":"Colossal Store","article_modified_time":"2025-06-20T09:15:37+00:00","og_image":[{"width":458,"height":458,"url":"https:\/\/www.colossalstore.es\/wp-content\/uploads\/2023\/12\/comprar-bastion-100-xl-clear-barato.png","type":"image\/png"}],"twitter_card":"summary_large_image","twitter_site":"@Colossal_Store","twitter_misc":{"Est. reading time":"1 minute"},"schema":{"@context":"https:\/\/schema.org","@graph":[{"@type":"WebPage","@id":"https:\/\/www.colossalstore.es\/tienda\/tcg\/accesorios\/gamegenic-bastion-100-xl-clear\/","url":"https:\/\/www.colossalstore.es\/tienda\/tcg\/accesorios\/gamegenic-bastion-100-xl-clear\/","name":"Gamegenic Bastion 100+ XL Clear | Colossal Store","isPartOf":{"@id":"https:\/\/www.colossalstore.es\/#website"},"primaryImageOfPage":{"@id":"https:\/\/www.colossalstore.es\/tienda\/tcg\/accesorios\/gamegenic-bastion-100-xl-clear\/#primaryimage"},"image":{"@id":"https:\/\/www.colossalstore.es\/tienda\/tcg\/accesorios\/gamegenic-bastion-100-xl-clear\/#primaryimage"},"thumbnailUrl":"https:\/\/www.colossalstore.es\/wp-content\/uploads\/2023\/12\/comprar-bastion-100-xl-clear-barato.png","datePublished":"2023-12-15T17:54:20+00:00","dateModified":"2025-06-20T09:15:37+00:00","description":"Gamegenic Bastion 100+ XL Clear: El modelo Bastion 100+ XL es una caja para mazos muy compacta y resistente que protege m\u00e1s de 100 cartas en doble funda con fundas interiores muy gruesas.","breadcrumb":{"@id":"https:\/\/www.colossalstore.es\/tienda\/tcg\/accesorios\/gamegenic-bastion-100-xl-clear\/#breadcrumb"},"inLanguage":"en-US","potentialAction":[{"@type":"ReadAction","target":["https:\/\/www.colossalstore.es\/tienda\/tcg\/accesorios\/gamegenic-bastion-100-xl-clear\/"]}]},{"@type":"ImageObject","inLanguage":"en-US","@id":"https:\/\/www.colossalstore.es\/tienda\/tcg\/accesorios\/gamegenic-bastion-100-xl-clear\/#primaryimage","url":"https:\/\/www.colossalstore.es\/wp-content\/uploads\/2023\/12\/comprar-bastion-100-xl-clear-barato.png","contentUrl":"https:\/\/www.colossalstore.es\/wp-content\/uploads\/2023\/12\/comprar-bastion-100-xl-clear-barato.png","width":458,"height":458},{"@type":"BreadcrumbList","@id":"https:\/\/www.colossalstore.es\/tienda\/tcg\/accesorios\/gamegenic-bastion-100-xl-clear\/#breadcrumb","itemListElement":[{"@type":"ListItem","position":1,"name":"Home","item":"https:\/\/www.colossalstore.es\/"},{"@type":"ListItem","position":2,"name":"Tienda","item":"https:\/\/www.colossalstore.es\/tienda\/"},{"@type":"ListItem","position":3,"name":"Gamegenic Bastion 100+ XL Clear"}]},{"@type":"WebSite","@id":"https:\/\/www.colossalstore.es\/#website","url":"https:\/\/www.colossalstore.es\/","name":"Colossal Store","description":"Colossal Store, store specialized in TCGs.","publisher":{"@id":"https:\/\/www.colossalstore.es\/#organization"},"alternateName":"Colossal Store","potentialAction":[{"@type":"SearchAction","target":{"@type":"EntryPoint","urlTemplate":"https:\/\/www.colossalstore.es\/?s={search_term_string}"},"query-input":{"@type":"PropertyValueSpecification","valueRequired":true,"valueName":"search_term_string"}}],"inLanguage":"en-US"},{"@type":"Organization","@id":"https:\/\/www.colossalstore.es\/#organization","name":"Colossal Store","url":"https:\/\/www.colossalstore.es\/","logo":{"@type":"ImageObject","inLanguage":"en-US","@id":"https:\/\/www.colossalstore.es\/#\/schema\/logo\/image\/","url":"https:\/\/www.colossalstore.es\/wp-content\/uploads\/2023\/05\/Colossal_Logo-02.png","contentUrl":"https:\/\/www.colossalstore.es\/wp-content\/uploads\/2023\/05\/Colossal_Logo-02.png","width":1181,"height":1181,"caption":"Colossal Store"},"image":{"@id":"https:\/\/www.colossalstore.es\/#\/schema\/logo\/image\/"},"sameAs":["https:\/\/x.com\/Colossal_Store","https:\/\/www.instagram.com\/colossal_store_tcg\/","https:\/\/www.tiktok.com\/@colossalstore"]}]}},"_links":{"self":[{"href":"https:\/\/www.colossalstore.es\/en\/wp-json\/wp\/v2\/product\/6728","targetHints":{"allow":["GET"]}}],"collection":[{"href":"https:\/\/www.colossalstore.es\/en\/wp-json\/wp\/v2\/product"}],"about":[{"href":"https:\/\/www.colossalstore.es\/en\/wp-json\/wp\/v2\/types\/product"}],"replies":[{"embeddable":true,"href":"https:\/\/www.colossalstore.es\/en\/wp-json\/wp\/v2\/comments?post=6728"}],"wp:featuredmedia":[{"embeddable":true,"href":"https:\/\/www.colossalstore.es\/en\/wp-json\/wp\/v2\/media\/6726"}],"wp:attachment":[{"href":"https:\/\/www.colossalstore.es\/en\/wp-json\/wp\/v2\/media?parent=6728"}],"wp:term":[{"taxonomy":"product_brand","embeddable":true,"href":"https:\/\/www.colossalstore.es\/en\/wp-json\/wp\/v2\/product_brand?post=6728"},{"taxonomy":"product_cat","embeddable":true,"href":"https:\/\/www.colossalstore.es\/en\/wp-json\/wp\/v2\/product_cat?post=6728"},{"taxonomy":"product_tag","embeddable":true,"href":"https:\/\/www.colossalstore.es\/en\/wp-json\/wp\/v2\/product_tag?post=6728"}],"curies":[{"name":"wp","href":"https:\/\/api.w.org\/{rel}","templated":true}]}}