{"id":6682,"date":"2023-12-07T19:27:01","date_gmt":"2023-12-07T18:27:01","guid":{"rendered":"https:\/\/www.colossalstore.es\/?post_type=product&#038;p=6682"},"modified":"2025-06-20T11:15:38","modified_gmt":"2025-06-20T09:15:38","slug":"tokyo-ghoul-bloody-masquerade-juego-de-mesa-sd-games","status":"publish","type":"product","link":"https:\/\/www.colossalstore.es\/en\/tienda\/juegos-de-mesa\/tokyo-ghoul-bloody-masquerade-juego-de-mesa-sd-games\/","title":{"rendered":"Tokyo Ghoul Bloody Masquerade \u2013 Board game SD Games"},"content":{"rendered":"<p>Tokyo Ghoul Bloody Masquerade \u2013 Board game SD Games<\/p>\n<p>In Tokyo Ghoul, players will take on a hidden role. We can be human, inspector or ghoul. The inspector and the ghoul must meet with the sole purpose of killing each other, this will give them victory. While humans will try to collect cards of the same type to win.<\/p>\n<p>DATA SHEET:<\/p>\n<p>Franchise: Tokyo Ghoul<\/p>\n<p>Manufacturer: SD Games<\/p>","protected":false},"excerpt":{"rendered":"<p>Tokyo Ghoul Bloody Masquerade &#8211; Juego de mesa SD Games En Tokyo Ghoul, los jugadores tomaran un rol oculto. Podremos ser humano, inspector o ghoul. El inspector y el ghoul deben encontrarse con el \u00fanico prop\u00f3sito de matarse entre s\u00ed, esto les dar\u00e1 la victoria. Mientras que los humanos intentaran recolectar cartas del mismo tipo [&hellip;]<\/p>","protected":false},"featured_media":6685,"comment_status":"open","ping_status":"closed","template":"","meta":{"_joinchat":[]},"product_brand":[],"product_cat":[26],"product_tag":[],"class_list":{"0":"post-6682","1":"product","2":"type-product","3":"status-publish","4":"has-post-thumbnail","6":"product_cat-juegos-de-mesa","8":"first","9":"outofstock","10":"taxable","11":"shipping-taxable","12":"purchasable","13":"product-type-simple"},"yoast_head":"<!-- This site is optimized with the Yoast SEO plugin v25.7 - https:\/\/yoast.com\/wordpress\/plugins\/seo\/ -->\n<title>Tokyo Ghoul Bloody Masquerade - Juego de mesa SD Games | Colossal Store<\/title>\n<meta name=\"description\" content=\"Tokyo Ghoul Bloody Masquerade - Juego de mesa SD Games: En Tokyo Ghoul, los jugadores tomaran un rol oculto.\" \/>\n<meta name=\"robots\" content=\"index, follow, max-snippet:-1, max-image-preview:large, max-video-preview:-1\" \/>\n<link rel=\"canonical\" href=\"https:\/\/www.colossalstore.es\/en\/tienda\/juegos-de-mesa\/tokyo-ghoul-bloody-masquerade-juego-de-mesa-sd-games\/\" \/>\n<meta property=\"og:locale\" content=\"en_US\" \/>\n<meta property=\"og:type\" content=\"article\" \/>\n<meta property=\"og:title\" content=\"Tokyo Ghoul Bloody Masquerade - Juego de mesa SD Games | Colossal Store\" \/>\n<meta property=\"og:description\" content=\"Tokyo Ghoul Bloody Masquerade - Juego de mesa SD Games: En Tokyo Ghoul, los jugadores tomaran un rol oculto.\" \/>\n<meta property=\"og:url\" content=\"https:\/\/www.colossalstore.es\/en\/tienda\/juegos-de-mesa\/tokyo-ghoul-bloody-masquerade-juego-de-mesa-sd-games\/\" \/>\n<meta property=\"og:site_name\" content=\"Colossal Store\" \/>\n<meta property=\"article:modified_time\" content=\"2025-06-20T09:15:38+00:00\" \/>\n<meta property=\"og:image\" content=\"https:\/\/www.colossalstore.es\/wp-content\/uploads\/2023\/12\/Tokyo-Ghoul-Bloody-Masquerade.jpg\" \/>\n\t<meta property=\"og:image:width\" content=\"2560\" \/>\n\t<meta property=\"og:image:height\" content=\"2151\" \/>\n\t<meta property=\"og:image:type\" content=\"image\/jpeg\" \/>\n<meta name=\"twitter:card\" content=\"summary_large_image\" \/>\n<meta name=\"twitter:site\" content=\"@Colossal_Store\" \/>\n<meta name=\"twitter:label1\" content=\"Est. reading time\" \/>\n\t<meta name=\"twitter:data1\" content=\"1 minute\" \/>\n<script type=\"application\/ld+json\" class=\"yoast-schema-graph\">{\"@context\":\"https:\/\/schema.org\",\"@graph\":[{\"@type\":\"WebPage\",\"@id\":\"https:\/\/www.colossalstore.es\/tienda\/juegos-de-mesa\/tokyo-ghoul-bloody-masquerade-juego-de-mesa-sd-games\/\",\"url\":\"https:\/\/www.colossalstore.es\/tienda\/juegos-de-mesa\/tokyo-ghoul-bloody-masquerade-juego-de-mesa-sd-games\/\",\"name\":\"Tokyo Ghoul Bloody Masquerade - Juego de mesa SD Games | Colossal Store\",\"isPartOf\":{\"@id\":\"https:\/\/www.colossalstore.es\/#website\"},\"primaryImageOfPage\":{\"@id\":\"https:\/\/www.colossalstore.es\/tienda\/juegos-de-mesa\/tokyo-ghoul-bloody-masquerade-juego-de-mesa-sd-games\/#primaryimage\"},\"image\":{\"@id\":\"https:\/\/www.colossalstore.es\/tienda\/juegos-de-mesa\/tokyo-ghoul-bloody-masquerade-juego-de-mesa-sd-games\/#primaryimage\"},\"thumbnailUrl\":\"https:\/\/www.colossalstore.es\/wp-content\/uploads\/2023\/12\/Tokyo-Ghoul-Bloody-Masquerade.jpg\",\"datePublished\":\"2023-12-07T18:27:01+00:00\",\"dateModified\":\"2025-06-20T09:15:38+00:00\",\"description\":\"Tokyo Ghoul Bloody Masquerade - Juego de mesa SD Games: En Tokyo Ghoul, los jugadores tomaran un rol oculto.\",\"breadcrumb\":{\"@id\":\"https:\/\/www.colossalstore.es\/tienda\/juegos-de-mesa\/tokyo-ghoul-bloody-masquerade-juego-de-mesa-sd-games\/#breadcrumb\"},\"inLanguage\":\"en-US\",\"potentialAction\":[{\"@type\":\"ReadAction\",\"target\":[\"https:\/\/www.colossalstore.es\/tienda\/juegos-de-mesa\/tokyo-ghoul-bloody-masquerade-juego-de-mesa-sd-games\/\"]}]},{\"@type\":\"ImageObject\",\"inLanguage\":\"en-US\",\"@id\":\"https:\/\/www.colossalstore.es\/tienda\/juegos-de-mesa\/tokyo-ghoul-bloody-masquerade-juego-de-mesa-sd-games\/#primaryimage\",\"url\":\"https:\/\/www.colossalstore.es\/wp-content\/uploads\/2023\/12\/Tokyo-Ghoul-Bloody-Masquerade.jpg\",\"contentUrl\":\"https:\/\/www.colossalstore.es\/wp-content\/uploads\/2023\/12\/Tokyo-Ghoul-Bloody-Masquerade.jpg\",\"width\":2560,\"height\":2151},{\"@type\":\"BreadcrumbList\",\"@id\":\"https:\/\/www.colossalstore.es\/tienda\/juegos-de-mesa\/tokyo-ghoul-bloody-masquerade-juego-de-mesa-sd-games\/#breadcrumb\",\"itemListElement\":[{\"@type\":\"ListItem\",\"position\":1,\"name\":\"Home\",\"item\":\"https:\/\/www.colossalstore.es\/\"},{\"@type\":\"ListItem\",\"position\":2,\"name\":\"Tienda\",\"item\":\"https:\/\/www.colossalstore.es\/tienda\/\"},{\"@type\":\"ListItem\",\"position\":3,\"name\":\"Tokyo Ghoul Bloody Masquerade &#8211; Juego de mesa SD Games\"}]},{\"@type\":\"WebSite\",\"@id\":\"https:\/\/www.colossalstore.es\/#website\",\"url\":\"https:\/\/www.colossalstore.es\/\",\"name\":\"Colossal Store\",\"description\":\"Colossal Store, tienda especializada en TCGs.\",\"publisher\":{\"@id\":\"https:\/\/www.colossalstore.es\/#organization\"},\"alternateName\":\"Colossal Store\",\"potentialAction\":[{\"@type\":\"SearchAction\",\"target\":{\"@type\":\"EntryPoint\",\"urlTemplate\":\"https:\/\/www.colossalstore.es\/?s={search_term_string}\"},\"query-input\":{\"@type\":\"PropertyValueSpecification\",\"valueRequired\":true,\"valueName\":\"search_term_string\"}}],\"inLanguage\":\"en-US\"},{\"@type\":\"Organization\",\"@id\":\"https:\/\/www.colossalstore.es\/#organization\",\"name\":\"Colossal Store\",\"url\":\"https:\/\/www.colossalstore.es\/\",\"logo\":{\"@type\":\"ImageObject\",\"inLanguage\":\"en-US\",\"@id\":\"https:\/\/www.colossalstore.es\/#\/schema\/logo\/image\/\",\"url\":\"https:\/\/www.colossalstore.es\/wp-content\/uploads\/2023\/05\/Colossal_Logo-02.png\",\"contentUrl\":\"https:\/\/www.colossalstore.es\/wp-content\/uploads\/2023\/05\/Colossal_Logo-02.png\",\"width\":1181,\"height\":1181,\"caption\":\"Colossal Store\"},\"image\":{\"@id\":\"https:\/\/www.colossalstore.es\/#\/schema\/logo\/image\/\"},\"sameAs\":[\"https:\/\/x.com\/Colossal_Store\",\"https:\/\/www.instagram.com\/colossal_store_tcg\/\",\"https:\/\/www.tiktok.com\/@colossalstore\"]}]}<\/script>\n<!-- \/ Yoast SEO plugin. -->","yoast_head_json":{"title":"Tokyo Ghoul Bloody Masquerade - Juego de mesa SD Games | Colossal Store","description":"Tokyo Ghoul Bloody Masquerade - Juego de mesa SD Games: En Tokyo Ghoul, los jugadores tomaran un rol oculto.","robots":{"index":"index","follow":"follow","max-snippet":"max-snippet:-1","max-image-preview":"max-image-preview:large","max-video-preview":"max-video-preview:-1"},"canonical":"https:\/\/www.colossalstore.es\/en\/tienda\/juegos-de-mesa\/tokyo-ghoul-bloody-masquerade-juego-de-mesa-sd-games\/","og_locale":"en_US","og_type":"article","og_title":"Tokyo Ghoul Bloody Masquerade - Juego de mesa SD Games | Colossal Store","og_description":"Tokyo Ghoul Bloody Masquerade - Juego de mesa SD Games: En Tokyo Ghoul, los jugadores tomaran un rol oculto.","og_url":"https:\/\/www.colossalstore.es\/en\/tienda\/juegos-de-mesa\/tokyo-ghoul-bloody-masquerade-juego-de-mesa-sd-games\/","og_site_name":"Colossal Store","article_modified_time":"2025-06-20T09:15:38+00:00","og_image":[{"width":2560,"height":2151,"url":"https:\/\/www.colossalstore.es\/wp-content\/uploads\/2023\/12\/Tokyo-Ghoul-Bloody-Masquerade.jpg","type":"image\/jpeg"}],"twitter_card":"summary_large_image","twitter_site":"@Colossal_Store","twitter_misc":{"Est. reading time":"1 minute"},"schema":{"@context":"https:\/\/schema.org","@graph":[{"@type":"WebPage","@id":"https:\/\/www.colossalstore.es\/tienda\/juegos-de-mesa\/tokyo-ghoul-bloody-masquerade-juego-de-mesa-sd-games\/","url":"https:\/\/www.colossalstore.es\/tienda\/juegos-de-mesa\/tokyo-ghoul-bloody-masquerade-juego-de-mesa-sd-games\/","name":"Tokyo Ghoul Bloody Masquerade - Juego de mesa SD Games | Colossal Store","isPartOf":{"@id":"https:\/\/www.colossalstore.es\/#website"},"primaryImageOfPage":{"@id":"https:\/\/www.colossalstore.es\/tienda\/juegos-de-mesa\/tokyo-ghoul-bloody-masquerade-juego-de-mesa-sd-games\/#primaryimage"},"image":{"@id":"https:\/\/www.colossalstore.es\/tienda\/juegos-de-mesa\/tokyo-ghoul-bloody-masquerade-juego-de-mesa-sd-games\/#primaryimage"},"thumbnailUrl":"https:\/\/www.colossalstore.es\/wp-content\/uploads\/2023\/12\/Tokyo-Ghoul-Bloody-Masquerade.jpg","datePublished":"2023-12-07T18:27:01+00:00","dateModified":"2025-06-20T09:15:38+00:00","description":"Tokyo Ghoul Bloody Masquerade - Juego de mesa SD Games: En Tokyo Ghoul, los jugadores tomaran un rol oculto.","breadcrumb":{"@id":"https:\/\/www.colossalstore.es\/tienda\/juegos-de-mesa\/tokyo-ghoul-bloody-masquerade-juego-de-mesa-sd-games\/#breadcrumb"},"inLanguage":"en-US","potentialAction":[{"@type":"ReadAction","target":["https:\/\/www.colossalstore.es\/tienda\/juegos-de-mesa\/tokyo-ghoul-bloody-masquerade-juego-de-mesa-sd-games\/"]}]},{"@type":"ImageObject","inLanguage":"en-US","@id":"https:\/\/www.colossalstore.es\/tienda\/juegos-de-mesa\/tokyo-ghoul-bloody-masquerade-juego-de-mesa-sd-games\/#primaryimage","url":"https:\/\/www.colossalstore.es\/wp-content\/uploads\/2023\/12\/Tokyo-Ghoul-Bloody-Masquerade.jpg","contentUrl":"https:\/\/www.colossalstore.es\/wp-content\/uploads\/2023\/12\/Tokyo-Ghoul-Bloody-Masquerade.jpg","width":2560,"height":2151},{"@type":"BreadcrumbList","@id":"https:\/\/www.colossalstore.es\/tienda\/juegos-de-mesa\/tokyo-ghoul-bloody-masquerade-juego-de-mesa-sd-games\/#breadcrumb","itemListElement":[{"@type":"ListItem","position":1,"name":"Home","item":"https:\/\/www.colossalstore.es\/"},{"@type":"ListItem","position":2,"name":"Tienda","item":"https:\/\/www.colossalstore.es\/tienda\/"},{"@type":"ListItem","position":3,"name":"Tokyo Ghoul Bloody Masquerade &#8211; Juego de mesa SD Games"}]},{"@type":"WebSite","@id":"https:\/\/www.colossalstore.es\/#website","url":"https:\/\/www.colossalstore.es\/","name":"Colossal Store","description":"Colossal Store, store specialized in TCGs.","publisher":{"@id":"https:\/\/www.colossalstore.es\/#organization"},"alternateName":"Colossal Store","potentialAction":[{"@type":"SearchAction","target":{"@type":"EntryPoint","urlTemplate":"https:\/\/www.colossalstore.es\/?s={search_term_string}"},"query-input":{"@type":"PropertyValueSpecification","valueRequired":true,"valueName":"search_term_string"}}],"inLanguage":"en-US"},{"@type":"Organization","@id":"https:\/\/www.colossalstore.es\/#organization","name":"Colossal Store","url":"https:\/\/www.colossalstore.es\/","logo":{"@type":"ImageObject","inLanguage":"en-US","@id":"https:\/\/www.colossalstore.es\/#\/schema\/logo\/image\/","url":"https:\/\/www.colossalstore.es\/wp-content\/uploads\/2023\/05\/Colossal_Logo-02.png","contentUrl":"https:\/\/www.colossalstore.es\/wp-content\/uploads\/2023\/05\/Colossal_Logo-02.png","width":1181,"height":1181,"caption":"Colossal Store"},"image":{"@id":"https:\/\/www.colossalstore.es\/#\/schema\/logo\/image\/"},"sameAs":["https:\/\/x.com\/Colossal_Store","https:\/\/www.instagram.com\/colossal_store_tcg\/","https:\/\/www.tiktok.com\/@colossalstore"]}]}},"_links":{"self":[{"href":"https:\/\/www.colossalstore.es\/en\/wp-json\/wp\/v2\/product\/6682","targetHints":{"allow":["GET"]}}],"collection":[{"href":"https:\/\/www.colossalstore.es\/en\/wp-json\/wp\/v2\/product"}],"about":[{"href":"https:\/\/www.colossalstore.es\/en\/wp-json\/wp\/v2\/types\/product"}],"replies":[{"embeddable":true,"href":"https:\/\/www.colossalstore.es\/en\/wp-json\/wp\/v2\/comments?post=6682"}],"wp:featuredmedia":[{"embeddable":true,"href":"https:\/\/www.colossalstore.es\/en\/wp-json\/wp\/v2\/media\/6685"}],"wp:attachment":[{"href":"https:\/\/www.colossalstore.es\/en\/wp-json\/wp\/v2\/media?parent=6682"}],"wp:term":[{"taxonomy":"product_brand","embeddable":true,"href":"https:\/\/www.colossalstore.es\/en\/wp-json\/wp\/v2\/product_brand?post=6682"},{"taxonomy":"product_cat","embeddable":true,"href":"https:\/\/www.colossalstore.es\/en\/wp-json\/wp\/v2\/product_cat?post=6682"},{"taxonomy":"product_tag","embeddable":true,"href":"https:\/\/www.colossalstore.es\/en\/wp-json\/wp\/v2\/product_tag?post=6682"}],"curies":[{"name":"wp","href":"https:\/\/api.w.org\/{rel}","templated":true}]}}