{"id":6675,"date":"2023-12-07T19:14:07","date_gmt":"2023-12-07T18:14:07","guid":{"rendered":"https:\/\/www.colossalstore.es\/?post_type=product&#038;p=6675"},"modified":"2025-06-20T11:15:38","modified_gmt":"2025-06-20T09:15:38","slug":"made-in-abyss-11-akihito-tsukushi","status":"publish","type":"product","link":"https:\/\/www.colossalstore.es\/en\/tienda\/manga\/made-in-abyss-11-akihito-tsukushi\/","title":{"rendered":"Made in Abyss 11 \u2013 Akihito Tsukushi"},"content":{"rendered":"<p>Made in Abyss 11 \u2013 Akihito Tsukushi<\/p>\n<p>The Abyss, as the title refers, is a gigantic round cavity on an island that houses a system of tunnels and caves, much of it unexplored, inhabited by fantastic creatures and filled with relics of unknown origin. Countless adventurers have ventured into the Abyss to solve its mysteries, but many of them never returned. Not only because of the boundless and wild flora and fauna that emerges in every corner of the cavities, which becomes more hostile and unpredictable the deeper you go, but also because of the so-called Curse of the Abyss, a mysterious disease that affects those who want to return when they are already too deep. The protagonist of the story is Riko, a girl who was orphaned when Lyza the Annihilator, a renowned White Whistle (a rank held by the most legendary of these explorers) disappeared in the depths of the Abyss.<\/p>","protected":false},"excerpt":{"rendered":"<p>Made in Abyss 11 &#8211; Akihito Tsukushi El Abismo al que hace referencia el t\u00edtulo, es una gigantesca cavidad redonda en una isla que alberga dentro un sistema de t\u00faneles y cuevas, en gran parte inexploradas, habitado por criaturas fant\u00e1sticas y repleto de reliquias cuyo origen se desconoce. Incontables aventureros se han adentrado en el [&hellip;]<\/p>","protected":false},"featured_media":6676,"comment_status":"open","ping_status":"closed","template":"","meta":{"_joinchat":[]},"product_brand":[],"product_cat":[32],"product_tag":[],"class_list":{"0":"post-6675","1":"product","2":"type-product","3":"status-publish","4":"has-post-thumbnail","6":"product_cat-manga","8":"first","9":"outofstock","10":"taxable","11":"shipping-taxable","12":"purchasable","13":"product-type-simple"},"yoast_head":"<!-- This site is optimized with the Yoast SEO plugin v25.7 - https:\/\/yoast.com\/wordpress\/plugins\/seo\/ -->\n<title>Made in Abyss 11 - Akihito Tsukushi | Colossal Store<\/title>\n<meta name=\"description\" content=\"Made in Abyss 11 - Akihito Tsukushi: El Abismo al que hace referencia el t\u00edtulo, es una gigantesca cavidad redonda en una isla que alberga dentro un sistema de t\u00faneles y cuevas, en gran parte inexploradas, habitado por criaturas fant\u00e1sticas y repleto de reliquias cuyo origen se desconoce.\" \/>\n<meta name=\"robots\" content=\"index, follow, max-snippet:-1, max-image-preview:large, max-video-preview:-1\" \/>\n<link rel=\"canonical\" href=\"https:\/\/www.colossalstore.es\/en\/tienda\/manga\/made-in-abyss-11-akihito-tsukushi\/\" \/>\n<meta property=\"og:locale\" content=\"en_US\" \/>\n<meta property=\"og:type\" content=\"article\" \/>\n<meta property=\"og:title\" content=\"Made in Abyss 11 - Akihito Tsukushi | Colossal Store\" \/>\n<meta property=\"og:description\" content=\"Made in Abyss 11 - Akihito Tsukushi: El Abismo al que hace referencia el t\u00edtulo, es una gigantesca cavidad redonda en una isla que alberga dentro un sistema de t\u00faneles y cuevas, en gran parte inexploradas, habitado por criaturas fant\u00e1sticas y repleto de reliquias cuyo origen se desconoce.\" \/>\n<meta property=\"og:url\" content=\"https:\/\/www.colossalstore.es\/en\/tienda\/manga\/made-in-abyss-11-akihito-tsukushi\/\" \/>\n<meta property=\"og:site_name\" content=\"Colossal Store\" \/>\n<meta property=\"article:modified_time\" content=\"2025-06-20T09:15:38+00:00\" \/>\n<meta property=\"og:image\" content=\"https:\/\/www.colossalstore.es\/wp-content\/uploads\/2023\/12\/Made-in-Abyss-11.jpg\" \/>\n\t<meta property=\"og:image:width\" content=\"708\" \/>\n\t<meta property=\"og:image:height\" content=\"1000\" \/>\n\t<meta property=\"og:image:type\" content=\"image\/jpeg\" \/>\n<meta name=\"twitter:card\" content=\"summary_large_image\" \/>\n<meta name=\"twitter:site\" content=\"@Colossal_Store\" \/>\n<meta name=\"twitter:label1\" content=\"Est. reading time\" \/>\n\t<meta name=\"twitter:data1\" content=\"1 minute\" \/>\n<script type=\"application\/ld+json\" class=\"yoast-schema-graph\">{\"@context\":\"https:\/\/schema.org\",\"@graph\":[{\"@type\":\"WebPage\",\"@id\":\"https:\/\/www.colossalstore.es\/tienda\/manga\/made-in-abyss-11-akihito-tsukushi\/\",\"url\":\"https:\/\/www.colossalstore.es\/tienda\/manga\/made-in-abyss-11-akihito-tsukushi\/\",\"name\":\"Made in Abyss 11 - Akihito Tsukushi | Colossal Store\",\"isPartOf\":{\"@id\":\"https:\/\/www.colossalstore.es\/#website\"},\"primaryImageOfPage\":{\"@id\":\"https:\/\/www.colossalstore.es\/tienda\/manga\/made-in-abyss-11-akihito-tsukushi\/#primaryimage\"},\"image\":{\"@id\":\"https:\/\/www.colossalstore.es\/tienda\/manga\/made-in-abyss-11-akihito-tsukushi\/#primaryimage\"},\"thumbnailUrl\":\"https:\/\/www.colossalstore.es\/wp-content\/uploads\/2023\/12\/Made-in-Abyss-11.jpg\",\"datePublished\":\"2023-12-07T18:14:07+00:00\",\"dateModified\":\"2025-06-20T09:15:38+00:00\",\"description\":\"Made in Abyss 11 - Akihito Tsukushi: El Abismo al que hace referencia el t\u00edtulo, es una gigantesca cavidad redonda en una isla que alberga dentro un sistema de t\u00faneles y cuevas, en gran parte inexploradas, habitado por criaturas fant\u00e1sticas y repleto de reliquias cuyo origen se desconoce.\",\"breadcrumb\":{\"@id\":\"https:\/\/www.colossalstore.es\/tienda\/manga\/made-in-abyss-11-akihito-tsukushi\/#breadcrumb\"},\"inLanguage\":\"en-US\",\"potentialAction\":[{\"@type\":\"ReadAction\",\"target\":[\"https:\/\/www.colossalstore.es\/tienda\/manga\/made-in-abyss-11-akihito-tsukushi\/\"]}]},{\"@type\":\"ImageObject\",\"inLanguage\":\"en-US\",\"@id\":\"https:\/\/www.colossalstore.es\/tienda\/manga\/made-in-abyss-11-akihito-tsukushi\/#primaryimage\",\"url\":\"https:\/\/www.colossalstore.es\/wp-content\/uploads\/2023\/12\/Made-in-Abyss-11.jpg\",\"contentUrl\":\"https:\/\/www.colossalstore.es\/wp-content\/uploads\/2023\/12\/Made-in-Abyss-11.jpg\",\"width\":708,\"height\":1000},{\"@type\":\"BreadcrumbList\",\"@id\":\"https:\/\/www.colossalstore.es\/tienda\/manga\/made-in-abyss-11-akihito-tsukushi\/#breadcrumb\",\"itemListElement\":[{\"@type\":\"ListItem\",\"position\":1,\"name\":\"Home\",\"item\":\"https:\/\/www.colossalstore.es\/\"},{\"@type\":\"ListItem\",\"position\":2,\"name\":\"Tienda\",\"item\":\"https:\/\/www.colossalstore.es\/tienda\/\"},{\"@type\":\"ListItem\",\"position\":3,\"name\":\"Made in Abyss 11 &#8211; Akihito Tsukushi\"}]},{\"@type\":\"WebSite\",\"@id\":\"https:\/\/www.colossalstore.es\/#website\",\"url\":\"https:\/\/www.colossalstore.es\/\",\"name\":\"Colossal Store\",\"description\":\"Colossal Store, tienda especializada en TCGs.\",\"publisher\":{\"@id\":\"https:\/\/www.colossalstore.es\/#organization\"},\"alternateName\":\"Colossal Store\",\"potentialAction\":[{\"@type\":\"SearchAction\",\"target\":{\"@type\":\"EntryPoint\",\"urlTemplate\":\"https:\/\/www.colossalstore.es\/?s={search_term_string}\"},\"query-input\":{\"@type\":\"PropertyValueSpecification\",\"valueRequired\":true,\"valueName\":\"search_term_string\"}}],\"inLanguage\":\"en-US\"},{\"@type\":\"Organization\",\"@id\":\"https:\/\/www.colossalstore.es\/#organization\",\"name\":\"Colossal Store\",\"url\":\"https:\/\/www.colossalstore.es\/\",\"logo\":{\"@type\":\"ImageObject\",\"inLanguage\":\"en-US\",\"@id\":\"https:\/\/www.colossalstore.es\/#\/schema\/logo\/image\/\",\"url\":\"https:\/\/www.colossalstore.es\/wp-content\/uploads\/2023\/05\/Colossal_Logo-02.png\",\"contentUrl\":\"https:\/\/www.colossalstore.es\/wp-content\/uploads\/2023\/05\/Colossal_Logo-02.png\",\"width\":1181,\"height\":1181,\"caption\":\"Colossal Store\"},\"image\":{\"@id\":\"https:\/\/www.colossalstore.es\/#\/schema\/logo\/image\/\"},\"sameAs\":[\"https:\/\/x.com\/Colossal_Store\",\"https:\/\/www.instagram.com\/colossal_store_tcg\/\",\"https:\/\/www.tiktok.com\/@colossalstore\"]}]}<\/script>\n<!-- \/ Yoast SEO plugin. -->","yoast_head_json":{"title":"Made in Abyss 11 - Akihito Tsukushi | Colossal Store","description":"Made in Abyss 11 - Akihito Tsukushi: El Abismo al que hace referencia el t\u00edtulo, es una gigantesca cavidad redonda en una isla que alberga dentro un sistema de t\u00faneles y cuevas, en gran parte inexploradas, habitado por criaturas fant\u00e1sticas y repleto de reliquias cuyo origen se desconoce.","robots":{"index":"index","follow":"follow","max-snippet":"max-snippet:-1","max-image-preview":"max-image-preview:large","max-video-preview":"max-video-preview:-1"},"canonical":"https:\/\/www.colossalstore.es\/en\/tienda\/manga\/made-in-abyss-11-akihito-tsukushi\/","og_locale":"en_US","og_type":"article","og_title":"Made in Abyss 11 - Akihito Tsukushi | Colossal Store","og_description":"Made in Abyss 11 - Akihito Tsukushi: El Abismo al que hace referencia el t\u00edtulo, es una gigantesca cavidad redonda en una isla que alberga dentro un sistema de t\u00faneles y cuevas, en gran parte inexploradas, habitado por criaturas fant\u00e1sticas y repleto de reliquias cuyo origen se desconoce.","og_url":"https:\/\/www.colossalstore.es\/en\/tienda\/manga\/made-in-abyss-11-akihito-tsukushi\/","og_site_name":"Colossal Store","article_modified_time":"2025-06-20T09:15:38+00:00","og_image":[{"width":708,"height":1000,"url":"https:\/\/www.colossalstore.es\/wp-content\/uploads\/2023\/12\/Made-in-Abyss-11.jpg","type":"image\/jpeg"}],"twitter_card":"summary_large_image","twitter_site":"@Colossal_Store","twitter_misc":{"Est. reading time":"1 minute"},"schema":{"@context":"https:\/\/schema.org","@graph":[{"@type":"WebPage","@id":"https:\/\/www.colossalstore.es\/tienda\/manga\/made-in-abyss-11-akihito-tsukushi\/","url":"https:\/\/www.colossalstore.es\/tienda\/manga\/made-in-abyss-11-akihito-tsukushi\/","name":"Made in Abyss 11 - Akihito Tsukushi | Colossal Store","isPartOf":{"@id":"https:\/\/www.colossalstore.es\/#website"},"primaryImageOfPage":{"@id":"https:\/\/www.colossalstore.es\/tienda\/manga\/made-in-abyss-11-akihito-tsukushi\/#primaryimage"},"image":{"@id":"https:\/\/www.colossalstore.es\/tienda\/manga\/made-in-abyss-11-akihito-tsukushi\/#primaryimage"},"thumbnailUrl":"https:\/\/www.colossalstore.es\/wp-content\/uploads\/2023\/12\/Made-in-Abyss-11.jpg","datePublished":"2023-12-07T18:14:07+00:00","dateModified":"2025-06-20T09:15:38+00:00","description":"Made in Abyss 11 - Akihito Tsukushi: El Abismo al que hace referencia el t\u00edtulo, es una gigantesca cavidad redonda en una isla que alberga dentro un sistema de t\u00faneles y cuevas, en gran parte inexploradas, habitado por criaturas fant\u00e1sticas y repleto de reliquias cuyo origen se desconoce.","breadcrumb":{"@id":"https:\/\/www.colossalstore.es\/tienda\/manga\/made-in-abyss-11-akihito-tsukushi\/#breadcrumb"},"inLanguage":"en-US","potentialAction":[{"@type":"ReadAction","target":["https:\/\/www.colossalstore.es\/tienda\/manga\/made-in-abyss-11-akihito-tsukushi\/"]}]},{"@type":"ImageObject","inLanguage":"en-US","@id":"https:\/\/www.colossalstore.es\/tienda\/manga\/made-in-abyss-11-akihito-tsukushi\/#primaryimage","url":"https:\/\/www.colossalstore.es\/wp-content\/uploads\/2023\/12\/Made-in-Abyss-11.jpg","contentUrl":"https:\/\/www.colossalstore.es\/wp-content\/uploads\/2023\/12\/Made-in-Abyss-11.jpg","width":708,"height":1000},{"@type":"BreadcrumbList","@id":"https:\/\/www.colossalstore.es\/tienda\/manga\/made-in-abyss-11-akihito-tsukushi\/#breadcrumb","itemListElement":[{"@type":"ListItem","position":1,"name":"Home","item":"https:\/\/www.colossalstore.es\/"},{"@type":"ListItem","position":2,"name":"Tienda","item":"https:\/\/www.colossalstore.es\/tienda\/"},{"@type":"ListItem","position":3,"name":"Made in Abyss 11 &#8211; Akihito Tsukushi"}]},{"@type":"WebSite","@id":"https:\/\/www.colossalstore.es\/#website","url":"https:\/\/www.colossalstore.es\/","name":"Colossal Store","description":"Colossal Store, store specialized in TCGs.","publisher":{"@id":"https:\/\/www.colossalstore.es\/#organization"},"alternateName":"Colossal Store","potentialAction":[{"@type":"SearchAction","target":{"@type":"EntryPoint","urlTemplate":"https:\/\/www.colossalstore.es\/?s={search_term_string}"},"query-input":{"@type":"PropertyValueSpecification","valueRequired":true,"valueName":"search_term_string"}}],"inLanguage":"en-US"},{"@type":"Organization","@id":"https:\/\/www.colossalstore.es\/#organization","name":"Colossal Store","url":"https:\/\/www.colossalstore.es\/","logo":{"@type":"ImageObject","inLanguage":"en-US","@id":"https:\/\/www.colossalstore.es\/#\/schema\/logo\/image\/","url":"https:\/\/www.colossalstore.es\/wp-content\/uploads\/2023\/05\/Colossal_Logo-02.png","contentUrl":"https:\/\/www.colossalstore.es\/wp-content\/uploads\/2023\/05\/Colossal_Logo-02.png","width":1181,"height":1181,"caption":"Colossal Store"},"image":{"@id":"https:\/\/www.colossalstore.es\/#\/schema\/logo\/image\/"},"sameAs":["https:\/\/x.com\/Colossal_Store","https:\/\/www.instagram.com\/colossal_store_tcg\/","https:\/\/www.tiktok.com\/@colossalstore"]}]}},"_links":{"self":[{"href":"https:\/\/www.colossalstore.es\/en\/wp-json\/wp\/v2\/product\/6675","targetHints":{"allow":["GET"]}}],"collection":[{"href":"https:\/\/www.colossalstore.es\/en\/wp-json\/wp\/v2\/product"}],"about":[{"href":"https:\/\/www.colossalstore.es\/en\/wp-json\/wp\/v2\/types\/product"}],"replies":[{"embeddable":true,"href":"https:\/\/www.colossalstore.es\/en\/wp-json\/wp\/v2\/comments?post=6675"}],"wp:featuredmedia":[{"embeddable":true,"href":"https:\/\/www.colossalstore.es\/en\/wp-json\/wp\/v2\/media\/6676"}],"wp:attachment":[{"href":"https:\/\/www.colossalstore.es\/en\/wp-json\/wp\/v2\/media?parent=6675"}],"wp:term":[{"taxonomy":"product_brand","embeddable":true,"href":"https:\/\/www.colossalstore.es\/en\/wp-json\/wp\/v2\/product_brand?post=6675"},{"taxonomy":"product_cat","embeddable":true,"href":"https:\/\/www.colossalstore.es\/en\/wp-json\/wp\/v2\/product_cat?post=6675"},{"taxonomy":"product_tag","embeddable":true,"href":"https:\/\/www.colossalstore.es\/en\/wp-json\/wp\/v2\/product_tag?post=6675"}],"curies":[{"name":"wp","href":"https:\/\/api.w.org\/{rel}","templated":true}]}}