{"id":6446,"date":"2023-11-10T18:38:57","date_gmt":"2023-11-10T17:38:57","guid":{"rendered":"https:\/\/www.colossalstore.es\/?post_type=product&#038;p=6446"},"modified":"2025-06-20T11:15:39","modified_gmt":"2025-06-20T09:15:39","slug":"dragon-ball-super-serie-roja-no-307","status":"publish","type":"product","link":"https:\/\/www.colossalstore.es\/en\/tienda\/manga\/dragon-ball-super-serie-roja-no-307\/","title":{"rendered":"Dragon Ball Super Red Series 307"},"content":{"rendered":"<p>Dragon Ball Super Red Series 307 (Akira Toriyama)<\/p>\n<div class=\"bloc dades-generals\">\n<div class=\"fitxa-bloc-b\">\n<div class=\"fitxa-bloc-b1\">\n<div id=\"capsa-sinopsi\" class=\"sinopsi\">\n<p>Follow the legendary shonen!<\/p>\n<p>Goku and Vegeta attack Gas with everything and lead to a spectacular two-on-one fight. The fight is very even, but the Heeters, who are watching it, are confident in Gas&#039;s theoretical superiority. However, Vegeta has an ace up his sleeve.<\/p>\n<\/div>\n<\/div>\n<\/div>\n<\/div>","protected":false},"excerpt":{"rendered":"<p>Dragon Ball Super Serie Roja 307 (Akira Toriyama) \u00a1Sigue el m\u00edtico shonen! Goku y Vegeta atacan a Gas con todo y dan lugar a un espectacular combate dos contra uno. La lucha est\u00e1 muy igualada, pero los Heeter, que la est\u00e1n observando, se muestran confiados en la superioridad te\u00f3rica de Gas. Sin embargo, Vegeta tiene [&hellip;]<\/p>","protected":false},"featured_media":6449,"comment_status":"open","ping_status":"closed","template":"","meta":{"_joinchat":[]},"product_brand":[],"product_cat":[32],"product_tag":[],"class_list":{"0":"post-6446","1":"product","2":"type-product","3":"status-publish","4":"has-post-thumbnail","6":"product_cat-manga","8":"first","9":"outofstock","10":"taxable","11":"shipping-taxable","12":"purchasable","13":"product-type-simple"},"yoast_head":"<!-- This site is optimized with the Yoast SEO plugin v25.7 - https:\/\/yoast.com\/wordpress\/plugins\/seo\/ -->\n<title>Dragon Ball Super Serie Roja 307 (Akira Toriyama) | Colossal Store<\/title>\n<meta name=\"description\" content=\"Dragon Ball Super Serie Roja 307 (Akira Toriyama): Goku y Vegeta atacan a Gas con todo y dan lugar a un espectacular combate dos contra uno. La lucha est\u00e1 muy igualada, pero los Heeter, que la est\u00e1n observando, se muestran confiados en la superioridad te\u00f3rica de Gas. Sin embargo, Vegeta tiene un as en la manga.\" \/>\n<meta name=\"robots\" content=\"index, follow, max-snippet:-1, max-image-preview:large, max-video-preview:-1\" \/>\n<link rel=\"canonical\" href=\"https:\/\/www.colossalstore.es\/en\/tienda\/manga\/dragon-ball-super-serie-roja-no-307\/\" \/>\n<meta property=\"og:locale\" content=\"en_US\" \/>\n<meta property=\"og:type\" content=\"article\" \/>\n<meta property=\"og:title\" content=\"Dragon Ball Super Serie Roja 307 (Akira Toriyama) | Colossal Store\" \/>\n<meta property=\"og:description\" content=\"Dragon Ball Super Serie Roja 307 (Akira Toriyama): Goku y Vegeta atacan a Gas con todo y dan lugar a un espectacular combate dos contra uno. La lucha est\u00e1 muy igualada, pero los Heeter, que la est\u00e1n observando, se muestran confiados en la superioridad te\u00f3rica de Gas. Sin embargo, Vegeta tiene un as en la manga.\" \/>\n<meta property=\"og:url\" content=\"https:\/\/www.colossalstore.es\/en\/tienda\/manga\/dragon-ball-super-serie-roja-no-307\/\" \/>\n<meta property=\"og:site_name\" content=\"Colossal Store\" \/>\n<meta property=\"article:modified_time\" content=\"2025-06-20T09:15:39+00:00\" \/>\n<meta property=\"og:image\" content=\"https:\/\/www.colossalstore.es\/wp-content\/uploads\/2023\/11\/poridentidad-2.jpeg\" \/>\n\t<meta property=\"og:image:width\" content=\"500\" \/>\n\t<meta property=\"og:image:height\" content=\"766\" \/>\n\t<meta property=\"og:image:type\" content=\"image\/jpeg\" \/>\n<meta name=\"twitter:card\" content=\"summary_large_image\" \/>\n<meta name=\"twitter:site\" content=\"@Colossal_Store\" \/>\n<meta name=\"twitter:label1\" content=\"Est. reading time\" \/>\n\t<meta name=\"twitter:data1\" content=\"1 minute\" \/>\n<script type=\"application\/ld+json\" class=\"yoast-schema-graph\">{\"@context\":\"https:\/\/schema.org\",\"@graph\":[{\"@type\":\"WebPage\",\"@id\":\"https:\/\/www.colossalstore.es\/tienda\/manga\/dragon-ball-super-serie-roja-no-307\/\",\"url\":\"https:\/\/www.colossalstore.es\/tienda\/manga\/dragon-ball-super-serie-roja-no-307\/\",\"name\":\"Dragon Ball Super Serie Roja 307 (Akira Toriyama) | Colossal Store\",\"isPartOf\":{\"@id\":\"https:\/\/www.colossalstore.es\/#website\"},\"primaryImageOfPage\":{\"@id\":\"https:\/\/www.colossalstore.es\/tienda\/manga\/dragon-ball-super-serie-roja-no-307\/#primaryimage\"},\"image\":{\"@id\":\"https:\/\/www.colossalstore.es\/tienda\/manga\/dragon-ball-super-serie-roja-no-307\/#primaryimage\"},\"thumbnailUrl\":\"https:\/\/www.colossalstore.es\/wp-content\/uploads\/2023\/11\/poridentidad-2.jpeg\",\"datePublished\":\"2023-11-10T17:38:57+00:00\",\"dateModified\":\"2025-06-20T09:15:39+00:00\",\"description\":\"Dragon Ball Super Serie Roja 307 (Akira Toriyama): Goku y Vegeta atacan a Gas con todo y dan lugar a un espectacular combate dos contra uno. La lucha est\u00e1 muy igualada, pero los Heeter, que la est\u00e1n observando, se muestran confiados en la superioridad te\u00f3rica de Gas. Sin embargo, Vegeta tiene un as en la manga.\",\"breadcrumb\":{\"@id\":\"https:\/\/www.colossalstore.es\/tienda\/manga\/dragon-ball-super-serie-roja-no-307\/#breadcrumb\"},\"inLanguage\":\"en-US\",\"potentialAction\":[{\"@type\":\"ReadAction\",\"target\":[\"https:\/\/www.colossalstore.es\/tienda\/manga\/dragon-ball-super-serie-roja-no-307\/\"]}]},{\"@type\":\"ImageObject\",\"inLanguage\":\"en-US\",\"@id\":\"https:\/\/www.colossalstore.es\/tienda\/manga\/dragon-ball-super-serie-roja-no-307\/#primaryimage\",\"url\":\"https:\/\/www.colossalstore.es\/wp-content\/uploads\/2023\/11\/poridentidad-2.jpeg\",\"contentUrl\":\"https:\/\/www.colossalstore.es\/wp-content\/uploads\/2023\/11\/poridentidad-2.jpeg\",\"width\":500,\"height\":766},{\"@type\":\"BreadcrumbList\",\"@id\":\"https:\/\/www.colossalstore.es\/tienda\/manga\/dragon-ball-super-serie-roja-no-307\/#breadcrumb\",\"itemListElement\":[{\"@type\":\"ListItem\",\"position\":1,\"name\":\"Home\",\"item\":\"https:\/\/www.colossalstore.es\/\"},{\"@type\":\"ListItem\",\"position\":2,\"name\":\"Tienda\",\"item\":\"https:\/\/www.colossalstore.es\/tienda\/\"},{\"@type\":\"ListItem\",\"position\":3,\"name\":\"Dragon Ball Super Serie Roja 307\"}]},{\"@type\":\"WebSite\",\"@id\":\"https:\/\/www.colossalstore.es\/#website\",\"url\":\"https:\/\/www.colossalstore.es\/\",\"name\":\"Colossal Store\",\"description\":\"Colossal Store, tienda especializada en TCGs.\",\"publisher\":{\"@id\":\"https:\/\/www.colossalstore.es\/#organization\"},\"alternateName\":\"Colossal Store\",\"potentialAction\":[{\"@type\":\"SearchAction\",\"target\":{\"@type\":\"EntryPoint\",\"urlTemplate\":\"https:\/\/www.colossalstore.es\/?s={search_term_string}\"},\"query-input\":{\"@type\":\"PropertyValueSpecification\",\"valueRequired\":true,\"valueName\":\"search_term_string\"}}],\"inLanguage\":\"en-US\"},{\"@type\":\"Organization\",\"@id\":\"https:\/\/www.colossalstore.es\/#organization\",\"name\":\"Colossal Store\",\"url\":\"https:\/\/www.colossalstore.es\/\",\"logo\":{\"@type\":\"ImageObject\",\"inLanguage\":\"en-US\",\"@id\":\"https:\/\/www.colossalstore.es\/#\/schema\/logo\/image\/\",\"url\":\"https:\/\/www.colossalstore.es\/wp-content\/uploads\/2023\/05\/Colossal_Logo-02.png\",\"contentUrl\":\"https:\/\/www.colossalstore.es\/wp-content\/uploads\/2023\/05\/Colossal_Logo-02.png\",\"width\":1181,\"height\":1181,\"caption\":\"Colossal Store\"},\"image\":{\"@id\":\"https:\/\/www.colossalstore.es\/#\/schema\/logo\/image\/\"},\"sameAs\":[\"https:\/\/x.com\/Colossal_Store\",\"https:\/\/www.instagram.com\/colossal_store_tcg\/\",\"https:\/\/www.tiktok.com\/@colossalstore\"]}]}<\/script>\n<!-- \/ Yoast SEO plugin. -->","yoast_head_json":{"title":"Dragon Ball Super Serie Roja 307 (Akira Toriyama) | Colossal Store","description":"Dragon Ball Super Serie Roja 307 (Akira Toriyama): Goku y Vegeta atacan a Gas con todo y dan lugar a un espectacular combate dos contra uno. La lucha est\u00e1 muy igualada, pero los Heeter, que la est\u00e1n observando, se muestran confiados en la superioridad te\u00f3rica de Gas. Sin embargo, Vegeta tiene un as en la manga.","robots":{"index":"index","follow":"follow","max-snippet":"max-snippet:-1","max-image-preview":"max-image-preview:large","max-video-preview":"max-video-preview:-1"},"canonical":"https:\/\/www.colossalstore.es\/en\/tienda\/manga\/dragon-ball-super-serie-roja-no-307\/","og_locale":"en_US","og_type":"article","og_title":"Dragon Ball Super Serie Roja 307 (Akira Toriyama) | Colossal Store","og_description":"Dragon Ball Super Serie Roja 307 (Akira Toriyama): Goku y Vegeta atacan a Gas con todo y dan lugar a un espectacular combate dos contra uno. La lucha est\u00e1 muy igualada, pero los Heeter, que la est\u00e1n observando, se muestran confiados en la superioridad te\u00f3rica de Gas. Sin embargo, Vegeta tiene un as en la manga.","og_url":"https:\/\/www.colossalstore.es\/en\/tienda\/manga\/dragon-ball-super-serie-roja-no-307\/","og_site_name":"Colossal Store","article_modified_time":"2025-06-20T09:15:39+00:00","og_image":[{"width":500,"height":766,"url":"https:\/\/www.colossalstore.es\/wp-content\/uploads\/2023\/11\/poridentidad-2.jpeg","type":"image\/jpeg"}],"twitter_card":"summary_large_image","twitter_site":"@Colossal_Store","twitter_misc":{"Est. reading time":"1 minute"},"schema":{"@context":"https:\/\/schema.org","@graph":[{"@type":"WebPage","@id":"https:\/\/www.colossalstore.es\/tienda\/manga\/dragon-ball-super-serie-roja-no-307\/","url":"https:\/\/www.colossalstore.es\/tienda\/manga\/dragon-ball-super-serie-roja-no-307\/","name":"Dragon Ball Super Serie Roja 307 (Akira Toriyama) | Colossal Store","isPartOf":{"@id":"https:\/\/www.colossalstore.es\/#website"},"primaryImageOfPage":{"@id":"https:\/\/www.colossalstore.es\/tienda\/manga\/dragon-ball-super-serie-roja-no-307\/#primaryimage"},"image":{"@id":"https:\/\/www.colossalstore.es\/tienda\/manga\/dragon-ball-super-serie-roja-no-307\/#primaryimage"},"thumbnailUrl":"https:\/\/www.colossalstore.es\/wp-content\/uploads\/2023\/11\/poridentidad-2.jpeg","datePublished":"2023-11-10T17:38:57+00:00","dateModified":"2025-06-20T09:15:39+00:00","description":"Dragon Ball Super Serie Roja 307 (Akira Toriyama): Goku y Vegeta atacan a Gas con todo y dan lugar a un espectacular combate dos contra uno. La lucha est\u00e1 muy igualada, pero los Heeter, que la est\u00e1n observando, se muestran confiados en la superioridad te\u00f3rica de Gas. Sin embargo, Vegeta tiene un as en la manga.","breadcrumb":{"@id":"https:\/\/www.colossalstore.es\/tienda\/manga\/dragon-ball-super-serie-roja-no-307\/#breadcrumb"},"inLanguage":"en-US","potentialAction":[{"@type":"ReadAction","target":["https:\/\/www.colossalstore.es\/tienda\/manga\/dragon-ball-super-serie-roja-no-307\/"]}]},{"@type":"ImageObject","inLanguage":"en-US","@id":"https:\/\/www.colossalstore.es\/tienda\/manga\/dragon-ball-super-serie-roja-no-307\/#primaryimage","url":"https:\/\/www.colossalstore.es\/wp-content\/uploads\/2023\/11\/poridentidad-2.jpeg","contentUrl":"https:\/\/www.colossalstore.es\/wp-content\/uploads\/2023\/11\/poridentidad-2.jpeg","width":500,"height":766},{"@type":"BreadcrumbList","@id":"https:\/\/www.colossalstore.es\/tienda\/manga\/dragon-ball-super-serie-roja-no-307\/#breadcrumb","itemListElement":[{"@type":"ListItem","position":1,"name":"Home","item":"https:\/\/www.colossalstore.es\/"},{"@type":"ListItem","position":2,"name":"Tienda","item":"https:\/\/www.colossalstore.es\/tienda\/"},{"@type":"ListItem","position":3,"name":"Dragon Ball Super Serie Roja 307"}]},{"@type":"WebSite","@id":"https:\/\/www.colossalstore.es\/#website","url":"https:\/\/www.colossalstore.es\/","name":"Colossal Store","description":"Colossal Store, store specialized in TCGs.","publisher":{"@id":"https:\/\/www.colossalstore.es\/#organization"},"alternateName":"Colossal Store","potentialAction":[{"@type":"SearchAction","target":{"@type":"EntryPoint","urlTemplate":"https:\/\/www.colossalstore.es\/?s={search_term_string}"},"query-input":{"@type":"PropertyValueSpecification","valueRequired":true,"valueName":"search_term_string"}}],"inLanguage":"en-US"},{"@type":"Organization","@id":"https:\/\/www.colossalstore.es\/#organization","name":"Colossal Store","url":"https:\/\/www.colossalstore.es\/","logo":{"@type":"ImageObject","inLanguage":"en-US","@id":"https:\/\/www.colossalstore.es\/#\/schema\/logo\/image\/","url":"https:\/\/www.colossalstore.es\/wp-content\/uploads\/2023\/05\/Colossal_Logo-02.png","contentUrl":"https:\/\/www.colossalstore.es\/wp-content\/uploads\/2023\/05\/Colossal_Logo-02.png","width":1181,"height":1181,"caption":"Colossal Store"},"image":{"@id":"https:\/\/www.colossalstore.es\/#\/schema\/logo\/image\/"},"sameAs":["https:\/\/x.com\/Colossal_Store","https:\/\/www.instagram.com\/colossal_store_tcg\/","https:\/\/www.tiktok.com\/@colossalstore"]}]}},"_links":{"self":[{"href":"https:\/\/www.colossalstore.es\/en\/wp-json\/wp\/v2\/product\/6446","targetHints":{"allow":["GET"]}}],"collection":[{"href":"https:\/\/www.colossalstore.es\/en\/wp-json\/wp\/v2\/product"}],"about":[{"href":"https:\/\/www.colossalstore.es\/en\/wp-json\/wp\/v2\/types\/product"}],"replies":[{"embeddable":true,"href":"https:\/\/www.colossalstore.es\/en\/wp-json\/wp\/v2\/comments?post=6446"}],"wp:featuredmedia":[{"embeddable":true,"href":"https:\/\/www.colossalstore.es\/en\/wp-json\/wp\/v2\/media\/6449"}],"wp:attachment":[{"href":"https:\/\/www.colossalstore.es\/en\/wp-json\/wp\/v2\/media?parent=6446"}],"wp:term":[{"taxonomy":"product_brand","embeddable":true,"href":"https:\/\/www.colossalstore.es\/en\/wp-json\/wp\/v2\/product_brand?post=6446"},{"taxonomy":"product_cat","embeddable":true,"href":"https:\/\/www.colossalstore.es\/en\/wp-json\/wp\/v2\/product_cat?post=6446"},{"taxonomy":"product_tag","embeddable":true,"href":"https:\/\/www.colossalstore.es\/en\/wp-json\/wp\/v2\/product_tag?post=6446"}],"curies":[{"name":"wp","href":"https:\/\/api.w.org\/{rel}","templated":true}]}}