{"id":6440,"date":"2023-11-10T18:07:39","date_gmt":"2023-11-10T17:07:39","guid":{"rendered":"https:\/\/www.colossalstore.es\/?post_type=product&#038;p=6440"},"modified":"2025-06-20T11:15:39","modified_gmt":"2025-06-20T09:15:39","slug":"naruto-konoha-novela-masashi-kishimoto","status":"publish","type":"product","link":"https:\/\/www.colossalstore.es\/en\/tienda\/manga\/naruto-konoha-novela-masashi-kishimoto\/","title":{"rendered":"Naruto Konoha (novel) \u2013 Masashi Kishimoto"},"content":{"rendered":"<p>Naruto Konoha (novel) \u2013 Masashi Kishimoto<\/p>\n<p>A novel of the most famous ninja.<\/p>\n<p>The big day is approaching: the wedding of Konoha&#039;s hero, Naruto Uzumaki, and the shy but brave Hinata Hyuga has driven the Sixth Hokage, Kakashi Hatake, crazy, since his best shinobi, who are obviously invited to the event, must complete missions that the They move away from the village. Kakashi must ensure that the happy couple has a spectacular day, so he invents a strategy to ensure the presence and gifts they will receive from the guests. How will your plan turn out? Here is the wedding of these young ninjas!<\/p>","protected":false},"excerpt":{"rendered":"<p>Naruto Konoha (novela) &#8211; Masashi Kishimoto Una novela del ninja m\u00e1s famoso. Se acerca el gran d\u00eda: la boda del h\u00e9roe de Konoha, Naruto Uzumaki, y la t\u00edmida pero valiente Hinata Hyuga tiene vuelto loco al Sexto Hokage, Kakashi Hatake, pues sus mejores shinobi, quienes obviamente est\u00e1n invitados al evento, deben cumplir misiones que los [&hellip;]<\/p>","protected":false},"featured_media":6441,"comment_status":"open","ping_status":"closed","template":"","meta":{"_joinchat":[]},"product_brand":[],"product_cat":[32],"product_tag":[],"class_list":{"0":"post-6440","1":"product","2":"type-product","3":"status-publish","4":"has-post-thumbnail","6":"product_cat-manga","8":"first","9":"outofstock","10":"taxable","11":"shipping-taxable","12":"purchasable","13":"product-type-simple"},"yoast_head":"<!-- This site is optimized with the Yoast SEO plugin v25.7 - https:\/\/yoast.com\/wordpress\/plugins\/seo\/ -->\n<title>Naruto Konoha (novela) - Masashi Kishimoto | Colossal Store<\/title>\n<meta name=\"description\" content=\"Naruto Konoha (novela) - Masashi Kishimoto: Se acerca el gran d\u00eda: la boda del h\u00e9roe de Konoha, Naruto Uzumaki, y la t\u00edmida pero valiente Hinata Hyuga tiene vuelto loco al Sexto Hokage, Kakashi Hatake, pues sus mejores shinobi, quienes obviamente est\u00e1n invitados al evento, deben cumplir misiones que los alejan de la aldea.\" \/>\n<meta name=\"robots\" content=\"index, follow, max-snippet:-1, max-image-preview:large, max-video-preview:-1\" \/>\n<link rel=\"canonical\" href=\"https:\/\/www.colossalstore.es\/en\/tienda\/manga\/naruto-konoha-novela-masashi-kishimoto\/\" \/>\n<meta property=\"og:locale\" content=\"en_US\" \/>\n<meta property=\"og:type\" content=\"article\" \/>\n<meta property=\"og:title\" content=\"Naruto Konoha (novela) - Masashi Kishimoto | Colossal Store\" \/>\n<meta property=\"og:description\" content=\"Naruto Konoha (novela) - Masashi Kishimoto: Se acerca el gran d\u00eda: la boda del h\u00e9roe de Konoha, Naruto Uzumaki, y la t\u00edmida pero valiente Hinata Hyuga tiene vuelto loco al Sexto Hokage, Kakashi Hatake, pues sus mejores shinobi, quienes obviamente est\u00e1n invitados al evento, deben cumplir misiones que los alejan de la aldea.\" \/>\n<meta property=\"og:url\" content=\"https:\/\/www.colossalstore.es\/en\/tienda\/manga\/naruto-konoha-novela-masashi-kishimoto\/\" \/>\n<meta property=\"og:site_name\" content=\"Colossal Store\" \/>\n<meta property=\"article:modified_time\" content=\"2025-06-20T09:15:39+00:00\" \/>\n<meta property=\"og:image\" content=\"https:\/\/www.colossalstore.es\/wp-content\/uploads\/2023\/11\/naruto-konoha-novela.jpg\" \/>\n\t<meta property=\"og:image:width\" content=\"1100\" \/>\n\t<meta property=\"og:image:height\" content=\"1422\" \/>\n\t<meta property=\"og:image:type\" content=\"image\/jpeg\" \/>\n<meta name=\"twitter:card\" content=\"summary_large_image\" \/>\n<meta name=\"twitter:site\" content=\"@Colossal_Store\" \/>\n<meta name=\"twitter:label1\" content=\"Est. reading time\" \/>\n\t<meta name=\"twitter:data1\" content=\"1 minute\" \/>\n<script type=\"application\/ld+json\" class=\"yoast-schema-graph\">{\"@context\":\"https:\/\/schema.org\",\"@graph\":[{\"@type\":\"WebPage\",\"@id\":\"https:\/\/www.colossalstore.es\/tienda\/manga\/naruto-konoha-novela-masashi-kishimoto\/\",\"url\":\"https:\/\/www.colossalstore.es\/tienda\/manga\/naruto-konoha-novela-masashi-kishimoto\/\",\"name\":\"Naruto Konoha (novela) - Masashi Kishimoto | Colossal Store\",\"isPartOf\":{\"@id\":\"https:\/\/www.colossalstore.es\/#website\"},\"primaryImageOfPage\":{\"@id\":\"https:\/\/www.colossalstore.es\/tienda\/manga\/naruto-konoha-novela-masashi-kishimoto\/#primaryimage\"},\"image\":{\"@id\":\"https:\/\/www.colossalstore.es\/tienda\/manga\/naruto-konoha-novela-masashi-kishimoto\/#primaryimage\"},\"thumbnailUrl\":\"https:\/\/www.colossalstore.es\/wp-content\/uploads\/2023\/11\/naruto-konoha-novela.jpg\",\"datePublished\":\"2023-11-10T17:07:39+00:00\",\"dateModified\":\"2025-06-20T09:15:39+00:00\",\"description\":\"Naruto Konoha (novela) - Masashi Kishimoto: Se acerca el gran d\u00eda: la boda del h\u00e9roe de Konoha, Naruto Uzumaki, y la t\u00edmida pero valiente Hinata Hyuga tiene vuelto loco al Sexto Hokage, Kakashi Hatake, pues sus mejores shinobi, quienes obviamente est\u00e1n invitados al evento, deben cumplir misiones que los alejan de la aldea.\",\"breadcrumb\":{\"@id\":\"https:\/\/www.colossalstore.es\/tienda\/manga\/naruto-konoha-novela-masashi-kishimoto\/#breadcrumb\"},\"inLanguage\":\"en-US\",\"potentialAction\":[{\"@type\":\"ReadAction\",\"target\":[\"https:\/\/www.colossalstore.es\/tienda\/manga\/naruto-konoha-novela-masashi-kishimoto\/\"]}]},{\"@type\":\"ImageObject\",\"inLanguage\":\"en-US\",\"@id\":\"https:\/\/www.colossalstore.es\/tienda\/manga\/naruto-konoha-novela-masashi-kishimoto\/#primaryimage\",\"url\":\"https:\/\/www.colossalstore.es\/wp-content\/uploads\/2023\/11\/naruto-konoha-novela.jpg\",\"contentUrl\":\"https:\/\/www.colossalstore.es\/wp-content\/uploads\/2023\/11\/naruto-konoha-novela.jpg\",\"width\":1100,\"height\":1422},{\"@type\":\"BreadcrumbList\",\"@id\":\"https:\/\/www.colossalstore.es\/tienda\/manga\/naruto-konoha-novela-masashi-kishimoto\/#breadcrumb\",\"itemListElement\":[{\"@type\":\"ListItem\",\"position\":1,\"name\":\"Home\",\"item\":\"https:\/\/www.colossalstore.es\/\"},{\"@type\":\"ListItem\",\"position\":2,\"name\":\"Tienda\",\"item\":\"https:\/\/www.colossalstore.es\/tienda\/\"},{\"@type\":\"ListItem\",\"position\":3,\"name\":\"Naruto Konoha (novela) &#8211; Masashi Kishimoto\"}]},{\"@type\":\"WebSite\",\"@id\":\"https:\/\/www.colossalstore.es\/#website\",\"url\":\"https:\/\/www.colossalstore.es\/\",\"name\":\"Colossal Store\",\"description\":\"Colossal Store, tienda especializada en TCGs.\",\"publisher\":{\"@id\":\"https:\/\/www.colossalstore.es\/#organization\"},\"alternateName\":\"Colossal Store\",\"potentialAction\":[{\"@type\":\"SearchAction\",\"target\":{\"@type\":\"EntryPoint\",\"urlTemplate\":\"https:\/\/www.colossalstore.es\/?s={search_term_string}\"},\"query-input\":{\"@type\":\"PropertyValueSpecification\",\"valueRequired\":true,\"valueName\":\"search_term_string\"}}],\"inLanguage\":\"en-US\"},{\"@type\":\"Organization\",\"@id\":\"https:\/\/www.colossalstore.es\/#organization\",\"name\":\"Colossal Store\",\"url\":\"https:\/\/www.colossalstore.es\/\",\"logo\":{\"@type\":\"ImageObject\",\"inLanguage\":\"en-US\",\"@id\":\"https:\/\/www.colossalstore.es\/#\/schema\/logo\/image\/\",\"url\":\"https:\/\/www.colossalstore.es\/wp-content\/uploads\/2023\/05\/Colossal_Logo-02.png\",\"contentUrl\":\"https:\/\/www.colossalstore.es\/wp-content\/uploads\/2023\/05\/Colossal_Logo-02.png\",\"width\":1181,\"height\":1181,\"caption\":\"Colossal Store\"},\"image\":{\"@id\":\"https:\/\/www.colossalstore.es\/#\/schema\/logo\/image\/\"},\"sameAs\":[\"https:\/\/x.com\/Colossal_Store\",\"https:\/\/www.instagram.com\/colossal_store_tcg\/\",\"https:\/\/www.tiktok.com\/@colossalstore\"]}]}<\/script>\n<!-- \/ Yoast SEO plugin. -->","yoast_head_json":{"title":"Naruto Konoha (novela) - Masashi Kishimoto | Colossal Store","description":"Naruto Konoha (novela) - Masashi Kishimoto: Se acerca el gran d\u00eda: la boda del h\u00e9roe de Konoha, Naruto Uzumaki, y la t\u00edmida pero valiente Hinata Hyuga tiene vuelto loco al Sexto Hokage, Kakashi Hatake, pues sus mejores shinobi, quienes obviamente est\u00e1n invitados al evento, deben cumplir misiones que los alejan de la aldea.","robots":{"index":"index","follow":"follow","max-snippet":"max-snippet:-1","max-image-preview":"max-image-preview:large","max-video-preview":"max-video-preview:-1"},"canonical":"https:\/\/www.colossalstore.es\/en\/tienda\/manga\/naruto-konoha-novela-masashi-kishimoto\/","og_locale":"en_US","og_type":"article","og_title":"Naruto Konoha (novela) - Masashi Kishimoto | Colossal Store","og_description":"Naruto Konoha (novela) - Masashi Kishimoto: Se acerca el gran d\u00eda: la boda del h\u00e9roe de Konoha, Naruto Uzumaki, y la t\u00edmida pero valiente Hinata Hyuga tiene vuelto loco al Sexto Hokage, Kakashi Hatake, pues sus mejores shinobi, quienes obviamente est\u00e1n invitados al evento, deben cumplir misiones que los alejan de la aldea.","og_url":"https:\/\/www.colossalstore.es\/en\/tienda\/manga\/naruto-konoha-novela-masashi-kishimoto\/","og_site_name":"Colossal Store","article_modified_time":"2025-06-20T09:15:39+00:00","og_image":[{"width":1100,"height":1422,"url":"https:\/\/www.colossalstore.es\/wp-content\/uploads\/2023\/11\/naruto-konoha-novela.jpg","type":"image\/jpeg"}],"twitter_card":"summary_large_image","twitter_site":"@Colossal_Store","twitter_misc":{"Est. reading time":"1 minute"},"schema":{"@context":"https:\/\/schema.org","@graph":[{"@type":"WebPage","@id":"https:\/\/www.colossalstore.es\/tienda\/manga\/naruto-konoha-novela-masashi-kishimoto\/","url":"https:\/\/www.colossalstore.es\/tienda\/manga\/naruto-konoha-novela-masashi-kishimoto\/","name":"Naruto Konoha (novela) - Masashi Kishimoto | Colossal Store","isPartOf":{"@id":"https:\/\/www.colossalstore.es\/#website"},"primaryImageOfPage":{"@id":"https:\/\/www.colossalstore.es\/tienda\/manga\/naruto-konoha-novela-masashi-kishimoto\/#primaryimage"},"image":{"@id":"https:\/\/www.colossalstore.es\/tienda\/manga\/naruto-konoha-novela-masashi-kishimoto\/#primaryimage"},"thumbnailUrl":"https:\/\/www.colossalstore.es\/wp-content\/uploads\/2023\/11\/naruto-konoha-novela.jpg","datePublished":"2023-11-10T17:07:39+00:00","dateModified":"2025-06-20T09:15:39+00:00","description":"Naruto Konoha (novela) - Masashi Kishimoto: Se acerca el gran d\u00eda: la boda del h\u00e9roe de Konoha, Naruto Uzumaki, y la t\u00edmida pero valiente Hinata Hyuga tiene vuelto loco al Sexto Hokage, Kakashi Hatake, pues sus mejores shinobi, quienes obviamente est\u00e1n invitados al evento, deben cumplir misiones que los alejan de la aldea.","breadcrumb":{"@id":"https:\/\/www.colossalstore.es\/tienda\/manga\/naruto-konoha-novela-masashi-kishimoto\/#breadcrumb"},"inLanguage":"en-US","potentialAction":[{"@type":"ReadAction","target":["https:\/\/www.colossalstore.es\/tienda\/manga\/naruto-konoha-novela-masashi-kishimoto\/"]}]},{"@type":"ImageObject","inLanguage":"en-US","@id":"https:\/\/www.colossalstore.es\/tienda\/manga\/naruto-konoha-novela-masashi-kishimoto\/#primaryimage","url":"https:\/\/www.colossalstore.es\/wp-content\/uploads\/2023\/11\/naruto-konoha-novela.jpg","contentUrl":"https:\/\/www.colossalstore.es\/wp-content\/uploads\/2023\/11\/naruto-konoha-novela.jpg","width":1100,"height":1422},{"@type":"BreadcrumbList","@id":"https:\/\/www.colossalstore.es\/tienda\/manga\/naruto-konoha-novela-masashi-kishimoto\/#breadcrumb","itemListElement":[{"@type":"ListItem","position":1,"name":"Home","item":"https:\/\/www.colossalstore.es\/"},{"@type":"ListItem","position":2,"name":"Tienda","item":"https:\/\/www.colossalstore.es\/tienda\/"},{"@type":"ListItem","position":3,"name":"Naruto Konoha (novela) &#8211; Masashi Kishimoto"}]},{"@type":"WebSite","@id":"https:\/\/www.colossalstore.es\/#website","url":"https:\/\/www.colossalstore.es\/","name":"Colossal Store","description":"Colossal Store, store specialized in TCGs.","publisher":{"@id":"https:\/\/www.colossalstore.es\/#organization"},"alternateName":"Colossal Store","potentialAction":[{"@type":"SearchAction","target":{"@type":"EntryPoint","urlTemplate":"https:\/\/www.colossalstore.es\/?s={search_term_string}"},"query-input":{"@type":"PropertyValueSpecification","valueRequired":true,"valueName":"search_term_string"}}],"inLanguage":"en-US"},{"@type":"Organization","@id":"https:\/\/www.colossalstore.es\/#organization","name":"Colossal Store","url":"https:\/\/www.colossalstore.es\/","logo":{"@type":"ImageObject","inLanguage":"en-US","@id":"https:\/\/www.colossalstore.es\/#\/schema\/logo\/image\/","url":"https:\/\/www.colossalstore.es\/wp-content\/uploads\/2023\/05\/Colossal_Logo-02.png","contentUrl":"https:\/\/www.colossalstore.es\/wp-content\/uploads\/2023\/05\/Colossal_Logo-02.png","width":1181,"height":1181,"caption":"Colossal Store"},"image":{"@id":"https:\/\/www.colossalstore.es\/#\/schema\/logo\/image\/"},"sameAs":["https:\/\/x.com\/Colossal_Store","https:\/\/www.instagram.com\/colossal_store_tcg\/","https:\/\/www.tiktok.com\/@colossalstore"]}]}},"_links":{"self":[{"href":"https:\/\/www.colossalstore.es\/en\/wp-json\/wp\/v2\/product\/6440","targetHints":{"allow":["GET"]}}],"collection":[{"href":"https:\/\/www.colossalstore.es\/en\/wp-json\/wp\/v2\/product"}],"about":[{"href":"https:\/\/www.colossalstore.es\/en\/wp-json\/wp\/v2\/types\/product"}],"replies":[{"embeddable":true,"href":"https:\/\/www.colossalstore.es\/en\/wp-json\/wp\/v2\/comments?post=6440"}],"wp:featuredmedia":[{"embeddable":true,"href":"https:\/\/www.colossalstore.es\/en\/wp-json\/wp\/v2\/media\/6441"}],"wp:attachment":[{"href":"https:\/\/www.colossalstore.es\/en\/wp-json\/wp\/v2\/media?parent=6440"}],"wp:term":[{"taxonomy":"product_brand","embeddable":true,"href":"https:\/\/www.colossalstore.es\/en\/wp-json\/wp\/v2\/product_brand?post=6440"},{"taxonomy":"product_cat","embeddable":true,"href":"https:\/\/www.colossalstore.es\/en\/wp-json\/wp\/v2\/product_cat?post=6440"},{"taxonomy":"product_tag","embeddable":true,"href":"https:\/\/www.colossalstore.es\/en\/wp-json\/wp\/v2\/product_tag?post=6440"}],"curies":[{"name":"wp","href":"https:\/\/api.w.org\/{rel}","templated":true}]}}