{"id":6431,"date":"2023-11-10T17:53:17","date_gmt":"2023-11-10T16:53:17","guid":{"rendered":"https:\/\/www.colossalstore.es\/?post_type=product&#038;p=6431"},"modified":"2026-01-05T19:37:09","modified_gmt":"2026-01-05T18:37:09","slug":"blue-lock-15-yusuke-nomura","status":"publish","type":"product","link":"https:\/\/www.colossalstore.es\/en\/tienda\/manga\/blue-lock-15-yusuke-nomura\/","title":{"rendered":"BLUE LOCK 15"},"content":{"rendered":"<p>Blue Lock 15 \u2013 Yusuke Nomura<\/p>\n<div class=\"text-container\" data-v-809af916=\"\">\n<div class=\"formated-text\" data-v-809af916=\"\" data-v-7fdc4342=\"\">\n<p>The demon born of BLUE LOCK comes into play!! The BLUE LOCK 11 team finishes the first part of the match in which they are playing for survival, going in the lead thanks to Rin Itoshi&#039;s goal! What will be the strategy of the U-20 team to combat the selfish people who are leaving the entire world astonished and whose morale is through the roof!? The eyes of Ryusei Shidou, the prodigy discovered by Sae Itoshi, have a very suspicious glow!<\/p>\n<p>Show your ego in this increasingly exciting battle, Yoichi Isagi! All the young talents of Japanese football have gathered! Who will create this new era, BLUE LOCK or the U-20 team!?<\/p>\n<\/div>\n<\/div>","protected":false},"excerpt":{"rendered":"<p>Blue Lock 15 &#8211; Yusuke Nomura \u00a1\u00a1Entra en juego el demonio nacido de BLUE LOCK!!\u00a1El equipo de los 11 de BLUE LOCK finaliza la primera parte del partido en el que se juegan la supervivencia yendo en cabeza gracias al gol de Rin Itoshi! \u00bf\u00a1Cu\u00e1l ser\u00e1 la estrategia de la selecci\u00f3n Sub-20 para combatir a [&hellip;]<\/p>","protected":false},"featured_media":6432,"comment_status":"open","ping_status":"closed","template":"","meta":{"_joinchat":[]},"product_brand":[],"product_cat":[32],"product_tag":[],"class_list":{"0":"post-6431","1":"product","2":"type-product","3":"status-publish","4":"has-post-thumbnail","6":"product_cat-manga","8":"first","9":"outofstock","10":"sale","11":"taxable","12":"shipping-taxable","13":"purchasable","14":"product-type-simple"},"yoast_head":"<!-- This site is optimized with the Yoast SEO plugin v25.7 - https:\/\/yoast.com\/wordpress\/plugins\/seo\/ -->\n<title>Blue Lock 15 - Yusuke Nomura | Colossal Store<\/title>\n<meta name=\"description\" content=\"Blue Lock 15 - Yusuke Nomura: \u00a1Demuestra tu ego en esta batalla cada vez m\u00e1s emocionante, Yoichi Isagi!\u00a1Se han reunido todos los j\u00f3venes talentos del f\u00fatbol japon\u00e9s! \u00bf\u00a1Qui\u00e9n crear\u00e1 esta nueva era, BLUE LOCK o la selecci\u00f3n Sub-20!?\" \/>\n<meta name=\"robots\" content=\"index, follow, max-snippet:-1, max-image-preview:large, max-video-preview:-1\" \/>\n<link rel=\"canonical\" href=\"https:\/\/www.colossalstore.es\/en\/tienda\/manga\/blue-lock-15-yusuke-nomura\/\" \/>\n<meta property=\"og:locale\" content=\"en_US\" \/>\n<meta property=\"og:type\" content=\"article\" \/>\n<meta property=\"og:title\" content=\"Blue Lock 15 - Yusuke Nomura | Colossal Store\" \/>\n<meta property=\"og:description\" content=\"Blue Lock 15 - Yusuke Nomura: \u00a1Demuestra tu ego en esta batalla cada vez m\u00e1s emocionante, Yoichi Isagi!\u00a1Se han reunido todos los j\u00f3venes talentos del f\u00fatbol japon\u00e9s! \u00bf\u00a1Qui\u00e9n crear\u00e1 esta nueva era, BLUE LOCK o la selecci\u00f3n Sub-20!?\" \/>\n<meta property=\"og:url\" content=\"https:\/\/www.colossalstore.es\/en\/tienda\/manga\/blue-lock-15-yusuke-nomura\/\" \/>\n<meta property=\"og:site_name\" content=\"Colossal Store\" \/>\n<meta property=\"article:modified_time\" content=\"2026-01-05T18:37:09+00:00\" \/>\n<meta property=\"og:image\" content=\"https:\/\/www.colossalstore.es\/wp-content\/uploads\/2023\/11\/Blue-Lock-15.jpg\" \/>\n\t<meta property=\"og:image:width\" content=\"625\" \/>\n\t<meta property=\"og:image:height\" content=\"1000\" \/>\n\t<meta property=\"og:image:type\" content=\"image\/jpeg\" \/>\n<meta name=\"twitter:card\" content=\"summary_large_image\" \/>\n<meta name=\"twitter:site\" content=\"@Colossal_Store\" \/>\n<meta name=\"twitter:label1\" content=\"Est. reading time\" \/>\n\t<meta name=\"twitter:data1\" content=\"1 minute\" \/>\n<script type=\"application\/ld+json\" class=\"yoast-schema-graph\">{\"@context\":\"https:\/\/schema.org\",\"@graph\":[{\"@type\":\"WebPage\",\"@id\":\"https:\/\/www.colossalstore.es\/tienda\/manga\/blue-lock-15-yusuke-nomura\/\",\"url\":\"https:\/\/www.colossalstore.es\/tienda\/manga\/blue-lock-15-yusuke-nomura\/\",\"name\":\"Blue Lock 15 - Yusuke Nomura | Colossal Store\",\"isPartOf\":{\"@id\":\"https:\/\/www.colossalstore.es\/#website\"},\"primaryImageOfPage\":{\"@id\":\"https:\/\/www.colossalstore.es\/tienda\/manga\/blue-lock-15-yusuke-nomura\/#primaryimage\"},\"image\":{\"@id\":\"https:\/\/www.colossalstore.es\/tienda\/manga\/blue-lock-15-yusuke-nomura\/#primaryimage\"},\"thumbnailUrl\":\"https:\/\/www.colossalstore.es\/wp-content\/uploads\/2023\/11\/Blue-Lock-15.jpg\",\"datePublished\":\"2023-11-10T16:53:17+00:00\",\"dateModified\":\"2026-01-05T18:37:09+00:00\",\"description\":\"Blue Lock 15 - Yusuke Nomura: \u00a1Demuestra tu ego en esta batalla cada vez m\u00e1s emocionante, Yoichi Isagi!\u00a1Se han reunido todos los j\u00f3venes talentos del f\u00fatbol japon\u00e9s! \u00bf\u00a1Qui\u00e9n crear\u00e1 esta nueva era, BLUE LOCK o la selecci\u00f3n Sub-20!?\",\"breadcrumb\":{\"@id\":\"https:\/\/www.colossalstore.es\/tienda\/manga\/blue-lock-15-yusuke-nomura\/#breadcrumb\"},\"inLanguage\":\"en-US\",\"potentialAction\":[{\"@type\":\"ReadAction\",\"target\":[\"https:\/\/www.colossalstore.es\/tienda\/manga\/blue-lock-15-yusuke-nomura\/\"]}]},{\"@type\":\"ImageObject\",\"inLanguage\":\"en-US\",\"@id\":\"https:\/\/www.colossalstore.es\/tienda\/manga\/blue-lock-15-yusuke-nomura\/#primaryimage\",\"url\":\"https:\/\/www.colossalstore.es\/wp-content\/uploads\/2023\/11\/Blue-Lock-15.jpg\",\"contentUrl\":\"https:\/\/www.colossalstore.es\/wp-content\/uploads\/2023\/11\/Blue-Lock-15.jpg\",\"width\":625,\"height\":1000},{\"@type\":\"BreadcrumbList\",\"@id\":\"https:\/\/www.colossalstore.es\/tienda\/manga\/blue-lock-15-yusuke-nomura\/#breadcrumb\",\"itemListElement\":[{\"@type\":\"ListItem\",\"position\":1,\"name\":\"Home\",\"item\":\"https:\/\/www.colossalstore.es\/\"},{\"@type\":\"ListItem\",\"position\":2,\"name\":\"Tienda\",\"item\":\"https:\/\/www.colossalstore.es\/tienda\/\"},{\"@type\":\"ListItem\",\"position\":3,\"name\":\"BLUE LOCK 15\"}]},{\"@type\":\"WebSite\",\"@id\":\"https:\/\/www.colossalstore.es\/#website\",\"url\":\"https:\/\/www.colossalstore.es\/\",\"name\":\"Colossal Store\",\"description\":\"Colossal Store, tienda especializada en TCGs.\",\"publisher\":{\"@id\":\"https:\/\/www.colossalstore.es\/#organization\"},\"alternateName\":\"Colossal Store\",\"potentialAction\":[{\"@type\":\"SearchAction\",\"target\":{\"@type\":\"EntryPoint\",\"urlTemplate\":\"https:\/\/www.colossalstore.es\/?s={search_term_string}\"},\"query-input\":{\"@type\":\"PropertyValueSpecification\",\"valueRequired\":true,\"valueName\":\"search_term_string\"}}],\"inLanguage\":\"en-US\"},{\"@type\":\"Organization\",\"@id\":\"https:\/\/www.colossalstore.es\/#organization\",\"name\":\"Colossal Store\",\"url\":\"https:\/\/www.colossalstore.es\/\",\"logo\":{\"@type\":\"ImageObject\",\"inLanguage\":\"en-US\",\"@id\":\"https:\/\/www.colossalstore.es\/#\/schema\/logo\/image\/\",\"url\":\"https:\/\/www.colossalstore.es\/wp-content\/uploads\/2023\/05\/Colossal_Logo-02.png\",\"contentUrl\":\"https:\/\/www.colossalstore.es\/wp-content\/uploads\/2023\/05\/Colossal_Logo-02.png\",\"width\":1181,\"height\":1181,\"caption\":\"Colossal Store\"},\"image\":{\"@id\":\"https:\/\/www.colossalstore.es\/#\/schema\/logo\/image\/\"},\"sameAs\":[\"https:\/\/x.com\/Colossal_Store\",\"https:\/\/www.instagram.com\/colossal_store_tcg\/\",\"https:\/\/www.tiktok.com\/@colossalstore\"]}]}<\/script>\n<!-- \/ Yoast SEO plugin. -->","yoast_head_json":{"title":"Blue Lock 15 - Yusuke Nomura | Colossal Store","description":"Blue Lock 15 - Yusuke Nomura: \u00a1Demuestra tu ego en esta batalla cada vez m\u00e1s emocionante, Yoichi Isagi!\u00a1Se han reunido todos los j\u00f3venes talentos del f\u00fatbol japon\u00e9s! \u00bf\u00a1Qui\u00e9n crear\u00e1 esta nueva era, BLUE LOCK o la selecci\u00f3n Sub-20!?","robots":{"index":"index","follow":"follow","max-snippet":"max-snippet:-1","max-image-preview":"max-image-preview:large","max-video-preview":"max-video-preview:-1"},"canonical":"https:\/\/www.colossalstore.es\/en\/tienda\/manga\/blue-lock-15-yusuke-nomura\/","og_locale":"en_US","og_type":"article","og_title":"Blue Lock 15 - Yusuke Nomura | Colossal Store","og_description":"Blue Lock 15 - Yusuke Nomura: \u00a1Demuestra tu ego en esta batalla cada vez m\u00e1s emocionante, Yoichi Isagi!\u00a1Se han reunido todos los j\u00f3venes talentos del f\u00fatbol japon\u00e9s! \u00bf\u00a1Qui\u00e9n crear\u00e1 esta nueva era, BLUE LOCK o la selecci\u00f3n Sub-20!?","og_url":"https:\/\/www.colossalstore.es\/en\/tienda\/manga\/blue-lock-15-yusuke-nomura\/","og_site_name":"Colossal Store","article_modified_time":"2026-01-05T18:37:09+00:00","og_image":[{"width":625,"height":1000,"url":"https:\/\/www.colossalstore.es\/wp-content\/uploads\/2023\/11\/Blue-Lock-15.jpg","type":"image\/jpeg"}],"twitter_card":"summary_large_image","twitter_site":"@Colossal_Store","twitter_misc":{"Est. reading time":"1 minute"},"schema":{"@context":"https:\/\/schema.org","@graph":[{"@type":"WebPage","@id":"https:\/\/www.colossalstore.es\/tienda\/manga\/blue-lock-15-yusuke-nomura\/","url":"https:\/\/www.colossalstore.es\/tienda\/manga\/blue-lock-15-yusuke-nomura\/","name":"Blue Lock 15 - Yusuke Nomura | Colossal Store","isPartOf":{"@id":"https:\/\/www.colossalstore.es\/#website"},"primaryImageOfPage":{"@id":"https:\/\/www.colossalstore.es\/tienda\/manga\/blue-lock-15-yusuke-nomura\/#primaryimage"},"image":{"@id":"https:\/\/www.colossalstore.es\/tienda\/manga\/blue-lock-15-yusuke-nomura\/#primaryimage"},"thumbnailUrl":"https:\/\/www.colossalstore.es\/wp-content\/uploads\/2023\/11\/Blue-Lock-15.jpg","datePublished":"2023-11-10T16:53:17+00:00","dateModified":"2026-01-05T18:37:09+00:00","description":"Blue Lock 15 - Yusuke Nomura: \u00a1Demuestra tu ego en esta batalla cada vez m\u00e1s emocionante, Yoichi Isagi!\u00a1Se han reunido todos los j\u00f3venes talentos del f\u00fatbol japon\u00e9s! \u00bf\u00a1Qui\u00e9n crear\u00e1 esta nueva era, BLUE LOCK o la selecci\u00f3n Sub-20!?","breadcrumb":{"@id":"https:\/\/www.colossalstore.es\/tienda\/manga\/blue-lock-15-yusuke-nomura\/#breadcrumb"},"inLanguage":"en-US","potentialAction":[{"@type":"ReadAction","target":["https:\/\/www.colossalstore.es\/tienda\/manga\/blue-lock-15-yusuke-nomura\/"]}]},{"@type":"ImageObject","inLanguage":"en-US","@id":"https:\/\/www.colossalstore.es\/tienda\/manga\/blue-lock-15-yusuke-nomura\/#primaryimage","url":"https:\/\/www.colossalstore.es\/wp-content\/uploads\/2023\/11\/Blue-Lock-15.jpg","contentUrl":"https:\/\/www.colossalstore.es\/wp-content\/uploads\/2023\/11\/Blue-Lock-15.jpg","width":625,"height":1000},{"@type":"BreadcrumbList","@id":"https:\/\/www.colossalstore.es\/tienda\/manga\/blue-lock-15-yusuke-nomura\/#breadcrumb","itemListElement":[{"@type":"ListItem","position":1,"name":"Home","item":"https:\/\/www.colossalstore.es\/"},{"@type":"ListItem","position":2,"name":"Tienda","item":"https:\/\/www.colossalstore.es\/tienda\/"},{"@type":"ListItem","position":3,"name":"BLUE LOCK 15"}]},{"@type":"WebSite","@id":"https:\/\/www.colossalstore.es\/#website","url":"https:\/\/www.colossalstore.es\/","name":"Colossal Store","description":"Colossal Store, store specialized in TCGs.","publisher":{"@id":"https:\/\/www.colossalstore.es\/#organization"},"alternateName":"Colossal Store","potentialAction":[{"@type":"SearchAction","target":{"@type":"EntryPoint","urlTemplate":"https:\/\/www.colossalstore.es\/?s={search_term_string}"},"query-input":{"@type":"PropertyValueSpecification","valueRequired":true,"valueName":"search_term_string"}}],"inLanguage":"en-US"},{"@type":"Organization","@id":"https:\/\/www.colossalstore.es\/#organization","name":"Colossal Store","url":"https:\/\/www.colossalstore.es\/","logo":{"@type":"ImageObject","inLanguage":"en-US","@id":"https:\/\/www.colossalstore.es\/#\/schema\/logo\/image\/","url":"https:\/\/www.colossalstore.es\/wp-content\/uploads\/2023\/05\/Colossal_Logo-02.png","contentUrl":"https:\/\/www.colossalstore.es\/wp-content\/uploads\/2023\/05\/Colossal_Logo-02.png","width":1181,"height":1181,"caption":"Colossal Store"},"image":{"@id":"https:\/\/www.colossalstore.es\/#\/schema\/logo\/image\/"},"sameAs":["https:\/\/x.com\/Colossal_Store","https:\/\/www.instagram.com\/colossal_store_tcg\/","https:\/\/www.tiktok.com\/@colossalstore"]}]}},"_links":{"self":[{"href":"https:\/\/www.colossalstore.es\/en\/wp-json\/wp\/v2\/product\/6431","targetHints":{"allow":["GET"]}}],"collection":[{"href":"https:\/\/www.colossalstore.es\/en\/wp-json\/wp\/v2\/product"}],"about":[{"href":"https:\/\/www.colossalstore.es\/en\/wp-json\/wp\/v2\/types\/product"}],"replies":[{"embeddable":true,"href":"https:\/\/www.colossalstore.es\/en\/wp-json\/wp\/v2\/comments?post=6431"}],"wp:featuredmedia":[{"embeddable":true,"href":"https:\/\/www.colossalstore.es\/en\/wp-json\/wp\/v2\/media\/6432"}],"wp:attachment":[{"href":"https:\/\/www.colossalstore.es\/en\/wp-json\/wp\/v2\/media?parent=6431"}],"wp:term":[{"taxonomy":"product_brand","embeddable":true,"href":"https:\/\/www.colossalstore.es\/en\/wp-json\/wp\/v2\/product_brand?post=6431"},{"taxonomy":"product_cat","embeddable":true,"href":"https:\/\/www.colossalstore.es\/en\/wp-json\/wp\/v2\/product_cat?post=6431"},{"taxonomy":"product_tag","embeddable":true,"href":"https:\/\/www.colossalstore.es\/en\/wp-json\/wp\/v2\/product_tag?post=6431"}],"curies":[{"name":"wp","href":"https:\/\/api.w.org\/{rel}","templated":true}]}}