{"id":6429,"date":"2023-11-10T17:50:46","date_gmt":"2023-11-10T16:50:46","guid":{"rendered":"https:\/\/www.colossalstore.es\/?post_type=product&#038;p=6429"},"modified":"2026-01-05T19:45:32","modified_gmt":"2026-01-05T18:45:32","slug":"blue-lock-14-yusuke-nomura","status":"publish","type":"product","link":"https:\/\/www.colossalstore.es\/en\/tienda\/manga\/blue-lock-14-yusuke-nomura\/","title":{"rendered":"BLUE LOCK 14"},"content":{"rendered":"<p>Blue Lock 14 \u2013 Yusuke Nomura<\/p>\n<div class=\"text-container\" data-v-809af916=\"\">\n<div class=\"formated-text\" data-v-809af916=\"\" data-v-7fdc4342=\"\">\n<p>Let the super plays begin! Selfish people, show what the future of Japanese football looks like!<\/p>\n<p>What is the attacking power of BLUE LOCK!? And the defensive power of the Japanese U-20 team!? The decisive match against the Japanese team finally begins!<br \/>\nBut standing in their way is the impenetrable defense of \u201cthe diamond generation,\u201d which revolves around their captain, Aiku!<br \/>\nWill BLUE LOCK&#039;s forwards be able to put together a reckless attack capable of breaking through their defense and reaching the goal without Shidou!?<br \/>\nAnd the way prodigy Sae Itoshi plays proves to be from another dimension!<\/p>\n<\/div>\n<\/div>","protected":false},"excerpt":{"rendered":"<p>Blue Lock 14 &#8211; Yusuke Nomura \u00a1Que den comienzo las superjugadas! \u00a1Ego\u00edstas, demostrad c\u00f3mo es el futuro del f\u00fatbol japon\u00e9s! \u00bf\u00a1Cu\u00e1l es el poder de ataque de BLUE LOCK!?\u00bf\u00a1Y el defensivo de la selecci\u00f3n japonesa de Sub-20!? \u00a1Por fin comienza el partido decisivo contra la selecci\u00f3n japonesa! \u00a1Pero en su camino se interpone la defensa [&hellip;]<\/p>","protected":false},"featured_media":6430,"comment_status":"open","ping_status":"closed","template":"","meta":{"_joinchat":[]},"product_brand":[],"product_cat":[32],"product_tag":[],"class_list":{"0":"post-6429","1":"product","2":"type-product","3":"status-publish","4":"has-post-thumbnail","6":"product_cat-manga","8":"first","9":"outofstock","10":"sale","11":"taxable","12":"shipping-taxable","13":"purchasable","14":"product-type-simple"},"yoast_head":"<!-- This site is optimized with the Yoast SEO plugin v25.7 - https:\/\/yoast.com\/wordpress\/plugins\/seo\/ -->\n<title>Blue Lock 14 - Yusuke Nomura | Colossal Store<\/title>\n<meta name=\"description\" content=\"Blue Lock 14 - Yusuke Nomura: \u00a1Que den comienzo las superjugadas! \u00a1Ego\u00edstas, demostrad c\u00f3mo es el futuro del f\u00fatbol japon\u00e9s!\" \/>\n<meta name=\"robots\" content=\"index, follow, max-snippet:-1, max-image-preview:large, max-video-preview:-1\" \/>\n<link rel=\"canonical\" href=\"https:\/\/www.colossalstore.es\/en\/tienda\/manga\/blue-lock-14-yusuke-nomura\/\" \/>\n<meta property=\"og:locale\" content=\"en_US\" \/>\n<meta property=\"og:type\" content=\"article\" \/>\n<meta property=\"og:title\" content=\"Blue Lock 14 - Yusuke Nomura | Colossal Store\" \/>\n<meta property=\"og:description\" content=\"Blue Lock 14 - Yusuke Nomura: \u00a1Que den comienzo las superjugadas! \u00a1Ego\u00edstas, demostrad c\u00f3mo es el futuro del f\u00fatbol japon\u00e9s!\" \/>\n<meta property=\"og:url\" content=\"https:\/\/www.colossalstore.es\/en\/tienda\/manga\/blue-lock-14-yusuke-nomura\/\" \/>\n<meta property=\"og:site_name\" content=\"Colossal Store\" \/>\n<meta property=\"article:modified_time\" content=\"2026-01-05T18:45:32+00:00\" \/>\n<meta property=\"og:image\" content=\"https:\/\/www.colossalstore.es\/wp-content\/uploads\/2023\/11\/81difrzL9YL._AC_UF10001000_QL80_.jpg\" \/>\n\t<meta property=\"og:image:width\" content=\"628\" \/>\n\t<meta property=\"og:image:height\" content=\"1000\" \/>\n\t<meta property=\"og:image:type\" content=\"image\/jpeg\" \/>\n<meta name=\"twitter:card\" content=\"summary_large_image\" \/>\n<meta name=\"twitter:site\" content=\"@Colossal_Store\" \/>\n<meta name=\"twitter:label1\" content=\"Est. reading time\" \/>\n\t<meta name=\"twitter:data1\" content=\"1 minute\" \/>\n<script type=\"application\/ld+json\" class=\"yoast-schema-graph\">{\"@context\":\"https:\/\/schema.org\",\"@graph\":[{\"@type\":\"WebPage\",\"@id\":\"https:\/\/www.colossalstore.es\/tienda\/manga\/blue-lock-14-yusuke-nomura\/\",\"url\":\"https:\/\/www.colossalstore.es\/tienda\/manga\/blue-lock-14-yusuke-nomura\/\",\"name\":\"Blue Lock 14 - Yusuke Nomura | Colossal Store\",\"isPartOf\":{\"@id\":\"https:\/\/www.colossalstore.es\/#website\"},\"primaryImageOfPage\":{\"@id\":\"https:\/\/www.colossalstore.es\/tienda\/manga\/blue-lock-14-yusuke-nomura\/#primaryimage\"},\"image\":{\"@id\":\"https:\/\/www.colossalstore.es\/tienda\/manga\/blue-lock-14-yusuke-nomura\/#primaryimage\"},\"thumbnailUrl\":\"https:\/\/www.colossalstore.es\/wp-content\/uploads\/2023\/11\/81difrzL9YL._AC_UF10001000_QL80_.jpg\",\"datePublished\":\"2023-11-10T16:50:46+00:00\",\"dateModified\":\"2026-01-05T18:45:32+00:00\",\"description\":\"Blue Lock 14 - Yusuke Nomura: \u00a1Que den comienzo las superjugadas! \u00a1Ego\u00edstas, demostrad c\u00f3mo es el futuro del f\u00fatbol japon\u00e9s!\",\"breadcrumb\":{\"@id\":\"https:\/\/www.colossalstore.es\/tienda\/manga\/blue-lock-14-yusuke-nomura\/#breadcrumb\"},\"inLanguage\":\"en-US\",\"potentialAction\":[{\"@type\":\"ReadAction\",\"target\":[\"https:\/\/www.colossalstore.es\/tienda\/manga\/blue-lock-14-yusuke-nomura\/\"]}]},{\"@type\":\"ImageObject\",\"inLanguage\":\"en-US\",\"@id\":\"https:\/\/www.colossalstore.es\/tienda\/manga\/blue-lock-14-yusuke-nomura\/#primaryimage\",\"url\":\"https:\/\/www.colossalstore.es\/wp-content\/uploads\/2023\/11\/81difrzL9YL._AC_UF10001000_QL80_.jpg\",\"contentUrl\":\"https:\/\/www.colossalstore.es\/wp-content\/uploads\/2023\/11\/81difrzL9YL._AC_UF10001000_QL80_.jpg\",\"width\":628,\"height\":1000},{\"@type\":\"BreadcrumbList\",\"@id\":\"https:\/\/www.colossalstore.es\/tienda\/manga\/blue-lock-14-yusuke-nomura\/#breadcrumb\",\"itemListElement\":[{\"@type\":\"ListItem\",\"position\":1,\"name\":\"Home\",\"item\":\"https:\/\/www.colossalstore.es\/\"},{\"@type\":\"ListItem\",\"position\":2,\"name\":\"Tienda\",\"item\":\"https:\/\/www.colossalstore.es\/tienda\/\"},{\"@type\":\"ListItem\",\"position\":3,\"name\":\"BLUE LOCK 14\"}]},{\"@type\":\"WebSite\",\"@id\":\"https:\/\/www.colossalstore.es\/#website\",\"url\":\"https:\/\/www.colossalstore.es\/\",\"name\":\"Colossal Store\",\"description\":\"Colossal Store, tienda especializada en TCGs.\",\"publisher\":{\"@id\":\"https:\/\/www.colossalstore.es\/#organization\"},\"alternateName\":\"Colossal Store\",\"potentialAction\":[{\"@type\":\"SearchAction\",\"target\":{\"@type\":\"EntryPoint\",\"urlTemplate\":\"https:\/\/www.colossalstore.es\/?s={search_term_string}\"},\"query-input\":{\"@type\":\"PropertyValueSpecification\",\"valueRequired\":true,\"valueName\":\"search_term_string\"}}],\"inLanguage\":\"en-US\"},{\"@type\":\"Organization\",\"@id\":\"https:\/\/www.colossalstore.es\/#organization\",\"name\":\"Colossal Store\",\"url\":\"https:\/\/www.colossalstore.es\/\",\"logo\":{\"@type\":\"ImageObject\",\"inLanguage\":\"en-US\",\"@id\":\"https:\/\/www.colossalstore.es\/#\/schema\/logo\/image\/\",\"url\":\"https:\/\/www.colossalstore.es\/wp-content\/uploads\/2023\/05\/Colossal_Logo-02.png\",\"contentUrl\":\"https:\/\/www.colossalstore.es\/wp-content\/uploads\/2023\/05\/Colossal_Logo-02.png\",\"width\":1181,\"height\":1181,\"caption\":\"Colossal Store\"},\"image\":{\"@id\":\"https:\/\/www.colossalstore.es\/#\/schema\/logo\/image\/\"},\"sameAs\":[\"https:\/\/x.com\/Colossal_Store\",\"https:\/\/www.instagram.com\/colossal_store_tcg\/\",\"https:\/\/www.tiktok.com\/@colossalstore\"]}]}<\/script>\n<!-- \/ Yoast SEO plugin. -->","yoast_head_json":{"title":"Blue Lock 14 - Yusuke Nomura | Colossal Store","description":"Blue Lock 14 - Yusuke Nomura: \u00a1Que den comienzo las superjugadas! \u00a1Ego\u00edstas, demostrad c\u00f3mo es el futuro del f\u00fatbol japon\u00e9s!","robots":{"index":"index","follow":"follow","max-snippet":"max-snippet:-1","max-image-preview":"max-image-preview:large","max-video-preview":"max-video-preview:-1"},"canonical":"https:\/\/www.colossalstore.es\/en\/tienda\/manga\/blue-lock-14-yusuke-nomura\/","og_locale":"en_US","og_type":"article","og_title":"Blue Lock 14 - Yusuke Nomura | Colossal Store","og_description":"Blue Lock 14 - Yusuke Nomura: \u00a1Que den comienzo las superjugadas! \u00a1Ego\u00edstas, demostrad c\u00f3mo es el futuro del f\u00fatbol japon\u00e9s!","og_url":"https:\/\/www.colossalstore.es\/en\/tienda\/manga\/blue-lock-14-yusuke-nomura\/","og_site_name":"Colossal Store","article_modified_time":"2026-01-05T18:45:32+00:00","og_image":[{"width":628,"height":1000,"url":"https:\/\/www.colossalstore.es\/wp-content\/uploads\/2023\/11\/81difrzL9YL._AC_UF10001000_QL80_.jpg","type":"image\/jpeg"}],"twitter_card":"summary_large_image","twitter_site":"@Colossal_Store","twitter_misc":{"Est. reading time":"1 minute"},"schema":{"@context":"https:\/\/schema.org","@graph":[{"@type":"WebPage","@id":"https:\/\/www.colossalstore.es\/tienda\/manga\/blue-lock-14-yusuke-nomura\/","url":"https:\/\/www.colossalstore.es\/tienda\/manga\/blue-lock-14-yusuke-nomura\/","name":"Blue Lock 14 - Yusuke Nomura | Colossal Store","isPartOf":{"@id":"https:\/\/www.colossalstore.es\/#website"},"primaryImageOfPage":{"@id":"https:\/\/www.colossalstore.es\/tienda\/manga\/blue-lock-14-yusuke-nomura\/#primaryimage"},"image":{"@id":"https:\/\/www.colossalstore.es\/tienda\/manga\/blue-lock-14-yusuke-nomura\/#primaryimage"},"thumbnailUrl":"https:\/\/www.colossalstore.es\/wp-content\/uploads\/2023\/11\/81difrzL9YL._AC_UF10001000_QL80_.jpg","datePublished":"2023-11-10T16:50:46+00:00","dateModified":"2026-01-05T18:45:32+00:00","description":"Blue Lock 14 - Yusuke Nomura: \u00a1Que den comienzo las superjugadas! \u00a1Ego\u00edstas, demostrad c\u00f3mo es el futuro del f\u00fatbol japon\u00e9s!","breadcrumb":{"@id":"https:\/\/www.colossalstore.es\/tienda\/manga\/blue-lock-14-yusuke-nomura\/#breadcrumb"},"inLanguage":"en-US","potentialAction":[{"@type":"ReadAction","target":["https:\/\/www.colossalstore.es\/tienda\/manga\/blue-lock-14-yusuke-nomura\/"]}]},{"@type":"ImageObject","inLanguage":"en-US","@id":"https:\/\/www.colossalstore.es\/tienda\/manga\/blue-lock-14-yusuke-nomura\/#primaryimage","url":"https:\/\/www.colossalstore.es\/wp-content\/uploads\/2023\/11\/81difrzL9YL._AC_UF10001000_QL80_.jpg","contentUrl":"https:\/\/www.colossalstore.es\/wp-content\/uploads\/2023\/11\/81difrzL9YL._AC_UF10001000_QL80_.jpg","width":628,"height":1000},{"@type":"BreadcrumbList","@id":"https:\/\/www.colossalstore.es\/tienda\/manga\/blue-lock-14-yusuke-nomura\/#breadcrumb","itemListElement":[{"@type":"ListItem","position":1,"name":"Home","item":"https:\/\/www.colossalstore.es\/"},{"@type":"ListItem","position":2,"name":"Tienda","item":"https:\/\/www.colossalstore.es\/tienda\/"},{"@type":"ListItem","position":3,"name":"BLUE LOCK 14"}]},{"@type":"WebSite","@id":"https:\/\/www.colossalstore.es\/#website","url":"https:\/\/www.colossalstore.es\/","name":"Colossal Store","description":"Colossal Store, store specialized in TCGs.","publisher":{"@id":"https:\/\/www.colossalstore.es\/#organization"},"alternateName":"Colossal Store","potentialAction":[{"@type":"SearchAction","target":{"@type":"EntryPoint","urlTemplate":"https:\/\/www.colossalstore.es\/?s={search_term_string}"},"query-input":{"@type":"PropertyValueSpecification","valueRequired":true,"valueName":"search_term_string"}}],"inLanguage":"en-US"},{"@type":"Organization","@id":"https:\/\/www.colossalstore.es\/#organization","name":"Colossal Store","url":"https:\/\/www.colossalstore.es\/","logo":{"@type":"ImageObject","inLanguage":"en-US","@id":"https:\/\/www.colossalstore.es\/#\/schema\/logo\/image\/","url":"https:\/\/www.colossalstore.es\/wp-content\/uploads\/2023\/05\/Colossal_Logo-02.png","contentUrl":"https:\/\/www.colossalstore.es\/wp-content\/uploads\/2023\/05\/Colossal_Logo-02.png","width":1181,"height":1181,"caption":"Colossal Store"},"image":{"@id":"https:\/\/www.colossalstore.es\/#\/schema\/logo\/image\/"},"sameAs":["https:\/\/x.com\/Colossal_Store","https:\/\/www.instagram.com\/colossal_store_tcg\/","https:\/\/www.tiktok.com\/@colossalstore"]}]}},"_links":{"self":[{"href":"https:\/\/www.colossalstore.es\/en\/wp-json\/wp\/v2\/product\/6429","targetHints":{"allow":["GET"]}}],"collection":[{"href":"https:\/\/www.colossalstore.es\/en\/wp-json\/wp\/v2\/product"}],"about":[{"href":"https:\/\/www.colossalstore.es\/en\/wp-json\/wp\/v2\/types\/product"}],"replies":[{"embeddable":true,"href":"https:\/\/www.colossalstore.es\/en\/wp-json\/wp\/v2\/comments?post=6429"}],"wp:featuredmedia":[{"embeddable":true,"href":"https:\/\/www.colossalstore.es\/en\/wp-json\/wp\/v2\/media\/6430"}],"wp:attachment":[{"href":"https:\/\/www.colossalstore.es\/en\/wp-json\/wp\/v2\/media?parent=6429"}],"wp:term":[{"taxonomy":"product_brand","embeddable":true,"href":"https:\/\/www.colossalstore.es\/en\/wp-json\/wp\/v2\/product_brand?post=6429"},{"taxonomy":"product_cat","embeddable":true,"href":"https:\/\/www.colossalstore.es\/en\/wp-json\/wp\/v2\/product_cat?post=6429"},{"taxonomy":"product_tag","embeddable":true,"href":"https:\/\/www.colossalstore.es\/en\/wp-json\/wp\/v2\/product_tag?post=6429"}],"curies":[{"name":"wp","href":"https:\/\/api.w.org\/{rel}","templated":true}]}}