{"id":5830,"date":"2023-09-01T12:59:48","date_gmt":"2023-09-01T10:59:48","guid":{"rendered":"https:\/\/www.colossalstore.es\/?post_type=product&#038;p=5830"},"modified":"2025-06-20T11:15:43","modified_gmt":"2025-06-20T09:15:43","slug":"yugioh-tcg-album-gold-pride-9-bolsillos","status":"publish","type":"product","link":"https:\/\/www.colossalstore.es\/en\/tienda\/tcg\/accesorios\/yugioh-tcg-album-gold-pride-9-bolsillos\/","title":{"rendered":"YuGiOh! TCG Gold Pride Album (9 pockets)"},"content":{"rendered":"<p>YuGiOh! TCG Gold Pride Album (9 pockets)<\/p>\n<p>Protege tu colecci\u00f3n con orgullo y estilo con el nuevo Portafolio de Duelista de 9 Bolsillos del TCG Yu-Gi-Oh! con las cartas del \u00abOrgullo Dorado \u00ab*.<br \/>\nEl anverso de la Cartera est\u00e1 decorado con las insignias de los mejores competidores que participan en el \u00abOrgullo Dorado\u00bb de este a\u00f1o, \u00a1mientras que el reverso muestra ilustraciones de una pr\u00f3xima carta del tema! Est\u00e1 muy re\u00f1ido, pero \u00bfqui\u00e9n saldr\u00e1 vencedor al final?<\/p>\n<p>With a secure side-loading design, this 10-page Portfolio has 9 pockets per page: by placing cards front to back, you can hold up to 180 of your most prized cards. The 9-Pocket Duelist Portfolio also uses a non-slip feature to keep cards safe and your collection safe at all times.<\/p>","protected":false},"excerpt":{"rendered":"<p>YuGiOh! TCG \u00c1lbum Gold Pride (9 bolsillos) Protege tu colecci\u00f3n con orgullo y estilo con el nuevo Portafolio de Duelista de 9 Bolsillos del TCG Yu-Gi-Oh! con las cartas del \u00abOrgullo Dorado \u00ab*. El anverso de la Cartera est\u00e1 decorado con las insignias de los mejores competidores que participan en el \u00abOrgullo Dorado\u00bb de este [&hellip;]<\/p>","protected":false},"featured_media":5834,"comment_status":"open","ping_status":"closed","template":"","meta":{"_joinchat":[]},"product_brand":[],"product_cat":[35,34,47],"product_tag":[],"class_list":{"0":"post-5830","1":"product","2":"type-product","3":"status-publish","4":"has-post-thumbnail","6":"product_cat-accesorios","7":"product_cat-tcg","8":"product_cat-yu-gi-oh","10":"first","11":"outofstock","12":"taxable","13":"shipping-taxable","14":"purchasable","15":"product-type-simple"},"yoast_head":"<!-- This site is optimized with the Yoast SEO plugin v25.7 - https:\/\/yoast.com\/wordpress\/plugins\/seo\/ -->\n<title>YuGiOh! TCG \u00c1lbum Gold Pride (9 bolsillos) | Colossal Store<\/title>\n<meta name=\"description\" content=\"YuGiOh! TCG \u00c1lbum Gold Pride (9 bolsillos): Con un dise\u00f1o seguro de carga lateral, esta Cartera de 10 p\u00e1ginas tiene 9 bolsillos por p\u00e1gina: colocando las cartas de delante a atr\u00e1s, puedes guardar hasta 180 de tus cartas m\u00e1s preciadas. El Portafolio de Duelista de 9 Bolsillos tambi\u00e9n utiliza una funci\u00f3n antideslizante para mantener las cartas seguras y tu colecci\u00f3n a salvo en todo momento.\" \/>\n<meta name=\"robots\" content=\"index, follow, max-snippet:-1, max-image-preview:large, max-video-preview:-1\" \/>\n<link rel=\"canonical\" href=\"https:\/\/www.colossalstore.es\/en\/tienda\/tcg\/accesorios\/yugioh-tcg-album-gold-pride-9-bolsillos\/\" \/>\n<meta property=\"og:locale\" content=\"en_US\" \/>\n<meta property=\"og:type\" content=\"article\" \/>\n<meta property=\"og:title\" content=\"YuGiOh! TCG \u00c1lbum Gold Pride (9 bolsillos) | Colossal Store\" \/>\n<meta property=\"og:description\" content=\"YuGiOh! TCG \u00c1lbum Gold Pride (9 bolsillos): Con un dise\u00f1o seguro de carga lateral, esta Cartera de 10 p\u00e1ginas tiene 9 bolsillos por p\u00e1gina: colocando las cartas de delante a atr\u00e1s, puedes guardar hasta 180 de tus cartas m\u00e1s preciadas. El Portafolio de Duelista de 9 Bolsillos tambi\u00e9n utiliza una funci\u00f3n antideslizante para mantener las cartas seguras y tu colecci\u00f3n a salvo en todo momento.\" \/>\n<meta property=\"og:url\" content=\"https:\/\/www.colossalstore.es\/en\/tienda\/tcg\/accesorios\/yugioh-tcg-album-gold-pride-9-bolsillos\/\" \/>\n<meta property=\"og:site_name\" content=\"Colossal Store\" \/>\n<meta property=\"article:modified_time\" content=\"2025-06-20T09:15:43+00:00\" \/>\n<meta property=\"og:image\" content=\"https:\/\/www.colossalstore.es\/wp-content\/uploads\/2023\/09\/GOPR-Portfolio-01-.webp\" \/>\n\t<meta property=\"og:image:width\" content=\"970\" \/>\n\t<meta property=\"og:image:height\" content=\"790\" \/>\n\t<meta property=\"og:image:type\" content=\"image\/webp\" \/>\n<meta name=\"twitter:card\" content=\"summary_large_image\" \/>\n<meta name=\"twitter:site\" content=\"@Colossal_Store\" \/>\n<meta name=\"twitter:label1\" content=\"Est. reading time\" \/>\n\t<meta name=\"twitter:data1\" content=\"1 minute\" \/>\n<script type=\"application\/ld+json\" class=\"yoast-schema-graph\">{\"@context\":\"https:\/\/schema.org\",\"@graph\":[{\"@type\":\"WebPage\",\"@id\":\"https:\/\/www.colossalstore.es\/tienda\/tcg\/accesorios\/yugioh-tcg-album-gold-pride-9-bolsillos\/\",\"url\":\"https:\/\/www.colossalstore.es\/tienda\/tcg\/accesorios\/yugioh-tcg-album-gold-pride-9-bolsillos\/\",\"name\":\"YuGiOh! TCG \u00c1lbum Gold Pride (9 bolsillos) | Colossal Store\",\"isPartOf\":{\"@id\":\"https:\/\/www.colossalstore.es\/#website\"},\"primaryImageOfPage\":{\"@id\":\"https:\/\/www.colossalstore.es\/tienda\/tcg\/accesorios\/yugioh-tcg-album-gold-pride-9-bolsillos\/#primaryimage\"},\"image\":{\"@id\":\"https:\/\/www.colossalstore.es\/tienda\/tcg\/accesorios\/yugioh-tcg-album-gold-pride-9-bolsillos\/#primaryimage\"},\"thumbnailUrl\":\"https:\/\/www.colossalstore.es\/wp-content\/uploads\/2023\/09\/GOPR-Portfolio-01-.webp\",\"datePublished\":\"2023-09-01T10:59:48+00:00\",\"dateModified\":\"2025-06-20T09:15:43+00:00\",\"description\":\"YuGiOh! TCG \u00c1lbum Gold Pride (9 bolsillos): Con un dise\u00f1o seguro de carga lateral, esta Cartera de 10 p\u00e1ginas tiene 9 bolsillos por p\u00e1gina: colocando las cartas de delante a atr\u00e1s, puedes guardar hasta 180 de tus cartas m\u00e1s preciadas. El Portafolio de Duelista de 9 Bolsillos tambi\u00e9n utiliza una funci\u00f3n antideslizante para mantener las cartas seguras y tu colecci\u00f3n a salvo en todo momento.\",\"breadcrumb\":{\"@id\":\"https:\/\/www.colossalstore.es\/tienda\/tcg\/accesorios\/yugioh-tcg-album-gold-pride-9-bolsillos\/#breadcrumb\"},\"inLanguage\":\"en-US\",\"potentialAction\":[{\"@type\":\"ReadAction\",\"target\":[\"https:\/\/www.colossalstore.es\/tienda\/tcg\/accesorios\/yugioh-tcg-album-gold-pride-9-bolsillos\/\"]}]},{\"@type\":\"ImageObject\",\"inLanguage\":\"en-US\",\"@id\":\"https:\/\/www.colossalstore.es\/tienda\/tcg\/accesorios\/yugioh-tcg-album-gold-pride-9-bolsillos\/#primaryimage\",\"url\":\"https:\/\/www.colossalstore.es\/wp-content\/uploads\/2023\/09\/GOPR-Portfolio-01-.webp\",\"contentUrl\":\"https:\/\/www.colossalstore.es\/wp-content\/uploads\/2023\/09\/GOPR-Portfolio-01-.webp\",\"width\":970,\"height\":790},{\"@type\":\"BreadcrumbList\",\"@id\":\"https:\/\/www.colossalstore.es\/tienda\/tcg\/accesorios\/yugioh-tcg-album-gold-pride-9-bolsillos\/#breadcrumb\",\"itemListElement\":[{\"@type\":\"ListItem\",\"position\":1,\"name\":\"Home\",\"item\":\"https:\/\/www.colossalstore.es\/\"},{\"@type\":\"ListItem\",\"position\":2,\"name\":\"Tienda\",\"item\":\"https:\/\/www.colossalstore.es\/tienda\/\"},{\"@type\":\"ListItem\",\"position\":3,\"name\":\"YuGiOh! TCG \u00c1lbum Gold Pride (9 bolsillos)\"}]},{\"@type\":\"WebSite\",\"@id\":\"https:\/\/www.colossalstore.es\/#website\",\"url\":\"https:\/\/www.colossalstore.es\/\",\"name\":\"Colossal Store\",\"description\":\"Colossal Store, tienda especializada en TCGs.\",\"publisher\":{\"@id\":\"https:\/\/www.colossalstore.es\/#organization\"},\"alternateName\":\"Colossal Store\",\"potentialAction\":[{\"@type\":\"SearchAction\",\"target\":{\"@type\":\"EntryPoint\",\"urlTemplate\":\"https:\/\/www.colossalstore.es\/?s={search_term_string}\"},\"query-input\":{\"@type\":\"PropertyValueSpecification\",\"valueRequired\":true,\"valueName\":\"search_term_string\"}}],\"inLanguage\":\"en-US\"},{\"@type\":\"Organization\",\"@id\":\"https:\/\/www.colossalstore.es\/#organization\",\"name\":\"Colossal Store\",\"url\":\"https:\/\/www.colossalstore.es\/\",\"logo\":{\"@type\":\"ImageObject\",\"inLanguage\":\"en-US\",\"@id\":\"https:\/\/www.colossalstore.es\/#\/schema\/logo\/image\/\",\"url\":\"https:\/\/www.colossalstore.es\/wp-content\/uploads\/2023\/05\/Colossal_Logo-02.png\",\"contentUrl\":\"https:\/\/www.colossalstore.es\/wp-content\/uploads\/2023\/05\/Colossal_Logo-02.png\",\"width\":1181,\"height\":1181,\"caption\":\"Colossal Store\"},\"image\":{\"@id\":\"https:\/\/www.colossalstore.es\/#\/schema\/logo\/image\/\"},\"sameAs\":[\"https:\/\/x.com\/Colossal_Store\",\"https:\/\/www.instagram.com\/colossal_store_tcg\/\",\"https:\/\/www.tiktok.com\/@colossalstore\"]}]}<\/script>\n<!-- \/ Yoast SEO plugin. -->","yoast_head_json":{"title":"YuGiOh! TCG \u00c1lbum Gold Pride (9 bolsillos) | Colossal Store","description":"YuGiOh! TCG \u00c1lbum Gold Pride (9 bolsillos): Con un dise\u00f1o seguro de carga lateral, esta Cartera de 10 p\u00e1ginas tiene 9 bolsillos por p\u00e1gina: colocando las cartas de delante a atr\u00e1s, puedes guardar hasta 180 de tus cartas m\u00e1s preciadas. El Portafolio de Duelista de 9 Bolsillos tambi\u00e9n utiliza una funci\u00f3n antideslizante para mantener las cartas seguras y tu colecci\u00f3n a salvo en todo momento.","robots":{"index":"index","follow":"follow","max-snippet":"max-snippet:-1","max-image-preview":"max-image-preview:large","max-video-preview":"max-video-preview:-1"},"canonical":"https:\/\/www.colossalstore.es\/en\/tienda\/tcg\/accesorios\/yugioh-tcg-album-gold-pride-9-bolsillos\/","og_locale":"en_US","og_type":"article","og_title":"YuGiOh! TCG \u00c1lbum Gold Pride (9 bolsillos) | Colossal Store","og_description":"YuGiOh! TCG \u00c1lbum Gold Pride (9 bolsillos): Con un dise\u00f1o seguro de carga lateral, esta Cartera de 10 p\u00e1ginas tiene 9 bolsillos por p\u00e1gina: colocando las cartas de delante a atr\u00e1s, puedes guardar hasta 180 de tus cartas m\u00e1s preciadas. El Portafolio de Duelista de 9 Bolsillos tambi\u00e9n utiliza una funci\u00f3n antideslizante para mantener las cartas seguras y tu colecci\u00f3n a salvo en todo momento.","og_url":"https:\/\/www.colossalstore.es\/en\/tienda\/tcg\/accesorios\/yugioh-tcg-album-gold-pride-9-bolsillos\/","og_site_name":"Colossal Store","article_modified_time":"2025-06-20T09:15:43+00:00","og_image":[{"width":970,"height":790,"url":"https:\/\/www.colossalstore.es\/wp-content\/uploads\/2023\/09\/GOPR-Portfolio-01-.webp","type":"image\/webp"}],"twitter_card":"summary_large_image","twitter_site":"@Colossal_Store","twitter_misc":{"Est. reading time":"1 minute"},"schema":{"@context":"https:\/\/schema.org","@graph":[{"@type":"WebPage","@id":"https:\/\/www.colossalstore.es\/tienda\/tcg\/accesorios\/yugioh-tcg-album-gold-pride-9-bolsillos\/","url":"https:\/\/www.colossalstore.es\/tienda\/tcg\/accesorios\/yugioh-tcg-album-gold-pride-9-bolsillos\/","name":"YuGiOh! TCG \u00c1lbum Gold Pride (9 bolsillos) | Colossal Store","isPartOf":{"@id":"https:\/\/www.colossalstore.es\/#website"},"primaryImageOfPage":{"@id":"https:\/\/www.colossalstore.es\/tienda\/tcg\/accesorios\/yugioh-tcg-album-gold-pride-9-bolsillos\/#primaryimage"},"image":{"@id":"https:\/\/www.colossalstore.es\/tienda\/tcg\/accesorios\/yugioh-tcg-album-gold-pride-9-bolsillos\/#primaryimage"},"thumbnailUrl":"https:\/\/www.colossalstore.es\/wp-content\/uploads\/2023\/09\/GOPR-Portfolio-01-.webp","datePublished":"2023-09-01T10:59:48+00:00","dateModified":"2025-06-20T09:15:43+00:00","description":"YuGiOh! TCG \u00c1lbum Gold Pride (9 bolsillos): Con un dise\u00f1o seguro de carga lateral, esta Cartera de 10 p\u00e1ginas tiene 9 bolsillos por p\u00e1gina: colocando las cartas de delante a atr\u00e1s, puedes guardar hasta 180 de tus cartas m\u00e1s preciadas. El Portafolio de Duelista de 9 Bolsillos tambi\u00e9n utiliza una funci\u00f3n antideslizante para mantener las cartas seguras y tu colecci\u00f3n a salvo en todo momento.","breadcrumb":{"@id":"https:\/\/www.colossalstore.es\/tienda\/tcg\/accesorios\/yugioh-tcg-album-gold-pride-9-bolsillos\/#breadcrumb"},"inLanguage":"en-US","potentialAction":[{"@type":"ReadAction","target":["https:\/\/www.colossalstore.es\/tienda\/tcg\/accesorios\/yugioh-tcg-album-gold-pride-9-bolsillos\/"]}]},{"@type":"ImageObject","inLanguage":"en-US","@id":"https:\/\/www.colossalstore.es\/tienda\/tcg\/accesorios\/yugioh-tcg-album-gold-pride-9-bolsillos\/#primaryimage","url":"https:\/\/www.colossalstore.es\/wp-content\/uploads\/2023\/09\/GOPR-Portfolio-01-.webp","contentUrl":"https:\/\/www.colossalstore.es\/wp-content\/uploads\/2023\/09\/GOPR-Portfolio-01-.webp","width":970,"height":790},{"@type":"BreadcrumbList","@id":"https:\/\/www.colossalstore.es\/tienda\/tcg\/accesorios\/yugioh-tcg-album-gold-pride-9-bolsillos\/#breadcrumb","itemListElement":[{"@type":"ListItem","position":1,"name":"Home","item":"https:\/\/www.colossalstore.es\/"},{"@type":"ListItem","position":2,"name":"Tienda","item":"https:\/\/www.colossalstore.es\/tienda\/"},{"@type":"ListItem","position":3,"name":"YuGiOh! TCG \u00c1lbum Gold Pride (9 bolsillos)"}]},{"@type":"WebSite","@id":"https:\/\/www.colossalstore.es\/#website","url":"https:\/\/www.colossalstore.es\/","name":"Colossal Store","description":"Colossal Store, store specialized in TCGs.","publisher":{"@id":"https:\/\/www.colossalstore.es\/#organization"},"alternateName":"Colossal Store","potentialAction":[{"@type":"SearchAction","target":{"@type":"EntryPoint","urlTemplate":"https:\/\/www.colossalstore.es\/?s={search_term_string}"},"query-input":{"@type":"PropertyValueSpecification","valueRequired":true,"valueName":"search_term_string"}}],"inLanguage":"en-US"},{"@type":"Organization","@id":"https:\/\/www.colossalstore.es\/#organization","name":"Colossal Store","url":"https:\/\/www.colossalstore.es\/","logo":{"@type":"ImageObject","inLanguage":"en-US","@id":"https:\/\/www.colossalstore.es\/#\/schema\/logo\/image\/","url":"https:\/\/www.colossalstore.es\/wp-content\/uploads\/2023\/05\/Colossal_Logo-02.png","contentUrl":"https:\/\/www.colossalstore.es\/wp-content\/uploads\/2023\/05\/Colossal_Logo-02.png","width":1181,"height":1181,"caption":"Colossal Store"},"image":{"@id":"https:\/\/www.colossalstore.es\/#\/schema\/logo\/image\/"},"sameAs":["https:\/\/x.com\/Colossal_Store","https:\/\/www.instagram.com\/colossal_store_tcg\/","https:\/\/www.tiktok.com\/@colossalstore"]}]}},"_links":{"self":[{"href":"https:\/\/www.colossalstore.es\/en\/wp-json\/wp\/v2\/product\/5830","targetHints":{"allow":["GET"]}}],"collection":[{"href":"https:\/\/www.colossalstore.es\/en\/wp-json\/wp\/v2\/product"}],"about":[{"href":"https:\/\/www.colossalstore.es\/en\/wp-json\/wp\/v2\/types\/product"}],"replies":[{"embeddable":true,"href":"https:\/\/www.colossalstore.es\/en\/wp-json\/wp\/v2\/comments?post=5830"}],"wp:featuredmedia":[{"embeddable":true,"href":"https:\/\/www.colossalstore.es\/en\/wp-json\/wp\/v2\/media\/5834"}],"wp:attachment":[{"href":"https:\/\/www.colossalstore.es\/en\/wp-json\/wp\/v2\/media?parent=5830"}],"wp:term":[{"taxonomy":"product_brand","embeddable":true,"href":"https:\/\/www.colossalstore.es\/en\/wp-json\/wp\/v2\/product_brand?post=5830"},{"taxonomy":"product_cat","embeddable":true,"href":"https:\/\/www.colossalstore.es\/en\/wp-json\/wp\/v2\/product_cat?post=5830"},{"taxonomy":"product_tag","embeddable":true,"href":"https:\/\/www.colossalstore.es\/en\/wp-json\/wp\/v2\/product_tag?post=5830"}],"curies":[{"name":"wp","href":"https:\/\/api.w.org\/{rel}","templated":true}]}}