{"id":5538,"date":"2023-07-15T14:42:58","date_gmt":"2023-07-15T12:42:58","guid":{"rendered":"https:\/\/www.colossalstore.es\/?post_type=product&#038;p=5538"},"modified":"2025-06-20T11:15:44","modified_gmt":"2025-06-20T09:15:44","slug":"yugioh-invasion-of-chaos-display-24-packs-25th-anniversary-edition-en","status":"publish","type":"product","link":"https:\/\/www.colossalstore.es\/en\/tienda\/tcg\/yu-gi-oh\/yugioh-invasion-of-chaos-display-24-packs-25th-anniversary-edition-en\/","title":{"rendered":"YuGiOh! \u2013 Invasion of Chaos Display (24 Packs) \u2013 25th Anniversary Edition \u2013 EN"},"content":{"rendered":"<p>YuGiOh! \u2013 Invasion of Chaos Display (24 Packs) \u2013 25th Anniversary Edition \u2013 EN<\/p>\n<p>Invasion of Chaos is one of the most iconic expansions for Yu-Gi-Oh! of all times. For years, you could only get your hands on these coveted booster packs as part of the Legendary Collection, but now, just in time to celebrate the card game&#039;s 25th anniversary, they&#039;re available as stand-alone booster packs!<\/p>","protected":false},"excerpt":{"rendered":"<p>YuGiOh! &#8211; Invasion of Chaos Display (24 Packs) &#8211; 25th Anniversary Edition &#8211; EN Invasion of Chaos es uno de las expansiones m\u00e1s emblem\u00e1ticas de Yu-Gi-Oh! de todos los tiempos. Durante a\u00f1os, solo pod\u00edas hacerte con estos codiciados sobres como parte de Legendary Collection, pero ahora, justo a tiempo para celebrar el 25\u00ba aniversario del [&hellip;]<\/p>","protected":false},"featured_media":5539,"comment_status":"open","ping_status":"closed","template":"","meta":{"_joinchat":[]},"product_brand":[],"product_cat":[34,47],"product_tag":[],"class_list":{"0":"post-5538","1":"product","2":"type-product","3":"status-publish","4":"has-post-thumbnail","6":"product_cat-tcg","7":"product_cat-yu-gi-oh","9":"first","10":"outofstock","11":"sale","12":"taxable","13":"shipping-taxable","14":"purchasable","15":"product-type-simple"},"yoast_head":"<!-- This site is optimized with the Yoast SEO plugin v25.7 - https:\/\/yoast.com\/wordpress\/plugins\/seo\/ -->\n<title>YuGiOh! - Invasion of Chaos Display (24 Packs) - 25th Anniversary Edition - ENYuGiOh! - Invasion of Chaos Display (24 Packs) - 25th Anniversary Edition - EN | Colossal Store<\/title>\n<meta name=\"description\" content=\"YuGiOh! - Invasion of Chaos Display (24 Packs) - 25th Anniversary Edition - EN: Invasion of Chaos es uno de las expansiones m\u00e1s emblem\u00e1ticas de Yu-Gi-Oh!\" \/>\n<meta name=\"robots\" content=\"index, follow, max-snippet:-1, max-image-preview:large, max-video-preview:-1\" \/>\n<link rel=\"canonical\" href=\"https:\/\/www.colossalstore.es\/en\/tienda\/tcg\/yu-gi-oh\/yugioh-invasion-of-chaos-display-24-packs-25th-anniversary-edition-en\/\" \/>\n<meta property=\"og:locale\" content=\"en_US\" \/>\n<meta property=\"og:type\" content=\"article\" \/>\n<meta property=\"og:title\" content=\"YuGiOh! - Invasion of Chaos Display (24 Packs) - 25th Anniversary Edition - ENYuGiOh! - Invasion of Chaos Display (24 Packs) - 25th Anniversary Edition - EN | Colossal Store\" \/>\n<meta property=\"og:description\" content=\"YuGiOh! - Invasion of Chaos Display (24 Packs) - 25th Anniversary Edition - EN: Invasion of Chaos es uno de las expansiones m\u00e1s emblem\u00e1ticas de Yu-Gi-Oh!\" \/>\n<meta property=\"og:url\" content=\"https:\/\/www.colossalstore.es\/en\/tienda\/tcg\/yu-gi-oh\/yugioh-invasion-of-chaos-display-24-packs-25th-anniversary-edition-en\/\" \/>\n<meta property=\"og:site_name\" content=\"Colossal Store\" \/>\n<meta property=\"article:modified_time\" content=\"2025-06-20T09:15:44+00:00\" \/>\n<meta property=\"og:image\" content=\"https:\/\/www.colossalstore.es\/wp-content\/uploads\/2023\/07\/YGO-Invasion-of-Chaos-Display.png\" \/>\n\t<meta property=\"og:image:width\" content=\"978\" \/>\n\t<meta property=\"og:image:height\" content=\"1024\" \/>\n\t<meta property=\"og:image:type\" content=\"image\/png\" \/>\n<meta name=\"twitter:card\" content=\"summary_large_image\" \/>\n<meta name=\"twitter:site\" content=\"@Colossal_Store\" \/>\n<meta name=\"twitter:label1\" content=\"Est. reading time\" \/>\n\t<meta name=\"twitter:data1\" content=\"1 minute\" \/>\n<script type=\"application\/ld+json\" class=\"yoast-schema-graph\">{\"@context\":\"https:\/\/schema.org\",\"@graph\":[{\"@type\":\"WebPage\",\"@id\":\"https:\/\/www.colossalstore.es\/tienda\/tcg\/yu-gi-oh\/yugioh-invasion-of-chaos-display-24-packs-25th-anniversary-edition-en\/\",\"url\":\"https:\/\/www.colossalstore.es\/tienda\/tcg\/yu-gi-oh\/yugioh-invasion-of-chaos-display-24-packs-25th-anniversary-edition-en\/\",\"name\":\"YuGiOh! - Invasion of Chaos Display (24 Packs) - 25th Anniversary Edition - ENYuGiOh! - Invasion of Chaos Display (24 Packs) - 25th Anniversary Edition - EN | Colossal Store\",\"isPartOf\":{\"@id\":\"https:\/\/www.colossalstore.es\/#website\"},\"primaryImageOfPage\":{\"@id\":\"https:\/\/www.colossalstore.es\/tienda\/tcg\/yu-gi-oh\/yugioh-invasion-of-chaos-display-24-packs-25th-anniversary-edition-en\/#primaryimage\"},\"image\":{\"@id\":\"https:\/\/www.colossalstore.es\/tienda\/tcg\/yu-gi-oh\/yugioh-invasion-of-chaos-display-24-packs-25th-anniversary-edition-en\/#primaryimage\"},\"thumbnailUrl\":\"https:\/\/www.colossalstore.es\/wp-content\/uploads\/2023\/07\/YGO-Invasion-of-Chaos-Display.png\",\"datePublished\":\"2023-07-15T12:42:58+00:00\",\"dateModified\":\"2025-06-20T09:15:44+00:00\",\"description\":\"YuGiOh! - Invasion of Chaos Display (24 Packs) - 25th Anniversary Edition - EN: Invasion of Chaos es uno de las expansiones m\u00e1s emblem\u00e1ticas de Yu-Gi-Oh!\",\"breadcrumb\":{\"@id\":\"https:\/\/www.colossalstore.es\/tienda\/tcg\/yu-gi-oh\/yugioh-invasion-of-chaos-display-24-packs-25th-anniversary-edition-en\/#breadcrumb\"},\"inLanguage\":\"en-US\",\"potentialAction\":[{\"@type\":\"ReadAction\",\"target\":[\"https:\/\/www.colossalstore.es\/tienda\/tcg\/yu-gi-oh\/yugioh-invasion-of-chaos-display-24-packs-25th-anniversary-edition-en\/\"]}]},{\"@type\":\"ImageObject\",\"inLanguage\":\"en-US\",\"@id\":\"https:\/\/www.colossalstore.es\/tienda\/tcg\/yu-gi-oh\/yugioh-invasion-of-chaos-display-24-packs-25th-anniversary-edition-en\/#primaryimage\",\"url\":\"https:\/\/www.colossalstore.es\/wp-content\/uploads\/2023\/07\/YGO-Invasion-of-Chaos-Display.png\",\"contentUrl\":\"https:\/\/www.colossalstore.es\/wp-content\/uploads\/2023\/07\/YGO-Invasion-of-Chaos-Display.png\",\"width\":978,\"height\":1024},{\"@type\":\"BreadcrumbList\",\"@id\":\"https:\/\/www.colossalstore.es\/tienda\/tcg\/yu-gi-oh\/yugioh-invasion-of-chaos-display-24-packs-25th-anniversary-edition-en\/#breadcrumb\",\"itemListElement\":[{\"@type\":\"ListItem\",\"position\":1,\"name\":\"Home\",\"item\":\"https:\/\/www.colossalstore.es\/\"},{\"@type\":\"ListItem\",\"position\":2,\"name\":\"Tienda\",\"item\":\"https:\/\/www.colossalstore.es\/tienda\/\"},{\"@type\":\"ListItem\",\"position\":3,\"name\":\"YuGiOh! &#8211; Invasion of Chaos Display (24 Packs) &#8211; 25th Anniversary Edition &#8211; EN\"}]},{\"@type\":\"WebSite\",\"@id\":\"https:\/\/www.colossalstore.es\/#website\",\"url\":\"https:\/\/www.colossalstore.es\/\",\"name\":\"Colossal Store\",\"description\":\"Colossal Store, tienda especializada en TCGs.\",\"publisher\":{\"@id\":\"https:\/\/www.colossalstore.es\/#organization\"},\"alternateName\":\"Colossal Store\",\"potentialAction\":[{\"@type\":\"SearchAction\",\"target\":{\"@type\":\"EntryPoint\",\"urlTemplate\":\"https:\/\/www.colossalstore.es\/?s={search_term_string}\"},\"query-input\":{\"@type\":\"PropertyValueSpecification\",\"valueRequired\":true,\"valueName\":\"search_term_string\"}}],\"inLanguage\":\"en-US\"},{\"@type\":\"Organization\",\"@id\":\"https:\/\/www.colossalstore.es\/#organization\",\"name\":\"Colossal Store\",\"url\":\"https:\/\/www.colossalstore.es\/\",\"logo\":{\"@type\":\"ImageObject\",\"inLanguage\":\"en-US\",\"@id\":\"https:\/\/www.colossalstore.es\/#\/schema\/logo\/image\/\",\"url\":\"https:\/\/www.colossalstore.es\/wp-content\/uploads\/2023\/05\/Colossal_Logo-02.png\",\"contentUrl\":\"https:\/\/www.colossalstore.es\/wp-content\/uploads\/2023\/05\/Colossal_Logo-02.png\",\"width\":1181,\"height\":1181,\"caption\":\"Colossal Store\"},\"image\":{\"@id\":\"https:\/\/www.colossalstore.es\/#\/schema\/logo\/image\/\"},\"sameAs\":[\"https:\/\/x.com\/Colossal_Store\",\"https:\/\/www.instagram.com\/colossal_store_tcg\/\",\"https:\/\/www.tiktok.com\/@colossalstore\"]}]}<\/script>\n<!-- \/ Yoast SEO plugin. -->","yoast_head_json":{"title":"YuGiOh! - Invasion of Chaos Display (24 Packs) - 25th Anniversary Edition - ENYuGiOh! - Invasion of Chaos Display (24 Packs) - 25th Anniversary Edition - EN | Colossal Store","description":"YuGiOh! - Invasion of Chaos Display (24 Packs) - 25th Anniversary Edition - EN: Invasion of Chaos es uno de las expansiones m\u00e1s emblem\u00e1ticas de Yu-Gi-Oh!","robots":{"index":"index","follow":"follow","max-snippet":"max-snippet:-1","max-image-preview":"max-image-preview:large","max-video-preview":"max-video-preview:-1"},"canonical":"https:\/\/www.colossalstore.es\/en\/tienda\/tcg\/yu-gi-oh\/yugioh-invasion-of-chaos-display-24-packs-25th-anniversary-edition-en\/","og_locale":"en_US","og_type":"article","og_title":"YuGiOh! - Invasion of Chaos Display (24 Packs) - 25th Anniversary Edition - ENYuGiOh! - Invasion of Chaos Display (24 Packs) - 25th Anniversary Edition - EN | Colossal Store","og_description":"YuGiOh! - Invasion of Chaos Display (24 Packs) - 25th Anniversary Edition - EN: Invasion of Chaos es uno de las expansiones m\u00e1s emblem\u00e1ticas de Yu-Gi-Oh!","og_url":"https:\/\/www.colossalstore.es\/en\/tienda\/tcg\/yu-gi-oh\/yugioh-invasion-of-chaos-display-24-packs-25th-anniversary-edition-en\/","og_site_name":"Colossal Store","article_modified_time":"2025-06-20T09:15:44+00:00","og_image":[{"width":978,"height":1024,"url":"https:\/\/www.colossalstore.es\/wp-content\/uploads\/2023\/07\/YGO-Invasion-of-Chaos-Display.png","type":"image\/png"}],"twitter_card":"summary_large_image","twitter_site":"@Colossal_Store","twitter_misc":{"Est. reading time":"1 minute"},"schema":{"@context":"https:\/\/schema.org","@graph":[{"@type":"WebPage","@id":"https:\/\/www.colossalstore.es\/tienda\/tcg\/yu-gi-oh\/yugioh-invasion-of-chaos-display-24-packs-25th-anniversary-edition-en\/","url":"https:\/\/www.colossalstore.es\/tienda\/tcg\/yu-gi-oh\/yugioh-invasion-of-chaos-display-24-packs-25th-anniversary-edition-en\/","name":"YuGiOh! - Invasion of Chaos Display (24 Packs) - 25th Anniversary Edition - ENYuGiOh! - Invasion of Chaos Display (24 Packs) - 25th Anniversary Edition - EN | Colossal Store","isPartOf":{"@id":"https:\/\/www.colossalstore.es\/#website"},"primaryImageOfPage":{"@id":"https:\/\/www.colossalstore.es\/tienda\/tcg\/yu-gi-oh\/yugioh-invasion-of-chaos-display-24-packs-25th-anniversary-edition-en\/#primaryimage"},"image":{"@id":"https:\/\/www.colossalstore.es\/tienda\/tcg\/yu-gi-oh\/yugioh-invasion-of-chaos-display-24-packs-25th-anniversary-edition-en\/#primaryimage"},"thumbnailUrl":"https:\/\/www.colossalstore.es\/wp-content\/uploads\/2023\/07\/YGO-Invasion-of-Chaos-Display.png","datePublished":"2023-07-15T12:42:58+00:00","dateModified":"2025-06-20T09:15:44+00:00","description":"YuGiOh! - Invasion of Chaos Display (24 Packs) - 25th Anniversary Edition - EN: Invasion of Chaos es uno de las expansiones m\u00e1s emblem\u00e1ticas de Yu-Gi-Oh!","breadcrumb":{"@id":"https:\/\/www.colossalstore.es\/tienda\/tcg\/yu-gi-oh\/yugioh-invasion-of-chaos-display-24-packs-25th-anniversary-edition-en\/#breadcrumb"},"inLanguage":"en-US","potentialAction":[{"@type":"ReadAction","target":["https:\/\/www.colossalstore.es\/tienda\/tcg\/yu-gi-oh\/yugioh-invasion-of-chaos-display-24-packs-25th-anniversary-edition-en\/"]}]},{"@type":"ImageObject","inLanguage":"en-US","@id":"https:\/\/www.colossalstore.es\/tienda\/tcg\/yu-gi-oh\/yugioh-invasion-of-chaos-display-24-packs-25th-anniversary-edition-en\/#primaryimage","url":"https:\/\/www.colossalstore.es\/wp-content\/uploads\/2023\/07\/YGO-Invasion-of-Chaos-Display.png","contentUrl":"https:\/\/www.colossalstore.es\/wp-content\/uploads\/2023\/07\/YGO-Invasion-of-Chaos-Display.png","width":978,"height":1024},{"@type":"BreadcrumbList","@id":"https:\/\/www.colossalstore.es\/tienda\/tcg\/yu-gi-oh\/yugioh-invasion-of-chaos-display-24-packs-25th-anniversary-edition-en\/#breadcrumb","itemListElement":[{"@type":"ListItem","position":1,"name":"Home","item":"https:\/\/www.colossalstore.es\/"},{"@type":"ListItem","position":2,"name":"Tienda","item":"https:\/\/www.colossalstore.es\/tienda\/"},{"@type":"ListItem","position":3,"name":"YuGiOh! &#8211; Invasion of Chaos Display (24 Packs) &#8211; 25th Anniversary Edition &#8211; EN"}]},{"@type":"WebSite","@id":"https:\/\/www.colossalstore.es\/#website","url":"https:\/\/www.colossalstore.es\/","name":"Colossal Store","description":"Colossal Store, store specialized in TCGs.","publisher":{"@id":"https:\/\/www.colossalstore.es\/#organization"},"alternateName":"Colossal Store","potentialAction":[{"@type":"SearchAction","target":{"@type":"EntryPoint","urlTemplate":"https:\/\/www.colossalstore.es\/?s={search_term_string}"},"query-input":{"@type":"PropertyValueSpecification","valueRequired":true,"valueName":"search_term_string"}}],"inLanguage":"en-US"},{"@type":"Organization","@id":"https:\/\/www.colossalstore.es\/#organization","name":"Colossal Store","url":"https:\/\/www.colossalstore.es\/","logo":{"@type":"ImageObject","inLanguage":"en-US","@id":"https:\/\/www.colossalstore.es\/#\/schema\/logo\/image\/","url":"https:\/\/www.colossalstore.es\/wp-content\/uploads\/2023\/05\/Colossal_Logo-02.png","contentUrl":"https:\/\/www.colossalstore.es\/wp-content\/uploads\/2023\/05\/Colossal_Logo-02.png","width":1181,"height":1181,"caption":"Colossal Store"},"image":{"@id":"https:\/\/www.colossalstore.es\/#\/schema\/logo\/image\/"},"sameAs":["https:\/\/x.com\/Colossal_Store","https:\/\/www.instagram.com\/colossal_store_tcg\/","https:\/\/www.tiktok.com\/@colossalstore"]}]}},"_links":{"self":[{"href":"https:\/\/www.colossalstore.es\/en\/wp-json\/wp\/v2\/product\/5538","targetHints":{"allow":["GET"]}}],"collection":[{"href":"https:\/\/www.colossalstore.es\/en\/wp-json\/wp\/v2\/product"}],"about":[{"href":"https:\/\/www.colossalstore.es\/en\/wp-json\/wp\/v2\/types\/product"}],"replies":[{"embeddable":true,"href":"https:\/\/www.colossalstore.es\/en\/wp-json\/wp\/v2\/comments?post=5538"}],"wp:featuredmedia":[{"embeddable":true,"href":"https:\/\/www.colossalstore.es\/en\/wp-json\/wp\/v2\/media\/5539"}],"wp:attachment":[{"href":"https:\/\/www.colossalstore.es\/en\/wp-json\/wp\/v2\/media?parent=5538"}],"wp:term":[{"taxonomy":"product_brand","embeddable":true,"href":"https:\/\/www.colossalstore.es\/en\/wp-json\/wp\/v2\/product_brand?post=5538"},{"taxonomy":"product_cat","embeddable":true,"href":"https:\/\/www.colossalstore.es\/en\/wp-json\/wp\/v2\/product_cat?post=5538"},{"taxonomy":"product_tag","embeddable":true,"href":"https:\/\/www.colossalstore.es\/en\/wp-json\/wp\/v2\/product_tag?post=5538"}],"curies":[{"name":"wp","href":"https:\/\/api.w.org\/{rel}","templated":true}]}}