{"id":5521,"date":"2023-07-15T13:58:01","date_gmt":"2023-07-15T11:58:01","guid":{"rendered":"https:\/\/www.colossalstore.es\/?post_type=product&#038;p=5521"},"modified":"2025-06-20T11:15:44","modified_gmt":"2025-06-20T09:15:44","slug":"elemental-hero-deckbox-yugioh","status":"publish","type":"product","link":"https:\/\/www.colossalstore.es\/en\/tienda\/tcg\/accesorios\/elemental-hero-deckbox-yugioh\/","title":{"rendered":"Elemental Hero Deckbox (YuGiOh!)"},"content":{"rendered":"<p>Elemental Hero Deckbox (YuGiOh!)<\/p>\n<p>Officially licensed box from the YuGiOh! trading card game, with themed illustration of the mythical Elemental Hero archetype. Holds up to 70 double sleeved standard size cards.<\/p>","protected":false},"excerpt":{"rendered":"<p>Elemental Hero Deckbox (YuGiOh!) Officially licensed box from the YuGiOh! trading card game, with themed illustration of the mythical Elemental Hero archetype. Holds up to 70 double sleeved standard size cards.<\/p>","protected":false},"featured_media":5522,"comment_status":"open","ping_status":"closed","template":"","meta":{"_joinchat":[]},"product_brand":[],"product_cat":[35,34,47],"product_tag":[],"class_list":{"0":"post-5521","1":"product","2":"type-product","3":"status-publish","4":"has-post-thumbnail","6":"product_cat-accesorios","7":"product_cat-tcg","8":"product_cat-yu-gi-oh","10":"first","11":"outofstock","12":"taxable","13":"shipping-taxable","14":"purchasable","15":"product-type-simple"},"yoast_head":"<!-- This site is optimized with the Yoast SEO plugin v25.7 - https:\/\/yoast.com\/wordpress\/plugins\/seo\/ -->\n<title>Elemental Hero Deckbox (YuGiOh!) | Colossal Store<\/title>\n<meta name=\"description\" content=\"Elemental Hero Deckbox (YuGiOh!): Caja con licencia oficial del juego de cartas coleccionables YuGiOh!, con ilustraci\u00f3n tem\u00e1tica del m\u00edtico arquetipo Elemental Hero. Capacidad para hasta 70 cartas de tama\u00f1o est\u00e1ndar de doble funda.\" \/>\n<meta name=\"robots\" content=\"index, follow, max-snippet:-1, max-image-preview:large, max-video-preview:-1\" \/>\n<link rel=\"canonical\" href=\"https:\/\/www.colossalstore.es\/en\/tienda\/tcg\/accesorios\/elemental-hero-deckbox-yugioh\/\" \/>\n<meta property=\"og:locale\" content=\"en_US\" \/>\n<meta property=\"og:type\" content=\"article\" \/>\n<meta property=\"og:title\" content=\"Elemental Hero Deckbox (YuGiOh!) | Colossal Store\" \/>\n<meta property=\"og:description\" content=\"Elemental Hero Deckbox (YuGiOh!): Caja con licencia oficial del juego de cartas coleccionables YuGiOh!, con ilustraci\u00f3n tem\u00e1tica del m\u00edtico arquetipo Elemental Hero. Capacidad para hasta 70 cartas de tama\u00f1o est\u00e1ndar de doble funda.\" \/>\n<meta property=\"og:url\" content=\"https:\/\/www.colossalstore.es\/en\/tienda\/tcg\/accesorios\/elemental-hero-deckbox-yugioh\/\" \/>\n<meta property=\"og:site_name\" content=\"Colossal Store\" \/>\n<meta property=\"article:modified_time\" content=\"2025-06-20T09:15:44+00:00\" \/>\n<meta property=\"og:image\" content=\"https:\/\/www.colossalstore.es\/wp-content\/uploads\/2023\/07\/2_191512_e.png\" \/>\n\t<meta property=\"og:image:width\" content=\"500\" \/>\n\t<meta property=\"og:image:height\" content=\"366\" \/>\n\t<meta property=\"og:image:type\" content=\"image\/png\" \/>\n<meta name=\"twitter:card\" content=\"summary_large_image\" \/>\n<meta name=\"twitter:site\" content=\"@Colossal_Store\" \/>\n<meta name=\"twitter:label1\" content=\"Est. reading time\" \/>\n\t<meta name=\"twitter:data1\" content=\"1 minute\" \/>\n<script type=\"application\/ld+json\" class=\"yoast-schema-graph\">{\"@context\":\"https:\/\/schema.org\",\"@graph\":[{\"@type\":\"WebPage\",\"@id\":\"https:\/\/www.colossalstore.es\/tienda\/tcg\/accesorios\/elemental-hero-deckbox-yugioh\/\",\"url\":\"https:\/\/www.colossalstore.es\/tienda\/tcg\/accesorios\/elemental-hero-deckbox-yugioh\/\",\"name\":\"Elemental Hero Deckbox (YuGiOh!) | Colossal Store\",\"isPartOf\":{\"@id\":\"https:\/\/www.colossalstore.es\/#website\"},\"primaryImageOfPage\":{\"@id\":\"https:\/\/www.colossalstore.es\/tienda\/tcg\/accesorios\/elemental-hero-deckbox-yugioh\/#primaryimage\"},\"image\":{\"@id\":\"https:\/\/www.colossalstore.es\/tienda\/tcg\/accesorios\/elemental-hero-deckbox-yugioh\/#primaryimage\"},\"thumbnailUrl\":\"https:\/\/www.colossalstore.es\/wp-content\/uploads\/2023\/07\/2_191512_e.png\",\"datePublished\":\"2023-07-15T11:58:01+00:00\",\"dateModified\":\"2025-06-20T09:15:44+00:00\",\"description\":\"Elemental Hero Deckbox (YuGiOh!): Caja con licencia oficial del juego de cartas coleccionables YuGiOh!, con ilustraci\u00f3n tem\u00e1tica del m\u00edtico arquetipo Elemental Hero. Capacidad para hasta 70 cartas de tama\u00f1o est\u00e1ndar de doble funda.\",\"breadcrumb\":{\"@id\":\"https:\/\/www.colossalstore.es\/tienda\/tcg\/accesorios\/elemental-hero-deckbox-yugioh\/#breadcrumb\"},\"inLanguage\":\"en-US\",\"potentialAction\":[{\"@type\":\"ReadAction\",\"target\":[\"https:\/\/www.colossalstore.es\/tienda\/tcg\/accesorios\/elemental-hero-deckbox-yugioh\/\"]}]},{\"@type\":\"ImageObject\",\"inLanguage\":\"en-US\",\"@id\":\"https:\/\/www.colossalstore.es\/tienda\/tcg\/accesorios\/elemental-hero-deckbox-yugioh\/#primaryimage\",\"url\":\"https:\/\/www.colossalstore.es\/wp-content\/uploads\/2023\/07\/2_191512_e.png\",\"contentUrl\":\"https:\/\/www.colossalstore.es\/wp-content\/uploads\/2023\/07\/2_191512_e.png\",\"width\":500,\"height\":366},{\"@type\":\"BreadcrumbList\",\"@id\":\"https:\/\/www.colossalstore.es\/tienda\/tcg\/accesorios\/elemental-hero-deckbox-yugioh\/#breadcrumb\",\"itemListElement\":[{\"@type\":\"ListItem\",\"position\":1,\"name\":\"Home\",\"item\":\"https:\/\/www.colossalstore.es\/\"},{\"@type\":\"ListItem\",\"position\":2,\"name\":\"Tienda\",\"item\":\"https:\/\/www.colossalstore.es\/tienda\/\"},{\"@type\":\"ListItem\",\"position\":3,\"name\":\"Elemental Hero Deckbox (YuGiOh!)\"}]},{\"@type\":\"WebSite\",\"@id\":\"https:\/\/www.colossalstore.es\/#website\",\"url\":\"https:\/\/www.colossalstore.es\/\",\"name\":\"Colossal Store\",\"description\":\"Colossal Store, tienda especializada en TCGs.\",\"publisher\":{\"@id\":\"https:\/\/www.colossalstore.es\/#organization\"},\"alternateName\":\"Colossal Store\",\"potentialAction\":[{\"@type\":\"SearchAction\",\"target\":{\"@type\":\"EntryPoint\",\"urlTemplate\":\"https:\/\/www.colossalstore.es\/?s={search_term_string}\"},\"query-input\":{\"@type\":\"PropertyValueSpecification\",\"valueRequired\":true,\"valueName\":\"search_term_string\"}}],\"inLanguage\":\"en-US\"},{\"@type\":\"Organization\",\"@id\":\"https:\/\/www.colossalstore.es\/#organization\",\"name\":\"Colossal Store\",\"url\":\"https:\/\/www.colossalstore.es\/\",\"logo\":{\"@type\":\"ImageObject\",\"inLanguage\":\"en-US\",\"@id\":\"https:\/\/www.colossalstore.es\/#\/schema\/logo\/image\/\",\"url\":\"https:\/\/www.colossalstore.es\/wp-content\/uploads\/2023\/05\/Colossal_Logo-02.png\",\"contentUrl\":\"https:\/\/www.colossalstore.es\/wp-content\/uploads\/2023\/05\/Colossal_Logo-02.png\",\"width\":1181,\"height\":1181,\"caption\":\"Colossal Store\"},\"image\":{\"@id\":\"https:\/\/www.colossalstore.es\/#\/schema\/logo\/image\/\"},\"sameAs\":[\"https:\/\/x.com\/Colossal_Store\",\"https:\/\/www.instagram.com\/colossal_store_tcg\/\",\"https:\/\/www.tiktok.com\/@colossalstore\"]}]}<\/script>\n<!-- \/ Yoast SEO plugin. -->","yoast_head_json":{"title":"Elemental Hero Deckbox (YuGiOh!) | Colossal Store","description":"Elemental Hero Deckbox (YuGiOh!): Caja con licencia oficial del juego de cartas coleccionables YuGiOh!, con ilustraci\u00f3n tem\u00e1tica del m\u00edtico arquetipo Elemental Hero. Capacidad para hasta 70 cartas de tama\u00f1o est\u00e1ndar de doble funda.","robots":{"index":"index","follow":"follow","max-snippet":"max-snippet:-1","max-image-preview":"max-image-preview:large","max-video-preview":"max-video-preview:-1"},"canonical":"https:\/\/www.colossalstore.es\/en\/tienda\/tcg\/accesorios\/elemental-hero-deckbox-yugioh\/","og_locale":"en_US","og_type":"article","og_title":"Elemental Hero Deckbox (YuGiOh!) | Colossal Store","og_description":"Elemental Hero Deckbox (YuGiOh!): Caja con licencia oficial del juego de cartas coleccionables YuGiOh!, con ilustraci\u00f3n tem\u00e1tica del m\u00edtico arquetipo Elemental Hero. Capacidad para hasta 70 cartas de tama\u00f1o est\u00e1ndar de doble funda.","og_url":"https:\/\/www.colossalstore.es\/en\/tienda\/tcg\/accesorios\/elemental-hero-deckbox-yugioh\/","og_site_name":"Colossal Store","article_modified_time":"2025-06-20T09:15:44+00:00","og_image":[{"width":500,"height":366,"url":"https:\/\/www.colossalstore.es\/wp-content\/uploads\/2023\/07\/2_191512_e.png","type":"image\/png"}],"twitter_card":"summary_large_image","twitter_site":"@Colossal_Store","twitter_misc":{"Est. reading time":"1 minute"},"schema":{"@context":"https:\/\/schema.org","@graph":[{"@type":"WebPage","@id":"https:\/\/www.colossalstore.es\/tienda\/tcg\/accesorios\/elemental-hero-deckbox-yugioh\/","url":"https:\/\/www.colossalstore.es\/tienda\/tcg\/accesorios\/elemental-hero-deckbox-yugioh\/","name":"Elemental Hero Deckbox (YuGiOh!) | Colossal Store","isPartOf":{"@id":"https:\/\/www.colossalstore.es\/#website"},"primaryImageOfPage":{"@id":"https:\/\/www.colossalstore.es\/tienda\/tcg\/accesorios\/elemental-hero-deckbox-yugioh\/#primaryimage"},"image":{"@id":"https:\/\/www.colossalstore.es\/tienda\/tcg\/accesorios\/elemental-hero-deckbox-yugioh\/#primaryimage"},"thumbnailUrl":"https:\/\/www.colossalstore.es\/wp-content\/uploads\/2023\/07\/2_191512_e.png","datePublished":"2023-07-15T11:58:01+00:00","dateModified":"2025-06-20T09:15:44+00:00","description":"Elemental Hero Deckbox (YuGiOh!): Caja con licencia oficial del juego de cartas coleccionables YuGiOh!, con ilustraci\u00f3n tem\u00e1tica del m\u00edtico arquetipo Elemental Hero. Capacidad para hasta 70 cartas de tama\u00f1o est\u00e1ndar de doble funda.","breadcrumb":{"@id":"https:\/\/www.colossalstore.es\/tienda\/tcg\/accesorios\/elemental-hero-deckbox-yugioh\/#breadcrumb"},"inLanguage":"en-US","potentialAction":[{"@type":"ReadAction","target":["https:\/\/www.colossalstore.es\/tienda\/tcg\/accesorios\/elemental-hero-deckbox-yugioh\/"]}]},{"@type":"ImageObject","inLanguage":"en-US","@id":"https:\/\/www.colossalstore.es\/tienda\/tcg\/accesorios\/elemental-hero-deckbox-yugioh\/#primaryimage","url":"https:\/\/www.colossalstore.es\/wp-content\/uploads\/2023\/07\/2_191512_e.png","contentUrl":"https:\/\/www.colossalstore.es\/wp-content\/uploads\/2023\/07\/2_191512_e.png","width":500,"height":366},{"@type":"BreadcrumbList","@id":"https:\/\/www.colossalstore.es\/tienda\/tcg\/accesorios\/elemental-hero-deckbox-yugioh\/#breadcrumb","itemListElement":[{"@type":"ListItem","position":1,"name":"Home","item":"https:\/\/www.colossalstore.es\/"},{"@type":"ListItem","position":2,"name":"Tienda","item":"https:\/\/www.colossalstore.es\/tienda\/"},{"@type":"ListItem","position":3,"name":"Elemental Hero Deckbox (YuGiOh!)"}]},{"@type":"WebSite","@id":"https:\/\/www.colossalstore.es\/#website","url":"https:\/\/www.colossalstore.es\/","name":"Colossal Store","description":"Colossal Store, store specialized in TCGs.","publisher":{"@id":"https:\/\/www.colossalstore.es\/#organization"},"alternateName":"Colossal Store","potentialAction":[{"@type":"SearchAction","target":{"@type":"EntryPoint","urlTemplate":"https:\/\/www.colossalstore.es\/?s={search_term_string}"},"query-input":{"@type":"PropertyValueSpecification","valueRequired":true,"valueName":"search_term_string"}}],"inLanguage":"en-US"},{"@type":"Organization","@id":"https:\/\/www.colossalstore.es\/#organization","name":"Colossal Store","url":"https:\/\/www.colossalstore.es\/","logo":{"@type":"ImageObject","inLanguage":"en-US","@id":"https:\/\/www.colossalstore.es\/#\/schema\/logo\/image\/","url":"https:\/\/www.colossalstore.es\/wp-content\/uploads\/2023\/05\/Colossal_Logo-02.png","contentUrl":"https:\/\/www.colossalstore.es\/wp-content\/uploads\/2023\/05\/Colossal_Logo-02.png","width":1181,"height":1181,"caption":"Colossal Store"},"image":{"@id":"https:\/\/www.colossalstore.es\/#\/schema\/logo\/image\/"},"sameAs":["https:\/\/x.com\/Colossal_Store","https:\/\/www.instagram.com\/colossal_store_tcg\/","https:\/\/www.tiktok.com\/@colossalstore"]}]}},"_links":{"self":[{"href":"https:\/\/www.colossalstore.es\/en\/wp-json\/wp\/v2\/product\/5521","targetHints":{"allow":["GET"]}}],"collection":[{"href":"https:\/\/www.colossalstore.es\/en\/wp-json\/wp\/v2\/product"}],"about":[{"href":"https:\/\/www.colossalstore.es\/en\/wp-json\/wp\/v2\/types\/product"}],"replies":[{"embeddable":true,"href":"https:\/\/www.colossalstore.es\/en\/wp-json\/wp\/v2\/comments?post=5521"}],"wp:featuredmedia":[{"embeddable":true,"href":"https:\/\/www.colossalstore.es\/en\/wp-json\/wp\/v2\/media\/5522"}],"wp:attachment":[{"href":"https:\/\/www.colossalstore.es\/en\/wp-json\/wp\/v2\/media?parent=5521"}],"wp:term":[{"taxonomy":"product_brand","embeddable":true,"href":"https:\/\/www.colossalstore.es\/en\/wp-json\/wp\/v2\/product_brand?post=5521"},{"taxonomy":"product_cat","embeddable":true,"href":"https:\/\/www.colossalstore.es\/en\/wp-json\/wp\/v2\/product_cat?post=5521"},{"taxonomy":"product_tag","embeddable":true,"href":"https:\/\/www.colossalstore.es\/en\/wp-json\/wp\/v2\/product_tag?post=5521"}],"curies":[{"name":"wp","href":"https:\/\/api.w.org\/{rel}","templated":true}]}}