{"id":5461,"date":"2023-07-14T13:14:01","date_gmt":"2023-07-14T11:14:01","guid":{"rendered":"https:\/\/www.colossalstore.es\/?post_type=product&#038;p=5461"},"modified":"2025-06-20T11:15:45","modified_gmt":"2025-06-20T09:15:45","slug":"going-merry-model-kit-one-piece","status":"publish","type":"product","link":"https:\/\/www.colossalstore.es\/en\/tienda\/figuras\/going-merry-model-kit-one-piece\/","title":{"rendered":"Going Merry Model Kit \u2013 One Piece"},"content":{"rendered":"<p>Going Merry Model Kit \u2013 One Piece<\/p>\n<p>Multicolored plastic model that requires assembly without glue. The instructions will be in Japanese and occasionally in English, but the assembly guides are diagrams with drawings and numbers that are easy to interpret. It may include stickers or decals or require painting of certain areas to have a finish as in the catalog photos.<\/p>","protected":false},"excerpt":{"rendered":"<p>Going Merry Model Kit &#8211; One Piece Maqueta de pl\u00e1stico multicolor que requiere montaje sin pegamento. La instrucciones estar\u00e1n en japon\u00e9s y ocasionalmente en ingl\u00e9s, pero las gu\u00edas de montaje son diagramas de dibujos y n\u00fameros de f\u00e1cil interpretaci\u00f3n. Puede incluir pegatinas o calcoman\u00edas o requerir pintado de ciertas zonas para tener un acabado como [&hellip;]<\/p>","protected":false},"featured_media":5464,"comment_status":"open","ping_status":"closed","template":"","meta":{"_joinchat":[]},"product_brand":[],"product_cat":[25],"product_tag":[],"class_list":{"0":"post-5461","1":"product","2":"type-product","3":"status-publish","4":"has-post-thumbnail","6":"product_cat-figuras","8":"first","9":"outofstock","10":"taxable","11":"shipping-taxable","12":"purchasable","13":"product-type-simple"},"yoast_head":"<!-- This site is optimized with the Yoast SEO plugin v25.7 - https:\/\/yoast.com\/wordpress\/plugins\/seo\/ -->\n<title>Going Merry Model Kit - One Piece | Colossal Store<\/title>\n<meta name=\"description\" content=\"Going Merry Model Kit - One Piece: Maqueta de pl\u00e1stico multicolor que requiere montaje sin pegamento. La instrucciones estar\u00e1n en japon\u00e9s y ocasionalmente en ingl\u00e9s, pero las gu\u00edas de montaje son diagramas de dibujos y n\u00fameros de f\u00e1cil interpretaci\u00f3n. Puede incluir pegatinas o calcoman\u00edas o requerir pintado de ciertas zonas para tener un acabado como en las fotos de cat\u00e1logo\" \/>\n<meta name=\"robots\" content=\"index, follow, max-snippet:-1, max-image-preview:large, max-video-preview:-1\" \/>\n<link rel=\"canonical\" href=\"https:\/\/www.colossalstore.es\/en\/tienda\/figuras\/going-merry-model-kit-one-piece\/\" \/>\n<meta property=\"og:locale\" content=\"en_US\" \/>\n<meta property=\"og:type\" content=\"article\" \/>\n<meta property=\"og:title\" content=\"Going Merry Model Kit - One Piece | Colossal Store\" \/>\n<meta property=\"og:description\" content=\"Going Merry Model Kit - One Piece: Maqueta de pl\u00e1stico multicolor que requiere montaje sin pegamento. La instrucciones estar\u00e1n en japon\u00e9s y ocasionalmente en ingl\u00e9s, pero las gu\u00edas de montaje son diagramas de dibujos y n\u00fameros de f\u00e1cil interpretaci\u00f3n. Puede incluir pegatinas o calcoman\u00edas o requerir pintado de ciertas zonas para tener un acabado como en las fotos de cat\u00e1logo\" \/>\n<meta property=\"og:url\" content=\"https:\/\/www.colossalstore.es\/en\/tienda\/figuras\/going-merry-model-kit-one-piece\/\" \/>\n<meta property=\"og:site_name\" content=\"Colossal Store\" \/>\n<meta property=\"article:modified_time\" content=\"2025-06-20T09:15:45+00:00\" \/>\n<meta property=\"og:image\" content=\"https:\/\/www.colossalstore.es\/wp-content\/uploads\/2023\/07\/61NbMQMMp4L.jpg\" \/>\n\t<meta property=\"og:image:width\" content=\"1500\" \/>\n\t<meta property=\"og:image:height\" content=\"1500\" \/>\n\t<meta property=\"og:image:type\" content=\"image\/jpeg\" \/>\n<meta name=\"twitter:card\" content=\"summary_large_image\" \/>\n<meta name=\"twitter:site\" content=\"@Colossal_Store\" \/>\n<meta name=\"twitter:label1\" content=\"Est. reading time\" \/>\n\t<meta name=\"twitter:data1\" content=\"1 minute\" \/>\n<script type=\"application\/ld+json\" class=\"yoast-schema-graph\">{\"@context\":\"https:\/\/schema.org\",\"@graph\":[{\"@type\":\"WebPage\",\"@id\":\"https:\/\/www.colossalstore.es\/tienda\/figuras\/going-merry-model-kit-one-piece\/\",\"url\":\"https:\/\/www.colossalstore.es\/tienda\/figuras\/going-merry-model-kit-one-piece\/\",\"name\":\"Going Merry Model Kit - One Piece | Colossal Store\",\"isPartOf\":{\"@id\":\"https:\/\/www.colossalstore.es\/#website\"},\"primaryImageOfPage\":{\"@id\":\"https:\/\/www.colossalstore.es\/tienda\/figuras\/going-merry-model-kit-one-piece\/#primaryimage\"},\"image\":{\"@id\":\"https:\/\/www.colossalstore.es\/tienda\/figuras\/going-merry-model-kit-one-piece\/#primaryimage\"},\"thumbnailUrl\":\"https:\/\/www.colossalstore.es\/wp-content\/uploads\/2023\/07\/61NbMQMMp4L.jpg\",\"datePublished\":\"2023-07-14T11:14:01+00:00\",\"dateModified\":\"2025-06-20T09:15:45+00:00\",\"description\":\"Going Merry Model Kit - One Piece: Maqueta de pl\u00e1stico multicolor que requiere montaje sin pegamento. La instrucciones estar\u00e1n en japon\u00e9s y ocasionalmente en ingl\u00e9s, pero las gu\u00edas de montaje son diagramas de dibujos y n\u00fameros de f\u00e1cil interpretaci\u00f3n. Puede incluir pegatinas o calcoman\u00edas o requerir pintado de ciertas zonas para tener un acabado como en las fotos de cat\u00e1logo\",\"breadcrumb\":{\"@id\":\"https:\/\/www.colossalstore.es\/tienda\/figuras\/going-merry-model-kit-one-piece\/#breadcrumb\"},\"inLanguage\":\"en-US\",\"potentialAction\":[{\"@type\":\"ReadAction\",\"target\":[\"https:\/\/www.colossalstore.es\/tienda\/figuras\/going-merry-model-kit-one-piece\/\"]}]},{\"@type\":\"ImageObject\",\"inLanguage\":\"en-US\",\"@id\":\"https:\/\/www.colossalstore.es\/tienda\/figuras\/going-merry-model-kit-one-piece\/#primaryimage\",\"url\":\"https:\/\/www.colossalstore.es\/wp-content\/uploads\/2023\/07\/61NbMQMMp4L.jpg\",\"contentUrl\":\"https:\/\/www.colossalstore.es\/wp-content\/uploads\/2023\/07\/61NbMQMMp4L.jpg\",\"width\":1500,\"height\":1500},{\"@type\":\"BreadcrumbList\",\"@id\":\"https:\/\/www.colossalstore.es\/tienda\/figuras\/going-merry-model-kit-one-piece\/#breadcrumb\",\"itemListElement\":[{\"@type\":\"ListItem\",\"position\":1,\"name\":\"Home\",\"item\":\"https:\/\/www.colossalstore.es\/\"},{\"@type\":\"ListItem\",\"position\":2,\"name\":\"Tienda\",\"item\":\"https:\/\/www.colossalstore.es\/tienda\/\"},{\"@type\":\"ListItem\",\"position\":3,\"name\":\"Going Merry Model Kit &#8211; One Piece\"}]},{\"@type\":\"WebSite\",\"@id\":\"https:\/\/www.colossalstore.es\/#website\",\"url\":\"https:\/\/www.colossalstore.es\/\",\"name\":\"Colossal Store\",\"description\":\"Colossal Store, tienda especializada en TCGs.\",\"publisher\":{\"@id\":\"https:\/\/www.colossalstore.es\/#organization\"},\"alternateName\":\"Colossal Store\",\"potentialAction\":[{\"@type\":\"SearchAction\",\"target\":{\"@type\":\"EntryPoint\",\"urlTemplate\":\"https:\/\/www.colossalstore.es\/?s={search_term_string}\"},\"query-input\":{\"@type\":\"PropertyValueSpecification\",\"valueRequired\":true,\"valueName\":\"search_term_string\"}}],\"inLanguage\":\"en-US\"},{\"@type\":\"Organization\",\"@id\":\"https:\/\/www.colossalstore.es\/#organization\",\"name\":\"Colossal Store\",\"url\":\"https:\/\/www.colossalstore.es\/\",\"logo\":{\"@type\":\"ImageObject\",\"inLanguage\":\"en-US\",\"@id\":\"https:\/\/www.colossalstore.es\/#\/schema\/logo\/image\/\",\"url\":\"https:\/\/www.colossalstore.es\/wp-content\/uploads\/2023\/05\/Colossal_Logo-02.png\",\"contentUrl\":\"https:\/\/www.colossalstore.es\/wp-content\/uploads\/2023\/05\/Colossal_Logo-02.png\",\"width\":1181,\"height\":1181,\"caption\":\"Colossal Store\"},\"image\":{\"@id\":\"https:\/\/www.colossalstore.es\/#\/schema\/logo\/image\/\"},\"sameAs\":[\"https:\/\/x.com\/Colossal_Store\",\"https:\/\/www.instagram.com\/colossal_store_tcg\/\",\"https:\/\/www.tiktok.com\/@colossalstore\"]}]}<\/script>\n<!-- \/ Yoast SEO plugin. -->","yoast_head_json":{"title":"Going Merry Model Kit - One Piece | Colossal Store","description":"Going Merry Model Kit - One Piece: Maqueta de pl\u00e1stico multicolor que requiere montaje sin pegamento. La instrucciones estar\u00e1n en japon\u00e9s y ocasionalmente en ingl\u00e9s, pero las gu\u00edas de montaje son diagramas de dibujos y n\u00fameros de f\u00e1cil interpretaci\u00f3n. Puede incluir pegatinas o calcoman\u00edas o requerir pintado de ciertas zonas para tener un acabado como en las fotos de cat\u00e1logo","robots":{"index":"index","follow":"follow","max-snippet":"max-snippet:-1","max-image-preview":"max-image-preview:large","max-video-preview":"max-video-preview:-1"},"canonical":"https:\/\/www.colossalstore.es\/en\/tienda\/figuras\/going-merry-model-kit-one-piece\/","og_locale":"en_US","og_type":"article","og_title":"Going Merry Model Kit - One Piece | Colossal Store","og_description":"Going Merry Model Kit - One Piece: Maqueta de pl\u00e1stico multicolor que requiere montaje sin pegamento. La instrucciones estar\u00e1n en japon\u00e9s y ocasionalmente en ingl\u00e9s, pero las gu\u00edas de montaje son diagramas de dibujos y n\u00fameros de f\u00e1cil interpretaci\u00f3n. Puede incluir pegatinas o calcoman\u00edas o requerir pintado de ciertas zonas para tener un acabado como en las fotos de cat\u00e1logo","og_url":"https:\/\/www.colossalstore.es\/en\/tienda\/figuras\/going-merry-model-kit-one-piece\/","og_site_name":"Colossal Store","article_modified_time":"2025-06-20T09:15:45+00:00","og_image":[{"width":1500,"height":1500,"url":"https:\/\/www.colossalstore.es\/wp-content\/uploads\/2023\/07\/61NbMQMMp4L.jpg","type":"image\/jpeg"}],"twitter_card":"summary_large_image","twitter_site":"@Colossal_Store","twitter_misc":{"Est. reading time":"1 minute"},"schema":{"@context":"https:\/\/schema.org","@graph":[{"@type":"WebPage","@id":"https:\/\/www.colossalstore.es\/tienda\/figuras\/going-merry-model-kit-one-piece\/","url":"https:\/\/www.colossalstore.es\/tienda\/figuras\/going-merry-model-kit-one-piece\/","name":"Going Merry Model Kit - One Piece | Colossal Store","isPartOf":{"@id":"https:\/\/www.colossalstore.es\/#website"},"primaryImageOfPage":{"@id":"https:\/\/www.colossalstore.es\/tienda\/figuras\/going-merry-model-kit-one-piece\/#primaryimage"},"image":{"@id":"https:\/\/www.colossalstore.es\/tienda\/figuras\/going-merry-model-kit-one-piece\/#primaryimage"},"thumbnailUrl":"https:\/\/www.colossalstore.es\/wp-content\/uploads\/2023\/07\/61NbMQMMp4L.jpg","datePublished":"2023-07-14T11:14:01+00:00","dateModified":"2025-06-20T09:15:45+00:00","description":"Going Merry Model Kit - One Piece: Maqueta de pl\u00e1stico multicolor que requiere montaje sin pegamento. La instrucciones estar\u00e1n en japon\u00e9s y ocasionalmente en ingl\u00e9s, pero las gu\u00edas de montaje son diagramas de dibujos y n\u00fameros de f\u00e1cil interpretaci\u00f3n. Puede incluir pegatinas o calcoman\u00edas o requerir pintado de ciertas zonas para tener un acabado como en las fotos de cat\u00e1logo","breadcrumb":{"@id":"https:\/\/www.colossalstore.es\/tienda\/figuras\/going-merry-model-kit-one-piece\/#breadcrumb"},"inLanguage":"en-US","potentialAction":[{"@type":"ReadAction","target":["https:\/\/www.colossalstore.es\/tienda\/figuras\/going-merry-model-kit-one-piece\/"]}]},{"@type":"ImageObject","inLanguage":"en-US","@id":"https:\/\/www.colossalstore.es\/tienda\/figuras\/going-merry-model-kit-one-piece\/#primaryimage","url":"https:\/\/www.colossalstore.es\/wp-content\/uploads\/2023\/07\/61NbMQMMp4L.jpg","contentUrl":"https:\/\/www.colossalstore.es\/wp-content\/uploads\/2023\/07\/61NbMQMMp4L.jpg","width":1500,"height":1500},{"@type":"BreadcrumbList","@id":"https:\/\/www.colossalstore.es\/tienda\/figuras\/going-merry-model-kit-one-piece\/#breadcrumb","itemListElement":[{"@type":"ListItem","position":1,"name":"Home","item":"https:\/\/www.colossalstore.es\/"},{"@type":"ListItem","position":2,"name":"Tienda","item":"https:\/\/www.colossalstore.es\/tienda\/"},{"@type":"ListItem","position":3,"name":"Going Merry Model Kit &#8211; One Piece"}]},{"@type":"WebSite","@id":"https:\/\/www.colossalstore.es\/#website","url":"https:\/\/www.colossalstore.es\/","name":"Colossal Store","description":"Colossal Store, store specialized in TCGs.","publisher":{"@id":"https:\/\/www.colossalstore.es\/#organization"},"alternateName":"Colossal Store","potentialAction":[{"@type":"SearchAction","target":{"@type":"EntryPoint","urlTemplate":"https:\/\/www.colossalstore.es\/?s={search_term_string}"},"query-input":{"@type":"PropertyValueSpecification","valueRequired":true,"valueName":"search_term_string"}}],"inLanguage":"en-US"},{"@type":"Organization","@id":"https:\/\/www.colossalstore.es\/#organization","name":"Colossal Store","url":"https:\/\/www.colossalstore.es\/","logo":{"@type":"ImageObject","inLanguage":"en-US","@id":"https:\/\/www.colossalstore.es\/#\/schema\/logo\/image\/","url":"https:\/\/www.colossalstore.es\/wp-content\/uploads\/2023\/05\/Colossal_Logo-02.png","contentUrl":"https:\/\/www.colossalstore.es\/wp-content\/uploads\/2023\/05\/Colossal_Logo-02.png","width":1181,"height":1181,"caption":"Colossal Store"},"image":{"@id":"https:\/\/www.colossalstore.es\/#\/schema\/logo\/image\/"},"sameAs":["https:\/\/x.com\/Colossal_Store","https:\/\/www.instagram.com\/colossal_store_tcg\/","https:\/\/www.tiktok.com\/@colossalstore"]}]}},"_links":{"self":[{"href":"https:\/\/www.colossalstore.es\/en\/wp-json\/wp\/v2\/product\/5461","targetHints":{"allow":["GET"]}}],"collection":[{"href":"https:\/\/www.colossalstore.es\/en\/wp-json\/wp\/v2\/product"}],"about":[{"href":"https:\/\/www.colossalstore.es\/en\/wp-json\/wp\/v2\/types\/product"}],"replies":[{"embeddable":true,"href":"https:\/\/www.colossalstore.es\/en\/wp-json\/wp\/v2\/comments?post=5461"}],"wp:featuredmedia":[{"embeddable":true,"href":"https:\/\/www.colossalstore.es\/en\/wp-json\/wp\/v2\/media\/5464"}],"wp:attachment":[{"href":"https:\/\/www.colossalstore.es\/en\/wp-json\/wp\/v2\/media?parent=5461"}],"wp:term":[{"taxonomy":"product_brand","embeddable":true,"href":"https:\/\/www.colossalstore.es\/en\/wp-json\/wp\/v2\/product_brand?post=5461"},{"taxonomy":"product_cat","embeddable":true,"href":"https:\/\/www.colossalstore.es\/en\/wp-json\/wp\/v2\/product_cat?post=5461"},{"taxonomy":"product_tag","embeddable":true,"href":"https:\/\/www.colossalstore.es\/en\/wp-json\/wp\/v2\/product_tag?post=5461"}],"curies":[{"name":"wp","href":"https:\/\/api.w.org\/{rel}","templated":true}]}}