{"id":5385,"date":"2023-06-30T13:35:08","date_gmt":"2023-06-30T11:35:08","guid":{"rendered":"https:\/\/www.colossalstore.es\/?post_type=product&#038;p=5385"},"modified":"2025-06-20T11:15:45","modified_gmt":"2025-06-20T09:15:45","slug":"digimon-tcg-pb13-royal-knights-binder-set-en","status":"publish","type":"product","link":"https:\/\/www.colossalstore.es\/en\/tienda\/tcg\/accesorios\/digimon-tcg-pb13-royal-knights-binder-set-en\/","title":{"rendered":"Digimon TCG PB13 \u2013 Royal Knights Binder Set \u2013 EN"},"content":{"rendered":"<p>Digimon TCG PB13 \u2013 Royal Knights Binder Set \u2013 EN<\/p>\n<section id=\"shopify-section-template--15912906162417__main\" class=\"shopify-section section\">\n<section id=\"MainProduct-template--15912906162417__main\" class=\"page-width section-template--15912906162417__main-padding\" data-section=\"template--15912906162417__main\">\n<div class=\"product product--small product--thumbnail_slider grid grid--1-col grid--2-col-tablet\" data-samitapbl-handle=\"digimon-card-game-royal-knights-binder-set-pb-13\">\n<div class=\"product__info-wrapper grid__item\">\n<div class=\"product-form__input product-form__quantity\">\n<div class=\"product__description rte quick-add-hidden\">\n<p>The first Digimon Card Game card binder.<\/p>\n<p>With a magnificent illustration of the Royal Knights!<br \/>\nNot only that, but the beautiful illustration was further enhanced with gold foil!<br \/>\nThis special set also contains 8 types of cards, each with a new illustration.<\/p>\n<p><strong>Content:<\/strong><\/p>\n<ul>\n<li>1 beautifully illustrated filing cabinet<\/li>\n<li>10 binder sheets with 9 pockets each<\/li>\n<li>8 cards<\/li>\n<\/ul>\n<\/div>\n<\/div>\n<\/div>\n<\/div>\n<\/section>\n<\/section>\n<section id=\"shopify-section-template--15912906162417__product-recommendations\" class=\"shopify-section section\">\n<div class=\"color-background-1 gradient\"><\/div>\n<\/section>","protected":false},"excerpt":{"rendered":"<p>Digimon TCG PB13 &#8211; Royal Knights Binder Set &#8211; EN El primer archivador de cartas de Digimon Card Game. \u00a1Con una magn\u00edfica ilustraci\u00f3n de los Royal Knights! \u00a1No solo eso, sino que la hermosa ilustraci\u00f3n se mejor\u00f3 a\u00fan m\u00e1s con l\u00e1minas doradas! Este conjunto especial tambi\u00e9n contiene 8 tipos de cartas, cada una con una [&hellip;]<\/p>","protected":false},"featured_media":5386,"comment_status":"open","ping_status":"closed","template":"","meta":{"_joinchat":[]},"product_brand":[],"product_cat":[35,45,34],"product_tag":[],"class_list":{"0":"post-5385","1":"product","2":"type-product","3":"status-publish","4":"has-post-thumbnail","6":"product_cat-accesorios","7":"product_cat-digimon","8":"product_cat-tcg","10":"first","11":"outofstock","12":"sale","13":"taxable","14":"shipping-taxable","15":"purchasable","16":"product-type-simple"},"yoast_head":"<!-- This site is optimized with the Yoast SEO plugin v25.7 - https:\/\/yoast.com\/wordpress\/plugins\/seo\/ -->\n<title>Digimon TCG PB13 - Royal Knights Binder Set - EN | Colossal Store<\/title>\n<meta name=\"description\" content=\"Digimon TCG PB13 - Royal Knights Binder Set - EN: Contenido: 1 Archivador bellamente ilustrado, 10 hojas de archivador de 9 bolsillos cada una, 8 cartas.\" \/>\n<meta name=\"robots\" content=\"index, follow, max-snippet:-1, max-image-preview:large, max-video-preview:-1\" \/>\n<link rel=\"canonical\" href=\"https:\/\/www.colossalstore.es\/en\/tienda\/tcg\/accesorios\/digimon-tcg-pb13-royal-knights-binder-set-en\/\" \/>\n<meta property=\"og:locale\" content=\"en_US\" \/>\n<meta property=\"og:type\" content=\"article\" \/>\n<meta property=\"og:title\" content=\"Digimon TCG PB13 - Royal Knights Binder Set - EN | Colossal Store\" \/>\n<meta property=\"og:description\" content=\"Digimon TCG PB13 - Royal Knights Binder Set - EN: Contenido: 1 Archivador bellamente ilustrado, 10 hojas de archivador de 9 bolsillos cada una, 8 cartas.\" \/>\n<meta property=\"og:url\" content=\"https:\/\/www.colossalstore.es\/en\/tienda\/tcg\/accesorios\/digimon-tcg-pb13-royal-knights-binder-set-en\/\" \/>\n<meta property=\"og:site_name\" content=\"Colossal Store\" \/>\n<meta property=\"article:modified_time\" content=\"2025-06-20T09:15:45+00:00\" \/>\n<meta property=\"og:image\" content=\"https:\/\/www.colossalstore.es\/wp-content\/uploads\/2023\/06\/royal-knights-binder-set-pb-13-digimon-tcg.webp\" \/>\n\t<meta property=\"og:image:width\" content=\"800\" \/>\n\t<meta property=\"og:image:height\" content=\"800\" \/>\n\t<meta property=\"og:image:type\" content=\"image\/webp\" \/>\n<meta name=\"twitter:card\" content=\"summary_large_image\" \/>\n<meta name=\"twitter:site\" content=\"@Colossal_Store\" \/>\n<meta name=\"twitter:label1\" content=\"Est. reading time\" \/>\n\t<meta name=\"twitter:data1\" content=\"1 minute\" \/>\n<script type=\"application\/ld+json\" class=\"yoast-schema-graph\">{\"@context\":\"https:\/\/schema.org\",\"@graph\":[{\"@type\":\"WebPage\",\"@id\":\"https:\/\/www.colossalstore.es\/tienda\/tcg\/accesorios\/digimon-tcg-pb13-royal-knights-binder-set-en\/\",\"url\":\"https:\/\/www.colossalstore.es\/tienda\/tcg\/accesorios\/digimon-tcg-pb13-royal-knights-binder-set-en\/\",\"name\":\"Digimon TCG PB13 - Royal Knights Binder Set - EN | Colossal Store\",\"isPartOf\":{\"@id\":\"https:\/\/www.colossalstore.es\/#website\"},\"primaryImageOfPage\":{\"@id\":\"https:\/\/www.colossalstore.es\/tienda\/tcg\/accesorios\/digimon-tcg-pb13-royal-knights-binder-set-en\/#primaryimage\"},\"image\":{\"@id\":\"https:\/\/www.colossalstore.es\/tienda\/tcg\/accesorios\/digimon-tcg-pb13-royal-knights-binder-set-en\/#primaryimage\"},\"thumbnailUrl\":\"https:\/\/www.colossalstore.es\/wp-content\/uploads\/2023\/06\/royal-knights-binder-set-pb-13-digimon-tcg.webp\",\"datePublished\":\"2023-06-30T11:35:08+00:00\",\"dateModified\":\"2025-06-20T09:15:45+00:00\",\"description\":\"Digimon TCG PB13 - Royal Knights Binder Set - EN: Contenido: 1 Archivador bellamente ilustrado, 10 hojas de archivador de 9 bolsillos cada una, 8 cartas.\",\"breadcrumb\":{\"@id\":\"https:\/\/www.colossalstore.es\/tienda\/tcg\/accesorios\/digimon-tcg-pb13-royal-knights-binder-set-en\/#breadcrumb\"},\"inLanguage\":\"en-US\",\"potentialAction\":[{\"@type\":\"ReadAction\",\"target\":[\"https:\/\/www.colossalstore.es\/tienda\/tcg\/accesorios\/digimon-tcg-pb13-royal-knights-binder-set-en\/\"]}]},{\"@type\":\"ImageObject\",\"inLanguage\":\"en-US\",\"@id\":\"https:\/\/www.colossalstore.es\/tienda\/tcg\/accesorios\/digimon-tcg-pb13-royal-knights-binder-set-en\/#primaryimage\",\"url\":\"https:\/\/www.colossalstore.es\/wp-content\/uploads\/2023\/06\/royal-knights-binder-set-pb-13-digimon-tcg.webp\",\"contentUrl\":\"https:\/\/www.colossalstore.es\/wp-content\/uploads\/2023\/06\/royal-knights-binder-set-pb-13-digimon-tcg.webp\",\"width\":800,\"height\":800},{\"@type\":\"BreadcrumbList\",\"@id\":\"https:\/\/www.colossalstore.es\/tienda\/tcg\/accesorios\/digimon-tcg-pb13-royal-knights-binder-set-en\/#breadcrumb\",\"itemListElement\":[{\"@type\":\"ListItem\",\"position\":1,\"name\":\"Home\",\"item\":\"https:\/\/www.colossalstore.es\/\"},{\"@type\":\"ListItem\",\"position\":2,\"name\":\"Tienda\",\"item\":\"https:\/\/www.colossalstore.es\/tienda\/\"},{\"@type\":\"ListItem\",\"position\":3,\"name\":\"Digimon TCG PB13 &#8211; Royal Knights Binder Set &#8211; EN\"}]},{\"@type\":\"WebSite\",\"@id\":\"https:\/\/www.colossalstore.es\/#website\",\"url\":\"https:\/\/www.colossalstore.es\/\",\"name\":\"Colossal Store\",\"description\":\"Colossal Store, tienda especializada en TCGs.\",\"publisher\":{\"@id\":\"https:\/\/www.colossalstore.es\/#organization\"},\"alternateName\":\"Colossal Store\",\"potentialAction\":[{\"@type\":\"SearchAction\",\"target\":{\"@type\":\"EntryPoint\",\"urlTemplate\":\"https:\/\/www.colossalstore.es\/?s={search_term_string}\"},\"query-input\":{\"@type\":\"PropertyValueSpecification\",\"valueRequired\":true,\"valueName\":\"search_term_string\"}}],\"inLanguage\":\"en-US\"},{\"@type\":\"Organization\",\"@id\":\"https:\/\/www.colossalstore.es\/#organization\",\"name\":\"Colossal Store\",\"url\":\"https:\/\/www.colossalstore.es\/\",\"logo\":{\"@type\":\"ImageObject\",\"inLanguage\":\"en-US\",\"@id\":\"https:\/\/www.colossalstore.es\/#\/schema\/logo\/image\/\",\"url\":\"https:\/\/www.colossalstore.es\/wp-content\/uploads\/2023\/05\/Colossal_Logo-02.png\",\"contentUrl\":\"https:\/\/www.colossalstore.es\/wp-content\/uploads\/2023\/05\/Colossal_Logo-02.png\",\"width\":1181,\"height\":1181,\"caption\":\"Colossal Store\"},\"image\":{\"@id\":\"https:\/\/www.colossalstore.es\/#\/schema\/logo\/image\/\"},\"sameAs\":[\"https:\/\/x.com\/Colossal_Store\",\"https:\/\/www.instagram.com\/colossal_store_tcg\/\",\"https:\/\/www.tiktok.com\/@colossalstore\"]}]}<\/script>\n<!-- \/ Yoast SEO plugin. -->","yoast_head_json":{"title":"Digimon TCG PB13 - Royal Knights Binder Set - EN | Colossal Store","description":"Digimon TCG PB13 - Royal Knights Binder Set - EN: Contenido: 1 Archivador bellamente ilustrado, 10 hojas de archivador de 9 bolsillos cada una, 8 cartas.","robots":{"index":"index","follow":"follow","max-snippet":"max-snippet:-1","max-image-preview":"max-image-preview:large","max-video-preview":"max-video-preview:-1"},"canonical":"https:\/\/www.colossalstore.es\/en\/tienda\/tcg\/accesorios\/digimon-tcg-pb13-royal-knights-binder-set-en\/","og_locale":"en_US","og_type":"article","og_title":"Digimon TCG PB13 - Royal Knights Binder Set - EN | Colossal Store","og_description":"Digimon TCG PB13 - Royal Knights Binder Set - EN: Contenido: 1 Archivador bellamente ilustrado, 10 hojas de archivador de 9 bolsillos cada una, 8 cartas.","og_url":"https:\/\/www.colossalstore.es\/en\/tienda\/tcg\/accesorios\/digimon-tcg-pb13-royal-knights-binder-set-en\/","og_site_name":"Colossal Store","article_modified_time":"2025-06-20T09:15:45+00:00","og_image":[{"width":800,"height":800,"url":"https:\/\/www.colossalstore.es\/wp-content\/uploads\/2023\/06\/royal-knights-binder-set-pb-13-digimon-tcg.webp","type":"image\/webp"}],"twitter_card":"summary_large_image","twitter_site":"@Colossal_Store","twitter_misc":{"Est. reading time":"1 minute"},"schema":{"@context":"https:\/\/schema.org","@graph":[{"@type":"WebPage","@id":"https:\/\/www.colossalstore.es\/tienda\/tcg\/accesorios\/digimon-tcg-pb13-royal-knights-binder-set-en\/","url":"https:\/\/www.colossalstore.es\/tienda\/tcg\/accesorios\/digimon-tcg-pb13-royal-knights-binder-set-en\/","name":"Digimon TCG PB13 - Royal Knights Binder Set - EN | Colossal Store","isPartOf":{"@id":"https:\/\/www.colossalstore.es\/#website"},"primaryImageOfPage":{"@id":"https:\/\/www.colossalstore.es\/tienda\/tcg\/accesorios\/digimon-tcg-pb13-royal-knights-binder-set-en\/#primaryimage"},"image":{"@id":"https:\/\/www.colossalstore.es\/tienda\/tcg\/accesorios\/digimon-tcg-pb13-royal-knights-binder-set-en\/#primaryimage"},"thumbnailUrl":"https:\/\/www.colossalstore.es\/wp-content\/uploads\/2023\/06\/royal-knights-binder-set-pb-13-digimon-tcg.webp","datePublished":"2023-06-30T11:35:08+00:00","dateModified":"2025-06-20T09:15:45+00:00","description":"Digimon TCG PB13 - Royal Knights Binder Set - EN: Contenido: 1 Archivador bellamente ilustrado, 10 hojas de archivador de 9 bolsillos cada una, 8 cartas.","breadcrumb":{"@id":"https:\/\/www.colossalstore.es\/tienda\/tcg\/accesorios\/digimon-tcg-pb13-royal-knights-binder-set-en\/#breadcrumb"},"inLanguage":"en-US","potentialAction":[{"@type":"ReadAction","target":["https:\/\/www.colossalstore.es\/tienda\/tcg\/accesorios\/digimon-tcg-pb13-royal-knights-binder-set-en\/"]}]},{"@type":"ImageObject","inLanguage":"en-US","@id":"https:\/\/www.colossalstore.es\/tienda\/tcg\/accesorios\/digimon-tcg-pb13-royal-knights-binder-set-en\/#primaryimage","url":"https:\/\/www.colossalstore.es\/wp-content\/uploads\/2023\/06\/royal-knights-binder-set-pb-13-digimon-tcg.webp","contentUrl":"https:\/\/www.colossalstore.es\/wp-content\/uploads\/2023\/06\/royal-knights-binder-set-pb-13-digimon-tcg.webp","width":800,"height":800},{"@type":"BreadcrumbList","@id":"https:\/\/www.colossalstore.es\/tienda\/tcg\/accesorios\/digimon-tcg-pb13-royal-knights-binder-set-en\/#breadcrumb","itemListElement":[{"@type":"ListItem","position":1,"name":"Home","item":"https:\/\/www.colossalstore.es\/"},{"@type":"ListItem","position":2,"name":"Tienda","item":"https:\/\/www.colossalstore.es\/tienda\/"},{"@type":"ListItem","position":3,"name":"Digimon TCG PB13 &#8211; Royal Knights Binder Set &#8211; EN"}]},{"@type":"WebSite","@id":"https:\/\/www.colossalstore.es\/#website","url":"https:\/\/www.colossalstore.es\/","name":"Colossal Store","description":"Colossal Store, store specialized in TCGs.","publisher":{"@id":"https:\/\/www.colossalstore.es\/#organization"},"alternateName":"Colossal Store","potentialAction":[{"@type":"SearchAction","target":{"@type":"EntryPoint","urlTemplate":"https:\/\/www.colossalstore.es\/?s={search_term_string}"},"query-input":{"@type":"PropertyValueSpecification","valueRequired":true,"valueName":"search_term_string"}}],"inLanguage":"en-US"},{"@type":"Organization","@id":"https:\/\/www.colossalstore.es\/#organization","name":"Colossal Store","url":"https:\/\/www.colossalstore.es\/","logo":{"@type":"ImageObject","inLanguage":"en-US","@id":"https:\/\/www.colossalstore.es\/#\/schema\/logo\/image\/","url":"https:\/\/www.colossalstore.es\/wp-content\/uploads\/2023\/05\/Colossal_Logo-02.png","contentUrl":"https:\/\/www.colossalstore.es\/wp-content\/uploads\/2023\/05\/Colossal_Logo-02.png","width":1181,"height":1181,"caption":"Colossal Store"},"image":{"@id":"https:\/\/www.colossalstore.es\/#\/schema\/logo\/image\/"},"sameAs":["https:\/\/x.com\/Colossal_Store","https:\/\/www.instagram.com\/colossal_store_tcg\/","https:\/\/www.tiktok.com\/@colossalstore"]}]}},"_links":{"self":[{"href":"https:\/\/www.colossalstore.es\/en\/wp-json\/wp\/v2\/product\/5385","targetHints":{"allow":["GET"]}}],"collection":[{"href":"https:\/\/www.colossalstore.es\/en\/wp-json\/wp\/v2\/product"}],"about":[{"href":"https:\/\/www.colossalstore.es\/en\/wp-json\/wp\/v2\/types\/product"}],"replies":[{"embeddable":true,"href":"https:\/\/www.colossalstore.es\/en\/wp-json\/wp\/v2\/comments?post=5385"}],"wp:featuredmedia":[{"embeddable":true,"href":"https:\/\/www.colossalstore.es\/en\/wp-json\/wp\/v2\/media\/5386"}],"wp:attachment":[{"href":"https:\/\/www.colossalstore.es\/en\/wp-json\/wp\/v2\/media?parent=5385"}],"wp:term":[{"taxonomy":"product_brand","embeddable":true,"href":"https:\/\/www.colossalstore.es\/en\/wp-json\/wp\/v2\/product_brand?post=5385"},{"taxonomy":"product_cat","embeddable":true,"href":"https:\/\/www.colossalstore.es\/en\/wp-json\/wp\/v2\/product_cat?post=5385"},{"taxonomy":"product_tag","embeddable":true,"href":"https:\/\/www.colossalstore.es\/en\/wp-json\/wp\/v2\/product_tag?post=5385"}],"curies":[{"name":"wp","href":"https:\/\/api.w.org\/{rel}","templated":true}]}}