{"id":5306,"date":"2023-06-19T11:37:47","date_gmt":"2023-06-19T09:37:47","guid":{"rendered":"https:\/\/www.colossalstore.es\/?post_type=product&#038;p=5306"},"modified":"2025-09-24T12:48:54","modified_gmt":"2025-09-24T10:48:54","slug":"maximum-berserk-07","status":"publish","type":"product","link":"https:\/\/www.colossalstore.es\/en\/tienda\/manga\/maximum-berserk-07\/","title":{"rendered":"BERSERK MAXIMUM 07"},"content":{"rendered":"<p>Maximum Berserk 7 (Kentaro Miura)<\/p>\n<p>Deluxe edition of one of the most acclaimed manga series of all time. An epic and wild journey to a fantasy realm. Guts is a warrior dressed in black from head to toe who carries a gigantic sword longer than his own height and a robust prosthetic iron arm\u2026 For adult readers.<\/p>","protected":false},"excerpt":{"rendered":"<p>Maximum Berserk 7 (Kentaro Miura) Edici\u00f3n de lujo de una de las m\u00e1s aclamadas series manga de todos los tiempos. Un viaje \u00e9pico y salvaje a un reino de fantas\u00eda. Guts es un guerrero vestido de negro de los pies a la cabeza que porta una gigantesca espada m\u00e1s larga que su propia estatura y [&hellip;]<\/p>","protected":false},"featured_media":5307,"comment_status":"open","ping_status":"closed","template":"","meta":{"_joinchat":[]},"product_brand":[],"product_cat":[32],"product_tag":[],"class_list":{"0":"post-5306","1":"product","2":"type-product","3":"status-publish","4":"has-post-thumbnail","6":"product_cat-manga","8":"first","9":"outofstock","10":"sale","11":"taxable","12":"shipping-taxable","13":"purchasable","14":"product-type-simple"},"yoast_head":"<!-- This site is optimized with the Yoast SEO plugin v25.7 - https:\/\/yoast.com\/wordpress\/plugins\/seo\/ -->\n<title>Maximum Berserk 7 (Kentaro Miura) | Colossal Store<\/title>\n<meta name=\"description\" content=\"Maximum Berserk 7 (Kentaro Miura): Edici\u00f3n de lujo de una de las m\u00e1s aclamadas series manga de todos los tiempos. Un viaje \u00e9pico y salvaje a un reino de fantas\u00eda. Guts es un guerrero vestido de negro de los pies a la cabeza que porta una gigantesca espada m\u00e1s larga que su propia estatura y un robusto brazo ortop\u00e9dico de hierro... Para lectores adultos.\" \/>\n<meta name=\"robots\" content=\"index, follow, max-snippet:-1, max-image-preview:large, max-video-preview:-1\" \/>\n<link rel=\"canonical\" href=\"https:\/\/www.colossalstore.es\/en\/tienda\/manga\/maximum-berserk-07\/\" \/>\n<meta property=\"og:locale\" content=\"en_US\" \/>\n<meta property=\"og:type\" content=\"article\" \/>\n<meta property=\"og:title\" content=\"Maximum Berserk 7 (Kentaro Miura) | Colossal Store\" \/>\n<meta property=\"og:description\" content=\"Maximum Berserk 7 (Kentaro Miura): Edici\u00f3n de lujo de una de las m\u00e1s aclamadas series manga de todos los tiempos. Un viaje \u00e9pico y salvaje a un reino de fantas\u00eda. Guts es un guerrero vestido de negro de los pies a la cabeza que porta una gigantesca espada m\u00e1s larga que su propia estatura y un robusto brazo ortop\u00e9dico de hierro... Para lectores adultos.\" \/>\n<meta property=\"og:url\" content=\"https:\/\/www.colossalstore.es\/en\/tienda\/manga\/maximum-berserk-07\/\" \/>\n<meta property=\"og:site_name\" content=\"Colossal Store\" \/>\n<meta property=\"article:modified_time\" content=\"2025-09-24T10:48:54+00:00\" \/>\n<meta property=\"og:image\" content=\"https:\/\/www.colossalstore.es\/wp-content\/uploads\/2023\/06\/81cRIpZS12L._AC_UF10001000_QL80_.jpg\" \/>\n\t<meta property=\"og:image:width\" content=\"696\" \/>\n\t<meta property=\"og:image:height\" content=\"1000\" \/>\n\t<meta property=\"og:image:type\" content=\"image\/jpeg\" \/>\n<meta name=\"twitter:card\" content=\"summary_large_image\" \/>\n<meta name=\"twitter:site\" content=\"@Colossal_Store\" \/>\n<meta name=\"twitter:label1\" content=\"Est. reading time\" \/>\n\t<meta name=\"twitter:data1\" content=\"1 minute\" \/>\n<script type=\"application\/ld+json\" class=\"yoast-schema-graph\">{\"@context\":\"https:\/\/schema.org\",\"@graph\":[{\"@type\":\"WebPage\",\"@id\":\"https:\/\/www.colossalstore.es\/tienda\/manga\/maximum-berserk-07\/\",\"url\":\"https:\/\/www.colossalstore.es\/tienda\/manga\/maximum-berserk-07\/\",\"name\":\"Maximum Berserk 7 (Kentaro Miura) | Colossal Store\",\"isPartOf\":{\"@id\":\"https:\/\/www.colossalstore.es\/#website\"},\"primaryImageOfPage\":{\"@id\":\"https:\/\/www.colossalstore.es\/tienda\/manga\/maximum-berserk-07\/#primaryimage\"},\"image\":{\"@id\":\"https:\/\/www.colossalstore.es\/tienda\/manga\/maximum-berserk-07\/#primaryimage\"},\"thumbnailUrl\":\"https:\/\/www.colossalstore.es\/wp-content\/uploads\/2023\/06\/81cRIpZS12L._AC_UF10001000_QL80_.jpg\",\"datePublished\":\"2023-06-19T09:37:47+00:00\",\"dateModified\":\"2025-09-24T10:48:54+00:00\",\"description\":\"Maximum Berserk 7 (Kentaro Miura): Edici\u00f3n de lujo de una de las m\u00e1s aclamadas series manga de todos los tiempos. Un viaje \u00e9pico y salvaje a un reino de fantas\u00eda. Guts es un guerrero vestido de negro de los pies a la cabeza que porta una gigantesca espada m\u00e1s larga que su propia estatura y un robusto brazo ortop\u00e9dico de hierro... Para lectores adultos.\",\"breadcrumb\":{\"@id\":\"https:\/\/www.colossalstore.es\/tienda\/manga\/maximum-berserk-07\/#breadcrumb\"},\"inLanguage\":\"en-US\",\"potentialAction\":[{\"@type\":\"ReadAction\",\"target\":[\"https:\/\/www.colossalstore.es\/tienda\/manga\/maximum-berserk-07\/\"]}]},{\"@type\":\"ImageObject\",\"inLanguage\":\"en-US\",\"@id\":\"https:\/\/www.colossalstore.es\/tienda\/manga\/maximum-berserk-07\/#primaryimage\",\"url\":\"https:\/\/www.colossalstore.es\/wp-content\/uploads\/2023\/06\/81cRIpZS12L._AC_UF10001000_QL80_.jpg\",\"contentUrl\":\"https:\/\/www.colossalstore.es\/wp-content\/uploads\/2023\/06\/81cRIpZS12L._AC_UF10001000_QL80_.jpg\",\"width\":696,\"height\":1000},{\"@type\":\"BreadcrumbList\",\"@id\":\"https:\/\/www.colossalstore.es\/tienda\/manga\/maximum-berserk-07\/#breadcrumb\",\"itemListElement\":[{\"@type\":\"ListItem\",\"position\":1,\"name\":\"Home\",\"item\":\"https:\/\/www.colossalstore.es\/\"},{\"@type\":\"ListItem\",\"position\":2,\"name\":\"Tienda\",\"item\":\"https:\/\/www.colossalstore.es\/tienda\/\"},{\"@type\":\"ListItem\",\"position\":3,\"name\":\"BERSERK MAXIMUM 07\"}]},{\"@type\":\"WebSite\",\"@id\":\"https:\/\/www.colossalstore.es\/#website\",\"url\":\"https:\/\/www.colossalstore.es\/\",\"name\":\"Colossal Store\",\"description\":\"Colossal Store, tienda especializada en TCGs.\",\"publisher\":{\"@id\":\"https:\/\/www.colossalstore.es\/#organization\"},\"alternateName\":\"Colossal Store\",\"potentialAction\":[{\"@type\":\"SearchAction\",\"target\":{\"@type\":\"EntryPoint\",\"urlTemplate\":\"https:\/\/www.colossalstore.es\/?s={search_term_string}\"},\"query-input\":{\"@type\":\"PropertyValueSpecification\",\"valueRequired\":true,\"valueName\":\"search_term_string\"}}],\"inLanguage\":\"en-US\"},{\"@type\":\"Organization\",\"@id\":\"https:\/\/www.colossalstore.es\/#organization\",\"name\":\"Colossal Store\",\"url\":\"https:\/\/www.colossalstore.es\/\",\"logo\":{\"@type\":\"ImageObject\",\"inLanguage\":\"en-US\",\"@id\":\"https:\/\/www.colossalstore.es\/#\/schema\/logo\/image\/\",\"url\":\"https:\/\/www.colossalstore.es\/wp-content\/uploads\/2023\/05\/Colossal_Logo-02.png\",\"contentUrl\":\"https:\/\/www.colossalstore.es\/wp-content\/uploads\/2023\/05\/Colossal_Logo-02.png\",\"width\":1181,\"height\":1181,\"caption\":\"Colossal Store\"},\"image\":{\"@id\":\"https:\/\/www.colossalstore.es\/#\/schema\/logo\/image\/\"},\"sameAs\":[\"https:\/\/x.com\/Colossal_Store\",\"https:\/\/www.instagram.com\/colossal_store_tcg\/\",\"https:\/\/www.tiktok.com\/@colossalstore\"]}]}<\/script>\n<!-- \/ Yoast SEO plugin. -->","yoast_head_json":{"title":"Maximum Berserk 7 (Kentaro Miura) | Colossal Store","description":"Maximum Berserk 7 (Kentaro Miura): Edici\u00f3n de lujo de una de las m\u00e1s aclamadas series manga de todos los tiempos. Un viaje \u00e9pico y salvaje a un reino de fantas\u00eda. Guts es un guerrero vestido de negro de los pies a la cabeza que porta una gigantesca espada m\u00e1s larga que su propia estatura y un robusto brazo ortop\u00e9dico de hierro... Para lectores adultos.","robots":{"index":"index","follow":"follow","max-snippet":"max-snippet:-1","max-image-preview":"max-image-preview:large","max-video-preview":"max-video-preview:-1"},"canonical":"https:\/\/www.colossalstore.es\/en\/tienda\/manga\/maximum-berserk-07\/","og_locale":"en_US","og_type":"article","og_title":"Maximum Berserk 7 (Kentaro Miura) | Colossal Store","og_description":"Maximum Berserk 7 (Kentaro Miura): Edici\u00f3n de lujo de una de las m\u00e1s aclamadas series manga de todos los tiempos. Un viaje \u00e9pico y salvaje a un reino de fantas\u00eda. Guts es un guerrero vestido de negro de los pies a la cabeza que porta una gigantesca espada m\u00e1s larga que su propia estatura y un robusto brazo ortop\u00e9dico de hierro... Para lectores adultos.","og_url":"https:\/\/www.colossalstore.es\/en\/tienda\/manga\/maximum-berserk-07\/","og_site_name":"Colossal Store","article_modified_time":"2025-09-24T10:48:54+00:00","og_image":[{"width":696,"height":1000,"url":"https:\/\/www.colossalstore.es\/wp-content\/uploads\/2023\/06\/81cRIpZS12L._AC_UF10001000_QL80_.jpg","type":"image\/jpeg"}],"twitter_card":"summary_large_image","twitter_site":"@Colossal_Store","twitter_misc":{"Est. reading time":"1 minute"},"schema":{"@context":"https:\/\/schema.org","@graph":[{"@type":"WebPage","@id":"https:\/\/www.colossalstore.es\/tienda\/manga\/maximum-berserk-07\/","url":"https:\/\/www.colossalstore.es\/tienda\/manga\/maximum-berserk-07\/","name":"Maximum Berserk 7 (Kentaro Miura) | Colossal Store","isPartOf":{"@id":"https:\/\/www.colossalstore.es\/#website"},"primaryImageOfPage":{"@id":"https:\/\/www.colossalstore.es\/tienda\/manga\/maximum-berserk-07\/#primaryimage"},"image":{"@id":"https:\/\/www.colossalstore.es\/tienda\/manga\/maximum-berserk-07\/#primaryimage"},"thumbnailUrl":"https:\/\/www.colossalstore.es\/wp-content\/uploads\/2023\/06\/81cRIpZS12L._AC_UF10001000_QL80_.jpg","datePublished":"2023-06-19T09:37:47+00:00","dateModified":"2025-09-24T10:48:54+00:00","description":"Maximum Berserk 7 (Kentaro Miura): Edici\u00f3n de lujo de una de las m\u00e1s aclamadas series manga de todos los tiempos. Un viaje \u00e9pico y salvaje a un reino de fantas\u00eda. Guts es un guerrero vestido de negro de los pies a la cabeza que porta una gigantesca espada m\u00e1s larga que su propia estatura y un robusto brazo ortop\u00e9dico de hierro... Para lectores adultos.","breadcrumb":{"@id":"https:\/\/www.colossalstore.es\/tienda\/manga\/maximum-berserk-07\/#breadcrumb"},"inLanguage":"en-US","potentialAction":[{"@type":"ReadAction","target":["https:\/\/www.colossalstore.es\/tienda\/manga\/maximum-berserk-07\/"]}]},{"@type":"ImageObject","inLanguage":"en-US","@id":"https:\/\/www.colossalstore.es\/tienda\/manga\/maximum-berserk-07\/#primaryimage","url":"https:\/\/www.colossalstore.es\/wp-content\/uploads\/2023\/06\/81cRIpZS12L._AC_UF10001000_QL80_.jpg","contentUrl":"https:\/\/www.colossalstore.es\/wp-content\/uploads\/2023\/06\/81cRIpZS12L._AC_UF10001000_QL80_.jpg","width":696,"height":1000},{"@type":"BreadcrumbList","@id":"https:\/\/www.colossalstore.es\/tienda\/manga\/maximum-berserk-07\/#breadcrumb","itemListElement":[{"@type":"ListItem","position":1,"name":"Home","item":"https:\/\/www.colossalstore.es\/"},{"@type":"ListItem","position":2,"name":"Tienda","item":"https:\/\/www.colossalstore.es\/tienda\/"},{"@type":"ListItem","position":3,"name":"BERSERK MAXIMUM 07"}]},{"@type":"WebSite","@id":"https:\/\/www.colossalstore.es\/#website","url":"https:\/\/www.colossalstore.es\/","name":"Colossal Store","description":"Colossal Store, store specialized in TCGs.","publisher":{"@id":"https:\/\/www.colossalstore.es\/#organization"},"alternateName":"Colossal Store","potentialAction":[{"@type":"SearchAction","target":{"@type":"EntryPoint","urlTemplate":"https:\/\/www.colossalstore.es\/?s={search_term_string}"},"query-input":{"@type":"PropertyValueSpecification","valueRequired":true,"valueName":"search_term_string"}}],"inLanguage":"en-US"},{"@type":"Organization","@id":"https:\/\/www.colossalstore.es\/#organization","name":"Colossal Store","url":"https:\/\/www.colossalstore.es\/","logo":{"@type":"ImageObject","inLanguage":"en-US","@id":"https:\/\/www.colossalstore.es\/#\/schema\/logo\/image\/","url":"https:\/\/www.colossalstore.es\/wp-content\/uploads\/2023\/05\/Colossal_Logo-02.png","contentUrl":"https:\/\/www.colossalstore.es\/wp-content\/uploads\/2023\/05\/Colossal_Logo-02.png","width":1181,"height":1181,"caption":"Colossal Store"},"image":{"@id":"https:\/\/www.colossalstore.es\/#\/schema\/logo\/image\/"},"sameAs":["https:\/\/x.com\/Colossal_Store","https:\/\/www.instagram.com\/colossal_store_tcg\/","https:\/\/www.tiktok.com\/@colossalstore"]}]}},"_links":{"self":[{"href":"https:\/\/www.colossalstore.es\/en\/wp-json\/wp\/v2\/product\/5306","targetHints":{"allow":["GET"]}}],"collection":[{"href":"https:\/\/www.colossalstore.es\/en\/wp-json\/wp\/v2\/product"}],"about":[{"href":"https:\/\/www.colossalstore.es\/en\/wp-json\/wp\/v2\/types\/product"}],"replies":[{"embeddable":true,"href":"https:\/\/www.colossalstore.es\/en\/wp-json\/wp\/v2\/comments?post=5306"}],"wp:featuredmedia":[{"embeddable":true,"href":"https:\/\/www.colossalstore.es\/en\/wp-json\/wp\/v2\/media\/5307"}],"wp:attachment":[{"href":"https:\/\/www.colossalstore.es\/en\/wp-json\/wp\/v2\/media?parent=5306"}],"wp:term":[{"taxonomy":"product_brand","embeddable":true,"href":"https:\/\/www.colossalstore.es\/en\/wp-json\/wp\/v2\/product_brand?post=5306"},{"taxonomy":"product_cat","embeddable":true,"href":"https:\/\/www.colossalstore.es\/en\/wp-json\/wp\/v2\/product_cat?post=5306"},{"taxonomy":"product_tag","embeddable":true,"href":"https:\/\/www.colossalstore.es\/en\/wp-json\/wp\/v2\/product_tag?post=5306"}],"curies":[{"name":"wp","href":"https:\/\/api.w.org\/{rel}","templated":true}]}}