{"id":5297,"date":"2023-06-19T11:03:19","date_gmt":"2023-06-19T09:03:19","guid":{"rendered":"https:\/\/www.colossalstore.es\/?post_type=product&#038;p=5297"},"modified":"2025-06-20T11:15:47","modified_gmt":"2025-06-20T09:15:47","slug":"pokemon-tcg-paldea-evolved-etb-pokemon-scarlet-violet-elite-trainer-box","status":"publish","type":"product","link":"https:\/\/www.colossalstore.es\/en\/tienda\/tcg\/pokemon\/pokemon-tcg-paldea-evolved-etb-pokemon-scarlet-violet-elite-trainer-box\/","title":{"rendered":"Pok\u00e9mon TCG Paldea Evolved ETB (Pok\u00e9mon Scarlet &amp; Violet Elite Trainer Box) \u2013 EN"},"content":{"rendered":"<p>Pok\u00e9mon TCG Paldea Evolved ETB (Pok\u00e9mon Scarlet &amp; Violet Elite Trainer Box)<\/p>\n<p>Content<\/p>\n<p>\u2013 9 Pok\u00e9mon TCG Scarlet and Purple Pok\u00e9mon Pok\u00e9mon Pok\u00e9mon Pok\u00e9mon TCG Paldea Evolution Upgrade Packs<\/p>\n<p>\u2013 1 Pikachu holographic expanded illustration promo card<\/p>\n<p>\u2013 65 Sprigatito, Fuecoco and Quaxly card sleeves<\/p>\n<p>\u2013 45 Pok\u00e9mon TCG Energy cards<\/p>\n<p>\u2013 1 player&#039;s guide to the Scarlet and Purple Expansion-Evolutions in Paldea<\/p>\n<p>\u2013 6 says as damage counters<\/p>\n<p>\u2013 1 coin-toss die valid for legal competitions<\/p>\n<p>\u2013 2 plastic condition markers<\/p>\n<p>\u2013 1 collector&#039;s box with 4 dividers to store everything in an organized way<\/p>\n<p>\u2013 1 card with code for the Pok\u00e9mon Live Trading Card Game<\/p>","protected":false},"excerpt":{"rendered":"<p>Pok\u00e9mon TCG Paldea Evolved ETB (Pok\u00e9mon Scarlet &amp; Violet Elite Trainer Box) Content &#8211; 9 Pok\u00e9mon TCG Scarlet and Purple Pok\u00e9mon Pok\u00e9mon Pok\u00e9mon Pok\u00e9mon Pok\u00e9mon TCG Paldea Evolution Upgrade Packs &#8211; 1 Pikachu holographic expanded illustration promo card &#8211; 65 Sprigatito, Fuecoco and Quaxly card sleeves &#8211; 45 Pok\u00e9mon TCG Energy cards &#8211; 1 player&#8217;s [&hellip;]<\/p>","protected":false},"featured_media":5298,"comment_status":"open","ping_status":"closed","template":"","meta":{"_joinchat":[]},"product_brand":[],"product_cat":[49,34],"product_tag":[],"class_list":{"0":"post-5297","1":"product","2":"type-product","3":"status-publish","4":"has-post-thumbnail","6":"product_cat-pokemon","7":"product_cat-tcg","9":"first","10":"outofstock","11":"taxable","12":"shipping-taxable","13":"purchasable","14":"product-type-simple"},"yoast_head":"<!-- This site is optimized with the Yoast SEO plugin v25.7 - https:\/\/yoast.com\/wordpress\/plugins\/seo\/ -->\n<title>Pok\u00e9mon TCG Paldea Evolved ETB (Pok\u00e9mon Scarlet &amp; Violet Elite Trainer Box) | Colossal Store<\/title>\n<meta name=\"description\" content=\"Pok\u00e9mon TCG Paldea Evolved ETB (Pok\u00e9mon Scarlet &amp; Violet Elite Trainer Box)\" \/>\n<meta name=\"robots\" content=\"index, follow, max-snippet:-1, max-image-preview:large, max-video-preview:-1\" \/>\n<link rel=\"canonical\" href=\"https:\/\/www.colossalstore.es\/en\/tienda\/tcg\/pokemon\/pokemon-tcg-paldea-evolved-etb-pokemon-scarlet-violet-elite-trainer-box\/\" \/>\n<meta property=\"og:locale\" content=\"en_US\" \/>\n<meta property=\"og:type\" content=\"article\" \/>\n<meta property=\"og:title\" content=\"Pok\u00e9mon TCG Paldea Evolved ETB (Pok\u00e9mon Scarlet &amp; Violet Elite Trainer Box) | Colossal Store\" \/>\n<meta property=\"og:description\" content=\"Pok\u00e9mon TCG Paldea Evolved ETB (Pok\u00e9mon Scarlet &amp; Violet Elite Trainer Box)\" \/>\n<meta property=\"og:url\" content=\"https:\/\/www.colossalstore.es\/en\/tienda\/tcg\/pokemon\/pokemon-tcg-paldea-evolved-etb-pokemon-scarlet-violet-elite-trainer-box\/\" \/>\n<meta property=\"og:site_name\" content=\"Colossal Store\" \/>\n<meta property=\"article:modified_time\" content=\"2025-06-20T09:15:47+00:00\" \/>\n<meta property=\"og:image\" content=\"https:\/\/www.colossalstore.es\/wp-content\/uploads\/2023\/06\/Pokemon-Scarlet-violet-Paldea-Evolved-Elite-Trainer-Box-pokemart.jpg\" \/>\n\t<meta property=\"og:image:width\" content=\"600\" \/>\n\t<meta property=\"og:image:height\" content=\"600\" \/>\n\t<meta property=\"og:image:type\" content=\"image\/jpeg\" \/>\n<meta name=\"twitter:card\" content=\"summary_large_image\" \/>\n<meta name=\"twitter:site\" content=\"@Colossal_Store\" \/>\n<meta name=\"twitter:label1\" content=\"Est. reading time\" \/>\n\t<meta name=\"twitter:data1\" content=\"1 minute\" \/>\n<script type=\"application\/ld+json\" class=\"yoast-schema-graph\">{\"@context\":\"https:\/\/schema.org\",\"@graph\":[{\"@type\":\"WebPage\",\"@id\":\"https:\/\/www.colossalstore.es\/tienda\/tcg\/pokemon\/pokemon-tcg-paldea-evolved-etb-pokemon-scarlet-violet-elite-trainer-box\/\",\"url\":\"https:\/\/www.colossalstore.es\/tienda\/tcg\/pokemon\/pokemon-tcg-paldea-evolved-etb-pokemon-scarlet-violet-elite-trainer-box\/\",\"name\":\"Pok\u00e9mon TCG Paldea Evolved ETB (Pok\u00e9mon Scarlet & Violet Elite Trainer Box) | Colossal Store\",\"isPartOf\":{\"@id\":\"https:\/\/www.colossalstore.es\/#website\"},\"primaryImageOfPage\":{\"@id\":\"https:\/\/www.colossalstore.es\/tienda\/tcg\/pokemon\/pokemon-tcg-paldea-evolved-etb-pokemon-scarlet-violet-elite-trainer-box\/#primaryimage\"},\"image\":{\"@id\":\"https:\/\/www.colossalstore.es\/tienda\/tcg\/pokemon\/pokemon-tcg-paldea-evolved-etb-pokemon-scarlet-violet-elite-trainer-box\/#primaryimage\"},\"thumbnailUrl\":\"https:\/\/www.colossalstore.es\/wp-content\/uploads\/2023\/06\/Pokemon-Scarlet-violet-Paldea-Evolved-Elite-Trainer-Box-pokemart.jpg\",\"datePublished\":\"2023-06-19T09:03:19+00:00\",\"dateModified\":\"2025-06-20T09:15:47+00:00\",\"description\":\"Pok\u00e9mon TCG Paldea Evolved ETB (Pok\u00e9mon Scarlet & Violet Elite Trainer Box)\",\"breadcrumb\":{\"@id\":\"https:\/\/www.colossalstore.es\/tienda\/tcg\/pokemon\/pokemon-tcg-paldea-evolved-etb-pokemon-scarlet-violet-elite-trainer-box\/#breadcrumb\"},\"inLanguage\":\"en-US\",\"potentialAction\":[{\"@type\":\"ReadAction\",\"target\":[\"https:\/\/www.colossalstore.es\/tienda\/tcg\/pokemon\/pokemon-tcg-paldea-evolved-etb-pokemon-scarlet-violet-elite-trainer-box\/\"]}]},{\"@type\":\"ImageObject\",\"inLanguage\":\"en-US\",\"@id\":\"https:\/\/www.colossalstore.es\/tienda\/tcg\/pokemon\/pokemon-tcg-paldea-evolved-etb-pokemon-scarlet-violet-elite-trainer-box\/#primaryimage\",\"url\":\"https:\/\/www.colossalstore.es\/wp-content\/uploads\/2023\/06\/Pokemon-Scarlet-violet-Paldea-Evolved-Elite-Trainer-Box-pokemart.jpg\",\"contentUrl\":\"https:\/\/www.colossalstore.es\/wp-content\/uploads\/2023\/06\/Pokemon-Scarlet-violet-Paldea-Evolved-Elite-Trainer-Box-pokemart.jpg\",\"width\":600,\"height\":600},{\"@type\":\"BreadcrumbList\",\"@id\":\"https:\/\/www.colossalstore.es\/tienda\/tcg\/pokemon\/pokemon-tcg-paldea-evolved-etb-pokemon-scarlet-violet-elite-trainer-box\/#breadcrumb\",\"itemListElement\":[{\"@type\":\"ListItem\",\"position\":1,\"name\":\"Home\",\"item\":\"https:\/\/www.colossalstore.es\/\"},{\"@type\":\"ListItem\",\"position\":2,\"name\":\"Tienda\",\"item\":\"https:\/\/www.colossalstore.es\/tienda\/\"},{\"@type\":\"ListItem\",\"position\":3,\"name\":\"Pok\u00e9mon TCG Paldea Evolved ETB (Pok\u00e9mon Scarlet &#038; Violet Elite Trainer Box) &#8211; EN\"}]},{\"@type\":\"WebSite\",\"@id\":\"https:\/\/www.colossalstore.es\/#website\",\"url\":\"https:\/\/www.colossalstore.es\/\",\"name\":\"Colossal Store\",\"description\":\"Colossal Store, tienda especializada en TCGs.\",\"publisher\":{\"@id\":\"https:\/\/www.colossalstore.es\/#organization\"},\"alternateName\":\"Colossal Store\",\"potentialAction\":[{\"@type\":\"SearchAction\",\"target\":{\"@type\":\"EntryPoint\",\"urlTemplate\":\"https:\/\/www.colossalstore.es\/?s={search_term_string}\"},\"query-input\":{\"@type\":\"PropertyValueSpecification\",\"valueRequired\":true,\"valueName\":\"search_term_string\"}}],\"inLanguage\":\"en-US\"},{\"@type\":\"Organization\",\"@id\":\"https:\/\/www.colossalstore.es\/#organization\",\"name\":\"Colossal Store\",\"url\":\"https:\/\/www.colossalstore.es\/\",\"logo\":{\"@type\":\"ImageObject\",\"inLanguage\":\"en-US\",\"@id\":\"https:\/\/www.colossalstore.es\/#\/schema\/logo\/image\/\",\"url\":\"https:\/\/www.colossalstore.es\/wp-content\/uploads\/2023\/05\/Colossal_Logo-02.png\",\"contentUrl\":\"https:\/\/www.colossalstore.es\/wp-content\/uploads\/2023\/05\/Colossal_Logo-02.png\",\"width\":1181,\"height\":1181,\"caption\":\"Colossal Store\"},\"image\":{\"@id\":\"https:\/\/www.colossalstore.es\/#\/schema\/logo\/image\/\"},\"sameAs\":[\"https:\/\/x.com\/Colossal_Store\",\"https:\/\/www.instagram.com\/colossal_store_tcg\/\",\"https:\/\/www.tiktok.com\/@colossalstore\"]}]}<\/script>\n<!-- \/ Yoast SEO plugin. -->","yoast_head_json":{"title":"Pok\u00e9mon TCG Paldea Evolved ETB (Pok\u00e9mon Scarlet & Violet Elite Trainer Box) | Colossal Store","description":"Pok\u00e9mon TCG Paldea Evolved ETB (Pok\u00e9mon Scarlet & Violet Elite Trainer Box)","robots":{"index":"index","follow":"follow","max-snippet":"max-snippet:-1","max-image-preview":"max-image-preview:large","max-video-preview":"max-video-preview:-1"},"canonical":"https:\/\/www.colossalstore.es\/en\/tienda\/tcg\/pokemon\/pokemon-tcg-paldea-evolved-etb-pokemon-scarlet-violet-elite-trainer-box\/","og_locale":"en_US","og_type":"article","og_title":"Pok\u00e9mon TCG Paldea Evolved ETB (Pok\u00e9mon Scarlet & Violet Elite Trainer Box) | Colossal Store","og_description":"Pok\u00e9mon TCG Paldea Evolved ETB (Pok\u00e9mon Scarlet & Violet Elite Trainer Box)","og_url":"https:\/\/www.colossalstore.es\/en\/tienda\/tcg\/pokemon\/pokemon-tcg-paldea-evolved-etb-pokemon-scarlet-violet-elite-trainer-box\/","og_site_name":"Colossal Store","article_modified_time":"2025-06-20T09:15:47+00:00","og_image":[{"width":600,"height":600,"url":"https:\/\/www.colossalstore.es\/wp-content\/uploads\/2023\/06\/Pokemon-Scarlet-violet-Paldea-Evolved-Elite-Trainer-Box-pokemart.jpg","type":"image\/jpeg"}],"twitter_card":"summary_large_image","twitter_site":"@Colossal_Store","twitter_misc":{"Est. reading time":"1 minute"},"schema":{"@context":"https:\/\/schema.org","@graph":[{"@type":"WebPage","@id":"https:\/\/www.colossalstore.es\/tienda\/tcg\/pokemon\/pokemon-tcg-paldea-evolved-etb-pokemon-scarlet-violet-elite-trainer-box\/","url":"https:\/\/www.colossalstore.es\/tienda\/tcg\/pokemon\/pokemon-tcg-paldea-evolved-etb-pokemon-scarlet-violet-elite-trainer-box\/","name":"Pok\u00e9mon TCG Paldea Evolved ETB (Pok\u00e9mon Scarlet & Violet Elite Trainer Box) | Colossal Store","isPartOf":{"@id":"https:\/\/www.colossalstore.es\/#website"},"primaryImageOfPage":{"@id":"https:\/\/www.colossalstore.es\/tienda\/tcg\/pokemon\/pokemon-tcg-paldea-evolved-etb-pokemon-scarlet-violet-elite-trainer-box\/#primaryimage"},"image":{"@id":"https:\/\/www.colossalstore.es\/tienda\/tcg\/pokemon\/pokemon-tcg-paldea-evolved-etb-pokemon-scarlet-violet-elite-trainer-box\/#primaryimage"},"thumbnailUrl":"https:\/\/www.colossalstore.es\/wp-content\/uploads\/2023\/06\/Pokemon-Scarlet-violet-Paldea-Evolved-Elite-Trainer-Box-pokemart.jpg","datePublished":"2023-06-19T09:03:19+00:00","dateModified":"2025-06-20T09:15:47+00:00","description":"Pok\u00e9mon TCG Paldea Evolved ETB (Pok\u00e9mon Scarlet & Violet Elite Trainer Box)","breadcrumb":{"@id":"https:\/\/www.colossalstore.es\/tienda\/tcg\/pokemon\/pokemon-tcg-paldea-evolved-etb-pokemon-scarlet-violet-elite-trainer-box\/#breadcrumb"},"inLanguage":"en-US","potentialAction":[{"@type":"ReadAction","target":["https:\/\/www.colossalstore.es\/tienda\/tcg\/pokemon\/pokemon-tcg-paldea-evolved-etb-pokemon-scarlet-violet-elite-trainer-box\/"]}]},{"@type":"ImageObject","inLanguage":"en-US","@id":"https:\/\/www.colossalstore.es\/tienda\/tcg\/pokemon\/pokemon-tcg-paldea-evolved-etb-pokemon-scarlet-violet-elite-trainer-box\/#primaryimage","url":"https:\/\/www.colossalstore.es\/wp-content\/uploads\/2023\/06\/Pokemon-Scarlet-violet-Paldea-Evolved-Elite-Trainer-Box-pokemart.jpg","contentUrl":"https:\/\/www.colossalstore.es\/wp-content\/uploads\/2023\/06\/Pokemon-Scarlet-violet-Paldea-Evolved-Elite-Trainer-Box-pokemart.jpg","width":600,"height":600},{"@type":"BreadcrumbList","@id":"https:\/\/www.colossalstore.es\/tienda\/tcg\/pokemon\/pokemon-tcg-paldea-evolved-etb-pokemon-scarlet-violet-elite-trainer-box\/#breadcrumb","itemListElement":[{"@type":"ListItem","position":1,"name":"Home","item":"https:\/\/www.colossalstore.es\/"},{"@type":"ListItem","position":2,"name":"Tienda","item":"https:\/\/www.colossalstore.es\/tienda\/"},{"@type":"ListItem","position":3,"name":"Pok\u00e9mon TCG Paldea Evolved ETB (Pok\u00e9mon Scarlet &#038; Violet Elite Trainer Box) &#8211; EN"}]},{"@type":"WebSite","@id":"https:\/\/www.colossalstore.es\/#website","url":"https:\/\/www.colossalstore.es\/","name":"Colossal Store","description":"Colossal Store, store specialized in TCGs.","publisher":{"@id":"https:\/\/www.colossalstore.es\/#organization"},"alternateName":"Colossal Store","potentialAction":[{"@type":"SearchAction","target":{"@type":"EntryPoint","urlTemplate":"https:\/\/www.colossalstore.es\/?s={search_term_string}"},"query-input":{"@type":"PropertyValueSpecification","valueRequired":true,"valueName":"search_term_string"}}],"inLanguage":"en-US"},{"@type":"Organization","@id":"https:\/\/www.colossalstore.es\/#organization","name":"Colossal Store","url":"https:\/\/www.colossalstore.es\/","logo":{"@type":"ImageObject","inLanguage":"en-US","@id":"https:\/\/www.colossalstore.es\/#\/schema\/logo\/image\/","url":"https:\/\/www.colossalstore.es\/wp-content\/uploads\/2023\/05\/Colossal_Logo-02.png","contentUrl":"https:\/\/www.colossalstore.es\/wp-content\/uploads\/2023\/05\/Colossal_Logo-02.png","width":1181,"height":1181,"caption":"Colossal Store"},"image":{"@id":"https:\/\/www.colossalstore.es\/#\/schema\/logo\/image\/"},"sameAs":["https:\/\/x.com\/Colossal_Store","https:\/\/www.instagram.com\/colossal_store_tcg\/","https:\/\/www.tiktok.com\/@colossalstore"]}]}},"_links":{"self":[{"href":"https:\/\/www.colossalstore.es\/en\/wp-json\/wp\/v2\/product\/5297","targetHints":{"allow":["GET"]}}],"collection":[{"href":"https:\/\/www.colossalstore.es\/en\/wp-json\/wp\/v2\/product"}],"about":[{"href":"https:\/\/www.colossalstore.es\/en\/wp-json\/wp\/v2\/types\/product"}],"replies":[{"embeddable":true,"href":"https:\/\/www.colossalstore.es\/en\/wp-json\/wp\/v2\/comments?post=5297"}],"wp:featuredmedia":[{"embeddable":true,"href":"https:\/\/www.colossalstore.es\/en\/wp-json\/wp\/v2\/media\/5298"}],"wp:attachment":[{"href":"https:\/\/www.colossalstore.es\/en\/wp-json\/wp\/v2\/media?parent=5297"}],"wp:term":[{"taxonomy":"product_brand","embeddable":true,"href":"https:\/\/www.colossalstore.es\/en\/wp-json\/wp\/v2\/product_brand?post=5297"},{"taxonomy":"product_cat","embeddable":true,"href":"https:\/\/www.colossalstore.es\/en\/wp-json\/wp\/v2\/product_cat?post=5297"},{"taxonomy":"product_tag","embeddable":true,"href":"https:\/\/www.colossalstore.es\/en\/wp-json\/wp\/v2\/product_tag?post=5297"}],"curies":[{"name":"wp","href":"https:\/\/api.w.org\/{rel}","templated":true}]}}