{"id":5278,"date":"2023-06-17T10:10:11","date_gmt":"2023-06-17T08:10:11","guid":{"rendered":"https:\/\/www.colossalstore.es\/?post_type=product&#038;p=5278"},"modified":"2025-06-20T11:15:47","modified_gmt":"2025-06-20T09:15:47","slug":"blue-lock-7-yusuke-nomura","status":"publish","type":"product","link":"https:\/\/www.colossalstore.es\/en\/tienda\/manga\/blue-lock-7-yusuke-nomura\/","title":{"rendered":"Blue Lock 7 \u2013 Yusuke Nomura"},"content":{"rendered":"<p>Blue Lock 7 \u2013 Yusuke Nomura<\/p>\n<div class=\"text-container\" data-v-809af916=\"\">\n<div class=\"formated-text\" data-v-809af916=\"\" data-v-7fdc4342=\"\">\n<p>During the ?Battle of Rivalries? of the second selection, in which the winning team could steal a member from the loser, Isagi and Nagi, who lost against elite striker Rin Itoshi and had to hand over Bachira, vowed to bounce back and improve in the next match. Now, if they lose, they will be on the brink of elimination.<\/p>\n<p>His opponent in this decisive 2 on 2 battle in which his individual powers will be put to the test will be Shouei Barou, the top scorer of the old Building 5. Isagi, for his part, aspires to be on the &quot;side of prodigies&quot;! and, to do this, he will have to defeat King Barou 1 on 1!<\/p>\n<\/div>\n<\/div>","protected":false},"excerpt":{"rendered":"<p>Blue Lock 7 &#8211; Yusuke Nomura Durante la ?Batalla de rivalidades? de la segunda selecci\u00f3n, en la que el equipo ganador pod\u00eda robarle un miembro al perdedor, Isagi y Nagi, quienes perdieron contra el delantero de \u00e9lite Rin Itoshi y tuvieron que entregarle a Bachira, juraron reponerse y mejorar en el siguiente partido. Ahora bien, [&hellip;]<\/p>","protected":false},"featured_media":5279,"comment_status":"open","ping_status":"closed","template":"","meta":{"_joinchat":[]},"product_brand":[],"product_cat":[32],"product_tag":[],"class_list":{"0":"post-5278","1":"product","2":"type-product","3":"status-publish","4":"has-post-thumbnail","6":"product_cat-manga","8":"first","9":"outofstock","10":"sale","11":"taxable","12":"shipping-taxable","13":"purchasable","14":"product-type-simple"},"yoast_head":"<!-- This site is optimized with the Yoast SEO plugin v25.7 - https:\/\/yoast.com\/wordpress\/plugins\/seo\/ -->\n<title>Blue Lock 7 - Yusuke Nomura | Colossal Store<\/title>\n<meta name=\"description\" content=\"Blue Lock 7 - Yusuke Nomura: Durante la ?Batalla de rivalidades? de la segunda selecci\u00f3n, en la que el equipo ganador pod\u00eda robarle un miembro al perdedor, Isagi y Nagi, quienes perdieron contra el delantero de \u00e9lite Rin Itoshi y tuvieron que entregarle a Bachira, juraron reponerse y mejorar en el siguiente partido.\" \/>\n<meta name=\"robots\" content=\"index, follow, max-snippet:-1, max-image-preview:large, max-video-preview:-1\" \/>\n<link rel=\"canonical\" href=\"https:\/\/www.colossalstore.es\/en\/tienda\/manga\/blue-lock-7-yusuke-nomura\/\" \/>\n<meta property=\"og:locale\" content=\"en_US\" \/>\n<meta property=\"og:type\" content=\"article\" \/>\n<meta property=\"og:title\" content=\"Blue Lock 7 - Yusuke Nomura | Colossal Store\" \/>\n<meta property=\"og:description\" content=\"Blue Lock 7 - Yusuke Nomura: Durante la ?Batalla de rivalidades? de la segunda selecci\u00f3n, en la que el equipo ganador pod\u00eda robarle un miembro al perdedor, Isagi y Nagi, quienes perdieron contra el delantero de \u00e9lite Rin Itoshi y tuvieron que entregarle a Bachira, juraron reponerse y mejorar en el siguiente partido.\" \/>\n<meta property=\"og:url\" content=\"https:\/\/www.colossalstore.es\/en\/tienda\/manga\/blue-lock-7-yusuke-nomura\/\" \/>\n<meta property=\"og:site_name\" content=\"Colossal Store\" \/>\n<meta property=\"article:modified_time\" content=\"2025-06-20T09:15:47+00:00\" \/>\n<meta property=\"og:image\" content=\"https:\/\/www.colossalstore.es\/wp-content\/uploads\/2023\/06\/df4049da92c7434ab0df5f9780169866.jpg\" \/>\n\t<meta property=\"og:image:width\" content=\"634\" \/>\n\t<meta property=\"og:image:height\" content=\"1000\" \/>\n\t<meta property=\"og:image:type\" content=\"image\/jpeg\" \/>\n<meta name=\"twitter:card\" content=\"summary_large_image\" \/>\n<meta name=\"twitter:site\" content=\"@Colossal_Store\" \/>\n<meta name=\"twitter:label1\" content=\"Est. reading time\" \/>\n\t<meta name=\"twitter:data1\" content=\"1 minute\" \/>\n<script type=\"application\/ld+json\" class=\"yoast-schema-graph\">{\"@context\":\"https:\/\/schema.org\",\"@graph\":[{\"@type\":\"WebPage\",\"@id\":\"https:\/\/www.colossalstore.es\/tienda\/manga\/blue-lock-7-yusuke-nomura\/\",\"url\":\"https:\/\/www.colossalstore.es\/tienda\/manga\/blue-lock-7-yusuke-nomura\/\",\"name\":\"Blue Lock 7 - Yusuke Nomura | Colossal Store\",\"isPartOf\":{\"@id\":\"https:\/\/www.colossalstore.es\/#website\"},\"primaryImageOfPage\":{\"@id\":\"https:\/\/www.colossalstore.es\/tienda\/manga\/blue-lock-7-yusuke-nomura\/#primaryimage\"},\"image\":{\"@id\":\"https:\/\/www.colossalstore.es\/tienda\/manga\/blue-lock-7-yusuke-nomura\/#primaryimage\"},\"thumbnailUrl\":\"https:\/\/www.colossalstore.es\/wp-content\/uploads\/2023\/06\/df4049da92c7434ab0df5f9780169866.jpg\",\"datePublished\":\"2023-06-17T08:10:11+00:00\",\"dateModified\":\"2025-06-20T09:15:47+00:00\",\"description\":\"Blue Lock 7 - Yusuke Nomura: Durante la ?Batalla de rivalidades? de la segunda selecci\u00f3n, en la que el equipo ganador pod\u00eda robarle un miembro al perdedor, Isagi y Nagi, quienes perdieron contra el delantero de \u00e9lite Rin Itoshi y tuvieron que entregarle a Bachira, juraron reponerse y mejorar en el siguiente partido.\",\"breadcrumb\":{\"@id\":\"https:\/\/www.colossalstore.es\/tienda\/manga\/blue-lock-7-yusuke-nomura\/#breadcrumb\"},\"inLanguage\":\"en-US\",\"potentialAction\":[{\"@type\":\"ReadAction\",\"target\":[\"https:\/\/www.colossalstore.es\/tienda\/manga\/blue-lock-7-yusuke-nomura\/\"]}]},{\"@type\":\"ImageObject\",\"inLanguage\":\"en-US\",\"@id\":\"https:\/\/www.colossalstore.es\/tienda\/manga\/blue-lock-7-yusuke-nomura\/#primaryimage\",\"url\":\"https:\/\/www.colossalstore.es\/wp-content\/uploads\/2023\/06\/df4049da92c7434ab0df5f9780169866.jpg\",\"contentUrl\":\"https:\/\/www.colossalstore.es\/wp-content\/uploads\/2023\/06\/df4049da92c7434ab0df5f9780169866.jpg\",\"width\":634,\"height\":1000},{\"@type\":\"BreadcrumbList\",\"@id\":\"https:\/\/www.colossalstore.es\/tienda\/manga\/blue-lock-7-yusuke-nomura\/#breadcrumb\",\"itemListElement\":[{\"@type\":\"ListItem\",\"position\":1,\"name\":\"Home\",\"item\":\"https:\/\/www.colossalstore.es\/\"},{\"@type\":\"ListItem\",\"position\":2,\"name\":\"Tienda\",\"item\":\"https:\/\/www.colossalstore.es\/tienda\/\"},{\"@type\":\"ListItem\",\"position\":3,\"name\":\"Blue Lock 7 &#8211; Yusuke Nomura\"}]},{\"@type\":\"WebSite\",\"@id\":\"https:\/\/www.colossalstore.es\/#website\",\"url\":\"https:\/\/www.colossalstore.es\/\",\"name\":\"Colossal Store\",\"description\":\"Colossal Store, tienda especializada en TCGs.\",\"publisher\":{\"@id\":\"https:\/\/www.colossalstore.es\/#organization\"},\"alternateName\":\"Colossal Store\",\"potentialAction\":[{\"@type\":\"SearchAction\",\"target\":{\"@type\":\"EntryPoint\",\"urlTemplate\":\"https:\/\/www.colossalstore.es\/?s={search_term_string}\"},\"query-input\":{\"@type\":\"PropertyValueSpecification\",\"valueRequired\":true,\"valueName\":\"search_term_string\"}}],\"inLanguage\":\"en-US\"},{\"@type\":\"Organization\",\"@id\":\"https:\/\/www.colossalstore.es\/#organization\",\"name\":\"Colossal Store\",\"url\":\"https:\/\/www.colossalstore.es\/\",\"logo\":{\"@type\":\"ImageObject\",\"inLanguage\":\"en-US\",\"@id\":\"https:\/\/www.colossalstore.es\/#\/schema\/logo\/image\/\",\"url\":\"https:\/\/www.colossalstore.es\/wp-content\/uploads\/2023\/05\/Colossal_Logo-02.png\",\"contentUrl\":\"https:\/\/www.colossalstore.es\/wp-content\/uploads\/2023\/05\/Colossal_Logo-02.png\",\"width\":1181,\"height\":1181,\"caption\":\"Colossal Store\"},\"image\":{\"@id\":\"https:\/\/www.colossalstore.es\/#\/schema\/logo\/image\/\"},\"sameAs\":[\"https:\/\/x.com\/Colossal_Store\",\"https:\/\/www.instagram.com\/colossal_store_tcg\/\",\"https:\/\/www.tiktok.com\/@colossalstore\"]}]}<\/script>\n<!-- \/ Yoast SEO plugin. -->","yoast_head_json":{"title":"Blue Lock 7 - Yusuke Nomura | Colossal Store","description":"Blue Lock 7 - Yusuke Nomura: Durante la ?Batalla de rivalidades? de la segunda selecci\u00f3n, en la que el equipo ganador pod\u00eda robarle un miembro al perdedor, Isagi y Nagi, quienes perdieron contra el delantero de \u00e9lite Rin Itoshi y tuvieron que entregarle a Bachira, juraron reponerse y mejorar en el siguiente partido.","robots":{"index":"index","follow":"follow","max-snippet":"max-snippet:-1","max-image-preview":"max-image-preview:large","max-video-preview":"max-video-preview:-1"},"canonical":"https:\/\/www.colossalstore.es\/en\/tienda\/manga\/blue-lock-7-yusuke-nomura\/","og_locale":"en_US","og_type":"article","og_title":"Blue Lock 7 - Yusuke Nomura | Colossal Store","og_description":"Blue Lock 7 - Yusuke Nomura: Durante la ?Batalla de rivalidades? de la segunda selecci\u00f3n, en la que el equipo ganador pod\u00eda robarle un miembro al perdedor, Isagi y Nagi, quienes perdieron contra el delantero de \u00e9lite Rin Itoshi y tuvieron que entregarle a Bachira, juraron reponerse y mejorar en el siguiente partido.","og_url":"https:\/\/www.colossalstore.es\/en\/tienda\/manga\/blue-lock-7-yusuke-nomura\/","og_site_name":"Colossal Store","article_modified_time":"2025-06-20T09:15:47+00:00","og_image":[{"width":634,"height":1000,"url":"https:\/\/www.colossalstore.es\/wp-content\/uploads\/2023\/06\/df4049da92c7434ab0df5f9780169866.jpg","type":"image\/jpeg"}],"twitter_card":"summary_large_image","twitter_site":"@Colossal_Store","twitter_misc":{"Est. reading time":"1 minute"},"schema":{"@context":"https:\/\/schema.org","@graph":[{"@type":"WebPage","@id":"https:\/\/www.colossalstore.es\/tienda\/manga\/blue-lock-7-yusuke-nomura\/","url":"https:\/\/www.colossalstore.es\/tienda\/manga\/blue-lock-7-yusuke-nomura\/","name":"Blue Lock 7 - Yusuke Nomura | Colossal Store","isPartOf":{"@id":"https:\/\/www.colossalstore.es\/#website"},"primaryImageOfPage":{"@id":"https:\/\/www.colossalstore.es\/tienda\/manga\/blue-lock-7-yusuke-nomura\/#primaryimage"},"image":{"@id":"https:\/\/www.colossalstore.es\/tienda\/manga\/blue-lock-7-yusuke-nomura\/#primaryimage"},"thumbnailUrl":"https:\/\/www.colossalstore.es\/wp-content\/uploads\/2023\/06\/df4049da92c7434ab0df5f9780169866.jpg","datePublished":"2023-06-17T08:10:11+00:00","dateModified":"2025-06-20T09:15:47+00:00","description":"Blue Lock 7 - Yusuke Nomura: Durante la ?Batalla de rivalidades? de la segunda selecci\u00f3n, en la que el equipo ganador pod\u00eda robarle un miembro al perdedor, Isagi y Nagi, quienes perdieron contra el delantero de \u00e9lite Rin Itoshi y tuvieron que entregarle a Bachira, juraron reponerse y mejorar en el siguiente partido.","breadcrumb":{"@id":"https:\/\/www.colossalstore.es\/tienda\/manga\/blue-lock-7-yusuke-nomura\/#breadcrumb"},"inLanguage":"en-US","potentialAction":[{"@type":"ReadAction","target":["https:\/\/www.colossalstore.es\/tienda\/manga\/blue-lock-7-yusuke-nomura\/"]}]},{"@type":"ImageObject","inLanguage":"en-US","@id":"https:\/\/www.colossalstore.es\/tienda\/manga\/blue-lock-7-yusuke-nomura\/#primaryimage","url":"https:\/\/www.colossalstore.es\/wp-content\/uploads\/2023\/06\/df4049da92c7434ab0df5f9780169866.jpg","contentUrl":"https:\/\/www.colossalstore.es\/wp-content\/uploads\/2023\/06\/df4049da92c7434ab0df5f9780169866.jpg","width":634,"height":1000},{"@type":"BreadcrumbList","@id":"https:\/\/www.colossalstore.es\/tienda\/manga\/blue-lock-7-yusuke-nomura\/#breadcrumb","itemListElement":[{"@type":"ListItem","position":1,"name":"Home","item":"https:\/\/www.colossalstore.es\/"},{"@type":"ListItem","position":2,"name":"Tienda","item":"https:\/\/www.colossalstore.es\/tienda\/"},{"@type":"ListItem","position":3,"name":"Blue Lock 7 &#8211; Yusuke Nomura"}]},{"@type":"WebSite","@id":"https:\/\/www.colossalstore.es\/#website","url":"https:\/\/www.colossalstore.es\/","name":"Colossal Store","description":"Colossal Store, store specialized in TCGs.","publisher":{"@id":"https:\/\/www.colossalstore.es\/#organization"},"alternateName":"Colossal Store","potentialAction":[{"@type":"SearchAction","target":{"@type":"EntryPoint","urlTemplate":"https:\/\/www.colossalstore.es\/?s={search_term_string}"},"query-input":{"@type":"PropertyValueSpecification","valueRequired":true,"valueName":"search_term_string"}}],"inLanguage":"en-US"},{"@type":"Organization","@id":"https:\/\/www.colossalstore.es\/#organization","name":"Colossal Store","url":"https:\/\/www.colossalstore.es\/","logo":{"@type":"ImageObject","inLanguage":"en-US","@id":"https:\/\/www.colossalstore.es\/#\/schema\/logo\/image\/","url":"https:\/\/www.colossalstore.es\/wp-content\/uploads\/2023\/05\/Colossal_Logo-02.png","contentUrl":"https:\/\/www.colossalstore.es\/wp-content\/uploads\/2023\/05\/Colossal_Logo-02.png","width":1181,"height":1181,"caption":"Colossal Store"},"image":{"@id":"https:\/\/www.colossalstore.es\/#\/schema\/logo\/image\/"},"sameAs":["https:\/\/x.com\/Colossal_Store","https:\/\/www.instagram.com\/colossal_store_tcg\/","https:\/\/www.tiktok.com\/@colossalstore"]}]}},"_links":{"self":[{"href":"https:\/\/www.colossalstore.es\/en\/wp-json\/wp\/v2\/product\/5278","targetHints":{"allow":["GET"]}}],"collection":[{"href":"https:\/\/www.colossalstore.es\/en\/wp-json\/wp\/v2\/product"}],"about":[{"href":"https:\/\/www.colossalstore.es\/en\/wp-json\/wp\/v2\/types\/product"}],"replies":[{"embeddable":true,"href":"https:\/\/www.colossalstore.es\/en\/wp-json\/wp\/v2\/comments?post=5278"}],"wp:featuredmedia":[{"embeddable":true,"href":"https:\/\/www.colossalstore.es\/en\/wp-json\/wp\/v2\/media\/5279"}],"wp:attachment":[{"href":"https:\/\/www.colossalstore.es\/en\/wp-json\/wp\/v2\/media?parent=5278"}],"wp:term":[{"taxonomy":"product_brand","embeddable":true,"href":"https:\/\/www.colossalstore.es\/en\/wp-json\/wp\/v2\/product_brand?post=5278"},{"taxonomy":"product_cat","embeddable":true,"href":"https:\/\/www.colossalstore.es\/en\/wp-json\/wp\/v2\/product_cat?post=5278"},{"taxonomy":"product_tag","embeddable":true,"href":"https:\/\/www.colossalstore.es\/en\/wp-json\/wp\/v2\/product_tag?post=5278"}],"curies":[{"name":"wp","href":"https:\/\/api.w.org\/{rel}","templated":true}]}}